{"id":53414,"date":"2022-10-02T19:39:07","date_gmt":"2023-02-14T16:45:12","guid":{"rendered":"https:\/\/old.holyland-olivewood.com\/product\/statue-non-finite-testa-di-gesu-u101\/"},"modified":"2023-02-14T16:45:12","modified_gmt":"2023-02-14T16:45:12","slug":"statue-incompiute-gesu-testa-u101","status":"publish","type":"product","link":"https:\/\/old.holyland-olivewood.com\/it\/prodotto\/statue-incompiute-gesu-testa-u101\/","title":{"rendered":"Statue non finite Testa di Ges\u00f9 #U101"},"content":{"rendered":"","protected":false},"excerpt":{"rendered":"<p>Questo busto di Ges\u00f9 in legno d&#8217;ulivo di Betlemme \u00e8 completo al 70%.<\/p>\n<p>Si possono intagliare a mano le caratteristiche finali, levigare, verniciare e creare il proprio supporto\/supporto personalizzato. Finendo questa statua da soli, sarete sicuri di creare un oggetto su misura, che sar\u00e0 un ottimo oggetto di conversazione o un regalo per una persona cara.<\/p>\n<p>Questo articolo include un certificato di autenticit\u00e0 che verifica i materiali e le tecniche utilizzate per realizzare questo prodotto.<\/p>\n<p>Dimensioni: 7 cm x 7 cm x 12,5 cm (2,75&#8243; x 2,75&#8243; x 2,75&#8243;)<\/p>\n<p>L&#8217;articolo preparato pu\u00f2 essere visualizzato al seguente link:<\/p>\n<p>https:\/\/old.holyland-olivewood.com\/product\/olive-wood-jesus-christ-bust\/<\/p>\n<p>&nbsp;<\/p>\n","protected":false},"featured_media":53415,"template":"","meta":[],"product_brand":[],"product_cat":[4097,1965],"product_tag":[],"class_list":{"0":"post-53414","1":"product","2":"type-product","3":"status-publish","4":"has-post-thumbnail","6":"product_cat-statue-incompiute","7":"product_cat-legno-di-ulivo","9":"first","10":"instock","11":"shipping-taxable","12":"purchasable","13":"product-type-simple"},"yoast_head":"<!-- This site is optimized with the Yoast SEO plugin v24.8.1 - https:\/\/yoast.com\/wordpress\/plugins\/seo\/ -->\n<title>Statue non finite Testa di Ges\u00f9 #U101 - Holy Land Olive Wood - Bethlehem Olive Wood Factory<\/title>\n<meta name=\"robots\" content=\"index, follow, max-snippet:-1, max-image-preview:large, max-video-preview:-1\" \/>\n<link rel=\"canonical\" href=\"https:\/\/old.holyland-olivewood.com\/it\/prodotto\/statue-incompiute-gesu-testa-u101\/\" \/>\n<meta property=\"og:locale\" content=\"it_IT\" \/>\n<meta property=\"og:type\" content=\"article\" \/>\n<meta property=\"og:title\" content=\"Statue non finite Testa di Ges\u00f9 #U101 - Holy Land Olive Wood - Bethlehem Olive Wood Factory\" \/>\n<meta property=\"og:description\" content=\"Questo busto di Ges\u00f9 in legno d&#039;ulivo di Betlemme \u00e8 completo al 70%. Si possono intagliare a mano le caratteristiche finali, levigare, verniciare e creare il proprio supporto\/supporto personalizzato. Finendo questa statua da soli, sarete sicuri di creare un oggetto su misura, che sar\u00e0 un ottimo oggetto di conversazione o un regalo per una persona cara. Questo articolo include un certificato di autenticit\u00e0 che verifica i materiali e le tecniche utilizzate per realizzare questo prodotto. Dimensioni: 7 cm x 7 cm x 12,5 cm (2,75&quot; x 2,75&quot; x 2,75&quot;) L&#039;articolo preparato pu\u00f2 essere visualizzato al seguente link: https:\/\/old.holyland-olivewood.com\/product\/olive-wood-jesus-christ-bust\/ &nbsp;\" \/>\n<meta property=\"og:url\" content=\"https:\/\/old.holyland-olivewood.com\/it\/prodotto\/statue-incompiute-gesu-testa-u101\/\" \/>\n<meta property=\"og:site_name\" content=\"Holy Land Olive Wood - Bethlehem Olive Wood Factory\" \/>\n<meta property=\"article:publisher\" content=\"https:\/\/www.facebook.com\/holylandolivewood.bethlehem\/\" \/>\n<meta property=\"og:image\" content=\"https:\/\/old.holyland-olivewood.com\/wp-content\/uploads\/2022\/10\/unfinished_statues_wooden_diy_wood_u101.jpg\" \/>\n\t<meta property=\"og:image:width\" content=\"1550\" \/>\n\t<meta property=\"og:image:height\" content=\"1200\" \/>\n\t<meta property=\"og:image:type\" content=\"image\/jpeg\" \/>\n<meta name=\"twitter:card\" content=\"summary_large_image\" \/>\n<script type=\"application\/ld+json\" class=\"yoast-schema-graph\">{\"@context\":\"https:\/\/schema.org\",\"@graph\":[{\"@type\":\"WebPage\",\"@id\":\"https:\/\/old.holyland-olivewood.com\/it\/prodotto\/statue-incompiute-gesu-testa-u101\/\",\"url\":\"https:\/\/old.holyland-olivewood.com\/it\/prodotto\/statue-incompiute-gesu-testa-u101\/\",\"name\":\"Statue non finite Testa di Ges\u00f9 #U101 - Holy Land Olive Wood - Bethlehem Olive Wood Factory\",\"isPartOf\":{\"@id\":\"https:\/\/old.holyland-olivewood.com\/it\/#website\"},\"primaryImageOfPage\":{\"@id\":\"https:\/\/old.holyland-olivewood.com\/it\/prodotto\/statue-incompiute-gesu-testa-u101\/#primaryimage\"},\"image\":{\"@id\":\"https:\/\/old.holyland-olivewood.com\/it\/prodotto\/statue-incompiute-gesu-testa-u101\/#primaryimage\"},\"thumbnailUrl\":\"https:\/\/old.holyland-olivewood.com\/wp-content\/uploads\/2022\/10\/unfinished_statues_wooden_diy_wood_u101.jpg\",\"datePublished\":\"2023-02-14T16:45:12+00:00\",\"breadcrumb\":{\"@id\":\"https:\/\/old.holyland-olivewood.com\/it\/prodotto\/statue-incompiute-gesu-testa-u101\/#breadcrumb\"},\"inLanguage\":\"it-IT\",\"potentialAction\":[{\"@type\":\"ReadAction\",\"target\":[\"https:\/\/old.holyland-olivewood.com\/it\/prodotto\/statue-incompiute-gesu-testa-u101\/\"]}]},{\"@type\":\"ImageObject\",\"inLanguage\":\"it-IT\",\"@id\":\"https:\/\/old.holyland-olivewood.com\/it\/prodotto\/statue-incompiute-gesu-testa-u101\/#primaryimage\",\"url\":\"https:\/\/old.holyland-olivewood.com\/wp-content\/uploads\/2022\/10\/unfinished_statues_wooden_diy_wood_u101.jpg\",\"contentUrl\":\"https:\/\/old.holyland-olivewood.com\/wp-content\/uploads\/2022\/10\/unfinished_statues_wooden_diy_wood_u101.jpg\",\"width\":1550,\"height\":1200},{\"@type\":\"BreadcrumbList\",\"@id\":\"https:\/\/old.holyland-olivewood.com\/it\/prodotto\/statue-incompiute-gesu-testa-u101\/#breadcrumb\",\"itemListElement\":[{\"@type\":\"ListItem\",\"position\":1,\"name\":\"Home\",\"item\":\"https:\/\/old.holyland-olivewood.com\/it\/\"},{\"@type\":\"ListItem\",\"position\":2,\"name\":\"Negozio\",\"item\":\"https:\/\/old.holyland-olivewood.com\/it\/negozio\/\"},{\"@type\":\"ListItem\",\"position\":3,\"name\":\"Statue non finite Testa di Ges\u00f9 #U101\"}]},{\"@type\":\"WebSite\",\"@id\":\"https:\/\/old.holyland-olivewood.com\/it\/#website\",\"url\":\"https:\/\/old.holyland-olivewood.com\/it\/\",\"name\":\"Holy Land Olive Wood - Bethlehem Olive Wood Factory\",\"description\":\"Holy Land Olivewood Bethlehem\",\"publisher\":{\"@id\":\"https:\/\/old.holyland-olivewood.com\/it\/#organization\"},\"potentialAction\":[{\"@type\":\"SearchAction\",\"target\":{\"@type\":\"EntryPoint\",\"urlTemplate\":\"https:\/\/old.holyland-olivewood.com\/it\/?s={search_term_string}\"},\"query-input\":{\"@type\":\"PropertyValueSpecification\",\"valueRequired\":true,\"valueName\":\"search_term_string\"}}],\"inLanguage\":\"it-IT\"},{\"@type\":\"Organization\",\"@id\":\"https:\/\/old.holyland-olivewood.com\/it\/#organization\",\"name\":\"Holy Land Olivewood\",\"url\":\"https:\/\/old.holyland-olivewood.com\/it\/\",\"logo\":{\"@type\":\"ImageObject\",\"inLanguage\":\"it-IT\",\"@id\":\"https:\/\/old.holyland-olivewood.com\/it\/#\/schema\/logo\/image\/\",\"url\":\"\",\"contentUrl\":\"\",\"caption\":\"Holy Land Olivewood\"},\"image\":{\"@id\":\"https:\/\/old.holyland-olivewood.com\/it\/#\/schema\/logo\/image\/\"},\"sameAs\":[\"https:\/\/www.facebook.com\/holylandolivewood.bethlehem\/\",\"http:\/\/instagram.com\/holy.land.olive.wood\"]}]}<\/script>\n<!-- \/ Yoast SEO plugin. -->","yoast_head_json":{"title":"Statue non finite Testa di Ges\u00f9 #U101 - Holy Land Olive Wood - Bethlehem Olive Wood Factory","robots":{"index":"index","follow":"follow","max-snippet":"max-snippet:-1","max-image-preview":"max-image-preview:large","max-video-preview":"max-video-preview:-1"},"canonical":"https:\/\/old.holyland-olivewood.com\/it\/prodotto\/statue-incompiute-gesu-testa-u101\/","og_locale":"it_IT","og_type":"article","og_title":"Statue non finite Testa di Ges\u00f9 #U101 - Holy Land Olive Wood - Bethlehem Olive Wood Factory","og_description":"Questo busto di Ges\u00f9 in legno d'ulivo di Betlemme \u00e8 completo al 70%. Si possono intagliare a mano le caratteristiche finali, levigare, verniciare e creare il proprio supporto\/supporto personalizzato. Finendo questa statua da soli, sarete sicuri di creare un oggetto su misura, che sar\u00e0 un ottimo oggetto di conversazione o un regalo per una persona cara. Questo articolo include un certificato di autenticit\u00e0 che verifica i materiali e le tecniche utilizzate per realizzare questo prodotto. Dimensioni: 7 cm x 7 cm x 12,5 cm (2,75\" x 2,75\" x 2,75\") L'articolo preparato pu\u00f2 essere visualizzato al seguente link: https:\/\/old.holyland-olivewood.com\/product\/olive-wood-jesus-christ-bust\/ &nbsp;","og_url":"https:\/\/old.holyland-olivewood.com\/it\/prodotto\/statue-incompiute-gesu-testa-u101\/","og_site_name":"Holy Land Olive Wood - Bethlehem Olive Wood Factory","article_publisher":"https:\/\/www.facebook.com\/holylandolivewood.bethlehem\/","og_image":[{"width":1550,"height":1200,"url":"https:\/\/old.holyland-olivewood.com\/wp-content\/uploads\/2022\/10\/unfinished_statues_wooden_diy_wood_u101.jpg","type":"image\/jpeg"}],"twitter_card":"summary_large_image","schema":{"@context":"https:\/\/schema.org","@graph":[{"@type":"WebPage","@id":"https:\/\/old.holyland-olivewood.com\/it\/prodotto\/statue-incompiute-gesu-testa-u101\/","url":"https:\/\/old.holyland-olivewood.com\/it\/prodotto\/statue-incompiute-gesu-testa-u101\/","name":"Statue non finite Testa di Ges\u00f9 #U101 - Holy Land Olive Wood - Bethlehem Olive Wood Factory","isPartOf":{"@id":"https:\/\/old.holyland-olivewood.com\/it\/#website"},"primaryImageOfPage":{"@id":"https:\/\/old.holyland-olivewood.com\/it\/prodotto\/statue-incompiute-gesu-testa-u101\/#primaryimage"},"image":{"@id":"https:\/\/old.holyland-olivewood.com\/it\/prodotto\/statue-incompiute-gesu-testa-u101\/#primaryimage"},"thumbnailUrl":"https:\/\/old.holyland-olivewood.com\/wp-content\/uploads\/2022\/10\/unfinished_statues_wooden_diy_wood_u101.jpg","datePublished":"2023-02-14T16:45:12+00:00","breadcrumb":{"@id":"https:\/\/old.holyland-olivewood.com\/it\/prodotto\/statue-incompiute-gesu-testa-u101\/#breadcrumb"},"inLanguage":"it-IT","potentialAction":[{"@type":"ReadAction","target":["https:\/\/old.holyland-olivewood.com\/it\/prodotto\/statue-incompiute-gesu-testa-u101\/"]}]},{"@type":"ImageObject","inLanguage":"it-IT","@id":"https:\/\/old.holyland-olivewood.com\/it\/prodotto\/statue-incompiute-gesu-testa-u101\/#primaryimage","url":"https:\/\/old.holyland-olivewood.com\/wp-content\/uploads\/2022\/10\/unfinished_statues_wooden_diy_wood_u101.jpg","contentUrl":"https:\/\/old.holyland-olivewood.com\/wp-content\/uploads\/2022\/10\/unfinished_statues_wooden_diy_wood_u101.jpg","width":1550,"height":1200},{"@type":"BreadcrumbList","@id":"https:\/\/old.holyland-olivewood.com\/it\/prodotto\/statue-incompiute-gesu-testa-u101\/#breadcrumb","itemListElement":[{"@type":"ListItem","position":1,"name":"Home","item":"https:\/\/old.holyland-olivewood.com\/it\/"},{"@type":"ListItem","position":2,"name":"Negozio","item":"https:\/\/old.holyland-olivewood.com\/it\/negozio\/"},{"@type":"ListItem","position":3,"name":"Statue non finite Testa di Ges\u00f9 #U101"}]},{"@type":"WebSite","@id":"https:\/\/old.holyland-olivewood.com\/it\/#website","url":"https:\/\/old.holyland-olivewood.com\/it\/","name":"Holy Land Olive Wood - Bethlehem Olive Wood Factory","description":"Holy Land Olivewood Bethlehem","publisher":{"@id":"https:\/\/old.holyland-olivewood.com\/it\/#organization"},"potentialAction":[{"@type":"SearchAction","target":{"@type":"EntryPoint","urlTemplate":"https:\/\/old.holyland-olivewood.com\/it\/?s={search_term_string}"},"query-input":{"@type":"PropertyValueSpecification","valueRequired":true,"valueName":"search_term_string"}}],"inLanguage":"it-IT"},{"@type":"Organization","@id":"https:\/\/old.holyland-olivewood.com\/it\/#organization","name":"Holy Land Olivewood","url":"https:\/\/old.holyland-olivewood.com\/it\/","logo":{"@type":"ImageObject","inLanguage":"it-IT","@id":"https:\/\/old.holyland-olivewood.com\/it\/#\/schema\/logo\/image\/","url":"","contentUrl":"","caption":"Holy Land Olivewood"},"image":{"@id":"https:\/\/old.holyland-olivewood.com\/it\/#\/schema\/logo\/image\/"},"sameAs":["https:\/\/www.facebook.com\/holylandolivewood.bethlehem\/","http:\/\/instagram.com\/holy.land.olive.wood"]}]}},"_links":{"self":[{"href":"https:\/\/old.holyland-olivewood.com\/it\/wp-json\/wp\/v2\/product\/53414","targetHints":{"allow":["GET"]}}],"collection":[{"href":"https:\/\/old.holyland-olivewood.com\/it\/wp-json\/wp\/v2\/product"}],"about":[{"href":"https:\/\/old.holyland-olivewood.com\/it\/wp-json\/wp\/v2\/types\/product"}],"wp:featuredmedia":[{"embeddable":true,"href":"https:\/\/old.holyland-olivewood.com\/it\/wp-json\/wp\/v2\/media\/53415"}],"wp:attachment":[{"href":"https:\/\/old.holyland-olivewood.com\/it\/wp-json\/wp\/v2\/media?parent=53414"}],"wp:term":[{"taxonomy":"product_brand","embeddable":true,"href":"https:\/\/old.holyland-olivewood.com\/it\/wp-json\/wp\/v2\/product_brand?post=53414"},{"taxonomy":"product_cat","embeddable":true,"href":"https:\/\/old.holyland-olivewood.com\/it\/wp-json\/wp\/v2\/product_cat?post=53414"},{"taxonomy":"product_tag","embeddable":true,"href":"https:\/\/old.holyland-olivewood.com\/it\/wp-json\/wp\/v2\/product_tag?post=53414"}],"curies":[{"name":"wp","href":"https:\/\/api.w.org\/{rel}","templated":true}]}}