{"id":46302,"date":"2016-05-30T20:29:40","date_gmt":"2022-02-11T17:18:23","guid":{"rendered":"https:\/\/old.holyland-olivewood.com\/product\/croce-in-legno-di-ulivo-con-scrittura-gesu-25-cm-975-cr125\/"},"modified":"2022-02-11T17:18:23","modified_gmt":"2022-02-11T17:18:23","slug":"ulivo-legno-croce-w-jesus-script-25-cm-9-75","status":"publish","type":"product","link":"https:\/\/old.holyland-olivewood.com\/it\/prodotto\/ulivo-legno-croce-w-jesus-script-25-cm-9-75\/","title":{"rendered":"Croce in legno di ulivo con scrittura &#8220;Ges\u00f9&#8221; (25 cm \/ 9,75) #CR125"},"content":{"rendered":"","protected":false},"excerpt":{"rendered":"<p>Questa croce moderna \u00e8 artisticamente tagliata per scrivere &#8220;Ges\u00f9&#8221;. \u00c8 fatto a mano in Terra Santa da un autentico legno di ulivo di Betlemme raccolto in modo sostenibile. Contiene una capsula di vetro incorporata sul braccio inferiore con finiture in ottone che contiene terreno di Betlemme.<\/p>\n<p>Questo articolo include un certificato di autenticit\u00e0 che verifica i materiali e le tecniche utilizzate per realizzare questo prodotto.<\/p>\n<p>Dimensioni: 25 cm (8,75&#8243;)<\/p>\n","protected":false},"featured_media":27987,"template":"","meta":[],"product_brand":[],"product_cat":[1039,1035],"product_tag":[1160,1142,1040,1124,1164,1099,1133,1083,1086,1104,1075,1079,1149,1159,1128,1116,1110,1120,1051,1045,1106,1095,1139,1054,1063,1152,1146,1093,1043,1166,1058,1067],"class_list":{"0":"post-46302","1":"product","2":"type-product","3":"status-publish","4":"has-post-thumbnail","6":"product_cat-kunsthaandvaerk-it-2","7":"product_cat-kors-og-krucifikser-it","8":"product_tag-14-it","9":"product_tag-af-it","10":"product_tag-betlemme","11":"product_tag-boen-it","12":"product_tag-cartolaio","13":"product_tag-dato","14":"product_tag-foedselskirken-it-2","15":"product_tag-gerusalemme","16":"product_tag-haandlavet-it","17":"product_tag-haandvaerk-it","18":"product_tag-hellig-it","19":"product_tag-jord-it","20":"product_tag-katolsk-it","21":"product_tag-keltisk-it-2","22":"product_tag-kirke-it","23":"product_tag-kors-it","24":"product_tag-kristen-it","25":"product_tag-krucifiks-it","26":"product_tag-krucifikser-it","27":"product_tag-krydser-","28":"product_tag-kunsthaandvaerk-it","29":"product_tag-lug","30":"product_tag-mor-it-2","31":"product_tag-oliveno","32":"product_tag-oliventrae-it","33":"product_tag-ortodoks-it","34":"product_tag-perle-it","35":"product_tag-rosenkrans-it","36":"product_tag-rosenkranse-it","37":"product_tag-tana","38":"product_tag-trae-it","39":"product_tag-udskaering-it","41":"first","42":"instock","43":"shipping-taxable","44":"purchasable","45":"product-type-simple"},"yoast_head":"<!-- This site is optimized with the Yoast SEO plugin v24.8.1 - https:\/\/yoast.com\/wordpress\/plugins\/seo\/ -->\n<title>Croce in legno di ulivo con scrittura &quot;Ges\u00f9&quot; (25 cm \/ 9,75) #CR125 - Holy Land Olive Wood - Bethlehem Olive Wood Factory<\/title>\n<meta name=\"description\" content=\"Betlemme artigianato in legno d&#039;ulivo (cio\u00e8 rosari, Gerusalemme, croci, crocifissi, perline) pen-blank, blocchi e stock grezzo in dimensioni standard e personalizzate.\" \/>\n<meta name=\"robots\" content=\"index, follow, max-snippet:-1, max-image-preview:large, max-video-preview:-1\" \/>\n<link rel=\"canonical\" href=\"https:\/\/old.holyland-olivewood.com\/it\/prodotto\/ulivo-legno-croce-w-jesus-script-25-cm-9-75\/\" \/>\n<meta property=\"og:locale\" content=\"it_IT\" \/>\n<meta property=\"og:type\" content=\"article\" \/>\n<meta property=\"og:title\" content=\"Croce in legno di ulivo con scrittura &quot;Ges\u00f9&quot; (25 cm \/ 9,75) #CR125 - Holy Land Olive Wood - Bethlehem Olive Wood Factory\" \/>\n<meta property=\"og:description\" content=\"Betlemme artigianato in legno d&#039;ulivo (cio\u00e8 rosari, Gerusalemme, croci, crocifissi, perline) pen-blank, blocchi e stock grezzo in dimensioni standard e personalizzate.\" \/>\n<meta property=\"og:url\" content=\"https:\/\/old.holyland-olivewood.com\/it\/prodotto\/ulivo-legno-croce-w-jesus-script-25-cm-9-75\/\" \/>\n<meta property=\"og:site_name\" content=\"Holy Land Olive Wood - Bethlehem Olive Wood Factory\" \/>\n<meta property=\"article:publisher\" content=\"https:\/\/www.facebook.com\/holylandolivewood.bethlehem\/\" \/>\n<meta property=\"og:image\" content=\"https:\/\/old.holyland-olivewood.com\/wp-content\/uploads\/2016\/05\/jesus_cross_holy_land_olive_wood_bethlehem_cr124tcr127.jpg\" \/>\n\t<meta property=\"og:image:width\" content=\"1550\" \/>\n\t<meta property=\"og:image:height\" content=\"1200\" \/>\n\t<meta property=\"og:image:type\" content=\"image\/jpeg\" \/>\n<meta name=\"twitter:card\" content=\"summary_large_image\" \/>\n<script type=\"application\/ld+json\" class=\"yoast-schema-graph\">{\"@context\":\"https:\/\/schema.org\",\"@graph\":[{\"@type\":\"WebPage\",\"@id\":\"https:\/\/old.holyland-olivewood.com\/it\/prodotto\/ulivo-legno-croce-w-jesus-script-25-cm-9-75\/\",\"url\":\"https:\/\/old.holyland-olivewood.com\/it\/prodotto\/ulivo-legno-croce-w-jesus-script-25-cm-9-75\/\",\"name\":\"Croce in legno di ulivo con scrittura \\\"Ges\u00f9\\\" (25 cm \/ 9,75) #CR125 - Holy Land Olive Wood - Bethlehem Olive Wood Factory\",\"isPartOf\":{\"@id\":\"https:\/\/old.holyland-olivewood.com\/it\/#website\"},\"primaryImageOfPage\":{\"@id\":\"https:\/\/old.holyland-olivewood.com\/it\/prodotto\/ulivo-legno-croce-w-jesus-script-25-cm-9-75\/#primaryimage\"},\"image\":{\"@id\":\"https:\/\/old.holyland-olivewood.com\/it\/prodotto\/ulivo-legno-croce-w-jesus-script-25-cm-9-75\/#primaryimage\"},\"thumbnailUrl\":\"https:\/\/old.holyland-olivewood.com\/wp-content\/uploads\/2016\/05\/jesus_cross_holy_land_olive_wood_bethlehem_cr124tcr127.jpg\",\"datePublished\":\"2022-02-11T17:18:23+00:00\",\"description\":\"Betlemme artigianato in legno d'ulivo (cio\u00e8 rosari, Gerusalemme, croci, crocifissi, perline) pen-blank, blocchi e stock grezzo in dimensioni standard e personalizzate.\",\"breadcrumb\":{\"@id\":\"https:\/\/old.holyland-olivewood.com\/it\/prodotto\/ulivo-legno-croce-w-jesus-script-25-cm-9-75\/#breadcrumb\"},\"inLanguage\":\"it-IT\",\"potentialAction\":[{\"@type\":\"ReadAction\",\"target\":[\"https:\/\/old.holyland-olivewood.com\/it\/prodotto\/ulivo-legno-croce-w-jesus-script-25-cm-9-75\/\"]}]},{\"@type\":\"ImageObject\",\"inLanguage\":\"it-IT\",\"@id\":\"https:\/\/old.holyland-olivewood.com\/it\/prodotto\/ulivo-legno-croce-w-jesus-script-25-cm-9-75\/#primaryimage\",\"url\":\"https:\/\/old.holyland-olivewood.com\/wp-content\/uploads\/2016\/05\/jesus_cross_holy_land_olive_wood_bethlehem_cr124tcr127.jpg\",\"contentUrl\":\"https:\/\/old.holyland-olivewood.com\/wp-content\/uploads\/2016\/05\/jesus_cross_holy_land_olive_wood_bethlehem_cr124tcr127.jpg\",\"width\":1550,\"height\":1200},{\"@type\":\"BreadcrumbList\",\"@id\":\"https:\/\/old.holyland-olivewood.com\/it\/prodotto\/ulivo-legno-croce-w-jesus-script-25-cm-9-75\/#breadcrumb\",\"itemListElement\":[{\"@type\":\"ListItem\",\"position\":1,\"name\":\"Home\",\"item\":\"https:\/\/old.holyland-olivewood.com\/it\/\"},{\"@type\":\"ListItem\",\"position\":2,\"name\":\"Negozio\",\"item\":\"https:\/\/old.holyland-olivewood.com\/it\/negozio\/\"},{\"@type\":\"ListItem\",\"position\":3,\"name\":\"Croce in legno di ulivo con scrittura &#8220;Ges\u00f9&#8221; (25 cm \/ 9,75) #CR125\"}]},{\"@type\":\"WebSite\",\"@id\":\"https:\/\/old.holyland-olivewood.com\/it\/#website\",\"url\":\"https:\/\/old.holyland-olivewood.com\/it\/\",\"name\":\"Holy Land Olive Wood - Bethlehem Olive Wood Factory\",\"description\":\"Holy Land Olivewood Bethlehem\",\"publisher\":{\"@id\":\"https:\/\/old.holyland-olivewood.com\/it\/#organization\"},\"potentialAction\":[{\"@type\":\"SearchAction\",\"target\":{\"@type\":\"EntryPoint\",\"urlTemplate\":\"https:\/\/old.holyland-olivewood.com\/it\/?s={search_term_string}\"},\"query-input\":{\"@type\":\"PropertyValueSpecification\",\"valueRequired\":true,\"valueName\":\"search_term_string\"}}],\"inLanguage\":\"it-IT\"},{\"@type\":\"Organization\",\"@id\":\"https:\/\/old.holyland-olivewood.com\/it\/#organization\",\"name\":\"Holy Land Olivewood\",\"url\":\"https:\/\/old.holyland-olivewood.com\/it\/\",\"logo\":{\"@type\":\"ImageObject\",\"inLanguage\":\"it-IT\",\"@id\":\"https:\/\/old.holyland-olivewood.com\/it\/#\/schema\/logo\/image\/\",\"url\":\"\",\"contentUrl\":\"\",\"caption\":\"Holy Land Olivewood\"},\"image\":{\"@id\":\"https:\/\/old.holyland-olivewood.com\/it\/#\/schema\/logo\/image\/\"},\"sameAs\":[\"https:\/\/www.facebook.com\/holylandolivewood.bethlehem\/\",\"http:\/\/instagram.com\/holy.land.olive.wood\"]}]}<\/script>\n<!-- \/ Yoast SEO plugin. -->","yoast_head_json":{"title":"Croce in legno di ulivo con scrittura \"Ges\u00f9\" (25 cm \/ 9,75) #CR125 - Holy Land Olive Wood - Bethlehem Olive Wood Factory","description":"Betlemme artigianato in legno d'ulivo (cio\u00e8 rosari, Gerusalemme, croci, crocifissi, perline) pen-blank, blocchi e stock grezzo in dimensioni standard e personalizzate.","robots":{"index":"index","follow":"follow","max-snippet":"max-snippet:-1","max-image-preview":"max-image-preview:large","max-video-preview":"max-video-preview:-1"},"canonical":"https:\/\/old.holyland-olivewood.com\/it\/prodotto\/ulivo-legno-croce-w-jesus-script-25-cm-9-75\/","og_locale":"it_IT","og_type":"article","og_title":"Croce in legno di ulivo con scrittura \"Ges\u00f9\" (25 cm \/ 9,75) #CR125 - Holy Land Olive Wood - Bethlehem Olive Wood Factory","og_description":"Betlemme artigianato in legno d'ulivo (cio\u00e8 rosari, Gerusalemme, croci, crocifissi, perline) pen-blank, blocchi e stock grezzo in dimensioni standard e personalizzate.","og_url":"https:\/\/old.holyland-olivewood.com\/it\/prodotto\/ulivo-legno-croce-w-jesus-script-25-cm-9-75\/","og_site_name":"Holy Land Olive Wood - Bethlehem Olive Wood Factory","article_publisher":"https:\/\/www.facebook.com\/holylandolivewood.bethlehem\/","og_image":[{"width":1550,"height":1200,"url":"https:\/\/old.holyland-olivewood.com\/wp-content\/uploads\/2016\/05\/jesus_cross_holy_land_olive_wood_bethlehem_cr124tcr127.jpg","type":"image\/jpeg"}],"twitter_card":"summary_large_image","schema":{"@context":"https:\/\/schema.org","@graph":[{"@type":"WebPage","@id":"https:\/\/old.holyland-olivewood.com\/it\/prodotto\/ulivo-legno-croce-w-jesus-script-25-cm-9-75\/","url":"https:\/\/old.holyland-olivewood.com\/it\/prodotto\/ulivo-legno-croce-w-jesus-script-25-cm-9-75\/","name":"Croce in legno di ulivo con scrittura \"Ges\u00f9\" (25 cm \/ 9,75) #CR125 - Holy Land Olive Wood - Bethlehem Olive Wood Factory","isPartOf":{"@id":"https:\/\/old.holyland-olivewood.com\/it\/#website"},"primaryImageOfPage":{"@id":"https:\/\/old.holyland-olivewood.com\/it\/prodotto\/ulivo-legno-croce-w-jesus-script-25-cm-9-75\/#primaryimage"},"image":{"@id":"https:\/\/old.holyland-olivewood.com\/it\/prodotto\/ulivo-legno-croce-w-jesus-script-25-cm-9-75\/#primaryimage"},"thumbnailUrl":"https:\/\/old.holyland-olivewood.com\/wp-content\/uploads\/2016\/05\/jesus_cross_holy_land_olive_wood_bethlehem_cr124tcr127.jpg","datePublished":"2022-02-11T17:18:23+00:00","description":"Betlemme artigianato in legno d'ulivo (cio\u00e8 rosari, Gerusalemme, croci, crocifissi, perline) pen-blank, blocchi e stock grezzo in dimensioni standard e personalizzate.","breadcrumb":{"@id":"https:\/\/old.holyland-olivewood.com\/it\/prodotto\/ulivo-legno-croce-w-jesus-script-25-cm-9-75\/#breadcrumb"},"inLanguage":"it-IT","potentialAction":[{"@type":"ReadAction","target":["https:\/\/old.holyland-olivewood.com\/it\/prodotto\/ulivo-legno-croce-w-jesus-script-25-cm-9-75\/"]}]},{"@type":"ImageObject","inLanguage":"it-IT","@id":"https:\/\/old.holyland-olivewood.com\/it\/prodotto\/ulivo-legno-croce-w-jesus-script-25-cm-9-75\/#primaryimage","url":"https:\/\/old.holyland-olivewood.com\/wp-content\/uploads\/2016\/05\/jesus_cross_holy_land_olive_wood_bethlehem_cr124tcr127.jpg","contentUrl":"https:\/\/old.holyland-olivewood.com\/wp-content\/uploads\/2016\/05\/jesus_cross_holy_land_olive_wood_bethlehem_cr124tcr127.jpg","width":1550,"height":1200},{"@type":"BreadcrumbList","@id":"https:\/\/old.holyland-olivewood.com\/it\/prodotto\/ulivo-legno-croce-w-jesus-script-25-cm-9-75\/#breadcrumb","itemListElement":[{"@type":"ListItem","position":1,"name":"Home","item":"https:\/\/old.holyland-olivewood.com\/it\/"},{"@type":"ListItem","position":2,"name":"Negozio","item":"https:\/\/old.holyland-olivewood.com\/it\/negozio\/"},{"@type":"ListItem","position":3,"name":"Croce in legno di ulivo con scrittura &#8220;Ges\u00f9&#8221; (25 cm \/ 9,75) #CR125"}]},{"@type":"WebSite","@id":"https:\/\/old.holyland-olivewood.com\/it\/#website","url":"https:\/\/old.holyland-olivewood.com\/it\/","name":"Holy Land Olive Wood - Bethlehem Olive Wood Factory","description":"Holy Land Olivewood Bethlehem","publisher":{"@id":"https:\/\/old.holyland-olivewood.com\/it\/#organization"},"potentialAction":[{"@type":"SearchAction","target":{"@type":"EntryPoint","urlTemplate":"https:\/\/old.holyland-olivewood.com\/it\/?s={search_term_string}"},"query-input":{"@type":"PropertyValueSpecification","valueRequired":true,"valueName":"search_term_string"}}],"inLanguage":"it-IT"},{"@type":"Organization","@id":"https:\/\/old.holyland-olivewood.com\/it\/#organization","name":"Holy Land Olivewood","url":"https:\/\/old.holyland-olivewood.com\/it\/","logo":{"@type":"ImageObject","inLanguage":"it-IT","@id":"https:\/\/old.holyland-olivewood.com\/it\/#\/schema\/logo\/image\/","url":"","contentUrl":"","caption":"Holy Land Olivewood"},"image":{"@id":"https:\/\/old.holyland-olivewood.com\/it\/#\/schema\/logo\/image\/"},"sameAs":["https:\/\/www.facebook.com\/holylandolivewood.bethlehem\/","http:\/\/instagram.com\/holy.land.olive.wood"]}]}},"_links":{"self":[{"href":"https:\/\/old.holyland-olivewood.com\/it\/wp-json\/wp\/v2\/product\/46302","targetHints":{"allow":["GET"]}}],"collection":[{"href":"https:\/\/old.holyland-olivewood.com\/it\/wp-json\/wp\/v2\/product"}],"about":[{"href":"https:\/\/old.holyland-olivewood.com\/it\/wp-json\/wp\/v2\/types\/product"}],"wp:featuredmedia":[{"embeddable":true,"href":"https:\/\/old.holyland-olivewood.com\/it\/wp-json\/wp\/v2\/media\/27987"}],"wp:attachment":[{"href":"https:\/\/old.holyland-olivewood.com\/it\/wp-json\/wp\/v2\/media?parent=46302"}],"wp:term":[{"taxonomy":"product_brand","embeddable":true,"href":"https:\/\/old.holyland-olivewood.com\/it\/wp-json\/wp\/v2\/product_brand?post=46302"},{"taxonomy":"product_cat","embeddable":true,"href":"https:\/\/old.holyland-olivewood.com\/it\/wp-json\/wp\/v2\/product_cat?post=46302"},{"taxonomy":"product_tag","embeddable":true,"href":"https:\/\/old.holyland-olivewood.com\/it\/wp-json\/wp\/v2\/product_tag?post=46302"}],"curies":[{"name":"wp","href":"https:\/\/api.w.org\/{rel}","templated":true}]}}