{"id":45288,"date":"2016-05-30T23:58:47","date_gmt":"2022-02-11T07:46:54","guid":{"rendered":"https:\/\/old.holyland-olivewood.com\/product\/forchetta-a-scalpore-in-legno-di-ki104\/"},"modified":"2022-02-11T07:47:52","modified_gmt":"2022-02-11T07:47:52","slug":"forchetta-a-legna-dulivo","status":"publish","type":"product","link":"https:\/\/old.holyland-olivewood.com\/it\/prodotto\/forchetta-a-legna-dulivo\/","title":{"rendered":"Forchetta a scalpore in legno di #KI104"},"content":{"rendered":"","protected":false},"excerpt":{"rendered":"<p>Questa forchetta vibrante \u00e8 realizzata a mano in legno di ulivo proveniente dalla Terra Santa di Betlemme. Il bellissimo legno biondo presenta le linee pi\u00f9 scure delle venature turbinate per tutta la lunghezza di ogni utensile. Questo pezzo sar\u00e0 un tesoro della terra santa di Betlemme che ti aiuter\u00e0 a servire pasti fatti con amore a tavola. La forchetta \u00e8 intagliata a mano, levigata e rifinita per uso culinario.<\/p>\n<p>Questo articolo include un certificato di autenticit\u00e0 che verifica i materiali e le tecniche utilizzate per realizzare questo prodotto.<\/p>\n<p>Dimensioni: 30 cm (12&#8243;)<\/p>\n","protected":false},"featured_media":28822,"template":"","meta":[],"product_brand":[],"product_cat":[1039,2925],"product_tag":[1040,3637,3633,3645,1099,3665,3649,3653,1083,1086,1104,1075,3661,1079,1106,3211,1095,3629,1196,3213,3623,1054,1063,1194,3657,3641,3626,2926,3620,1058,3617,1067],"class_list":{"0":"post-45288","1":"product","2":"type-product","3":"status-publish","4":"has-post-thumbnail","6":"product_cat-kunsthaandvaerk-it-2","7":"product_cat-stoviglie","8":"product_tag-betlemme","9":"product_tag-cucchiai","10":"product_tag-cucchiaio","11":"product_tag-culto","12":"product_tag-dato","13":"product_tag-emozionante","14":"product_tag-forchetta","15":"product_tag-forchette","16":"product_tag-gerusalemme","17":"product_tag-haandlavet-it","18":"product_tag-haandvaerk-it","19":"product_tag-hellig-it","20":"product_tag-insalata","21":"product_tag-jord-it","22":"product_tag-kunsthaandvaerk-it","23":"product_tag-limone","24":"product_tag-lug","25":"product_tag-mestolo","26":"product_tag-mettere","27":"product_tag-miele","28":"product_tag-mortaio","29":"product_tag-oliveno","30":"product_tag-oliventrae-it","31":"product_tag-regali","32":"product_tag-scanalato","33":"product_tag-spatola","34":"product_tag-spremiagrumi","35":"product_tag-stoviglie","36":"product_tag-tavola","37":"product_tag-trae-it","38":"product_tag-trinciatura","39":"product_tag-udskaering-it","41":"first","42":"instock","43":"shipping-taxable","44":"purchasable","45":"product-type-simple"},"yoast_head":"<!-- This site is optimized with the Yoast SEO plugin v24.8.1 - https:\/\/yoast.com\/wordpress\/plugins\/seo\/ -->\n<title>Forchetta a scalpore in legno di #KI104 - Holy Land Olive Wood - Bethlehem Olive Wood Factory<\/title>\n<meta name=\"description\" content=\"Betlemme artigianato in legno d&#039;ulivo (cio\u00e8 utensili da cucina, cucchiai, tagliere) merla, spatola, forchetta, malta e brodo grezzo in dimensioni standard e personalizzate.\" \/>\n<meta name=\"robots\" content=\"index, follow, max-snippet:-1, max-image-preview:large, max-video-preview:-1\" \/>\n<link rel=\"canonical\" href=\"https:\/\/old.holyland-olivewood.com\/it\/prodotto\/forchetta-a-legna-dulivo\/\" \/>\n<meta property=\"og:locale\" content=\"it_IT\" \/>\n<meta property=\"og:type\" content=\"article\" \/>\n<meta property=\"og:title\" content=\"Forchetta a scalpore in legno di #KI104 - Holy Land Olive Wood - Bethlehem Olive Wood Factory\" \/>\n<meta property=\"og:description\" content=\"Betlemme artigianato in legno d&#039;ulivo (cio\u00e8 utensili da cucina, cucchiai, tagliere) merla, spatola, forchetta, malta e brodo grezzo in dimensioni standard e personalizzate.\" \/>\n<meta property=\"og:url\" content=\"https:\/\/old.holyland-olivewood.com\/it\/prodotto\/forchetta-a-legna-dulivo\/\" \/>\n<meta property=\"og:site_name\" content=\"Holy Land Olive Wood - Bethlehem Olive Wood Factory\" \/>\n<meta property=\"article:publisher\" content=\"https:\/\/www.facebook.com\/holylandolivewood.bethlehem\/\" \/>\n<meta property=\"article:modified_time\" content=\"2022-02-11T07:47:52+00:00\" \/>\n<meta property=\"og:image\" content=\"https:\/\/old.holyland-olivewood.com\/wp-content\/uploads\/2016\/05\/kitchenware_holy_land_olive_wood_bethlehem_ki104.jpg\" \/>\n\t<meta property=\"og:image:width\" content=\"1550\" \/>\n\t<meta property=\"og:image:height\" content=\"1200\" \/>\n\t<meta property=\"og:image:type\" content=\"image\/jpeg\" \/>\n<meta name=\"twitter:card\" content=\"summary_large_image\" \/>\n<script type=\"application\/ld+json\" class=\"yoast-schema-graph\">{\"@context\":\"https:\/\/schema.org\",\"@graph\":[{\"@type\":\"WebPage\",\"@id\":\"https:\/\/old.holyland-olivewood.com\/it\/prodotto\/forchetta-a-legna-dulivo\/\",\"url\":\"https:\/\/old.holyland-olivewood.com\/it\/prodotto\/forchetta-a-legna-dulivo\/\",\"name\":\"Forchetta a scalpore in legno di #KI104 - Holy Land Olive Wood - Bethlehem Olive Wood Factory\",\"isPartOf\":{\"@id\":\"https:\/\/old.holyland-olivewood.com\/it\/#website\"},\"primaryImageOfPage\":{\"@id\":\"https:\/\/old.holyland-olivewood.com\/it\/prodotto\/forchetta-a-legna-dulivo\/#primaryimage\"},\"image\":{\"@id\":\"https:\/\/old.holyland-olivewood.com\/it\/prodotto\/forchetta-a-legna-dulivo\/#primaryimage\"},\"thumbnailUrl\":\"https:\/\/old.holyland-olivewood.com\/wp-content\/uploads\/2016\/05\/kitchenware_holy_land_olive_wood_bethlehem_ki104.jpg\",\"datePublished\":\"2022-02-11T07:46:54+00:00\",\"dateModified\":\"2022-02-11T07:47:52+00:00\",\"description\":\"Betlemme artigianato in legno d'ulivo (cio\u00e8 utensili da cucina, cucchiai, tagliere) merla, spatola, forchetta, malta e brodo grezzo in dimensioni standard e personalizzate.\",\"breadcrumb\":{\"@id\":\"https:\/\/old.holyland-olivewood.com\/it\/prodotto\/forchetta-a-legna-dulivo\/#breadcrumb\"},\"inLanguage\":\"it-IT\",\"potentialAction\":[{\"@type\":\"ReadAction\",\"target\":[\"https:\/\/old.holyland-olivewood.com\/it\/prodotto\/forchetta-a-legna-dulivo\/\"]}]},{\"@type\":\"ImageObject\",\"inLanguage\":\"it-IT\",\"@id\":\"https:\/\/old.holyland-olivewood.com\/it\/prodotto\/forchetta-a-legna-dulivo\/#primaryimage\",\"url\":\"https:\/\/old.holyland-olivewood.com\/wp-content\/uploads\/2016\/05\/kitchenware_holy_land_olive_wood_bethlehem_ki104.jpg\",\"contentUrl\":\"https:\/\/old.holyland-olivewood.com\/wp-content\/uploads\/2016\/05\/kitchenware_holy_land_olive_wood_bethlehem_ki104.jpg\",\"width\":1550,\"height\":1200},{\"@type\":\"BreadcrumbList\",\"@id\":\"https:\/\/old.holyland-olivewood.com\/it\/prodotto\/forchetta-a-legna-dulivo\/#breadcrumb\",\"itemListElement\":[{\"@type\":\"ListItem\",\"position\":1,\"name\":\"Home\",\"item\":\"https:\/\/old.holyland-olivewood.com\/it\/\"},{\"@type\":\"ListItem\",\"position\":2,\"name\":\"Negozio\",\"item\":\"https:\/\/old.holyland-olivewood.com\/it\/negozio\/\"},{\"@type\":\"ListItem\",\"position\":3,\"name\":\"Forchetta a scalpore in legno di #KI104\"}]},{\"@type\":\"WebSite\",\"@id\":\"https:\/\/old.holyland-olivewood.com\/it\/#website\",\"url\":\"https:\/\/old.holyland-olivewood.com\/it\/\",\"name\":\"Holy Land Olive Wood - Bethlehem Olive Wood Factory\",\"description\":\"Holy Land Olivewood Bethlehem\",\"publisher\":{\"@id\":\"https:\/\/old.holyland-olivewood.com\/it\/#organization\"},\"potentialAction\":[{\"@type\":\"SearchAction\",\"target\":{\"@type\":\"EntryPoint\",\"urlTemplate\":\"https:\/\/old.holyland-olivewood.com\/it\/?s={search_term_string}\"},\"query-input\":{\"@type\":\"PropertyValueSpecification\",\"valueRequired\":true,\"valueName\":\"search_term_string\"}}],\"inLanguage\":\"it-IT\"},{\"@type\":\"Organization\",\"@id\":\"https:\/\/old.holyland-olivewood.com\/it\/#organization\",\"name\":\"Holy Land Olivewood\",\"url\":\"https:\/\/old.holyland-olivewood.com\/it\/\",\"logo\":{\"@type\":\"ImageObject\",\"inLanguage\":\"it-IT\",\"@id\":\"https:\/\/old.holyland-olivewood.com\/it\/#\/schema\/logo\/image\/\",\"url\":\"\",\"contentUrl\":\"\",\"caption\":\"Holy Land Olivewood\"},\"image\":{\"@id\":\"https:\/\/old.holyland-olivewood.com\/it\/#\/schema\/logo\/image\/\"},\"sameAs\":[\"https:\/\/www.facebook.com\/holylandolivewood.bethlehem\/\",\"http:\/\/instagram.com\/holy.land.olive.wood\"]}]}<\/script>\n<!-- \/ Yoast SEO plugin. -->","yoast_head_json":{"title":"Forchetta a scalpore in legno di #KI104 - Holy Land Olive Wood - Bethlehem Olive Wood Factory","description":"Betlemme artigianato in legno d'ulivo (cio\u00e8 utensili da cucina, cucchiai, tagliere) merla, spatola, forchetta, malta e brodo grezzo in dimensioni standard e personalizzate.","robots":{"index":"index","follow":"follow","max-snippet":"max-snippet:-1","max-image-preview":"max-image-preview:large","max-video-preview":"max-video-preview:-1"},"canonical":"https:\/\/old.holyland-olivewood.com\/it\/prodotto\/forchetta-a-legna-dulivo\/","og_locale":"it_IT","og_type":"article","og_title":"Forchetta a scalpore in legno di #KI104 - Holy Land Olive Wood - Bethlehem Olive Wood Factory","og_description":"Betlemme artigianato in legno d'ulivo (cio\u00e8 utensili da cucina, cucchiai, tagliere) merla, spatola, forchetta, malta e brodo grezzo in dimensioni standard e personalizzate.","og_url":"https:\/\/old.holyland-olivewood.com\/it\/prodotto\/forchetta-a-legna-dulivo\/","og_site_name":"Holy Land Olive Wood - Bethlehem Olive Wood Factory","article_publisher":"https:\/\/www.facebook.com\/holylandolivewood.bethlehem\/","article_modified_time":"2022-02-11T07:47:52+00:00","og_image":[{"width":1550,"height":1200,"url":"https:\/\/old.holyland-olivewood.com\/wp-content\/uploads\/2016\/05\/kitchenware_holy_land_olive_wood_bethlehem_ki104.jpg","type":"image\/jpeg"}],"twitter_card":"summary_large_image","schema":{"@context":"https:\/\/schema.org","@graph":[{"@type":"WebPage","@id":"https:\/\/old.holyland-olivewood.com\/it\/prodotto\/forchetta-a-legna-dulivo\/","url":"https:\/\/old.holyland-olivewood.com\/it\/prodotto\/forchetta-a-legna-dulivo\/","name":"Forchetta a scalpore in legno di #KI104 - Holy Land Olive Wood - Bethlehem Olive Wood Factory","isPartOf":{"@id":"https:\/\/old.holyland-olivewood.com\/it\/#website"},"primaryImageOfPage":{"@id":"https:\/\/old.holyland-olivewood.com\/it\/prodotto\/forchetta-a-legna-dulivo\/#primaryimage"},"image":{"@id":"https:\/\/old.holyland-olivewood.com\/it\/prodotto\/forchetta-a-legna-dulivo\/#primaryimage"},"thumbnailUrl":"https:\/\/old.holyland-olivewood.com\/wp-content\/uploads\/2016\/05\/kitchenware_holy_land_olive_wood_bethlehem_ki104.jpg","datePublished":"2022-02-11T07:46:54+00:00","dateModified":"2022-02-11T07:47:52+00:00","description":"Betlemme artigianato in legno d'ulivo (cio\u00e8 utensili da cucina, cucchiai, tagliere) merla, spatola, forchetta, malta e brodo grezzo in dimensioni standard e personalizzate.","breadcrumb":{"@id":"https:\/\/old.holyland-olivewood.com\/it\/prodotto\/forchetta-a-legna-dulivo\/#breadcrumb"},"inLanguage":"it-IT","potentialAction":[{"@type":"ReadAction","target":["https:\/\/old.holyland-olivewood.com\/it\/prodotto\/forchetta-a-legna-dulivo\/"]}]},{"@type":"ImageObject","inLanguage":"it-IT","@id":"https:\/\/old.holyland-olivewood.com\/it\/prodotto\/forchetta-a-legna-dulivo\/#primaryimage","url":"https:\/\/old.holyland-olivewood.com\/wp-content\/uploads\/2016\/05\/kitchenware_holy_land_olive_wood_bethlehem_ki104.jpg","contentUrl":"https:\/\/old.holyland-olivewood.com\/wp-content\/uploads\/2016\/05\/kitchenware_holy_land_olive_wood_bethlehem_ki104.jpg","width":1550,"height":1200},{"@type":"BreadcrumbList","@id":"https:\/\/old.holyland-olivewood.com\/it\/prodotto\/forchetta-a-legna-dulivo\/#breadcrumb","itemListElement":[{"@type":"ListItem","position":1,"name":"Home","item":"https:\/\/old.holyland-olivewood.com\/it\/"},{"@type":"ListItem","position":2,"name":"Negozio","item":"https:\/\/old.holyland-olivewood.com\/it\/negozio\/"},{"@type":"ListItem","position":3,"name":"Forchetta a scalpore in legno di #KI104"}]},{"@type":"WebSite","@id":"https:\/\/old.holyland-olivewood.com\/it\/#website","url":"https:\/\/old.holyland-olivewood.com\/it\/","name":"Holy Land Olive Wood - Bethlehem Olive Wood Factory","description":"Holy Land Olivewood Bethlehem","publisher":{"@id":"https:\/\/old.holyland-olivewood.com\/it\/#organization"},"potentialAction":[{"@type":"SearchAction","target":{"@type":"EntryPoint","urlTemplate":"https:\/\/old.holyland-olivewood.com\/it\/?s={search_term_string}"},"query-input":{"@type":"PropertyValueSpecification","valueRequired":true,"valueName":"search_term_string"}}],"inLanguage":"it-IT"},{"@type":"Organization","@id":"https:\/\/old.holyland-olivewood.com\/it\/#organization","name":"Holy Land Olivewood","url":"https:\/\/old.holyland-olivewood.com\/it\/","logo":{"@type":"ImageObject","inLanguage":"it-IT","@id":"https:\/\/old.holyland-olivewood.com\/it\/#\/schema\/logo\/image\/","url":"","contentUrl":"","caption":"Holy Land Olivewood"},"image":{"@id":"https:\/\/old.holyland-olivewood.com\/it\/#\/schema\/logo\/image\/"},"sameAs":["https:\/\/www.facebook.com\/holylandolivewood.bethlehem\/","http:\/\/instagram.com\/holy.land.olive.wood"]}]}},"_links":{"self":[{"href":"https:\/\/old.holyland-olivewood.com\/it\/wp-json\/wp\/v2\/product\/45288","targetHints":{"allow":["GET"]}}],"collection":[{"href":"https:\/\/old.holyland-olivewood.com\/it\/wp-json\/wp\/v2\/product"}],"about":[{"href":"https:\/\/old.holyland-olivewood.com\/it\/wp-json\/wp\/v2\/types\/product"}],"wp:featuredmedia":[{"embeddable":true,"href":"https:\/\/old.holyland-olivewood.com\/it\/wp-json\/wp\/v2\/media\/28822"}],"wp:attachment":[{"href":"https:\/\/old.holyland-olivewood.com\/it\/wp-json\/wp\/v2\/media?parent=45288"}],"wp:term":[{"taxonomy":"product_brand","embeddable":true,"href":"https:\/\/old.holyland-olivewood.com\/it\/wp-json\/wp\/v2\/product_brand?post=45288"},{"taxonomy":"product_cat","embeddable":true,"href":"https:\/\/old.holyland-olivewood.com\/it\/wp-json\/wp\/v2\/product_cat?post=45288"},{"taxonomy":"product_tag","embeddable":true,"href":"https:\/\/old.holyland-olivewood.com\/it\/wp-json\/wp\/v2\/product_tag?post=45288"}],"curies":[{"name":"wp","href":"https:\/\/api.w.org\/{rel}","templated":true}]}}