{"id":43053,"date":"2016-12-14T15:24:01","date_gmt":"2022-02-09T08:37:57","guid":{"rendered":"https:\/\/old.holyland-olivewood.com\/product\/set-di-4-ciotole-in-legno-di-ulivo-ki128\/"},"modified":"2022-02-09T08:37:57","modified_gmt":"2022-02-09T08:37:57","slug":"set-4-olive-legno-ciotole-2","status":"publish","type":"product","link":"https:\/\/old.holyland-olivewood.com\/it\/prodotto\/set-4-olive-legno-ciotole-2\/","title":{"rendered":"Set di 4 ciotole in legno di ulivo #KI128"},"content":{"rendered":"","protected":false},"excerpt":{"rendered":"<p>Questo set di 4 ciotole in legno di ulivo \u00e8 realizzato a mano in legno di ulivo proveniente dalla Terra Santa di Betlemme. Il bellissimo legno biondo presenta le linee pi\u00f9 scure del grano vorticoso per tutta la lunghezza di ogni utensile, Ogni pezzo ha il suo carattere unico ed \u00e8 ineguagliabile in termini di qualit\u00e0, Le nostre ciotole sono perfette per insalata, frutta, noci, sali, spezie e altro ancora.<\/p>\n<p>Per il godimento di questo prodotto e del carattere del legno da conservare il pi\u00f9 a lungo possibile lavando delicatamente la tavola dopo l&#8217;uso, utilizzando solo acqua tiepida e detersivo liquido, quindi asciugare immediatamente! Non posizionare su un radiatore, aree calde o luoghi caldi. Per la migliore cura possibile strofinare regolarmente il tagliere di legno con olio d&#8217;oliva o olio da cucina e poi pulirlo con un panno asciutto. Accanto alla cura della tavola le venature del legno arrivano al suo miglior risultato!<br \/>\nNon lavabile in lavastoviglie!<\/p>\n<p>Grandezza:<br \/>\nXL. 16 cm x 16 cm x 2,5 cm (6,25&#8243; x 6,25&#8243; x 1&#8243;)<br \/>\nL. 14 cm x 14 cm x 2,5 cm (5,5&#8243; x 5,5&#8243; x 1&#8243;)<br \/>\nM. 12,5 cm x 12,5 cm x 2,20 cm (5&#8243; x 5&#8243; x 0,75&#8243;)<br \/>\nS. 10,5 cm x 10,5 cm x 2,20 cm (4&#8243; x 4&#8243; x 0,75&#8243;)<\/p>\n","protected":false},"featured_media":31917,"template":"","meta":[],"product_brand":[],"product_cat":[1039,2925],"product_tag":[],"class_list":{"0":"post-43053","1":"product","2":"type-product","3":"status-publish","4":"has-post-thumbnail","6":"product_cat-kunsthaandvaerk-it-2","7":"product_cat-stoviglie","9":"first","10":"instock","11":"shipping-taxable","12":"purchasable","13":"product-type-simple"},"yoast_head":"<!-- This site is optimized with the Yoast SEO plugin v24.8.1 - https:\/\/yoast.com\/wordpress\/plugins\/seo\/ -->\n<title>Set di 4 ciotole in legno di ulivo #KI128 - Holy Land Olive Wood - Bethlehem Olive Wood Factory<\/title>\n<meta name=\"description\" content=\"Betlemme artigianato in legno d&#039;ulivo (cio\u00e8 utensili da cucina, ciotole, tagliere) merlo, spatola, forchetta, malta e stock grezzo in dimensioni standard e personalizzate.\" \/>\n<meta name=\"robots\" content=\"index, follow, max-snippet:-1, max-image-preview:large, max-video-preview:-1\" \/>\n<link rel=\"canonical\" href=\"https:\/\/old.holyland-olivewood.com\/it\/prodotto\/set-4-olive-legno-ciotole-2\/\" \/>\n<meta property=\"og:locale\" content=\"it_IT\" \/>\n<meta property=\"og:type\" content=\"article\" \/>\n<meta property=\"og:title\" content=\"Set di 4 ciotole in legno di ulivo #KI128 - Holy Land Olive Wood - Bethlehem Olive Wood Factory\" \/>\n<meta property=\"og:description\" content=\"Betlemme artigianato in legno d&#039;ulivo (cio\u00e8 utensili da cucina, ciotole, tagliere) merlo, spatola, forchetta, malta e stock grezzo in dimensioni standard e personalizzate.\" \/>\n<meta property=\"og:url\" content=\"https:\/\/old.holyland-olivewood.com\/it\/prodotto\/set-4-olive-legno-ciotole-2\/\" \/>\n<meta property=\"og:site_name\" content=\"Holy Land Olive Wood - Bethlehem Olive Wood Factory\" \/>\n<meta property=\"article:publisher\" content=\"https:\/\/www.facebook.com\/holylandolivewood.bethlehem\/\" \/>\n<meta property=\"og:image\" content=\"https:\/\/old.holyland-olivewood.com\/wp-content\/uploads\/2016\/12\/kitchenware_bowls_holy_land_olive_wood_bethlehem_ki128_1.jpg\" \/>\n\t<meta property=\"og:image:width\" content=\"1550\" \/>\n\t<meta property=\"og:image:height\" content=\"1200\" \/>\n\t<meta property=\"og:image:type\" content=\"image\/jpeg\" \/>\n<meta name=\"twitter:card\" content=\"summary_large_image\" \/>\n<script type=\"application\/ld+json\" class=\"yoast-schema-graph\">{\"@context\":\"https:\/\/schema.org\",\"@graph\":[{\"@type\":\"WebPage\",\"@id\":\"https:\/\/old.holyland-olivewood.com\/it\/prodotto\/set-4-olive-legno-ciotole-2\/\",\"url\":\"https:\/\/old.holyland-olivewood.com\/it\/prodotto\/set-4-olive-legno-ciotole-2\/\",\"name\":\"Set di 4 ciotole in legno di ulivo #KI128 - Holy Land Olive Wood - Bethlehem Olive Wood Factory\",\"isPartOf\":{\"@id\":\"https:\/\/old.holyland-olivewood.com\/it\/#website\"},\"primaryImageOfPage\":{\"@id\":\"https:\/\/old.holyland-olivewood.com\/it\/prodotto\/set-4-olive-legno-ciotole-2\/#primaryimage\"},\"image\":{\"@id\":\"https:\/\/old.holyland-olivewood.com\/it\/prodotto\/set-4-olive-legno-ciotole-2\/#primaryimage\"},\"thumbnailUrl\":\"https:\/\/old.holyland-olivewood.com\/wp-content\/uploads\/2016\/12\/kitchenware_bowls_holy_land_olive_wood_bethlehem_ki128_1.jpg\",\"datePublished\":\"2022-02-09T08:37:57+00:00\",\"description\":\"Betlemme artigianato in legno d'ulivo (cio\u00e8 utensili da cucina, ciotole, tagliere) merlo, spatola, forchetta, malta e stock grezzo in dimensioni standard e personalizzate.\",\"breadcrumb\":{\"@id\":\"https:\/\/old.holyland-olivewood.com\/it\/prodotto\/set-4-olive-legno-ciotole-2\/#breadcrumb\"},\"inLanguage\":\"it-IT\",\"potentialAction\":[{\"@type\":\"ReadAction\",\"target\":[\"https:\/\/old.holyland-olivewood.com\/it\/prodotto\/set-4-olive-legno-ciotole-2\/\"]}]},{\"@type\":\"ImageObject\",\"inLanguage\":\"it-IT\",\"@id\":\"https:\/\/old.holyland-olivewood.com\/it\/prodotto\/set-4-olive-legno-ciotole-2\/#primaryimage\",\"url\":\"https:\/\/old.holyland-olivewood.com\/wp-content\/uploads\/2016\/12\/kitchenware_bowls_holy_land_olive_wood_bethlehem_ki128_1.jpg\",\"contentUrl\":\"https:\/\/old.holyland-olivewood.com\/wp-content\/uploads\/2016\/12\/kitchenware_bowls_holy_land_olive_wood_bethlehem_ki128_1.jpg\",\"width\":1550,\"height\":1200},{\"@type\":\"BreadcrumbList\",\"@id\":\"https:\/\/old.holyland-olivewood.com\/it\/prodotto\/set-4-olive-legno-ciotole-2\/#breadcrumb\",\"itemListElement\":[{\"@type\":\"ListItem\",\"position\":1,\"name\":\"Home\",\"item\":\"https:\/\/old.holyland-olivewood.com\/it\/\"},{\"@type\":\"ListItem\",\"position\":2,\"name\":\"Negozio\",\"item\":\"https:\/\/old.holyland-olivewood.com\/it\/negozio\/\"},{\"@type\":\"ListItem\",\"position\":3,\"name\":\"Set di 4 ciotole in legno di ulivo #KI128\"}]},{\"@type\":\"WebSite\",\"@id\":\"https:\/\/old.holyland-olivewood.com\/it\/#website\",\"url\":\"https:\/\/old.holyland-olivewood.com\/it\/\",\"name\":\"Holy Land Olive Wood - Bethlehem Olive Wood Factory\",\"description\":\"Holy Land Olivewood Bethlehem\",\"publisher\":{\"@id\":\"https:\/\/old.holyland-olivewood.com\/it\/#organization\"},\"potentialAction\":[{\"@type\":\"SearchAction\",\"target\":{\"@type\":\"EntryPoint\",\"urlTemplate\":\"https:\/\/old.holyland-olivewood.com\/it\/?s={search_term_string}\"},\"query-input\":{\"@type\":\"PropertyValueSpecification\",\"valueRequired\":true,\"valueName\":\"search_term_string\"}}],\"inLanguage\":\"it-IT\"},{\"@type\":\"Organization\",\"@id\":\"https:\/\/old.holyland-olivewood.com\/it\/#organization\",\"name\":\"Holy Land Olivewood\",\"url\":\"https:\/\/old.holyland-olivewood.com\/it\/\",\"logo\":{\"@type\":\"ImageObject\",\"inLanguage\":\"it-IT\",\"@id\":\"https:\/\/old.holyland-olivewood.com\/it\/#\/schema\/logo\/image\/\",\"url\":\"\",\"contentUrl\":\"\",\"caption\":\"Holy Land Olivewood\"},\"image\":{\"@id\":\"https:\/\/old.holyland-olivewood.com\/it\/#\/schema\/logo\/image\/\"},\"sameAs\":[\"https:\/\/www.facebook.com\/holylandolivewood.bethlehem\/\",\"http:\/\/instagram.com\/holy.land.olive.wood\"]}]}<\/script>\n<!-- \/ Yoast SEO plugin. -->","yoast_head_json":{"title":"Set di 4 ciotole in legno di ulivo #KI128 - Holy Land Olive Wood - Bethlehem Olive Wood Factory","description":"Betlemme artigianato in legno d'ulivo (cio\u00e8 utensili da cucina, ciotole, tagliere) merlo, spatola, forchetta, malta e stock grezzo in dimensioni standard e personalizzate.","robots":{"index":"index","follow":"follow","max-snippet":"max-snippet:-1","max-image-preview":"max-image-preview:large","max-video-preview":"max-video-preview:-1"},"canonical":"https:\/\/old.holyland-olivewood.com\/it\/prodotto\/set-4-olive-legno-ciotole-2\/","og_locale":"it_IT","og_type":"article","og_title":"Set di 4 ciotole in legno di ulivo #KI128 - Holy Land Olive Wood - Bethlehem Olive Wood Factory","og_description":"Betlemme artigianato in legno d'ulivo (cio\u00e8 utensili da cucina, ciotole, tagliere) merlo, spatola, forchetta, malta e stock grezzo in dimensioni standard e personalizzate.","og_url":"https:\/\/old.holyland-olivewood.com\/it\/prodotto\/set-4-olive-legno-ciotole-2\/","og_site_name":"Holy Land Olive Wood - Bethlehem Olive Wood Factory","article_publisher":"https:\/\/www.facebook.com\/holylandolivewood.bethlehem\/","og_image":[{"width":1550,"height":1200,"url":"https:\/\/old.holyland-olivewood.com\/wp-content\/uploads\/2016\/12\/kitchenware_bowls_holy_land_olive_wood_bethlehem_ki128_1.jpg","type":"image\/jpeg"}],"twitter_card":"summary_large_image","schema":{"@context":"https:\/\/schema.org","@graph":[{"@type":"WebPage","@id":"https:\/\/old.holyland-olivewood.com\/it\/prodotto\/set-4-olive-legno-ciotole-2\/","url":"https:\/\/old.holyland-olivewood.com\/it\/prodotto\/set-4-olive-legno-ciotole-2\/","name":"Set di 4 ciotole in legno di ulivo #KI128 - Holy Land Olive Wood - Bethlehem Olive Wood Factory","isPartOf":{"@id":"https:\/\/old.holyland-olivewood.com\/it\/#website"},"primaryImageOfPage":{"@id":"https:\/\/old.holyland-olivewood.com\/it\/prodotto\/set-4-olive-legno-ciotole-2\/#primaryimage"},"image":{"@id":"https:\/\/old.holyland-olivewood.com\/it\/prodotto\/set-4-olive-legno-ciotole-2\/#primaryimage"},"thumbnailUrl":"https:\/\/old.holyland-olivewood.com\/wp-content\/uploads\/2016\/12\/kitchenware_bowls_holy_land_olive_wood_bethlehem_ki128_1.jpg","datePublished":"2022-02-09T08:37:57+00:00","description":"Betlemme artigianato in legno d'ulivo (cio\u00e8 utensili da cucina, ciotole, tagliere) merlo, spatola, forchetta, malta e stock grezzo in dimensioni standard e personalizzate.","breadcrumb":{"@id":"https:\/\/old.holyland-olivewood.com\/it\/prodotto\/set-4-olive-legno-ciotole-2\/#breadcrumb"},"inLanguage":"it-IT","potentialAction":[{"@type":"ReadAction","target":["https:\/\/old.holyland-olivewood.com\/it\/prodotto\/set-4-olive-legno-ciotole-2\/"]}]},{"@type":"ImageObject","inLanguage":"it-IT","@id":"https:\/\/old.holyland-olivewood.com\/it\/prodotto\/set-4-olive-legno-ciotole-2\/#primaryimage","url":"https:\/\/old.holyland-olivewood.com\/wp-content\/uploads\/2016\/12\/kitchenware_bowls_holy_land_olive_wood_bethlehem_ki128_1.jpg","contentUrl":"https:\/\/old.holyland-olivewood.com\/wp-content\/uploads\/2016\/12\/kitchenware_bowls_holy_land_olive_wood_bethlehem_ki128_1.jpg","width":1550,"height":1200},{"@type":"BreadcrumbList","@id":"https:\/\/old.holyland-olivewood.com\/it\/prodotto\/set-4-olive-legno-ciotole-2\/#breadcrumb","itemListElement":[{"@type":"ListItem","position":1,"name":"Home","item":"https:\/\/old.holyland-olivewood.com\/it\/"},{"@type":"ListItem","position":2,"name":"Negozio","item":"https:\/\/old.holyland-olivewood.com\/it\/negozio\/"},{"@type":"ListItem","position":3,"name":"Set di 4 ciotole in legno di ulivo #KI128"}]},{"@type":"WebSite","@id":"https:\/\/old.holyland-olivewood.com\/it\/#website","url":"https:\/\/old.holyland-olivewood.com\/it\/","name":"Holy Land Olive Wood - Bethlehem Olive Wood Factory","description":"Holy Land Olivewood Bethlehem","publisher":{"@id":"https:\/\/old.holyland-olivewood.com\/it\/#organization"},"potentialAction":[{"@type":"SearchAction","target":{"@type":"EntryPoint","urlTemplate":"https:\/\/old.holyland-olivewood.com\/it\/?s={search_term_string}"},"query-input":{"@type":"PropertyValueSpecification","valueRequired":true,"valueName":"search_term_string"}}],"inLanguage":"it-IT"},{"@type":"Organization","@id":"https:\/\/old.holyland-olivewood.com\/it\/#organization","name":"Holy Land Olivewood","url":"https:\/\/old.holyland-olivewood.com\/it\/","logo":{"@type":"ImageObject","inLanguage":"it-IT","@id":"https:\/\/old.holyland-olivewood.com\/it\/#\/schema\/logo\/image\/","url":"","contentUrl":"","caption":"Holy Land Olivewood"},"image":{"@id":"https:\/\/old.holyland-olivewood.com\/it\/#\/schema\/logo\/image\/"},"sameAs":["https:\/\/www.facebook.com\/holylandolivewood.bethlehem\/","http:\/\/instagram.com\/holy.land.olive.wood"]}]}},"_links":{"self":[{"href":"https:\/\/old.holyland-olivewood.com\/it\/wp-json\/wp\/v2\/product\/43053","targetHints":{"allow":["GET"]}}],"collection":[{"href":"https:\/\/old.holyland-olivewood.com\/it\/wp-json\/wp\/v2\/product"}],"about":[{"href":"https:\/\/old.holyland-olivewood.com\/it\/wp-json\/wp\/v2\/types\/product"}],"wp:featuredmedia":[{"embeddable":true,"href":"https:\/\/old.holyland-olivewood.com\/it\/wp-json\/wp\/v2\/media\/31917"}],"wp:attachment":[{"href":"https:\/\/old.holyland-olivewood.com\/it\/wp-json\/wp\/v2\/media?parent=43053"}],"wp:term":[{"taxonomy":"product_brand","embeddable":true,"href":"https:\/\/old.holyland-olivewood.com\/it\/wp-json\/wp\/v2\/product_brand?post=43053"},{"taxonomy":"product_cat","embeddable":true,"href":"https:\/\/old.holyland-olivewood.com\/it\/wp-json\/wp\/v2\/product_cat?post=43053"},{"taxonomy":"product_tag","embeddable":true,"href":"https:\/\/old.holyland-olivewood.com\/it\/wp-json\/wp\/v2\/product_tag?post=43053"}],"curies":[{"name":"wp","href":"https:\/\/api.w.org\/{rel}","templated":true}]}}