{"id":42605,"date":"2018-08-22T18:16:59","date_gmt":"2022-02-09T07:50:40","guid":{"rendered":"https:\/\/old.holyland-olivewood.com\/product\/supporto-per-penna-in-legno-di-ulivo-di-betlemme-realizzato-a-mano-portapenne-in-legno-di-ulivo-con-pe115-di-corteccia\/"},"modified":"2022-02-09T07:50:40","modified_gmt":"2022-02-09T07:50:40","slug":"artigianale-betlemme-ulivo-legno-penna-stand-ulivo-legno-portapenne-con-corteccia-pe115","status":"publish","type":"product","link":"https:\/\/old.holyland-olivewood.com\/it\/prodotto\/artigianale-betlemme-ulivo-legno-penna-stand-ulivo-legno-portapenne-con-corteccia-pe115\/","title":{"rendered":"Supporto per penna in legno di ulivo di Betlemme realizzato a mano, portapenne in legno di ulivo con #PE115 di corteccia"},"content":{"rendered":"","protected":false},"excerpt":{"rendered":"<p>Questo bellissimo Pen Stand \u00e8 fatto a mano in Terra Santa da un autentico legno di ulivo di Betlemme raccolto in modo sostenibile ed \u00e8 montato su una solida base di mogano. Questo pezzo \u00e8 molto resistente e include la corteccia naturale dell&#8217;olivo. Le restanti superfici hanno una finitura fine che \u00e8 liscia come la seta al tatto.<br \/>\nQuando si accoppia questo articolo con una penna, <strong>&#8221; \u00e8 importante conoscere il diametro della penna per garantire una corretta vestibilit\u00e0, poich\u00e9 il foro della penna \u00e8 di 1 centimetro di diametro e 2 centimetri di profondit\u00e0 &#8220;.<\/strong><\/p>\n<p>Questo articolo include un certificato di autenticit\u00e0 che verifica i materiali e le tecniche utilizzate per realizzare questo prodotto.<\/p>\n<p><strong>Dimensioni:<\/strong> 15 cm x 15 cm x 6 cm (6&#8243; x 6&#8243; x 2.1\/2&#8243;)<\/p>\n","protected":false},"featured_media":34543,"template":"","meta":[],"product_brand":[],"product_cat":[1039,2370,2368],"product_tag":[1040,1063,1966,2372],"class_list":{"0":"post-42605","1":"product","2":"type-product","3":"status-publish","4":"has-post-thumbnail","6":"product_cat-kunsthaandvaerk-it-2","7":"product_cat-penne-e-deskware","8":"product_cat-spazi-vuoti-con-penna","9":"product_tag-betlemme","10":"product_tag-oliventrae-it","11":"product_tag-penna-it","12":"product_tag-penne","14":"first","15":"outofstock","16":"shipping-taxable","17":"purchasable","18":"product-type-simple"},"yoast_head":"<!-- This site is optimized with the Yoast SEO plugin v24.8.1 - https:\/\/yoast.com\/wordpress\/plugins\/seo\/ -->\n<title>Supporto per penna in legno di ulivo di Betlemme realizzato a mano, portapenne in legno di ulivo con #PE115 di corteccia - Holy Land Olive Wood - Bethlehem Olive Wood Factory<\/title>\n<meta name=\"description\" content=\"Betlemme penne in legno d&#039;ulivo e articoli da scrivania (cio\u00e8 portapenne, scatole di penne) spazi vuoti, intagli e altro dalla terra santa e stock grezzo in dimensioni standard e personalizzate.\" \/>\n<meta name=\"robots\" content=\"index, follow, max-snippet:-1, max-image-preview:large, max-video-preview:-1\" \/>\n<link rel=\"canonical\" href=\"https:\/\/old.holyland-olivewood.com\/it\/prodotto\/artigianale-betlemme-ulivo-legno-penna-stand-ulivo-legno-portapenne-con-corteccia-pe115\/\" \/>\n<meta property=\"og:locale\" content=\"it_IT\" \/>\n<meta property=\"og:type\" content=\"article\" \/>\n<meta property=\"og:title\" content=\"Supporto per penna in legno di ulivo di Betlemme realizzato a mano, portapenne in legno di ulivo con #PE115 di corteccia - Holy Land Olive Wood - Bethlehem Olive Wood Factory\" \/>\n<meta property=\"og:description\" content=\"Betlemme penne in legno d&#039;ulivo e articoli da scrivania (cio\u00e8 portapenne, scatole di penne) spazi vuoti, intagli e altro dalla terra santa e stock grezzo in dimensioni standard e personalizzate.\" \/>\n<meta property=\"og:url\" content=\"https:\/\/old.holyland-olivewood.com\/it\/prodotto\/artigianale-betlemme-ulivo-legno-penna-stand-ulivo-legno-portapenne-con-corteccia-pe115\/\" \/>\n<meta property=\"og:site_name\" content=\"Holy Land Olive Wood - Bethlehem Olive Wood Factory\" \/>\n<meta property=\"article:publisher\" content=\"https:\/\/www.facebook.com\/holylandolivewood.bethlehem\/\" \/>\n<meta property=\"og:image\" content=\"https:\/\/old.holyland-olivewood.com\/wp-content\/uploads\/2018\/08\/bethlehem_olive_wood_pen_stand_olive_wood_pen_holde_PE115_6.jpg\" \/>\n\t<meta property=\"og:image:width\" content=\"1550\" \/>\n\t<meta property=\"og:image:height\" content=\"1200\" \/>\n\t<meta property=\"og:image:type\" content=\"image\/jpeg\" \/>\n<meta name=\"twitter:card\" content=\"summary_large_image\" \/>\n<script type=\"application\/ld+json\" class=\"yoast-schema-graph\">{\"@context\":\"https:\/\/schema.org\",\"@graph\":[{\"@type\":\"WebPage\",\"@id\":\"https:\/\/old.holyland-olivewood.com\/it\/prodotto\/artigianale-betlemme-ulivo-legno-penna-stand-ulivo-legno-portapenne-con-corteccia-pe115\/\",\"url\":\"https:\/\/old.holyland-olivewood.com\/it\/prodotto\/artigianale-betlemme-ulivo-legno-penna-stand-ulivo-legno-portapenne-con-corteccia-pe115\/\",\"name\":\"Supporto per penna in legno di ulivo di Betlemme realizzato a mano, portapenne in legno di ulivo con #PE115 di corteccia - Holy Land Olive Wood - Bethlehem Olive Wood Factory\",\"isPartOf\":{\"@id\":\"https:\/\/old.holyland-olivewood.com\/it\/#website\"},\"primaryImageOfPage\":{\"@id\":\"https:\/\/old.holyland-olivewood.com\/it\/prodotto\/artigianale-betlemme-ulivo-legno-penna-stand-ulivo-legno-portapenne-con-corteccia-pe115\/#primaryimage\"},\"image\":{\"@id\":\"https:\/\/old.holyland-olivewood.com\/it\/prodotto\/artigianale-betlemme-ulivo-legno-penna-stand-ulivo-legno-portapenne-con-corteccia-pe115\/#primaryimage\"},\"thumbnailUrl\":\"https:\/\/old.holyland-olivewood.com\/wp-content\/uploads\/2018\/08\/bethlehem_olive_wood_pen_stand_olive_wood_pen_holde_PE115_6.jpg\",\"datePublished\":\"2022-02-09T07:50:40+00:00\",\"description\":\"Betlemme penne in legno d'ulivo e articoli da scrivania (cio\u00e8 portapenne, scatole di penne) spazi vuoti, intagli e altro dalla terra santa e stock grezzo in dimensioni standard e personalizzate.\",\"breadcrumb\":{\"@id\":\"https:\/\/old.holyland-olivewood.com\/it\/prodotto\/artigianale-betlemme-ulivo-legno-penna-stand-ulivo-legno-portapenne-con-corteccia-pe115\/#breadcrumb\"},\"inLanguage\":\"it-IT\",\"potentialAction\":[{\"@type\":\"ReadAction\",\"target\":[\"https:\/\/old.holyland-olivewood.com\/it\/prodotto\/artigianale-betlemme-ulivo-legno-penna-stand-ulivo-legno-portapenne-con-corteccia-pe115\/\"]}]},{\"@type\":\"ImageObject\",\"inLanguage\":\"it-IT\",\"@id\":\"https:\/\/old.holyland-olivewood.com\/it\/prodotto\/artigianale-betlemme-ulivo-legno-penna-stand-ulivo-legno-portapenne-con-corteccia-pe115\/#primaryimage\",\"url\":\"https:\/\/old.holyland-olivewood.com\/wp-content\/uploads\/2018\/08\/bethlehem_olive_wood_pen_stand_olive_wood_pen_holde_PE115_6.jpg\",\"contentUrl\":\"https:\/\/old.holyland-olivewood.com\/wp-content\/uploads\/2018\/08\/bethlehem_olive_wood_pen_stand_olive_wood_pen_holde_PE115_6.jpg\",\"width\":1550,\"height\":1200},{\"@type\":\"BreadcrumbList\",\"@id\":\"https:\/\/old.holyland-olivewood.com\/it\/prodotto\/artigianale-betlemme-ulivo-legno-penna-stand-ulivo-legno-portapenne-con-corteccia-pe115\/#breadcrumb\",\"itemListElement\":[{\"@type\":\"ListItem\",\"position\":1,\"name\":\"Home\",\"item\":\"https:\/\/old.holyland-olivewood.com\/it\/\"},{\"@type\":\"ListItem\",\"position\":2,\"name\":\"Negozio\",\"item\":\"https:\/\/old.holyland-olivewood.com\/it\/negozio\/\"},{\"@type\":\"ListItem\",\"position\":3,\"name\":\"Supporto per penna in legno di ulivo di Betlemme realizzato a mano, portapenne in legno di ulivo con #PE115 di corteccia\"}]},{\"@type\":\"WebSite\",\"@id\":\"https:\/\/old.holyland-olivewood.com\/it\/#website\",\"url\":\"https:\/\/old.holyland-olivewood.com\/it\/\",\"name\":\"Holy Land Olive Wood - Bethlehem Olive Wood Factory\",\"description\":\"Holy Land Olivewood Bethlehem\",\"publisher\":{\"@id\":\"https:\/\/old.holyland-olivewood.com\/it\/#organization\"},\"potentialAction\":[{\"@type\":\"SearchAction\",\"target\":{\"@type\":\"EntryPoint\",\"urlTemplate\":\"https:\/\/old.holyland-olivewood.com\/it\/?s={search_term_string}\"},\"query-input\":{\"@type\":\"PropertyValueSpecification\",\"valueRequired\":true,\"valueName\":\"search_term_string\"}}],\"inLanguage\":\"it-IT\"},{\"@type\":\"Organization\",\"@id\":\"https:\/\/old.holyland-olivewood.com\/it\/#organization\",\"name\":\"Holy Land Olivewood\",\"url\":\"https:\/\/old.holyland-olivewood.com\/it\/\",\"logo\":{\"@type\":\"ImageObject\",\"inLanguage\":\"it-IT\",\"@id\":\"https:\/\/old.holyland-olivewood.com\/it\/#\/schema\/logo\/image\/\",\"url\":\"\",\"contentUrl\":\"\",\"caption\":\"Holy Land Olivewood\"},\"image\":{\"@id\":\"https:\/\/old.holyland-olivewood.com\/it\/#\/schema\/logo\/image\/\"},\"sameAs\":[\"https:\/\/www.facebook.com\/holylandolivewood.bethlehem\/\",\"http:\/\/instagram.com\/holy.land.olive.wood\"]}]}<\/script>\n<!-- \/ Yoast SEO plugin. -->","yoast_head_json":{"title":"Supporto per penna in legno di ulivo di Betlemme realizzato a mano, portapenne in legno di ulivo con #PE115 di corteccia - Holy Land Olive Wood - Bethlehem Olive Wood Factory","description":"Betlemme penne in legno d'ulivo e articoli da scrivania (cio\u00e8 portapenne, scatole di penne) spazi vuoti, intagli e altro dalla terra santa e stock grezzo in dimensioni standard e personalizzate.","robots":{"index":"index","follow":"follow","max-snippet":"max-snippet:-1","max-image-preview":"max-image-preview:large","max-video-preview":"max-video-preview:-1"},"canonical":"https:\/\/old.holyland-olivewood.com\/it\/prodotto\/artigianale-betlemme-ulivo-legno-penna-stand-ulivo-legno-portapenne-con-corteccia-pe115\/","og_locale":"it_IT","og_type":"article","og_title":"Supporto per penna in legno di ulivo di Betlemme realizzato a mano, portapenne in legno di ulivo con #PE115 di corteccia - Holy Land Olive Wood - Bethlehem Olive Wood Factory","og_description":"Betlemme penne in legno d'ulivo e articoli da scrivania (cio\u00e8 portapenne, scatole di penne) spazi vuoti, intagli e altro dalla terra santa e stock grezzo in dimensioni standard e personalizzate.","og_url":"https:\/\/old.holyland-olivewood.com\/it\/prodotto\/artigianale-betlemme-ulivo-legno-penna-stand-ulivo-legno-portapenne-con-corteccia-pe115\/","og_site_name":"Holy Land Olive Wood - Bethlehem Olive Wood Factory","article_publisher":"https:\/\/www.facebook.com\/holylandolivewood.bethlehem\/","og_image":[{"width":1550,"height":1200,"url":"https:\/\/old.holyland-olivewood.com\/wp-content\/uploads\/2018\/08\/bethlehem_olive_wood_pen_stand_olive_wood_pen_holde_PE115_6.jpg","type":"image\/jpeg"}],"twitter_card":"summary_large_image","schema":{"@context":"https:\/\/schema.org","@graph":[{"@type":"WebPage","@id":"https:\/\/old.holyland-olivewood.com\/it\/prodotto\/artigianale-betlemme-ulivo-legno-penna-stand-ulivo-legno-portapenne-con-corteccia-pe115\/","url":"https:\/\/old.holyland-olivewood.com\/it\/prodotto\/artigianale-betlemme-ulivo-legno-penna-stand-ulivo-legno-portapenne-con-corteccia-pe115\/","name":"Supporto per penna in legno di ulivo di Betlemme realizzato a mano, portapenne in legno di ulivo con #PE115 di corteccia - Holy Land Olive Wood - Bethlehem Olive Wood Factory","isPartOf":{"@id":"https:\/\/old.holyland-olivewood.com\/it\/#website"},"primaryImageOfPage":{"@id":"https:\/\/old.holyland-olivewood.com\/it\/prodotto\/artigianale-betlemme-ulivo-legno-penna-stand-ulivo-legno-portapenne-con-corteccia-pe115\/#primaryimage"},"image":{"@id":"https:\/\/old.holyland-olivewood.com\/it\/prodotto\/artigianale-betlemme-ulivo-legno-penna-stand-ulivo-legno-portapenne-con-corteccia-pe115\/#primaryimage"},"thumbnailUrl":"https:\/\/old.holyland-olivewood.com\/wp-content\/uploads\/2018\/08\/bethlehem_olive_wood_pen_stand_olive_wood_pen_holde_PE115_6.jpg","datePublished":"2022-02-09T07:50:40+00:00","description":"Betlemme penne in legno d'ulivo e articoli da scrivania (cio\u00e8 portapenne, scatole di penne) spazi vuoti, intagli e altro dalla terra santa e stock grezzo in dimensioni standard e personalizzate.","breadcrumb":{"@id":"https:\/\/old.holyland-olivewood.com\/it\/prodotto\/artigianale-betlemme-ulivo-legno-penna-stand-ulivo-legno-portapenne-con-corteccia-pe115\/#breadcrumb"},"inLanguage":"it-IT","potentialAction":[{"@type":"ReadAction","target":["https:\/\/old.holyland-olivewood.com\/it\/prodotto\/artigianale-betlemme-ulivo-legno-penna-stand-ulivo-legno-portapenne-con-corteccia-pe115\/"]}]},{"@type":"ImageObject","inLanguage":"it-IT","@id":"https:\/\/old.holyland-olivewood.com\/it\/prodotto\/artigianale-betlemme-ulivo-legno-penna-stand-ulivo-legno-portapenne-con-corteccia-pe115\/#primaryimage","url":"https:\/\/old.holyland-olivewood.com\/wp-content\/uploads\/2018\/08\/bethlehem_olive_wood_pen_stand_olive_wood_pen_holde_PE115_6.jpg","contentUrl":"https:\/\/old.holyland-olivewood.com\/wp-content\/uploads\/2018\/08\/bethlehem_olive_wood_pen_stand_olive_wood_pen_holde_PE115_6.jpg","width":1550,"height":1200},{"@type":"BreadcrumbList","@id":"https:\/\/old.holyland-olivewood.com\/it\/prodotto\/artigianale-betlemme-ulivo-legno-penna-stand-ulivo-legno-portapenne-con-corteccia-pe115\/#breadcrumb","itemListElement":[{"@type":"ListItem","position":1,"name":"Home","item":"https:\/\/old.holyland-olivewood.com\/it\/"},{"@type":"ListItem","position":2,"name":"Negozio","item":"https:\/\/old.holyland-olivewood.com\/it\/negozio\/"},{"@type":"ListItem","position":3,"name":"Supporto per penna in legno di ulivo di Betlemme realizzato a mano, portapenne in legno di ulivo con #PE115 di corteccia"}]},{"@type":"WebSite","@id":"https:\/\/old.holyland-olivewood.com\/it\/#website","url":"https:\/\/old.holyland-olivewood.com\/it\/","name":"Holy Land Olive Wood - Bethlehem Olive Wood Factory","description":"Holy Land Olivewood Bethlehem","publisher":{"@id":"https:\/\/old.holyland-olivewood.com\/it\/#organization"},"potentialAction":[{"@type":"SearchAction","target":{"@type":"EntryPoint","urlTemplate":"https:\/\/old.holyland-olivewood.com\/it\/?s={search_term_string}"},"query-input":{"@type":"PropertyValueSpecification","valueRequired":true,"valueName":"search_term_string"}}],"inLanguage":"it-IT"},{"@type":"Organization","@id":"https:\/\/old.holyland-olivewood.com\/it\/#organization","name":"Holy Land Olivewood","url":"https:\/\/old.holyland-olivewood.com\/it\/","logo":{"@type":"ImageObject","inLanguage":"it-IT","@id":"https:\/\/old.holyland-olivewood.com\/it\/#\/schema\/logo\/image\/","url":"","contentUrl":"","caption":"Holy Land Olivewood"},"image":{"@id":"https:\/\/old.holyland-olivewood.com\/it\/#\/schema\/logo\/image\/"},"sameAs":["https:\/\/www.facebook.com\/holylandolivewood.bethlehem\/","http:\/\/instagram.com\/holy.land.olive.wood"]}]}},"_links":{"self":[{"href":"https:\/\/old.holyland-olivewood.com\/it\/wp-json\/wp\/v2\/product\/42605","targetHints":{"allow":["GET"]}}],"collection":[{"href":"https:\/\/old.holyland-olivewood.com\/it\/wp-json\/wp\/v2\/product"}],"about":[{"href":"https:\/\/old.holyland-olivewood.com\/it\/wp-json\/wp\/v2\/types\/product"}],"wp:featuredmedia":[{"embeddable":true,"href":"https:\/\/old.holyland-olivewood.com\/it\/wp-json\/wp\/v2\/media\/34543"}],"wp:attachment":[{"href":"https:\/\/old.holyland-olivewood.com\/it\/wp-json\/wp\/v2\/media?parent=42605"}],"wp:term":[{"taxonomy":"product_brand","embeddable":true,"href":"https:\/\/old.holyland-olivewood.com\/it\/wp-json\/wp\/v2\/product_brand?post=42605"},{"taxonomy":"product_cat","embeddable":true,"href":"https:\/\/old.holyland-olivewood.com\/it\/wp-json\/wp\/v2\/product_cat?post=42605"},{"taxonomy":"product_tag","embeddable":true,"href":"https:\/\/old.holyland-olivewood.com\/it\/wp-json\/wp\/v2\/product_tag?post=42605"}],"curies":[{"name":"wp","href":"https:\/\/api.w.org\/{rel}","templated":true}]}}