{"id":55853,"date":"2024-10-17T08:57:13","date_gmt":"2024-10-18T12:16:37","guid":{"rendered":"https:\/\/old.holyland-olivewood.com\/product\/ornements-de-noel-en-bois-dolivier-lot-de-6-or122\/"},"modified":"2024-10-18T12:16:37","modified_gmt":"2024-10-18T12:16:37","slug":"ornements-de-noel-en-bois-dolivier-lot-de-6-or122","status":"publish","type":"product","link":"https:\/\/old.holyland-olivewood.com\/fr\/produit\/ornements-de-noel-en-bois-dolivier-lot-de-6-or122\/","title":{"rendered":"Ornements de No\u00ebl en bois d&#8217;olivier &#8211; Lot de 6 #OR122"},"content":{"rendered":"","protected":false},"excerpt":{"rendered":"<p>Ce magnifique ensemble de 6 ornements de No\u00ebl en forme de c\u0153ur est fabriqu\u00e9 \u00e0 la main en Terre Sainte \u00e0 partir de bois d&#8217;olivier authentique de Bethl\u00e9em, r\u00e9colt\u00e9 de mani\u00e8re durable. Chaque ornement capture la chaleur et l&#8217;amour de la saison de No\u00ebl, ce qui en fait un compl\u00e9ment parfait \u00e0 votre d\u00e9cor de vacances. <\/p>\n<p>Cet article comprend un certificat d&#8217;authenticit\u00e9 v\u00e9rifiant les mat\u00e9riaux et les techniques utilis\u00e9s pour fabriquer ce produit.<\/p>\n<p>Taille : 5 cm (2&#8243;)<\/p>\n","protected":false},"featured_media":55854,"template":"","meta":[],"product_brand":[],"product_cat":[1047,2564],"product_tag":[1050,4116,1760,1115,1134,1140,1125,2566,2571,4117],"class_list":{"0":"post-55853","1":"product","2":"type-product","3":"status-publish","4":"has-post-thumbnail","6":"product_cat-kunsthaandvaerk-fr","7":"product_cat-ornements","8":"product_tag-betlehem-fr","9":"product_tag-bois-dolivier","10":"product_tag-coeur","11":"product_tag-juil","12":"product_tag-kors-fr","13":"product_tag-krucifiks-fr","14":"product_tag-kunsthaandvaerk-fr","15":"product_tag-ornement","16":"product_tag-ornements","17":"product_tag-tenant-la-croix","19":"first","20":"instock","21":"shipping-taxable","22":"purchasable","23":"product-type-simple"},"yoast_head":"<!-- This site is optimized with the Yoast SEO plugin v24.8.1 - https:\/\/yoast.com\/wordpress\/plugins\/seo\/ -->\n<title>Ornements de No\u00ebl en bois d&#039;olivier - Lot de 6 #OR122 - Holy Land Olive Wood - Bethlehem Olive Wood Factory<\/title>\n<meta name=\"description\" content=\"Ornements de No\u00ebl en bois d&#039;olivier sculpt\u00e9s \u00e0 la main et suspendus en forme de c\u0153ur, provenant de Bethl\u00e9em. Magnifiquement fabriqu\u00e9es, elles sont parfaites pour ajouter une touche significative \u00e0 votre d\u00e9cor de No\u00ebl.\" \/>\n<meta name=\"robots\" content=\"index, follow, max-snippet:-1, max-image-preview:large, max-video-preview:-1\" \/>\n<link rel=\"canonical\" href=\"https:\/\/old.holyland-olivewood.com\/fr\/produit\/ornements-de-noel-en-bois-dolivier-lot-de-6-or122\/\" \/>\n<meta property=\"og:locale\" content=\"fr_FR\" \/>\n<meta property=\"og:type\" content=\"article\" \/>\n<meta property=\"og:title\" content=\"Ornements de No\u00ebl en bois d&#039;olivier - Lot de 6 #OR122 - Holy Land Olive Wood - Bethlehem Olive Wood Factory\" \/>\n<meta property=\"og:description\" content=\"Ornements de No\u00ebl en bois d&#039;olivier sculpt\u00e9s \u00e0 la main et suspendus en forme de c\u0153ur, provenant de Bethl\u00e9em. Magnifiquement fabriqu\u00e9es, elles sont parfaites pour ajouter une touche significative \u00e0 votre d\u00e9cor de No\u00ebl.\" \/>\n<meta property=\"og:url\" content=\"https:\/\/old.holyland-olivewood.com\/fr\/produit\/ornements-de-noel-en-bois-dolivier-lot-de-6-or122\/\" \/>\n<meta property=\"og:site_name\" content=\"Holy Land Olive Wood - Bethlehem Olive Wood Factory\" \/>\n<meta property=\"article:publisher\" content=\"https:\/\/www.facebook.com\/holylandolivewood.bethlehem\/\" \/>\n<meta property=\"og:image\" content=\"https:\/\/old.holyland-olivewood.com\/wp-content\/uploads\/2024\/10\/olive-wood-hanging-heart-christmas-ornament-or122-1.jpg\" \/>\n\t<meta property=\"og:image:width\" content=\"1550\" \/>\n\t<meta property=\"og:image:height\" content=\"1200\" \/>\n\t<meta property=\"og:image:type\" content=\"image\/jpeg\" \/>\n<meta name=\"twitter:card\" content=\"summary_large_image\" \/>\n<script type=\"application\/ld+json\" class=\"yoast-schema-graph\">{\"@context\":\"https:\/\/schema.org\",\"@graph\":[{\"@type\":\"WebPage\",\"@id\":\"https:\/\/old.holyland-olivewood.com\/fr\/produit\/ornements-de-noel-en-bois-dolivier-lot-de-6-or122\/\",\"url\":\"https:\/\/old.holyland-olivewood.com\/fr\/produit\/ornements-de-noel-en-bois-dolivier-lot-de-6-or122\/\",\"name\":\"Ornements de No\u00ebl en bois d'olivier - Lot de 6 #OR122 - Holy Land Olive Wood - Bethlehem Olive Wood Factory\",\"isPartOf\":{\"@id\":\"https:\/\/old.holyland-olivewood.com\/fr\/#website\"},\"primaryImageOfPage\":{\"@id\":\"https:\/\/old.holyland-olivewood.com\/fr\/produit\/ornements-de-noel-en-bois-dolivier-lot-de-6-or122\/#primaryimage\"},\"image\":{\"@id\":\"https:\/\/old.holyland-olivewood.com\/fr\/produit\/ornements-de-noel-en-bois-dolivier-lot-de-6-or122\/#primaryimage\"},\"thumbnailUrl\":\"https:\/\/old.holyland-olivewood.com\/wp-content\/uploads\/2024\/10\/olive-wood-hanging-heart-christmas-ornament-or122-1.jpg\",\"datePublished\":\"2024-10-18T12:16:37+00:00\",\"description\":\"Ornements de No\u00ebl en bois d'olivier sculpt\u00e9s \u00e0 la main et suspendus en forme de c\u0153ur, provenant de Bethl\u00e9em. Magnifiquement fabriqu\u00e9es, elles sont parfaites pour ajouter une touche significative \u00e0 votre d\u00e9cor de No\u00ebl.\",\"breadcrumb\":{\"@id\":\"https:\/\/old.holyland-olivewood.com\/fr\/produit\/ornements-de-noel-en-bois-dolivier-lot-de-6-or122\/#breadcrumb\"},\"inLanguage\":\"fr-FR\",\"potentialAction\":[{\"@type\":\"ReadAction\",\"target\":[\"https:\/\/old.holyland-olivewood.com\/fr\/produit\/ornements-de-noel-en-bois-dolivier-lot-de-6-or122\/\"]}]},{\"@type\":\"ImageObject\",\"inLanguage\":\"fr-FR\",\"@id\":\"https:\/\/old.holyland-olivewood.com\/fr\/produit\/ornements-de-noel-en-bois-dolivier-lot-de-6-or122\/#primaryimage\",\"url\":\"https:\/\/old.holyland-olivewood.com\/wp-content\/uploads\/2024\/10\/olive-wood-hanging-heart-christmas-ornament-or122-1.jpg\",\"contentUrl\":\"https:\/\/old.holyland-olivewood.com\/wp-content\/uploads\/2024\/10\/olive-wood-hanging-heart-christmas-ornament-or122-1.jpg\",\"width\":1550,\"height\":1200},{\"@type\":\"BreadcrumbList\",\"@id\":\"https:\/\/old.holyland-olivewood.com\/fr\/produit\/ornements-de-noel-en-bois-dolivier-lot-de-6-or122\/#breadcrumb\",\"itemListElement\":[{\"@type\":\"ListItem\",\"position\":1,\"name\":\"Home\",\"item\":\"https:\/\/old.holyland-olivewood.com\/fr\/\"},{\"@type\":\"ListItem\",\"position\":2,\"name\":\"Boutique\",\"item\":\"https:\/\/old.holyland-olivewood.com\/fr\/boutique\/\"},{\"@type\":\"ListItem\",\"position\":3,\"name\":\"Ornements de No\u00ebl en bois d&#8217;olivier &#8211; Lot de 6 #OR122\"}]},{\"@type\":\"WebSite\",\"@id\":\"https:\/\/old.holyland-olivewood.com\/fr\/#website\",\"url\":\"https:\/\/old.holyland-olivewood.com\/fr\/\",\"name\":\"Holy Land Olive Wood - Bethlehem Olive Wood Factory\",\"description\":\"Holy Land Olivewood Bethlehem\",\"publisher\":{\"@id\":\"https:\/\/old.holyland-olivewood.com\/fr\/#organization\"},\"potentialAction\":[{\"@type\":\"SearchAction\",\"target\":{\"@type\":\"EntryPoint\",\"urlTemplate\":\"https:\/\/old.holyland-olivewood.com\/fr\/?s={search_term_string}\"},\"query-input\":{\"@type\":\"PropertyValueSpecification\",\"valueRequired\":true,\"valueName\":\"search_term_string\"}}],\"inLanguage\":\"fr-FR\"},{\"@type\":\"Organization\",\"@id\":\"https:\/\/old.holyland-olivewood.com\/fr\/#organization\",\"name\":\"Holy Land Olivewood\",\"url\":\"https:\/\/old.holyland-olivewood.com\/fr\/\",\"logo\":{\"@type\":\"ImageObject\",\"inLanguage\":\"fr-FR\",\"@id\":\"https:\/\/old.holyland-olivewood.com\/fr\/#\/schema\/logo\/image\/\",\"url\":\"\",\"contentUrl\":\"\",\"caption\":\"Holy Land Olivewood\"},\"image\":{\"@id\":\"https:\/\/old.holyland-olivewood.com\/fr\/#\/schema\/logo\/image\/\"},\"sameAs\":[\"https:\/\/www.facebook.com\/holylandolivewood.bethlehem\/\",\"http:\/\/instagram.com\/holy.land.olive.wood\"]}]}<\/script>\n<!-- \/ Yoast SEO plugin. -->","yoast_head_json":{"title":"Ornements de No\u00ebl en bois d'olivier - Lot de 6 #OR122 - Holy Land Olive Wood - Bethlehem Olive Wood Factory","description":"Ornements de No\u00ebl en bois d'olivier sculpt\u00e9s \u00e0 la main et suspendus en forme de c\u0153ur, provenant de Bethl\u00e9em. Magnifiquement fabriqu\u00e9es, elles sont parfaites pour ajouter une touche significative \u00e0 votre d\u00e9cor de No\u00ebl.","robots":{"index":"index","follow":"follow","max-snippet":"max-snippet:-1","max-image-preview":"max-image-preview:large","max-video-preview":"max-video-preview:-1"},"canonical":"https:\/\/old.holyland-olivewood.com\/fr\/produit\/ornements-de-noel-en-bois-dolivier-lot-de-6-or122\/","og_locale":"fr_FR","og_type":"article","og_title":"Ornements de No\u00ebl en bois d'olivier - Lot de 6 #OR122 - Holy Land Olive Wood - Bethlehem Olive Wood Factory","og_description":"Ornements de No\u00ebl en bois d'olivier sculpt\u00e9s \u00e0 la main et suspendus en forme de c\u0153ur, provenant de Bethl\u00e9em. Magnifiquement fabriqu\u00e9es, elles sont parfaites pour ajouter une touche significative \u00e0 votre d\u00e9cor de No\u00ebl.","og_url":"https:\/\/old.holyland-olivewood.com\/fr\/produit\/ornements-de-noel-en-bois-dolivier-lot-de-6-or122\/","og_site_name":"Holy Land Olive Wood - Bethlehem Olive Wood Factory","article_publisher":"https:\/\/www.facebook.com\/holylandolivewood.bethlehem\/","og_image":[{"width":1550,"height":1200,"url":"https:\/\/old.holyland-olivewood.com\/wp-content\/uploads\/2024\/10\/olive-wood-hanging-heart-christmas-ornament-or122-1.jpg","type":"image\/jpeg"}],"twitter_card":"summary_large_image","schema":{"@context":"https:\/\/schema.org","@graph":[{"@type":"WebPage","@id":"https:\/\/old.holyland-olivewood.com\/fr\/produit\/ornements-de-noel-en-bois-dolivier-lot-de-6-or122\/","url":"https:\/\/old.holyland-olivewood.com\/fr\/produit\/ornements-de-noel-en-bois-dolivier-lot-de-6-or122\/","name":"Ornements de No\u00ebl en bois d'olivier - Lot de 6 #OR122 - Holy Land Olive Wood - Bethlehem Olive Wood Factory","isPartOf":{"@id":"https:\/\/old.holyland-olivewood.com\/fr\/#website"},"primaryImageOfPage":{"@id":"https:\/\/old.holyland-olivewood.com\/fr\/produit\/ornements-de-noel-en-bois-dolivier-lot-de-6-or122\/#primaryimage"},"image":{"@id":"https:\/\/old.holyland-olivewood.com\/fr\/produit\/ornements-de-noel-en-bois-dolivier-lot-de-6-or122\/#primaryimage"},"thumbnailUrl":"https:\/\/old.holyland-olivewood.com\/wp-content\/uploads\/2024\/10\/olive-wood-hanging-heart-christmas-ornament-or122-1.jpg","datePublished":"2024-10-18T12:16:37+00:00","description":"Ornements de No\u00ebl en bois d'olivier sculpt\u00e9s \u00e0 la main et suspendus en forme de c\u0153ur, provenant de Bethl\u00e9em. Magnifiquement fabriqu\u00e9es, elles sont parfaites pour ajouter une touche significative \u00e0 votre d\u00e9cor de No\u00ebl.","breadcrumb":{"@id":"https:\/\/old.holyland-olivewood.com\/fr\/produit\/ornements-de-noel-en-bois-dolivier-lot-de-6-or122\/#breadcrumb"},"inLanguage":"fr-FR","potentialAction":[{"@type":"ReadAction","target":["https:\/\/old.holyland-olivewood.com\/fr\/produit\/ornements-de-noel-en-bois-dolivier-lot-de-6-or122\/"]}]},{"@type":"ImageObject","inLanguage":"fr-FR","@id":"https:\/\/old.holyland-olivewood.com\/fr\/produit\/ornements-de-noel-en-bois-dolivier-lot-de-6-or122\/#primaryimage","url":"https:\/\/old.holyland-olivewood.com\/wp-content\/uploads\/2024\/10\/olive-wood-hanging-heart-christmas-ornament-or122-1.jpg","contentUrl":"https:\/\/old.holyland-olivewood.com\/wp-content\/uploads\/2024\/10\/olive-wood-hanging-heart-christmas-ornament-or122-1.jpg","width":1550,"height":1200},{"@type":"BreadcrumbList","@id":"https:\/\/old.holyland-olivewood.com\/fr\/produit\/ornements-de-noel-en-bois-dolivier-lot-de-6-or122\/#breadcrumb","itemListElement":[{"@type":"ListItem","position":1,"name":"Home","item":"https:\/\/old.holyland-olivewood.com\/fr\/"},{"@type":"ListItem","position":2,"name":"Boutique","item":"https:\/\/old.holyland-olivewood.com\/fr\/boutique\/"},{"@type":"ListItem","position":3,"name":"Ornements de No\u00ebl en bois d&#8217;olivier &#8211; Lot de 6 #OR122"}]},{"@type":"WebSite","@id":"https:\/\/old.holyland-olivewood.com\/fr\/#website","url":"https:\/\/old.holyland-olivewood.com\/fr\/","name":"Holy Land Olive Wood - Bethlehem Olive Wood Factory","description":"Holy Land Olivewood Bethlehem","publisher":{"@id":"https:\/\/old.holyland-olivewood.com\/fr\/#organization"},"potentialAction":[{"@type":"SearchAction","target":{"@type":"EntryPoint","urlTemplate":"https:\/\/old.holyland-olivewood.com\/fr\/?s={search_term_string}"},"query-input":{"@type":"PropertyValueSpecification","valueRequired":true,"valueName":"search_term_string"}}],"inLanguage":"fr-FR"},{"@type":"Organization","@id":"https:\/\/old.holyland-olivewood.com\/fr\/#organization","name":"Holy Land Olivewood","url":"https:\/\/old.holyland-olivewood.com\/fr\/","logo":{"@type":"ImageObject","inLanguage":"fr-FR","@id":"https:\/\/old.holyland-olivewood.com\/fr\/#\/schema\/logo\/image\/","url":"","contentUrl":"","caption":"Holy Land Olivewood"},"image":{"@id":"https:\/\/old.holyland-olivewood.com\/fr\/#\/schema\/logo\/image\/"},"sameAs":["https:\/\/www.facebook.com\/holylandolivewood.bethlehem\/","http:\/\/instagram.com\/holy.land.olive.wood"]}]}},"_links":{"self":[{"href":"https:\/\/old.holyland-olivewood.com\/fr\/wp-json\/wp\/v2\/product\/55853","targetHints":{"allow":["GET"]}}],"collection":[{"href":"https:\/\/old.holyland-olivewood.com\/fr\/wp-json\/wp\/v2\/product"}],"about":[{"href":"https:\/\/old.holyland-olivewood.com\/fr\/wp-json\/wp\/v2\/types\/product"}],"wp:featuredmedia":[{"embeddable":true,"href":"https:\/\/old.holyland-olivewood.com\/fr\/wp-json\/wp\/v2\/media\/55854"}],"wp:attachment":[{"href":"https:\/\/old.holyland-olivewood.com\/fr\/wp-json\/wp\/v2\/media?parent=55853"}],"wp:term":[{"taxonomy":"product_brand","embeddable":true,"href":"https:\/\/old.holyland-olivewood.com\/fr\/wp-json\/wp\/v2\/product_brand?post=55853"},{"taxonomy":"product_cat","embeddable":true,"href":"https:\/\/old.holyland-olivewood.com\/fr\/wp-json\/wp\/v2\/product_cat?post=55853"},{"taxonomy":"product_tag","embeddable":true,"href":"https:\/\/old.holyland-olivewood.com\/fr\/wp-json\/wp\/v2\/product_tag?post=55853"}],"curies":[{"name":"wp","href":"https:\/\/api.w.org\/{rel}","templated":true}]}}