{"id":55609,"date":"2024-10-17T10:59:33","date_gmt":"2024-10-17T17:21:15","guid":{"rendered":"https:\/\/old.holyland-olivewood.com\/product\/vierge-marie-avec-lenfant-jesus-statue-en-bois-dolivier-fi137\/"},"modified":"2024-10-17T17:21:15","modified_gmt":"2024-10-17T17:21:15","slug":"vierge-marie-avec-lenfant-jesus-statue-en-bois-dolivier-fi137","status":"publish","type":"product","link":"https:\/\/old.holyland-olivewood.com\/fr\/produit\/vierge-marie-avec-lenfant-jesus-statue-en-bois-dolivier-fi137\/","title":{"rendered":"Vierge Marie avec l&#8217;Enfant J\u00e9sus Statue en bois d&#8217;olivier #FI137"},"content":{"rendered":"","protected":false},"excerpt":{"rendered":"<p>Cette magnifique statue de la Vierge Marie et de l&#8217;enfant J\u00e9sus, sculpt\u00e9e \u00e0 la main en bois d&#8217;olivier v\u00e9ritable, illustre le lien affectueux entre la m\u00e8re et l&#8217;enfant. Fabriqu\u00e9e \u00e0 Bethl\u00e9em, la finesse des d\u00e9tails de cette sculpture souligne la tendresse et la d\u00e9votion de ce moment sacr\u00e9, ce qui en fait une pi\u00e8ce d&#8217;art religieux tr\u00e8s appr\u00e9ci\u00e9e. <\/p>\n<p>Cet article comprend un certificat d&#8217;authenticit\u00e9 v\u00e9rifiant les mat\u00e9riaux et les techniques utilis\u00e9s pour fabriquer ce produit.<\/p>\n<p>Taille : 11,5 cm x 15,5 cm x 33 cm (4,5&#8243; x 6&#8243; x 13&#8243;)<\/p>\n","protected":false},"featured_media":55610,"template":"","meta":[],"product_brand":[],"product_cat":[1047,1733],"product_tag":[1770,1050,4116,1760,1117,1234,1151,1101,4077,1115,1174,1147,1134,1129,1140,1125,1192,1176,1741,1739,1750,1084,4150],"class_list":{"0":"post-55609","1":"product","2":"type-product","3":"status-publish","4":"has-post-thumbnail","6":"product_cat-kunsthaandvaerk-fr","7":"product_cat-figurines-fr","8":"product_tag-ange","9":"product_tag-betlehem-fr","10":"product_tag-bois-dolivier","11":"product_tag-coeur","12":"product_tag-donnerent","13":"product_tag-figurines-fr","14":"product_tag-foedselskirken-fr","15":"product_tag-haandlavet-fr","16":"product_tag-jesus-fr-2","17":"product_tag-juil","18":"product_tag-katolsk-fr","19":"product_tag-kirke-fr","20":"product_tag-kors-fr","21":"product_tag-kristen-fr","22":"product_tag-krucifiks-fr","23":"product_tag-kunsthaandvaerk-fr","24":"product_tag-marie","25":"product_tag-ortodoks-fr","26":"product_tag-prier","27":"product_tag-statue-fr","28":"product_tag-statues-fr","29":"product_tag-udskaering-fr","30":"product_tag-vierge-marie","32":"first","33":"instock","34":"shipping-taxable","35":"purchasable","36":"product-type-simple"},"yoast_head":"<!-- This site is optimized with the Yoast SEO plugin v24.8.1 - https:\/\/yoast.com\/wordpress\/plugins\/seo\/ -->\n<title>Vierge Marie avec l&#039;Enfant J\u00e9sus Statue en bois d&#039;olivier #FI137 - Holy Land Olive Wood - Bethlehem Olive Wood Factory<\/title>\n<meta name=\"description\" content=\"Vierge Marie avec l&#039;enfant J\u00e9sus Bethl\u00e9em Bois d&#039;olivier Artisanat Sculpt\u00e9 \u00e0 la main (c&#039;est-\u00e0-dire figurines, cr\u00e8ches, statues, sculptures) de Terre Sainte\" \/>\n<meta name=\"robots\" content=\"index, follow, max-snippet:-1, max-image-preview:large, max-video-preview:-1\" \/>\n<link rel=\"canonical\" href=\"https:\/\/old.holyland-olivewood.com\/fr\/produit\/vierge-marie-avec-lenfant-jesus-statue-en-bois-dolivier-fi137\/\" \/>\n<meta property=\"og:locale\" content=\"fr_FR\" \/>\n<meta property=\"og:type\" content=\"article\" \/>\n<meta property=\"og:title\" content=\"Vierge Marie avec l&#039;Enfant J\u00e9sus Statue en bois d&#039;olivier #FI137 - Holy Land Olive Wood - Bethlehem Olive Wood Factory\" \/>\n<meta property=\"og:description\" content=\"Vierge Marie avec l&#039;enfant J\u00e9sus Bethl\u00e9em Bois d&#039;olivier Artisanat Sculpt\u00e9 \u00e0 la main (c&#039;est-\u00e0-dire figurines, cr\u00e8ches, statues, sculptures) de Terre Sainte\" \/>\n<meta property=\"og:url\" content=\"https:\/\/old.holyland-olivewood.com\/fr\/produit\/vierge-marie-avec-lenfant-jesus-statue-en-bois-dolivier-fi137\/\" \/>\n<meta property=\"og:site_name\" content=\"Holy Land Olive Wood - Bethlehem Olive Wood Factory\" \/>\n<meta property=\"article:publisher\" content=\"https:\/\/www.facebook.com\/holylandolivewood.bethlehem\/\" \/>\n<meta property=\"og:image\" content=\"https:\/\/old.holyland-olivewood.com\/wp-content\/uploads\/2024\/10\/virgin-mary-with-baby-jesus-bethlehem-olive-wood-fi137-1.jpg\" \/>\n\t<meta property=\"og:image:width\" content=\"1550\" \/>\n\t<meta property=\"og:image:height\" content=\"1200\" \/>\n\t<meta property=\"og:image:type\" content=\"image\/jpeg\" \/>\n<meta name=\"twitter:card\" content=\"summary_large_image\" \/>\n<script type=\"application\/ld+json\" class=\"yoast-schema-graph\">{\"@context\":\"https:\/\/schema.org\",\"@graph\":[{\"@type\":\"WebPage\",\"@id\":\"https:\/\/old.holyland-olivewood.com\/fr\/produit\/vierge-marie-avec-lenfant-jesus-statue-en-bois-dolivier-fi137\/\",\"url\":\"https:\/\/old.holyland-olivewood.com\/fr\/produit\/vierge-marie-avec-lenfant-jesus-statue-en-bois-dolivier-fi137\/\",\"name\":\"Vierge Marie avec l'Enfant J\u00e9sus Statue en bois d'olivier #FI137 - Holy Land Olive Wood - Bethlehem Olive Wood Factory\",\"isPartOf\":{\"@id\":\"https:\/\/old.holyland-olivewood.com\/fr\/#website\"},\"primaryImageOfPage\":{\"@id\":\"https:\/\/old.holyland-olivewood.com\/fr\/produit\/vierge-marie-avec-lenfant-jesus-statue-en-bois-dolivier-fi137\/#primaryimage\"},\"image\":{\"@id\":\"https:\/\/old.holyland-olivewood.com\/fr\/produit\/vierge-marie-avec-lenfant-jesus-statue-en-bois-dolivier-fi137\/#primaryimage\"},\"thumbnailUrl\":\"https:\/\/old.holyland-olivewood.com\/wp-content\/uploads\/2024\/10\/virgin-mary-with-baby-jesus-bethlehem-olive-wood-fi137-1.jpg\",\"datePublished\":\"2024-10-17T17:21:15+00:00\",\"description\":\"Vierge Marie avec l'enfant J\u00e9sus Bethl\u00e9em Bois d'olivier Artisanat Sculpt\u00e9 \u00e0 la main (c'est-\u00e0-dire figurines, cr\u00e8ches, statues, sculptures) de Terre Sainte\",\"breadcrumb\":{\"@id\":\"https:\/\/old.holyland-olivewood.com\/fr\/produit\/vierge-marie-avec-lenfant-jesus-statue-en-bois-dolivier-fi137\/#breadcrumb\"},\"inLanguage\":\"fr-FR\",\"potentialAction\":[{\"@type\":\"ReadAction\",\"target\":[\"https:\/\/old.holyland-olivewood.com\/fr\/produit\/vierge-marie-avec-lenfant-jesus-statue-en-bois-dolivier-fi137\/\"]}]},{\"@type\":\"ImageObject\",\"inLanguage\":\"fr-FR\",\"@id\":\"https:\/\/old.holyland-olivewood.com\/fr\/produit\/vierge-marie-avec-lenfant-jesus-statue-en-bois-dolivier-fi137\/#primaryimage\",\"url\":\"https:\/\/old.holyland-olivewood.com\/wp-content\/uploads\/2024\/10\/virgin-mary-with-baby-jesus-bethlehem-olive-wood-fi137-1.jpg\",\"contentUrl\":\"https:\/\/old.holyland-olivewood.com\/wp-content\/uploads\/2024\/10\/virgin-mary-with-baby-jesus-bethlehem-olive-wood-fi137-1.jpg\",\"width\":1550,\"height\":1200},{\"@type\":\"BreadcrumbList\",\"@id\":\"https:\/\/old.holyland-olivewood.com\/fr\/produit\/vierge-marie-avec-lenfant-jesus-statue-en-bois-dolivier-fi137\/#breadcrumb\",\"itemListElement\":[{\"@type\":\"ListItem\",\"position\":1,\"name\":\"Home\",\"item\":\"https:\/\/old.holyland-olivewood.com\/fr\/\"},{\"@type\":\"ListItem\",\"position\":2,\"name\":\"Boutique\",\"item\":\"https:\/\/old.holyland-olivewood.com\/fr\/boutique\/\"},{\"@type\":\"ListItem\",\"position\":3,\"name\":\"Vierge Marie avec l&#8217;Enfant J\u00e9sus Statue en bois d&#8217;olivier #FI137\"}]},{\"@type\":\"WebSite\",\"@id\":\"https:\/\/old.holyland-olivewood.com\/fr\/#website\",\"url\":\"https:\/\/old.holyland-olivewood.com\/fr\/\",\"name\":\"Holy Land Olive Wood - Bethlehem Olive Wood Factory\",\"description\":\"Holy Land Olivewood Bethlehem\",\"publisher\":{\"@id\":\"https:\/\/old.holyland-olivewood.com\/fr\/#organization\"},\"potentialAction\":[{\"@type\":\"SearchAction\",\"target\":{\"@type\":\"EntryPoint\",\"urlTemplate\":\"https:\/\/old.holyland-olivewood.com\/fr\/?s={search_term_string}\"},\"query-input\":{\"@type\":\"PropertyValueSpecification\",\"valueRequired\":true,\"valueName\":\"search_term_string\"}}],\"inLanguage\":\"fr-FR\"},{\"@type\":\"Organization\",\"@id\":\"https:\/\/old.holyland-olivewood.com\/fr\/#organization\",\"name\":\"Holy Land Olivewood\",\"url\":\"https:\/\/old.holyland-olivewood.com\/fr\/\",\"logo\":{\"@type\":\"ImageObject\",\"inLanguage\":\"fr-FR\",\"@id\":\"https:\/\/old.holyland-olivewood.com\/fr\/#\/schema\/logo\/image\/\",\"url\":\"\",\"contentUrl\":\"\",\"caption\":\"Holy Land Olivewood\"},\"image\":{\"@id\":\"https:\/\/old.holyland-olivewood.com\/fr\/#\/schema\/logo\/image\/\"},\"sameAs\":[\"https:\/\/www.facebook.com\/holylandolivewood.bethlehem\/\",\"http:\/\/instagram.com\/holy.land.olive.wood\"]}]}<\/script>\n<!-- \/ Yoast SEO plugin. -->","yoast_head_json":{"title":"Vierge Marie avec l'Enfant J\u00e9sus Statue en bois d'olivier #FI137 - Holy Land Olive Wood - Bethlehem Olive Wood Factory","description":"Vierge Marie avec l'enfant J\u00e9sus Bethl\u00e9em Bois d'olivier Artisanat Sculpt\u00e9 \u00e0 la main (c'est-\u00e0-dire figurines, cr\u00e8ches, statues, sculptures) de Terre Sainte","robots":{"index":"index","follow":"follow","max-snippet":"max-snippet:-1","max-image-preview":"max-image-preview:large","max-video-preview":"max-video-preview:-1"},"canonical":"https:\/\/old.holyland-olivewood.com\/fr\/produit\/vierge-marie-avec-lenfant-jesus-statue-en-bois-dolivier-fi137\/","og_locale":"fr_FR","og_type":"article","og_title":"Vierge Marie avec l'Enfant J\u00e9sus Statue en bois d'olivier #FI137 - Holy Land Olive Wood - Bethlehem Olive Wood Factory","og_description":"Vierge Marie avec l'enfant J\u00e9sus Bethl\u00e9em Bois d'olivier Artisanat Sculpt\u00e9 \u00e0 la main (c'est-\u00e0-dire figurines, cr\u00e8ches, statues, sculptures) de Terre Sainte","og_url":"https:\/\/old.holyland-olivewood.com\/fr\/produit\/vierge-marie-avec-lenfant-jesus-statue-en-bois-dolivier-fi137\/","og_site_name":"Holy Land Olive Wood - Bethlehem Olive Wood Factory","article_publisher":"https:\/\/www.facebook.com\/holylandolivewood.bethlehem\/","og_image":[{"width":1550,"height":1200,"url":"https:\/\/old.holyland-olivewood.com\/wp-content\/uploads\/2024\/10\/virgin-mary-with-baby-jesus-bethlehem-olive-wood-fi137-1.jpg","type":"image\/jpeg"}],"twitter_card":"summary_large_image","schema":{"@context":"https:\/\/schema.org","@graph":[{"@type":"WebPage","@id":"https:\/\/old.holyland-olivewood.com\/fr\/produit\/vierge-marie-avec-lenfant-jesus-statue-en-bois-dolivier-fi137\/","url":"https:\/\/old.holyland-olivewood.com\/fr\/produit\/vierge-marie-avec-lenfant-jesus-statue-en-bois-dolivier-fi137\/","name":"Vierge Marie avec l'Enfant J\u00e9sus Statue en bois d'olivier #FI137 - Holy Land Olive Wood - Bethlehem Olive Wood Factory","isPartOf":{"@id":"https:\/\/old.holyland-olivewood.com\/fr\/#website"},"primaryImageOfPage":{"@id":"https:\/\/old.holyland-olivewood.com\/fr\/produit\/vierge-marie-avec-lenfant-jesus-statue-en-bois-dolivier-fi137\/#primaryimage"},"image":{"@id":"https:\/\/old.holyland-olivewood.com\/fr\/produit\/vierge-marie-avec-lenfant-jesus-statue-en-bois-dolivier-fi137\/#primaryimage"},"thumbnailUrl":"https:\/\/old.holyland-olivewood.com\/wp-content\/uploads\/2024\/10\/virgin-mary-with-baby-jesus-bethlehem-olive-wood-fi137-1.jpg","datePublished":"2024-10-17T17:21:15+00:00","description":"Vierge Marie avec l'enfant J\u00e9sus Bethl\u00e9em Bois d'olivier Artisanat Sculpt\u00e9 \u00e0 la main (c'est-\u00e0-dire figurines, cr\u00e8ches, statues, sculptures) de Terre Sainte","breadcrumb":{"@id":"https:\/\/old.holyland-olivewood.com\/fr\/produit\/vierge-marie-avec-lenfant-jesus-statue-en-bois-dolivier-fi137\/#breadcrumb"},"inLanguage":"fr-FR","potentialAction":[{"@type":"ReadAction","target":["https:\/\/old.holyland-olivewood.com\/fr\/produit\/vierge-marie-avec-lenfant-jesus-statue-en-bois-dolivier-fi137\/"]}]},{"@type":"ImageObject","inLanguage":"fr-FR","@id":"https:\/\/old.holyland-olivewood.com\/fr\/produit\/vierge-marie-avec-lenfant-jesus-statue-en-bois-dolivier-fi137\/#primaryimage","url":"https:\/\/old.holyland-olivewood.com\/wp-content\/uploads\/2024\/10\/virgin-mary-with-baby-jesus-bethlehem-olive-wood-fi137-1.jpg","contentUrl":"https:\/\/old.holyland-olivewood.com\/wp-content\/uploads\/2024\/10\/virgin-mary-with-baby-jesus-bethlehem-olive-wood-fi137-1.jpg","width":1550,"height":1200},{"@type":"BreadcrumbList","@id":"https:\/\/old.holyland-olivewood.com\/fr\/produit\/vierge-marie-avec-lenfant-jesus-statue-en-bois-dolivier-fi137\/#breadcrumb","itemListElement":[{"@type":"ListItem","position":1,"name":"Home","item":"https:\/\/old.holyland-olivewood.com\/fr\/"},{"@type":"ListItem","position":2,"name":"Boutique","item":"https:\/\/old.holyland-olivewood.com\/fr\/boutique\/"},{"@type":"ListItem","position":3,"name":"Vierge Marie avec l&#8217;Enfant J\u00e9sus Statue en bois d&#8217;olivier #FI137"}]},{"@type":"WebSite","@id":"https:\/\/old.holyland-olivewood.com\/fr\/#website","url":"https:\/\/old.holyland-olivewood.com\/fr\/","name":"Holy Land Olive Wood - Bethlehem Olive Wood Factory","description":"Holy Land Olivewood Bethlehem","publisher":{"@id":"https:\/\/old.holyland-olivewood.com\/fr\/#organization"},"potentialAction":[{"@type":"SearchAction","target":{"@type":"EntryPoint","urlTemplate":"https:\/\/old.holyland-olivewood.com\/fr\/?s={search_term_string}"},"query-input":{"@type":"PropertyValueSpecification","valueRequired":true,"valueName":"search_term_string"}}],"inLanguage":"fr-FR"},{"@type":"Organization","@id":"https:\/\/old.holyland-olivewood.com\/fr\/#organization","name":"Holy Land Olivewood","url":"https:\/\/old.holyland-olivewood.com\/fr\/","logo":{"@type":"ImageObject","inLanguage":"fr-FR","@id":"https:\/\/old.holyland-olivewood.com\/fr\/#\/schema\/logo\/image\/","url":"","contentUrl":"","caption":"Holy Land Olivewood"},"image":{"@id":"https:\/\/old.holyland-olivewood.com\/fr\/#\/schema\/logo\/image\/"},"sameAs":["https:\/\/www.facebook.com\/holylandolivewood.bethlehem\/","http:\/\/instagram.com\/holy.land.olive.wood"]}]}},"_links":{"self":[{"href":"https:\/\/old.holyland-olivewood.com\/fr\/wp-json\/wp\/v2\/product\/55609","targetHints":{"allow":["GET"]}}],"collection":[{"href":"https:\/\/old.holyland-olivewood.com\/fr\/wp-json\/wp\/v2\/product"}],"about":[{"href":"https:\/\/old.holyland-olivewood.com\/fr\/wp-json\/wp\/v2\/types\/product"}],"wp:featuredmedia":[{"embeddable":true,"href":"https:\/\/old.holyland-olivewood.com\/fr\/wp-json\/wp\/v2\/media\/55610"}],"wp:attachment":[{"href":"https:\/\/old.holyland-olivewood.com\/fr\/wp-json\/wp\/v2\/media?parent=55609"}],"wp:term":[{"taxonomy":"product_brand","embeddable":true,"href":"https:\/\/old.holyland-olivewood.com\/fr\/wp-json\/wp\/v2\/product_brand?post=55609"},{"taxonomy":"product_cat","embeddable":true,"href":"https:\/\/old.holyland-olivewood.com\/fr\/wp-json\/wp\/v2\/product_cat?post=55609"},{"taxonomy":"product_tag","embeddable":true,"href":"https:\/\/old.holyland-olivewood.com\/fr\/wp-json\/wp\/v2\/product_tag?post=55609"}],"curies":[{"name":"wp","href":"https:\/\/api.w.org\/{rel}","templated":true}]}}