{"id":53870,"date":"2023-06-25T04:36:53","date_gmt":"2023-06-25T18:22:30","guid":{"rendered":"https:\/\/old.holyland-olivewood.com\/product\/bethlehem-handicrafts-statue-de-saint-michel-en-bois-dolivier-sculpte-a-la-main-fi123\/"},"modified":"2023-06-25T18:22:30","modified_gmt":"2023-06-25T18:22:30","slug":"bethlehem-handicrafts-statue-de-saint-michael-en-bois-olive-sculpte-a-la-main-fi123","status":"publish","type":"product","link":"https:\/\/old.holyland-olivewood.com\/fr\/produit\/bethlehem-handicrafts-statue-de-saint-michael-en-bois-olive-sculpte-a-la-main-fi123\/","title":{"rendered":"Bethlehem Handicrafts Statue de Saint Michel en bois d&#8217;olivier sculpt\u00e9 \u00e0 la main #FI123"},"content":{"rendered":"","protected":false},"excerpt":{"rendered":"<p>Ce magnifique Saint Michel est sculpt\u00e9 \u00e0 la main en Terre Sainte dans du bois d&#8217;olivier authentique de Bethl\u00e9em, r\u00e9colt\u00e9 de mani\u00e8re durable. Cette jolie statue de saint Michel est fabriqu\u00e9e \u00e0 la main en bois d&#8217;olivier, un arbre qui pousse en Terre sainte depuis des centaines d&#8217;ann\u00e9es. Un objet qui a du sens car il provient directement de Terre Sainte.<\/p>\n<p>Cet article comprend un certificat d&#8217;authenticit\u00e9 v\u00e9rifiant les mat\u00e9riaux et les techniques utilis\u00e9s pour fabriquer ce produit.<\/p>\n<p>Taille : 17 cm x 26 cm x 40 cm (6.75&#8243; x 10.25&#8243; x 15.75&#8243;)<\/p>\n","protected":false},"featured_media":53871,"template":"","meta":[],"product_brand":[],"product_cat":[1047,1733],"product_tag":[],"class_list":{"0":"post-53870","1":"product","2":"type-product","3":"status-publish","4":"has-post-thumbnail","6":"product_cat-kunsthaandvaerk-fr","7":"product_cat-figurines-fr","9":"first","10":"instock","11":"shipping-taxable","12":"purchasable","13":"product-type-simple"},"yoast_head":"<!-- This site is optimized with the Yoast SEO plugin v24.8.1 - https:\/\/yoast.com\/wordpress\/plugins\/seo\/ -->\n<title>Bethlehem Handicrafts Statue de Saint Michel en bois d&#039;olivier sculpt\u00e9 \u00e0 la main #FI123 - Holy Land Olive Wood - Bethlehem Olive Wood Factory<\/title>\n<meta name=\"description\" content=\"Sculpture en bois Statue de Saint Michel Bethl\u00e9em artisanat en bois d&#039;olivier (i.e. figurines, cr\u00e8ches, statues, sculptures)\" \/>\n<meta name=\"robots\" content=\"index, follow, max-snippet:-1, max-image-preview:large, max-video-preview:-1\" \/>\n<link rel=\"canonical\" href=\"https:\/\/old.holyland-olivewood.com\/fr\/produit\/bethlehem-handicrafts-statue-de-saint-michael-en-bois-olive-sculpte-a-la-main-fi123\/\" \/>\n<meta property=\"og:locale\" content=\"fr_FR\" \/>\n<meta property=\"og:type\" content=\"article\" \/>\n<meta property=\"og:title\" content=\"Bethlehem Handicrafts Statue de Saint Michel en bois d&#039;olivier sculpt\u00e9 \u00e0 la main #FI123 - Holy Land Olive Wood - Bethlehem Olive Wood Factory\" \/>\n<meta property=\"og:description\" content=\"Sculpture en bois Statue de Saint Michel Bethl\u00e9em artisanat en bois d&#039;olivier (i.e. figurines, cr\u00e8ches, statues, sculptures)\" \/>\n<meta property=\"og:url\" content=\"https:\/\/old.holyland-olivewood.com\/fr\/produit\/bethlehem-handicrafts-statue-de-saint-michael-en-bois-olive-sculpte-a-la-main-fi123\/\" \/>\n<meta property=\"og:site_name\" content=\"Holy Land Olive Wood - Bethlehem Olive Wood Factory\" \/>\n<meta property=\"article:publisher\" content=\"https:\/\/www.facebook.com\/holylandolivewood.bethlehem\/\" \/>\n<meta property=\"og:image\" content=\"https:\/\/old.holyland-olivewood.com\/wp-content\/uploads\/2023\/06\/st_michael_holy_land_olive_wood_bethlehem_fi123-1.jpg\" \/>\n\t<meta property=\"og:image:width\" content=\"1550\" \/>\n\t<meta property=\"og:image:height\" content=\"1200\" \/>\n\t<meta property=\"og:image:type\" content=\"image\/jpeg\" \/>\n<meta name=\"twitter:card\" content=\"summary_large_image\" \/>\n<script type=\"application\/ld+json\" class=\"yoast-schema-graph\">{\"@context\":\"https:\/\/schema.org\",\"@graph\":[{\"@type\":\"WebPage\",\"@id\":\"https:\/\/old.holyland-olivewood.com\/fr\/produit\/bethlehem-handicrafts-statue-de-saint-michael-en-bois-olive-sculpte-a-la-main-fi123\/\",\"url\":\"https:\/\/old.holyland-olivewood.com\/fr\/produit\/bethlehem-handicrafts-statue-de-saint-michael-en-bois-olive-sculpte-a-la-main-fi123\/\",\"name\":\"Bethlehem Handicrafts Statue de Saint Michel en bois d'olivier sculpt\u00e9 \u00e0 la main #FI123 - Holy Land Olive Wood - Bethlehem Olive Wood Factory\",\"isPartOf\":{\"@id\":\"https:\/\/old.holyland-olivewood.com\/fr\/#website\"},\"primaryImageOfPage\":{\"@id\":\"https:\/\/old.holyland-olivewood.com\/fr\/produit\/bethlehem-handicrafts-statue-de-saint-michael-en-bois-olive-sculpte-a-la-main-fi123\/#primaryimage\"},\"image\":{\"@id\":\"https:\/\/old.holyland-olivewood.com\/fr\/produit\/bethlehem-handicrafts-statue-de-saint-michael-en-bois-olive-sculpte-a-la-main-fi123\/#primaryimage\"},\"thumbnailUrl\":\"https:\/\/old.holyland-olivewood.com\/wp-content\/uploads\/2023\/06\/st_michael_holy_land_olive_wood_bethlehem_fi123-1.jpg\",\"datePublished\":\"2023-06-25T18:22:30+00:00\",\"description\":\"Sculpture en bois Statue de Saint Michel Bethl\u00e9em artisanat en bois d'olivier (i.e. figurines, cr\u00e8ches, statues, sculptures)\",\"breadcrumb\":{\"@id\":\"https:\/\/old.holyland-olivewood.com\/fr\/produit\/bethlehem-handicrafts-statue-de-saint-michael-en-bois-olive-sculpte-a-la-main-fi123\/#breadcrumb\"},\"inLanguage\":\"fr-FR\",\"potentialAction\":[{\"@type\":\"ReadAction\",\"target\":[\"https:\/\/old.holyland-olivewood.com\/fr\/produit\/bethlehem-handicrafts-statue-de-saint-michael-en-bois-olive-sculpte-a-la-main-fi123\/\"]}]},{\"@type\":\"ImageObject\",\"inLanguage\":\"fr-FR\",\"@id\":\"https:\/\/old.holyland-olivewood.com\/fr\/produit\/bethlehem-handicrafts-statue-de-saint-michael-en-bois-olive-sculpte-a-la-main-fi123\/#primaryimage\",\"url\":\"https:\/\/old.holyland-olivewood.com\/wp-content\/uploads\/2023\/06\/st_michael_holy_land_olive_wood_bethlehem_fi123-1.jpg\",\"contentUrl\":\"https:\/\/old.holyland-olivewood.com\/wp-content\/uploads\/2023\/06\/st_michael_holy_land_olive_wood_bethlehem_fi123-1.jpg\",\"width\":1550,\"height\":1200},{\"@type\":\"BreadcrumbList\",\"@id\":\"https:\/\/old.holyland-olivewood.com\/fr\/produit\/bethlehem-handicrafts-statue-de-saint-michael-en-bois-olive-sculpte-a-la-main-fi123\/#breadcrumb\",\"itemListElement\":[{\"@type\":\"ListItem\",\"position\":1,\"name\":\"Home\",\"item\":\"https:\/\/old.holyland-olivewood.com\/fr\/\"},{\"@type\":\"ListItem\",\"position\":2,\"name\":\"Boutique\",\"item\":\"https:\/\/old.holyland-olivewood.com\/fr\/boutique\/\"},{\"@type\":\"ListItem\",\"position\":3,\"name\":\"Bethlehem Handicrafts Statue de Saint Michel en bois d&#8217;olivier sculpt\u00e9 \u00e0 la main #FI123\"}]},{\"@type\":\"WebSite\",\"@id\":\"https:\/\/old.holyland-olivewood.com\/fr\/#website\",\"url\":\"https:\/\/old.holyland-olivewood.com\/fr\/\",\"name\":\"Holy Land Olive Wood - Bethlehem Olive Wood Factory\",\"description\":\"Holy Land Olivewood Bethlehem\",\"publisher\":{\"@id\":\"https:\/\/old.holyland-olivewood.com\/fr\/#organization\"},\"potentialAction\":[{\"@type\":\"SearchAction\",\"target\":{\"@type\":\"EntryPoint\",\"urlTemplate\":\"https:\/\/old.holyland-olivewood.com\/fr\/?s={search_term_string}\"},\"query-input\":{\"@type\":\"PropertyValueSpecification\",\"valueRequired\":true,\"valueName\":\"search_term_string\"}}],\"inLanguage\":\"fr-FR\"},{\"@type\":\"Organization\",\"@id\":\"https:\/\/old.holyland-olivewood.com\/fr\/#organization\",\"name\":\"Holy Land Olivewood\",\"url\":\"https:\/\/old.holyland-olivewood.com\/fr\/\",\"logo\":{\"@type\":\"ImageObject\",\"inLanguage\":\"fr-FR\",\"@id\":\"https:\/\/old.holyland-olivewood.com\/fr\/#\/schema\/logo\/image\/\",\"url\":\"\",\"contentUrl\":\"\",\"caption\":\"Holy Land Olivewood\"},\"image\":{\"@id\":\"https:\/\/old.holyland-olivewood.com\/fr\/#\/schema\/logo\/image\/\"},\"sameAs\":[\"https:\/\/www.facebook.com\/holylandolivewood.bethlehem\/\",\"http:\/\/instagram.com\/holy.land.olive.wood\"]}]}<\/script>\n<!-- \/ Yoast SEO plugin. -->","yoast_head_json":{"title":"Bethlehem Handicrafts Statue de Saint Michel en bois d'olivier sculpt\u00e9 \u00e0 la main #FI123 - Holy Land Olive Wood - Bethlehem Olive Wood Factory","description":"Sculpture en bois Statue de Saint Michel Bethl\u00e9em artisanat en bois d'olivier (i.e. figurines, cr\u00e8ches, statues, sculptures)","robots":{"index":"index","follow":"follow","max-snippet":"max-snippet:-1","max-image-preview":"max-image-preview:large","max-video-preview":"max-video-preview:-1"},"canonical":"https:\/\/old.holyland-olivewood.com\/fr\/produit\/bethlehem-handicrafts-statue-de-saint-michael-en-bois-olive-sculpte-a-la-main-fi123\/","og_locale":"fr_FR","og_type":"article","og_title":"Bethlehem Handicrafts Statue de Saint Michel en bois d'olivier sculpt\u00e9 \u00e0 la main #FI123 - Holy Land Olive Wood - Bethlehem Olive Wood Factory","og_description":"Sculpture en bois Statue de Saint Michel Bethl\u00e9em artisanat en bois d'olivier (i.e. figurines, cr\u00e8ches, statues, sculptures)","og_url":"https:\/\/old.holyland-olivewood.com\/fr\/produit\/bethlehem-handicrafts-statue-de-saint-michael-en-bois-olive-sculpte-a-la-main-fi123\/","og_site_name":"Holy Land Olive Wood - Bethlehem Olive Wood Factory","article_publisher":"https:\/\/www.facebook.com\/holylandolivewood.bethlehem\/","og_image":[{"width":1550,"height":1200,"url":"https:\/\/old.holyland-olivewood.com\/wp-content\/uploads\/2023\/06\/st_michael_holy_land_olive_wood_bethlehem_fi123-1.jpg","type":"image\/jpeg"}],"twitter_card":"summary_large_image","schema":{"@context":"https:\/\/schema.org","@graph":[{"@type":"WebPage","@id":"https:\/\/old.holyland-olivewood.com\/fr\/produit\/bethlehem-handicrafts-statue-de-saint-michael-en-bois-olive-sculpte-a-la-main-fi123\/","url":"https:\/\/old.holyland-olivewood.com\/fr\/produit\/bethlehem-handicrafts-statue-de-saint-michael-en-bois-olive-sculpte-a-la-main-fi123\/","name":"Bethlehem Handicrafts Statue de Saint Michel en bois d'olivier sculpt\u00e9 \u00e0 la main #FI123 - Holy Land Olive Wood - Bethlehem Olive Wood Factory","isPartOf":{"@id":"https:\/\/old.holyland-olivewood.com\/fr\/#website"},"primaryImageOfPage":{"@id":"https:\/\/old.holyland-olivewood.com\/fr\/produit\/bethlehem-handicrafts-statue-de-saint-michael-en-bois-olive-sculpte-a-la-main-fi123\/#primaryimage"},"image":{"@id":"https:\/\/old.holyland-olivewood.com\/fr\/produit\/bethlehem-handicrafts-statue-de-saint-michael-en-bois-olive-sculpte-a-la-main-fi123\/#primaryimage"},"thumbnailUrl":"https:\/\/old.holyland-olivewood.com\/wp-content\/uploads\/2023\/06\/st_michael_holy_land_olive_wood_bethlehem_fi123-1.jpg","datePublished":"2023-06-25T18:22:30+00:00","description":"Sculpture en bois Statue de Saint Michel Bethl\u00e9em artisanat en bois d'olivier (i.e. figurines, cr\u00e8ches, statues, sculptures)","breadcrumb":{"@id":"https:\/\/old.holyland-olivewood.com\/fr\/produit\/bethlehem-handicrafts-statue-de-saint-michael-en-bois-olive-sculpte-a-la-main-fi123\/#breadcrumb"},"inLanguage":"fr-FR","potentialAction":[{"@type":"ReadAction","target":["https:\/\/old.holyland-olivewood.com\/fr\/produit\/bethlehem-handicrafts-statue-de-saint-michael-en-bois-olive-sculpte-a-la-main-fi123\/"]}]},{"@type":"ImageObject","inLanguage":"fr-FR","@id":"https:\/\/old.holyland-olivewood.com\/fr\/produit\/bethlehem-handicrafts-statue-de-saint-michael-en-bois-olive-sculpte-a-la-main-fi123\/#primaryimage","url":"https:\/\/old.holyland-olivewood.com\/wp-content\/uploads\/2023\/06\/st_michael_holy_land_olive_wood_bethlehem_fi123-1.jpg","contentUrl":"https:\/\/old.holyland-olivewood.com\/wp-content\/uploads\/2023\/06\/st_michael_holy_land_olive_wood_bethlehem_fi123-1.jpg","width":1550,"height":1200},{"@type":"BreadcrumbList","@id":"https:\/\/old.holyland-olivewood.com\/fr\/produit\/bethlehem-handicrafts-statue-de-saint-michael-en-bois-olive-sculpte-a-la-main-fi123\/#breadcrumb","itemListElement":[{"@type":"ListItem","position":1,"name":"Home","item":"https:\/\/old.holyland-olivewood.com\/fr\/"},{"@type":"ListItem","position":2,"name":"Boutique","item":"https:\/\/old.holyland-olivewood.com\/fr\/boutique\/"},{"@type":"ListItem","position":3,"name":"Bethlehem Handicrafts Statue de Saint Michel en bois d&#8217;olivier sculpt\u00e9 \u00e0 la main #FI123"}]},{"@type":"WebSite","@id":"https:\/\/old.holyland-olivewood.com\/fr\/#website","url":"https:\/\/old.holyland-olivewood.com\/fr\/","name":"Holy Land Olive Wood - Bethlehem Olive Wood Factory","description":"Holy Land Olivewood Bethlehem","publisher":{"@id":"https:\/\/old.holyland-olivewood.com\/fr\/#organization"},"potentialAction":[{"@type":"SearchAction","target":{"@type":"EntryPoint","urlTemplate":"https:\/\/old.holyland-olivewood.com\/fr\/?s={search_term_string}"},"query-input":{"@type":"PropertyValueSpecification","valueRequired":true,"valueName":"search_term_string"}}],"inLanguage":"fr-FR"},{"@type":"Organization","@id":"https:\/\/old.holyland-olivewood.com\/fr\/#organization","name":"Holy Land Olivewood","url":"https:\/\/old.holyland-olivewood.com\/fr\/","logo":{"@type":"ImageObject","inLanguage":"fr-FR","@id":"https:\/\/old.holyland-olivewood.com\/fr\/#\/schema\/logo\/image\/","url":"","contentUrl":"","caption":"Holy Land Olivewood"},"image":{"@id":"https:\/\/old.holyland-olivewood.com\/fr\/#\/schema\/logo\/image\/"},"sameAs":["https:\/\/www.facebook.com\/holylandolivewood.bethlehem\/","http:\/\/instagram.com\/holy.land.olive.wood"]}]}},"_links":{"self":[{"href":"https:\/\/old.holyland-olivewood.com\/fr\/wp-json\/wp\/v2\/product\/53870","targetHints":{"allow":["GET"]}}],"collection":[{"href":"https:\/\/old.holyland-olivewood.com\/fr\/wp-json\/wp\/v2\/product"}],"about":[{"href":"https:\/\/old.holyland-olivewood.com\/fr\/wp-json\/wp\/v2\/types\/product"}],"wp:featuredmedia":[{"embeddable":true,"href":"https:\/\/old.holyland-olivewood.com\/fr\/wp-json\/wp\/v2\/media\/53871"}],"wp:attachment":[{"href":"https:\/\/old.holyland-olivewood.com\/fr\/wp-json\/wp\/v2\/media?parent=53870"}],"wp:term":[{"taxonomy":"product_brand","embeddable":true,"href":"https:\/\/old.holyland-olivewood.com\/fr\/wp-json\/wp\/v2\/product_brand?post=53870"},{"taxonomy":"product_cat","embeddable":true,"href":"https:\/\/old.holyland-olivewood.com\/fr\/wp-json\/wp\/v2\/product_cat?post=53870"},{"taxonomy":"product_tag","embeddable":true,"href":"https:\/\/old.holyland-olivewood.com\/fr\/wp-json\/wp\/v2\/product_tag?post=53870"}],"curies":[{"name":"wp","href":"https:\/\/api.w.org\/{rel}","templated":true}]}}