{"id":52579,"date":"2022-09-29T15:41:10","date_gmt":"2022-09-29T20:23:03","guid":{"rendered":"https:\/\/old.holyland-olivewood.com\/product\/grotte-de-la-nativite-en-bois-dolivier-na141\/"},"modified":"2022-09-29T20:23:03","modified_gmt":"2022-09-29T20:23:03","slug":"olivier-nativite-grotto-set-na141","status":"publish","type":"product","link":"https:\/\/old.holyland-olivewood.com\/fr\/produit\/olivier-nativite-grotto-set-na141\/","title":{"rendered":"Grotte de la Nativit\u00e9 en bois d&#8217;olivier #NA141"},"content":{"rendered":"","protected":false},"excerpt":{"rendered":"<p>Cette magnifique cr\u00e8che, dot\u00e9e d&#8217;une \u00e9table unique, est fabriqu\u00e9e \u00e0 la main en Terre Sainte \u00e0 partir de bois d&#8217;olivier authentique de Bethl\u00e9em r\u00e9colt\u00e9 de mani\u00e8re durable. Utilisant uniquement des oliviers non productifs de Terre Sainte, cette pi\u00e8ce faite \u00e0 la main r\u00e9v\u00e8le les \u00e9tonnants motifs du grain du bois d&#8217;olivier brut, sans aucun additif ni produit d&#8217;\u00e9tanch\u00e9it\u00e9. Les personnages comprennent Marie, Joseph et J\u00e9sus, les 3 rois mages et le petit berger. Les animaux comprennent l&#8217;\u00e2ne, la vache \u00e0 lait, deux agneaux et trois chameaux. Il est magnifiquement con\u00e7u et constitue un merveilleux th\u00e8me central pour la c\u00e9l\u00e9bration de No\u00ebl.<\/p>\n<p>La taille, la forme et l&#8217;apparence de cette \u00e9table de la Nativit\u00e9 peuvent varier en raison des divers motifs pr\u00e9sents dans le grain du bois d&#8217;olivier et du fait qu&#8217;elle est fabriqu\u00e9e \u00e0 la main, de sorte que chaque pi\u00e8ce est unique.<\/p>\n<p>Cet article comprend un certificat d&#8217;authenticit\u00e9 v\u00e9rifiant les mat\u00e9riaux et les techniques utilis\u00e9s pour fabriquer ce produit.<\/p>\n<p>Taille : 30,5 cm x 3,5 cm x 30,5 cm (12&#8243; x 12&#8243; x 12&#8243;)<\/p>\n","protected":false},"featured_media":56834,"template":"","meta":[],"product_brand":[],"product_cat":[1047,1190],"product_tag":[],"class_list":{"0":"post-52579","1":"product","2":"type-product","3":"status-publish","4":"has-post-thumbnail","6":"product_cat-kunsthaandvaerk-fr","7":"product_cat-ensembles-de-la-nativite","9":"first","10":"instock","11":"shipping-taxable","12":"purchasable","13":"product-type-simple"},"yoast_head":"<!-- This site is optimized with the Yoast SEO plugin v24.8.1 - https:\/\/yoast.com\/wordpress\/plugins\/seo\/ -->\n<title>Grotte de la Nativit\u00e9 en bois d&#039;olivier #NA141 - Holy Land Olive Wood - Bethlehem Olive Wood Factory<\/title>\n<meta name=\"robots\" content=\"index, follow, max-snippet:-1, max-image-preview:large, max-video-preview:-1\" \/>\n<link rel=\"canonical\" href=\"https:\/\/old.holyland-olivewood.com\/fr\/produit\/olivier-nativite-grotto-set-na141\/\" \/>\n<meta property=\"og:locale\" content=\"fr_FR\" \/>\n<meta property=\"og:type\" content=\"article\" \/>\n<meta property=\"og:title\" content=\"Grotte de la Nativit\u00e9 en bois d&#039;olivier #NA141 - Holy Land Olive Wood - Bethlehem Olive Wood Factory\" \/>\n<meta property=\"og:description\" content=\"Cette magnifique cr\u00e8che, dot\u00e9e d&#039;une \u00e9table unique, est fabriqu\u00e9e \u00e0 la main en Terre Sainte \u00e0 partir de bois d&#039;olivier authentique de Bethl\u00e9em r\u00e9colt\u00e9 de mani\u00e8re durable. Utilisant uniquement des oliviers non productifs de Terre Sainte, cette pi\u00e8ce faite \u00e0 la main r\u00e9v\u00e8le les \u00e9tonnants motifs du grain du bois d&#039;olivier brut, sans aucun additif ni produit d&#039;\u00e9tanch\u00e9it\u00e9. Les personnages comprennent Marie, Joseph et J\u00e9sus, les 3 rois mages et le petit berger. Les animaux comprennent l&#039;\u00e2ne, la vache \u00e0 lait, deux agneaux et trois chameaux. Il est magnifiquement con\u00e7u et constitue un merveilleux th\u00e8me central pour la c\u00e9l\u00e9bration de No\u00ebl. La taille, la forme et l&#039;apparence de cette \u00e9table de la Nativit\u00e9 peuvent varier en raison des divers motifs pr\u00e9sents dans le grain du bois d&#039;olivier et du fait qu&#039;elle est fabriqu\u00e9e \u00e0 la main, de sorte que chaque pi\u00e8ce est unique. Cet article comprend un certificat d&#039;authenticit\u00e9 v\u00e9rifiant les mat\u00e9riaux et les techniques utilis\u00e9s pour fabriquer ce produit. Taille : 30,5 cm x 3,5 cm x 30,5 cm (12&quot; x 12&quot; x 12&quot;)\" \/>\n<meta property=\"og:url\" content=\"https:\/\/old.holyland-olivewood.com\/fr\/produit\/olivier-nativite-grotto-set-na141\/\" \/>\n<meta property=\"og:site_name\" content=\"Holy Land Olive Wood - Bethlehem Olive Wood Factory\" \/>\n<meta property=\"article:publisher\" content=\"https:\/\/www.facebook.com\/holylandolivewood.bethlehem\/\" \/>\n<meta property=\"og:image\" content=\"https:\/\/old.holyland-olivewood.com\/wp-content\/uploads\/2021\/08\/holy-land_olive_wood_nativity_set_bethlehem_na141-1.jpg\" \/>\n\t<meta property=\"og:image:width\" content=\"1550\" \/>\n\t<meta property=\"og:image:height\" content=\"1200\" \/>\n\t<meta property=\"og:image:type\" content=\"image\/jpeg\" \/>\n<meta name=\"twitter:card\" content=\"summary_large_image\" \/>\n<script type=\"application\/ld+json\" class=\"yoast-schema-graph\">{\"@context\":\"https:\/\/schema.org\",\"@graph\":[{\"@type\":\"WebPage\",\"@id\":\"https:\/\/old.holyland-olivewood.com\/fr\/produit\/olivier-nativite-grotto-set-na141\/\",\"url\":\"https:\/\/old.holyland-olivewood.com\/fr\/produit\/olivier-nativite-grotto-set-na141\/\",\"name\":\"Grotte de la Nativit\u00e9 en bois d'olivier #NA141 - Holy Land Olive Wood - Bethlehem Olive Wood Factory\",\"isPartOf\":{\"@id\":\"https:\/\/old.holyland-olivewood.com\/fr\/#website\"},\"primaryImageOfPage\":{\"@id\":\"https:\/\/old.holyland-olivewood.com\/fr\/produit\/olivier-nativite-grotto-set-na141\/#primaryimage\"},\"image\":{\"@id\":\"https:\/\/old.holyland-olivewood.com\/fr\/produit\/olivier-nativite-grotto-set-na141\/#primaryimage\"},\"thumbnailUrl\":\"https:\/\/old.holyland-olivewood.com\/wp-content\/uploads\/2021\/08\/holy-land_olive_wood_nativity_set_bethlehem_na141-1.jpg\",\"datePublished\":\"2022-09-29T20:23:03+00:00\",\"breadcrumb\":{\"@id\":\"https:\/\/old.holyland-olivewood.com\/fr\/produit\/olivier-nativite-grotto-set-na141\/#breadcrumb\"},\"inLanguage\":\"fr-FR\",\"potentialAction\":[{\"@type\":\"ReadAction\",\"target\":[\"https:\/\/old.holyland-olivewood.com\/fr\/produit\/olivier-nativite-grotto-set-na141\/\"]}]},{\"@type\":\"ImageObject\",\"inLanguage\":\"fr-FR\",\"@id\":\"https:\/\/old.holyland-olivewood.com\/fr\/produit\/olivier-nativite-grotto-set-na141\/#primaryimage\",\"url\":\"https:\/\/old.holyland-olivewood.com\/wp-content\/uploads\/2021\/08\/holy-land_olive_wood_nativity_set_bethlehem_na141-1.jpg\",\"contentUrl\":\"https:\/\/old.holyland-olivewood.com\/wp-content\/uploads\/2021\/08\/holy-land_olive_wood_nativity_set_bethlehem_na141-1.jpg\",\"width\":1550,\"height\":1200},{\"@type\":\"BreadcrumbList\",\"@id\":\"https:\/\/old.holyland-olivewood.com\/fr\/produit\/olivier-nativite-grotto-set-na141\/#breadcrumb\",\"itemListElement\":[{\"@type\":\"ListItem\",\"position\":1,\"name\":\"Home\",\"item\":\"https:\/\/old.holyland-olivewood.com\/fr\/\"},{\"@type\":\"ListItem\",\"position\":2,\"name\":\"Boutique\",\"item\":\"https:\/\/old.holyland-olivewood.com\/fr\/boutique\/\"},{\"@type\":\"ListItem\",\"position\":3,\"name\":\"Grotte de la Nativit\u00e9 en bois d&#8217;olivier #NA141\"}]},{\"@type\":\"WebSite\",\"@id\":\"https:\/\/old.holyland-olivewood.com\/fr\/#website\",\"url\":\"https:\/\/old.holyland-olivewood.com\/fr\/\",\"name\":\"Holy Land Olive Wood - Bethlehem Olive Wood Factory\",\"description\":\"Holy Land Olivewood Bethlehem\",\"publisher\":{\"@id\":\"https:\/\/old.holyland-olivewood.com\/fr\/#organization\"},\"potentialAction\":[{\"@type\":\"SearchAction\",\"target\":{\"@type\":\"EntryPoint\",\"urlTemplate\":\"https:\/\/old.holyland-olivewood.com\/fr\/?s={search_term_string}\"},\"query-input\":{\"@type\":\"PropertyValueSpecification\",\"valueRequired\":true,\"valueName\":\"search_term_string\"}}],\"inLanguage\":\"fr-FR\"},{\"@type\":\"Organization\",\"@id\":\"https:\/\/old.holyland-olivewood.com\/fr\/#organization\",\"name\":\"Holy Land Olivewood\",\"url\":\"https:\/\/old.holyland-olivewood.com\/fr\/\",\"logo\":{\"@type\":\"ImageObject\",\"inLanguage\":\"fr-FR\",\"@id\":\"https:\/\/old.holyland-olivewood.com\/fr\/#\/schema\/logo\/image\/\",\"url\":\"\",\"contentUrl\":\"\",\"caption\":\"Holy Land Olivewood\"},\"image\":{\"@id\":\"https:\/\/old.holyland-olivewood.com\/fr\/#\/schema\/logo\/image\/\"},\"sameAs\":[\"https:\/\/www.facebook.com\/holylandolivewood.bethlehem\/\",\"http:\/\/instagram.com\/holy.land.olive.wood\"]}]}<\/script>\n<!-- \/ Yoast SEO plugin. -->","yoast_head_json":{"title":"Grotte de la Nativit\u00e9 en bois d'olivier #NA141 - Holy Land Olive Wood - Bethlehem Olive Wood Factory","robots":{"index":"index","follow":"follow","max-snippet":"max-snippet:-1","max-image-preview":"max-image-preview:large","max-video-preview":"max-video-preview:-1"},"canonical":"https:\/\/old.holyland-olivewood.com\/fr\/produit\/olivier-nativite-grotto-set-na141\/","og_locale":"fr_FR","og_type":"article","og_title":"Grotte de la Nativit\u00e9 en bois d'olivier #NA141 - Holy Land Olive Wood - Bethlehem Olive Wood Factory","og_description":"Cette magnifique cr\u00e8che, dot\u00e9e d'une \u00e9table unique, est fabriqu\u00e9e \u00e0 la main en Terre Sainte \u00e0 partir de bois d'olivier authentique de Bethl\u00e9em r\u00e9colt\u00e9 de mani\u00e8re durable. Utilisant uniquement des oliviers non productifs de Terre Sainte, cette pi\u00e8ce faite \u00e0 la main r\u00e9v\u00e8le les \u00e9tonnants motifs du grain du bois d'olivier brut, sans aucun additif ni produit d'\u00e9tanch\u00e9it\u00e9. Les personnages comprennent Marie, Joseph et J\u00e9sus, les 3 rois mages et le petit berger. Les animaux comprennent l'\u00e2ne, la vache \u00e0 lait, deux agneaux et trois chameaux. Il est magnifiquement con\u00e7u et constitue un merveilleux th\u00e8me central pour la c\u00e9l\u00e9bration de No\u00ebl. La taille, la forme et l'apparence de cette \u00e9table de la Nativit\u00e9 peuvent varier en raison des divers motifs pr\u00e9sents dans le grain du bois d'olivier et du fait qu'elle est fabriqu\u00e9e \u00e0 la main, de sorte que chaque pi\u00e8ce est unique. Cet article comprend un certificat d'authenticit\u00e9 v\u00e9rifiant les mat\u00e9riaux et les techniques utilis\u00e9s pour fabriquer ce produit. Taille : 30,5 cm x 3,5 cm x 30,5 cm (12\" x 12\" x 12\")","og_url":"https:\/\/old.holyland-olivewood.com\/fr\/produit\/olivier-nativite-grotto-set-na141\/","og_site_name":"Holy Land Olive Wood - Bethlehem Olive Wood Factory","article_publisher":"https:\/\/www.facebook.com\/holylandolivewood.bethlehem\/","og_image":[{"width":1550,"height":1200,"url":"https:\/\/old.holyland-olivewood.com\/wp-content\/uploads\/2021\/08\/holy-land_olive_wood_nativity_set_bethlehem_na141-1.jpg","type":"image\/jpeg"}],"twitter_card":"summary_large_image","schema":{"@context":"https:\/\/schema.org","@graph":[{"@type":"WebPage","@id":"https:\/\/old.holyland-olivewood.com\/fr\/produit\/olivier-nativite-grotto-set-na141\/","url":"https:\/\/old.holyland-olivewood.com\/fr\/produit\/olivier-nativite-grotto-set-na141\/","name":"Grotte de la Nativit\u00e9 en bois d'olivier #NA141 - Holy Land Olive Wood - Bethlehem Olive Wood Factory","isPartOf":{"@id":"https:\/\/old.holyland-olivewood.com\/fr\/#website"},"primaryImageOfPage":{"@id":"https:\/\/old.holyland-olivewood.com\/fr\/produit\/olivier-nativite-grotto-set-na141\/#primaryimage"},"image":{"@id":"https:\/\/old.holyland-olivewood.com\/fr\/produit\/olivier-nativite-grotto-set-na141\/#primaryimage"},"thumbnailUrl":"https:\/\/old.holyland-olivewood.com\/wp-content\/uploads\/2021\/08\/holy-land_olive_wood_nativity_set_bethlehem_na141-1.jpg","datePublished":"2022-09-29T20:23:03+00:00","breadcrumb":{"@id":"https:\/\/old.holyland-olivewood.com\/fr\/produit\/olivier-nativite-grotto-set-na141\/#breadcrumb"},"inLanguage":"fr-FR","potentialAction":[{"@type":"ReadAction","target":["https:\/\/old.holyland-olivewood.com\/fr\/produit\/olivier-nativite-grotto-set-na141\/"]}]},{"@type":"ImageObject","inLanguage":"fr-FR","@id":"https:\/\/old.holyland-olivewood.com\/fr\/produit\/olivier-nativite-grotto-set-na141\/#primaryimage","url":"https:\/\/old.holyland-olivewood.com\/wp-content\/uploads\/2021\/08\/holy-land_olive_wood_nativity_set_bethlehem_na141-1.jpg","contentUrl":"https:\/\/old.holyland-olivewood.com\/wp-content\/uploads\/2021\/08\/holy-land_olive_wood_nativity_set_bethlehem_na141-1.jpg","width":1550,"height":1200},{"@type":"BreadcrumbList","@id":"https:\/\/old.holyland-olivewood.com\/fr\/produit\/olivier-nativite-grotto-set-na141\/#breadcrumb","itemListElement":[{"@type":"ListItem","position":1,"name":"Home","item":"https:\/\/old.holyland-olivewood.com\/fr\/"},{"@type":"ListItem","position":2,"name":"Boutique","item":"https:\/\/old.holyland-olivewood.com\/fr\/boutique\/"},{"@type":"ListItem","position":3,"name":"Grotte de la Nativit\u00e9 en bois d&#8217;olivier #NA141"}]},{"@type":"WebSite","@id":"https:\/\/old.holyland-olivewood.com\/fr\/#website","url":"https:\/\/old.holyland-olivewood.com\/fr\/","name":"Holy Land Olive Wood - Bethlehem Olive Wood Factory","description":"Holy Land Olivewood Bethlehem","publisher":{"@id":"https:\/\/old.holyland-olivewood.com\/fr\/#organization"},"potentialAction":[{"@type":"SearchAction","target":{"@type":"EntryPoint","urlTemplate":"https:\/\/old.holyland-olivewood.com\/fr\/?s={search_term_string}"},"query-input":{"@type":"PropertyValueSpecification","valueRequired":true,"valueName":"search_term_string"}}],"inLanguage":"fr-FR"},{"@type":"Organization","@id":"https:\/\/old.holyland-olivewood.com\/fr\/#organization","name":"Holy Land Olivewood","url":"https:\/\/old.holyland-olivewood.com\/fr\/","logo":{"@type":"ImageObject","inLanguage":"fr-FR","@id":"https:\/\/old.holyland-olivewood.com\/fr\/#\/schema\/logo\/image\/","url":"","contentUrl":"","caption":"Holy Land Olivewood"},"image":{"@id":"https:\/\/old.holyland-olivewood.com\/fr\/#\/schema\/logo\/image\/"},"sameAs":["https:\/\/www.facebook.com\/holylandolivewood.bethlehem\/","http:\/\/instagram.com\/holy.land.olive.wood"]}]}},"_links":{"self":[{"href":"https:\/\/old.holyland-olivewood.com\/fr\/wp-json\/wp\/v2\/product\/52579","targetHints":{"allow":["GET"]}}],"collection":[{"href":"https:\/\/old.holyland-olivewood.com\/fr\/wp-json\/wp\/v2\/product"}],"about":[{"href":"https:\/\/old.holyland-olivewood.com\/fr\/wp-json\/wp\/v2\/types\/product"}],"wp:featuredmedia":[{"embeddable":true,"href":"https:\/\/old.holyland-olivewood.com\/fr\/wp-json\/wp\/v2\/media\/56834"}],"wp:attachment":[{"href":"https:\/\/old.holyland-olivewood.com\/fr\/wp-json\/wp\/v2\/media?parent=52579"}],"wp:term":[{"taxonomy":"product_brand","embeddable":true,"href":"https:\/\/old.holyland-olivewood.com\/fr\/wp-json\/wp\/v2\/product_brand?post=52579"},{"taxonomy":"product_cat","embeddable":true,"href":"https:\/\/old.holyland-olivewood.com\/fr\/wp-json\/wp\/v2\/product_cat?post=52579"},{"taxonomy":"product_tag","embeddable":true,"href":"https:\/\/old.holyland-olivewood.com\/fr\/wp-json\/wp\/v2\/product_tag?post=52579"}],"curies":[{"name":"wp","href":"https:\/\/api.w.org\/{rel}","templated":true}]}}