{"id":46901,"date":"2016-05-30T18:33:19","date_gmt":"2022-02-11T20:05:15","guid":{"rendered":"https:\/\/old.holyland-olivewood.com\/product\/bol-en-bois-dolivier-naturel-vierge-3-x-3-x-2-bo104\/"},"modified":"2022-02-11T20:05:15","modified_gmt":"2022-02-11T20:05:15","slug":"naturel-bois-dolivier-bol-blanc-3-x-3-x-2","status":"publish","type":"product","link":"https:\/\/old.holyland-olivewood.com\/fr\/produit\/naturel-bois-dolivier-bol-blanc-3-x-3-x-2\/","title":{"rendered":"Bol en bois d\u2019olivier naturel vierge (3&nbsp;\u00bb x 3&nbsp;\u00bb x 2&nbsp;\u00bb) #BO104"},"content":{"rendered":"","protected":false},"excerpt":{"rendered":"<p>Ces \u00e9bauches de bol en bois d\u2019olivier brut de Bethl\u00e9em proviennent de sources durables provenant d\u2019oliveraies situ\u00e9es dans les collines environnantes de Bethl\u00e9em pendant la saison de taille annuelle et sont stock\u00e9es pour s\u00e9cher pendant au moins un an avant l\u2019exp\u00e9dition, ce qui les rend pr\u00eates pour le travail du bois. Ils sont vendus en vrac et chaque commande contiendra des blancs <span class=\"gt-card-ttl-txt\">d\u2019\u00e9paisseur<\/span> variable.<\/p>\n<p>Cet article comprend un certificat d\u2019authenticit\u00e9 v\u00e9rifiant les mat\u00e9riaux et les techniques utilis\u00e9s pour fabriquer ce produit.<\/p>\n<p>Taille: 7,5 cm x 7,5 cm x 5 cm (3&nbsp;\u00bb x 3&nbsp;\u00bb x 2&nbsp;\u00bb)<\/p>\n<p>&nbsp;<\/p>\n","protected":false},"featured_media":27628,"template":"","meta":[],"product_brand":[],"product_cat":[1527,3877],"product_tag":[1542,1543,1533,1529,1536,1530,1539,1535,1540,1101,1538,1532,1541,1070,1534,1537,1528,1544,1073,1531],"class_list":{"0":"post-46901","1":"product","2":"type-product","3":"status-publish","4":"has-post-thumbnail","6":"product_cat-bois-dolivier","7":"product_cat-ebauches-de-bol","8":"product_tag-artisanat","9":"product_tag-bethleem-jerusalem","10":"product_tag-blanc","11":"product_tag-blancs","12":"product_tag-block-fr","13":"product_tag-bol","14":"product_tag-bricolage","15":"product_tag-dalles","16":"product_tag-fait-maison","17":"product_tag-haandlavet-fr","18":"product_tag-journaux","19":"product_tag-kits-fr","20":"product_tag-metier","21":"product_tag-oliven-fr","22":"product_tag-plaque-fr","23":"product_tag-rapport","24":"product_tag-stylo","25":"product_tag-terre-sainte","26":"product_tag-trae-fr","27":"product_tag-trousse","29":"first","30":"instock","31":"shipping-taxable","32":"purchasable","33":"product-type-simple"},"yoast_head":"<!-- This site is optimized with the Yoast SEO plugin v24.8.1 - https:\/\/yoast.com\/wordpress\/plugins\/seo\/ -->\n<title>Bol en bois d\u2019olivier naturel vierge (3&nbsp;\u00bb x 3&nbsp;\u00bb x 2&nbsp;\u00bb) #BO104 - Holy Land Olive Wood - Bethlehem Olive Wood Factory<\/title>\n<meta name=\"description\" content=\"Artisanat en bois d\u2019olivier de Bethl\u00e9em (c\u2019est-\u00e0-dire chapelets, ustensiles de cuisine, nativit\u00e9, ensembles, perles), sculptures \u00e0 l\u2019\u00e9trier, dalles, blocs et stock brut dans les dimensions standard et personnalis\u00e9es.\" \/>\n<meta name=\"robots\" content=\"index, follow, max-snippet:-1, max-image-preview:large, max-video-preview:-1\" \/>\n<link rel=\"canonical\" href=\"https:\/\/old.holyland-olivewood.com\/fr\/produit\/naturel-bois-dolivier-bol-blanc-3-x-3-x-2\/\" \/>\n<meta property=\"og:locale\" content=\"fr_FR\" \/>\n<meta property=\"og:type\" content=\"article\" \/>\n<meta property=\"og:title\" content=\"Bol en bois d\u2019olivier naturel vierge (3&nbsp;\u00bb x 3&nbsp;\u00bb x 2&nbsp;\u00bb) #BO104 - Holy Land Olive Wood - Bethlehem Olive Wood Factory\" \/>\n<meta property=\"og:description\" content=\"Artisanat en bois d\u2019olivier de Bethl\u00e9em (c\u2019est-\u00e0-dire chapelets, ustensiles de cuisine, nativit\u00e9, ensembles, perles), sculptures \u00e0 l\u2019\u00e9trier, dalles, blocs et stock brut dans les dimensions standard et personnalis\u00e9es.\" \/>\n<meta property=\"og:url\" content=\"https:\/\/old.holyland-olivewood.com\/fr\/produit\/naturel-bois-dolivier-bol-blanc-3-x-3-x-2\/\" \/>\n<meta property=\"og:site_name\" content=\"Holy Land Olive Wood - Bethlehem Olive Wood Factory\" \/>\n<meta property=\"article:publisher\" content=\"https:\/\/www.facebook.com\/holylandolivewood.bethlehem\/\" \/>\n<meta property=\"og:image\" content=\"https:\/\/old.holyland-olivewood.com\/wp-content\/uploads\/2016\/05\/natural_bowl_blanks_holy_land_olive_wood_bethlehem.jpg\" \/>\n\t<meta property=\"og:image:width\" content=\"1550\" \/>\n\t<meta property=\"og:image:height\" content=\"1200\" \/>\n\t<meta property=\"og:image:type\" content=\"image\/jpeg\" \/>\n<meta name=\"twitter:card\" content=\"summary_large_image\" \/>\n<script type=\"application\/ld+json\" class=\"yoast-schema-graph\">{\"@context\":\"https:\/\/schema.org\",\"@graph\":[{\"@type\":\"WebPage\",\"@id\":\"https:\/\/old.holyland-olivewood.com\/fr\/produit\/naturel-bois-dolivier-bol-blanc-3-x-3-x-2\/\",\"url\":\"https:\/\/old.holyland-olivewood.com\/fr\/produit\/naturel-bois-dolivier-bol-blanc-3-x-3-x-2\/\",\"name\":\"Bol en bois d\u2019olivier naturel vierge (3&nbsp;\u00bb x 3&nbsp;\u00bb x 2&nbsp;\u00bb) #BO104 - Holy Land Olive Wood - Bethlehem Olive Wood Factory\",\"isPartOf\":{\"@id\":\"https:\/\/old.holyland-olivewood.com\/fr\/#website\"},\"primaryImageOfPage\":{\"@id\":\"https:\/\/old.holyland-olivewood.com\/fr\/produit\/naturel-bois-dolivier-bol-blanc-3-x-3-x-2\/#primaryimage\"},\"image\":{\"@id\":\"https:\/\/old.holyland-olivewood.com\/fr\/produit\/naturel-bois-dolivier-bol-blanc-3-x-3-x-2\/#primaryimage\"},\"thumbnailUrl\":\"https:\/\/old.holyland-olivewood.com\/wp-content\/uploads\/2016\/05\/natural_bowl_blanks_holy_land_olive_wood_bethlehem.jpg\",\"datePublished\":\"2022-02-11T20:05:15+00:00\",\"description\":\"Artisanat en bois d\u2019olivier de Bethl\u00e9em (c\u2019est-\u00e0-dire chapelets, ustensiles de cuisine, nativit\u00e9, ensembles, perles), sculptures \u00e0 l\u2019\u00e9trier, dalles, blocs et stock brut dans les dimensions standard et personnalis\u00e9es.\",\"breadcrumb\":{\"@id\":\"https:\/\/old.holyland-olivewood.com\/fr\/produit\/naturel-bois-dolivier-bol-blanc-3-x-3-x-2\/#breadcrumb\"},\"inLanguage\":\"fr-FR\",\"potentialAction\":[{\"@type\":\"ReadAction\",\"target\":[\"https:\/\/old.holyland-olivewood.com\/fr\/produit\/naturel-bois-dolivier-bol-blanc-3-x-3-x-2\/\"]}]},{\"@type\":\"ImageObject\",\"inLanguage\":\"fr-FR\",\"@id\":\"https:\/\/old.holyland-olivewood.com\/fr\/produit\/naturel-bois-dolivier-bol-blanc-3-x-3-x-2\/#primaryimage\",\"url\":\"https:\/\/old.holyland-olivewood.com\/wp-content\/uploads\/2016\/05\/natural_bowl_blanks_holy_land_olive_wood_bethlehem.jpg\",\"contentUrl\":\"https:\/\/old.holyland-olivewood.com\/wp-content\/uploads\/2016\/05\/natural_bowl_blanks_holy_land_olive_wood_bethlehem.jpg\",\"width\":1550,\"height\":1200},{\"@type\":\"BreadcrumbList\",\"@id\":\"https:\/\/old.holyland-olivewood.com\/fr\/produit\/naturel-bois-dolivier-bol-blanc-3-x-3-x-2\/#breadcrumb\",\"itemListElement\":[{\"@type\":\"ListItem\",\"position\":1,\"name\":\"Home\",\"item\":\"https:\/\/old.holyland-olivewood.com\/fr\/\"},{\"@type\":\"ListItem\",\"position\":2,\"name\":\"Boutique\",\"item\":\"https:\/\/old.holyland-olivewood.com\/fr\/boutique\/\"},{\"@type\":\"ListItem\",\"position\":3,\"name\":\"Bol en bois d\u2019olivier naturel vierge (3&nbsp;\u00bb x 3&nbsp;\u00bb x 2&nbsp;\u00bb) #BO104\"}]},{\"@type\":\"WebSite\",\"@id\":\"https:\/\/old.holyland-olivewood.com\/fr\/#website\",\"url\":\"https:\/\/old.holyland-olivewood.com\/fr\/\",\"name\":\"Holy Land Olive Wood - Bethlehem Olive Wood Factory\",\"description\":\"Holy Land Olivewood Bethlehem\",\"publisher\":{\"@id\":\"https:\/\/old.holyland-olivewood.com\/fr\/#organization\"},\"potentialAction\":[{\"@type\":\"SearchAction\",\"target\":{\"@type\":\"EntryPoint\",\"urlTemplate\":\"https:\/\/old.holyland-olivewood.com\/fr\/?s={search_term_string}\"},\"query-input\":{\"@type\":\"PropertyValueSpecification\",\"valueRequired\":true,\"valueName\":\"search_term_string\"}}],\"inLanguage\":\"fr-FR\"},{\"@type\":\"Organization\",\"@id\":\"https:\/\/old.holyland-olivewood.com\/fr\/#organization\",\"name\":\"Holy Land Olivewood\",\"url\":\"https:\/\/old.holyland-olivewood.com\/fr\/\",\"logo\":{\"@type\":\"ImageObject\",\"inLanguage\":\"fr-FR\",\"@id\":\"https:\/\/old.holyland-olivewood.com\/fr\/#\/schema\/logo\/image\/\",\"url\":\"\",\"contentUrl\":\"\",\"caption\":\"Holy Land Olivewood\"},\"image\":{\"@id\":\"https:\/\/old.holyland-olivewood.com\/fr\/#\/schema\/logo\/image\/\"},\"sameAs\":[\"https:\/\/www.facebook.com\/holylandolivewood.bethlehem\/\",\"http:\/\/instagram.com\/holy.land.olive.wood\"]}]}<\/script>\n<!-- \/ Yoast SEO plugin. -->","yoast_head_json":{"title":"Bol en bois d\u2019olivier naturel vierge (3&nbsp;\u00bb x 3&nbsp;\u00bb x 2&nbsp;\u00bb) #BO104 - Holy Land Olive Wood - Bethlehem Olive Wood Factory","description":"Artisanat en bois d\u2019olivier de Bethl\u00e9em (c\u2019est-\u00e0-dire chapelets, ustensiles de cuisine, nativit\u00e9, ensembles, perles), sculptures \u00e0 l\u2019\u00e9trier, dalles, blocs et stock brut dans les dimensions standard et personnalis\u00e9es.","robots":{"index":"index","follow":"follow","max-snippet":"max-snippet:-1","max-image-preview":"max-image-preview:large","max-video-preview":"max-video-preview:-1"},"canonical":"https:\/\/old.holyland-olivewood.com\/fr\/produit\/naturel-bois-dolivier-bol-blanc-3-x-3-x-2\/","og_locale":"fr_FR","og_type":"article","og_title":"Bol en bois d\u2019olivier naturel vierge (3&nbsp;\u00bb x 3&nbsp;\u00bb x 2&nbsp;\u00bb) #BO104 - Holy Land Olive Wood - Bethlehem Olive Wood Factory","og_description":"Artisanat en bois d\u2019olivier de Bethl\u00e9em (c\u2019est-\u00e0-dire chapelets, ustensiles de cuisine, nativit\u00e9, ensembles, perles), sculptures \u00e0 l\u2019\u00e9trier, dalles, blocs et stock brut dans les dimensions standard et personnalis\u00e9es.","og_url":"https:\/\/old.holyland-olivewood.com\/fr\/produit\/naturel-bois-dolivier-bol-blanc-3-x-3-x-2\/","og_site_name":"Holy Land Olive Wood - Bethlehem Olive Wood Factory","article_publisher":"https:\/\/www.facebook.com\/holylandolivewood.bethlehem\/","og_image":[{"width":1550,"height":1200,"url":"https:\/\/old.holyland-olivewood.com\/wp-content\/uploads\/2016\/05\/natural_bowl_blanks_holy_land_olive_wood_bethlehem.jpg","type":"image\/jpeg"}],"twitter_card":"summary_large_image","schema":{"@context":"https:\/\/schema.org","@graph":[{"@type":"WebPage","@id":"https:\/\/old.holyland-olivewood.com\/fr\/produit\/naturel-bois-dolivier-bol-blanc-3-x-3-x-2\/","url":"https:\/\/old.holyland-olivewood.com\/fr\/produit\/naturel-bois-dolivier-bol-blanc-3-x-3-x-2\/","name":"Bol en bois d\u2019olivier naturel vierge (3&nbsp;\u00bb x 3&nbsp;\u00bb x 2&nbsp;\u00bb) #BO104 - Holy Land Olive Wood - Bethlehem Olive Wood Factory","isPartOf":{"@id":"https:\/\/old.holyland-olivewood.com\/fr\/#website"},"primaryImageOfPage":{"@id":"https:\/\/old.holyland-olivewood.com\/fr\/produit\/naturel-bois-dolivier-bol-blanc-3-x-3-x-2\/#primaryimage"},"image":{"@id":"https:\/\/old.holyland-olivewood.com\/fr\/produit\/naturel-bois-dolivier-bol-blanc-3-x-3-x-2\/#primaryimage"},"thumbnailUrl":"https:\/\/old.holyland-olivewood.com\/wp-content\/uploads\/2016\/05\/natural_bowl_blanks_holy_land_olive_wood_bethlehem.jpg","datePublished":"2022-02-11T20:05:15+00:00","description":"Artisanat en bois d\u2019olivier de Bethl\u00e9em (c\u2019est-\u00e0-dire chapelets, ustensiles de cuisine, nativit\u00e9, ensembles, perles), sculptures \u00e0 l\u2019\u00e9trier, dalles, blocs et stock brut dans les dimensions standard et personnalis\u00e9es.","breadcrumb":{"@id":"https:\/\/old.holyland-olivewood.com\/fr\/produit\/naturel-bois-dolivier-bol-blanc-3-x-3-x-2\/#breadcrumb"},"inLanguage":"fr-FR","potentialAction":[{"@type":"ReadAction","target":["https:\/\/old.holyland-olivewood.com\/fr\/produit\/naturel-bois-dolivier-bol-blanc-3-x-3-x-2\/"]}]},{"@type":"ImageObject","inLanguage":"fr-FR","@id":"https:\/\/old.holyland-olivewood.com\/fr\/produit\/naturel-bois-dolivier-bol-blanc-3-x-3-x-2\/#primaryimage","url":"https:\/\/old.holyland-olivewood.com\/wp-content\/uploads\/2016\/05\/natural_bowl_blanks_holy_land_olive_wood_bethlehem.jpg","contentUrl":"https:\/\/old.holyland-olivewood.com\/wp-content\/uploads\/2016\/05\/natural_bowl_blanks_holy_land_olive_wood_bethlehem.jpg","width":1550,"height":1200},{"@type":"BreadcrumbList","@id":"https:\/\/old.holyland-olivewood.com\/fr\/produit\/naturel-bois-dolivier-bol-blanc-3-x-3-x-2\/#breadcrumb","itemListElement":[{"@type":"ListItem","position":1,"name":"Home","item":"https:\/\/old.holyland-olivewood.com\/fr\/"},{"@type":"ListItem","position":2,"name":"Boutique","item":"https:\/\/old.holyland-olivewood.com\/fr\/boutique\/"},{"@type":"ListItem","position":3,"name":"Bol en bois d\u2019olivier naturel vierge (3&nbsp;\u00bb x 3&nbsp;\u00bb x 2&nbsp;\u00bb) #BO104"}]},{"@type":"WebSite","@id":"https:\/\/old.holyland-olivewood.com\/fr\/#website","url":"https:\/\/old.holyland-olivewood.com\/fr\/","name":"Holy Land Olive Wood - Bethlehem Olive Wood Factory","description":"Holy Land Olivewood Bethlehem","publisher":{"@id":"https:\/\/old.holyland-olivewood.com\/fr\/#organization"},"potentialAction":[{"@type":"SearchAction","target":{"@type":"EntryPoint","urlTemplate":"https:\/\/old.holyland-olivewood.com\/fr\/?s={search_term_string}"},"query-input":{"@type":"PropertyValueSpecification","valueRequired":true,"valueName":"search_term_string"}}],"inLanguage":"fr-FR"},{"@type":"Organization","@id":"https:\/\/old.holyland-olivewood.com\/fr\/#organization","name":"Holy Land Olivewood","url":"https:\/\/old.holyland-olivewood.com\/fr\/","logo":{"@type":"ImageObject","inLanguage":"fr-FR","@id":"https:\/\/old.holyland-olivewood.com\/fr\/#\/schema\/logo\/image\/","url":"","contentUrl":"","caption":"Holy Land Olivewood"},"image":{"@id":"https:\/\/old.holyland-olivewood.com\/fr\/#\/schema\/logo\/image\/"},"sameAs":["https:\/\/www.facebook.com\/holylandolivewood.bethlehem\/","http:\/\/instagram.com\/holy.land.olive.wood"]}]}},"_links":{"self":[{"href":"https:\/\/old.holyland-olivewood.com\/fr\/wp-json\/wp\/v2\/product\/46901","targetHints":{"allow":["GET"]}}],"collection":[{"href":"https:\/\/old.holyland-olivewood.com\/fr\/wp-json\/wp\/v2\/product"}],"about":[{"href":"https:\/\/old.holyland-olivewood.com\/fr\/wp-json\/wp\/v2\/types\/product"}],"wp:featuredmedia":[{"embeddable":true,"href":"https:\/\/old.holyland-olivewood.com\/fr\/wp-json\/wp\/v2\/media\/27628"}],"wp:attachment":[{"href":"https:\/\/old.holyland-olivewood.com\/fr\/wp-json\/wp\/v2\/media?parent=46901"}],"wp:term":[{"taxonomy":"product_brand","embeddable":true,"href":"https:\/\/old.holyland-olivewood.com\/fr\/wp-json\/wp\/v2\/product_brand?post=46901"},{"taxonomy":"product_cat","embeddable":true,"href":"https:\/\/old.holyland-olivewood.com\/fr\/wp-json\/wp\/v2\/product_cat?post=46901"},{"taxonomy":"product_tag","embeddable":true,"href":"https:\/\/old.holyland-olivewood.com\/fr\/wp-json\/wp\/v2\/product_tag?post=46901"}],"curies":[{"name":"wp","href":"https:\/\/api.w.org\/{rel}","templated":true}]}}