{"id":46621,"date":"2016-05-30T19:45:11","date_gmt":"2022-02-11T19:11:19","guid":{"rendered":"https:\/\/old.holyland-olivewood.com\/product\/croix-en-bois-dolivier-du-rosaire-5-cm-2-b111\/"},"modified":"2022-02-11T19:11:19","modified_gmt":"2022-02-11T19:11:19","slug":"chapelet-bois-dolivier-croix-5-cm-2","status":"publish","type":"product","link":"https:\/\/old.holyland-olivewood.com\/fr\/produit\/chapelet-bois-dolivier-croix-5-cm-2\/","title":{"rendered":"Croix en bois d\u2019olivier du Rosaire (5 cm \/ 2&nbsp;\u00bb) #B111"},"content":{"rendered":"","protected":false},"excerpt":{"rendered":"<p>Cette croix du chapelet est fabriqu\u00e9e \u00e0 la main en Terre Sainte \u00e0 partir d\u2019oliviers de Bethl\u00e9em authentiques r\u00e9colt\u00e9s de mani\u00e8re durable. Cr\u00e9ez votre propre chapelet unique en utilisant cette belle croix.<br \/>\nNous pouvons \u00e9galement vous fournir des pi\u00e8ces de chapelet de haute qualit\u00e9 telles que des centres de table et des perles de bois d\u2019olivier fabriqu\u00e9es \u00e0 Bethl\u00e9em.<\/p>\n<p>Cet article comprend un certificat d\u2019authenticit\u00e9 v\u00e9rifiant les mat\u00e9riaux et les techniques utilis\u00e9s pour fabriquer ce produit.<\/p>\n<p>Taille: 5 cm (2&nbsp;\u00bb)<\/p>\n","protected":false},"featured_media":27792,"template":"","meta":[],"product_brand":[],"product_cat":[1744,2114],"product_tag":[1050,1193,2118,2136,1117,1753,2141,2132,1151,1101,1121,1090,1100,4077,1096,1115,1174,1147,1134,1129,1125,2146,1158,1070,1078,1176,2121,2150,2153,2125,1108,1055,2128,1073,1084],"class_list":{"0":"post-46621","1":"product","2":"type-product","3":"status-publish","4":"has-post-thumbnail","6":"product_cat-divers","7":"product_cat-perles-et-quincaillerie-du-rosaire","8":"product_tag-betlehem-fr","9":"product_tag-cadeaux","10":"product_tag-chapelet","11":"product_tag-corde-fr-2","12":"product_tag-donnerent","13":"product_tag-eau","14":"product_tag-enfant","15":"product_tag-ficelle","16":"product_tag-foedselskirken-fr","17":"product_tag-haandlavet-fr","18":"product_tag-haandvaerk-fr","19":"product_tag-hellig-fr","20":"product_tag-jerusalem-fr","21":"product_tag-jesus-fr-2","22":"product_tag-jord-fr","23":"product_tag-juil","24":"product_tag-katolsk-fr","25":"product_tag-kirke-fr","26":"product_tag-kors-fr","27":"product_tag-kristen-fr","28":"product_tag-kunsthaandvaerk-fr","29":"product_tag-materiel","30":"product_tag-mor-fr","31":"product_tag-oliven-fr","32":"product_tag-oliventrae-fr","33":"product_tag-ortodoks-fr","34":"product_tag-ovale","35":"product_tag-piece-maitresse","36":"product_tag-pieces-maitresses","37":"product_tag-rond","38":"product_tag-rosenkrans-fr","39":"product_tag-rosenkranse-fr","40":"product_tag-sculpte","41":"product_tag-trae-fr","42":"product_tag-udskaering-fr","44":"first","45":"instock","46":"shipping-taxable","47":"purchasable","48":"product-type-simple"},"yoast_head":"<!-- This site is optimized with the Yoast SEO plugin v24.8.1 - https:\/\/yoast.com\/wordpress\/plugins\/seo\/ -->\n<title>Croix en bois d\u2019olivier du Rosaire (5 cm \/ 2&nbsp;\u00bb) #B111 - Holy Land Olive Wood - Bethlehem Olive Wood Factory<\/title>\n<meta name=\"description\" content=\"Artisanat en bois d\u2019olivier de Bethl\u00e9em (c\u2019est-\u00e0-dire chapelets, ovale, sculpt\u00e9, rond, perles), sculptures, centres de table et stock brut dans les dimensions standard et personnalis\u00e9es.\" \/>\n<meta name=\"robots\" content=\"index, follow, max-snippet:-1, max-image-preview:large, max-video-preview:-1\" \/>\n<link rel=\"canonical\" href=\"https:\/\/old.holyland-olivewood.com\/fr\/produit\/chapelet-bois-dolivier-croix-5-cm-2\/\" \/>\n<meta property=\"og:locale\" content=\"fr_FR\" \/>\n<meta property=\"og:type\" content=\"article\" \/>\n<meta property=\"og:title\" content=\"Croix en bois d\u2019olivier du Rosaire (5 cm \/ 2&nbsp;\u00bb) #B111 - Holy Land Olive Wood - Bethlehem Olive Wood Factory\" \/>\n<meta property=\"og:description\" content=\"Artisanat en bois d\u2019olivier de Bethl\u00e9em (c\u2019est-\u00e0-dire chapelets, ovale, sculpt\u00e9, rond, perles), sculptures, centres de table et stock brut dans les dimensions standard et personnalis\u00e9es.\" \/>\n<meta property=\"og:url\" content=\"https:\/\/old.holyland-olivewood.com\/fr\/produit\/chapelet-bois-dolivier-croix-5-cm-2\/\" \/>\n<meta property=\"og:site_name\" content=\"Holy Land Olive Wood - Bethlehem Olive Wood Factory\" \/>\n<meta property=\"article:publisher\" content=\"https:\/\/www.facebook.com\/holylandolivewood.bethlehem\/\" \/>\n<meta property=\"og:image\" content=\"https:\/\/old.holyland-olivewood.com\/wp-content\/uploads\/2016\/05\/rosary_corss_holy_land_olive_wood_b111.jpg\" \/>\n\t<meta property=\"og:image:width\" content=\"1550\" \/>\n\t<meta property=\"og:image:height\" content=\"1200\" \/>\n\t<meta property=\"og:image:type\" content=\"image\/jpeg\" \/>\n<meta name=\"twitter:card\" content=\"summary_large_image\" \/>\n<script type=\"application\/ld+json\" class=\"yoast-schema-graph\">{\"@context\":\"https:\/\/schema.org\",\"@graph\":[{\"@type\":\"WebPage\",\"@id\":\"https:\/\/old.holyland-olivewood.com\/fr\/produit\/chapelet-bois-dolivier-croix-5-cm-2\/\",\"url\":\"https:\/\/old.holyland-olivewood.com\/fr\/produit\/chapelet-bois-dolivier-croix-5-cm-2\/\",\"name\":\"Croix en bois d\u2019olivier du Rosaire (5 cm \/ 2&nbsp;\u00bb) #B111 - Holy Land Olive Wood - Bethlehem Olive Wood Factory\",\"isPartOf\":{\"@id\":\"https:\/\/old.holyland-olivewood.com\/fr\/#website\"},\"primaryImageOfPage\":{\"@id\":\"https:\/\/old.holyland-olivewood.com\/fr\/produit\/chapelet-bois-dolivier-croix-5-cm-2\/#primaryimage\"},\"image\":{\"@id\":\"https:\/\/old.holyland-olivewood.com\/fr\/produit\/chapelet-bois-dolivier-croix-5-cm-2\/#primaryimage\"},\"thumbnailUrl\":\"https:\/\/old.holyland-olivewood.com\/wp-content\/uploads\/2016\/05\/rosary_corss_holy_land_olive_wood_b111.jpg\",\"datePublished\":\"2022-02-11T19:11:19+00:00\",\"description\":\"Artisanat en bois d\u2019olivier de Bethl\u00e9em (c\u2019est-\u00e0-dire chapelets, ovale, sculpt\u00e9, rond, perles), sculptures, centres de table et stock brut dans les dimensions standard et personnalis\u00e9es.\",\"breadcrumb\":{\"@id\":\"https:\/\/old.holyland-olivewood.com\/fr\/produit\/chapelet-bois-dolivier-croix-5-cm-2\/#breadcrumb\"},\"inLanguage\":\"fr-FR\",\"potentialAction\":[{\"@type\":\"ReadAction\",\"target\":[\"https:\/\/old.holyland-olivewood.com\/fr\/produit\/chapelet-bois-dolivier-croix-5-cm-2\/\"]}]},{\"@type\":\"ImageObject\",\"inLanguage\":\"fr-FR\",\"@id\":\"https:\/\/old.holyland-olivewood.com\/fr\/produit\/chapelet-bois-dolivier-croix-5-cm-2\/#primaryimage\",\"url\":\"https:\/\/old.holyland-olivewood.com\/wp-content\/uploads\/2016\/05\/rosary_corss_holy_land_olive_wood_b111.jpg\",\"contentUrl\":\"https:\/\/old.holyland-olivewood.com\/wp-content\/uploads\/2016\/05\/rosary_corss_holy_land_olive_wood_b111.jpg\",\"width\":1550,\"height\":1200},{\"@type\":\"BreadcrumbList\",\"@id\":\"https:\/\/old.holyland-olivewood.com\/fr\/produit\/chapelet-bois-dolivier-croix-5-cm-2\/#breadcrumb\",\"itemListElement\":[{\"@type\":\"ListItem\",\"position\":1,\"name\":\"Home\",\"item\":\"https:\/\/old.holyland-olivewood.com\/fr\/\"},{\"@type\":\"ListItem\",\"position\":2,\"name\":\"Boutique\",\"item\":\"https:\/\/old.holyland-olivewood.com\/fr\/boutique\/\"},{\"@type\":\"ListItem\",\"position\":3,\"name\":\"Croix en bois d\u2019olivier du Rosaire (5 cm \/ 2&nbsp;\u00bb) #B111\"}]},{\"@type\":\"WebSite\",\"@id\":\"https:\/\/old.holyland-olivewood.com\/fr\/#website\",\"url\":\"https:\/\/old.holyland-olivewood.com\/fr\/\",\"name\":\"Holy Land Olive Wood - Bethlehem Olive Wood Factory\",\"description\":\"Holy Land Olivewood Bethlehem\",\"publisher\":{\"@id\":\"https:\/\/old.holyland-olivewood.com\/fr\/#organization\"},\"potentialAction\":[{\"@type\":\"SearchAction\",\"target\":{\"@type\":\"EntryPoint\",\"urlTemplate\":\"https:\/\/old.holyland-olivewood.com\/fr\/?s={search_term_string}\"},\"query-input\":{\"@type\":\"PropertyValueSpecification\",\"valueRequired\":true,\"valueName\":\"search_term_string\"}}],\"inLanguage\":\"fr-FR\"},{\"@type\":\"Organization\",\"@id\":\"https:\/\/old.holyland-olivewood.com\/fr\/#organization\",\"name\":\"Holy Land Olivewood\",\"url\":\"https:\/\/old.holyland-olivewood.com\/fr\/\",\"logo\":{\"@type\":\"ImageObject\",\"inLanguage\":\"fr-FR\",\"@id\":\"https:\/\/old.holyland-olivewood.com\/fr\/#\/schema\/logo\/image\/\",\"url\":\"\",\"contentUrl\":\"\",\"caption\":\"Holy Land Olivewood\"},\"image\":{\"@id\":\"https:\/\/old.holyland-olivewood.com\/fr\/#\/schema\/logo\/image\/\"},\"sameAs\":[\"https:\/\/www.facebook.com\/holylandolivewood.bethlehem\/\",\"http:\/\/instagram.com\/holy.land.olive.wood\"]}]}<\/script>\n<!-- \/ Yoast SEO plugin. -->","yoast_head_json":{"title":"Croix en bois d\u2019olivier du Rosaire (5 cm \/ 2&nbsp;\u00bb) #B111 - Holy Land Olive Wood - Bethlehem Olive Wood Factory","description":"Artisanat en bois d\u2019olivier de Bethl\u00e9em (c\u2019est-\u00e0-dire chapelets, ovale, sculpt\u00e9, rond, perles), sculptures, centres de table et stock brut dans les dimensions standard et personnalis\u00e9es.","robots":{"index":"index","follow":"follow","max-snippet":"max-snippet:-1","max-image-preview":"max-image-preview:large","max-video-preview":"max-video-preview:-1"},"canonical":"https:\/\/old.holyland-olivewood.com\/fr\/produit\/chapelet-bois-dolivier-croix-5-cm-2\/","og_locale":"fr_FR","og_type":"article","og_title":"Croix en bois d\u2019olivier du Rosaire (5 cm \/ 2&nbsp;\u00bb) #B111 - Holy Land Olive Wood - Bethlehem Olive Wood Factory","og_description":"Artisanat en bois d\u2019olivier de Bethl\u00e9em (c\u2019est-\u00e0-dire chapelets, ovale, sculpt\u00e9, rond, perles), sculptures, centres de table et stock brut dans les dimensions standard et personnalis\u00e9es.","og_url":"https:\/\/old.holyland-olivewood.com\/fr\/produit\/chapelet-bois-dolivier-croix-5-cm-2\/","og_site_name":"Holy Land Olive Wood - Bethlehem Olive Wood Factory","article_publisher":"https:\/\/www.facebook.com\/holylandolivewood.bethlehem\/","og_image":[{"width":1550,"height":1200,"url":"https:\/\/old.holyland-olivewood.com\/wp-content\/uploads\/2016\/05\/rosary_corss_holy_land_olive_wood_b111.jpg","type":"image\/jpeg"}],"twitter_card":"summary_large_image","schema":{"@context":"https:\/\/schema.org","@graph":[{"@type":"WebPage","@id":"https:\/\/old.holyland-olivewood.com\/fr\/produit\/chapelet-bois-dolivier-croix-5-cm-2\/","url":"https:\/\/old.holyland-olivewood.com\/fr\/produit\/chapelet-bois-dolivier-croix-5-cm-2\/","name":"Croix en bois d\u2019olivier du Rosaire (5 cm \/ 2&nbsp;\u00bb) #B111 - Holy Land Olive Wood - Bethlehem Olive Wood Factory","isPartOf":{"@id":"https:\/\/old.holyland-olivewood.com\/fr\/#website"},"primaryImageOfPage":{"@id":"https:\/\/old.holyland-olivewood.com\/fr\/produit\/chapelet-bois-dolivier-croix-5-cm-2\/#primaryimage"},"image":{"@id":"https:\/\/old.holyland-olivewood.com\/fr\/produit\/chapelet-bois-dolivier-croix-5-cm-2\/#primaryimage"},"thumbnailUrl":"https:\/\/old.holyland-olivewood.com\/wp-content\/uploads\/2016\/05\/rosary_corss_holy_land_olive_wood_b111.jpg","datePublished":"2022-02-11T19:11:19+00:00","description":"Artisanat en bois d\u2019olivier de Bethl\u00e9em (c\u2019est-\u00e0-dire chapelets, ovale, sculpt\u00e9, rond, perles), sculptures, centres de table et stock brut dans les dimensions standard et personnalis\u00e9es.","breadcrumb":{"@id":"https:\/\/old.holyland-olivewood.com\/fr\/produit\/chapelet-bois-dolivier-croix-5-cm-2\/#breadcrumb"},"inLanguage":"fr-FR","potentialAction":[{"@type":"ReadAction","target":["https:\/\/old.holyland-olivewood.com\/fr\/produit\/chapelet-bois-dolivier-croix-5-cm-2\/"]}]},{"@type":"ImageObject","inLanguage":"fr-FR","@id":"https:\/\/old.holyland-olivewood.com\/fr\/produit\/chapelet-bois-dolivier-croix-5-cm-2\/#primaryimage","url":"https:\/\/old.holyland-olivewood.com\/wp-content\/uploads\/2016\/05\/rosary_corss_holy_land_olive_wood_b111.jpg","contentUrl":"https:\/\/old.holyland-olivewood.com\/wp-content\/uploads\/2016\/05\/rosary_corss_holy_land_olive_wood_b111.jpg","width":1550,"height":1200},{"@type":"BreadcrumbList","@id":"https:\/\/old.holyland-olivewood.com\/fr\/produit\/chapelet-bois-dolivier-croix-5-cm-2\/#breadcrumb","itemListElement":[{"@type":"ListItem","position":1,"name":"Home","item":"https:\/\/old.holyland-olivewood.com\/fr\/"},{"@type":"ListItem","position":2,"name":"Boutique","item":"https:\/\/old.holyland-olivewood.com\/fr\/boutique\/"},{"@type":"ListItem","position":3,"name":"Croix en bois d\u2019olivier du Rosaire (5 cm \/ 2&nbsp;\u00bb) #B111"}]},{"@type":"WebSite","@id":"https:\/\/old.holyland-olivewood.com\/fr\/#website","url":"https:\/\/old.holyland-olivewood.com\/fr\/","name":"Holy Land Olive Wood - Bethlehem Olive Wood Factory","description":"Holy Land Olivewood Bethlehem","publisher":{"@id":"https:\/\/old.holyland-olivewood.com\/fr\/#organization"},"potentialAction":[{"@type":"SearchAction","target":{"@type":"EntryPoint","urlTemplate":"https:\/\/old.holyland-olivewood.com\/fr\/?s={search_term_string}"},"query-input":{"@type":"PropertyValueSpecification","valueRequired":true,"valueName":"search_term_string"}}],"inLanguage":"fr-FR"},{"@type":"Organization","@id":"https:\/\/old.holyland-olivewood.com\/fr\/#organization","name":"Holy Land Olivewood","url":"https:\/\/old.holyland-olivewood.com\/fr\/","logo":{"@type":"ImageObject","inLanguage":"fr-FR","@id":"https:\/\/old.holyland-olivewood.com\/fr\/#\/schema\/logo\/image\/","url":"","contentUrl":"","caption":"Holy Land Olivewood"},"image":{"@id":"https:\/\/old.holyland-olivewood.com\/fr\/#\/schema\/logo\/image\/"},"sameAs":["https:\/\/www.facebook.com\/holylandolivewood.bethlehem\/","http:\/\/instagram.com\/holy.land.olive.wood"]}]}},"_links":{"self":[{"href":"https:\/\/old.holyland-olivewood.com\/fr\/wp-json\/wp\/v2\/product\/46621","targetHints":{"allow":["GET"]}}],"collection":[{"href":"https:\/\/old.holyland-olivewood.com\/fr\/wp-json\/wp\/v2\/product"}],"about":[{"href":"https:\/\/old.holyland-olivewood.com\/fr\/wp-json\/wp\/v2\/types\/product"}],"wp:featuredmedia":[{"embeddable":true,"href":"https:\/\/old.holyland-olivewood.com\/fr\/wp-json\/wp\/v2\/media\/27792"}],"wp:attachment":[{"href":"https:\/\/old.holyland-olivewood.com\/fr\/wp-json\/wp\/v2\/media?parent=46621"}],"wp:term":[{"taxonomy":"product_brand","embeddable":true,"href":"https:\/\/old.holyland-olivewood.com\/fr\/wp-json\/wp\/v2\/product_brand?post=46621"},{"taxonomy":"product_cat","embeddable":true,"href":"https:\/\/old.holyland-olivewood.com\/fr\/wp-json\/wp\/v2\/product_cat?post=46621"},{"taxonomy":"product_tag","embeddable":true,"href":"https:\/\/old.holyland-olivewood.com\/fr\/wp-json\/wp\/v2\/product_tag?post=46621"}],"curies":[{"name":"wp","href":"https:\/\/api.w.org\/{rel}","templated":true}]}}