{"id":46364,"date":"2016-05-30T20:24:17","date_gmt":"2022-02-11T17:22:08","guid":{"rendered":"https:\/\/old.holyland-olivewood.com\/product\/jesus-christ-crucifix-pour-croix-taille-autour-12-cm-4-75-ch107\/"},"modified":"2022-02-11T17:22:08","modified_gmt":"2022-02-11T17:22:08","slug":"jesus-christ-crucifix-pour-croix-taille-environ-12-cm-4-75","status":"publish","type":"product","link":"https:\/\/old.holyland-olivewood.com\/fr\/produit\/jesus-christ-crucifix-pour-croix-taille-environ-12-cm-4-75\/","title":{"rendered":"J\u00e9sus-Christ Crucifix pour croix Taille Autour (12 cm \/ 4.75&#8221;) #CH107"},"content":{"rendered":"","protected":false},"excerpt":{"rendered":"<p>Crucifix de J\u00e9sus en m\u00e9tal, y compris le signe INRI (Iesus Nazarenus Rex Iudaeorum = J\u00e9sus de Nazareth Roi des Juifs), qui vient avec les clous et s\u2019adapte aux croix en bois d\u2019olivier d\u2019une taille approximative de 12 cm (4,75 \u00ab&nbsp;).<br \/>\nBeau d\u00e9tail 3D avec des trous de montage parfaits pour cr\u00e9er vos propres crucifix. Haute qualit\u00e9 fabriqu\u00e9 en Italie et b\u00e9ni dans l\u2019\u00e9glise de la Nativit\u00e9 \u00e0 Bethl\u00e9em.<\/p>\n<p>Taille: 7 cm (2.75&nbsp;\u00bb)<\/p>\n","protected":false},"featured_media":27972,"template":"","meta":[],"product_brand":[],"product_cat":[1744,3806],"product_tag":[1050,1193,1757,3807,1117,2141,1151,1101,1121,1090,3819,1100,1088,1096,1115,1174,1147,1134,1129,1140,1065,1125,2146,3759,1158,1070,1078,3815,1176,3824,1108,1055,1073,1084],"class_list":{"0":"post-46364","1":"product","2":"type-product","3":"status-publish","4":"has-post-thumbnail","6":"product_cat-divers","7":"product_cat-quincaillerie-crucifix","8":"product_tag-betlehem-fr","9":"product_tag-cadeaux","10":"product_tag-christ-fr","11":"product_tag-clou","12":"product_tag-donnerent","13":"product_tag-enfant","14":"product_tag-foedselskirken-fr","15":"product_tag-haandlavet-fr","16":"product_tag-haandvaerk-fr","17":"product_tag-hellig-fr","18":"product_tag-inri-fr","19":"product_tag-jerusalem-fr","20":"product_tag-jesus-fr","21":"product_tag-jord-fr","22":"product_tag-juil","23":"product_tag-katolsk-fr","24":"product_tag-kirke-fr","25":"product_tag-kors-fr","26":"product_tag-kristen-fr","27":"product_tag-krucifiks-fr","28":"product_tag-krucifikser-fr","29":"product_tag-kunsthaandvaerk-fr","30":"product_tag-materiel","31":"product_tag-metal-fr","32":"product_tag-mor-fr","33":"product_tag-oliven-fr","34":"product_tag-oliventrae-fr","35":"product_tag-ongles","36":"product_tag-ortodoks-fr","37":"product_tag-plaque-fr-3","38":"product_tag-rosenkrans-fr","39":"product_tag-rosenkranse-fr","40":"product_tag-trae-fr","41":"product_tag-udskaering-fr","43":"first","44":"instock","45":"shipping-taxable","46":"purchasable","47":"product-type-simple"},"yoast_head":"<!-- This site is optimized with the Yoast SEO plugin v24.8.1 - https:\/\/yoast.com\/wordpress\/plugins\/seo\/ -->\n<title>J\u00e9sus-Christ Crucifix pour croix Taille Autour (12 cm \/ 4.75&#039;&#039;) #CH107 - Holy Land Olive Wood - Bethlehem Olive Wood Factory<\/title>\n<meta name=\"description\" content=\"Artisanat en bois d\u2019olivier de Bethl\u00e9em (c\u2019est-\u00e0-dire chapelets, j\u00e9rusalem, croix, crucifix, perles), blancs de stylo, blocs et stock brut dans les dimensions standard et personnalis\u00e9es.\" \/>\n<meta name=\"robots\" content=\"index, follow, max-snippet:-1, max-image-preview:large, max-video-preview:-1\" \/>\n<link rel=\"canonical\" href=\"https:\/\/old.holyland-olivewood.com\/fr\/produit\/jesus-christ-crucifix-pour-croix-taille-environ-12-cm-4-75\/\" \/>\n<meta property=\"og:locale\" content=\"fr_FR\" \/>\n<meta property=\"og:type\" content=\"article\" \/>\n<meta property=\"og:title\" content=\"J\u00e9sus-Christ Crucifix pour croix Taille Autour (12 cm \/ 4.75&#039;&#039;) #CH107 - Holy Land Olive Wood - Bethlehem Olive Wood Factory\" \/>\n<meta property=\"og:description\" content=\"Artisanat en bois d\u2019olivier de Bethl\u00e9em (c\u2019est-\u00e0-dire chapelets, j\u00e9rusalem, croix, crucifix, perles), blancs de stylo, blocs et stock brut dans les dimensions standard et personnalis\u00e9es.\" \/>\n<meta property=\"og:url\" content=\"https:\/\/old.holyland-olivewood.com\/fr\/produit\/jesus-christ-crucifix-pour-croix-taille-environ-12-cm-4-75\/\" \/>\n<meta property=\"og:site_name\" content=\"Holy Land Olive Wood - Bethlehem Olive Wood Factory\" \/>\n<meta property=\"article:publisher\" content=\"https:\/\/www.facebook.com\/holylandolivewood.bethlehem\/\" \/>\n<meta property=\"og:image\" content=\"https:\/\/old.holyland-olivewood.com\/wp-content\/uploads\/2016\/05\/jesus_christ_holy_land_olive_wood_bethlehem_ch103.jpg\" \/>\n\t<meta property=\"og:image:width\" content=\"1550\" \/>\n\t<meta property=\"og:image:height\" content=\"1200\" \/>\n\t<meta property=\"og:image:type\" content=\"image\/jpeg\" \/>\n<meta name=\"twitter:card\" content=\"summary_large_image\" \/>\n<script type=\"application\/ld+json\" class=\"yoast-schema-graph\">{\"@context\":\"https:\/\/schema.org\",\"@graph\":[{\"@type\":\"WebPage\",\"@id\":\"https:\/\/old.holyland-olivewood.com\/fr\/produit\/jesus-christ-crucifix-pour-croix-taille-environ-12-cm-4-75\/\",\"url\":\"https:\/\/old.holyland-olivewood.com\/fr\/produit\/jesus-christ-crucifix-pour-croix-taille-environ-12-cm-4-75\/\",\"name\":\"J\u00e9sus-Christ Crucifix pour croix Taille Autour (12 cm \/ 4.75'') #CH107 - Holy Land Olive Wood - Bethlehem Olive Wood Factory\",\"isPartOf\":{\"@id\":\"https:\/\/old.holyland-olivewood.com\/fr\/#website\"},\"primaryImageOfPage\":{\"@id\":\"https:\/\/old.holyland-olivewood.com\/fr\/produit\/jesus-christ-crucifix-pour-croix-taille-environ-12-cm-4-75\/#primaryimage\"},\"image\":{\"@id\":\"https:\/\/old.holyland-olivewood.com\/fr\/produit\/jesus-christ-crucifix-pour-croix-taille-environ-12-cm-4-75\/#primaryimage\"},\"thumbnailUrl\":\"https:\/\/old.holyland-olivewood.com\/wp-content\/uploads\/2016\/05\/jesus_christ_holy_land_olive_wood_bethlehem_ch103.jpg\",\"datePublished\":\"2022-02-11T17:22:08+00:00\",\"description\":\"Artisanat en bois d\u2019olivier de Bethl\u00e9em (c\u2019est-\u00e0-dire chapelets, j\u00e9rusalem, croix, crucifix, perles), blancs de stylo, blocs et stock brut dans les dimensions standard et personnalis\u00e9es.\",\"breadcrumb\":{\"@id\":\"https:\/\/old.holyland-olivewood.com\/fr\/produit\/jesus-christ-crucifix-pour-croix-taille-environ-12-cm-4-75\/#breadcrumb\"},\"inLanguage\":\"fr-FR\",\"potentialAction\":[{\"@type\":\"ReadAction\",\"target\":[\"https:\/\/old.holyland-olivewood.com\/fr\/produit\/jesus-christ-crucifix-pour-croix-taille-environ-12-cm-4-75\/\"]}]},{\"@type\":\"ImageObject\",\"inLanguage\":\"fr-FR\",\"@id\":\"https:\/\/old.holyland-olivewood.com\/fr\/produit\/jesus-christ-crucifix-pour-croix-taille-environ-12-cm-4-75\/#primaryimage\",\"url\":\"https:\/\/old.holyland-olivewood.com\/wp-content\/uploads\/2016\/05\/jesus_christ_holy_land_olive_wood_bethlehem_ch103.jpg\",\"contentUrl\":\"https:\/\/old.holyland-olivewood.com\/wp-content\/uploads\/2016\/05\/jesus_christ_holy_land_olive_wood_bethlehem_ch103.jpg\",\"width\":1550,\"height\":1200},{\"@type\":\"BreadcrumbList\",\"@id\":\"https:\/\/old.holyland-olivewood.com\/fr\/produit\/jesus-christ-crucifix-pour-croix-taille-environ-12-cm-4-75\/#breadcrumb\",\"itemListElement\":[{\"@type\":\"ListItem\",\"position\":1,\"name\":\"Home\",\"item\":\"https:\/\/old.holyland-olivewood.com\/fr\/\"},{\"@type\":\"ListItem\",\"position\":2,\"name\":\"Boutique\",\"item\":\"https:\/\/old.holyland-olivewood.com\/fr\/boutique\/\"},{\"@type\":\"ListItem\",\"position\":3,\"name\":\"J\u00e9sus-Christ Crucifix pour croix Taille Autour (12 cm \/ 4.75&#8221;) #CH107\"}]},{\"@type\":\"WebSite\",\"@id\":\"https:\/\/old.holyland-olivewood.com\/fr\/#website\",\"url\":\"https:\/\/old.holyland-olivewood.com\/fr\/\",\"name\":\"Holy Land Olive Wood - Bethlehem Olive Wood Factory\",\"description\":\"Holy Land Olivewood Bethlehem\",\"publisher\":{\"@id\":\"https:\/\/old.holyland-olivewood.com\/fr\/#organization\"},\"potentialAction\":[{\"@type\":\"SearchAction\",\"target\":{\"@type\":\"EntryPoint\",\"urlTemplate\":\"https:\/\/old.holyland-olivewood.com\/fr\/?s={search_term_string}\"},\"query-input\":{\"@type\":\"PropertyValueSpecification\",\"valueRequired\":true,\"valueName\":\"search_term_string\"}}],\"inLanguage\":\"fr-FR\"},{\"@type\":\"Organization\",\"@id\":\"https:\/\/old.holyland-olivewood.com\/fr\/#organization\",\"name\":\"Holy Land Olivewood\",\"url\":\"https:\/\/old.holyland-olivewood.com\/fr\/\",\"logo\":{\"@type\":\"ImageObject\",\"inLanguage\":\"fr-FR\",\"@id\":\"https:\/\/old.holyland-olivewood.com\/fr\/#\/schema\/logo\/image\/\",\"url\":\"\",\"contentUrl\":\"\",\"caption\":\"Holy Land Olivewood\"},\"image\":{\"@id\":\"https:\/\/old.holyland-olivewood.com\/fr\/#\/schema\/logo\/image\/\"},\"sameAs\":[\"https:\/\/www.facebook.com\/holylandolivewood.bethlehem\/\",\"http:\/\/instagram.com\/holy.land.olive.wood\"]}]}<\/script>\n<!-- \/ Yoast SEO plugin. -->","yoast_head_json":{"title":"J\u00e9sus-Christ Crucifix pour croix Taille Autour (12 cm \/ 4.75'') #CH107 - Holy Land Olive Wood - Bethlehem Olive Wood Factory","description":"Artisanat en bois d\u2019olivier de Bethl\u00e9em (c\u2019est-\u00e0-dire chapelets, j\u00e9rusalem, croix, crucifix, perles), blancs de stylo, blocs et stock brut dans les dimensions standard et personnalis\u00e9es.","robots":{"index":"index","follow":"follow","max-snippet":"max-snippet:-1","max-image-preview":"max-image-preview:large","max-video-preview":"max-video-preview:-1"},"canonical":"https:\/\/old.holyland-olivewood.com\/fr\/produit\/jesus-christ-crucifix-pour-croix-taille-environ-12-cm-4-75\/","og_locale":"fr_FR","og_type":"article","og_title":"J\u00e9sus-Christ Crucifix pour croix Taille Autour (12 cm \/ 4.75'') #CH107 - Holy Land Olive Wood - Bethlehem Olive Wood Factory","og_description":"Artisanat en bois d\u2019olivier de Bethl\u00e9em (c\u2019est-\u00e0-dire chapelets, j\u00e9rusalem, croix, crucifix, perles), blancs de stylo, blocs et stock brut dans les dimensions standard et personnalis\u00e9es.","og_url":"https:\/\/old.holyland-olivewood.com\/fr\/produit\/jesus-christ-crucifix-pour-croix-taille-environ-12-cm-4-75\/","og_site_name":"Holy Land Olive Wood - Bethlehem Olive Wood Factory","article_publisher":"https:\/\/www.facebook.com\/holylandolivewood.bethlehem\/","og_image":[{"width":1550,"height":1200,"url":"https:\/\/old.holyland-olivewood.com\/wp-content\/uploads\/2016\/05\/jesus_christ_holy_land_olive_wood_bethlehem_ch103.jpg","type":"image\/jpeg"}],"twitter_card":"summary_large_image","schema":{"@context":"https:\/\/schema.org","@graph":[{"@type":"WebPage","@id":"https:\/\/old.holyland-olivewood.com\/fr\/produit\/jesus-christ-crucifix-pour-croix-taille-environ-12-cm-4-75\/","url":"https:\/\/old.holyland-olivewood.com\/fr\/produit\/jesus-christ-crucifix-pour-croix-taille-environ-12-cm-4-75\/","name":"J\u00e9sus-Christ Crucifix pour croix Taille Autour (12 cm \/ 4.75'') #CH107 - Holy Land Olive Wood - Bethlehem Olive Wood Factory","isPartOf":{"@id":"https:\/\/old.holyland-olivewood.com\/fr\/#website"},"primaryImageOfPage":{"@id":"https:\/\/old.holyland-olivewood.com\/fr\/produit\/jesus-christ-crucifix-pour-croix-taille-environ-12-cm-4-75\/#primaryimage"},"image":{"@id":"https:\/\/old.holyland-olivewood.com\/fr\/produit\/jesus-christ-crucifix-pour-croix-taille-environ-12-cm-4-75\/#primaryimage"},"thumbnailUrl":"https:\/\/old.holyland-olivewood.com\/wp-content\/uploads\/2016\/05\/jesus_christ_holy_land_olive_wood_bethlehem_ch103.jpg","datePublished":"2022-02-11T17:22:08+00:00","description":"Artisanat en bois d\u2019olivier de Bethl\u00e9em (c\u2019est-\u00e0-dire chapelets, j\u00e9rusalem, croix, crucifix, perles), blancs de stylo, blocs et stock brut dans les dimensions standard et personnalis\u00e9es.","breadcrumb":{"@id":"https:\/\/old.holyland-olivewood.com\/fr\/produit\/jesus-christ-crucifix-pour-croix-taille-environ-12-cm-4-75\/#breadcrumb"},"inLanguage":"fr-FR","potentialAction":[{"@type":"ReadAction","target":["https:\/\/old.holyland-olivewood.com\/fr\/produit\/jesus-christ-crucifix-pour-croix-taille-environ-12-cm-4-75\/"]}]},{"@type":"ImageObject","inLanguage":"fr-FR","@id":"https:\/\/old.holyland-olivewood.com\/fr\/produit\/jesus-christ-crucifix-pour-croix-taille-environ-12-cm-4-75\/#primaryimage","url":"https:\/\/old.holyland-olivewood.com\/wp-content\/uploads\/2016\/05\/jesus_christ_holy_land_olive_wood_bethlehem_ch103.jpg","contentUrl":"https:\/\/old.holyland-olivewood.com\/wp-content\/uploads\/2016\/05\/jesus_christ_holy_land_olive_wood_bethlehem_ch103.jpg","width":1550,"height":1200},{"@type":"BreadcrumbList","@id":"https:\/\/old.holyland-olivewood.com\/fr\/produit\/jesus-christ-crucifix-pour-croix-taille-environ-12-cm-4-75\/#breadcrumb","itemListElement":[{"@type":"ListItem","position":1,"name":"Home","item":"https:\/\/old.holyland-olivewood.com\/fr\/"},{"@type":"ListItem","position":2,"name":"Boutique","item":"https:\/\/old.holyland-olivewood.com\/fr\/boutique\/"},{"@type":"ListItem","position":3,"name":"J\u00e9sus-Christ Crucifix pour croix Taille Autour (12 cm \/ 4.75&#8221;) #CH107"}]},{"@type":"WebSite","@id":"https:\/\/old.holyland-olivewood.com\/fr\/#website","url":"https:\/\/old.holyland-olivewood.com\/fr\/","name":"Holy Land Olive Wood - Bethlehem Olive Wood Factory","description":"Holy Land Olivewood Bethlehem","publisher":{"@id":"https:\/\/old.holyland-olivewood.com\/fr\/#organization"},"potentialAction":[{"@type":"SearchAction","target":{"@type":"EntryPoint","urlTemplate":"https:\/\/old.holyland-olivewood.com\/fr\/?s={search_term_string}"},"query-input":{"@type":"PropertyValueSpecification","valueRequired":true,"valueName":"search_term_string"}}],"inLanguage":"fr-FR"},{"@type":"Organization","@id":"https:\/\/old.holyland-olivewood.com\/fr\/#organization","name":"Holy Land Olivewood","url":"https:\/\/old.holyland-olivewood.com\/fr\/","logo":{"@type":"ImageObject","inLanguage":"fr-FR","@id":"https:\/\/old.holyland-olivewood.com\/fr\/#\/schema\/logo\/image\/","url":"","contentUrl":"","caption":"Holy Land Olivewood"},"image":{"@id":"https:\/\/old.holyland-olivewood.com\/fr\/#\/schema\/logo\/image\/"},"sameAs":["https:\/\/www.facebook.com\/holylandolivewood.bethlehem\/","http:\/\/instagram.com\/holy.land.olive.wood"]}]}},"_links":{"self":[{"href":"https:\/\/old.holyland-olivewood.com\/fr\/wp-json\/wp\/v2\/product\/46364","targetHints":{"allow":["GET"]}}],"collection":[{"href":"https:\/\/old.holyland-olivewood.com\/fr\/wp-json\/wp\/v2\/product"}],"about":[{"href":"https:\/\/old.holyland-olivewood.com\/fr\/wp-json\/wp\/v2\/types\/product"}],"wp:featuredmedia":[{"embeddable":true,"href":"https:\/\/old.holyland-olivewood.com\/fr\/wp-json\/wp\/v2\/media\/27972"}],"wp:attachment":[{"href":"https:\/\/old.holyland-olivewood.com\/fr\/wp-json\/wp\/v2\/media?parent=46364"}],"wp:term":[{"taxonomy":"product_brand","embeddable":true,"href":"https:\/\/old.holyland-olivewood.com\/fr\/wp-json\/wp\/v2\/product_brand?post=46364"},{"taxonomy":"product_cat","embeddable":true,"href":"https:\/\/old.holyland-olivewood.com\/fr\/wp-json\/wp\/v2\/product_cat?post=46364"},{"taxonomy":"product_tag","embeddable":true,"href":"https:\/\/old.holyland-olivewood.com\/fr\/wp-json\/wp\/v2\/product_tag?post=46364"}],"curies":[{"name":"wp","href":"https:\/\/api.w.org\/{rel}","templated":true}]}}