{"id":46043,"date":"2016-05-30T21:29:16","date_gmt":"2022-02-11T13:43:08","guid":{"rendered":"https:\/\/old.holyland-olivewood.com\/product\/croix-celtique-en-bois-dolivier-25-cm-975-cr128\/"},"modified":"2022-02-11T13:43:08","modified_gmt":"2022-02-11T13:43:08","slug":"celtique-olivier-bois-croix-25-cm-9-75","status":"publish","type":"product","link":"https:\/\/old.holyland-olivewood.com\/fr\/produit\/celtique-olivier-bois-croix-25-cm-9-75\/","title":{"rendered":"Croix celtique en bois d\u2019olivier (25 cm \/ 9,75) #CR128"},"content":{"rendered":"","protected":false},"excerpt":{"rendered":"<p>Cette croix suspendue celtique annel\u00e9e est fabriqu\u00e9e \u00e0 la main en Terre Sainte \u00e0 partir d\u2019olivier de Bethl\u00e9em authentique et r\u00e9colt\u00e9 de mani\u00e8re durable. On peut souvent le voir en Irlande et dans d\u2019autres pays o\u00f9 les traditions celtiques ont fa\u00e7onn\u00e9 la soci\u00e9t\u00e9. Cette superbe croix ajoutera facilement un ton inspirant \u00e0 n\u2019importe quel espace.<\/p>\n<p>Cet article comprend un certificat d\u2019authenticit\u00e9 v\u00e9rifiant les mat\u00e9riaux et les techniques utilis\u00e9s pour fabriquer ce produit.<\/p>\n<p>Taille: 25 cm (9.75&nbsp;\u00bb)<\/p>\n","protected":false},"featured_media":28044,"template":"","meta":[],"product_brand":[],"product_cat":[1047,1041],"product_tag":[1181,1165,1050,1144,1117,1151,1101,1121,1090,1100,1096,1115,1174,1179,1147,1134,1129,1140,1065,1059,1125,1158,1070,1078,1176,1183,1169,1108,1055,1185,1073,1084],"class_list":{"0":"post-46043","1":"product","2":"type-product","3":"status-publish","4":"has-post-thumbnail","6":"product_cat-kunsthaandvaerk-fr","7":"product_cat-kors-og-krucifikser-fr","8":"product_tag-14-fr","9":"product_tag-af-fr","10":"product_tag-betlehem-fr","11":"product_tag-boen-fr","12":"product_tag-donnerent","13":"product_tag-foedselskirken-fr","14":"product_tag-haandlavet-fr","15":"product_tag-haandvaerk-fr","16":"product_tag-hellig-fr","17":"product_tag-jerusalem-fr","18":"product_tag-jord-fr","19":"product_tag-juil","20":"product_tag-katolsk-fr","21":"product_tag-keltisk-fr-2","22":"product_tag-kirke-fr","23":"product_tag-kors-fr","24":"product_tag-kristen-fr","25":"product_tag-krucifiks-fr","26":"product_tag-krucifikser-fr","27":"product_tag-krydser-fr","28":"product_tag-kunsthaandvaerk-fr","29":"product_tag-mor-fr","30":"product_tag-oliven-fr","31":"product_tag-oliventrae-fr","32":"product_tag-ortodoks-fr","33":"product_tag-papetier","34":"product_tag-perle-fr","35":"product_tag-rosenkrans-fr","36":"product_tag-rosenkranse-fr","37":"product_tag-taniere","38":"product_tag-trae-fr","39":"product_tag-udskaering-fr","41":"first","42":"instock","43":"shipping-taxable","44":"purchasable","45":"product-type-simple"},"yoast_head":"<!-- This site is optimized with the Yoast SEO plugin v24.8.1 - https:\/\/yoast.com\/wordpress\/plugins\/seo\/ -->\n<title>Croix celtique en bois d\u2019olivier (25 cm \/ 9,75) #CR128 - Holy Land Olive Wood - Bethlehem Olive Wood Factory<\/title>\n<meta name=\"description\" content=\"Artisanat en bois d\u2019olivier de Bethl\u00e9em (c\u2019est-\u00e0-dire chapelets, j\u00e9rusalem, croix, crucifix, perles), blancs de stylo, blocs et stock brut dans les dimensions standard et personnalis\u00e9es.\" \/>\n<meta name=\"robots\" content=\"index, follow, max-snippet:-1, max-image-preview:large, max-video-preview:-1\" \/>\n<link rel=\"canonical\" href=\"https:\/\/old.holyland-olivewood.com\/fr\/produit\/celtique-olivier-bois-croix-25-cm-9-75\/\" \/>\n<meta property=\"og:locale\" content=\"fr_FR\" \/>\n<meta property=\"og:type\" content=\"article\" \/>\n<meta property=\"og:title\" content=\"Croix celtique en bois d\u2019olivier (25 cm \/ 9,75) #CR128 - Holy Land Olive Wood - Bethlehem Olive Wood Factory\" \/>\n<meta property=\"og:description\" content=\"Artisanat en bois d\u2019olivier de Bethl\u00e9em (c\u2019est-\u00e0-dire chapelets, j\u00e9rusalem, croix, crucifix, perles), blancs de stylo, blocs et stock brut dans les dimensions standard et personnalis\u00e9es.\" \/>\n<meta property=\"og:url\" content=\"https:\/\/old.holyland-olivewood.com\/fr\/produit\/celtique-olivier-bois-croix-25-cm-9-75\/\" \/>\n<meta property=\"og:site_name\" content=\"Holy Land Olive Wood - Bethlehem Olive Wood Factory\" \/>\n<meta property=\"article:publisher\" content=\"https:\/\/www.facebook.com\/holylandolivewood.bethlehem\/\" \/>\n<meta property=\"og:image\" content=\"https:\/\/old.holyland-olivewood.com\/wp-content\/uploads\/2016\/05\/celtic__cross_holy_land_olive_wood_bethlehem_cr128tcr130-1.jpg\" \/>\n\t<meta property=\"og:image:width\" content=\"1550\" \/>\n\t<meta property=\"og:image:height\" content=\"1200\" \/>\n\t<meta property=\"og:image:type\" content=\"image\/jpeg\" \/>\n<meta name=\"twitter:card\" content=\"summary_large_image\" \/>\n<script type=\"application\/ld+json\" class=\"yoast-schema-graph\">{\"@context\":\"https:\/\/schema.org\",\"@graph\":[{\"@type\":\"WebPage\",\"@id\":\"https:\/\/old.holyland-olivewood.com\/fr\/produit\/celtique-olivier-bois-croix-25-cm-9-75\/\",\"url\":\"https:\/\/old.holyland-olivewood.com\/fr\/produit\/celtique-olivier-bois-croix-25-cm-9-75\/\",\"name\":\"Croix celtique en bois d\u2019olivier (25 cm \/ 9,75) #CR128 - Holy Land Olive Wood - Bethlehem Olive Wood Factory\",\"isPartOf\":{\"@id\":\"https:\/\/old.holyland-olivewood.com\/fr\/#website\"},\"primaryImageOfPage\":{\"@id\":\"https:\/\/old.holyland-olivewood.com\/fr\/produit\/celtique-olivier-bois-croix-25-cm-9-75\/#primaryimage\"},\"image\":{\"@id\":\"https:\/\/old.holyland-olivewood.com\/fr\/produit\/celtique-olivier-bois-croix-25-cm-9-75\/#primaryimage\"},\"thumbnailUrl\":\"https:\/\/old.holyland-olivewood.com\/wp-content\/uploads\/2016\/05\/celtic__cross_holy_land_olive_wood_bethlehem_cr128tcr130-1.jpg\",\"datePublished\":\"2022-02-11T13:43:08+00:00\",\"description\":\"Artisanat en bois d\u2019olivier de Bethl\u00e9em (c\u2019est-\u00e0-dire chapelets, j\u00e9rusalem, croix, crucifix, perles), blancs de stylo, blocs et stock brut dans les dimensions standard et personnalis\u00e9es.\",\"breadcrumb\":{\"@id\":\"https:\/\/old.holyland-olivewood.com\/fr\/produit\/celtique-olivier-bois-croix-25-cm-9-75\/#breadcrumb\"},\"inLanguage\":\"fr-FR\",\"potentialAction\":[{\"@type\":\"ReadAction\",\"target\":[\"https:\/\/old.holyland-olivewood.com\/fr\/produit\/celtique-olivier-bois-croix-25-cm-9-75\/\"]}]},{\"@type\":\"ImageObject\",\"inLanguage\":\"fr-FR\",\"@id\":\"https:\/\/old.holyland-olivewood.com\/fr\/produit\/celtique-olivier-bois-croix-25-cm-9-75\/#primaryimage\",\"url\":\"https:\/\/old.holyland-olivewood.com\/wp-content\/uploads\/2016\/05\/celtic__cross_holy_land_olive_wood_bethlehem_cr128tcr130-1.jpg\",\"contentUrl\":\"https:\/\/old.holyland-olivewood.com\/wp-content\/uploads\/2016\/05\/celtic__cross_holy_land_olive_wood_bethlehem_cr128tcr130-1.jpg\",\"width\":1550,\"height\":1200},{\"@type\":\"BreadcrumbList\",\"@id\":\"https:\/\/old.holyland-olivewood.com\/fr\/produit\/celtique-olivier-bois-croix-25-cm-9-75\/#breadcrumb\",\"itemListElement\":[{\"@type\":\"ListItem\",\"position\":1,\"name\":\"Home\",\"item\":\"https:\/\/old.holyland-olivewood.com\/fr\/\"},{\"@type\":\"ListItem\",\"position\":2,\"name\":\"Boutique\",\"item\":\"https:\/\/old.holyland-olivewood.com\/fr\/boutique\/\"},{\"@type\":\"ListItem\",\"position\":3,\"name\":\"Croix celtique en bois d\u2019olivier (25 cm \/ 9,75) #CR128\"}]},{\"@type\":\"WebSite\",\"@id\":\"https:\/\/old.holyland-olivewood.com\/fr\/#website\",\"url\":\"https:\/\/old.holyland-olivewood.com\/fr\/\",\"name\":\"Holy Land Olive Wood - Bethlehem Olive Wood Factory\",\"description\":\"Holy Land Olivewood Bethlehem\",\"publisher\":{\"@id\":\"https:\/\/old.holyland-olivewood.com\/fr\/#organization\"},\"potentialAction\":[{\"@type\":\"SearchAction\",\"target\":{\"@type\":\"EntryPoint\",\"urlTemplate\":\"https:\/\/old.holyland-olivewood.com\/fr\/?s={search_term_string}\"},\"query-input\":{\"@type\":\"PropertyValueSpecification\",\"valueRequired\":true,\"valueName\":\"search_term_string\"}}],\"inLanguage\":\"fr-FR\"},{\"@type\":\"Organization\",\"@id\":\"https:\/\/old.holyland-olivewood.com\/fr\/#organization\",\"name\":\"Holy Land Olivewood\",\"url\":\"https:\/\/old.holyland-olivewood.com\/fr\/\",\"logo\":{\"@type\":\"ImageObject\",\"inLanguage\":\"fr-FR\",\"@id\":\"https:\/\/old.holyland-olivewood.com\/fr\/#\/schema\/logo\/image\/\",\"url\":\"\",\"contentUrl\":\"\",\"caption\":\"Holy Land Olivewood\"},\"image\":{\"@id\":\"https:\/\/old.holyland-olivewood.com\/fr\/#\/schema\/logo\/image\/\"},\"sameAs\":[\"https:\/\/www.facebook.com\/holylandolivewood.bethlehem\/\",\"http:\/\/instagram.com\/holy.land.olive.wood\"]}]}<\/script>\n<!-- \/ Yoast SEO plugin. -->","yoast_head_json":{"title":"Croix celtique en bois d\u2019olivier (25 cm \/ 9,75) #CR128 - Holy Land Olive Wood - Bethlehem Olive Wood Factory","description":"Artisanat en bois d\u2019olivier de Bethl\u00e9em (c\u2019est-\u00e0-dire chapelets, j\u00e9rusalem, croix, crucifix, perles), blancs de stylo, blocs et stock brut dans les dimensions standard et personnalis\u00e9es.","robots":{"index":"index","follow":"follow","max-snippet":"max-snippet:-1","max-image-preview":"max-image-preview:large","max-video-preview":"max-video-preview:-1"},"canonical":"https:\/\/old.holyland-olivewood.com\/fr\/produit\/celtique-olivier-bois-croix-25-cm-9-75\/","og_locale":"fr_FR","og_type":"article","og_title":"Croix celtique en bois d\u2019olivier (25 cm \/ 9,75) #CR128 - Holy Land Olive Wood - Bethlehem Olive Wood Factory","og_description":"Artisanat en bois d\u2019olivier de Bethl\u00e9em (c\u2019est-\u00e0-dire chapelets, j\u00e9rusalem, croix, crucifix, perles), blancs de stylo, blocs et stock brut dans les dimensions standard et personnalis\u00e9es.","og_url":"https:\/\/old.holyland-olivewood.com\/fr\/produit\/celtique-olivier-bois-croix-25-cm-9-75\/","og_site_name":"Holy Land Olive Wood - Bethlehem Olive Wood Factory","article_publisher":"https:\/\/www.facebook.com\/holylandolivewood.bethlehem\/","og_image":[{"width":1550,"height":1200,"url":"https:\/\/old.holyland-olivewood.com\/wp-content\/uploads\/2016\/05\/celtic__cross_holy_land_olive_wood_bethlehem_cr128tcr130-1.jpg","type":"image\/jpeg"}],"twitter_card":"summary_large_image","schema":{"@context":"https:\/\/schema.org","@graph":[{"@type":"WebPage","@id":"https:\/\/old.holyland-olivewood.com\/fr\/produit\/celtique-olivier-bois-croix-25-cm-9-75\/","url":"https:\/\/old.holyland-olivewood.com\/fr\/produit\/celtique-olivier-bois-croix-25-cm-9-75\/","name":"Croix celtique en bois d\u2019olivier (25 cm \/ 9,75) #CR128 - Holy Land Olive Wood - Bethlehem Olive Wood Factory","isPartOf":{"@id":"https:\/\/old.holyland-olivewood.com\/fr\/#website"},"primaryImageOfPage":{"@id":"https:\/\/old.holyland-olivewood.com\/fr\/produit\/celtique-olivier-bois-croix-25-cm-9-75\/#primaryimage"},"image":{"@id":"https:\/\/old.holyland-olivewood.com\/fr\/produit\/celtique-olivier-bois-croix-25-cm-9-75\/#primaryimage"},"thumbnailUrl":"https:\/\/old.holyland-olivewood.com\/wp-content\/uploads\/2016\/05\/celtic__cross_holy_land_olive_wood_bethlehem_cr128tcr130-1.jpg","datePublished":"2022-02-11T13:43:08+00:00","description":"Artisanat en bois d\u2019olivier de Bethl\u00e9em (c\u2019est-\u00e0-dire chapelets, j\u00e9rusalem, croix, crucifix, perles), blancs de stylo, blocs et stock brut dans les dimensions standard et personnalis\u00e9es.","breadcrumb":{"@id":"https:\/\/old.holyland-olivewood.com\/fr\/produit\/celtique-olivier-bois-croix-25-cm-9-75\/#breadcrumb"},"inLanguage":"fr-FR","potentialAction":[{"@type":"ReadAction","target":["https:\/\/old.holyland-olivewood.com\/fr\/produit\/celtique-olivier-bois-croix-25-cm-9-75\/"]}]},{"@type":"ImageObject","inLanguage":"fr-FR","@id":"https:\/\/old.holyland-olivewood.com\/fr\/produit\/celtique-olivier-bois-croix-25-cm-9-75\/#primaryimage","url":"https:\/\/old.holyland-olivewood.com\/wp-content\/uploads\/2016\/05\/celtic__cross_holy_land_olive_wood_bethlehem_cr128tcr130-1.jpg","contentUrl":"https:\/\/old.holyland-olivewood.com\/wp-content\/uploads\/2016\/05\/celtic__cross_holy_land_olive_wood_bethlehem_cr128tcr130-1.jpg","width":1550,"height":1200},{"@type":"BreadcrumbList","@id":"https:\/\/old.holyland-olivewood.com\/fr\/produit\/celtique-olivier-bois-croix-25-cm-9-75\/#breadcrumb","itemListElement":[{"@type":"ListItem","position":1,"name":"Home","item":"https:\/\/old.holyland-olivewood.com\/fr\/"},{"@type":"ListItem","position":2,"name":"Boutique","item":"https:\/\/old.holyland-olivewood.com\/fr\/boutique\/"},{"@type":"ListItem","position":3,"name":"Croix celtique en bois d\u2019olivier (25 cm \/ 9,75) #CR128"}]},{"@type":"WebSite","@id":"https:\/\/old.holyland-olivewood.com\/fr\/#website","url":"https:\/\/old.holyland-olivewood.com\/fr\/","name":"Holy Land Olive Wood - Bethlehem Olive Wood Factory","description":"Holy Land Olivewood Bethlehem","publisher":{"@id":"https:\/\/old.holyland-olivewood.com\/fr\/#organization"},"potentialAction":[{"@type":"SearchAction","target":{"@type":"EntryPoint","urlTemplate":"https:\/\/old.holyland-olivewood.com\/fr\/?s={search_term_string}"},"query-input":{"@type":"PropertyValueSpecification","valueRequired":true,"valueName":"search_term_string"}}],"inLanguage":"fr-FR"},{"@type":"Organization","@id":"https:\/\/old.holyland-olivewood.com\/fr\/#organization","name":"Holy Land Olivewood","url":"https:\/\/old.holyland-olivewood.com\/fr\/","logo":{"@type":"ImageObject","inLanguage":"fr-FR","@id":"https:\/\/old.holyland-olivewood.com\/fr\/#\/schema\/logo\/image\/","url":"","contentUrl":"","caption":"Holy Land Olivewood"},"image":{"@id":"https:\/\/old.holyland-olivewood.com\/fr\/#\/schema\/logo\/image\/"},"sameAs":["https:\/\/www.facebook.com\/holylandolivewood.bethlehem\/","http:\/\/instagram.com\/holy.land.olive.wood"]}]}},"_links":{"self":[{"href":"https:\/\/old.holyland-olivewood.com\/fr\/wp-json\/wp\/v2\/product\/46043","targetHints":{"allow":["GET"]}}],"collection":[{"href":"https:\/\/old.holyland-olivewood.com\/fr\/wp-json\/wp\/v2\/product"}],"about":[{"href":"https:\/\/old.holyland-olivewood.com\/fr\/wp-json\/wp\/v2\/types\/product"}],"wp:featuredmedia":[{"embeddable":true,"href":"https:\/\/old.holyland-olivewood.com\/fr\/wp-json\/wp\/v2\/media\/28044"}],"wp:attachment":[{"href":"https:\/\/old.holyland-olivewood.com\/fr\/wp-json\/wp\/v2\/media?parent=46043"}],"wp:term":[{"taxonomy":"product_brand","embeddable":true,"href":"https:\/\/old.holyland-olivewood.com\/fr\/wp-json\/wp\/v2\/product_brand?post=46043"},{"taxonomy":"product_cat","embeddable":true,"href":"https:\/\/old.holyland-olivewood.com\/fr\/wp-json\/wp\/v2\/product_cat?post=46043"},{"taxonomy":"product_tag","embeddable":true,"href":"https:\/\/old.holyland-olivewood.com\/fr\/wp-json\/wp\/v2\/product_tag?post=46043"}],"curies":[{"name":"wp","href":"https:\/\/api.w.org\/{rel}","templated":true}]}}