{"id":45580,"date":"2016-05-30T22:40:11","date_gmt":"2022-02-11T09:05:36","guid":{"rendered":"https:\/\/old.holyland-olivewood.com\/product\/bijoux-souvenir-en-bois-dolivier-boite-de-chapelet-bx101\/"},"modified":"2022-02-11T09:05:36","modified_gmt":"2022-02-11T09:05:36","slug":"boite-a-bijoux-en-bois-dolivier","status":"publish","type":"product","link":"https:\/\/old.holyland-olivewood.com\/fr\/produit\/boite-a-bijoux-en-bois-dolivier\/","title":{"rendered":"Bijoux souvenir en bois d\u2019olivier \/ Bo\u00eete de chapelet #BX101"},"content":{"rendered":"","protected":false},"excerpt":{"rendered":"<p>Cette \u00e9l\u00e9gante bo\u00eete de bijoux \/ chapelet est fabriqu\u00e9e \u00e0 la main en Terre Sainte \u00e0 partir de bois d\u2019olivier de Bethl\u00e9em authentique r\u00e9colt\u00e9 de mani\u00e8re durable. Le bois utilis\u00e9 pour fabriquer cette bo\u00eete a \u00e9t\u00e9 s\u00e9lectionn\u00e9 \u00e0 la main pour assurer un motif de grain riche et contrast\u00e9. Il a \u00e9galement un joint magn\u00e9tique, une doublure en feutre noir et une base en acajou solide.<\/p>\n<p>Cet article comprend un certificat d\u2019authenticit\u00e9 v\u00e9rifiant les mat\u00e9riaux et les techniques utilis\u00e9s pour fabriquer ce produit.<\/p>\n<p>Taille: 7 cm x 6 cm x 5 cm (2.75&nbsp;\u00bb x 2.35&nbsp;\u00bb x 2&nbsp;\u00bb)<\/p>\n","protected":false},"featured_media":38304,"template":"","meta":[],"product_brand":[],"product_cat":[1047,1957],"product_tag":[1050,1960,1964,1117,1101,1121,1090,1100,4077,1096,1115,1129,1125,1070,1078,1108,1055,1073,1084],"class_list":{"0":"post-45580","1":"product","2":"type-product","3":"status-publish","4":"has-post-thumbnail","6":"product_cat-kunsthaandvaerk-fr","7":"product_cat-boites","8":"product_tag-betlehem-fr","9":"product_tag-boite","10":"product_tag-boites","11":"product_tag-donnerent","12":"product_tag-haandlavet-fr","13":"product_tag-haandvaerk-fr","14":"product_tag-hellig-fr","15":"product_tag-jerusalem-fr","16":"product_tag-jesus-fr-2","17":"product_tag-jord-fr","18":"product_tag-juil","19":"product_tag-kristen-fr","20":"product_tag-kunsthaandvaerk-fr","21":"product_tag-oliven-fr","22":"product_tag-oliventrae-fr","23":"product_tag-rosenkrans-fr","24":"product_tag-rosenkranse-fr","25":"product_tag-trae-fr","26":"product_tag-udskaering-fr","28":"first","29":"instock","30":"shipping-taxable","31":"purchasable","32":"product-type-simple"},"yoast_head":"<!-- This site is optimized with the Yoast SEO plugin v24.8.1 - https:\/\/yoast.com\/wordpress\/plugins\/seo\/ -->\n<title>Bijoux souvenir en bois d\u2019olivier \/ Bo\u00eete de chapelet #BX101 - Holy Land Olive Wood - Bethlehem Olive Wood Factory<\/title>\n<meta name=\"description\" content=\"L\u2019artisanat en bois d\u2019olivier de Bethl\u00e9em (c\u2019est-\u00e0-dire les ustensiles de cuisine, les bo\u00eetes, les chapelets, les perles) les sculptures \u00e0 l\u2019emporte-pi\u00e8ce, les dalles, les blocs et le stock brut dans les dimensions standard et personnalis\u00e9es.\" \/>\n<meta name=\"robots\" content=\"index, follow, max-snippet:-1, max-image-preview:large, max-video-preview:-1\" \/>\n<link rel=\"canonical\" href=\"https:\/\/old.holyland-olivewood.com\/fr\/produit\/boite-a-bijoux-en-bois-dolivier\/\" \/>\n<meta property=\"og:locale\" content=\"fr_FR\" \/>\n<meta property=\"og:type\" content=\"article\" \/>\n<meta property=\"og:title\" content=\"Bijoux souvenir en bois d\u2019olivier \/ Bo\u00eete de chapelet #BX101 - Holy Land Olive Wood - Bethlehem Olive Wood Factory\" \/>\n<meta property=\"og:description\" content=\"L\u2019artisanat en bois d\u2019olivier de Bethl\u00e9em (c\u2019est-\u00e0-dire les ustensiles de cuisine, les bo\u00eetes, les chapelets, les perles) les sculptures \u00e0 l\u2019emporte-pi\u00e8ce, les dalles, les blocs et le stock brut dans les dimensions standard et personnalis\u00e9es.\" \/>\n<meta property=\"og:url\" content=\"https:\/\/old.holyland-olivewood.com\/fr\/produit\/boite-a-bijoux-en-bois-dolivier\/\" \/>\n<meta property=\"og:site_name\" content=\"Holy Land Olive Wood - Bethlehem Olive Wood Factory\" \/>\n<meta property=\"article:publisher\" content=\"https:\/\/www.facebook.com\/holylandolivewood.bethlehem\/\" \/>\n<meta property=\"og:image\" content=\"https:\/\/old.holyland-olivewood.com\/wp-content\/uploads\/2016\/05\/boxes_wooden_olive_wood_bethlehem_bo101-1.jpg\" \/>\n\t<meta property=\"og:image:width\" content=\"1550\" \/>\n\t<meta property=\"og:image:height\" content=\"1200\" \/>\n\t<meta property=\"og:image:type\" content=\"image\/jpeg\" \/>\n<meta name=\"twitter:card\" content=\"summary_large_image\" \/>\n<script type=\"application\/ld+json\" class=\"yoast-schema-graph\">{\"@context\":\"https:\/\/schema.org\",\"@graph\":[{\"@type\":\"WebPage\",\"@id\":\"https:\/\/old.holyland-olivewood.com\/fr\/produit\/boite-a-bijoux-en-bois-dolivier\/\",\"url\":\"https:\/\/old.holyland-olivewood.com\/fr\/produit\/boite-a-bijoux-en-bois-dolivier\/\",\"name\":\"Bijoux souvenir en bois d\u2019olivier \/ Bo\u00eete de chapelet #BX101 - Holy Land Olive Wood - Bethlehem Olive Wood Factory\",\"isPartOf\":{\"@id\":\"https:\/\/old.holyland-olivewood.com\/fr\/#website\"},\"primaryImageOfPage\":{\"@id\":\"https:\/\/old.holyland-olivewood.com\/fr\/produit\/boite-a-bijoux-en-bois-dolivier\/#primaryimage\"},\"image\":{\"@id\":\"https:\/\/old.holyland-olivewood.com\/fr\/produit\/boite-a-bijoux-en-bois-dolivier\/#primaryimage\"},\"thumbnailUrl\":\"https:\/\/old.holyland-olivewood.com\/wp-content\/uploads\/2016\/05\/boxes_wooden_olive_wood_bethlehem_bo101-1.jpg\",\"datePublished\":\"2022-02-11T09:05:36+00:00\",\"description\":\"L\u2019artisanat en bois d\u2019olivier de Bethl\u00e9em (c\u2019est-\u00e0-dire les ustensiles de cuisine, les bo\u00eetes, les chapelets, les perles) les sculptures \u00e0 l\u2019emporte-pi\u00e8ce, les dalles, les blocs et le stock brut dans les dimensions standard et personnalis\u00e9es.\",\"breadcrumb\":{\"@id\":\"https:\/\/old.holyland-olivewood.com\/fr\/produit\/boite-a-bijoux-en-bois-dolivier\/#breadcrumb\"},\"inLanguage\":\"fr-FR\",\"potentialAction\":[{\"@type\":\"ReadAction\",\"target\":[\"https:\/\/old.holyland-olivewood.com\/fr\/produit\/boite-a-bijoux-en-bois-dolivier\/\"]}]},{\"@type\":\"ImageObject\",\"inLanguage\":\"fr-FR\",\"@id\":\"https:\/\/old.holyland-olivewood.com\/fr\/produit\/boite-a-bijoux-en-bois-dolivier\/#primaryimage\",\"url\":\"https:\/\/old.holyland-olivewood.com\/wp-content\/uploads\/2016\/05\/boxes_wooden_olive_wood_bethlehem_bo101-1.jpg\",\"contentUrl\":\"https:\/\/old.holyland-olivewood.com\/wp-content\/uploads\/2016\/05\/boxes_wooden_olive_wood_bethlehem_bo101-1.jpg\",\"width\":1550,\"height\":1200},{\"@type\":\"BreadcrumbList\",\"@id\":\"https:\/\/old.holyland-olivewood.com\/fr\/produit\/boite-a-bijoux-en-bois-dolivier\/#breadcrumb\",\"itemListElement\":[{\"@type\":\"ListItem\",\"position\":1,\"name\":\"Home\",\"item\":\"https:\/\/old.holyland-olivewood.com\/fr\/\"},{\"@type\":\"ListItem\",\"position\":2,\"name\":\"Boutique\",\"item\":\"https:\/\/old.holyland-olivewood.com\/fr\/boutique\/\"},{\"@type\":\"ListItem\",\"position\":3,\"name\":\"Bijoux souvenir en bois d\u2019olivier \/ Bo\u00eete de chapelet #BX101\"}]},{\"@type\":\"WebSite\",\"@id\":\"https:\/\/old.holyland-olivewood.com\/fr\/#website\",\"url\":\"https:\/\/old.holyland-olivewood.com\/fr\/\",\"name\":\"Holy Land Olive Wood - Bethlehem Olive Wood Factory\",\"description\":\"Holy Land Olivewood Bethlehem\",\"publisher\":{\"@id\":\"https:\/\/old.holyland-olivewood.com\/fr\/#organization\"},\"potentialAction\":[{\"@type\":\"SearchAction\",\"target\":{\"@type\":\"EntryPoint\",\"urlTemplate\":\"https:\/\/old.holyland-olivewood.com\/fr\/?s={search_term_string}\"},\"query-input\":{\"@type\":\"PropertyValueSpecification\",\"valueRequired\":true,\"valueName\":\"search_term_string\"}}],\"inLanguage\":\"fr-FR\"},{\"@type\":\"Organization\",\"@id\":\"https:\/\/old.holyland-olivewood.com\/fr\/#organization\",\"name\":\"Holy Land Olivewood\",\"url\":\"https:\/\/old.holyland-olivewood.com\/fr\/\",\"logo\":{\"@type\":\"ImageObject\",\"inLanguage\":\"fr-FR\",\"@id\":\"https:\/\/old.holyland-olivewood.com\/fr\/#\/schema\/logo\/image\/\",\"url\":\"\",\"contentUrl\":\"\",\"caption\":\"Holy Land Olivewood\"},\"image\":{\"@id\":\"https:\/\/old.holyland-olivewood.com\/fr\/#\/schema\/logo\/image\/\"},\"sameAs\":[\"https:\/\/www.facebook.com\/holylandolivewood.bethlehem\/\",\"http:\/\/instagram.com\/holy.land.olive.wood\"]}]}<\/script>\n<!-- \/ Yoast SEO plugin. -->","yoast_head_json":{"title":"Bijoux souvenir en bois d\u2019olivier \/ Bo\u00eete de chapelet #BX101 - Holy Land Olive Wood - Bethlehem Olive Wood Factory","description":"L\u2019artisanat en bois d\u2019olivier de Bethl\u00e9em (c\u2019est-\u00e0-dire les ustensiles de cuisine, les bo\u00eetes, les chapelets, les perles) les sculptures \u00e0 l\u2019emporte-pi\u00e8ce, les dalles, les blocs et le stock brut dans les dimensions standard et personnalis\u00e9es.","robots":{"index":"index","follow":"follow","max-snippet":"max-snippet:-1","max-image-preview":"max-image-preview:large","max-video-preview":"max-video-preview:-1"},"canonical":"https:\/\/old.holyland-olivewood.com\/fr\/produit\/boite-a-bijoux-en-bois-dolivier\/","og_locale":"fr_FR","og_type":"article","og_title":"Bijoux souvenir en bois d\u2019olivier \/ Bo\u00eete de chapelet #BX101 - Holy Land Olive Wood - Bethlehem Olive Wood Factory","og_description":"L\u2019artisanat en bois d\u2019olivier de Bethl\u00e9em (c\u2019est-\u00e0-dire les ustensiles de cuisine, les bo\u00eetes, les chapelets, les perles) les sculptures \u00e0 l\u2019emporte-pi\u00e8ce, les dalles, les blocs et le stock brut dans les dimensions standard et personnalis\u00e9es.","og_url":"https:\/\/old.holyland-olivewood.com\/fr\/produit\/boite-a-bijoux-en-bois-dolivier\/","og_site_name":"Holy Land Olive Wood - Bethlehem Olive Wood Factory","article_publisher":"https:\/\/www.facebook.com\/holylandolivewood.bethlehem\/","og_image":[{"width":1550,"height":1200,"url":"https:\/\/old.holyland-olivewood.com\/wp-content\/uploads\/2016\/05\/boxes_wooden_olive_wood_bethlehem_bo101-1.jpg","type":"image\/jpeg"}],"twitter_card":"summary_large_image","schema":{"@context":"https:\/\/schema.org","@graph":[{"@type":"WebPage","@id":"https:\/\/old.holyland-olivewood.com\/fr\/produit\/boite-a-bijoux-en-bois-dolivier\/","url":"https:\/\/old.holyland-olivewood.com\/fr\/produit\/boite-a-bijoux-en-bois-dolivier\/","name":"Bijoux souvenir en bois d\u2019olivier \/ Bo\u00eete de chapelet #BX101 - Holy Land Olive Wood - Bethlehem Olive Wood Factory","isPartOf":{"@id":"https:\/\/old.holyland-olivewood.com\/fr\/#website"},"primaryImageOfPage":{"@id":"https:\/\/old.holyland-olivewood.com\/fr\/produit\/boite-a-bijoux-en-bois-dolivier\/#primaryimage"},"image":{"@id":"https:\/\/old.holyland-olivewood.com\/fr\/produit\/boite-a-bijoux-en-bois-dolivier\/#primaryimage"},"thumbnailUrl":"https:\/\/old.holyland-olivewood.com\/wp-content\/uploads\/2016\/05\/boxes_wooden_olive_wood_bethlehem_bo101-1.jpg","datePublished":"2022-02-11T09:05:36+00:00","description":"L\u2019artisanat en bois d\u2019olivier de Bethl\u00e9em (c\u2019est-\u00e0-dire les ustensiles de cuisine, les bo\u00eetes, les chapelets, les perles) les sculptures \u00e0 l\u2019emporte-pi\u00e8ce, les dalles, les blocs et le stock brut dans les dimensions standard et personnalis\u00e9es.","breadcrumb":{"@id":"https:\/\/old.holyland-olivewood.com\/fr\/produit\/boite-a-bijoux-en-bois-dolivier\/#breadcrumb"},"inLanguage":"fr-FR","potentialAction":[{"@type":"ReadAction","target":["https:\/\/old.holyland-olivewood.com\/fr\/produit\/boite-a-bijoux-en-bois-dolivier\/"]}]},{"@type":"ImageObject","inLanguage":"fr-FR","@id":"https:\/\/old.holyland-olivewood.com\/fr\/produit\/boite-a-bijoux-en-bois-dolivier\/#primaryimage","url":"https:\/\/old.holyland-olivewood.com\/wp-content\/uploads\/2016\/05\/boxes_wooden_olive_wood_bethlehem_bo101-1.jpg","contentUrl":"https:\/\/old.holyland-olivewood.com\/wp-content\/uploads\/2016\/05\/boxes_wooden_olive_wood_bethlehem_bo101-1.jpg","width":1550,"height":1200},{"@type":"BreadcrumbList","@id":"https:\/\/old.holyland-olivewood.com\/fr\/produit\/boite-a-bijoux-en-bois-dolivier\/#breadcrumb","itemListElement":[{"@type":"ListItem","position":1,"name":"Home","item":"https:\/\/old.holyland-olivewood.com\/fr\/"},{"@type":"ListItem","position":2,"name":"Boutique","item":"https:\/\/old.holyland-olivewood.com\/fr\/boutique\/"},{"@type":"ListItem","position":3,"name":"Bijoux souvenir en bois d\u2019olivier \/ Bo\u00eete de chapelet #BX101"}]},{"@type":"WebSite","@id":"https:\/\/old.holyland-olivewood.com\/fr\/#website","url":"https:\/\/old.holyland-olivewood.com\/fr\/","name":"Holy Land Olive Wood - Bethlehem Olive Wood Factory","description":"Holy Land Olivewood Bethlehem","publisher":{"@id":"https:\/\/old.holyland-olivewood.com\/fr\/#organization"},"potentialAction":[{"@type":"SearchAction","target":{"@type":"EntryPoint","urlTemplate":"https:\/\/old.holyland-olivewood.com\/fr\/?s={search_term_string}"},"query-input":{"@type":"PropertyValueSpecification","valueRequired":true,"valueName":"search_term_string"}}],"inLanguage":"fr-FR"},{"@type":"Organization","@id":"https:\/\/old.holyland-olivewood.com\/fr\/#organization","name":"Holy Land Olivewood","url":"https:\/\/old.holyland-olivewood.com\/fr\/","logo":{"@type":"ImageObject","inLanguage":"fr-FR","@id":"https:\/\/old.holyland-olivewood.com\/fr\/#\/schema\/logo\/image\/","url":"","contentUrl":"","caption":"Holy Land Olivewood"},"image":{"@id":"https:\/\/old.holyland-olivewood.com\/fr\/#\/schema\/logo\/image\/"},"sameAs":["https:\/\/www.facebook.com\/holylandolivewood.bethlehem\/","http:\/\/instagram.com\/holy.land.olive.wood"]}]}},"_links":{"self":[{"href":"https:\/\/old.holyland-olivewood.com\/fr\/wp-json\/wp\/v2\/product\/45580","targetHints":{"allow":["GET"]}}],"collection":[{"href":"https:\/\/old.holyland-olivewood.com\/fr\/wp-json\/wp\/v2\/product"}],"about":[{"href":"https:\/\/old.holyland-olivewood.com\/fr\/wp-json\/wp\/v2\/types\/product"}],"wp:featuredmedia":[{"embeddable":true,"href":"https:\/\/old.holyland-olivewood.com\/fr\/wp-json\/wp\/v2\/media\/38304"}],"wp:attachment":[{"href":"https:\/\/old.holyland-olivewood.com\/fr\/wp-json\/wp\/v2\/media?parent=45580"}],"wp:term":[{"taxonomy":"product_brand","embeddable":true,"href":"https:\/\/old.holyland-olivewood.com\/fr\/wp-json\/wp\/v2\/product_brand?post=45580"},{"taxonomy":"product_cat","embeddable":true,"href":"https:\/\/old.holyland-olivewood.com\/fr\/wp-json\/wp\/v2\/product_cat?post=45580"},{"taxonomy":"product_tag","embeddable":true,"href":"https:\/\/old.holyland-olivewood.com\/fr\/wp-json\/wp\/v2\/product_tag?post=45580"}],"curies":[{"name":"wp","href":"https:\/\/api.w.org\/{rel}","templated":true}]}}