{"id":45328,"date":"2016-05-30T23:20:05","date_gmt":"2022-02-11T08:29:54","guid":{"rendered":"https:\/\/old.holyland-olivewood.com\/product\/rosaire-des-petales-de-rose-r112\/"},"modified":"2022-02-11T08:29:54","modified_gmt":"2022-02-11T08:29:54","slug":"rose-petale-chapelet","status":"publish","type":"product","link":"https:\/\/old.holyland-olivewood.com\/fr\/produit\/rose-petale-chapelet\/","title":{"rendered":"Rosaire des p\u00e9tales de rose #R112"},"content":{"rendered":"","protected":false},"excerpt":{"rendered":"<p>Ce chapelet se compose de 59 perles faites \u00e0 la main dans la ville de Bethl\u00e9em en Terre Sainte \u00e0 partir de p\u00e9tales de rose \u00e9cras\u00e9s. Ce chapelet a \u00e9galement un crucifix en m\u00e9tal coul\u00e9 et poli, des points d\u2019attache en m\u00e9tal et contient une capsule de verre qui contient de la terre des collines environnantes de Bethl\u00e9em. Il est livr\u00e9 dans un coffret cadeau.<\/p>\n<p>Cet article comprend un certificat d\u2019authenticit\u00e9 v\u00e9rifiant les mat\u00e9riaux et les techniques utilis\u00e9s pour fabriquer ce produit.<\/p>\n<p>Taille: 48 cm (19&nbsp;\u00bb)<\/p>\n","protected":false},"featured_media":28656,"template":"","meta":[],"product_brand":[],"product_cat":[1047,2356],"product_tag":[1165,2364,1050,1193,2361,2357,1117,1749,1151,1101,1121,1090,2366,1100,1088,1096,1115,1174,1147,1134,1129,1140,1125,1158,2359,1070,1078,1176,1169,2358,2367,2365,1741,2363,1108,1055,2362,1073,2360,1084],"class_list":{"0":"post-45328","1":"product","2":"type-product","3":"status-publish","4":"has-post-thumbnail","6":"product_cat-kunsthaandvaerk-fr","7":"product_cat-chapelets","8":"product_tag-af-fr","9":"product_tag-argent","10":"product_tag-betlehem-fr","11":"product_tag-cadeaux","12":"product_tag-corail","13":"product_tag-dieu","14":"product_tag-donnerent","15":"product_tag-fleuve","16":"product_tag-foedselskirken-fr","17":"product_tag-haandlavet-fr","18":"product_tag-haandvaerk-fr","19":"product_tag-hellig-fr","20":"product_tag-hematite-fr","21":"product_tag-jerusalem-fr","22":"product_tag-jesus-fr","23":"product_tag-jord-fr","24":"product_tag-juil","25":"product_tag-katolsk-fr","26":"product_tag-kirke-fr","27":"product_tag-kors-fr","28":"product_tag-kristen-fr","29":"product_tag-krucifiks-fr","30":"product_tag-kunsthaandvaerk-fr","31":"product_tag-mor-fr","32":"product_tag-mur","33":"product_tag-oliven-fr","34":"product_tag-oliventrae-fr","35":"product_tag-ortodoks-fr","36":"product_tag-perle-fr","37":"product_tag-petale","38":"product_tag-plaine","39":"product_tag-plaque-fr-2","40":"product_tag-prier","41":"product_tag-rose","42":"product_tag-rosenkrans-fr","43":"product_tag-rosenkranse-fr","44":"product_tag-rouge","45":"product_tag-trae-fr","46":"product_tag-turquoise-fr","47":"product_tag-udskaering-fr","49":"first","50":"instock","51":"shipping-taxable","52":"purchasable","53":"product-type-simple"},"yoast_head":"<!-- This site is optimized with the Yoast SEO plugin v24.8.1 - https:\/\/yoast.com\/wordpress\/plugins\/seo\/ -->\n<title>Rosaire des p\u00e9tales de rose #R112 - Holy Land Olive Wood - Bethlehem Olive Wood Factory<\/title>\n<meta name=\"description\" content=\"Artisanat en bois d\u2019olivier de Bethl\u00e9em (c\u2019est-\u00e0-dire chapelets, ornements, aimants, perles) sculptures \u00e0 blanc de stylo, dalles, blocs et stock brut dans les dimensions standard et personnalis\u00e9es\" \/>\n<meta name=\"robots\" content=\"index, follow, max-snippet:-1, max-image-preview:large, max-video-preview:-1\" \/>\n<link rel=\"canonical\" href=\"https:\/\/old.holyland-olivewood.com\/fr\/produit\/rose-petale-chapelet\/\" \/>\n<meta property=\"og:locale\" content=\"fr_FR\" \/>\n<meta property=\"og:type\" content=\"article\" \/>\n<meta property=\"og:title\" content=\"Rosaire des p\u00e9tales de rose #R112 - Holy Land Olive Wood - Bethlehem Olive Wood Factory\" \/>\n<meta property=\"og:description\" content=\"Artisanat en bois d\u2019olivier de Bethl\u00e9em (c\u2019est-\u00e0-dire chapelets, ornements, aimants, perles) sculptures \u00e0 blanc de stylo, dalles, blocs et stock brut dans les dimensions standard et personnalis\u00e9es\" \/>\n<meta property=\"og:url\" content=\"https:\/\/old.holyland-olivewood.com\/fr\/produit\/rose-petale-chapelet\/\" \/>\n<meta property=\"og:site_name\" content=\"Holy Land Olive Wood - Bethlehem Olive Wood Factory\" \/>\n<meta property=\"article:publisher\" content=\"https:\/\/www.facebook.com\/holylandolivewood.bethlehem\/\" \/>\n<meta property=\"og:image\" content=\"https:\/\/old.holyland-olivewood.com\/wp-content\/uploads\/2016\/05\/rose_petal_rosly_holy_land_olive_wood_bethlehem_112.jpg\" \/>\n\t<meta property=\"og:image:width\" content=\"1550\" \/>\n\t<meta property=\"og:image:height\" content=\"1200\" \/>\n\t<meta property=\"og:image:type\" content=\"image\/jpeg\" \/>\n<meta name=\"twitter:card\" content=\"summary_large_image\" \/>\n<script type=\"application\/ld+json\" class=\"yoast-schema-graph\">{\"@context\":\"https:\/\/schema.org\",\"@graph\":[{\"@type\":\"WebPage\",\"@id\":\"https:\/\/old.holyland-olivewood.com\/fr\/produit\/rose-petale-chapelet\/\",\"url\":\"https:\/\/old.holyland-olivewood.com\/fr\/produit\/rose-petale-chapelet\/\",\"name\":\"Rosaire des p\u00e9tales de rose #R112 - Holy Land Olive Wood - Bethlehem Olive Wood Factory\",\"isPartOf\":{\"@id\":\"https:\/\/old.holyland-olivewood.com\/fr\/#website\"},\"primaryImageOfPage\":{\"@id\":\"https:\/\/old.holyland-olivewood.com\/fr\/produit\/rose-petale-chapelet\/#primaryimage\"},\"image\":{\"@id\":\"https:\/\/old.holyland-olivewood.com\/fr\/produit\/rose-petale-chapelet\/#primaryimage\"},\"thumbnailUrl\":\"https:\/\/old.holyland-olivewood.com\/wp-content\/uploads\/2016\/05\/rose_petal_rosly_holy_land_olive_wood_bethlehem_112.jpg\",\"datePublished\":\"2022-02-11T08:29:54+00:00\",\"description\":\"Artisanat en bois d\u2019olivier de Bethl\u00e9em (c\u2019est-\u00e0-dire chapelets, ornements, aimants, perles) sculptures \u00e0 blanc de stylo, dalles, blocs et stock brut dans les dimensions standard et personnalis\u00e9es\",\"breadcrumb\":{\"@id\":\"https:\/\/old.holyland-olivewood.com\/fr\/produit\/rose-petale-chapelet\/#breadcrumb\"},\"inLanguage\":\"fr-FR\",\"potentialAction\":[{\"@type\":\"ReadAction\",\"target\":[\"https:\/\/old.holyland-olivewood.com\/fr\/produit\/rose-petale-chapelet\/\"]}]},{\"@type\":\"ImageObject\",\"inLanguage\":\"fr-FR\",\"@id\":\"https:\/\/old.holyland-olivewood.com\/fr\/produit\/rose-petale-chapelet\/#primaryimage\",\"url\":\"https:\/\/old.holyland-olivewood.com\/wp-content\/uploads\/2016\/05\/rose_petal_rosly_holy_land_olive_wood_bethlehem_112.jpg\",\"contentUrl\":\"https:\/\/old.holyland-olivewood.com\/wp-content\/uploads\/2016\/05\/rose_petal_rosly_holy_land_olive_wood_bethlehem_112.jpg\",\"width\":1550,\"height\":1200},{\"@type\":\"BreadcrumbList\",\"@id\":\"https:\/\/old.holyland-olivewood.com\/fr\/produit\/rose-petale-chapelet\/#breadcrumb\",\"itemListElement\":[{\"@type\":\"ListItem\",\"position\":1,\"name\":\"Home\",\"item\":\"https:\/\/old.holyland-olivewood.com\/fr\/\"},{\"@type\":\"ListItem\",\"position\":2,\"name\":\"Boutique\",\"item\":\"https:\/\/old.holyland-olivewood.com\/fr\/boutique\/\"},{\"@type\":\"ListItem\",\"position\":3,\"name\":\"Rosaire des p\u00e9tales de rose #R112\"}]},{\"@type\":\"WebSite\",\"@id\":\"https:\/\/old.holyland-olivewood.com\/fr\/#website\",\"url\":\"https:\/\/old.holyland-olivewood.com\/fr\/\",\"name\":\"Holy Land Olive Wood - Bethlehem Olive Wood Factory\",\"description\":\"Holy Land Olivewood Bethlehem\",\"publisher\":{\"@id\":\"https:\/\/old.holyland-olivewood.com\/fr\/#organization\"},\"potentialAction\":[{\"@type\":\"SearchAction\",\"target\":{\"@type\":\"EntryPoint\",\"urlTemplate\":\"https:\/\/old.holyland-olivewood.com\/fr\/?s={search_term_string}\"},\"query-input\":{\"@type\":\"PropertyValueSpecification\",\"valueRequired\":true,\"valueName\":\"search_term_string\"}}],\"inLanguage\":\"fr-FR\"},{\"@type\":\"Organization\",\"@id\":\"https:\/\/old.holyland-olivewood.com\/fr\/#organization\",\"name\":\"Holy Land Olivewood\",\"url\":\"https:\/\/old.holyland-olivewood.com\/fr\/\",\"logo\":{\"@type\":\"ImageObject\",\"inLanguage\":\"fr-FR\",\"@id\":\"https:\/\/old.holyland-olivewood.com\/fr\/#\/schema\/logo\/image\/\",\"url\":\"\",\"contentUrl\":\"\",\"caption\":\"Holy Land Olivewood\"},\"image\":{\"@id\":\"https:\/\/old.holyland-olivewood.com\/fr\/#\/schema\/logo\/image\/\"},\"sameAs\":[\"https:\/\/www.facebook.com\/holylandolivewood.bethlehem\/\",\"http:\/\/instagram.com\/holy.land.olive.wood\"]}]}<\/script>\n<!-- \/ Yoast SEO plugin. -->","yoast_head_json":{"title":"Rosaire des p\u00e9tales de rose #R112 - Holy Land Olive Wood - Bethlehem Olive Wood Factory","description":"Artisanat en bois d\u2019olivier de Bethl\u00e9em (c\u2019est-\u00e0-dire chapelets, ornements, aimants, perles) sculptures \u00e0 blanc de stylo, dalles, blocs et stock brut dans les dimensions standard et personnalis\u00e9es","robots":{"index":"index","follow":"follow","max-snippet":"max-snippet:-1","max-image-preview":"max-image-preview:large","max-video-preview":"max-video-preview:-1"},"canonical":"https:\/\/old.holyland-olivewood.com\/fr\/produit\/rose-petale-chapelet\/","og_locale":"fr_FR","og_type":"article","og_title":"Rosaire des p\u00e9tales de rose #R112 - Holy Land Olive Wood - Bethlehem Olive Wood Factory","og_description":"Artisanat en bois d\u2019olivier de Bethl\u00e9em (c\u2019est-\u00e0-dire chapelets, ornements, aimants, perles) sculptures \u00e0 blanc de stylo, dalles, blocs et stock brut dans les dimensions standard et personnalis\u00e9es","og_url":"https:\/\/old.holyland-olivewood.com\/fr\/produit\/rose-petale-chapelet\/","og_site_name":"Holy Land Olive Wood - Bethlehem Olive Wood Factory","article_publisher":"https:\/\/www.facebook.com\/holylandolivewood.bethlehem\/","og_image":[{"width":1550,"height":1200,"url":"https:\/\/old.holyland-olivewood.com\/wp-content\/uploads\/2016\/05\/rose_petal_rosly_holy_land_olive_wood_bethlehem_112.jpg","type":"image\/jpeg"}],"twitter_card":"summary_large_image","schema":{"@context":"https:\/\/schema.org","@graph":[{"@type":"WebPage","@id":"https:\/\/old.holyland-olivewood.com\/fr\/produit\/rose-petale-chapelet\/","url":"https:\/\/old.holyland-olivewood.com\/fr\/produit\/rose-petale-chapelet\/","name":"Rosaire des p\u00e9tales de rose #R112 - Holy Land Olive Wood - Bethlehem Olive Wood Factory","isPartOf":{"@id":"https:\/\/old.holyland-olivewood.com\/fr\/#website"},"primaryImageOfPage":{"@id":"https:\/\/old.holyland-olivewood.com\/fr\/produit\/rose-petale-chapelet\/#primaryimage"},"image":{"@id":"https:\/\/old.holyland-olivewood.com\/fr\/produit\/rose-petale-chapelet\/#primaryimage"},"thumbnailUrl":"https:\/\/old.holyland-olivewood.com\/wp-content\/uploads\/2016\/05\/rose_petal_rosly_holy_land_olive_wood_bethlehem_112.jpg","datePublished":"2022-02-11T08:29:54+00:00","description":"Artisanat en bois d\u2019olivier de Bethl\u00e9em (c\u2019est-\u00e0-dire chapelets, ornements, aimants, perles) sculptures \u00e0 blanc de stylo, dalles, blocs et stock brut dans les dimensions standard et personnalis\u00e9es","breadcrumb":{"@id":"https:\/\/old.holyland-olivewood.com\/fr\/produit\/rose-petale-chapelet\/#breadcrumb"},"inLanguage":"fr-FR","potentialAction":[{"@type":"ReadAction","target":["https:\/\/old.holyland-olivewood.com\/fr\/produit\/rose-petale-chapelet\/"]}]},{"@type":"ImageObject","inLanguage":"fr-FR","@id":"https:\/\/old.holyland-olivewood.com\/fr\/produit\/rose-petale-chapelet\/#primaryimage","url":"https:\/\/old.holyland-olivewood.com\/wp-content\/uploads\/2016\/05\/rose_petal_rosly_holy_land_olive_wood_bethlehem_112.jpg","contentUrl":"https:\/\/old.holyland-olivewood.com\/wp-content\/uploads\/2016\/05\/rose_petal_rosly_holy_land_olive_wood_bethlehem_112.jpg","width":1550,"height":1200},{"@type":"BreadcrumbList","@id":"https:\/\/old.holyland-olivewood.com\/fr\/produit\/rose-petale-chapelet\/#breadcrumb","itemListElement":[{"@type":"ListItem","position":1,"name":"Home","item":"https:\/\/old.holyland-olivewood.com\/fr\/"},{"@type":"ListItem","position":2,"name":"Boutique","item":"https:\/\/old.holyland-olivewood.com\/fr\/boutique\/"},{"@type":"ListItem","position":3,"name":"Rosaire des p\u00e9tales de rose #R112"}]},{"@type":"WebSite","@id":"https:\/\/old.holyland-olivewood.com\/fr\/#website","url":"https:\/\/old.holyland-olivewood.com\/fr\/","name":"Holy Land Olive Wood - Bethlehem Olive Wood Factory","description":"Holy Land Olivewood Bethlehem","publisher":{"@id":"https:\/\/old.holyland-olivewood.com\/fr\/#organization"},"potentialAction":[{"@type":"SearchAction","target":{"@type":"EntryPoint","urlTemplate":"https:\/\/old.holyland-olivewood.com\/fr\/?s={search_term_string}"},"query-input":{"@type":"PropertyValueSpecification","valueRequired":true,"valueName":"search_term_string"}}],"inLanguage":"fr-FR"},{"@type":"Organization","@id":"https:\/\/old.holyland-olivewood.com\/fr\/#organization","name":"Holy Land Olivewood","url":"https:\/\/old.holyland-olivewood.com\/fr\/","logo":{"@type":"ImageObject","inLanguage":"fr-FR","@id":"https:\/\/old.holyland-olivewood.com\/fr\/#\/schema\/logo\/image\/","url":"","contentUrl":"","caption":"Holy Land Olivewood"},"image":{"@id":"https:\/\/old.holyland-olivewood.com\/fr\/#\/schema\/logo\/image\/"},"sameAs":["https:\/\/www.facebook.com\/holylandolivewood.bethlehem\/","http:\/\/instagram.com\/holy.land.olive.wood"]}]}},"_links":{"self":[{"href":"https:\/\/old.holyland-olivewood.com\/fr\/wp-json\/wp\/v2\/product\/45328","targetHints":{"allow":["GET"]}}],"collection":[{"href":"https:\/\/old.holyland-olivewood.com\/fr\/wp-json\/wp\/v2\/product"}],"about":[{"href":"https:\/\/old.holyland-olivewood.com\/fr\/wp-json\/wp\/v2\/types\/product"}],"wp:featuredmedia":[{"embeddable":true,"href":"https:\/\/old.holyland-olivewood.com\/fr\/wp-json\/wp\/v2\/media\/28656"}],"wp:attachment":[{"href":"https:\/\/old.holyland-olivewood.com\/fr\/wp-json\/wp\/v2\/media?parent=45328"}],"wp:term":[{"taxonomy":"product_brand","embeddable":true,"href":"https:\/\/old.holyland-olivewood.com\/fr\/wp-json\/wp\/v2\/product_brand?post=45328"},{"taxonomy":"product_cat","embeddable":true,"href":"https:\/\/old.holyland-olivewood.com\/fr\/wp-json\/wp\/v2\/product_cat?post=45328"},{"taxonomy":"product_tag","embeddable":true,"href":"https:\/\/old.holyland-olivewood.com\/fr\/wp-json\/wp\/v2\/product_tag?post=45328"}],"curies":[{"name":"wp","href":"https:\/\/api.w.org\/{rel}","templated":true}]}}