{"id":45100,"date":"2016-05-31T00:39:32","date_gmt":"2022-02-10T20:25:22","guid":{"rendered":"https:\/\/old.holyland-olivewood.com\/product\/planche-a-decouper-en-bois-dolivier-petite-ki120\/"},"modified":"2022-02-10T20:25:22","modified_gmt":"2022-02-10T20:25:22","slug":"planche-a-decouper-en-bois-dolivier","status":"publish","type":"product","link":"https:\/\/old.holyland-olivewood.com\/fr\/produit\/planche-a-decouper-en-bois-dolivier\/","title":{"rendered":"Planche \u00e0 d\u00e9couper en bois d\u2019olivier Petite #KI120"},"content":{"rendered":"","protected":false},"excerpt":{"rendered":"<p>Cette \u00e9l\u00e9gante planche \u00e0 d\u00e9couper est fabriqu\u00e9e \u00e0 la main \u00e0 partir de bois d\u2019olivier de la Terre Sainte de Bethl\u00e9em. Il constitue l\u2019ajout parfait \u00e0 n\u2019importe quelle cuisine ou salle \u00e0 manger. Le beau bois blond pr\u00e9sente les lignes plus sombres du grain tourbillonn\u00e9 sur toute la longueur de chaque ustensile. Fabriqu\u00e9 \u00e0 partir d\u2019oliviers de plus de 100 ans, qui ne portent plus de fruits, profitez de la beaut\u00e9 et de l\u2019histoire de ce bois dur finement grain\u00e9, transform\u00e9 en ustensiles de cuisine utiles et en ustensiles de service. Sa finition \u00e0 l\u2019huile d\u2019olive maintient le bois hydrat\u00e9 de mani\u00e8re naturelle. La planche \u00e0 d\u00e9couper est sculpt\u00e9e \u00e0 la main, ponc\u00e9e et finie pour un usage culinaire.<\/p>\n<p>Cet article comprend un certificat d\u2019authenticit\u00e9 v\u00e9rifiant les mat\u00e9riaux et les techniques utilis\u00e9s pour fabriquer ce produit.<\/p>\n<p>Taille: 11,5 cm x 25,5 cm (4,5&nbsp;\u00bb x 10&nbsp;\u00bb)<\/p>\n","protected":false},"featured_media":54605,"template":"","meta":[],"product_brand":[],"product_cat":[1047,2901],"product_tag":[1050,1193,3012,3677,3678,3680,1117,3685,3683,3681,3682,3672,1101,1121,1090,1100,1096,1115,1125,3676,3015,3674,1070,1078,3673,1195,3675,3684,3679,1073,1084,2902],"class_list":{"0":"post-45100","1":"product","2":"type-product","3":"status-publish","4":"has-post-thumbnail","6":"product_cat-kunsthaandvaerk-fr","7":"product_cat-ustensiles-de-cuisine","8":"product_tag-betlehem-fr","9":"product_tag-cadeaux","10":"product_tag-citron","11":"product_tag-cuiller","12":"product_tag-cuilleres","13":"product_tag-cultery-fr","14":"product_tag-donnerent","15":"product_tag-entrainant","16":"product_tag-fendue","17":"product_tag-fourchette","18":"product_tag-fourchettes","19":"product_tag-hacher","20":"product_tag-haandlavet-fr","21":"product_tag-haandvaerk-fr","22":"product_tag-hellig-fr","23":"product_tag-jerusalem-fr","24":"product_tag-jord-fr","25":"product_tag-juil","26":"product_tag-kunsthaandvaerk-fr","27":"product_tag-louche","28":"product_tag-miel-fr","29":"product_tag-mortier-fr","30":"product_tag-oliven-fr","31":"product_tag-oliventrae-fr","32":"product_tag-planche","33":"product_tag-poser","34":"product_tag-presse-fruits","35":"product_tag-salade-fr","36":"product_tag-spatule","37":"product_tag-trae-fr","38":"product_tag-udskaering-fr","39":"product_tag-ustensiles-de-cuisine","41":"first","42":"instock","43":"shipping-taxable","44":"purchasable","45":"product-type-simple"},"yoast_head":"<!-- This site is optimized with the Yoast SEO plugin v24.8.1 - https:\/\/yoast.com\/wordpress\/plugins\/seo\/ -->\n<title>Planche \u00e0 d\u00e9couper en bois d\u2019olivier Petite #KI120 - Holy Land Olive Wood - Bethlehem Olive Wood Factory<\/title>\n<meta name=\"description\" content=\"Artisanat en bois d\u2019olivier de Bethl\u00e9em (c\u2019est-\u00e0-dire ustensiles de cuisine, cuill\u00e8res, planche \u00e0 d\u00e9couper) miel, trempette, spatule, fourchette, mortier et bouillon brut dans des dimensions standard et personnalis\u00e9es.\" \/>\n<meta name=\"robots\" content=\"index, follow, max-snippet:-1, max-image-preview:large, max-video-preview:-1\" \/>\n<link rel=\"canonical\" href=\"https:\/\/old.holyland-olivewood.com\/fr\/produit\/planche-a-decouper-en-bois-dolivier\/\" \/>\n<meta property=\"og:locale\" content=\"fr_FR\" \/>\n<meta property=\"og:type\" content=\"article\" \/>\n<meta property=\"og:title\" content=\"Planche \u00e0 d\u00e9couper en bois d\u2019olivier Petite #KI120 - Holy Land Olive Wood - Bethlehem Olive Wood Factory\" \/>\n<meta property=\"og:description\" content=\"Artisanat en bois d\u2019olivier de Bethl\u00e9em (c\u2019est-\u00e0-dire ustensiles de cuisine, cuill\u00e8res, planche \u00e0 d\u00e9couper) miel, trempette, spatule, fourchette, mortier et bouillon brut dans des dimensions standard et personnalis\u00e9es.\" \/>\n<meta property=\"og:url\" content=\"https:\/\/old.holyland-olivewood.com\/fr\/produit\/planche-a-decouper-en-bois-dolivier\/\" \/>\n<meta property=\"og:site_name\" content=\"Holy Land Olive Wood - Bethlehem Olive Wood Factory\" \/>\n<meta property=\"article:publisher\" content=\"https:\/\/www.facebook.com\/holylandolivewood.bethlehem\/\" \/>\n<meta property=\"og:image\" content=\"https:\/\/old.holyland-olivewood.com\/wp-content\/uploads\/2016\/05\/kitchenware_holy_land_olive_wood_bethlehem_ki120_1-1.jpg\" \/>\n\t<meta property=\"og:image:width\" content=\"1550\" \/>\n\t<meta property=\"og:image:height\" content=\"1200\" \/>\n\t<meta property=\"og:image:type\" content=\"image\/jpeg\" \/>\n<meta name=\"twitter:card\" content=\"summary_large_image\" \/>\n<script type=\"application\/ld+json\" class=\"yoast-schema-graph\">{\"@context\":\"https:\/\/schema.org\",\"@graph\":[{\"@type\":\"WebPage\",\"@id\":\"https:\/\/old.holyland-olivewood.com\/fr\/produit\/planche-a-decouper-en-bois-dolivier\/\",\"url\":\"https:\/\/old.holyland-olivewood.com\/fr\/produit\/planche-a-decouper-en-bois-dolivier\/\",\"name\":\"Planche \u00e0 d\u00e9couper en bois d\u2019olivier Petite #KI120 - Holy Land Olive Wood - Bethlehem Olive Wood Factory\",\"isPartOf\":{\"@id\":\"https:\/\/old.holyland-olivewood.com\/fr\/#website\"},\"primaryImageOfPage\":{\"@id\":\"https:\/\/old.holyland-olivewood.com\/fr\/produit\/planche-a-decouper-en-bois-dolivier\/#primaryimage\"},\"image\":{\"@id\":\"https:\/\/old.holyland-olivewood.com\/fr\/produit\/planche-a-decouper-en-bois-dolivier\/#primaryimage\"},\"thumbnailUrl\":\"https:\/\/old.holyland-olivewood.com\/wp-content\/uploads\/2016\/05\/kitchenware_holy_land_olive_wood_bethlehem_ki120_1-1.jpg\",\"datePublished\":\"2022-02-10T20:25:22+00:00\",\"description\":\"Artisanat en bois d\u2019olivier de Bethl\u00e9em (c\u2019est-\u00e0-dire ustensiles de cuisine, cuill\u00e8res, planche \u00e0 d\u00e9couper) miel, trempette, spatule, fourchette, mortier et bouillon brut dans des dimensions standard et personnalis\u00e9es.\",\"breadcrumb\":{\"@id\":\"https:\/\/old.holyland-olivewood.com\/fr\/produit\/planche-a-decouper-en-bois-dolivier\/#breadcrumb\"},\"inLanguage\":\"fr-FR\",\"potentialAction\":[{\"@type\":\"ReadAction\",\"target\":[\"https:\/\/old.holyland-olivewood.com\/fr\/produit\/planche-a-decouper-en-bois-dolivier\/\"]}]},{\"@type\":\"ImageObject\",\"inLanguage\":\"fr-FR\",\"@id\":\"https:\/\/old.holyland-olivewood.com\/fr\/produit\/planche-a-decouper-en-bois-dolivier\/#primaryimage\",\"url\":\"https:\/\/old.holyland-olivewood.com\/wp-content\/uploads\/2016\/05\/kitchenware_holy_land_olive_wood_bethlehem_ki120_1-1.jpg\",\"contentUrl\":\"https:\/\/old.holyland-olivewood.com\/wp-content\/uploads\/2016\/05\/kitchenware_holy_land_olive_wood_bethlehem_ki120_1-1.jpg\",\"width\":1550,\"height\":1200},{\"@type\":\"BreadcrumbList\",\"@id\":\"https:\/\/old.holyland-olivewood.com\/fr\/produit\/planche-a-decouper-en-bois-dolivier\/#breadcrumb\",\"itemListElement\":[{\"@type\":\"ListItem\",\"position\":1,\"name\":\"Home\",\"item\":\"https:\/\/old.holyland-olivewood.com\/fr\/\"},{\"@type\":\"ListItem\",\"position\":2,\"name\":\"Boutique\",\"item\":\"https:\/\/old.holyland-olivewood.com\/fr\/boutique\/\"},{\"@type\":\"ListItem\",\"position\":3,\"name\":\"Planche \u00e0 d\u00e9couper en bois d\u2019olivier Petite #KI120\"}]},{\"@type\":\"WebSite\",\"@id\":\"https:\/\/old.holyland-olivewood.com\/fr\/#website\",\"url\":\"https:\/\/old.holyland-olivewood.com\/fr\/\",\"name\":\"Holy Land Olive Wood - Bethlehem Olive Wood Factory\",\"description\":\"Holy Land Olivewood Bethlehem\",\"publisher\":{\"@id\":\"https:\/\/old.holyland-olivewood.com\/fr\/#organization\"},\"potentialAction\":[{\"@type\":\"SearchAction\",\"target\":{\"@type\":\"EntryPoint\",\"urlTemplate\":\"https:\/\/old.holyland-olivewood.com\/fr\/?s={search_term_string}\"},\"query-input\":{\"@type\":\"PropertyValueSpecification\",\"valueRequired\":true,\"valueName\":\"search_term_string\"}}],\"inLanguage\":\"fr-FR\"},{\"@type\":\"Organization\",\"@id\":\"https:\/\/old.holyland-olivewood.com\/fr\/#organization\",\"name\":\"Holy Land Olivewood\",\"url\":\"https:\/\/old.holyland-olivewood.com\/fr\/\",\"logo\":{\"@type\":\"ImageObject\",\"inLanguage\":\"fr-FR\",\"@id\":\"https:\/\/old.holyland-olivewood.com\/fr\/#\/schema\/logo\/image\/\",\"url\":\"\",\"contentUrl\":\"\",\"caption\":\"Holy Land Olivewood\"},\"image\":{\"@id\":\"https:\/\/old.holyland-olivewood.com\/fr\/#\/schema\/logo\/image\/\"},\"sameAs\":[\"https:\/\/www.facebook.com\/holylandolivewood.bethlehem\/\",\"http:\/\/instagram.com\/holy.land.olive.wood\"]}]}<\/script>\n<!-- \/ Yoast SEO plugin. -->","yoast_head_json":{"title":"Planche \u00e0 d\u00e9couper en bois d\u2019olivier Petite #KI120 - Holy Land Olive Wood - Bethlehem Olive Wood Factory","description":"Artisanat en bois d\u2019olivier de Bethl\u00e9em (c\u2019est-\u00e0-dire ustensiles de cuisine, cuill\u00e8res, planche \u00e0 d\u00e9couper) miel, trempette, spatule, fourchette, mortier et bouillon brut dans des dimensions standard et personnalis\u00e9es.","robots":{"index":"index","follow":"follow","max-snippet":"max-snippet:-1","max-image-preview":"max-image-preview:large","max-video-preview":"max-video-preview:-1"},"canonical":"https:\/\/old.holyland-olivewood.com\/fr\/produit\/planche-a-decouper-en-bois-dolivier\/","og_locale":"fr_FR","og_type":"article","og_title":"Planche \u00e0 d\u00e9couper en bois d\u2019olivier Petite #KI120 - Holy Land Olive Wood - Bethlehem Olive Wood Factory","og_description":"Artisanat en bois d\u2019olivier de Bethl\u00e9em (c\u2019est-\u00e0-dire ustensiles de cuisine, cuill\u00e8res, planche \u00e0 d\u00e9couper) miel, trempette, spatule, fourchette, mortier et bouillon brut dans des dimensions standard et personnalis\u00e9es.","og_url":"https:\/\/old.holyland-olivewood.com\/fr\/produit\/planche-a-decouper-en-bois-dolivier\/","og_site_name":"Holy Land Olive Wood - Bethlehem Olive Wood Factory","article_publisher":"https:\/\/www.facebook.com\/holylandolivewood.bethlehem\/","og_image":[{"width":1550,"height":1200,"url":"https:\/\/old.holyland-olivewood.com\/wp-content\/uploads\/2016\/05\/kitchenware_holy_land_olive_wood_bethlehem_ki120_1-1.jpg","type":"image\/jpeg"}],"twitter_card":"summary_large_image","schema":{"@context":"https:\/\/schema.org","@graph":[{"@type":"WebPage","@id":"https:\/\/old.holyland-olivewood.com\/fr\/produit\/planche-a-decouper-en-bois-dolivier\/","url":"https:\/\/old.holyland-olivewood.com\/fr\/produit\/planche-a-decouper-en-bois-dolivier\/","name":"Planche \u00e0 d\u00e9couper en bois d\u2019olivier Petite #KI120 - Holy Land Olive Wood - Bethlehem Olive Wood Factory","isPartOf":{"@id":"https:\/\/old.holyland-olivewood.com\/fr\/#website"},"primaryImageOfPage":{"@id":"https:\/\/old.holyland-olivewood.com\/fr\/produit\/planche-a-decouper-en-bois-dolivier\/#primaryimage"},"image":{"@id":"https:\/\/old.holyland-olivewood.com\/fr\/produit\/planche-a-decouper-en-bois-dolivier\/#primaryimage"},"thumbnailUrl":"https:\/\/old.holyland-olivewood.com\/wp-content\/uploads\/2016\/05\/kitchenware_holy_land_olive_wood_bethlehem_ki120_1-1.jpg","datePublished":"2022-02-10T20:25:22+00:00","description":"Artisanat en bois d\u2019olivier de Bethl\u00e9em (c\u2019est-\u00e0-dire ustensiles de cuisine, cuill\u00e8res, planche \u00e0 d\u00e9couper) miel, trempette, spatule, fourchette, mortier et bouillon brut dans des dimensions standard et personnalis\u00e9es.","breadcrumb":{"@id":"https:\/\/old.holyland-olivewood.com\/fr\/produit\/planche-a-decouper-en-bois-dolivier\/#breadcrumb"},"inLanguage":"fr-FR","potentialAction":[{"@type":"ReadAction","target":["https:\/\/old.holyland-olivewood.com\/fr\/produit\/planche-a-decouper-en-bois-dolivier\/"]}]},{"@type":"ImageObject","inLanguage":"fr-FR","@id":"https:\/\/old.holyland-olivewood.com\/fr\/produit\/planche-a-decouper-en-bois-dolivier\/#primaryimage","url":"https:\/\/old.holyland-olivewood.com\/wp-content\/uploads\/2016\/05\/kitchenware_holy_land_olive_wood_bethlehem_ki120_1-1.jpg","contentUrl":"https:\/\/old.holyland-olivewood.com\/wp-content\/uploads\/2016\/05\/kitchenware_holy_land_olive_wood_bethlehem_ki120_1-1.jpg","width":1550,"height":1200},{"@type":"BreadcrumbList","@id":"https:\/\/old.holyland-olivewood.com\/fr\/produit\/planche-a-decouper-en-bois-dolivier\/#breadcrumb","itemListElement":[{"@type":"ListItem","position":1,"name":"Home","item":"https:\/\/old.holyland-olivewood.com\/fr\/"},{"@type":"ListItem","position":2,"name":"Boutique","item":"https:\/\/old.holyland-olivewood.com\/fr\/boutique\/"},{"@type":"ListItem","position":3,"name":"Planche \u00e0 d\u00e9couper en bois d\u2019olivier Petite #KI120"}]},{"@type":"WebSite","@id":"https:\/\/old.holyland-olivewood.com\/fr\/#website","url":"https:\/\/old.holyland-olivewood.com\/fr\/","name":"Holy Land Olive Wood - Bethlehem Olive Wood Factory","description":"Holy Land Olivewood Bethlehem","publisher":{"@id":"https:\/\/old.holyland-olivewood.com\/fr\/#organization"},"potentialAction":[{"@type":"SearchAction","target":{"@type":"EntryPoint","urlTemplate":"https:\/\/old.holyland-olivewood.com\/fr\/?s={search_term_string}"},"query-input":{"@type":"PropertyValueSpecification","valueRequired":true,"valueName":"search_term_string"}}],"inLanguage":"fr-FR"},{"@type":"Organization","@id":"https:\/\/old.holyland-olivewood.com\/fr\/#organization","name":"Holy Land Olivewood","url":"https:\/\/old.holyland-olivewood.com\/fr\/","logo":{"@type":"ImageObject","inLanguage":"fr-FR","@id":"https:\/\/old.holyland-olivewood.com\/fr\/#\/schema\/logo\/image\/","url":"","contentUrl":"","caption":"Holy Land Olivewood"},"image":{"@id":"https:\/\/old.holyland-olivewood.com\/fr\/#\/schema\/logo\/image\/"},"sameAs":["https:\/\/www.facebook.com\/holylandolivewood.bethlehem\/","http:\/\/instagram.com\/holy.land.olive.wood"]}]}},"_links":{"self":[{"href":"https:\/\/old.holyland-olivewood.com\/fr\/wp-json\/wp\/v2\/product\/45100","targetHints":{"allow":["GET"]}}],"collection":[{"href":"https:\/\/old.holyland-olivewood.com\/fr\/wp-json\/wp\/v2\/product"}],"about":[{"href":"https:\/\/old.holyland-olivewood.com\/fr\/wp-json\/wp\/v2\/types\/product"}],"wp:featuredmedia":[{"embeddable":true,"href":"https:\/\/old.holyland-olivewood.com\/fr\/wp-json\/wp\/v2\/media\/54605"}],"wp:attachment":[{"href":"https:\/\/old.holyland-olivewood.com\/fr\/wp-json\/wp\/v2\/media?parent=45100"}],"wp:term":[{"taxonomy":"product_brand","embeddable":true,"href":"https:\/\/old.holyland-olivewood.com\/fr\/wp-json\/wp\/v2\/product_brand?post=45100"},{"taxonomy":"product_cat","embeddable":true,"href":"https:\/\/old.holyland-olivewood.com\/fr\/wp-json\/wp\/v2\/product_cat?post=45100"},{"taxonomy":"product_tag","embeddable":true,"href":"https:\/\/old.holyland-olivewood.com\/fr\/wp-json\/wp\/v2\/product_tag?post=45100"}],"curies":[{"name":"wp","href":"https:\/\/api.w.org\/{rel}","templated":true}]}}