{"id":44993,"date":"2016-05-31T00:18:56","date_gmt":"2022-02-10T19:54:20","guid":{"rendered":"https:\/\/old.holyland-olivewood.com\/product\/ensemble-de-couverts-en-forme-de-bois-dolivier-ki111\/"},"modified":"2022-02-10T20:07:36","modified_gmt":"2022-02-10T20:07:36","slug":"ensemble-de-couverts-en-forme-de-bois-dolivier-2","status":"publish","type":"product","link":"https:\/\/old.holyland-olivewood.com\/fr\/produit\/ensemble-de-couverts-en-forme-de-bois-dolivier-2\/","title":{"rendered":"Ensemble de couverts en forme de bois d\u2019olivier #KI111"},"content":{"rendered":"","protected":false},"excerpt":{"rendered":"<p>Cet ensemble de cuisine est fabriqu\u00e9 \u00e0 la main \u00e0 partir de bois d\u2019olivier de la Terre Sainte de Bethl\u00e9em. Le beau bois blond pr\u00e9sente les lignes plus sombres du grain tourbillonn\u00e9 sur toute la longueur de chaque ustensile. Chaque ensemble de deux pi\u00e8ces est livr\u00e9 avec une cuill\u00e8re et une spatule. Utilisant uniquement des oliviers non productifs de Terre Sainte, cette pi\u00e8ce faite \u00e0 la main r\u00e9v\u00e8le les superbes motifs de grain du bois d\u2019olivier brut, exempts d\u2019additifs ou de scellants. Sa finition \u00e0 l\u2019huile d\u2019olive maintient le bois hydrat\u00e9 de mani\u00e8re naturelle. Chaque pi\u00e8ce sera un tr\u00e9sor de la terre sainte de Bethl\u00e9em vous aidant \u00e0 servir des repas pr\u00e9par\u00e9s avec amour \u00e0 votre table. Chaque pi\u00e8ce est sculpt\u00e9e \u00e0 la main, ponc\u00e9e et finie pour un usage culinaire. Apportez la beaut\u00e9 du bois d\u2019olivier \u00e0 votre table chaque soir, vous utilisez cet ensemble d\u2019ustensiles de cuisine de quatre pi\u00e8ces pour servir vos repas.<\/p>\n<p>Cet article comprend un certificat d\u2019authenticit\u00e9 v\u00e9rifiant les mat\u00e9riaux et les techniques utilis\u00e9s pour fabriquer ce produit.<\/p>\n<p>Taille: 35 cm (13.75&nbsp;\u00bb)<\/p>\n","protected":false},"featured_media":29015,"template":"","meta":[],"product_brand":[],"product_cat":[1047,2901],"product_tag":[1050,1193,3012,3677,3678,3680,1117,3685,3683,3681,3682,3672,1101,1121,1090,1100,1096,1115,1125,3676,3015,3674,1070,1078,3673,1195,3675,3684,3679,1073,1084,2902],"class_list":{"0":"post-44993","1":"product","2":"type-product","3":"status-publish","4":"has-post-thumbnail","6":"product_cat-kunsthaandvaerk-fr","7":"product_cat-ustensiles-de-cuisine","8":"product_tag-betlehem-fr","9":"product_tag-cadeaux","10":"product_tag-citron","11":"product_tag-cuiller","12":"product_tag-cuilleres","13":"product_tag-cultery-fr","14":"product_tag-donnerent","15":"product_tag-entrainant","16":"product_tag-fendue","17":"product_tag-fourchette","18":"product_tag-fourchettes","19":"product_tag-hacher","20":"product_tag-haandlavet-fr","21":"product_tag-haandvaerk-fr","22":"product_tag-hellig-fr","23":"product_tag-jerusalem-fr","24":"product_tag-jord-fr","25":"product_tag-juil","26":"product_tag-kunsthaandvaerk-fr","27":"product_tag-louche","28":"product_tag-miel-fr","29":"product_tag-mortier-fr","30":"product_tag-oliven-fr","31":"product_tag-oliventrae-fr","32":"product_tag-planche","33":"product_tag-poser","34":"product_tag-presse-fruits","35":"product_tag-salade-fr","36":"product_tag-spatule","37":"product_tag-trae-fr","38":"product_tag-udskaering-fr","39":"product_tag-ustensiles-de-cuisine","41":"first","42":"instock","43":"shipping-taxable","44":"purchasable","45":"product-type-simple"},"yoast_head":"<!-- This site is optimized with the Yoast SEO plugin v24.8.1 - https:\/\/yoast.com\/wordpress\/plugins\/seo\/ -->\n<title>Ensemble de couverts en forme de bois d\u2019olivier #KI111 - Holy Land Olive Wood - Bethlehem Olive Wood Factory<\/title>\n<meta name=\"description\" content=\"Artisanat en bois d\u2019olivier de Bethl\u00e9em (c\u2019est-\u00e0-dire ustensiles de cuisine, cuill\u00e8res, planche \u00e0 d\u00e9couper) trempette au miel, spatule, fourchette, mortier et stock brut dans les dimensions standard et personnalis\u00e9es\" \/>\n<meta name=\"robots\" content=\"index, follow, max-snippet:-1, max-image-preview:large, max-video-preview:-1\" \/>\n<link rel=\"canonical\" href=\"https:\/\/old.holyland-olivewood.com\/fr\/produit\/ensemble-de-couverts-en-forme-de-bois-dolivier-2\/\" \/>\n<meta property=\"og:locale\" content=\"fr_FR\" \/>\n<meta property=\"og:type\" content=\"article\" \/>\n<meta property=\"og:title\" content=\"Ensemble de couverts en forme de bois d\u2019olivier #KI111 - Holy Land Olive Wood - Bethlehem Olive Wood Factory\" \/>\n<meta property=\"og:description\" content=\"Artisanat en bois d\u2019olivier de Bethl\u00e9em (c\u2019est-\u00e0-dire ustensiles de cuisine, cuill\u00e8res, planche \u00e0 d\u00e9couper) trempette au miel, spatule, fourchette, mortier et stock brut dans les dimensions standard et personnalis\u00e9es\" \/>\n<meta property=\"og:url\" content=\"https:\/\/old.holyland-olivewood.com\/fr\/produit\/ensemble-de-couverts-en-forme-de-bois-dolivier-2\/\" \/>\n<meta property=\"og:site_name\" content=\"Holy Land Olive Wood - Bethlehem Olive Wood Factory\" \/>\n<meta property=\"article:publisher\" content=\"https:\/\/www.facebook.com\/holylandolivewood.bethlehem\/\" \/>\n<meta property=\"article:modified_time\" content=\"2022-02-10T20:07:36+00:00\" \/>\n<meta property=\"og:image\" content=\"https:\/\/old.holyland-olivewood.com\/wp-content\/uploads\/2016\/05\/kitchenware_holy_land_olive_wood_bethlehem_ki111.jpg\" \/>\n\t<meta property=\"og:image:width\" content=\"1550\" \/>\n\t<meta property=\"og:image:height\" content=\"1200\" \/>\n\t<meta property=\"og:image:type\" content=\"image\/jpeg\" \/>\n<meta name=\"twitter:card\" content=\"summary_large_image\" \/>\n<script type=\"application\/ld+json\" class=\"yoast-schema-graph\">{\"@context\":\"https:\/\/schema.org\",\"@graph\":[{\"@type\":\"WebPage\",\"@id\":\"https:\/\/old.holyland-olivewood.com\/fr\/produit\/ensemble-de-couverts-en-forme-de-bois-dolivier-2\/\",\"url\":\"https:\/\/old.holyland-olivewood.com\/fr\/produit\/ensemble-de-couverts-en-forme-de-bois-dolivier-2\/\",\"name\":\"Ensemble de couverts en forme de bois d\u2019olivier #KI111 - Holy Land Olive Wood - Bethlehem Olive Wood Factory\",\"isPartOf\":{\"@id\":\"https:\/\/old.holyland-olivewood.com\/fr\/#website\"},\"primaryImageOfPage\":{\"@id\":\"https:\/\/old.holyland-olivewood.com\/fr\/produit\/ensemble-de-couverts-en-forme-de-bois-dolivier-2\/#primaryimage\"},\"image\":{\"@id\":\"https:\/\/old.holyland-olivewood.com\/fr\/produit\/ensemble-de-couverts-en-forme-de-bois-dolivier-2\/#primaryimage\"},\"thumbnailUrl\":\"https:\/\/old.holyland-olivewood.com\/wp-content\/uploads\/2016\/05\/kitchenware_holy_land_olive_wood_bethlehem_ki111.jpg\",\"datePublished\":\"2022-02-10T19:54:20+00:00\",\"dateModified\":\"2022-02-10T20:07:36+00:00\",\"description\":\"Artisanat en bois d\u2019olivier de Bethl\u00e9em (c\u2019est-\u00e0-dire ustensiles de cuisine, cuill\u00e8res, planche \u00e0 d\u00e9couper) trempette au miel, spatule, fourchette, mortier et stock brut dans les dimensions standard et personnalis\u00e9es\",\"breadcrumb\":{\"@id\":\"https:\/\/old.holyland-olivewood.com\/fr\/produit\/ensemble-de-couverts-en-forme-de-bois-dolivier-2\/#breadcrumb\"},\"inLanguage\":\"fr-FR\",\"potentialAction\":[{\"@type\":\"ReadAction\",\"target\":[\"https:\/\/old.holyland-olivewood.com\/fr\/produit\/ensemble-de-couverts-en-forme-de-bois-dolivier-2\/\"]}]},{\"@type\":\"ImageObject\",\"inLanguage\":\"fr-FR\",\"@id\":\"https:\/\/old.holyland-olivewood.com\/fr\/produit\/ensemble-de-couverts-en-forme-de-bois-dolivier-2\/#primaryimage\",\"url\":\"https:\/\/old.holyland-olivewood.com\/wp-content\/uploads\/2016\/05\/kitchenware_holy_land_olive_wood_bethlehem_ki111.jpg\",\"contentUrl\":\"https:\/\/old.holyland-olivewood.com\/wp-content\/uploads\/2016\/05\/kitchenware_holy_land_olive_wood_bethlehem_ki111.jpg\",\"width\":1550,\"height\":1200},{\"@type\":\"BreadcrumbList\",\"@id\":\"https:\/\/old.holyland-olivewood.com\/fr\/produit\/ensemble-de-couverts-en-forme-de-bois-dolivier-2\/#breadcrumb\",\"itemListElement\":[{\"@type\":\"ListItem\",\"position\":1,\"name\":\"Home\",\"item\":\"https:\/\/old.holyland-olivewood.com\/fr\/\"},{\"@type\":\"ListItem\",\"position\":2,\"name\":\"Boutique\",\"item\":\"https:\/\/old.holyland-olivewood.com\/fr\/boutique\/\"},{\"@type\":\"ListItem\",\"position\":3,\"name\":\"Ensemble de couverts en forme de bois d\u2019olivier #KI111\"}]},{\"@type\":\"WebSite\",\"@id\":\"https:\/\/old.holyland-olivewood.com\/fr\/#website\",\"url\":\"https:\/\/old.holyland-olivewood.com\/fr\/\",\"name\":\"Holy Land Olive Wood - Bethlehem Olive Wood Factory\",\"description\":\"Holy Land Olivewood Bethlehem\",\"publisher\":{\"@id\":\"https:\/\/old.holyland-olivewood.com\/fr\/#organization\"},\"potentialAction\":[{\"@type\":\"SearchAction\",\"target\":{\"@type\":\"EntryPoint\",\"urlTemplate\":\"https:\/\/old.holyland-olivewood.com\/fr\/?s={search_term_string}\"},\"query-input\":{\"@type\":\"PropertyValueSpecification\",\"valueRequired\":true,\"valueName\":\"search_term_string\"}}],\"inLanguage\":\"fr-FR\"},{\"@type\":\"Organization\",\"@id\":\"https:\/\/old.holyland-olivewood.com\/fr\/#organization\",\"name\":\"Holy Land Olivewood\",\"url\":\"https:\/\/old.holyland-olivewood.com\/fr\/\",\"logo\":{\"@type\":\"ImageObject\",\"inLanguage\":\"fr-FR\",\"@id\":\"https:\/\/old.holyland-olivewood.com\/fr\/#\/schema\/logo\/image\/\",\"url\":\"\",\"contentUrl\":\"\",\"caption\":\"Holy Land Olivewood\"},\"image\":{\"@id\":\"https:\/\/old.holyland-olivewood.com\/fr\/#\/schema\/logo\/image\/\"},\"sameAs\":[\"https:\/\/www.facebook.com\/holylandolivewood.bethlehem\/\",\"http:\/\/instagram.com\/holy.land.olive.wood\"]}]}<\/script>\n<!-- \/ Yoast SEO plugin. -->","yoast_head_json":{"title":"Ensemble de couverts en forme de bois d\u2019olivier #KI111 - Holy Land Olive Wood - Bethlehem Olive Wood Factory","description":"Artisanat en bois d\u2019olivier de Bethl\u00e9em (c\u2019est-\u00e0-dire ustensiles de cuisine, cuill\u00e8res, planche \u00e0 d\u00e9couper) trempette au miel, spatule, fourchette, mortier et stock brut dans les dimensions standard et personnalis\u00e9es","robots":{"index":"index","follow":"follow","max-snippet":"max-snippet:-1","max-image-preview":"max-image-preview:large","max-video-preview":"max-video-preview:-1"},"canonical":"https:\/\/old.holyland-olivewood.com\/fr\/produit\/ensemble-de-couverts-en-forme-de-bois-dolivier-2\/","og_locale":"fr_FR","og_type":"article","og_title":"Ensemble de couverts en forme de bois d\u2019olivier #KI111 - Holy Land Olive Wood - Bethlehem Olive Wood Factory","og_description":"Artisanat en bois d\u2019olivier de Bethl\u00e9em (c\u2019est-\u00e0-dire ustensiles de cuisine, cuill\u00e8res, planche \u00e0 d\u00e9couper) trempette au miel, spatule, fourchette, mortier et stock brut dans les dimensions standard et personnalis\u00e9es","og_url":"https:\/\/old.holyland-olivewood.com\/fr\/produit\/ensemble-de-couverts-en-forme-de-bois-dolivier-2\/","og_site_name":"Holy Land Olive Wood - Bethlehem Olive Wood Factory","article_publisher":"https:\/\/www.facebook.com\/holylandolivewood.bethlehem\/","article_modified_time":"2022-02-10T20:07:36+00:00","og_image":[{"width":1550,"height":1200,"url":"https:\/\/old.holyland-olivewood.com\/wp-content\/uploads\/2016\/05\/kitchenware_holy_land_olive_wood_bethlehem_ki111.jpg","type":"image\/jpeg"}],"twitter_card":"summary_large_image","schema":{"@context":"https:\/\/schema.org","@graph":[{"@type":"WebPage","@id":"https:\/\/old.holyland-olivewood.com\/fr\/produit\/ensemble-de-couverts-en-forme-de-bois-dolivier-2\/","url":"https:\/\/old.holyland-olivewood.com\/fr\/produit\/ensemble-de-couverts-en-forme-de-bois-dolivier-2\/","name":"Ensemble de couverts en forme de bois d\u2019olivier #KI111 - Holy Land Olive Wood - Bethlehem Olive Wood Factory","isPartOf":{"@id":"https:\/\/old.holyland-olivewood.com\/fr\/#website"},"primaryImageOfPage":{"@id":"https:\/\/old.holyland-olivewood.com\/fr\/produit\/ensemble-de-couverts-en-forme-de-bois-dolivier-2\/#primaryimage"},"image":{"@id":"https:\/\/old.holyland-olivewood.com\/fr\/produit\/ensemble-de-couverts-en-forme-de-bois-dolivier-2\/#primaryimage"},"thumbnailUrl":"https:\/\/old.holyland-olivewood.com\/wp-content\/uploads\/2016\/05\/kitchenware_holy_land_olive_wood_bethlehem_ki111.jpg","datePublished":"2022-02-10T19:54:20+00:00","dateModified":"2022-02-10T20:07:36+00:00","description":"Artisanat en bois d\u2019olivier de Bethl\u00e9em (c\u2019est-\u00e0-dire ustensiles de cuisine, cuill\u00e8res, planche \u00e0 d\u00e9couper) trempette au miel, spatule, fourchette, mortier et stock brut dans les dimensions standard et personnalis\u00e9es","breadcrumb":{"@id":"https:\/\/old.holyland-olivewood.com\/fr\/produit\/ensemble-de-couverts-en-forme-de-bois-dolivier-2\/#breadcrumb"},"inLanguage":"fr-FR","potentialAction":[{"@type":"ReadAction","target":["https:\/\/old.holyland-olivewood.com\/fr\/produit\/ensemble-de-couverts-en-forme-de-bois-dolivier-2\/"]}]},{"@type":"ImageObject","inLanguage":"fr-FR","@id":"https:\/\/old.holyland-olivewood.com\/fr\/produit\/ensemble-de-couverts-en-forme-de-bois-dolivier-2\/#primaryimage","url":"https:\/\/old.holyland-olivewood.com\/wp-content\/uploads\/2016\/05\/kitchenware_holy_land_olive_wood_bethlehem_ki111.jpg","contentUrl":"https:\/\/old.holyland-olivewood.com\/wp-content\/uploads\/2016\/05\/kitchenware_holy_land_olive_wood_bethlehem_ki111.jpg","width":1550,"height":1200},{"@type":"BreadcrumbList","@id":"https:\/\/old.holyland-olivewood.com\/fr\/produit\/ensemble-de-couverts-en-forme-de-bois-dolivier-2\/#breadcrumb","itemListElement":[{"@type":"ListItem","position":1,"name":"Home","item":"https:\/\/old.holyland-olivewood.com\/fr\/"},{"@type":"ListItem","position":2,"name":"Boutique","item":"https:\/\/old.holyland-olivewood.com\/fr\/boutique\/"},{"@type":"ListItem","position":3,"name":"Ensemble de couverts en forme de bois d\u2019olivier #KI111"}]},{"@type":"WebSite","@id":"https:\/\/old.holyland-olivewood.com\/fr\/#website","url":"https:\/\/old.holyland-olivewood.com\/fr\/","name":"Holy Land Olive Wood - Bethlehem Olive Wood Factory","description":"Holy Land Olivewood Bethlehem","publisher":{"@id":"https:\/\/old.holyland-olivewood.com\/fr\/#organization"},"potentialAction":[{"@type":"SearchAction","target":{"@type":"EntryPoint","urlTemplate":"https:\/\/old.holyland-olivewood.com\/fr\/?s={search_term_string}"},"query-input":{"@type":"PropertyValueSpecification","valueRequired":true,"valueName":"search_term_string"}}],"inLanguage":"fr-FR"},{"@type":"Organization","@id":"https:\/\/old.holyland-olivewood.com\/fr\/#organization","name":"Holy Land Olivewood","url":"https:\/\/old.holyland-olivewood.com\/fr\/","logo":{"@type":"ImageObject","inLanguage":"fr-FR","@id":"https:\/\/old.holyland-olivewood.com\/fr\/#\/schema\/logo\/image\/","url":"","contentUrl":"","caption":"Holy Land Olivewood"},"image":{"@id":"https:\/\/old.holyland-olivewood.com\/fr\/#\/schema\/logo\/image\/"},"sameAs":["https:\/\/www.facebook.com\/holylandolivewood.bethlehem\/","http:\/\/instagram.com\/holy.land.olive.wood"]}]}},"_links":{"self":[{"href":"https:\/\/old.holyland-olivewood.com\/fr\/wp-json\/wp\/v2\/product\/44993","targetHints":{"allow":["GET"]}}],"collection":[{"href":"https:\/\/old.holyland-olivewood.com\/fr\/wp-json\/wp\/v2\/product"}],"about":[{"href":"https:\/\/old.holyland-olivewood.com\/fr\/wp-json\/wp\/v2\/types\/product"}],"wp:featuredmedia":[{"embeddable":true,"href":"https:\/\/old.holyland-olivewood.com\/fr\/wp-json\/wp\/v2\/media\/29015"}],"wp:attachment":[{"href":"https:\/\/old.holyland-olivewood.com\/fr\/wp-json\/wp\/v2\/media?parent=44993"}],"wp:term":[{"taxonomy":"product_brand","embeddable":true,"href":"https:\/\/old.holyland-olivewood.com\/fr\/wp-json\/wp\/v2\/product_brand?post=44993"},{"taxonomy":"product_cat","embeddable":true,"href":"https:\/\/old.holyland-olivewood.com\/fr\/wp-json\/wp\/v2\/product_cat?post=44993"},{"taxonomy":"product_tag","embeddable":true,"href":"https:\/\/old.holyland-olivewood.com\/fr\/wp-json\/wp\/v2\/product_tag?post=44993"}],"curies":[{"name":"wp","href":"https:\/\/api.w.org\/{rel}","templated":true}]}}