{"id":44952,"date":"2016-05-31T00:16:15","date_gmt":"2022-02-10T19:52:10","guid":{"rendered":"https:\/\/old.holyland-olivewood.com\/product\/bracelet-hematite-j108\/"},"modified":"2022-02-10T20:11:17","modified_gmt":"2022-02-10T20:11:17","slug":"bracelet-en-bois-dolivier-7","status":"publish","type":"product","link":"https:\/\/old.holyland-olivewood.com\/fr\/produit\/bracelet-en-bois-dolivier-7\/","title":{"rendered":"Bracelet h\u00e9matite #J108"},"content":{"rendered":"","protected":false},"excerpt":{"rendered":"<p>Ce bracelet chapelet est fabriqu\u00e9 \u00e0 la main dans la ville de Bethl\u00e9em en Terre Sainte \u00e0 partir de pierre d\u2019h\u00e9matite curative. Taille unique, s\u2019adapte facilement \u00e0 n\u2019importe quel poignet. Le bracelet est livr\u00e9 avec un charme de croix de J\u00e9rusalem plaqu\u00e9 argent.<\/p>\n<p>Il mesure 6 cm (2,5 po) de diam\u00e8tre (non \u00e9tir\u00e9).<\/p>\n<p>Chaque perle de pierre d\u2019h\u00e9matite mesure environ 8 mm (0,30 po) et 6 mm (0,25 po).<\/p>\n","protected":false},"featured_media":28871,"template":"","meta":[],"product_brand":[],"product_cat":[1047,1851],"product_tag":[1050,1867,1144,1878,1862,1874,1884,1890,1117,1864,1151,1101,1121,1090,1100,1088,1854,1096,1115,1174,1179,1147,1134,1129,1140,1125,1743,1070,1078,1176,1871,1741,1859,1073,1084],"class_list":{"0":"post-44952","1":"product","2":"type-product","3":"status-publish","4":"has-post-thumbnail","6":"product_cat-kunsthaandvaerk-fr","7":"product_cat-bijouterie","8":"product_tag-betlehem-fr","9":"product_tag-boucles","10":"product_tag-boen-fr","11":"product_tag-bracelet-fr","12":"product_tag-broche","13":"product_tag-collier","14":"product_tag-corde","15":"product_tag-corde-fr","16":"product_tag-donnerent","17":"product_tag-epingler","18":"product_tag-foedselskirken-fr","19":"product_tag-haandlavet-fr","20":"product_tag-haandvaerk-fr","21":"product_tag-hellig-fr","22":"product_tag-jerusalem-fr","23":"product_tag-jesus-fr","24":"product_tag-joaillerie","25":"product_tag-jord-fr","26":"product_tag-juil","27":"product_tag-katolsk-fr","28":"product_tag-keltisk-fr-2","29":"product_tag-kirke-fr","30":"product_tag-kors-fr","31":"product_tag-kristen-fr","32":"product_tag-krucifiks-fr","33":"product_tag-kunsthaandvaerk-fr","34":"product_tag-mains","35":"product_tag-oliven-fr","36":"product_tag-oliventrae-fr","37":"product_tag-ortodoks-fr","38":"product_tag-pendentif","39":"product_tag-prier","40":"product_tag-tau-fr","41":"product_tag-trae-fr","42":"product_tag-udskaering-fr","44":"first","45":"instock","46":"shipping-taxable","47":"purchasable","48":"product-type-simple"},"yoast_head":"<!-- This site is optimized with the Yoast SEO plugin v24.8.1 - https:\/\/yoast.com\/wordpress\/plugins\/seo\/ -->\n<title>Bracelet h\u00e9matite #J108 - Holy Land Olive Wood - Bethlehem Olive Wood Factory<\/title>\n<meta name=\"description\" content=\"Artisanat en bois d\u2019olivier de Bethl\u00e9em (c\u2019est-\u00e0-dire bijoux, j\u00e9rusalem, pendentif, boucles d\u2019oreilles, perles), boutons de stylo, bracelet et stock brut dans des dimensions standard et personnalis\u00e9es.\" \/>\n<meta name=\"robots\" content=\"index, follow, max-snippet:-1, max-image-preview:large, max-video-preview:-1\" \/>\n<link rel=\"canonical\" href=\"https:\/\/old.holyland-olivewood.com\/fr\/produit\/bracelet-en-bois-dolivier-7\/\" \/>\n<meta property=\"og:locale\" content=\"fr_FR\" \/>\n<meta property=\"og:type\" content=\"article\" \/>\n<meta property=\"og:title\" content=\"Bracelet h\u00e9matite #J108 - Holy Land Olive Wood - Bethlehem Olive Wood Factory\" \/>\n<meta property=\"og:description\" content=\"Artisanat en bois d\u2019olivier de Bethl\u00e9em (c\u2019est-\u00e0-dire bijoux, j\u00e9rusalem, pendentif, boucles d\u2019oreilles, perles), boutons de stylo, bracelet et stock brut dans des dimensions standard et personnalis\u00e9es.\" \/>\n<meta property=\"og:url\" content=\"https:\/\/old.holyland-olivewood.com\/fr\/produit\/bracelet-en-bois-dolivier-7\/\" \/>\n<meta property=\"og:site_name\" content=\"Holy Land Olive Wood - Bethlehem Olive Wood Factory\" \/>\n<meta property=\"article:publisher\" content=\"https:\/\/www.facebook.com\/holylandolivewood.bethlehem\/\" \/>\n<meta property=\"article:modified_time\" content=\"2022-02-10T20:11:17+00:00\" \/>\n<meta property=\"og:image\" content=\"https:\/\/old.holyland-olivewood.com\/wp-content\/uploads\/2016\/05\/bracelet_hematite_holy_land_olive_wood_bethlehem_J108.jpg\" \/>\n\t<meta property=\"og:image:width\" content=\"1550\" \/>\n\t<meta property=\"og:image:height\" content=\"1200\" \/>\n\t<meta property=\"og:image:type\" content=\"image\/jpeg\" \/>\n<meta name=\"twitter:card\" content=\"summary_large_image\" \/>\n<script type=\"application\/ld+json\" class=\"yoast-schema-graph\">{\"@context\":\"https:\/\/schema.org\",\"@graph\":[{\"@type\":\"WebPage\",\"@id\":\"https:\/\/old.holyland-olivewood.com\/fr\/produit\/bracelet-en-bois-dolivier-7\/\",\"url\":\"https:\/\/old.holyland-olivewood.com\/fr\/produit\/bracelet-en-bois-dolivier-7\/\",\"name\":\"Bracelet h\u00e9matite #J108 - Holy Land Olive Wood - Bethlehem Olive Wood Factory\",\"isPartOf\":{\"@id\":\"https:\/\/old.holyland-olivewood.com\/fr\/#website\"},\"primaryImageOfPage\":{\"@id\":\"https:\/\/old.holyland-olivewood.com\/fr\/produit\/bracelet-en-bois-dolivier-7\/#primaryimage\"},\"image\":{\"@id\":\"https:\/\/old.holyland-olivewood.com\/fr\/produit\/bracelet-en-bois-dolivier-7\/#primaryimage\"},\"thumbnailUrl\":\"https:\/\/old.holyland-olivewood.com\/wp-content\/uploads\/2016\/05\/bracelet_hematite_holy_land_olive_wood_bethlehem_J108.jpg\",\"datePublished\":\"2022-02-10T19:52:10+00:00\",\"dateModified\":\"2022-02-10T20:11:17+00:00\",\"description\":\"Artisanat en bois d\u2019olivier de Bethl\u00e9em (c\u2019est-\u00e0-dire bijoux, j\u00e9rusalem, pendentif, boucles d\u2019oreilles, perles), boutons de stylo, bracelet et stock brut dans des dimensions standard et personnalis\u00e9es.\",\"breadcrumb\":{\"@id\":\"https:\/\/old.holyland-olivewood.com\/fr\/produit\/bracelet-en-bois-dolivier-7\/#breadcrumb\"},\"inLanguage\":\"fr-FR\",\"potentialAction\":[{\"@type\":\"ReadAction\",\"target\":[\"https:\/\/old.holyland-olivewood.com\/fr\/produit\/bracelet-en-bois-dolivier-7\/\"]}]},{\"@type\":\"ImageObject\",\"inLanguage\":\"fr-FR\",\"@id\":\"https:\/\/old.holyland-olivewood.com\/fr\/produit\/bracelet-en-bois-dolivier-7\/#primaryimage\",\"url\":\"https:\/\/old.holyland-olivewood.com\/wp-content\/uploads\/2016\/05\/bracelet_hematite_holy_land_olive_wood_bethlehem_J108.jpg\",\"contentUrl\":\"https:\/\/old.holyland-olivewood.com\/wp-content\/uploads\/2016\/05\/bracelet_hematite_holy_land_olive_wood_bethlehem_J108.jpg\",\"width\":1550,\"height\":1200},{\"@type\":\"BreadcrumbList\",\"@id\":\"https:\/\/old.holyland-olivewood.com\/fr\/produit\/bracelet-en-bois-dolivier-7\/#breadcrumb\",\"itemListElement\":[{\"@type\":\"ListItem\",\"position\":1,\"name\":\"Home\",\"item\":\"https:\/\/old.holyland-olivewood.com\/fr\/\"},{\"@type\":\"ListItem\",\"position\":2,\"name\":\"Boutique\",\"item\":\"https:\/\/old.holyland-olivewood.com\/fr\/boutique\/\"},{\"@type\":\"ListItem\",\"position\":3,\"name\":\"Bracelet h\u00e9matite #J108\"}]},{\"@type\":\"WebSite\",\"@id\":\"https:\/\/old.holyland-olivewood.com\/fr\/#website\",\"url\":\"https:\/\/old.holyland-olivewood.com\/fr\/\",\"name\":\"Holy Land Olive Wood - Bethlehem Olive Wood Factory\",\"description\":\"Holy Land Olivewood Bethlehem\",\"publisher\":{\"@id\":\"https:\/\/old.holyland-olivewood.com\/fr\/#organization\"},\"potentialAction\":[{\"@type\":\"SearchAction\",\"target\":{\"@type\":\"EntryPoint\",\"urlTemplate\":\"https:\/\/old.holyland-olivewood.com\/fr\/?s={search_term_string}\"},\"query-input\":{\"@type\":\"PropertyValueSpecification\",\"valueRequired\":true,\"valueName\":\"search_term_string\"}}],\"inLanguage\":\"fr-FR\"},{\"@type\":\"Organization\",\"@id\":\"https:\/\/old.holyland-olivewood.com\/fr\/#organization\",\"name\":\"Holy Land Olivewood\",\"url\":\"https:\/\/old.holyland-olivewood.com\/fr\/\",\"logo\":{\"@type\":\"ImageObject\",\"inLanguage\":\"fr-FR\",\"@id\":\"https:\/\/old.holyland-olivewood.com\/fr\/#\/schema\/logo\/image\/\",\"url\":\"\",\"contentUrl\":\"\",\"caption\":\"Holy Land Olivewood\"},\"image\":{\"@id\":\"https:\/\/old.holyland-olivewood.com\/fr\/#\/schema\/logo\/image\/\"},\"sameAs\":[\"https:\/\/www.facebook.com\/holylandolivewood.bethlehem\/\",\"http:\/\/instagram.com\/holy.land.olive.wood\"]}]}<\/script>\n<!-- \/ Yoast SEO plugin. -->","yoast_head_json":{"title":"Bracelet h\u00e9matite #J108 - Holy Land Olive Wood - Bethlehem Olive Wood Factory","description":"Artisanat en bois d\u2019olivier de Bethl\u00e9em (c\u2019est-\u00e0-dire bijoux, j\u00e9rusalem, pendentif, boucles d\u2019oreilles, perles), boutons de stylo, bracelet et stock brut dans des dimensions standard et personnalis\u00e9es.","robots":{"index":"index","follow":"follow","max-snippet":"max-snippet:-1","max-image-preview":"max-image-preview:large","max-video-preview":"max-video-preview:-1"},"canonical":"https:\/\/old.holyland-olivewood.com\/fr\/produit\/bracelet-en-bois-dolivier-7\/","og_locale":"fr_FR","og_type":"article","og_title":"Bracelet h\u00e9matite #J108 - Holy Land Olive Wood - Bethlehem Olive Wood Factory","og_description":"Artisanat en bois d\u2019olivier de Bethl\u00e9em (c\u2019est-\u00e0-dire bijoux, j\u00e9rusalem, pendentif, boucles d\u2019oreilles, perles), boutons de stylo, bracelet et stock brut dans des dimensions standard et personnalis\u00e9es.","og_url":"https:\/\/old.holyland-olivewood.com\/fr\/produit\/bracelet-en-bois-dolivier-7\/","og_site_name":"Holy Land Olive Wood - Bethlehem Olive Wood Factory","article_publisher":"https:\/\/www.facebook.com\/holylandolivewood.bethlehem\/","article_modified_time":"2022-02-10T20:11:17+00:00","og_image":[{"width":1550,"height":1200,"url":"https:\/\/old.holyland-olivewood.com\/wp-content\/uploads\/2016\/05\/bracelet_hematite_holy_land_olive_wood_bethlehem_J108.jpg","type":"image\/jpeg"}],"twitter_card":"summary_large_image","schema":{"@context":"https:\/\/schema.org","@graph":[{"@type":"WebPage","@id":"https:\/\/old.holyland-olivewood.com\/fr\/produit\/bracelet-en-bois-dolivier-7\/","url":"https:\/\/old.holyland-olivewood.com\/fr\/produit\/bracelet-en-bois-dolivier-7\/","name":"Bracelet h\u00e9matite #J108 - Holy Land Olive Wood - Bethlehem Olive Wood Factory","isPartOf":{"@id":"https:\/\/old.holyland-olivewood.com\/fr\/#website"},"primaryImageOfPage":{"@id":"https:\/\/old.holyland-olivewood.com\/fr\/produit\/bracelet-en-bois-dolivier-7\/#primaryimage"},"image":{"@id":"https:\/\/old.holyland-olivewood.com\/fr\/produit\/bracelet-en-bois-dolivier-7\/#primaryimage"},"thumbnailUrl":"https:\/\/old.holyland-olivewood.com\/wp-content\/uploads\/2016\/05\/bracelet_hematite_holy_land_olive_wood_bethlehem_J108.jpg","datePublished":"2022-02-10T19:52:10+00:00","dateModified":"2022-02-10T20:11:17+00:00","description":"Artisanat en bois d\u2019olivier de Bethl\u00e9em (c\u2019est-\u00e0-dire bijoux, j\u00e9rusalem, pendentif, boucles d\u2019oreilles, perles), boutons de stylo, bracelet et stock brut dans des dimensions standard et personnalis\u00e9es.","breadcrumb":{"@id":"https:\/\/old.holyland-olivewood.com\/fr\/produit\/bracelet-en-bois-dolivier-7\/#breadcrumb"},"inLanguage":"fr-FR","potentialAction":[{"@type":"ReadAction","target":["https:\/\/old.holyland-olivewood.com\/fr\/produit\/bracelet-en-bois-dolivier-7\/"]}]},{"@type":"ImageObject","inLanguage":"fr-FR","@id":"https:\/\/old.holyland-olivewood.com\/fr\/produit\/bracelet-en-bois-dolivier-7\/#primaryimage","url":"https:\/\/old.holyland-olivewood.com\/wp-content\/uploads\/2016\/05\/bracelet_hematite_holy_land_olive_wood_bethlehem_J108.jpg","contentUrl":"https:\/\/old.holyland-olivewood.com\/wp-content\/uploads\/2016\/05\/bracelet_hematite_holy_land_olive_wood_bethlehem_J108.jpg","width":1550,"height":1200},{"@type":"BreadcrumbList","@id":"https:\/\/old.holyland-olivewood.com\/fr\/produit\/bracelet-en-bois-dolivier-7\/#breadcrumb","itemListElement":[{"@type":"ListItem","position":1,"name":"Home","item":"https:\/\/old.holyland-olivewood.com\/fr\/"},{"@type":"ListItem","position":2,"name":"Boutique","item":"https:\/\/old.holyland-olivewood.com\/fr\/boutique\/"},{"@type":"ListItem","position":3,"name":"Bracelet h\u00e9matite #J108"}]},{"@type":"WebSite","@id":"https:\/\/old.holyland-olivewood.com\/fr\/#website","url":"https:\/\/old.holyland-olivewood.com\/fr\/","name":"Holy Land Olive Wood - Bethlehem Olive Wood Factory","description":"Holy Land Olivewood Bethlehem","publisher":{"@id":"https:\/\/old.holyland-olivewood.com\/fr\/#organization"},"potentialAction":[{"@type":"SearchAction","target":{"@type":"EntryPoint","urlTemplate":"https:\/\/old.holyland-olivewood.com\/fr\/?s={search_term_string}"},"query-input":{"@type":"PropertyValueSpecification","valueRequired":true,"valueName":"search_term_string"}}],"inLanguage":"fr-FR"},{"@type":"Organization","@id":"https:\/\/old.holyland-olivewood.com\/fr\/#organization","name":"Holy Land Olivewood","url":"https:\/\/old.holyland-olivewood.com\/fr\/","logo":{"@type":"ImageObject","inLanguage":"fr-FR","@id":"https:\/\/old.holyland-olivewood.com\/fr\/#\/schema\/logo\/image\/","url":"","contentUrl":"","caption":"Holy Land Olivewood"},"image":{"@id":"https:\/\/old.holyland-olivewood.com\/fr\/#\/schema\/logo\/image\/"},"sameAs":["https:\/\/www.facebook.com\/holylandolivewood.bethlehem\/","http:\/\/instagram.com\/holy.land.olive.wood"]}]}},"_links":{"self":[{"href":"https:\/\/old.holyland-olivewood.com\/fr\/wp-json\/wp\/v2\/product\/44952","targetHints":{"allow":["GET"]}}],"collection":[{"href":"https:\/\/old.holyland-olivewood.com\/fr\/wp-json\/wp\/v2\/product"}],"about":[{"href":"https:\/\/old.holyland-olivewood.com\/fr\/wp-json\/wp\/v2\/types\/product"}],"wp:featuredmedia":[{"embeddable":true,"href":"https:\/\/old.holyland-olivewood.com\/fr\/wp-json\/wp\/v2\/media\/28871"}],"wp:attachment":[{"href":"https:\/\/old.holyland-olivewood.com\/fr\/wp-json\/wp\/v2\/media?parent=44952"}],"wp:term":[{"taxonomy":"product_brand","embeddable":true,"href":"https:\/\/old.holyland-olivewood.com\/fr\/wp-json\/wp\/v2\/product_brand?post=44952"},{"taxonomy":"product_cat","embeddable":true,"href":"https:\/\/old.holyland-olivewood.com\/fr\/wp-json\/wp\/v2\/product_cat?post=44952"},{"taxonomy":"product_tag","embeddable":true,"href":"https:\/\/old.holyland-olivewood.com\/fr\/wp-json\/wp\/v2\/product_tag?post=44952"}],"curies":[{"name":"wp","href":"https:\/\/api.w.org\/{rel}","templated":true}]}}