{"id":44450,"date":"2016-05-31T10:08:47","date_gmt":"2022-02-10T18:04:07","guid":{"rendered":"https:\/\/old.holyland-olivewood.com\/product\/collier-en-bois-dolivier-j139\/"},"modified":"2022-02-10T18:04:07","modified_gmt":"2022-02-10T18:04:07","slug":"collier-bois-dolivier-8","status":"publish","type":"product","link":"https:\/\/old.holyland-olivewood.com\/fr\/produit\/collier-bois-dolivier-8\/","title":{"rendered":"Collier en bois d\u2019olivier #J139"},"content":{"rendered":"","protected":false},"excerpt":{"rendered":"<p>Cette belle croix est fabriqu\u00e9e en Terre Sainte \u00e0 partir de bois d\u2019olivier de Bethl\u00e9em authentique r\u00e9colt\u00e9 de mani\u00e8re durable. Il est livr\u00e9 sur un cordon noir solide que vous pouvez ajuster \u00e0 la longueur que vous voulez. Pendentif en bois d\u2019olivier sculpt\u00e9 \u00e0 la main dans un design ajour\u00e9 con\u00e7u pour montrer les d\u00e9tails uniques du grain du bois.<\/p>\n<p>Cet article comprend un certificat d\u2019authenticit\u00e9 v\u00e9rifiant les mat\u00e9riaux et les techniques utilis\u00e9s pour fabriquer ce produit.<\/p>\n<p>Taille: 2,5 cm (1&nbsp;\u00bb)<\/p>\n","protected":false},"featured_media":29763,"template":"","meta":[],"product_brand":[],"product_cat":[1047,1851],"product_tag":[1050,1867,1144,1878,1862,1874,1884,1890,1117,1864,1151,1101,1121,1090,1100,4077,1854,1096,1115,1174,1179,1147,1134,1129,1140,1125,1743,1070,1078,1176,1871,1741,1859,1073,1084],"class_list":{"0":"post-44450","1":"product","2":"type-product","3":"status-publish","4":"has-post-thumbnail","6":"product_cat-kunsthaandvaerk-fr","7":"product_cat-bijouterie","8":"product_tag-betlehem-fr","9":"product_tag-boucles","10":"product_tag-boen-fr","11":"product_tag-bracelet-fr","12":"product_tag-broche","13":"product_tag-collier","14":"product_tag-corde","15":"product_tag-corde-fr","16":"product_tag-donnerent","17":"product_tag-epingler","18":"product_tag-foedselskirken-fr","19":"product_tag-haandlavet-fr","20":"product_tag-haandvaerk-fr","21":"product_tag-hellig-fr","22":"product_tag-jerusalem-fr","23":"product_tag-jesus-fr-2","24":"product_tag-joaillerie","25":"product_tag-jord-fr","26":"product_tag-juil","27":"product_tag-katolsk-fr","28":"product_tag-keltisk-fr-2","29":"product_tag-kirke-fr","30":"product_tag-kors-fr","31":"product_tag-kristen-fr","32":"product_tag-krucifiks-fr","33":"product_tag-kunsthaandvaerk-fr","34":"product_tag-mains","35":"product_tag-oliven-fr","36":"product_tag-oliventrae-fr","37":"product_tag-ortodoks-fr","38":"product_tag-pendentif","39":"product_tag-prier","40":"product_tag-tau-fr","41":"product_tag-trae-fr","42":"product_tag-udskaering-fr","44":"first","45":"instock","46":"shipping-taxable","47":"purchasable","48":"product-type-simple"},"yoast_head":"<!-- This site is optimized with the Yoast SEO plugin v24.8.1 - https:\/\/yoast.com\/wordpress\/plugins\/seo\/ -->\n<title>Collier en bois d\u2019olivier #J139 - Holy Land Olive Wood - Bethlehem Olive Wood Factory<\/title>\n<meta name=\"description\" content=\"Artisanat en bois d\u2019olivier de Bethl\u00e9em (c\u2019est-\u00e0-dire bijoux, j\u00e9rusalem, pendentif, boucles d\u2019oreilles, perles), boutons de stylo, bracelet et stock brut dans des dimensions standard et personnalis\u00e9es.\" \/>\n<meta name=\"robots\" content=\"index, follow, max-snippet:-1, max-image-preview:large, max-video-preview:-1\" \/>\n<link rel=\"canonical\" href=\"https:\/\/old.holyland-olivewood.com\/fr\/produit\/collier-bois-dolivier-8\/\" \/>\n<meta property=\"og:locale\" content=\"fr_FR\" \/>\n<meta property=\"og:type\" content=\"article\" \/>\n<meta property=\"og:title\" content=\"Collier en bois d\u2019olivier #J139 - Holy Land Olive Wood - Bethlehem Olive Wood Factory\" \/>\n<meta property=\"og:description\" content=\"Artisanat en bois d\u2019olivier de Bethl\u00e9em (c\u2019est-\u00e0-dire bijoux, j\u00e9rusalem, pendentif, boucles d\u2019oreilles, perles), boutons de stylo, bracelet et stock brut dans des dimensions standard et personnalis\u00e9es.\" \/>\n<meta property=\"og:url\" content=\"https:\/\/old.holyland-olivewood.com\/fr\/produit\/collier-bois-dolivier-8\/\" \/>\n<meta property=\"og:site_name\" content=\"Holy Land Olive Wood - Bethlehem Olive Wood Factory\" \/>\n<meta property=\"article:publisher\" content=\"https:\/\/www.facebook.com\/holylandolivewood.bethlehem\/\" \/>\n<meta property=\"og:image\" content=\"https:\/\/old.holyland-olivewood.com\/wp-content\/uploads\/2016\/05\/necklace_holy_land_olive_wood_bethlehem_j139.jpg\" \/>\n\t<meta property=\"og:image:width\" content=\"1550\" \/>\n\t<meta property=\"og:image:height\" content=\"1200\" \/>\n\t<meta property=\"og:image:type\" content=\"image\/jpeg\" \/>\n<meta name=\"twitter:card\" content=\"summary_large_image\" \/>\n<script type=\"application\/ld+json\" class=\"yoast-schema-graph\">{\"@context\":\"https:\/\/schema.org\",\"@graph\":[{\"@type\":\"WebPage\",\"@id\":\"https:\/\/old.holyland-olivewood.com\/fr\/produit\/collier-bois-dolivier-8\/\",\"url\":\"https:\/\/old.holyland-olivewood.com\/fr\/produit\/collier-bois-dolivier-8\/\",\"name\":\"Collier en bois d\u2019olivier #J139 - Holy Land Olive Wood - Bethlehem Olive Wood Factory\",\"isPartOf\":{\"@id\":\"https:\/\/old.holyland-olivewood.com\/fr\/#website\"},\"primaryImageOfPage\":{\"@id\":\"https:\/\/old.holyland-olivewood.com\/fr\/produit\/collier-bois-dolivier-8\/#primaryimage\"},\"image\":{\"@id\":\"https:\/\/old.holyland-olivewood.com\/fr\/produit\/collier-bois-dolivier-8\/#primaryimage\"},\"thumbnailUrl\":\"https:\/\/old.holyland-olivewood.com\/wp-content\/uploads\/2016\/05\/necklace_holy_land_olive_wood_bethlehem_j139.jpg\",\"datePublished\":\"2022-02-10T18:04:07+00:00\",\"description\":\"Artisanat en bois d\u2019olivier de Bethl\u00e9em (c\u2019est-\u00e0-dire bijoux, j\u00e9rusalem, pendentif, boucles d\u2019oreilles, perles), boutons de stylo, bracelet et stock brut dans des dimensions standard et personnalis\u00e9es.\",\"breadcrumb\":{\"@id\":\"https:\/\/old.holyland-olivewood.com\/fr\/produit\/collier-bois-dolivier-8\/#breadcrumb\"},\"inLanguage\":\"fr-FR\",\"potentialAction\":[{\"@type\":\"ReadAction\",\"target\":[\"https:\/\/old.holyland-olivewood.com\/fr\/produit\/collier-bois-dolivier-8\/\"]}]},{\"@type\":\"ImageObject\",\"inLanguage\":\"fr-FR\",\"@id\":\"https:\/\/old.holyland-olivewood.com\/fr\/produit\/collier-bois-dolivier-8\/#primaryimage\",\"url\":\"https:\/\/old.holyland-olivewood.com\/wp-content\/uploads\/2016\/05\/necklace_holy_land_olive_wood_bethlehem_j139.jpg\",\"contentUrl\":\"https:\/\/old.holyland-olivewood.com\/wp-content\/uploads\/2016\/05\/necklace_holy_land_olive_wood_bethlehem_j139.jpg\",\"width\":1550,\"height\":1200},{\"@type\":\"BreadcrumbList\",\"@id\":\"https:\/\/old.holyland-olivewood.com\/fr\/produit\/collier-bois-dolivier-8\/#breadcrumb\",\"itemListElement\":[{\"@type\":\"ListItem\",\"position\":1,\"name\":\"Home\",\"item\":\"https:\/\/old.holyland-olivewood.com\/fr\/\"},{\"@type\":\"ListItem\",\"position\":2,\"name\":\"Boutique\",\"item\":\"https:\/\/old.holyland-olivewood.com\/fr\/boutique\/\"},{\"@type\":\"ListItem\",\"position\":3,\"name\":\"Collier en bois d\u2019olivier #J139\"}]},{\"@type\":\"WebSite\",\"@id\":\"https:\/\/old.holyland-olivewood.com\/fr\/#website\",\"url\":\"https:\/\/old.holyland-olivewood.com\/fr\/\",\"name\":\"Holy Land Olive Wood - Bethlehem Olive Wood Factory\",\"description\":\"Holy Land Olivewood Bethlehem\",\"publisher\":{\"@id\":\"https:\/\/old.holyland-olivewood.com\/fr\/#organization\"},\"potentialAction\":[{\"@type\":\"SearchAction\",\"target\":{\"@type\":\"EntryPoint\",\"urlTemplate\":\"https:\/\/old.holyland-olivewood.com\/fr\/?s={search_term_string}\"},\"query-input\":{\"@type\":\"PropertyValueSpecification\",\"valueRequired\":true,\"valueName\":\"search_term_string\"}}],\"inLanguage\":\"fr-FR\"},{\"@type\":\"Organization\",\"@id\":\"https:\/\/old.holyland-olivewood.com\/fr\/#organization\",\"name\":\"Holy Land Olivewood\",\"url\":\"https:\/\/old.holyland-olivewood.com\/fr\/\",\"logo\":{\"@type\":\"ImageObject\",\"inLanguage\":\"fr-FR\",\"@id\":\"https:\/\/old.holyland-olivewood.com\/fr\/#\/schema\/logo\/image\/\",\"url\":\"\",\"contentUrl\":\"\",\"caption\":\"Holy Land Olivewood\"},\"image\":{\"@id\":\"https:\/\/old.holyland-olivewood.com\/fr\/#\/schema\/logo\/image\/\"},\"sameAs\":[\"https:\/\/www.facebook.com\/holylandolivewood.bethlehem\/\",\"http:\/\/instagram.com\/holy.land.olive.wood\"]}]}<\/script>\n<!-- \/ Yoast SEO plugin. -->","yoast_head_json":{"title":"Collier en bois d\u2019olivier #J139 - Holy Land Olive Wood - Bethlehem Olive Wood Factory","description":"Artisanat en bois d\u2019olivier de Bethl\u00e9em (c\u2019est-\u00e0-dire bijoux, j\u00e9rusalem, pendentif, boucles d\u2019oreilles, perles), boutons de stylo, bracelet et stock brut dans des dimensions standard et personnalis\u00e9es.","robots":{"index":"index","follow":"follow","max-snippet":"max-snippet:-1","max-image-preview":"max-image-preview:large","max-video-preview":"max-video-preview:-1"},"canonical":"https:\/\/old.holyland-olivewood.com\/fr\/produit\/collier-bois-dolivier-8\/","og_locale":"fr_FR","og_type":"article","og_title":"Collier en bois d\u2019olivier #J139 - Holy Land Olive Wood - Bethlehem Olive Wood Factory","og_description":"Artisanat en bois d\u2019olivier de Bethl\u00e9em (c\u2019est-\u00e0-dire bijoux, j\u00e9rusalem, pendentif, boucles d\u2019oreilles, perles), boutons de stylo, bracelet et stock brut dans des dimensions standard et personnalis\u00e9es.","og_url":"https:\/\/old.holyland-olivewood.com\/fr\/produit\/collier-bois-dolivier-8\/","og_site_name":"Holy Land Olive Wood - Bethlehem Olive Wood Factory","article_publisher":"https:\/\/www.facebook.com\/holylandolivewood.bethlehem\/","og_image":[{"width":1550,"height":1200,"url":"https:\/\/old.holyland-olivewood.com\/wp-content\/uploads\/2016\/05\/necklace_holy_land_olive_wood_bethlehem_j139.jpg","type":"image\/jpeg"}],"twitter_card":"summary_large_image","schema":{"@context":"https:\/\/schema.org","@graph":[{"@type":"WebPage","@id":"https:\/\/old.holyland-olivewood.com\/fr\/produit\/collier-bois-dolivier-8\/","url":"https:\/\/old.holyland-olivewood.com\/fr\/produit\/collier-bois-dolivier-8\/","name":"Collier en bois d\u2019olivier #J139 - Holy Land Olive Wood - Bethlehem Olive Wood Factory","isPartOf":{"@id":"https:\/\/old.holyland-olivewood.com\/fr\/#website"},"primaryImageOfPage":{"@id":"https:\/\/old.holyland-olivewood.com\/fr\/produit\/collier-bois-dolivier-8\/#primaryimage"},"image":{"@id":"https:\/\/old.holyland-olivewood.com\/fr\/produit\/collier-bois-dolivier-8\/#primaryimage"},"thumbnailUrl":"https:\/\/old.holyland-olivewood.com\/wp-content\/uploads\/2016\/05\/necklace_holy_land_olive_wood_bethlehem_j139.jpg","datePublished":"2022-02-10T18:04:07+00:00","description":"Artisanat en bois d\u2019olivier de Bethl\u00e9em (c\u2019est-\u00e0-dire bijoux, j\u00e9rusalem, pendentif, boucles d\u2019oreilles, perles), boutons de stylo, bracelet et stock brut dans des dimensions standard et personnalis\u00e9es.","breadcrumb":{"@id":"https:\/\/old.holyland-olivewood.com\/fr\/produit\/collier-bois-dolivier-8\/#breadcrumb"},"inLanguage":"fr-FR","potentialAction":[{"@type":"ReadAction","target":["https:\/\/old.holyland-olivewood.com\/fr\/produit\/collier-bois-dolivier-8\/"]}]},{"@type":"ImageObject","inLanguage":"fr-FR","@id":"https:\/\/old.holyland-olivewood.com\/fr\/produit\/collier-bois-dolivier-8\/#primaryimage","url":"https:\/\/old.holyland-olivewood.com\/wp-content\/uploads\/2016\/05\/necklace_holy_land_olive_wood_bethlehem_j139.jpg","contentUrl":"https:\/\/old.holyland-olivewood.com\/wp-content\/uploads\/2016\/05\/necklace_holy_land_olive_wood_bethlehem_j139.jpg","width":1550,"height":1200},{"@type":"BreadcrumbList","@id":"https:\/\/old.holyland-olivewood.com\/fr\/produit\/collier-bois-dolivier-8\/#breadcrumb","itemListElement":[{"@type":"ListItem","position":1,"name":"Home","item":"https:\/\/old.holyland-olivewood.com\/fr\/"},{"@type":"ListItem","position":2,"name":"Boutique","item":"https:\/\/old.holyland-olivewood.com\/fr\/boutique\/"},{"@type":"ListItem","position":3,"name":"Collier en bois d\u2019olivier #J139"}]},{"@type":"WebSite","@id":"https:\/\/old.holyland-olivewood.com\/fr\/#website","url":"https:\/\/old.holyland-olivewood.com\/fr\/","name":"Holy Land Olive Wood - Bethlehem Olive Wood Factory","description":"Holy Land Olivewood Bethlehem","publisher":{"@id":"https:\/\/old.holyland-olivewood.com\/fr\/#organization"},"potentialAction":[{"@type":"SearchAction","target":{"@type":"EntryPoint","urlTemplate":"https:\/\/old.holyland-olivewood.com\/fr\/?s={search_term_string}"},"query-input":{"@type":"PropertyValueSpecification","valueRequired":true,"valueName":"search_term_string"}}],"inLanguage":"fr-FR"},{"@type":"Organization","@id":"https:\/\/old.holyland-olivewood.com\/fr\/#organization","name":"Holy Land Olivewood","url":"https:\/\/old.holyland-olivewood.com\/fr\/","logo":{"@type":"ImageObject","inLanguage":"fr-FR","@id":"https:\/\/old.holyland-olivewood.com\/fr\/#\/schema\/logo\/image\/","url":"","contentUrl":"","caption":"Holy Land Olivewood"},"image":{"@id":"https:\/\/old.holyland-olivewood.com\/fr\/#\/schema\/logo\/image\/"},"sameAs":["https:\/\/www.facebook.com\/holylandolivewood.bethlehem\/","http:\/\/instagram.com\/holy.land.olive.wood"]}]}},"_links":{"self":[{"href":"https:\/\/old.holyland-olivewood.com\/fr\/wp-json\/wp\/v2\/product\/44450","targetHints":{"allow":["GET"]}}],"collection":[{"href":"https:\/\/old.holyland-olivewood.com\/fr\/wp-json\/wp\/v2\/product"}],"about":[{"href":"https:\/\/old.holyland-olivewood.com\/fr\/wp-json\/wp\/v2\/types\/product"}],"wp:featuredmedia":[{"embeddable":true,"href":"https:\/\/old.holyland-olivewood.com\/fr\/wp-json\/wp\/v2\/media\/29763"}],"wp:attachment":[{"href":"https:\/\/old.holyland-olivewood.com\/fr\/wp-json\/wp\/v2\/media?parent=44450"}],"wp:term":[{"taxonomy":"product_brand","embeddable":true,"href":"https:\/\/old.holyland-olivewood.com\/fr\/wp-json\/wp\/v2\/product_brand?post=44450"},{"taxonomy":"product_cat","embeddable":true,"href":"https:\/\/old.holyland-olivewood.com\/fr\/wp-json\/wp\/v2\/product_cat?post=44450"},{"taxonomy":"product_tag","embeddable":true,"href":"https:\/\/old.holyland-olivewood.com\/fr\/wp-json\/wp\/v2\/product_tag?post=44450"}],"curies":[{"name":"wp","href":"https:\/\/api.w.org\/{rel}","templated":true}]}}