{"id":43868,"date":"2016-05-31T12:21:18","date_gmt":"2022-02-10T14:12:14","guid":{"rendered":"https:\/\/old.holyland-olivewood.com\/product\/creche-en-bois-dolivier-set-na112\/"},"modified":"2022-02-10T14:12:36","modified_gmt":"2022-02-10T14:12:36","slug":"bois-dolivier-nativite-grotte-set-4","status":"publish","type":"product","link":"https:\/\/old.holyland-olivewood.com\/fr\/produit\/bois-dolivier-nativite-grotte-set-4\/","title":{"rendered":"Cr\u00e8che en bois d\u2019olivier Set #NA112"},"content":{"rendered":"","protected":false},"excerpt":{"rendered":"<p>Ce bel ensemble de cr\u00e8che est fabriqu\u00e9 \u00e0 la main en Terre Sainte \u00e0 partir de bois d\u2019olivier de Bethl\u00e9em authentique r\u00e9colt\u00e9 de mani\u00e8re durable. Utilisant uniquement des oliviers non productifs de Terre Sainte, cette pi\u00e8ce faite \u00e0 la main r\u00e9v\u00e8le les superbes motifs de grain du bois d\u2019olivier brut, exempts d\u2019additifs ou de scellants. Cette belle cr\u00e8che en bois d\u2019olivier sculpt\u00e9e \u00e0 la main parvient \u00e0 d\u00e9peindre un cadre complet dans un tr\u00e8s petit espace. Il est livr\u00e9 avec la com\u00e9die musicale Silent Night et dans une belle bo\u00eete id\u00e9ale en cadeau.<\/p>\n<p>Cet article comprend un certificat d\u2019authenticit\u00e9 v\u00e9rifiant les mat\u00e9riaux et les techniques utilis\u00e9s pour fabriquer ce produit.<\/p>\n<p>Taille: 9 cm x 15 cm x 20 cm (3.5&nbsp;\u00bb x 6&nbsp;\u00bb x 8&nbsp;\u00bb)<\/p>\n","protected":false},"featured_media":30406,"template":"","meta":[],"product_brand":[],"product_cat":[1047,1190],"product_tag":[1252,1275,1281,1050,1193,1117,1226,1220,1238,1234,1151,1213,1101,1121,1090,1269,1100,4077,1096,1245,1115,1174,1147,1134,1129,1125,1192,1288,1070,1078,1176,1195,1260,1203,1073,1084],"class_list":{"0":"post-43868","1":"product","2":"type-product","3":"status-publish","4":"has-post-thumbnail","6":"product_cat-kunsthaandvaerk-fr","7":"product_cat-ensembles-de-la-nativite","8":"product_tag-3-fr","9":"product_tag-agneau","10":"product_tag-ane","11":"product_tag-betlehem-fr","12":"product_tag-cadeaux","13":"product_tag-donnerent","14":"product_tag-ecuries","15":"product_tag-etable","16":"product_tag-figurine-fr","17":"product_tag-figurines-fr","18":"product_tag-foedselskirken-fr","19":"product_tag-grotte","20":"product_tag-haandlavet-fr","21":"product_tag-haandvaerk-fr","22":"product_tag-hellig-fr","23":"product_tag-hommes","24":"product_tag-jerusalem-fr","25":"product_tag-jesus-fr-2","26":"product_tag-jord-fr","27":"product_tag-joseph-fr","28":"product_tag-juil","29":"product_tag-katolsk-fr","30":"product_tag-kirke-fr","31":"product_tag-kors-fr","32":"product_tag-kristen-fr","33":"product_tag-kunsthaandvaerk-fr","34":"product_tag-marie","35":"product_tag-naissance","36":"product_tag-oliven-fr","37":"product_tag-oliventrae-fr","38":"product_tag-ortodoks-fr","39":"product_tag-poser","40":"product_tag-sage-fr","41":"product_tag-studios","42":"product_tag-trae-fr","43":"product_tag-udskaering-fr","45":"first","46":"instock","47":"shipping-taxable","48":"purchasable","49":"product-type-simple"},"yoast_head":"<!-- This site is optimized with the Yoast SEO plugin v24.8.1 - https:\/\/yoast.com\/wordpress\/plugins\/seo\/ -->\n<title>Cr\u00e8che en bois d\u2019olivier Set #NA112 - Holy Land Olive Wood - Bethlehem Olive Wood Factory<\/title>\n<meta name=\"description\" content=\"Artisanat en bois d\u2019olivier de Bethl\u00e9em (c\u2019est-\u00e0-dire chapelets, statues, nativit\u00e9, d\u00e9cors, grotte) sainte famille, No\u00ebl, figurines et stock brut dans les dimensions standard et personnalis\u00e9es.\" \/>\n<meta name=\"robots\" content=\"index, follow, max-snippet:-1, max-image-preview:large, max-video-preview:-1\" \/>\n<link rel=\"canonical\" href=\"https:\/\/old.holyland-olivewood.com\/fr\/produit\/bois-dolivier-nativite-grotte-set-4\/\" \/>\n<meta property=\"og:locale\" content=\"fr_FR\" \/>\n<meta property=\"og:type\" content=\"article\" \/>\n<meta property=\"og:title\" content=\"Cr\u00e8che en bois d\u2019olivier Set #NA112 - Holy Land Olive Wood - Bethlehem Olive Wood Factory\" \/>\n<meta property=\"og:description\" content=\"Artisanat en bois d\u2019olivier de Bethl\u00e9em (c\u2019est-\u00e0-dire chapelets, statues, nativit\u00e9, d\u00e9cors, grotte) sainte famille, No\u00ebl, figurines et stock brut dans les dimensions standard et personnalis\u00e9es.\" \/>\n<meta property=\"og:url\" content=\"https:\/\/old.holyland-olivewood.com\/fr\/produit\/bois-dolivier-nativite-grotte-set-4\/\" \/>\n<meta property=\"og:site_name\" content=\"Holy Land Olive Wood - Bethlehem Olive Wood Factory\" \/>\n<meta property=\"article:publisher\" content=\"https:\/\/www.facebook.com\/holylandolivewood.bethlehem\/\" \/>\n<meta property=\"article:modified_time\" content=\"2022-02-10T14:12:36+00:00\" \/>\n<meta property=\"og:image\" content=\"https:\/\/old.holyland-olivewood.com\/wp-content\/uploads\/2016\/05\/nativity_set_holy_land_olive_wood_bethlehem_112.jpg\" \/>\n\t<meta property=\"og:image:width\" content=\"1550\" \/>\n\t<meta property=\"og:image:height\" content=\"1200\" \/>\n\t<meta property=\"og:image:type\" content=\"image\/jpeg\" \/>\n<meta name=\"twitter:card\" content=\"summary_large_image\" \/>\n<script type=\"application\/ld+json\" class=\"yoast-schema-graph\">{\"@context\":\"https:\/\/schema.org\",\"@graph\":[{\"@type\":\"WebPage\",\"@id\":\"https:\/\/old.holyland-olivewood.com\/fr\/produit\/bois-dolivier-nativite-grotte-set-4\/\",\"url\":\"https:\/\/old.holyland-olivewood.com\/fr\/produit\/bois-dolivier-nativite-grotte-set-4\/\",\"name\":\"Cr\u00e8che en bois d\u2019olivier Set #NA112 - Holy Land Olive Wood - Bethlehem Olive Wood Factory\",\"isPartOf\":{\"@id\":\"https:\/\/old.holyland-olivewood.com\/fr\/#website\"},\"primaryImageOfPage\":{\"@id\":\"https:\/\/old.holyland-olivewood.com\/fr\/produit\/bois-dolivier-nativite-grotte-set-4\/#primaryimage\"},\"image\":{\"@id\":\"https:\/\/old.holyland-olivewood.com\/fr\/produit\/bois-dolivier-nativite-grotte-set-4\/#primaryimage\"},\"thumbnailUrl\":\"https:\/\/old.holyland-olivewood.com\/wp-content\/uploads\/2016\/05\/nativity_set_holy_land_olive_wood_bethlehem_112.jpg\",\"datePublished\":\"2022-02-10T14:12:14+00:00\",\"dateModified\":\"2022-02-10T14:12:36+00:00\",\"description\":\"Artisanat en bois d\u2019olivier de Bethl\u00e9em (c\u2019est-\u00e0-dire chapelets, statues, nativit\u00e9, d\u00e9cors, grotte) sainte famille, No\u00ebl, figurines et stock brut dans les dimensions standard et personnalis\u00e9es.\",\"breadcrumb\":{\"@id\":\"https:\/\/old.holyland-olivewood.com\/fr\/produit\/bois-dolivier-nativite-grotte-set-4\/#breadcrumb\"},\"inLanguage\":\"fr-FR\",\"potentialAction\":[{\"@type\":\"ReadAction\",\"target\":[\"https:\/\/old.holyland-olivewood.com\/fr\/produit\/bois-dolivier-nativite-grotte-set-4\/\"]}]},{\"@type\":\"ImageObject\",\"inLanguage\":\"fr-FR\",\"@id\":\"https:\/\/old.holyland-olivewood.com\/fr\/produit\/bois-dolivier-nativite-grotte-set-4\/#primaryimage\",\"url\":\"https:\/\/old.holyland-olivewood.com\/wp-content\/uploads\/2016\/05\/nativity_set_holy_land_olive_wood_bethlehem_112.jpg\",\"contentUrl\":\"https:\/\/old.holyland-olivewood.com\/wp-content\/uploads\/2016\/05\/nativity_set_holy_land_olive_wood_bethlehem_112.jpg\",\"width\":1550,\"height\":1200},{\"@type\":\"BreadcrumbList\",\"@id\":\"https:\/\/old.holyland-olivewood.com\/fr\/produit\/bois-dolivier-nativite-grotte-set-4\/#breadcrumb\",\"itemListElement\":[{\"@type\":\"ListItem\",\"position\":1,\"name\":\"Home\",\"item\":\"https:\/\/old.holyland-olivewood.com\/fr\/\"},{\"@type\":\"ListItem\",\"position\":2,\"name\":\"Boutique\",\"item\":\"https:\/\/old.holyland-olivewood.com\/fr\/boutique\/\"},{\"@type\":\"ListItem\",\"position\":3,\"name\":\"Cr\u00e8che en bois d\u2019olivier Set #NA112\"}]},{\"@type\":\"WebSite\",\"@id\":\"https:\/\/old.holyland-olivewood.com\/fr\/#website\",\"url\":\"https:\/\/old.holyland-olivewood.com\/fr\/\",\"name\":\"Holy Land Olive Wood - Bethlehem Olive Wood Factory\",\"description\":\"Holy Land Olivewood Bethlehem\",\"publisher\":{\"@id\":\"https:\/\/old.holyland-olivewood.com\/fr\/#organization\"},\"potentialAction\":[{\"@type\":\"SearchAction\",\"target\":{\"@type\":\"EntryPoint\",\"urlTemplate\":\"https:\/\/old.holyland-olivewood.com\/fr\/?s={search_term_string}\"},\"query-input\":{\"@type\":\"PropertyValueSpecification\",\"valueRequired\":true,\"valueName\":\"search_term_string\"}}],\"inLanguage\":\"fr-FR\"},{\"@type\":\"Organization\",\"@id\":\"https:\/\/old.holyland-olivewood.com\/fr\/#organization\",\"name\":\"Holy Land Olivewood\",\"url\":\"https:\/\/old.holyland-olivewood.com\/fr\/\",\"logo\":{\"@type\":\"ImageObject\",\"inLanguage\":\"fr-FR\",\"@id\":\"https:\/\/old.holyland-olivewood.com\/fr\/#\/schema\/logo\/image\/\",\"url\":\"\",\"contentUrl\":\"\",\"caption\":\"Holy Land Olivewood\"},\"image\":{\"@id\":\"https:\/\/old.holyland-olivewood.com\/fr\/#\/schema\/logo\/image\/\"},\"sameAs\":[\"https:\/\/www.facebook.com\/holylandolivewood.bethlehem\/\",\"http:\/\/instagram.com\/holy.land.olive.wood\"]}]}<\/script>\n<!-- \/ Yoast SEO plugin. -->","yoast_head_json":{"title":"Cr\u00e8che en bois d\u2019olivier Set #NA112 - Holy Land Olive Wood - Bethlehem Olive Wood Factory","description":"Artisanat en bois d\u2019olivier de Bethl\u00e9em (c\u2019est-\u00e0-dire chapelets, statues, nativit\u00e9, d\u00e9cors, grotte) sainte famille, No\u00ebl, figurines et stock brut dans les dimensions standard et personnalis\u00e9es.","robots":{"index":"index","follow":"follow","max-snippet":"max-snippet:-1","max-image-preview":"max-image-preview:large","max-video-preview":"max-video-preview:-1"},"canonical":"https:\/\/old.holyland-olivewood.com\/fr\/produit\/bois-dolivier-nativite-grotte-set-4\/","og_locale":"fr_FR","og_type":"article","og_title":"Cr\u00e8che en bois d\u2019olivier Set #NA112 - Holy Land Olive Wood - Bethlehem Olive Wood Factory","og_description":"Artisanat en bois d\u2019olivier de Bethl\u00e9em (c\u2019est-\u00e0-dire chapelets, statues, nativit\u00e9, d\u00e9cors, grotte) sainte famille, No\u00ebl, figurines et stock brut dans les dimensions standard et personnalis\u00e9es.","og_url":"https:\/\/old.holyland-olivewood.com\/fr\/produit\/bois-dolivier-nativite-grotte-set-4\/","og_site_name":"Holy Land Olive Wood - Bethlehem Olive Wood Factory","article_publisher":"https:\/\/www.facebook.com\/holylandolivewood.bethlehem\/","article_modified_time":"2022-02-10T14:12:36+00:00","og_image":[{"width":1550,"height":1200,"url":"https:\/\/old.holyland-olivewood.com\/wp-content\/uploads\/2016\/05\/nativity_set_holy_land_olive_wood_bethlehem_112.jpg","type":"image\/jpeg"}],"twitter_card":"summary_large_image","schema":{"@context":"https:\/\/schema.org","@graph":[{"@type":"WebPage","@id":"https:\/\/old.holyland-olivewood.com\/fr\/produit\/bois-dolivier-nativite-grotte-set-4\/","url":"https:\/\/old.holyland-olivewood.com\/fr\/produit\/bois-dolivier-nativite-grotte-set-4\/","name":"Cr\u00e8che en bois d\u2019olivier Set #NA112 - Holy Land Olive Wood - Bethlehem Olive Wood Factory","isPartOf":{"@id":"https:\/\/old.holyland-olivewood.com\/fr\/#website"},"primaryImageOfPage":{"@id":"https:\/\/old.holyland-olivewood.com\/fr\/produit\/bois-dolivier-nativite-grotte-set-4\/#primaryimage"},"image":{"@id":"https:\/\/old.holyland-olivewood.com\/fr\/produit\/bois-dolivier-nativite-grotte-set-4\/#primaryimage"},"thumbnailUrl":"https:\/\/old.holyland-olivewood.com\/wp-content\/uploads\/2016\/05\/nativity_set_holy_land_olive_wood_bethlehem_112.jpg","datePublished":"2022-02-10T14:12:14+00:00","dateModified":"2022-02-10T14:12:36+00:00","description":"Artisanat en bois d\u2019olivier de Bethl\u00e9em (c\u2019est-\u00e0-dire chapelets, statues, nativit\u00e9, d\u00e9cors, grotte) sainte famille, No\u00ebl, figurines et stock brut dans les dimensions standard et personnalis\u00e9es.","breadcrumb":{"@id":"https:\/\/old.holyland-olivewood.com\/fr\/produit\/bois-dolivier-nativite-grotte-set-4\/#breadcrumb"},"inLanguage":"fr-FR","potentialAction":[{"@type":"ReadAction","target":["https:\/\/old.holyland-olivewood.com\/fr\/produit\/bois-dolivier-nativite-grotte-set-4\/"]}]},{"@type":"ImageObject","inLanguage":"fr-FR","@id":"https:\/\/old.holyland-olivewood.com\/fr\/produit\/bois-dolivier-nativite-grotte-set-4\/#primaryimage","url":"https:\/\/old.holyland-olivewood.com\/wp-content\/uploads\/2016\/05\/nativity_set_holy_land_olive_wood_bethlehem_112.jpg","contentUrl":"https:\/\/old.holyland-olivewood.com\/wp-content\/uploads\/2016\/05\/nativity_set_holy_land_olive_wood_bethlehem_112.jpg","width":1550,"height":1200},{"@type":"BreadcrumbList","@id":"https:\/\/old.holyland-olivewood.com\/fr\/produit\/bois-dolivier-nativite-grotte-set-4\/#breadcrumb","itemListElement":[{"@type":"ListItem","position":1,"name":"Home","item":"https:\/\/old.holyland-olivewood.com\/fr\/"},{"@type":"ListItem","position":2,"name":"Boutique","item":"https:\/\/old.holyland-olivewood.com\/fr\/boutique\/"},{"@type":"ListItem","position":3,"name":"Cr\u00e8che en bois d\u2019olivier Set #NA112"}]},{"@type":"WebSite","@id":"https:\/\/old.holyland-olivewood.com\/fr\/#website","url":"https:\/\/old.holyland-olivewood.com\/fr\/","name":"Holy Land Olive Wood - Bethlehem Olive Wood Factory","description":"Holy Land Olivewood Bethlehem","publisher":{"@id":"https:\/\/old.holyland-olivewood.com\/fr\/#organization"},"potentialAction":[{"@type":"SearchAction","target":{"@type":"EntryPoint","urlTemplate":"https:\/\/old.holyland-olivewood.com\/fr\/?s={search_term_string}"},"query-input":{"@type":"PropertyValueSpecification","valueRequired":true,"valueName":"search_term_string"}}],"inLanguage":"fr-FR"},{"@type":"Organization","@id":"https:\/\/old.holyland-olivewood.com\/fr\/#organization","name":"Holy Land Olivewood","url":"https:\/\/old.holyland-olivewood.com\/fr\/","logo":{"@type":"ImageObject","inLanguage":"fr-FR","@id":"https:\/\/old.holyland-olivewood.com\/fr\/#\/schema\/logo\/image\/","url":"","contentUrl":"","caption":"Holy Land Olivewood"},"image":{"@id":"https:\/\/old.holyland-olivewood.com\/fr\/#\/schema\/logo\/image\/"},"sameAs":["https:\/\/www.facebook.com\/holylandolivewood.bethlehem\/","http:\/\/instagram.com\/holy.land.olive.wood"]}]}},"_links":{"self":[{"href":"https:\/\/old.holyland-olivewood.com\/fr\/wp-json\/wp\/v2\/product\/43868","targetHints":{"allow":["GET"]}}],"collection":[{"href":"https:\/\/old.holyland-olivewood.com\/fr\/wp-json\/wp\/v2\/product"}],"about":[{"href":"https:\/\/old.holyland-olivewood.com\/fr\/wp-json\/wp\/v2\/types\/product"}],"wp:featuredmedia":[{"embeddable":true,"href":"https:\/\/old.holyland-olivewood.com\/fr\/wp-json\/wp\/v2\/media\/30406"}],"wp:attachment":[{"href":"https:\/\/old.holyland-olivewood.com\/fr\/wp-json\/wp\/v2\/media?parent=43868"}],"wp:term":[{"taxonomy":"product_brand","embeddable":true,"href":"https:\/\/old.holyland-olivewood.com\/fr\/wp-json\/wp\/v2\/product_brand?post=43868"},{"taxonomy":"product_cat","embeddable":true,"href":"https:\/\/old.holyland-olivewood.com\/fr\/wp-json\/wp\/v2\/product_cat?post=43868"},{"taxonomy":"product_tag","embeddable":true,"href":"https:\/\/old.holyland-olivewood.com\/fr\/wp-json\/wp\/v2\/product_tag?post=43868"}],"curies":[{"name":"wp","href":"https:\/\/api.w.org\/{rel}","templated":true}]}}