{"id":43103,"date":"2016-12-14T15:24:34","date_gmt":"2022-02-09T08:46:12","guid":{"rendered":"https:\/\/old.holyland-olivewood.com\/product\/ensemble-de-4-bols-en-bois-dolivier-ki129\/"},"modified":"2022-02-09T08:46:12","modified_gmt":"2022-02-09T08:46:12","slug":"set-4-bois-dolivier-bols-3","status":"publish","type":"product","link":"https:\/\/old.holyland-olivewood.com\/fr\/produit\/set-4-bois-dolivier-bols-3\/","title":{"rendered":"Ensemble de 4 bols en bois d\u2019olivier #KI129"},"content":{"rendered":"","protected":false},"excerpt":{"rendered":"<p>Ensemble de 4 bols en bois d\u2019olivier<\/p>\n<p>Cet ensemble de 4 bols en bois d\u2019olivier est fabriqu\u00e9 \u00e0 la main \u00e0 partir de bois d\u2019olivier de la Terre Sainte de Bethl\u00e9em. Le beau bois blond pr\u00e9sente les lignes plus sombres du grain tourbillonn\u00e9 sur toute la longueur de chaque ustensile, Chaque pi\u00e8ce a son propre caract\u00e8re unique et est d\u2019une qualit\u00e9 in\u00e9gal\u00e9e, Nos bols sont parfaits pour la salade, les fruits, les noix, les sels, les \u00e9pices et plus encore.<\/p>\n<p>Pour le plaisir de ce produit et le caract\u00e8re du bois \u00e0 conserver le plus longtemps possible en lavant doucement la planche apr\u00e8s utilisation, en utilisant uniquement de l\u2019eau ti\u00e8de et du liquide vaisselle, puis s\u00e9cher imm\u00e9diatement! Ne placez pas sur un radiateur, des zones chaudes ou des endroits chauds. Pour le meilleur soin possible, vous frottez r\u00e9guli\u00e8rement la planche \u00e0 d\u00e9couper en bois avec de l\u2019huile d\u2019olive ou de l\u2019huile de cuisson, puis essuyez-la avec un chiffon sec. En plus de l\u2019entretien de la planche, le grain de bois arrive \u00e0 son meilleur r\u00e9sultat!<br \/>\nPas lavable au lave-vaisselle!<br \/>\nTaille:<br \/>\nXL. 13,5 cm x 17,5 cm x 2,5 cm (5,25&nbsp;\u00bb x 7&nbsp;\u00bb x 1&nbsp;\u00bb)<br \/>\nL. 11,5 cm x 14,5 cm x 2,5 cm (4,5&nbsp;\u00bb x 5,75&nbsp;\u00bb x 1&nbsp;\u00bb)<br \/>\nM. 10,5 cm x 12,5 cm x 2,20 cm (4&nbsp;\u00bb x 5&nbsp;\u00bb x 0,75&nbsp;\u00bb)<br \/>\nS. 8,5 cm x 10,5 cm x 2,20 cm (3,25&nbsp;\u00bb x 4&nbsp;\u00bb x 0,75&nbsp;\u00bb)<\/p>\n","protected":false},"featured_media":31950,"template":"","meta":[],"product_brand":[],"product_cat":[1047,2901],"product_tag":[],"class_list":{"0":"post-43103","1":"product","2":"type-product","3":"status-publish","4":"has-post-thumbnail","6":"product_cat-kunsthaandvaerk-fr","7":"product_cat-ustensiles-de-cuisine","9":"first","10":"instock","11":"shipping-taxable","12":"purchasable","13":"product-type-simple"},"yoast_head":"<!-- This site is optimized with the Yoast SEO plugin v24.8.1 - https:\/\/yoast.com\/wordpress\/plugins\/seo\/ -->\n<title>Ensemble de 4 bols en bois d\u2019olivier #KI129 - Holy Land Olive Wood - Bethlehem Olive Wood Factory<\/title>\n<meta name=\"description\" content=\"Artisanat en bois d\u2019olivier de Bethl\u00e9em (c\u2019est-\u00e0-dire ustensiles de cuisine, bols, planche \u00e0 d\u00e9couper), trempette au miel, spatule, fourchette, mortier et stock brut dans les dimensions standard et personnalis\u00e9es.\" \/>\n<meta name=\"robots\" content=\"index, follow, max-snippet:-1, max-image-preview:large, max-video-preview:-1\" \/>\n<link rel=\"canonical\" href=\"https:\/\/old.holyland-olivewood.com\/fr\/produit\/set-4-bois-dolivier-bols-3\/\" \/>\n<meta property=\"og:locale\" content=\"fr_FR\" \/>\n<meta property=\"og:type\" content=\"article\" \/>\n<meta property=\"og:title\" content=\"Ensemble de 4 bols en bois d\u2019olivier #KI129 - Holy Land Olive Wood - Bethlehem Olive Wood Factory\" \/>\n<meta property=\"og:description\" content=\"Artisanat en bois d\u2019olivier de Bethl\u00e9em (c\u2019est-\u00e0-dire ustensiles de cuisine, bols, planche \u00e0 d\u00e9couper), trempette au miel, spatule, fourchette, mortier et stock brut dans les dimensions standard et personnalis\u00e9es.\" \/>\n<meta property=\"og:url\" content=\"https:\/\/old.holyland-olivewood.com\/fr\/produit\/set-4-bois-dolivier-bols-3\/\" \/>\n<meta property=\"og:site_name\" content=\"Holy Land Olive Wood - Bethlehem Olive Wood Factory\" \/>\n<meta property=\"article:publisher\" content=\"https:\/\/www.facebook.com\/holylandolivewood.bethlehem\/\" \/>\n<meta property=\"og:image\" content=\"https:\/\/old.holyland-olivewood.com\/wp-content\/uploads\/2016\/12\/kitchenware_bowls_holy_land_olive_wood_bethlehem_ki129_1.jpg\" \/>\n\t<meta property=\"og:image:width\" content=\"1550\" \/>\n\t<meta property=\"og:image:height\" content=\"1200\" \/>\n\t<meta property=\"og:image:type\" content=\"image\/jpeg\" \/>\n<meta name=\"twitter:card\" content=\"summary_large_image\" \/>\n<script type=\"application\/ld+json\" class=\"yoast-schema-graph\">{\"@context\":\"https:\/\/schema.org\",\"@graph\":[{\"@type\":\"WebPage\",\"@id\":\"https:\/\/old.holyland-olivewood.com\/fr\/produit\/set-4-bois-dolivier-bols-3\/\",\"url\":\"https:\/\/old.holyland-olivewood.com\/fr\/produit\/set-4-bois-dolivier-bols-3\/\",\"name\":\"Ensemble de 4 bols en bois d\u2019olivier #KI129 - Holy Land Olive Wood - Bethlehem Olive Wood Factory\",\"isPartOf\":{\"@id\":\"https:\/\/old.holyland-olivewood.com\/fr\/#website\"},\"primaryImageOfPage\":{\"@id\":\"https:\/\/old.holyland-olivewood.com\/fr\/produit\/set-4-bois-dolivier-bols-3\/#primaryimage\"},\"image\":{\"@id\":\"https:\/\/old.holyland-olivewood.com\/fr\/produit\/set-4-bois-dolivier-bols-3\/#primaryimage\"},\"thumbnailUrl\":\"https:\/\/old.holyland-olivewood.com\/wp-content\/uploads\/2016\/12\/kitchenware_bowls_holy_land_olive_wood_bethlehem_ki129_1.jpg\",\"datePublished\":\"2022-02-09T08:46:12+00:00\",\"description\":\"Artisanat en bois d\u2019olivier de Bethl\u00e9em (c\u2019est-\u00e0-dire ustensiles de cuisine, bols, planche \u00e0 d\u00e9couper), trempette au miel, spatule, fourchette, mortier et stock brut dans les dimensions standard et personnalis\u00e9es.\",\"breadcrumb\":{\"@id\":\"https:\/\/old.holyland-olivewood.com\/fr\/produit\/set-4-bois-dolivier-bols-3\/#breadcrumb\"},\"inLanguage\":\"fr-FR\",\"potentialAction\":[{\"@type\":\"ReadAction\",\"target\":[\"https:\/\/old.holyland-olivewood.com\/fr\/produit\/set-4-bois-dolivier-bols-3\/\"]}]},{\"@type\":\"ImageObject\",\"inLanguage\":\"fr-FR\",\"@id\":\"https:\/\/old.holyland-olivewood.com\/fr\/produit\/set-4-bois-dolivier-bols-3\/#primaryimage\",\"url\":\"https:\/\/old.holyland-olivewood.com\/wp-content\/uploads\/2016\/12\/kitchenware_bowls_holy_land_olive_wood_bethlehem_ki129_1.jpg\",\"contentUrl\":\"https:\/\/old.holyland-olivewood.com\/wp-content\/uploads\/2016\/12\/kitchenware_bowls_holy_land_olive_wood_bethlehem_ki129_1.jpg\",\"width\":1550,\"height\":1200},{\"@type\":\"BreadcrumbList\",\"@id\":\"https:\/\/old.holyland-olivewood.com\/fr\/produit\/set-4-bois-dolivier-bols-3\/#breadcrumb\",\"itemListElement\":[{\"@type\":\"ListItem\",\"position\":1,\"name\":\"Home\",\"item\":\"https:\/\/old.holyland-olivewood.com\/fr\/\"},{\"@type\":\"ListItem\",\"position\":2,\"name\":\"Boutique\",\"item\":\"https:\/\/old.holyland-olivewood.com\/fr\/boutique\/\"},{\"@type\":\"ListItem\",\"position\":3,\"name\":\"Ensemble de 4 bols en bois d\u2019olivier #KI129\"}]},{\"@type\":\"WebSite\",\"@id\":\"https:\/\/old.holyland-olivewood.com\/fr\/#website\",\"url\":\"https:\/\/old.holyland-olivewood.com\/fr\/\",\"name\":\"Holy Land Olive Wood - Bethlehem Olive Wood Factory\",\"description\":\"Holy Land Olivewood Bethlehem\",\"publisher\":{\"@id\":\"https:\/\/old.holyland-olivewood.com\/fr\/#organization\"},\"potentialAction\":[{\"@type\":\"SearchAction\",\"target\":{\"@type\":\"EntryPoint\",\"urlTemplate\":\"https:\/\/old.holyland-olivewood.com\/fr\/?s={search_term_string}\"},\"query-input\":{\"@type\":\"PropertyValueSpecification\",\"valueRequired\":true,\"valueName\":\"search_term_string\"}}],\"inLanguage\":\"fr-FR\"},{\"@type\":\"Organization\",\"@id\":\"https:\/\/old.holyland-olivewood.com\/fr\/#organization\",\"name\":\"Holy Land Olivewood\",\"url\":\"https:\/\/old.holyland-olivewood.com\/fr\/\",\"logo\":{\"@type\":\"ImageObject\",\"inLanguage\":\"fr-FR\",\"@id\":\"https:\/\/old.holyland-olivewood.com\/fr\/#\/schema\/logo\/image\/\",\"url\":\"\",\"contentUrl\":\"\",\"caption\":\"Holy Land Olivewood\"},\"image\":{\"@id\":\"https:\/\/old.holyland-olivewood.com\/fr\/#\/schema\/logo\/image\/\"},\"sameAs\":[\"https:\/\/www.facebook.com\/holylandolivewood.bethlehem\/\",\"http:\/\/instagram.com\/holy.land.olive.wood\"]}]}<\/script>\n<!-- \/ Yoast SEO plugin. -->","yoast_head_json":{"title":"Ensemble de 4 bols en bois d\u2019olivier #KI129 - Holy Land Olive Wood - Bethlehem Olive Wood Factory","description":"Artisanat en bois d\u2019olivier de Bethl\u00e9em (c\u2019est-\u00e0-dire ustensiles de cuisine, bols, planche \u00e0 d\u00e9couper), trempette au miel, spatule, fourchette, mortier et stock brut dans les dimensions standard et personnalis\u00e9es.","robots":{"index":"index","follow":"follow","max-snippet":"max-snippet:-1","max-image-preview":"max-image-preview:large","max-video-preview":"max-video-preview:-1"},"canonical":"https:\/\/old.holyland-olivewood.com\/fr\/produit\/set-4-bois-dolivier-bols-3\/","og_locale":"fr_FR","og_type":"article","og_title":"Ensemble de 4 bols en bois d\u2019olivier #KI129 - Holy Land Olive Wood - Bethlehem Olive Wood Factory","og_description":"Artisanat en bois d\u2019olivier de Bethl\u00e9em (c\u2019est-\u00e0-dire ustensiles de cuisine, bols, planche \u00e0 d\u00e9couper), trempette au miel, spatule, fourchette, mortier et stock brut dans les dimensions standard et personnalis\u00e9es.","og_url":"https:\/\/old.holyland-olivewood.com\/fr\/produit\/set-4-bois-dolivier-bols-3\/","og_site_name":"Holy Land Olive Wood - Bethlehem Olive Wood Factory","article_publisher":"https:\/\/www.facebook.com\/holylandolivewood.bethlehem\/","og_image":[{"width":1550,"height":1200,"url":"https:\/\/old.holyland-olivewood.com\/wp-content\/uploads\/2016\/12\/kitchenware_bowls_holy_land_olive_wood_bethlehem_ki129_1.jpg","type":"image\/jpeg"}],"twitter_card":"summary_large_image","schema":{"@context":"https:\/\/schema.org","@graph":[{"@type":"WebPage","@id":"https:\/\/old.holyland-olivewood.com\/fr\/produit\/set-4-bois-dolivier-bols-3\/","url":"https:\/\/old.holyland-olivewood.com\/fr\/produit\/set-4-bois-dolivier-bols-3\/","name":"Ensemble de 4 bols en bois d\u2019olivier #KI129 - Holy Land Olive Wood - Bethlehem Olive Wood Factory","isPartOf":{"@id":"https:\/\/old.holyland-olivewood.com\/fr\/#website"},"primaryImageOfPage":{"@id":"https:\/\/old.holyland-olivewood.com\/fr\/produit\/set-4-bois-dolivier-bols-3\/#primaryimage"},"image":{"@id":"https:\/\/old.holyland-olivewood.com\/fr\/produit\/set-4-bois-dolivier-bols-3\/#primaryimage"},"thumbnailUrl":"https:\/\/old.holyland-olivewood.com\/wp-content\/uploads\/2016\/12\/kitchenware_bowls_holy_land_olive_wood_bethlehem_ki129_1.jpg","datePublished":"2022-02-09T08:46:12+00:00","description":"Artisanat en bois d\u2019olivier de Bethl\u00e9em (c\u2019est-\u00e0-dire ustensiles de cuisine, bols, planche \u00e0 d\u00e9couper), trempette au miel, spatule, fourchette, mortier et stock brut dans les dimensions standard et personnalis\u00e9es.","breadcrumb":{"@id":"https:\/\/old.holyland-olivewood.com\/fr\/produit\/set-4-bois-dolivier-bols-3\/#breadcrumb"},"inLanguage":"fr-FR","potentialAction":[{"@type":"ReadAction","target":["https:\/\/old.holyland-olivewood.com\/fr\/produit\/set-4-bois-dolivier-bols-3\/"]}]},{"@type":"ImageObject","inLanguage":"fr-FR","@id":"https:\/\/old.holyland-olivewood.com\/fr\/produit\/set-4-bois-dolivier-bols-3\/#primaryimage","url":"https:\/\/old.holyland-olivewood.com\/wp-content\/uploads\/2016\/12\/kitchenware_bowls_holy_land_olive_wood_bethlehem_ki129_1.jpg","contentUrl":"https:\/\/old.holyland-olivewood.com\/wp-content\/uploads\/2016\/12\/kitchenware_bowls_holy_land_olive_wood_bethlehem_ki129_1.jpg","width":1550,"height":1200},{"@type":"BreadcrumbList","@id":"https:\/\/old.holyland-olivewood.com\/fr\/produit\/set-4-bois-dolivier-bols-3\/#breadcrumb","itemListElement":[{"@type":"ListItem","position":1,"name":"Home","item":"https:\/\/old.holyland-olivewood.com\/fr\/"},{"@type":"ListItem","position":2,"name":"Boutique","item":"https:\/\/old.holyland-olivewood.com\/fr\/boutique\/"},{"@type":"ListItem","position":3,"name":"Ensemble de 4 bols en bois d\u2019olivier #KI129"}]},{"@type":"WebSite","@id":"https:\/\/old.holyland-olivewood.com\/fr\/#website","url":"https:\/\/old.holyland-olivewood.com\/fr\/","name":"Holy Land Olive Wood - Bethlehem Olive Wood Factory","description":"Holy Land Olivewood Bethlehem","publisher":{"@id":"https:\/\/old.holyland-olivewood.com\/fr\/#organization"},"potentialAction":[{"@type":"SearchAction","target":{"@type":"EntryPoint","urlTemplate":"https:\/\/old.holyland-olivewood.com\/fr\/?s={search_term_string}"},"query-input":{"@type":"PropertyValueSpecification","valueRequired":true,"valueName":"search_term_string"}}],"inLanguage":"fr-FR"},{"@type":"Organization","@id":"https:\/\/old.holyland-olivewood.com\/fr\/#organization","name":"Holy Land Olivewood","url":"https:\/\/old.holyland-olivewood.com\/fr\/","logo":{"@type":"ImageObject","inLanguage":"fr-FR","@id":"https:\/\/old.holyland-olivewood.com\/fr\/#\/schema\/logo\/image\/","url":"","contentUrl":"","caption":"Holy Land Olivewood"},"image":{"@id":"https:\/\/old.holyland-olivewood.com\/fr\/#\/schema\/logo\/image\/"},"sameAs":["https:\/\/www.facebook.com\/holylandolivewood.bethlehem\/","http:\/\/instagram.com\/holy.land.olive.wood"]}]}},"_links":{"self":[{"href":"https:\/\/old.holyland-olivewood.com\/fr\/wp-json\/wp\/v2\/product\/43103","targetHints":{"allow":["GET"]}}],"collection":[{"href":"https:\/\/old.holyland-olivewood.com\/fr\/wp-json\/wp\/v2\/product"}],"about":[{"href":"https:\/\/old.holyland-olivewood.com\/fr\/wp-json\/wp\/v2\/types\/product"}],"wp:featuredmedia":[{"embeddable":true,"href":"https:\/\/old.holyland-olivewood.com\/fr\/wp-json\/wp\/v2\/media\/31950"}],"wp:attachment":[{"href":"https:\/\/old.holyland-olivewood.com\/fr\/wp-json\/wp\/v2\/media?parent=43103"}],"wp:term":[{"taxonomy":"product_brand","embeddable":true,"href":"https:\/\/old.holyland-olivewood.com\/fr\/wp-json\/wp\/v2\/product_brand?post=43103"},{"taxonomy":"product_cat","embeddable":true,"href":"https:\/\/old.holyland-olivewood.com\/fr\/wp-json\/wp\/v2\/product_cat?post=43103"},{"taxonomy":"product_tag","embeddable":true,"href":"https:\/\/old.holyland-olivewood.com\/fr\/wp-json\/wp\/v2\/product_tag?post=43103"}],"curies":[{"name":"wp","href":"https:\/\/api.w.org\/{rel}","templated":true}]}}