{"id":42981,"date":"2017-10-03T14:03:20","date_gmt":"2022-02-09T08:29:23","guid":{"rendered":"https:\/\/old.holyland-olivewood.com\/product\/5-pack-de-lait-grotte-rock-poudre\/"},"modified":"2022-02-09T08:29:23","modified_gmt":"2022-02-09T08:29:23","slug":"lait-grotte-roche-poudre","status":"publish","type":"product","link":"https:\/\/old.holyland-olivewood.com\/fr\/produit\/lait-grotte-roche-poudre\/","title":{"rendered":"5 Pack De Lait Grotte Rock Poudre"},"content":{"rendered":"","protected":false},"excerpt":{"rendered":"<p><strong>POUDRE DE ROCHE DE GROTTE DE LAIT<\/strong><\/p>\n<p>Juste derri\u00e8re l\u2019\u00e9glise de la Nativit\u00e9 dans la ville sainte de Bethl\u00e9em, se trouve l\u2019\u00e9glise de la grotte de Milk<img loading=\"lazy\" decoding=\"async\" class=\"size-medium wp-image-16526 alignright\" src=\"https:\/\/old.holyland-olivewood.com\/wp-content\/uploads\/2017\/10\/milk_grotto_rock_powder_holy_land_olive_wood_bethlehem-300x225.jpg\" alt=\"\" width=\"300\" height=\"225\" srcset=\"https:\/\/old.holyland-olivewood.com\/wp-content\/uploads\/2017\/10\/milk_grotto_rock_powder_holy_land_olive_wood_bethlehem-300x225.jpg 300w, https:\/\/old.holyland-olivewood.com\/wp-content\/uploads\/2017\/10\/milk_grotto_rock_powder_holy_land_olive_wood_bethlehem-200x150.jpg 200w, https:\/\/old.holyland-olivewood.com\/wp-content\/uploads\/2017\/10\/milk_grotto_rock_powder_holy_land_olive_wood_bethlehem-400x300.jpg 400w, https:\/\/old.holyland-olivewood.com\/wp-content\/uploads\/2017\/10\/milk_grotto_rock_powder_holy_land_olive_wood_bethlehem-94x70.jpg 94w, https:\/\/old.holyland-olivewood.com\/wp-content\/uploads\/2017\/10\/milk_grotto_rock_powder_holy_land_olive_wood_bethlehem.jpg 500w\" sizes=\"auto, (max-width: 300px) 100vw, 300px\" \/>. Cette \u00e9glise a \u00e9t\u00e9 construite pour honorer Marie, la M\u00e8re de notre Seigneur, J\u00e9sus-Christ.<\/p>\n<p>La Vierge Marie a abandonn\u00e9 l\u2019\u00e9glise voisine de la Nativit\u00e9 peu apr\u00e8s sa naissance et s\u2019est cach\u00e9e dans la grotte du lait avec son nouveau-n\u00e9 alors qu\u2019elle \u00e9tait en route vers l\u2019\u00c9gypte pour \u00e9chapper au massacre par le roi H\u00e9rode de tous les enfants m\u00e2les de Bethl\u00e9em n\u00e9s au moment de la naissance du Christ.<\/p>\n<p>Pendant que la Vierge Marie allaitait son enfant, une goutte de son lait maternel a atterri sur le rocher o\u00f9 elle \u00e9tait assise, le transformant en une source infinie de miracles.<\/p>\n<p>Les moines du monast\u00e8re ont ensuite broy\u00e9 cette roche en une fine poudre et l\u2019ont m\u00e9lang\u00e9e avec de l\u2019eau ou du lait, pour d\u00e9couvrir que lorsqu\u2019elle \u00e9tait consomm\u00e9e, elle avait la capacit\u00e9 de faire concevoir des enfants aux couples infertiles.<\/p>\n<p>C\u2019est un miracle r\u00e9current qui continue de se produire encore et encore. En effet, l\u2019\u00c9glise re\u00e7oit quotidiennement des t\u00e9moignages et des photos du monde entier, qui affaissent les murs de l\u2019\u00c9glise attestant de la puissance de la poudre.<\/p>\n<p>Certains de ces t\u00e9moignages identifient m\u00eame d\u2019autres maux, tels que les cancers, que la poudre de roche a miraculeusement gu\u00e9ris.<\/p>\n<p><strong>REGARDEZ CES VID\u00c9OS POUR PLUS DE D\u00c9TAILS :<\/strong><\/p>\n<p><strong><br \/>\n  <em>Explorer la grotte du lait Partie 1: <\/em><br \/>\n<\/strong><a href=\"https:\/\/www.youtube.com\/watch?v=Mi2GLjZ4JOQ\">https:\/\/www.youtube.com\/watch?v=Mi2GLjZ4JOQ<\/a><\/p>\n<p><strong><br \/>\n  <em>Explorer la grotte du lait Partie 2: <\/em><br \/>\n<\/strong><a href=\"https:\/\/www.youtube.com\/watch?v=PIDVaHu8UGU\">https:\/\/www.youtube.com\/watch?v=PIDVaHu8UGU<\/a><\/p>\n<p><strong><br \/>\n  <em>Explorer la grotte du lait Partie 3: <\/em><br \/>\n<\/strong><a href=\"https:\/\/www.youtube.com\/watch?v=4p8w9IdT1zs\">https:\/\/www.youtube.com\/watch?v=4p8w9IdT1zs<\/a><\/p>\n","protected":false},"featured_media":33465,"template":"","meta":[],"product_brand":[],"product_cat":[1744,1747],"product_tag":[1772,1050,1193,1757,1775,1117,1151,1213,1101,1121,1090,1100,4077,1096,1115,1174,1147,1134,1129,1125,2960,1070,1778,1195,2962,2961,1084],"class_list":{"0":"post-42981","1":"product","2":"type-product","3":"status-publish","4":"has-post-thumbnail","6":"product_cat-divers","7":"product_cat-autres-articles","8":"product_tag-benediction","9":"product_tag-betlehem-fr","10":"product_tag-cadeaux","11":"product_tag-christ-fr","12":"product_tag-couronne","13":"product_tag-donnerent","14":"product_tag-foedselskirken-fr","15":"product_tag-grotte","16":"product_tag-haandlavet-fr","17":"product_tag-haandvaerk-fr","18":"product_tag-hellig-fr","19":"product_tag-jerusalem-fr","20":"product_tag-jesus-fr-2","21":"product_tag-jord-fr","22":"product_tag-juil","23":"product_tag-katolsk-fr","24":"product_tag-kirke-fr","25":"product_tag-kors-fr","26":"product_tag-kristen-fr","27":"product_tag-kunsthaandvaerk-fr","28":"product_tag-lait","29":"product_tag-oliven-fr","30":"product_tag-onction","31":"product_tag-poser","32":"product_tag-poudre","33":"product_tag-rocher","34":"product_tag-udskaering-fr","36":"first","37":"outofstock","38":"shipping-taxable","39":"purchasable","40":"product-type-simple"},"yoast_head":"<!-- This site is optimized with the Yoast SEO plugin v24.8.1 - https:\/\/yoast.com\/wordpress\/plugins\/seo\/ -->\n<title>5 Pack De Lait Grotte Rock Poudre - Holy Land Olive Wood - Bethlehem Olive Wood Factory<\/title>\n<meta name=\"description\" content=\"Artisanat en bois d\u2019olivier de Bethl\u00e9em (poudre de roche de grotte de lait) sculptures \u00e0 blanc de stylo, bois d\u2019olivier, et stock brut dans les dimensions standard et personnalis\u00e9es\" \/>\n<meta name=\"robots\" content=\"index, follow, max-snippet:-1, max-image-preview:large, max-video-preview:-1\" \/>\n<link rel=\"canonical\" href=\"https:\/\/old.holyland-olivewood.com\/fr\/produit\/lait-grotte-roche-poudre\/\" \/>\n<meta property=\"og:locale\" content=\"fr_FR\" \/>\n<meta property=\"og:type\" content=\"article\" \/>\n<meta property=\"og:title\" content=\"5 Pack De Lait Grotte Rock Poudre - Holy Land Olive Wood - Bethlehem Olive Wood Factory\" \/>\n<meta property=\"og:description\" content=\"Artisanat en bois d\u2019olivier de Bethl\u00e9em (poudre de roche de grotte de lait) sculptures \u00e0 blanc de stylo, bois d\u2019olivier, et stock brut dans les dimensions standard et personnalis\u00e9es\" \/>\n<meta property=\"og:url\" content=\"https:\/\/old.holyland-olivewood.com\/fr\/produit\/lait-grotte-roche-poudre\/\" \/>\n<meta property=\"og:site_name\" content=\"Holy Land Olive Wood - Bethlehem Olive Wood Factory\" \/>\n<meta property=\"article:publisher\" content=\"https:\/\/www.facebook.com\/holylandolivewood.bethlehem\/\" \/>\n<meta property=\"og:image\" content=\"https:\/\/old.holyland-olivewood.com\/wp-content\/uploads\/2017\/10\/milk_grotto_church_bethlehem_holy_land_olive_wood_OT110_1.jpg\" \/>\n\t<meta property=\"og:image:width\" content=\"1550\" \/>\n\t<meta property=\"og:image:height\" content=\"1200\" \/>\n\t<meta property=\"og:image:type\" content=\"image\/jpeg\" \/>\n<meta name=\"twitter:card\" content=\"summary_large_image\" \/>\n<script type=\"application\/ld+json\" class=\"yoast-schema-graph\">{\"@context\":\"https:\/\/schema.org\",\"@graph\":[{\"@type\":\"WebPage\",\"@id\":\"https:\/\/old.holyland-olivewood.com\/fr\/produit\/lait-grotte-roche-poudre\/\",\"url\":\"https:\/\/old.holyland-olivewood.com\/fr\/produit\/lait-grotte-roche-poudre\/\",\"name\":\"5 Pack De Lait Grotte Rock Poudre - Holy Land Olive Wood - Bethlehem Olive Wood Factory\",\"isPartOf\":{\"@id\":\"https:\/\/old.holyland-olivewood.com\/fr\/#website\"},\"primaryImageOfPage\":{\"@id\":\"https:\/\/old.holyland-olivewood.com\/fr\/produit\/lait-grotte-roche-poudre\/#primaryimage\"},\"image\":{\"@id\":\"https:\/\/old.holyland-olivewood.com\/fr\/produit\/lait-grotte-roche-poudre\/#primaryimage\"},\"thumbnailUrl\":\"https:\/\/old.holyland-olivewood.com\/wp-content\/uploads\/2017\/10\/milk_grotto_church_bethlehem_holy_land_olive_wood_OT110_1.jpg\",\"datePublished\":\"2022-02-09T08:29:23+00:00\",\"description\":\"Artisanat en bois d\u2019olivier de Bethl\u00e9em (poudre de roche de grotte de lait) sculptures \u00e0 blanc de stylo, bois d\u2019olivier, et stock brut dans les dimensions standard et personnalis\u00e9es\",\"breadcrumb\":{\"@id\":\"https:\/\/old.holyland-olivewood.com\/fr\/produit\/lait-grotte-roche-poudre\/#breadcrumb\"},\"inLanguage\":\"fr-FR\",\"potentialAction\":[{\"@type\":\"ReadAction\",\"target\":[\"https:\/\/old.holyland-olivewood.com\/fr\/produit\/lait-grotte-roche-poudre\/\"]}]},{\"@type\":\"ImageObject\",\"inLanguage\":\"fr-FR\",\"@id\":\"https:\/\/old.holyland-olivewood.com\/fr\/produit\/lait-grotte-roche-poudre\/#primaryimage\",\"url\":\"https:\/\/old.holyland-olivewood.com\/wp-content\/uploads\/2017\/10\/milk_grotto_church_bethlehem_holy_land_olive_wood_OT110_1.jpg\",\"contentUrl\":\"https:\/\/old.holyland-olivewood.com\/wp-content\/uploads\/2017\/10\/milk_grotto_church_bethlehem_holy_land_olive_wood_OT110_1.jpg\",\"width\":1550,\"height\":1200},{\"@type\":\"BreadcrumbList\",\"@id\":\"https:\/\/old.holyland-olivewood.com\/fr\/produit\/lait-grotte-roche-poudre\/#breadcrumb\",\"itemListElement\":[{\"@type\":\"ListItem\",\"position\":1,\"name\":\"Home\",\"item\":\"https:\/\/old.holyland-olivewood.com\/fr\/\"},{\"@type\":\"ListItem\",\"position\":2,\"name\":\"Boutique\",\"item\":\"https:\/\/old.holyland-olivewood.com\/fr\/boutique\/\"},{\"@type\":\"ListItem\",\"position\":3,\"name\":\"5 Pack De Lait Grotte Rock Poudre\"}]},{\"@type\":\"WebSite\",\"@id\":\"https:\/\/old.holyland-olivewood.com\/fr\/#website\",\"url\":\"https:\/\/old.holyland-olivewood.com\/fr\/\",\"name\":\"Holy Land Olive Wood - Bethlehem Olive Wood Factory\",\"description\":\"Holy Land Olivewood Bethlehem\",\"publisher\":{\"@id\":\"https:\/\/old.holyland-olivewood.com\/fr\/#organization\"},\"potentialAction\":[{\"@type\":\"SearchAction\",\"target\":{\"@type\":\"EntryPoint\",\"urlTemplate\":\"https:\/\/old.holyland-olivewood.com\/fr\/?s={search_term_string}\"},\"query-input\":{\"@type\":\"PropertyValueSpecification\",\"valueRequired\":true,\"valueName\":\"search_term_string\"}}],\"inLanguage\":\"fr-FR\"},{\"@type\":\"Organization\",\"@id\":\"https:\/\/old.holyland-olivewood.com\/fr\/#organization\",\"name\":\"Holy Land Olivewood\",\"url\":\"https:\/\/old.holyland-olivewood.com\/fr\/\",\"logo\":{\"@type\":\"ImageObject\",\"inLanguage\":\"fr-FR\",\"@id\":\"https:\/\/old.holyland-olivewood.com\/fr\/#\/schema\/logo\/image\/\",\"url\":\"\",\"contentUrl\":\"\",\"caption\":\"Holy Land Olivewood\"},\"image\":{\"@id\":\"https:\/\/old.holyland-olivewood.com\/fr\/#\/schema\/logo\/image\/\"},\"sameAs\":[\"https:\/\/www.facebook.com\/holylandolivewood.bethlehem\/\",\"http:\/\/instagram.com\/holy.land.olive.wood\"]}]}<\/script>\n<!-- \/ Yoast SEO plugin. -->","yoast_head_json":{"title":"5 Pack De Lait Grotte Rock Poudre - Holy Land Olive Wood - Bethlehem Olive Wood Factory","description":"Artisanat en bois d\u2019olivier de Bethl\u00e9em (poudre de roche de grotte de lait) sculptures \u00e0 blanc de stylo, bois d\u2019olivier, et stock brut dans les dimensions standard et personnalis\u00e9es","robots":{"index":"index","follow":"follow","max-snippet":"max-snippet:-1","max-image-preview":"max-image-preview:large","max-video-preview":"max-video-preview:-1"},"canonical":"https:\/\/old.holyland-olivewood.com\/fr\/produit\/lait-grotte-roche-poudre\/","og_locale":"fr_FR","og_type":"article","og_title":"5 Pack De Lait Grotte Rock Poudre - Holy Land Olive Wood - Bethlehem Olive Wood Factory","og_description":"Artisanat en bois d\u2019olivier de Bethl\u00e9em (poudre de roche de grotte de lait) sculptures \u00e0 blanc de stylo, bois d\u2019olivier, et stock brut dans les dimensions standard et personnalis\u00e9es","og_url":"https:\/\/old.holyland-olivewood.com\/fr\/produit\/lait-grotte-roche-poudre\/","og_site_name":"Holy Land Olive Wood - Bethlehem Olive Wood Factory","article_publisher":"https:\/\/www.facebook.com\/holylandolivewood.bethlehem\/","og_image":[{"width":1550,"height":1200,"url":"https:\/\/old.holyland-olivewood.com\/wp-content\/uploads\/2017\/10\/milk_grotto_church_bethlehem_holy_land_olive_wood_OT110_1.jpg","type":"image\/jpeg"}],"twitter_card":"summary_large_image","schema":{"@context":"https:\/\/schema.org","@graph":[{"@type":"WebPage","@id":"https:\/\/old.holyland-olivewood.com\/fr\/produit\/lait-grotte-roche-poudre\/","url":"https:\/\/old.holyland-olivewood.com\/fr\/produit\/lait-grotte-roche-poudre\/","name":"5 Pack De Lait Grotte Rock Poudre - Holy Land Olive Wood - Bethlehem Olive Wood Factory","isPartOf":{"@id":"https:\/\/old.holyland-olivewood.com\/fr\/#website"},"primaryImageOfPage":{"@id":"https:\/\/old.holyland-olivewood.com\/fr\/produit\/lait-grotte-roche-poudre\/#primaryimage"},"image":{"@id":"https:\/\/old.holyland-olivewood.com\/fr\/produit\/lait-grotte-roche-poudre\/#primaryimage"},"thumbnailUrl":"https:\/\/old.holyland-olivewood.com\/wp-content\/uploads\/2017\/10\/milk_grotto_church_bethlehem_holy_land_olive_wood_OT110_1.jpg","datePublished":"2022-02-09T08:29:23+00:00","description":"Artisanat en bois d\u2019olivier de Bethl\u00e9em (poudre de roche de grotte de lait) sculptures \u00e0 blanc de stylo, bois d\u2019olivier, et stock brut dans les dimensions standard et personnalis\u00e9es","breadcrumb":{"@id":"https:\/\/old.holyland-olivewood.com\/fr\/produit\/lait-grotte-roche-poudre\/#breadcrumb"},"inLanguage":"fr-FR","potentialAction":[{"@type":"ReadAction","target":["https:\/\/old.holyland-olivewood.com\/fr\/produit\/lait-grotte-roche-poudre\/"]}]},{"@type":"ImageObject","inLanguage":"fr-FR","@id":"https:\/\/old.holyland-olivewood.com\/fr\/produit\/lait-grotte-roche-poudre\/#primaryimage","url":"https:\/\/old.holyland-olivewood.com\/wp-content\/uploads\/2017\/10\/milk_grotto_church_bethlehem_holy_land_olive_wood_OT110_1.jpg","contentUrl":"https:\/\/old.holyland-olivewood.com\/wp-content\/uploads\/2017\/10\/milk_grotto_church_bethlehem_holy_land_olive_wood_OT110_1.jpg","width":1550,"height":1200},{"@type":"BreadcrumbList","@id":"https:\/\/old.holyland-olivewood.com\/fr\/produit\/lait-grotte-roche-poudre\/#breadcrumb","itemListElement":[{"@type":"ListItem","position":1,"name":"Home","item":"https:\/\/old.holyland-olivewood.com\/fr\/"},{"@type":"ListItem","position":2,"name":"Boutique","item":"https:\/\/old.holyland-olivewood.com\/fr\/boutique\/"},{"@type":"ListItem","position":3,"name":"5 Pack De Lait Grotte Rock Poudre"}]},{"@type":"WebSite","@id":"https:\/\/old.holyland-olivewood.com\/fr\/#website","url":"https:\/\/old.holyland-olivewood.com\/fr\/","name":"Holy Land Olive Wood - Bethlehem Olive Wood Factory","description":"Holy Land Olivewood Bethlehem","publisher":{"@id":"https:\/\/old.holyland-olivewood.com\/fr\/#organization"},"potentialAction":[{"@type":"SearchAction","target":{"@type":"EntryPoint","urlTemplate":"https:\/\/old.holyland-olivewood.com\/fr\/?s={search_term_string}"},"query-input":{"@type":"PropertyValueSpecification","valueRequired":true,"valueName":"search_term_string"}}],"inLanguage":"fr-FR"},{"@type":"Organization","@id":"https:\/\/old.holyland-olivewood.com\/fr\/#organization","name":"Holy Land Olivewood","url":"https:\/\/old.holyland-olivewood.com\/fr\/","logo":{"@type":"ImageObject","inLanguage":"fr-FR","@id":"https:\/\/old.holyland-olivewood.com\/fr\/#\/schema\/logo\/image\/","url":"","contentUrl":"","caption":"Holy Land Olivewood"},"image":{"@id":"https:\/\/old.holyland-olivewood.com\/fr\/#\/schema\/logo\/image\/"},"sameAs":["https:\/\/www.facebook.com\/holylandolivewood.bethlehem\/","http:\/\/instagram.com\/holy.land.olive.wood"]}]}},"_links":{"self":[{"href":"https:\/\/old.holyland-olivewood.com\/fr\/wp-json\/wp\/v2\/product\/42981","targetHints":{"allow":["GET"]}}],"collection":[{"href":"https:\/\/old.holyland-olivewood.com\/fr\/wp-json\/wp\/v2\/product"}],"about":[{"href":"https:\/\/old.holyland-olivewood.com\/fr\/wp-json\/wp\/v2\/types\/product"}],"wp:featuredmedia":[{"embeddable":true,"href":"https:\/\/old.holyland-olivewood.com\/fr\/wp-json\/wp\/v2\/media\/33465"}],"wp:attachment":[{"href":"https:\/\/old.holyland-olivewood.com\/fr\/wp-json\/wp\/v2\/media?parent=42981"}],"wp:term":[{"taxonomy":"product_brand","embeddable":true,"href":"https:\/\/old.holyland-olivewood.com\/fr\/wp-json\/wp\/v2\/product_brand?post=42981"},{"taxonomy":"product_cat","embeddable":true,"href":"https:\/\/old.holyland-olivewood.com\/fr\/wp-json\/wp\/v2\/product_cat?post=42981"},{"taxonomy":"product_tag","embeddable":true,"href":"https:\/\/old.holyland-olivewood.com\/fr\/wp-json\/wp\/v2\/product_tag?post=42981"}],"curies":[{"name":"wp","href":"https:\/\/api.w.org\/{rel}","templated":true}]}}