{"id":42888,"date":"2018-01-19T15:17:54","date_gmt":"2022-02-09T08:25:55","guid":{"rendered":"https:\/\/old.holyland-olivewood.com\/product\/jerusalem-olivewood-slimline-twist-pen-w-gravure-au-laser-et-luminaires-chromes-pe106\/"},"modified":"2022-02-09T08:25:55","modified_gmt":"2022-02-09T08:25:55","slug":"jabal-laser-grave-artisanal-jerusalem-bois-dolivier-twist-pen-2","status":"publish","type":"product","link":"https:\/\/old.holyland-olivewood.com\/fr\/produit\/jabal-laser-grave-artisanal-jerusalem-bois-dolivier-twist-pen-2\/","title":{"rendered":"Jerusalem Olivewood Slimline Twist Pen w \/ Gravure au laser et luminaires chrom\u00e9s #PE106"},"content":{"rendered":"","protected":false},"excerpt":{"rendered":"<p>Ce stylo souvenir tourn\u00e9 \u00e0 la main durera toute une vie et constitue un excellent cadeau pour tous ceux qui appr\u00e9cient l\u2019artisanat et la beaut\u00e9 brute des mat\u00e9riaux naturels. <em>La poign\u00e9e de ce stylo est faite de bois <strong>d\u2019olivier de J\u00e9rusalem<\/strong> authentique r\u00e9colt\u00e9 de mani\u00e8re durable, provenant pendant la saison de taille d\u2019oliviers anciens sur le mont des Oliviers.<\/em><\/p>\n<p>Ce mat\u00e9riau exotique a une finition plus lisse que presque n\u2019importe quel autre bois, et son motif de grain contrast\u00e9 ne manque jamais d\u2019impressionner.<\/p>\n<p><strong>Pour distinguer ce stylo de nos autres stylos Slimline, nous avons grav\u00e9 au laser \u00ab&nbsp;J\u00e9rusalem&nbsp;\u00bb sur la moiti\u00e9 sup\u00e9rieure du stylo.<\/strong><\/p>\n<p>Chaque stylo est livr\u00e9 avec une vitrine et un certificat d\u2019authenticit\u00e9, v\u00e9rifiant les mat\u00e9riaux et les techniques utilis\u00e9s pour fabriquer ce produit.<\/p>\n<p><strong><br \/>\nMod\u00e8le:<\/strong> Slimline Twist Pen<br \/>\n<strong>Type:<\/strong> Recharge\u00ae de point \u00e0 bille de type crois\u00e9<br \/>\n<strong>Couleur:<\/strong> Noir<br \/>\n<strong>Rechargeables:<\/strong> Oui<br \/>\n<strong>Poign\u00e9e:<\/strong> Bois d\u2019olivier de J\u00e9rusalem<br \/>\n<strong>Appareils:<\/strong> Chrome<br \/>\n<strong>Finir:<\/strong> Laque peu brillante<br \/>\n<strong>Taille:<\/strong> 1,0 cm x 14 cm (3\/8&nbsp;\u00bb x 5,1\/2&nbsp;\u00bb)<\/p>\n","protected":false},"featured_media":33698,"template":"","meta":[],"product_brand":[],"product_cat":[1047,2408],"product_tag":[1050,1078,1528,2413],"class_list":{"0":"post-42888","1":"product","2":"type-product","3":"status-publish","4":"has-post-thumbnail","6":"product_cat-kunsthaandvaerk-fr","7":"product_cat-stylos-et-articles-de-bureau","8":"product_tag-betlehem-fr","9":"product_tag-oliventrae-fr","10":"product_tag-stylo","11":"product_tag-stylos","13":"first","14":"instock","15":"shipping-taxable","16":"purchasable","17":"product-type-simple"},"yoast_head":"<!-- This site is optimized with the Yoast SEO plugin v24.8.1 - https:\/\/yoast.com\/wordpress\/plugins\/seo\/ -->\n<title>Jerusalem Olivewood Slimline Twist Pen w \/ Gravure au laser et luminaires chrom\u00e9s #PE106 - Holy Land Olive Wood - Bethlehem Olive Wood Factory<\/title>\n<meta name=\"description\" content=\"Stylos en bois d\u2019olivier de Bethl\u00e9em et vaisselle de bureau (c\u2019est-\u00e0-dire porte-stylo, bo\u00eetes \u00e0 stylos), blancs, sculptures et plus encore de la Terre Sainte et stock brut dans les dimensions standard et personnalis\u00e9es.\" \/>\n<meta name=\"robots\" content=\"index, follow, max-snippet:-1, max-image-preview:large, max-video-preview:-1\" \/>\n<link rel=\"canonical\" href=\"https:\/\/old.holyland-olivewood.com\/fr\/produit\/jabal-laser-grave-artisanal-jerusalem-bois-dolivier-twist-pen-2\/\" \/>\n<meta property=\"og:locale\" content=\"fr_FR\" \/>\n<meta property=\"og:type\" content=\"article\" \/>\n<meta property=\"og:title\" content=\"Jerusalem Olivewood Slimline Twist Pen w \/ Gravure au laser et luminaires chrom\u00e9s #PE106 - Holy Land Olive Wood - Bethlehem Olive Wood Factory\" \/>\n<meta property=\"og:description\" content=\"Stylos en bois d\u2019olivier de Bethl\u00e9em et vaisselle de bureau (c\u2019est-\u00e0-dire porte-stylo, bo\u00eetes \u00e0 stylos), blancs, sculptures et plus encore de la Terre Sainte et stock brut dans les dimensions standard et personnalis\u00e9es.\" \/>\n<meta property=\"og:url\" content=\"https:\/\/old.holyland-olivewood.com\/fr\/produit\/jabal-laser-grave-artisanal-jerusalem-bois-dolivier-twist-pen-2\/\" \/>\n<meta property=\"og:site_name\" content=\"Holy Land Olive Wood - Bethlehem Olive Wood Factory\" \/>\n<meta property=\"article:publisher\" content=\"https:\/\/www.facebook.com\/holylandolivewood.bethlehem\/\" \/>\n<meta property=\"og:image\" content=\"https:\/\/old.holyland-olivewood.com\/wp-content\/uploads\/2018\/01\/pen_holy_land_olive_wood_bethlehem_pe106_1.jpg\" \/>\n\t<meta property=\"og:image:width\" content=\"1550\" \/>\n\t<meta property=\"og:image:height\" content=\"1200\" \/>\n\t<meta property=\"og:image:type\" content=\"image\/jpeg\" \/>\n<meta name=\"twitter:card\" content=\"summary_large_image\" \/>\n<script type=\"application\/ld+json\" class=\"yoast-schema-graph\">{\"@context\":\"https:\/\/schema.org\",\"@graph\":[{\"@type\":\"WebPage\",\"@id\":\"https:\/\/old.holyland-olivewood.com\/fr\/produit\/jabal-laser-grave-artisanal-jerusalem-bois-dolivier-twist-pen-2\/\",\"url\":\"https:\/\/old.holyland-olivewood.com\/fr\/produit\/jabal-laser-grave-artisanal-jerusalem-bois-dolivier-twist-pen-2\/\",\"name\":\"Jerusalem Olivewood Slimline Twist Pen w \/ Gravure au laser et luminaires chrom\u00e9s #PE106 - Holy Land Olive Wood - Bethlehem Olive Wood Factory\",\"isPartOf\":{\"@id\":\"https:\/\/old.holyland-olivewood.com\/fr\/#website\"},\"primaryImageOfPage\":{\"@id\":\"https:\/\/old.holyland-olivewood.com\/fr\/produit\/jabal-laser-grave-artisanal-jerusalem-bois-dolivier-twist-pen-2\/#primaryimage\"},\"image\":{\"@id\":\"https:\/\/old.holyland-olivewood.com\/fr\/produit\/jabal-laser-grave-artisanal-jerusalem-bois-dolivier-twist-pen-2\/#primaryimage\"},\"thumbnailUrl\":\"https:\/\/old.holyland-olivewood.com\/wp-content\/uploads\/2018\/01\/pen_holy_land_olive_wood_bethlehem_pe106_1.jpg\",\"datePublished\":\"2022-02-09T08:25:55+00:00\",\"description\":\"Stylos en bois d\u2019olivier de Bethl\u00e9em et vaisselle de bureau (c\u2019est-\u00e0-dire porte-stylo, bo\u00eetes \u00e0 stylos), blancs, sculptures et plus encore de la Terre Sainte et stock brut dans les dimensions standard et personnalis\u00e9es.\",\"breadcrumb\":{\"@id\":\"https:\/\/old.holyland-olivewood.com\/fr\/produit\/jabal-laser-grave-artisanal-jerusalem-bois-dolivier-twist-pen-2\/#breadcrumb\"},\"inLanguage\":\"fr-FR\",\"potentialAction\":[{\"@type\":\"ReadAction\",\"target\":[\"https:\/\/old.holyland-olivewood.com\/fr\/produit\/jabal-laser-grave-artisanal-jerusalem-bois-dolivier-twist-pen-2\/\"]}]},{\"@type\":\"ImageObject\",\"inLanguage\":\"fr-FR\",\"@id\":\"https:\/\/old.holyland-olivewood.com\/fr\/produit\/jabal-laser-grave-artisanal-jerusalem-bois-dolivier-twist-pen-2\/#primaryimage\",\"url\":\"https:\/\/old.holyland-olivewood.com\/wp-content\/uploads\/2018\/01\/pen_holy_land_olive_wood_bethlehem_pe106_1.jpg\",\"contentUrl\":\"https:\/\/old.holyland-olivewood.com\/wp-content\/uploads\/2018\/01\/pen_holy_land_olive_wood_bethlehem_pe106_1.jpg\",\"width\":1550,\"height\":1200},{\"@type\":\"BreadcrumbList\",\"@id\":\"https:\/\/old.holyland-olivewood.com\/fr\/produit\/jabal-laser-grave-artisanal-jerusalem-bois-dolivier-twist-pen-2\/#breadcrumb\",\"itemListElement\":[{\"@type\":\"ListItem\",\"position\":1,\"name\":\"Home\",\"item\":\"https:\/\/old.holyland-olivewood.com\/fr\/\"},{\"@type\":\"ListItem\",\"position\":2,\"name\":\"Boutique\",\"item\":\"https:\/\/old.holyland-olivewood.com\/fr\/boutique\/\"},{\"@type\":\"ListItem\",\"position\":3,\"name\":\"Jerusalem Olivewood Slimline Twist Pen w \/ Gravure au laser et luminaires chrom\u00e9s #PE106\"}]},{\"@type\":\"WebSite\",\"@id\":\"https:\/\/old.holyland-olivewood.com\/fr\/#website\",\"url\":\"https:\/\/old.holyland-olivewood.com\/fr\/\",\"name\":\"Holy Land Olive Wood - Bethlehem Olive Wood Factory\",\"description\":\"Holy Land Olivewood Bethlehem\",\"publisher\":{\"@id\":\"https:\/\/old.holyland-olivewood.com\/fr\/#organization\"},\"potentialAction\":[{\"@type\":\"SearchAction\",\"target\":{\"@type\":\"EntryPoint\",\"urlTemplate\":\"https:\/\/old.holyland-olivewood.com\/fr\/?s={search_term_string}\"},\"query-input\":{\"@type\":\"PropertyValueSpecification\",\"valueRequired\":true,\"valueName\":\"search_term_string\"}}],\"inLanguage\":\"fr-FR\"},{\"@type\":\"Organization\",\"@id\":\"https:\/\/old.holyland-olivewood.com\/fr\/#organization\",\"name\":\"Holy Land Olivewood\",\"url\":\"https:\/\/old.holyland-olivewood.com\/fr\/\",\"logo\":{\"@type\":\"ImageObject\",\"inLanguage\":\"fr-FR\",\"@id\":\"https:\/\/old.holyland-olivewood.com\/fr\/#\/schema\/logo\/image\/\",\"url\":\"\",\"contentUrl\":\"\",\"caption\":\"Holy Land Olivewood\"},\"image\":{\"@id\":\"https:\/\/old.holyland-olivewood.com\/fr\/#\/schema\/logo\/image\/\"},\"sameAs\":[\"https:\/\/www.facebook.com\/holylandolivewood.bethlehem\/\",\"http:\/\/instagram.com\/holy.land.olive.wood\"]}]}<\/script>\n<!-- \/ Yoast SEO plugin. -->","yoast_head_json":{"title":"Jerusalem Olivewood Slimline Twist Pen w \/ Gravure au laser et luminaires chrom\u00e9s #PE106 - Holy Land Olive Wood - Bethlehem Olive Wood Factory","description":"Stylos en bois d\u2019olivier de Bethl\u00e9em et vaisselle de bureau (c\u2019est-\u00e0-dire porte-stylo, bo\u00eetes \u00e0 stylos), blancs, sculptures et plus encore de la Terre Sainte et stock brut dans les dimensions standard et personnalis\u00e9es.","robots":{"index":"index","follow":"follow","max-snippet":"max-snippet:-1","max-image-preview":"max-image-preview:large","max-video-preview":"max-video-preview:-1"},"canonical":"https:\/\/old.holyland-olivewood.com\/fr\/produit\/jabal-laser-grave-artisanal-jerusalem-bois-dolivier-twist-pen-2\/","og_locale":"fr_FR","og_type":"article","og_title":"Jerusalem Olivewood Slimline Twist Pen w \/ Gravure au laser et luminaires chrom\u00e9s #PE106 - Holy Land Olive Wood - Bethlehem Olive Wood Factory","og_description":"Stylos en bois d\u2019olivier de Bethl\u00e9em et vaisselle de bureau (c\u2019est-\u00e0-dire porte-stylo, bo\u00eetes \u00e0 stylos), blancs, sculptures et plus encore de la Terre Sainte et stock brut dans les dimensions standard et personnalis\u00e9es.","og_url":"https:\/\/old.holyland-olivewood.com\/fr\/produit\/jabal-laser-grave-artisanal-jerusalem-bois-dolivier-twist-pen-2\/","og_site_name":"Holy Land Olive Wood - Bethlehem Olive Wood Factory","article_publisher":"https:\/\/www.facebook.com\/holylandolivewood.bethlehem\/","og_image":[{"width":1550,"height":1200,"url":"https:\/\/old.holyland-olivewood.com\/wp-content\/uploads\/2018\/01\/pen_holy_land_olive_wood_bethlehem_pe106_1.jpg","type":"image\/jpeg"}],"twitter_card":"summary_large_image","schema":{"@context":"https:\/\/schema.org","@graph":[{"@type":"WebPage","@id":"https:\/\/old.holyland-olivewood.com\/fr\/produit\/jabal-laser-grave-artisanal-jerusalem-bois-dolivier-twist-pen-2\/","url":"https:\/\/old.holyland-olivewood.com\/fr\/produit\/jabal-laser-grave-artisanal-jerusalem-bois-dolivier-twist-pen-2\/","name":"Jerusalem Olivewood Slimline Twist Pen w \/ Gravure au laser et luminaires chrom\u00e9s #PE106 - Holy Land Olive Wood - Bethlehem Olive Wood Factory","isPartOf":{"@id":"https:\/\/old.holyland-olivewood.com\/fr\/#website"},"primaryImageOfPage":{"@id":"https:\/\/old.holyland-olivewood.com\/fr\/produit\/jabal-laser-grave-artisanal-jerusalem-bois-dolivier-twist-pen-2\/#primaryimage"},"image":{"@id":"https:\/\/old.holyland-olivewood.com\/fr\/produit\/jabal-laser-grave-artisanal-jerusalem-bois-dolivier-twist-pen-2\/#primaryimage"},"thumbnailUrl":"https:\/\/old.holyland-olivewood.com\/wp-content\/uploads\/2018\/01\/pen_holy_land_olive_wood_bethlehem_pe106_1.jpg","datePublished":"2022-02-09T08:25:55+00:00","description":"Stylos en bois d\u2019olivier de Bethl\u00e9em et vaisselle de bureau (c\u2019est-\u00e0-dire porte-stylo, bo\u00eetes \u00e0 stylos), blancs, sculptures et plus encore de la Terre Sainte et stock brut dans les dimensions standard et personnalis\u00e9es.","breadcrumb":{"@id":"https:\/\/old.holyland-olivewood.com\/fr\/produit\/jabal-laser-grave-artisanal-jerusalem-bois-dolivier-twist-pen-2\/#breadcrumb"},"inLanguage":"fr-FR","potentialAction":[{"@type":"ReadAction","target":["https:\/\/old.holyland-olivewood.com\/fr\/produit\/jabal-laser-grave-artisanal-jerusalem-bois-dolivier-twist-pen-2\/"]}]},{"@type":"ImageObject","inLanguage":"fr-FR","@id":"https:\/\/old.holyland-olivewood.com\/fr\/produit\/jabal-laser-grave-artisanal-jerusalem-bois-dolivier-twist-pen-2\/#primaryimage","url":"https:\/\/old.holyland-olivewood.com\/wp-content\/uploads\/2018\/01\/pen_holy_land_olive_wood_bethlehem_pe106_1.jpg","contentUrl":"https:\/\/old.holyland-olivewood.com\/wp-content\/uploads\/2018\/01\/pen_holy_land_olive_wood_bethlehem_pe106_1.jpg","width":1550,"height":1200},{"@type":"BreadcrumbList","@id":"https:\/\/old.holyland-olivewood.com\/fr\/produit\/jabal-laser-grave-artisanal-jerusalem-bois-dolivier-twist-pen-2\/#breadcrumb","itemListElement":[{"@type":"ListItem","position":1,"name":"Home","item":"https:\/\/old.holyland-olivewood.com\/fr\/"},{"@type":"ListItem","position":2,"name":"Boutique","item":"https:\/\/old.holyland-olivewood.com\/fr\/boutique\/"},{"@type":"ListItem","position":3,"name":"Jerusalem Olivewood Slimline Twist Pen w \/ Gravure au laser et luminaires chrom\u00e9s #PE106"}]},{"@type":"WebSite","@id":"https:\/\/old.holyland-olivewood.com\/fr\/#website","url":"https:\/\/old.holyland-olivewood.com\/fr\/","name":"Holy Land Olive Wood - Bethlehem Olive Wood Factory","description":"Holy Land Olivewood Bethlehem","publisher":{"@id":"https:\/\/old.holyland-olivewood.com\/fr\/#organization"},"potentialAction":[{"@type":"SearchAction","target":{"@type":"EntryPoint","urlTemplate":"https:\/\/old.holyland-olivewood.com\/fr\/?s={search_term_string}"},"query-input":{"@type":"PropertyValueSpecification","valueRequired":true,"valueName":"search_term_string"}}],"inLanguage":"fr-FR"},{"@type":"Organization","@id":"https:\/\/old.holyland-olivewood.com\/fr\/#organization","name":"Holy Land Olivewood","url":"https:\/\/old.holyland-olivewood.com\/fr\/","logo":{"@type":"ImageObject","inLanguage":"fr-FR","@id":"https:\/\/old.holyland-olivewood.com\/fr\/#\/schema\/logo\/image\/","url":"","contentUrl":"","caption":"Holy Land Olivewood"},"image":{"@id":"https:\/\/old.holyland-olivewood.com\/fr\/#\/schema\/logo\/image\/"},"sameAs":["https:\/\/www.facebook.com\/holylandolivewood.bethlehem\/","http:\/\/instagram.com\/holy.land.olive.wood"]}]}},"_links":{"self":[{"href":"https:\/\/old.holyland-olivewood.com\/fr\/wp-json\/wp\/v2\/product\/42888","targetHints":{"allow":["GET"]}}],"collection":[{"href":"https:\/\/old.holyland-olivewood.com\/fr\/wp-json\/wp\/v2\/product"}],"about":[{"href":"https:\/\/old.holyland-olivewood.com\/fr\/wp-json\/wp\/v2\/types\/product"}],"wp:featuredmedia":[{"embeddable":true,"href":"https:\/\/old.holyland-olivewood.com\/fr\/wp-json\/wp\/v2\/media\/33698"}],"wp:attachment":[{"href":"https:\/\/old.holyland-olivewood.com\/fr\/wp-json\/wp\/v2\/media?parent=42888"}],"wp:term":[{"taxonomy":"product_brand","embeddable":true,"href":"https:\/\/old.holyland-olivewood.com\/fr\/wp-json\/wp\/v2\/product_brand?post=42888"},{"taxonomy":"product_cat","embeddable":true,"href":"https:\/\/old.holyland-olivewood.com\/fr\/wp-json\/wp\/v2\/product_cat?post=42888"},{"taxonomy":"product_tag","embeddable":true,"href":"https:\/\/old.holyland-olivewood.com\/fr\/wp-json\/wp\/v2\/product_tag?post=42888"}],"curies":[{"name":"wp","href":"https:\/\/api.w.org\/{rel}","templated":true}]}}