{"id":42804,"date":"2018-01-23T16:38:15","date_gmt":"2022-02-09T08:12:12","guid":{"rendered":"https:\/\/old.holyland-olivewood.com\/product\/ebauches-de-poignee-de-couteau-en-bois-dolivier-a-bloc-unique-025-x-1-x-3-cinq-paires\/"},"modified":"2022-02-09T08:12:12","modified_gmt":"2022-02-09T08:12:12","slug":"single-block-olivewood-knife-handle-blanks-0-25-x-1-x-3-5-paires","status":"publish","type":"product","link":"https:\/\/old.holyland-olivewood.com\/fr\/produit\/single-block-olivewood-knife-handle-blanks-0-25-x-1-x-3-5-paires\/","title":{"rendered":"\u00c9bauches de poign\u00e9e de couteau en bois d\u2019olivier \u00e0 bloc unique (0,25 \u00ab&nbsp;x 1&nbsp;\u00bb x 3&nbsp;\u00bb) cinq paires"},"content":{"rendered":"","protected":false},"excerpt":{"rendered":"<p>Cet article comprend cinq paires d\u2019\u00e9bauches de manche de couteau coup\u00e9es avec pr\u00e9cision qui sont fabriqu\u00e9es en Terre Sainte \u00e0 partir de bois d\u2019olivier de Bethl\u00e9em authentique r\u00e9colt\u00e9 de mani\u00e8re durable.<\/p>\n<p>Ce mat\u00e9riau exotique a une finition plus lisse que presque n\u2019importe quel autre bois, et son motif de grain contrast\u00e9 ne manque jamais d\u2019impressionner, ce qui en fait le choix parfait pour tout forgeron de lames qui cherche \u00e0 fabriquer des couverts ultra-premium accrocheurs.<\/p>\n<p>Comme le bois d\u2019olivier de Bethl\u00e9em est un produit de la nature, il n\u2019y a pas deux pi\u00e8ces identiques. Cependant, nos \u00e9bauches de manche de couteau en bois d\u2019olivier de Bethl\u00e9em \u00ab&nbsp;Single Block&nbsp;\u00bb sont d\u00e9coup\u00e9es \u00e0 partir du m\u00eame morceau individuel de bois d\u2019olivier afin que le motif de grain sur les deux manches de couteau suive les m\u00eames contours et s\u2019harmonise parfaitement des deux c\u00f4t\u00e9s de votre manche de couteau.<\/p>\n<p>Cet article comprend un certificat d\u2019authenticit\u00e9 v\u00e9rifiant les mat\u00e9riaux et les techniques utilis\u00e9s pour fabriquer ce produit.<\/p>\n<p>Taille: 0,7 cm x 2,5 cm x 7,5 cm (1\/4&nbsp;\u00bb x 1&nbsp;\u00bb x 3&nbsp;\u00bb)<\/p>\n","protected":false},"featured_media":33878,"template":"","meta":[],"product_brand":[],"product_cat":[1527,1526],"product_tag":[1542,1543,1533,1529,1536,1530,1539,1535,1540,1101,1538,1532,2936,1541,1070,1534,1537,1528,1544,1073,1531],"class_list":{"0":"post-42804","1":"product","2":"type-product","3":"status-publish","4":"has-post-thumbnail","6":"product_cat-bois-dolivier","7":"product_cat-dalles","8":"product_tag-artisanat","9":"product_tag-bethleem-jerusalem","10":"product_tag-blanc","11":"product_tag-blancs","12":"product_tag-block-fr","13":"product_tag-bol","14":"product_tag-bricolage","15":"product_tag-dalles","16":"product_tag-fait-maison","17":"product_tag-haandlavet-fr","18":"product_tag-journaux","19":"product_tag-kits-fr","20":"product_tag-manche","21":"product_tag-metier","22":"product_tag-oliven-fr","23":"product_tag-plaque-fr","24":"product_tag-rapport","25":"product_tag-stylo","26":"product_tag-terre-sainte","27":"product_tag-trae-fr","28":"product_tag-trousse","30":"first","31":"instock","32":"shipping-taxable","33":"purchasable","34":"product-type-simple"},"yoast_head":"<!-- This site is optimized with the Yoast SEO plugin v24.8.1 - https:\/\/yoast.com\/wordpress\/plugins\/seo\/ -->\n<title>\u00c9bauches de poign\u00e9e de couteau en bois d\u2019olivier \u00e0 bloc unique (0,25 \u00ab&nbsp;x 1&nbsp;\u00bb x 3&nbsp;\u00bb) cinq paires - Holy Land Olive Wood - Bethlehem Olive Wood Factory<\/title>\n<meta name=\"description\" content=\"Artisanat en bois d\u2019olivier de Bethl\u00e9em (c\u2019est-\u00e0-dire chapelets, ustensiles de cuisine, nativit\u00e9, ensembles, perles), sculptures \u00e0 l\u2019\u00e9trier, dalles, blocs et stock brut dans les dimensions standard et personnalis\u00e9es.\" \/>\n<meta name=\"robots\" content=\"index, follow, max-snippet:-1, max-image-preview:large, max-video-preview:-1\" \/>\n<link rel=\"canonical\" href=\"https:\/\/old.holyland-olivewood.com\/fr\/produit\/single-block-olivewood-knife-handle-blanks-0-25-x-1-x-3-5-paires\/\" \/>\n<meta property=\"og:locale\" content=\"fr_FR\" \/>\n<meta property=\"og:type\" content=\"article\" \/>\n<meta property=\"og:title\" content=\"\u00c9bauches de poign\u00e9e de couteau en bois d\u2019olivier \u00e0 bloc unique (0,25 \u00ab&nbsp;x 1&nbsp;\u00bb x 3&nbsp;\u00bb) cinq paires - Holy Land Olive Wood - Bethlehem Olive Wood Factory\" \/>\n<meta property=\"og:description\" content=\"Artisanat en bois d\u2019olivier de Bethl\u00e9em (c\u2019est-\u00e0-dire chapelets, ustensiles de cuisine, nativit\u00e9, ensembles, perles), sculptures \u00e0 l\u2019\u00e9trier, dalles, blocs et stock brut dans les dimensions standard et personnalis\u00e9es.\" \/>\n<meta property=\"og:url\" content=\"https:\/\/old.holyland-olivewood.com\/fr\/produit\/single-block-olivewood-knife-handle-blanks-0-25-x-1-x-3-5-paires\/\" \/>\n<meta property=\"og:site_name\" content=\"Holy Land Olive Wood - Bethlehem Olive Wood Factory\" \/>\n<meta property=\"article:publisher\" content=\"https:\/\/www.facebook.com\/holylandolivewood.bethlehem\/\" \/>\n<meta property=\"og:image\" content=\"https:\/\/old.holyland-olivewood.com\/wp-content\/uploads\/2018\/01\/knife_handle_holy_land_olive_wood_bethlehem_3.jpg\" \/>\n\t<meta property=\"og:image:width\" content=\"1550\" \/>\n\t<meta property=\"og:image:height\" content=\"1200\" \/>\n\t<meta property=\"og:image:type\" content=\"image\/jpeg\" \/>\n<meta name=\"twitter:card\" content=\"summary_large_image\" \/>\n<script type=\"application\/ld+json\" class=\"yoast-schema-graph\">{\"@context\":\"https:\/\/schema.org\",\"@graph\":[{\"@type\":\"WebPage\",\"@id\":\"https:\/\/old.holyland-olivewood.com\/fr\/produit\/single-block-olivewood-knife-handle-blanks-0-25-x-1-x-3-5-paires\/\",\"url\":\"https:\/\/old.holyland-olivewood.com\/fr\/produit\/single-block-olivewood-knife-handle-blanks-0-25-x-1-x-3-5-paires\/\",\"name\":\"\u00c9bauches de poign\u00e9e de couteau en bois d\u2019olivier \u00e0 bloc unique (0,25 \u00ab&nbsp;x 1&nbsp;\u00bb x 3&nbsp;\u00bb) cinq paires - Holy Land Olive Wood - Bethlehem Olive Wood Factory\",\"isPartOf\":{\"@id\":\"https:\/\/old.holyland-olivewood.com\/fr\/#website\"},\"primaryImageOfPage\":{\"@id\":\"https:\/\/old.holyland-olivewood.com\/fr\/produit\/single-block-olivewood-knife-handle-blanks-0-25-x-1-x-3-5-paires\/#primaryimage\"},\"image\":{\"@id\":\"https:\/\/old.holyland-olivewood.com\/fr\/produit\/single-block-olivewood-knife-handle-blanks-0-25-x-1-x-3-5-paires\/#primaryimage\"},\"thumbnailUrl\":\"https:\/\/old.holyland-olivewood.com\/wp-content\/uploads\/2018\/01\/knife_handle_holy_land_olive_wood_bethlehem_3.jpg\",\"datePublished\":\"2022-02-09T08:12:12+00:00\",\"description\":\"Artisanat en bois d\u2019olivier de Bethl\u00e9em (c\u2019est-\u00e0-dire chapelets, ustensiles de cuisine, nativit\u00e9, ensembles, perles), sculptures \u00e0 l\u2019\u00e9trier, dalles, blocs et stock brut dans les dimensions standard et personnalis\u00e9es.\",\"breadcrumb\":{\"@id\":\"https:\/\/old.holyland-olivewood.com\/fr\/produit\/single-block-olivewood-knife-handle-blanks-0-25-x-1-x-3-5-paires\/#breadcrumb\"},\"inLanguage\":\"fr-FR\",\"potentialAction\":[{\"@type\":\"ReadAction\",\"target\":[\"https:\/\/old.holyland-olivewood.com\/fr\/produit\/single-block-olivewood-knife-handle-blanks-0-25-x-1-x-3-5-paires\/\"]}]},{\"@type\":\"ImageObject\",\"inLanguage\":\"fr-FR\",\"@id\":\"https:\/\/old.holyland-olivewood.com\/fr\/produit\/single-block-olivewood-knife-handle-blanks-0-25-x-1-x-3-5-paires\/#primaryimage\",\"url\":\"https:\/\/old.holyland-olivewood.com\/wp-content\/uploads\/2018\/01\/knife_handle_holy_land_olive_wood_bethlehem_3.jpg\",\"contentUrl\":\"https:\/\/old.holyland-olivewood.com\/wp-content\/uploads\/2018\/01\/knife_handle_holy_land_olive_wood_bethlehem_3.jpg\",\"width\":1550,\"height\":1200},{\"@type\":\"BreadcrumbList\",\"@id\":\"https:\/\/old.holyland-olivewood.com\/fr\/produit\/single-block-olivewood-knife-handle-blanks-0-25-x-1-x-3-5-paires\/#breadcrumb\",\"itemListElement\":[{\"@type\":\"ListItem\",\"position\":1,\"name\":\"Home\",\"item\":\"https:\/\/old.holyland-olivewood.com\/fr\/\"},{\"@type\":\"ListItem\",\"position\":2,\"name\":\"Boutique\",\"item\":\"https:\/\/old.holyland-olivewood.com\/fr\/boutique\/\"},{\"@type\":\"ListItem\",\"position\":3,\"name\":\"\u00c9bauches de poign\u00e9e de couteau en bois d\u2019olivier \u00e0 bloc unique (0,25 \u00ab&nbsp;x 1&nbsp;\u00bb x 3&nbsp;\u00bb) cinq paires\"}]},{\"@type\":\"WebSite\",\"@id\":\"https:\/\/old.holyland-olivewood.com\/fr\/#website\",\"url\":\"https:\/\/old.holyland-olivewood.com\/fr\/\",\"name\":\"Holy Land Olive Wood - Bethlehem Olive Wood Factory\",\"description\":\"Holy Land Olivewood Bethlehem\",\"publisher\":{\"@id\":\"https:\/\/old.holyland-olivewood.com\/fr\/#organization\"},\"potentialAction\":[{\"@type\":\"SearchAction\",\"target\":{\"@type\":\"EntryPoint\",\"urlTemplate\":\"https:\/\/old.holyland-olivewood.com\/fr\/?s={search_term_string}\"},\"query-input\":{\"@type\":\"PropertyValueSpecification\",\"valueRequired\":true,\"valueName\":\"search_term_string\"}}],\"inLanguage\":\"fr-FR\"},{\"@type\":\"Organization\",\"@id\":\"https:\/\/old.holyland-olivewood.com\/fr\/#organization\",\"name\":\"Holy Land Olivewood\",\"url\":\"https:\/\/old.holyland-olivewood.com\/fr\/\",\"logo\":{\"@type\":\"ImageObject\",\"inLanguage\":\"fr-FR\",\"@id\":\"https:\/\/old.holyland-olivewood.com\/fr\/#\/schema\/logo\/image\/\",\"url\":\"\",\"contentUrl\":\"\",\"caption\":\"Holy Land Olivewood\"},\"image\":{\"@id\":\"https:\/\/old.holyland-olivewood.com\/fr\/#\/schema\/logo\/image\/\"},\"sameAs\":[\"https:\/\/www.facebook.com\/holylandolivewood.bethlehem\/\",\"http:\/\/instagram.com\/holy.land.olive.wood\"]}]}<\/script>\n<!-- \/ Yoast SEO plugin. -->","yoast_head_json":{"title":"\u00c9bauches de poign\u00e9e de couteau en bois d\u2019olivier \u00e0 bloc unique (0,25 \u00ab&nbsp;x 1&nbsp;\u00bb x 3&nbsp;\u00bb) cinq paires - Holy Land Olive Wood - Bethlehem Olive Wood Factory","description":"Artisanat en bois d\u2019olivier de Bethl\u00e9em (c\u2019est-\u00e0-dire chapelets, ustensiles de cuisine, nativit\u00e9, ensembles, perles), sculptures \u00e0 l\u2019\u00e9trier, dalles, blocs et stock brut dans les dimensions standard et personnalis\u00e9es.","robots":{"index":"index","follow":"follow","max-snippet":"max-snippet:-1","max-image-preview":"max-image-preview:large","max-video-preview":"max-video-preview:-1"},"canonical":"https:\/\/old.holyland-olivewood.com\/fr\/produit\/single-block-olivewood-knife-handle-blanks-0-25-x-1-x-3-5-paires\/","og_locale":"fr_FR","og_type":"article","og_title":"\u00c9bauches de poign\u00e9e de couteau en bois d\u2019olivier \u00e0 bloc unique (0,25 \u00ab&nbsp;x 1&nbsp;\u00bb x 3&nbsp;\u00bb) cinq paires - Holy Land Olive Wood - Bethlehem Olive Wood Factory","og_description":"Artisanat en bois d\u2019olivier de Bethl\u00e9em (c\u2019est-\u00e0-dire chapelets, ustensiles de cuisine, nativit\u00e9, ensembles, perles), sculptures \u00e0 l\u2019\u00e9trier, dalles, blocs et stock brut dans les dimensions standard et personnalis\u00e9es.","og_url":"https:\/\/old.holyland-olivewood.com\/fr\/produit\/single-block-olivewood-knife-handle-blanks-0-25-x-1-x-3-5-paires\/","og_site_name":"Holy Land Olive Wood - Bethlehem Olive Wood Factory","article_publisher":"https:\/\/www.facebook.com\/holylandolivewood.bethlehem\/","og_image":[{"width":1550,"height":1200,"url":"https:\/\/old.holyland-olivewood.com\/wp-content\/uploads\/2018\/01\/knife_handle_holy_land_olive_wood_bethlehem_3.jpg","type":"image\/jpeg"}],"twitter_card":"summary_large_image","schema":{"@context":"https:\/\/schema.org","@graph":[{"@type":"WebPage","@id":"https:\/\/old.holyland-olivewood.com\/fr\/produit\/single-block-olivewood-knife-handle-blanks-0-25-x-1-x-3-5-paires\/","url":"https:\/\/old.holyland-olivewood.com\/fr\/produit\/single-block-olivewood-knife-handle-blanks-0-25-x-1-x-3-5-paires\/","name":"\u00c9bauches de poign\u00e9e de couteau en bois d\u2019olivier \u00e0 bloc unique (0,25 \u00ab&nbsp;x 1&nbsp;\u00bb x 3&nbsp;\u00bb) cinq paires - Holy Land Olive Wood - Bethlehem Olive Wood Factory","isPartOf":{"@id":"https:\/\/old.holyland-olivewood.com\/fr\/#website"},"primaryImageOfPage":{"@id":"https:\/\/old.holyland-olivewood.com\/fr\/produit\/single-block-olivewood-knife-handle-blanks-0-25-x-1-x-3-5-paires\/#primaryimage"},"image":{"@id":"https:\/\/old.holyland-olivewood.com\/fr\/produit\/single-block-olivewood-knife-handle-blanks-0-25-x-1-x-3-5-paires\/#primaryimage"},"thumbnailUrl":"https:\/\/old.holyland-olivewood.com\/wp-content\/uploads\/2018\/01\/knife_handle_holy_land_olive_wood_bethlehem_3.jpg","datePublished":"2022-02-09T08:12:12+00:00","description":"Artisanat en bois d\u2019olivier de Bethl\u00e9em (c\u2019est-\u00e0-dire chapelets, ustensiles de cuisine, nativit\u00e9, ensembles, perles), sculptures \u00e0 l\u2019\u00e9trier, dalles, blocs et stock brut dans les dimensions standard et personnalis\u00e9es.","breadcrumb":{"@id":"https:\/\/old.holyland-olivewood.com\/fr\/produit\/single-block-olivewood-knife-handle-blanks-0-25-x-1-x-3-5-paires\/#breadcrumb"},"inLanguage":"fr-FR","potentialAction":[{"@type":"ReadAction","target":["https:\/\/old.holyland-olivewood.com\/fr\/produit\/single-block-olivewood-knife-handle-blanks-0-25-x-1-x-3-5-paires\/"]}]},{"@type":"ImageObject","inLanguage":"fr-FR","@id":"https:\/\/old.holyland-olivewood.com\/fr\/produit\/single-block-olivewood-knife-handle-blanks-0-25-x-1-x-3-5-paires\/#primaryimage","url":"https:\/\/old.holyland-olivewood.com\/wp-content\/uploads\/2018\/01\/knife_handle_holy_land_olive_wood_bethlehem_3.jpg","contentUrl":"https:\/\/old.holyland-olivewood.com\/wp-content\/uploads\/2018\/01\/knife_handle_holy_land_olive_wood_bethlehem_3.jpg","width":1550,"height":1200},{"@type":"BreadcrumbList","@id":"https:\/\/old.holyland-olivewood.com\/fr\/produit\/single-block-olivewood-knife-handle-blanks-0-25-x-1-x-3-5-paires\/#breadcrumb","itemListElement":[{"@type":"ListItem","position":1,"name":"Home","item":"https:\/\/old.holyland-olivewood.com\/fr\/"},{"@type":"ListItem","position":2,"name":"Boutique","item":"https:\/\/old.holyland-olivewood.com\/fr\/boutique\/"},{"@type":"ListItem","position":3,"name":"\u00c9bauches de poign\u00e9e de couteau en bois d\u2019olivier \u00e0 bloc unique (0,25 \u00ab&nbsp;x 1&nbsp;\u00bb x 3&nbsp;\u00bb) cinq paires"}]},{"@type":"WebSite","@id":"https:\/\/old.holyland-olivewood.com\/fr\/#website","url":"https:\/\/old.holyland-olivewood.com\/fr\/","name":"Holy Land Olive Wood - Bethlehem Olive Wood Factory","description":"Holy Land Olivewood Bethlehem","publisher":{"@id":"https:\/\/old.holyland-olivewood.com\/fr\/#organization"},"potentialAction":[{"@type":"SearchAction","target":{"@type":"EntryPoint","urlTemplate":"https:\/\/old.holyland-olivewood.com\/fr\/?s={search_term_string}"},"query-input":{"@type":"PropertyValueSpecification","valueRequired":true,"valueName":"search_term_string"}}],"inLanguage":"fr-FR"},{"@type":"Organization","@id":"https:\/\/old.holyland-olivewood.com\/fr\/#organization","name":"Holy Land Olivewood","url":"https:\/\/old.holyland-olivewood.com\/fr\/","logo":{"@type":"ImageObject","inLanguage":"fr-FR","@id":"https:\/\/old.holyland-olivewood.com\/fr\/#\/schema\/logo\/image\/","url":"","contentUrl":"","caption":"Holy Land Olivewood"},"image":{"@id":"https:\/\/old.holyland-olivewood.com\/fr\/#\/schema\/logo\/image\/"},"sameAs":["https:\/\/www.facebook.com\/holylandolivewood.bethlehem\/","http:\/\/instagram.com\/holy.land.olive.wood"]}]}},"_links":{"self":[{"href":"https:\/\/old.holyland-olivewood.com\/fr\/wp-json\/wp\/v2\/product\/42804","targetHints":{"allow":["GET"]}}],"collection":[{"href":"https:\/\/old.holyland-olivewood.com\/fr\/wp-json\/wp\/v2\/product"}],"about":[{"href":"https:\/\/old.holyland-olivewood.com\/fr\/wp-json\/wp\/v2\/types\/product"}],"wp:featuredmedia":[{"embeddable":true,"href":"https:\/\/old.holyland-olivewood.com\/fr\/wp-json\/wp\/v2\/media\/33878"}],"wp:attachment":[{"href":"https:\/\/old.holyland-olivewood.com\/fr\/wp-json\/wp\/v2\/media?parent=42804"}],"wp:term":[{"taxonomy":"product_brand","embeddable":true,"href":"https:\/\/old.holyland-olivewood.com\/fr\/wp-json\/wp\/v2\/product_brand?post=42804"},{"taxonomy":"product_cat","embeddable":true,"href":"https:\/\/old.holyland-olivewood.com\/fr\/wp-json\/wp\/v2\/product_cat?post=42804"},{"taxonomy":"product_tag","embeddable":true,"href":"https:\/\/old.holyland-olivewood.com\/fr\/wp-json\/wp\/v2\/product_tag?post=42804"}],"curies":[{"name":"wp","href":"https:\/\/api.w.org\/{rel}","templated":true}]}}