{"id":42670,"date":"2018-04-25T19:48:40","date_gmt":"2022-02-09T07:53:16","guid":{"rendered":"https:\/\/old.holyland-olivewood.com\/product\/support-de-stylo-en-bois-dolivier-de-bethleem-fabrique-a-la-main-porte-stylo-en-bois-dolivier-pe112\/"},"modified":"2022-02-09T07:53:16","modified_gmt":"2022-02-09T07:53:16","slug":"artisanal-bethleem-bois-dolivier-stylo-stand-bois-dolivier-porte-stylo-pe112","status":"publish","type":"product","link":"https:\/\/old.holyland-olivewood.com\/fr\/produit\/artisanal-bethleem-bois-dolivier-stylo-stand-bois-dolivier-porte-stylo-pe112\/","title":{"rendered":"Support de stylo en bois d\u2019olivier de Bethl\u00e9em fabriqu\u00e9 \u00e0 la main, porte-stylo en bois d\u2019olivier #PE112"},"content":{"rendered":"","protected":false},"excerpt":{"rendered":"<p>Ce magnifique porte-stylos est fabriqu\u00e9 \u00e0 la main en Terre Sainte \u00e0 partir de bois d\u2019olivier de Bethl\u00e9em authentique et r\u00e9colt\u00e9 de mani\u00e8re durable. Cette pi\u00e8ce en bois d\u2019olivier est tr\u00e8s solide et durable. La surface a une finition fine qui est lisse et soyeuse au toucher.<\/p>\n<p>Cet article comprend un certificat d\u2019authenticit\u00e9 v\u00e9rifiant les mat\u00e9riaux et les techniques utilis\u00e9s pour fabriquer ce produit.<\/p>\n<p>Taille: 5,5 cm x 12,5 cm x 14 cm (2&nbsp;\u00bb x 5&nbsp;\u00bb x 5,1\/2&nbsp;\u00bb)<\/p>\n","protected":false},"featured_media":34206,"template":"","meta":[],"product_brand":[],"product_cat":[1047,2408,2406],"product_tag":[1050,1078,1528,2413],"class_list":{"0":"post-42670","1":"product","2":"type-product","3":"status-publish","4":"has-post-thumbnail","6":"product_cat-kunsthaandvaerk-fr","7":"product_cat-stylos-et-articles-de-bureau","8":"product_cat-blancs-de-stylo","9":"product_tag-betlehem-fr","10":"product_tag-oliventrae-fr","11":"product_tag-stylo","12":"product_tag-stylos","14":"first","15":"outofstock","16":"shipping-taxable","17":"purchasable","18":"product-type-simple"},"yoast_head":"<!-- This site is optimized with the Yoast SEO plugin v24.8.1 - https:\/\/yoast.com\/wordpress\/plugins\/seo\/ -->\n<title>Support de stylo en bois d\u2019olivier de Bethl\u00e9em fabriqu\u00e9 \u00e0 la main, porte-stylo en bois d\u2019olivier #PE112 - Holy Land Olive Wood - Bethlehem Olive Wood Factory<\/title>\n<meta name=\"description\" content=\"Stylos en bois d\u2019olivier de Bethl\u00e9em et vaisselle de bureau (c\u2019est-\u00e0-dire porte-stylo, bo\u00eetes \u00e0 stylos), blancs, sculptures et plus encore de la Terre Sainte et stock brut dans les dimensions standard et personnalis\u00e9es.\" \/>\n<meta name=\"robots\" content=\"index, follow, max-snippet:-1, max-image-preview:large, max-video-preview:-1\" \/>\n<link rel=\"canonical\" href=\"https:\/\/old.holyland-olivewood.com\/fr\/produit\/artisanal-bethleem-bois-dolivier-stylo-stand-bois-dolivier-porte-stylo-pe112\/\" \/>\n<meta property=\"og:locale\" content=\"fr_FR\" \/>\n<meta property=\"og:type\" content=\"article\" \/>\n<meta property=\"og:title\" content=\"Support de stylo en bois d\u2019olivier de Bethl\u00e9em fabriqu\u00e9 \u00e0 la main, porte-stylo en bois d\u2019olivier #PE112 - Holy Land Olive Wood - Bethlehem Olive Wood Factory\" \/>\n<meta property=\"og:description\" content=\"Stylos en bois d\u2019olivier de Bethl\u00e9em et vaisselle de bureau (c\u2019est-\u00e0-dire porte-stylo, bo\u00eetes \u00e0 stylos), blancs, sculptures et plus encore de la Terre Sainte et stock brut dans les dimensions standard et personnalis\u00e9es.\" \/>\n<meta property=\"og:url\" content=\"https:\/\/old.holyland-olivewood.com\/fr\/produit\/artisanal-bethleem-bois-dolivier-stylo-stand-bois-dolivier-porte-stylo-pe112\/\" \/>\n<meta property=\"og:site_name\" content=\"Holy Land Olive Wood - Bethlehem Olive Wood Factory\" \/>\n<meta property=\"article:publisher\" content=\"https:\/\/www.facebook.com\/holylandolivewood.bethlehem\/\" \/>\n<meta property=\"og:image\" content=\"https:\/\/old.holyland-olivewood.com\/wp-content\/uploads\/2018\/04\/bethlehem_olive_wood_pen_stand_olive_wood_pen_holde_PE112_1.jpg\" \/>\n\t<meta property=\"og:image:width\" content=\"1550\" \/>\n\t<meta property=\"og:image:height\" content=\"1200\" \/>\n\t<meta property=\"og:image:type\" content=\"image\/jpeg\" \/>\n<meta name=\"twitter:card\" content=\"summary_large_image\" \/>\n<script type=\"application\/ld+json\" class=\"yoast-schema-graph\">{\"@context\":\"https:\/\/schema.org\",\"@graph\":[{\"@type\":\"WebPage\",\"@id\":\"https:\/\/old.holyland-olivewood.com\/fr\/produit\/artisanal-bethleem-bois-dolivier-stylo-stand-bois-dolivier-porte-stylo-pe112\/\",\"url\":\"https:\/\/old.holyland-olivewood.com\/fr\/produit\/artisanal-bethleem-bois-dolivier-stylo-stand-bois-dolivier-porte-stylo-pe112\/\",\"name\":\"Support de stylo en bois d\u2019olivier de Bethl\u00e9em fabriqu\u00e9 \u00e0 la main, porte-stylo en bois d\u2019olivier #PE112 - Holy Land Olive Wood - Bethlehem Olive Wood Factory\",\"isPartOf\":{\"@id\":\"https:\/\/old.holyland-olivewood.com\/fr\/#website\"},\"primaryImageOfPage\":{\"@id\":\"https:\/\/old.holyland-olivewood.com\/fr\/produit\/artisanal-bethleem-bois-dolivier-stylo-stand-bois-dolivier-porte-stylo-pe112\/#primaryimage\"},\"image\":{\"@id\":\"https:\/\/old.holyland-olivewood.com\/fr\/produit\/artisanal-bethleem-bois-dolivier-stylo-stand-bois-dolivier-porte-stylo-pe112\/#primaryimage\"},\"thumbnailUrl\":\"https:\/\/old.holyland-olivewood.com\/wp-content\/uploads\/2018\/04\/bethlehem_olive_wood_pen_stand_olive_wood_pen_holde_PE112_1.jpg\",\"datePublished\":\"2022-02-09T07:53:16+00:00\",\"description\":\"Stylos en bois d\u2019olivier de Bethl\u00e9em et vaisselle de bureau (c\u2019est-\u00e0-dire porte-stylo, bo\u00eetes \u00e0 stylos), blancs, sculptures et plus encore de la Terre Sainte et stock brut dans les dimensions standard et personnalis\u00e9es.\",\"breadcrumb\":{\"@id\":\"https:\/\/old.holyland-olivewood.com\/fr\/produit\/artisanal-bethleem-bois-dolivier-stylo-stand-bois-dolivier-porte-stylo-pe112\/#breadcrumb\"},\"inLanguage\":\"fr-FR\",\"potentialAction\":[{\"@type\":\"ReadAction\",\"target\":[\"https:\/\/old.holyland-olivewood.com\/fr\/produit\/artisanal-bethleem-bois-dolivier-stylo-stand-bois-dolivier-porte-stylo-pe112\/\"]}]},{\"@type\":\"ImageObject\",\"inLanguage\":\"fr-FR\",\"@id\":\"https:\/\/old.holyland-olivewood.com\/fr\/produit\/artisanal-bethleem-bois-dolivier-stylo-stand-bois-dolivier-porte-stylo-pe112\/#primaryimage\",\"url\":\"https:\/\/old.holyland-olivewood.com\/wp-content\/uploads\/2018\/04\/bethlehem_olive_wood_pen_stand_olive_wood_pen_holde_PE112_1.jpg\",\"contentUrl\":\"https:\/\/old.holyland-olivewood.com\/wp-content\/uploads\/2018\/04\/bethlehem_olive_wood_pen_stand_olive_wood_pen_holde_PE112_1.jpg\",\"width\":1550,\"height\":1200},{\"@type\":\"BreadcrumbList\",\"@id\":\"https:\/\/old.holyland-olivewood.com\/fr\/produit\/artisanal-bethleem-bois-dolivier-stylo-stand-bois-dolivier-porte-stylo-pe112\/#breadcrumb\",\"itemListElement\":[{\"@type\":\"ListItem\",\"position\":1,\"name\":\"Home\",\"item\":\"https:\/\/old.holyland-olivewood.com\/fr\/\"},{\"@type\":\"ListItem\",\"position\":2,\"name\":\"Boutique\",\"item\":\"https:\/\/old.holyland-olivewood.com\/fr\/boutique\/\"},{\"@type\":\"ListItem\",\"position\":3,\"name\":\"Support de stylo en bois d\u2019olivier de Bethl\u00e9em fabriqu\u00e9 \u00e0 la main, porte-stylo en bois d\u2019olivier #PE112\"}]},{\"@type\":\"WebSite\",\"@id\":\"https:\/\/old.holyland-olivewood.com\/fr\/#website\",\"url\":\"https:\/\/old.holyland-olivewood.com\/fr\/\",\"name\":\"Holy Land Olive Wood - Bethlehem Olive Wood Factory\",\"description\":\"Holy Land Olivewood Bethlehem\",\"publisher\":{\"@id\":\"https:\/\/old.holyland-olivewood.com\/fr\/#organization\"},\"potentialAction\":[{\"@type\":\"SearchAction\",\"target\":{\"@type\":\"EntryPoint\",\"urlTemplate\":\"https:\/\/old.holyland-olivewood.com\/fr\/?s={search_term_string}\"},\"query-input\":{\"@type\":\"PropertyValueSpecification\",\"valueRequired\":true,\"valueName\":\"search_term_string\"}}],\"inLanguage\":\"fr-FR\"},{\"@type\":\"Organization\",\"@id\":\"https:\/\/old.holyland-olivewood.com\/fr\/#organization\",\"name\":\"Holy Land Olivewood\",\"url\":\"https:\/\/old.holyland-olivewood.com\/fr\/\",\"logo\":{\"@type\":\"ImageObject\",\"inLanguage\":\"fr-FR\",\"@id\":\"https:\/\/old.holyland-olivewood.com\/fr\/#\/schema\/logo\/image\/\",\"url\":\"\",\"contentUrl\":\"\",\"caption\":\"Holy Land Olivewood\"},\"image\":{\"@id\":\"https:\/\/old.holyland-olivewood.com\/fr\/#\/schema\/logo\/image\/\"},\"sameAs\":[\"https:\/\/www.facebook.com\/holylandolivewood.bethlehem\/\",\"http:\/\/instagram.com\/holy.land.olive.wood\"]}]}<\/script>\n<!-- \/ Yoast SEO plugin. -->","yoast_head_json":{"title":"Support de stylo en bois d\u2019olivier de Bethl\u00e9em fabriqu\u00e9 \u00e0 la main, porte-stylo en bois d\u2019olivier #PE112 - Holy Land Olive Wood - Bethlehem Olive Wood Factory","description":"Stylos en bois d\u2019olivier de Bethl\u00e9em et vaisselle de bureau (c\u2019est-\u00e0-dire porte-stylo, bo\u00eetes \u00e0 stylos), blancs, sculptures et plus encore de la Terre Sainte et stock brut dans les dimensions standard et personnalis\u00e9es.","robots":{"index":"index","follow":"follow","max-snippet":"max-snippet:-1","max-image-preview":"max-image-preview:large","max-video-preview":"max-video-preview:-1"},"canonical":"https:\/\/old.holyland-olivewood.com\/fr\/produit\/artisanal-bethleem-bois-dolivier-stylo-stand-bois-dolivier-porte-stylo-pe112\/","og_locale":"fr_FR","og_type":"article","og_title":"Support de stylo en bois d\u2019olivier de Bethl\u00e9em fabriqu\u00e9 \u00e0 la main, porte-stylo en bois d\u2019olivier #PE112 - Holy Land Olive Wood - Bethlehem Olive Wood Factory","og_description":"Stylos en bois d\u2019olivier de Bethl\u00e9em et vaisselle de bureau (c\u2019est-\u00e0-dire porte-stylo, bo\u00eetes \u00e0 stylos), blancs, sculptures et plus encore de la Terre Sainte et stock brut dans les dimensions standard et personnalis\u00e9es.","og_url":"https:\/\/old.holyland-olivewood.com\/fr\/produit\/artisanal-bethleem-bois-dolivier-stylo-stand-bois-dolivier-porte-stylo-pe112\/","og_site_name":"Holy Land Olive Wood - Bethlehem Olive Wood Factory","article_publisher":"https:\/\/www.facebook.com\/holylandolivewood.bethlehem\/","og_image":[{"width":1550,"height":1200,"url":"https:\/\/old.holyland-olivewood.com\/wp-content\/uploads\/2018\/04\/bethlehem_olive_wood_pen_stand_olive_wood_pen_holde_PE112_1.jpg","type":"image\/jpeg"}],"twitter_card":"summary_large_image","schema":{"@context":"https:\/\/schema.org","@graph":[{"@type":"WebPage","@id":"https:\/\/old.holyland-olivewood.com\/fr\/produit\/artisanal-bethleem-bois-dolivier-stylo-stand-bois-dolivier-porte-stylo-pe112\/","url":"https:\/\/old.holyland-olivewood.com\/fr\/produit\/artisanal-bethleem-bois-dolivier-stylo-stand-bois-dolivier-porte-stylo-pe112\/","name":"Support de stylo en bois d\u2019olivier de Bethl\u00e9em fabriqu\u00e9 \u00e0 la main, porte-stylo en bois d\u2019olivier #PE112 - Holy Land Olive Wood - Bethlehem Olive Wood Factory","isPartOf":{"@id":"https:\/\/old.holyland-olivewood.com\/fr\/#website"},"primaryImageOfPage":{"@id":"https:\/\/old.holyland-olivewood.com\/fr\/produit\/artisanal-bethleem-bois-dolivier-stylo-stand-bois-dolivier-porte-stylo-pe112\/#primaryimage"},"image":{"@id":"https:\/\/old.holyland-olivewood.com\/fr\/produit\/artisanal-bethleem-bois-dolivier-stylo-stand-bois-dolivier-porte-stylo-pe112\/#primaryimage"},"thumbnailUrl":"https:\/\/old.holyland-olivewood.com\/wp-content\/uploads\/2018\/04\/bethlehem_olive_wood_pen_stand_olive_wood_pen_holde_PE112_1.jpg","datePublished":"2022-02-09T07:53:16+00:00","description":"Stylos en bois d\u2019olivier de Bethl\u00e9em et vaisselle de bureau (c\u2019est-\u00e0-dire porte-stylo, bo\u00eetes \u00e0 stylos), blancs, sculptures et plus encore de la Terre Sainte et stock brut dans les dimensions standard et personnalis\u00e9es.","breadcrumb":{"@id":"https:\/\/old.holyland-olivewood.com\/fr\/produit\/artisanal-bethleem-bois-dolivier-stylo-stand-bois-dolivier-porte-stylo-pe112\/#breadcrumb"},"inLanguage":"fr-FR","potentialAction":[{"@type":"ReadAction","target":["https:\/\/old.holyland-olivewood.com\/fr\/produit\/artisanal-bethleem-bois-dolivier-stylo-stand-bois-dolivier-porte-stylo-pe112\/"]}]},{"@type":"ImageObject","inLanguage":"fr-FR","@id":"https:\/\/old.holyland-olivewood.com\/fr\/produit\/artisanal-bethleem-bois-dolivier-stylo-stand-bois-dolivier-porte-stylo-pe112\/#primaryimage","url":"https:\/\/old.holyland-olivewood.com\/wp-content\/uploads\/2018\/04\/bethlehem_olive_wood_pen_stand_olive_wood_pen_holde_PE112_1.jpg","contentUrl":"https:\/\/old.holyland-olivewood.com\/wp-content\/uploads\/2018\/04\/bethlehem_olive_wood_pen_stand_olive_wood_pen_holde_PE112_1.jpg","width":1550,"height":1200},{"@type":"BreadcrumbList","@id":"https:\/\/old.holyland-olivewood.com\/fr\/produit\/artisanal-bethleem-bois-dolivier-stylo-stand-bois-dolivier-porte-stylo-pe112\/#breadcrumb","itemListElement":[{"@type":"ListItem","position":1,"name":"Home","item":"https:\/\/old.holyland-olivewood.com\/fr\/"},{"@type":"ListItem","position":2,"name":"Boutique","item":"https:\/\/old.holyland-olivewood.com\/fr\/boutique\/"},{"@type":"ListItem","position":3,"name":"Support de stylo en bois d\u2019olivier de Bethl\u00e9em fabriqu\u00e9 \u00e0 la main, porte-stylo en bois d\u2019olivier #PE112"}]},{"@type":"WebSite","@id":"https:\/\/old.holyland-olivewood.com\/fr\/#website","url":"https:\/\/old.holyland-olivewood.com\/fr\/","name":"Holy Land Olive Wood - Bethlehem Olive Wood Factory","description":"Holy Land Olivewood Bethlehem","publisher":{"@id":"https:\/\/old.holyland-olivewood.com\/fr\/#organization"},"potentialAction":[{"@type":"SearchAction","target":{"@type":"EntryPoint","urlTemplate":"https:\/\/old.holyland-olivewood.com\/fr\/?s={search_term_string}"},"query-input":{"@type":"PropertyValueSpecification","valueRequired":true,"valueName":"search_term_string"}}],"inLanguage":"fr-FR"},{"@type":"Organization","@id":"https:\/\/old.holyland-olivewood.com\/fr\/#organization","name":"Holy Land Olivewood","url":"https:\/\/old.holyland-olivewood.com\/fr\/","logo":{"@type":"ImageObject","inLanguage":"fr-FR","@id":"https:\/\/old.holyland-olivewood.com\/fr\/#\/schema\/logo\/image\/","url":"","contentUrl":"","caption":"Holy Land Olivewood"},"image":{"@id":"https:\/\/old.holyland-olivewood.com\/fr\/#\/schema\/logo\/image\/"},"sameAs":["https:\/\/www.facebook.com\/holylandolivewood.bethlehem\/","http:\/\/instagram.com\/holy.land.olive.wood"]}]}},"_links":{"self":[{"href":"https:\/\/old.holyland-olivewood.com\/fr\/wp-json\/wp\/v2\/product\/42670","targetHints":{"allow":["GET"]}}],"collection":[{"href":"https:\/\/old.holyland-olivewood.com\/fr\/wp-json\/wp\/v2\/product"}],"about":[{"href":"https:\/\/old.holyland-olivewood.com\/fr\/wp-json\/wp\/v2\/types\/product"}],"wp:featuredmedia":[{"embeddable":true,"href":"https:\/\/old.holyland-olivewood.com\/fr\/wp-json\/wp\/v2\/media\/34206"}],"wp:attachment":[{"href":"https:\/\/old.holyland-olivewood.com\/fr\/wp-json\/wp\/v2\/media?parent=42670"}],"wp:term":[{"taxonomy":"product_brand","embeddable":true,"href":"https:\/\/old.holyland-olivewood.com\/fr\/wp-json\/wp\/v2\/product_brand?post=42670"},{"taxonomy":"product_cat","embeddable":true,"href":"https:\/\/old.holyland-olivewood.com\/fr\/wp-json\/wp\/v2\/product_cat?post=42670"},{"taxonomy":"product_tag","embeddable":true,"href":"https:\/\/old.holyland-olivewood.com\/fr\/wp-json\/wp\/v2\/product_tag?post=42670"}],"curies":[{"name":"wp","href":"https:\/\/api.w.org\/{rel}","templated":true}]}}