{"id":41906,"date":"2018-09-06T13:11:52","date_gmt":"2022-02-09T05:43:40","guid":{"rendered":"https:\/\/old.holyland-olivewood.com\/product\/soab-de-boue-noire-100g-d115\/"},"modified":"2022-02-09T05:43:40","modified_gmt":"2022-02-09T05:43:40","slug":"boue-noire-soab-100g-d115","status":"publish","type":"product","link":"https:\/\/old.holyland-olivewood.com\/fr\/produit\/boue-noire-soab-100g-d115\/","title":{"rendered":"Soab de boue noire (100g) #D115"},"content":{"rendered":"<p>Soab de boue noire<\/p>\n","protected":false},"excerpt":{"rendered":"<p><strong>Soab de boue noire (100g)<\/strong><\/p>\n<p>Ce savon de Castille est fabriqu\u00e9 uniquement \u00e0 partir d\u2019huile d\u2019olive extra vierge press\u00e9e \u00e0 froid provenant des oliveraies de Bethl\u00e9em et de boue de la mer Morte, cette derni\u00e8re contenant plus de 27 min\u00e9raux naturels qui nettoient les pores, \u00e9liminent les cellules mortes de la peau, r\u00e9duisent les imperfections et hydratent votre peau.<\/p>\n","protected":false},"featured_media":51792,"template":"","meta":[],"product_brand":[],"product_cat":[1744,2670],"product_tag":[2672,2678,2680,2682,2674,2676],"class_list":{"0":"post-41906","1":"product","2":"type-product","3":"status-publish","4":"has-post-thumbnail","6":"product_cat-divers","7":"product_cat-produits-de-la-mer-morte","8":"product_tag-boue-de-la-mer-morte","9":"product_tag-creme","10":"product_tag-gommage-corporel-de-la-mer-morte","11":"product_tag-sel-mineral","12":"product_tag-sel-mineral-de-la-mer-morte","13":"product_tag-soab-de-boue-noire","15":"first","16":"outofstock","17":"shipping-taxable","18":"purchasable","19":"product-type-simple"},"yoast_head":"<!-- This site is optimized with the Yoast SEO plugin v24.8.1 - https:\/\/yoast.com\/wordpress\/plugins\/seo\/ -->\n<title>Soab de boue noire (100g) #D115 - Holy Land Olive Wood - Bethlehem Olive Wood Factory<\/title>\n<meta name=\"description\" content=\"Boue noire Soab ( Boue de la mer Morte, Sel min\u00e9ral de la mer Morte ) Soab de boue noire, Cr\u00e8me, Gommage corporel de la mer Morte, Boue, Sel min\u00e9ral, de bois d\u2019olivier de Terre Sainte.\" \/>\n<meta name=\"robots\" content=\"index, follow, max-snippet:-1, max-image-preview:large, max-video-preview:-1\" \/>\n<link rel=\"canonical\" href=\"https:\/\/old.holyland-olivewood.com\/fr\/produit\/boue-noire-soab-100g-d115\/\" \/>\n<meta property=\"og:locale\" content=\"fr_FR\" \/>\n<meta property=\"og:type\" content=\"article\" \/>\n<meta property=\"og:title\" content=\"Soab de boue noire (100g) #D115 - Holy Land Olive Wood - Bethlehem Olive Wood Factory\" \/>\n<meta property=\"og:description\" content=\"Boue noire Soab ( Boue de la mer Morte, Sel min\u00e9ral de la mer Morte ) Soab de boue noire, Cr\u00e8me, Gommage corporel de la mer Morte, Boue, Sel min\u00e9ral, de bois d\u2019olivier de Terre Sainte.\" \/>\n<meta property=\"og:url\" content=\"https:\/\/old.holyland-olivewood.com\/fr\/produit\/boue-noire-soab-100g-d115\/\" \/>\n<meta property=\"og:site_name\" content=\"Holy Land Olive Wood - Bethlehem Olive Wood Factory\" \/>\n<meta property=\"article:publisher\" content=\"https:\/\/www.facebook.com\/holylandolivewood.bethlehem\/\" \/>\n<meta property=\"og:image\" content=\"https:\/\/old.holyland-olivewood.com\/wp-content\/uploads\/2018\/09\/dead_sea_soap_product_d115.jpg\" \/>\n\t<meta property=\"og:image:width\" content=\"1550\" \/>\n\t<meta property=\"og:image:height\" content=\"1200\" \/>\n\t<meta property=\"og:image:type\" content=\"image\/jpeg\" \/>\n<meta name=\"twitter:card\" content=\"summary_large_image\" \/>\n<script type=\"application\/ld+json\" class=\"yoast-schema-graph\">{\"@context\":\"https:\/\/schema.org\",\"@graph\":[{\"@type\":\"WebPage\",\"@id\":\"https:\/\/old.holyland-olivewood.com\/fr\/produit\/boue-noire-soab-100g-d115\/\",\"url\":\"https:\/\/old.holyland-olivewood.com\/fr\/produit\/boue-noire-soab-100g-d115\/\",\"name\":\"Soab de boue noire (100g) #D115 - Holy Land Olive Wood - Bethlehem Olive Wood Factory\",\"isPartOf\":{\"@id\":\"https:\/\/old.holyland-olivewood.com\/fr\/#website\"},\"primaryImageOfPage\":{\"@id\":\"https:\/\/old.holyland-olivewood.com\/fr\/produit\/boue-noire-soab-100g-d115\/#primaryimage\"},\"image\":{\"@id\":\"https:\/\/old.holyland-olivewood.com\/fr\/produit\/boue-noire-soab-100g-d115\/#primaryimage\"},\"thumbnailUrl\":\"https:\/\/old.holyland-olivewood.com\/wp-content\/uploads\/2018\/09\/dead_sea_soap_product_d115.jpg\",\"datePublished\":\"2022-02-09T05:43:40+00:00\",\"description\":\"Boue noire Soab ( Boue de la mer Morte, Sel min\u00e9ral de la mer Morte ) Soab de boue noire, Cr\u00e8me, Gommage corporel de la mer Morte, Boue, Sel min\u00e9ral, de bois d\u2019olivier de Terre Sainte.\",\"breadcrumb\":{\"@id\":\"https:\/\/old.holyland-olivewood.com\/fr\/produit\/boue-noire-soab-100g-d115\/#breadcrumb\"},\"inLanguage\":\"fr-FR\",\"potentialAction\":[{\"@type\":\"ReadAction\",\"target\":[\"https:\/\/old.holyland-olivewood.com\/fr\/produit\/boue-noire-soab-100g-d115\/\"]}]},{\"@type\":\"ImageObject\",\"inLanguage\":\"fr-FR\",\"@id\":\"https:\/\/old.holyland-olivewood.com\/fr\/produit\/boue-noire-soab-100g-d115\/#primaryimage\",\"url\":\"https:\/\/old.holyland-olivewood.com\/wp-content\/uploads\/2018\/09\/dead_sea_soap_product_d115.jpg\",\"contentUrl\":\"https:\/\/old.holyland-olivewood.com\/wp-content\/uploads\/2018\/09\/dead_sea_soap_product_d115.jpg\",\"width\":1550,\"height\":1200},{\"@type\":\"BreadcrumbList\",\"@id\":\"https:\/\/old.holyland-olivewood.com\/fr\/produit\/boue-noire-soab-100g-d115\/#breadcrumb\",\"itemListElement\":[{\"@type\":\"ListItem\",\"position\":1,\"name\":\"Home\",\"item\":\"https:\/\/old.holyland-olivewood.com\/fr\/\"},{\"@type\":\"ListItem\",\"position\":2,\"name\":\"Boutique\",\"item\":\"https:\/\/old.holyland-olivewood.com\/fr\/boutique\/\"},{\"@type\":\"ListItem\",\"position\":3,\"name\":\"Soab de boue noire (100g) #D115\"}]},{\"@type\":\"WebSite\",\"@id\":\"https:\/\/old.holyland-olivewood.com\/fr\/#website\",\"url\":\"https:\/\/old.holyland-olivewood.com\/fr\/\",\"name\":\"Holy Land Olive Wood - Bethlehem Olive Wood Factory\",\"description\":\"Holy Land Olivewood Bethlehem\",\"publisher\":{\"@id\":\"https:\/\/old.holyland-olivewood.com\/fr\/#organization\"},\"potentialAction\":[{\"@type\":\"SearchAction\",\"target\":{\"@type\":\"EntryPoint\",\"urlTemplate\":\"https:\/\/old.holyland-olivewood.com\/fr\/?s={search_term_string}\"},\"query-input\":{\"@type\":\"PropertyValueSpecification\",\"valueRequired\":true,\"valueName\":\"search_term_string\"}}],\"inLanguage\":\"fr-FR\"},{\"@type\":\"Organization\",\"@id\":\"https:\/\/old.holyland-olivewood.com\/fr\/#organization\",\"name\":\"Holy Land Olivewood\",\"url\":\"https:\/\/old.holyland-olivewood.com\/fr\/\",\"logo\":{\"@type\":\"ImageObject\",\"inLanguage\":\"fr-FR\",\"@id\":\"https:\/\/old.holyland-olivewood.com\/fr\/#\/schema\/logo\/image\/\",\"url\":\"\",\"contentUrl\":\"\",\"caption\":\"Holy Land Olivewood\"},\"image\":{\"@id\":\"https:\/\/old.holyland-olivewood.com\/fr\/#\/schema\/logo\/image\/\"},\"sameAs\":[\"https:\/\/www.facebook.com\/holylandolivewood.bethlehem\/\",\"http:\/\/instagram.com\/holy.land.olive.wood\"]}]}<\/script>\n<!-- \/ Yoast SEO plugin. -->","yoast_head_json":{"title":"Soab de boue noire (100g) #D115 - Holy Land Olive Wood - Bethlehem Olive Wood Factory","description":"Boue noire Soab ( Boue de la mer Morte, Sel min\u00e9ral de la mer Morte ) Soab de boue noire, Cr\u00e8me, Gommage corporel de la mer Morte, Boue, Sel min\u00e9ral, de bois d\u2019olivier de Terre Sainte.","robots":{"index":"index","follow":"follow","max-snippet":"max-snippet:-1","max-image-preview":"max-image-preview:large","max-video-preview":"max-video-preview:-1"},"canonical":"https:\/\/old.holyland-olivewood.com\/fr\/produit\/boue-noire-soab-100g-d115\/","og_locale":"fr_FR","og_type":"article","og_title":"Soab de boue noire (100g) #D115 - Holy Land Olive Wood - Bethlehem Olive Wood Factory","og_description":"Boue noire Soab ( Boue de la mer Morte, Sel min\u00e9ral de la mer Morte ) Soab de boue noire, Cr\u00e8me, Gommage corporel de la mer Morte, Boue, Sel min\u00e9ral, de bois d\u2019olivier de Terre Sainte.","og_url":"https:\/\/old.holyland-olivewood.com\/fr\/produit\/boue-noire-soab-100g-d115\/","og_site_name":"Holy Land Olive Wood - Bethlehem Olive Wood Factory","article_publisher":"https:\/\/www.facebook.com\/holylandolivewood.bethlehem\/","og_image":[{"width":1550,"height":1200,"url":"https:\/\/old.holyland-olivewood.com\/wp-content\/uploads\/2018\/09\/dead_sea_soap_product_d115.jpg","type":"image\/jpeg"}],"twitter_card":"summary_large_image","schema":{"@context":"https:\/\/schema.org","@graph":[{"@type":"WebPage","@id":"https:\/\/old.holyland-olivewood.com\/fr\/produit\/boue-noire-soab-100g-d115\/","url":"https:\/\/old.holyland-olivewood.com\/fr\/produit\/boue-noire-soab-100g-d115\/","name":"Soab de boue noire (100g) #D115 - Holy Land Olive Wood - Bethlehem Olive Wood Factory","isPartOf":{"@id":"https:\/\/old.holyland-olivewood.com\/fr\/#website"},"primaryImageOfPage":{"@id":"https:\/\/old.holyland-olivewood.com\/fr\/produit\/boue-noire-soab-100g-d115\/#primaryimage"},"image":{"@id":"https:\/\/old.holyland-olivewood.com\/fr\/produit\/boue-noire-soab-100g-d115\/#primaryimage"},"thumbnailUrl":"https:\/\/old.holyland-olivewood.com\/wp-content\/uploads\/2018\/09\/dead_sea_soap_product_d115.jpg","datePublished":"2022-02-09T05:43:40+00:00","description":"Boue noire Soab ( Boue de la mer Morte, Sel min\u00e9ral de la mer Morte ) Soab de boue noire, Cr\u00e8me, Gommage corporel de la mer Morte, Boue, Sel min\u00e9ral, de bois d\u2019olivier de Terre Sainte.","breadcrumb":{"@id":"https:\/\/old.holyland-olivewood.com\/fr\/produit\/boue-noire-soab-100g-d115\/#breadcrumb"},"inLanguage":"fr-FR","potentialAction":[{"@type":"ReadAction","target":["https:\/\/old.holyland-olivewood.com\/fr\/produit\/boue-noire-soab-100g-d115\/"]}]},{"@type":"ImageObject","inLanguage":"fr-FR","@id":"https:\/\/old.holyland-olivewood.com\/fr\/produit\/boue-noire-soab-100g-d115\/#primaryimage","url":"https:\/\/old.holyland-olivewood.com\/wp-content\/uploads\/2018\/09\/dead_sea_soap_product_d115.jpg","contentUrl":"https:\/\/old.holyland-olivewood.com\/wp-content\/uploads\/2018\/09\/dead_sea_soap_product_d115.jpg","width":1550,"height":1200},{"@type":"BreadcrumbList","@id":"https:\/\/old.holyland-olivewood.com\/fr\/produit\/boue-noire-soab-100g-d115\/#breadcrumb","itemListElement":[{"@type":"ListItem","position":1,"name":"Home","item":"https:\/\/old.holyland-olivewood.com\/fr\/"},{"@type":"ListItem","position":2,"name":"Boutique","item":"https:\/\/old.holyland-olivewood.com\/fr\/boutique\/"},{"@type":"ListItem","position":3,"name":"Soab de boue noire (100g) #D115"}]},{"@type":"WebSite","@id":"https:\/\/old.holyland-olivewood.com\/fr\/#website","url":"https:\/\/old.holyland-olivewood.com\/fr\/","name":"Holy Land Olive Wood - Bethlehem Olive Wood Factory","description":"Holy Land Olivewood Bethlehem","publisher":{"@id":"https:\/\/old.holyland-olivewood.com\/fr\/#organization"},"potentialAction":[{"@type":"SearchAction","target":{"@type":"EntryPoint","urlTemplate":"https:\/\/old.holyland-olivewood.com\/fr\/?s={search_term_string}"},"query-input":{"@type":"PropertyValueSpecification","valueRequired":true,"valueName":"search_term_string"}}],"inLanguage":"fr-FR"},{"@type":"Organization","@id":"https:\/\/old.holyland-olivewood.com\/fr\/#organization","name":"Holy Land Olivewood","url":"https:\/\/old.holyland-olivewood.com\/fr\/","logo":{"@type":"ImageObject","inLanguage":"fr-FR","@id":"https:\/\/old.holyland-olivewood.com\/fr\/#\/schema\/logo\/image\/","url":"","contentUrl":"","caption":"Holy Land Olivewood"},"image":{"@id":"https:\/\/old.holyland-olivewood.com\/fr\/#\/schema\/logo\/image\/"},"sameAs":["https:\/\/www.facebook.com\/holylandolivewood.bethlehem\/","http:\/\/instagram.com\/holy.land.olive.wood"]}]}},"_links":{"self":[{"href":"https:\/\/old.holyland-olivewood.com\/fr\/wp-json\/wp\/v2\/product\/41906","targetHints":{"allow":["GET"]}}],"collection":[{"href":"https:\/\/old.holyland-olivewood.com\/fr\/wp-json\/wp\/v2\/product"}],"about":[{"href":"https:\/\/old.holyland-olivewood.com\/fr\/wp-json\/wp\/v2\/types\/product"}],"wp:featuredmedia":[{"embeddable":true,"href":"https:\/\/old.holyland-olivewood.com\/fr\/wp-json\/wp\/v2\/media\/51792"}],"wp:attachment":[{"href":"https:\/\/old.holyland-olivewood.com\/fr\/wp-json\/wp\/v2\/media?parent=41906"}],"wp:term":[{"taxonomy":"product_brand","embeddable":true,"href":"https:\/\/old.holyland-olivewood.com\/fr\/wp-json\/wp\/v2\/product_brand?post=41906"},{"taxonomy":"product_cat","embeddable":true,"href":"https:\/\/old.holyland-olivewood.com\/fr\/wp-json\/wp\/v2\/product_cat?post=41906"},{"taxonomy":"product_tag","embeddable":true,"href":"https:\/\/old.holyland-olivewood.com\/fr\/wp-json\/wp\/v2\/product_tag?post=41906"}],"curies":[{"name":"wp","href":"https:\/\/api.w.org\/{rel}","templated":true}]}}