{"id":41880,"date":"2018-09-06T12:56:59","date_gmt":"2022-02-09T05:43:17","guid":{"rendered":"https:\/\/old.holyland-olivewood.com\/product\/sel-mineral-de-la-mer-morte-vanille-300g-d114\/"},"modified":"2022-02-09T05:43:17","modified_gmt":"2022-02-09T05:43:17","slug":"mer-morte-mineral-sel-vanille-300g-d114","status":"publish","type":"product","link":"https:\/\/old.holyland-olivewood.com\/fr\/produit\/mer-morte-mineral-sel-vanille-300g-d114\/","title":{"rendered":"Sel min\u00e9ral de la mer Morte &#8211; Vanille (300g) #D114"},"content":{"rendered":"<p>Sel min\u00e9ral de la mer Morte<\/p>\n","protected":false},"excerpt":{"rendered":"<p><strong>Sel min\u00e9ral de la mer Morte \u2013 Rose (300g)<\/strong><\/p>\n<p>Le sel de la mer Morte est riche en min\u00e9raux naturels, tels que le magn\u00e9sium, le calcium, le potassium, le zinc, le fer, le sodium et le mangan\u00e8se.<\/p>\n<p>Il est prouv\u00e9 que se baigner dans le sel de la mer Morte favorise la circulation sanguine, la relaxation musculaire, le retrait des toxines, tout en soulageant les affections cutan\u00e9es, telles que le psoriasis, l\u2019ecz\u00e9ma et les \u00e9ruptions cutan\u00e9es.<\/p>\n<p>Ce produit a \u00e9galement des propri\u00e9t\u00e9s aromath\u00e9rapeutiques, car il est infus\u00e9 avec de l\u2019extrait de rose enti\u00e8rement naturel.<\/p>\n<p><strong>Instructions:<\/strong> Pour une absorption maximale des min\u00e9raux, dissoudre le contenu du sac salin \u00e0 l\u2019int\u00e9rieur d\u2019une baignoire chaude. Baignez-vous dans cette eau pendant environ 15 \u00e0 20 minutes, puis lavez-les \u00e0 l\u2019eau ti\u00e8de sans utiliser de savon.<\/p>\n<p><strong>Quantit\u00e9 :<\/strong> 300 Grammes<\/p>\n","protected":false},"featured_media":51804,"template":"","meta":[],"product_brand":[],"product_cat":[1744,2670],"product_tag":[2672,2678,2680,2682,2674,2676],"class_list":{"0":"post-41880","1":"product","2":"type-product","3":"status-publish","4":"has-post-thumbnail","6":"product_cat-divers","7":"product_cat-produits-de-la-mer-morte","8":"product_tag-boue-de-la-mer-morte","9":"product_tag-creme","10":"product_tag-gommage-corporel-de-la-mer-morte","11":"product_tag-sel-mineral","12":"product_tag-sel-mineral-de-la-mer-morte","13":"product_tag-soab-de-boue-noire","15":"first","16":"outofstock","17":"shipping-taxable","18":"purchasable","19":"product-type-simple"},"yoast_head":"<!-- This site is optimized with the Yoast SEO plugin v24.8.1 - https:\/\/yoast.com\/wordpress\/plugins\/seo\/ -->\n<title>Sel min\u00e9ral de la mer Morte - Vanille (300g) #D114 - Holy Land Olive Wood - Bethlehem Olive Wood Factory<\/title>\n<meta name=\"description\" content=\"Sel min\u00e9ral de la mer Morte ( boue de la mer Morte, sel min\u00e9ral de la mer Morte ) Soab de boue noire, cr\u00e8me, gommage corporel de la mer Morte, boue, sel min\u00e9ral, du bois d\u2019olivier de Terre Sainte.\" \/>\n<meta name=\"robots\" content=\"index, follow, max-snippet:-1, max-image-preview:large, max-video-preview:-1\" \/>\n<link rel=\"canonical\" href=\"https:\/\/old.holyland-olivewood.com\/fr\/produit\/mer-morte-mineral-sel-vanille-300g-d114\/\" \/>\n<meta property=\"og:locale\" content=\"fr_FR\" \/>\n<meta property=\"og:type\" content=\"article\" \/>\n<meta property=\"og:title\" content=\"Sel min\u00e9ral de la mer Morte - Vanille (300g) #D114 - Holy Land Olive Wood - Bethlehem Olive Wood Factory\" \/>\n<meta property=\"og:description\" content=\"Sel min\u00e9ral de la mer Morte ( boue de la mer Morte, sel min\u00e9ral de la mer Morte ) Soab de boue noire, cr\u00e8me, gommage corporel de la mer Morte, boue, sel min\u00e9ral, du bois d\u2019olivier de Terre Sainte.\" \/>\n<meta property=\"og:url\" content=\"https:\/\/old.holyland-olivewood.com\/fr\/produit\/mer-morte-mineral-sel-vanille-300g-d114\/\" \/>\n<meta property=\"og:site_name\" content=\"Holy Land Olive Wood - Bethlehem Olive Wood Factory\" \/>\n<meta property=\"article:publisher\" content=\"https:\/\/www.facebook.com\/holylandolivewood.bethlehem\/\" \/>\n<meta property=\"og:image\" content=\"https:\/\/old.holyland-olivewood.com\/wp-content\/uploads\/2018\/09\/dead_sea_salt_product_d113_114.jpg\" \/>\n\t<meta property=\"og:image:width\" content=\"1550\" \/>\n\t<meta property=\"og:image:height\" content=\"1200\" \/>\n\t<meta property=\"og:image:type\" content=\"image\/jpeg\" \/>\n<meta name=\"twitter:card\" content=\"summary_large_image\" \/>\n<script type=\"application\/ld+json\" class=\"yoast-schema-graph\">{\"@context\":\"https:\/\/schema.org\",\"@graph\":[{\"@type\":\"WebPage\",\"@id\":\"https:\/\/old.holyland-olivewood.com\/fr\/produit\/mer-morte-mineral-sel-vanille-300g-d114\/\",\"url\":\"https:\/\/old.holyland-olivewood.com\/fr\/produit\/mer-morte-mineral-sel-vanille-300g-d114\/\",\"name\":\"Sel min\u00e9ral de la mer Morte - Vanille (300g) #D114 - Holy Land Olive Wood - Bethlehem Olive Wood Factory\",\"isPartOf\":{\"@id\":\"https:\/\/old.holyland-olivewood.com\/fr\/#website\"},\"primaryImageOfPage\":{\"@id\":\"https:\/\/old.holyland-olivewood.com\/fr\/produit\/mer-morte-mineral-sel-vanille-300g-d114\/#primaryimage\"},\"image\":{\"@id\":\"https:\/\/old.holyland-olivewood.com\/fr\/produit\/mer-morte-mineral-sel-vanille-300g-d114\/#primaryimage\"},\"thumbnailUrl\":\"https:\/\/old.holyland-olivewood.com\/wp-content\/uploads\/2018\/09\/dead_sea_salt_product_d113_114.jpg\",\"datePublished\":\"2022-02-09T05:43:17+00:00\",\"description\":\"Sel min\u00e9ral de la mer Morte ( boue de la mer Morte, sel min\u00e9ral de la mer Morte ) Soab de boue noire, cr\u00e8me, gommage corporel de la mer Morte, boue, sel min\u00e9ral, du bois d\u2019olivier de Terre Sainte.\",\"breadcrumb\":{\"@id\":\"https:\/\/old.holyland-olivewood.com\/fr\/produit\/mer-morte-mineral-sel-vanille-300g-d114\/#breadcrumb\"},\"inLanguage\":\"fr-FR\",\"potentialAction\":[{\"@type\":\"ReadAction\",\"target\":[\"https:\/\/old.holyland-olivewood.com\/fr\/produit\/mer-morte-mineral-sel-vanille-300g-d114\/\"]}]},{\"@type\":\"ImageObject\",\"inLanguage\":\"fr-FR\",\"@id\":\"https:\/\/old.holyland-olivewood.com\/fr\/produit\/mer-morte-mineral-sel-vanille-300g-d114\/#primaryimage\",\"url\":\"https:\/\/old.holyland-olivewood.com\/wp-content\/uploads\/2018\/09\/dead_sea_salt_product_d113_114.jpg\",\"contentUrl\":\"https:\/\/old.holyland-olivewood.com\/wp-content\/uploads\/2018\/09\/dead_sea_salt_product_d113_114.jpg\",\"width\":1550,\"height\":1200},{\"@type\":\"BreadcrumbList\",\"@id\":\"https:\/\/old.holyland-olivewood.com\/fr\/produit\/mer-morte-mineral-sel-vanille-300g-d114\/#breadcrumb\",\"itemListElement\":[{\"@type\":\"ListItem\",\"position\":1,\"name\":\"Home\",\"item\":\"https:\/\/old.holyland-olivewood.com\/fr\/\"},{\"@type\":\"ListItem\",\"position\":2,\"name\":\"Boutique\",\"item\":\"https:\/\/old.holyland-olivewood.com\/fr\/boutique\/\"},{\"@type\":\"ListItem\",\"position\":3,\"name\":\"Sel min\u00e9ral de la mer Morte &#8211; Vanille (300g) #D114\"}]},{\"@type\":\"WebSite\",\"@id\":\"https:\/\/old.holyland-olivewood.com\/fr\/#website\",\"url\":\"https:\/\/old.holyland-olivewood.com\/fr\/\",\"name\":\"Holy Land Olive Wood - Bethlehem Olive Wood Factory\",\"description\":\"Holy Land Olivewood Bethlehem\",\"publisher\":{\"@id\":\"https:\/\/old.holyland-olivewood.com\/fr\/#organization\"},\"potentialAction\":[{\"@type\":\"SearchAction\",\"target\":{\"@type\":\"EntryPoint\",\"urlTemplate\":\"https:\/\/old.holyland-olivewood.com\/fr\/?s={search_term_string}\"},\"query-input\":{\"@type\":\"PropertyValueSpecification\",\"valueRequired\":true,\"valueName\":\"search_term_string\"}}],\"inLanguage\":\"fr-FR\"},{\"@type\":\"Organization\",\"@id\":\"https:\/\/old.holyland-olivewood.com\/fr\/#organization\",\"name\":\"Holy Land Olivewood\",\"url\":\"https:\/\/old.holyland-olivewood.com\/fr\/\",\"logo\":{\"@type\":\"ImageObject\",\"inLanguage\":\"fr-FR\",\"@id\":\"https:\/\/old.holyland-olivewood.com\/fr\/#\/schema\/logo\/image\/\",\"url\":\"\",\"contentUrl\":\"\",\"caption\":\"Holy Land Olivewood\"},\"image\":{\"@id\":\"https:\/\/old.holyland-olivewood.com\/fr\/#\/schema\/logo\/image\/\"},\"sameAs\":[\"https:\/\/www.facebook.com\/holylandolivewood.bethlehem\/\",\"http:\/\/instagram.com\/holy.land.olive.wood\"]}]}<\/script>\n<!-- \/ Yoast SEO plugin. -->","yoast_head_json":{"title":"Sel min\u00e9ral de la mer Morte - Vanille (300g) #D114 - Holy Land Olive Wood - Bethlehem Olive Wood Factory","description":"Sel min\u00e9ral de la mer Morte ( boue de la mer Morte, sel min\u00e9ral de la mer Morte ) Soab de boue noire, cr\u00e8me, gommage corporel de la mer Morte, boue, sel min\u00e9ral, du bois d\u2019olivier de Terre Sainte.","robots":{"index":"index","follow":"follow","max-snippet":"max-snippet:-1","max-image-preview":"max-image-preview:large","max-video-preview":"max-video-preview:-1"},"canonical":"https:\/\/old.holyland-olivewood.com\/fr\/produit\/mer-morte-mineral-sel-vanille-300g-d114\/","og_locale":"fr_FR","og_type":"article","og_title":"Sel min\u00e9ral de la mer Morte - Vanille (300g) #D114 - Holy Land Olive Wood - Bethlehem Olive Wood Factory","og_description":"Sel min\u00e9ral de la mer Morte ( boue de la mer Morte, sel min\u00e9ral de la mer Morte ) Soab de boue noire, cr\u00e8me, gommage corporel de la mer Morte, boue, sel min\u00e9ral, du bois d\u2019olivier de Terre Sainte.","og_url":"https:\/\/old.holyland-olivewood.com\/fr\/produit\/mer-morte-mineral-sel-vanille-300g-d114\/","og_site_name":"Holy Land Olive Wood - Bethlehem Olive Wood Factory","article_publisher":"https:\/\/www.facebook.com\/holylandolivewood.bethlehem\/","og_image":[{"width":1550,"height":1200,"url":"https:\/\/old.holyland-olivewood.com\/wp-content\/uploads\/2018\/09\/dead_sea_salt_product_d113_114.jpg","type":"image\/jpeg"}],"twitter_card":"summary_large_image","schema":{"@context":"https:\/\/schema.org","@graph":[{"@type":"WebPage","@id":"https:\/\/old.holyland-olivewood.com\/fr\/produit\/mer-morte-mineral-sel-vanille-300g-d114\/","url":"https:\/\/old.holyland-olivewood.com\/fr\/produit\/mer-morte-mineral-sel-vanille-300g-d114\/","name":"Sel min\u00e9ral de la mer Morte - Vanille (300g) #D114 - Holy Land Olive Wood - Bethlehem Olive Wood Factory","isPartOf":{"@id":"https:\/\/old.holyland-olivewood.com\/fr\/#website"},"primaryImageOfPage":{"@id":"https:\/\/old.holyland-olivewood.com\/fr\/produit\/mer-morte-mineral-sel-vanille-300g-d114\/#primaryimage"},"image":{"@id":"https:\/\/old.holyland-olivewood.com\/fr\/produit\/mer-morte-mineral-sel-vanille-300g-d114\/#primaryimage"},"thumbnailUrl":"https:\/\/old.holyland-olivewood.com\/wp-content\/uploads\/2018\/09\/dead_sea_salt_product_d113_114.jpg","datePublished":"2022-02-09T05:43:17+00:00","description":"Sel min\u00e9ral de la mer Morte ( boue de la mer Morte, sel min\u00e9ral de la mer Morte ) Soab de boue noire, cr\u00e8me, gommage corporel de la mer Morte, boue, sel min\u00e9ral, du bois d\u2019olivier de Terre Sainte.","breadcrumb":{"@id":"https:\/\/old.holyland-olivewood.com\/fr\/produit\/mer-morte-mineral-sel-vanille-300g-d114\/#breadcrumb"},"inLanguage":"fr-FR","potentialAction":[{"@type":"ReadAction","target":["https:\/\/old.holyland-olivewood.com\/fr\/produit\/mer-morte-mineral-sel-vanille-300g-d114\/"]}]},{"@type":"ImageObject","inLanguage":"fr-FR","@id":"https:\/\/old.holyland-olivewood.com\/fr\/produit\/mer-morte-mineral-sel-vanille-300g-d114\/#primaryimage","url":"https:\/\/old.holyland-olivewood.com\/wp-content\/uploads\/2018\/09\/dead_sea_salt_product_d113_114.jpg","contentUrl":"https:\/\/old.holyland-olivewood.com\/wp-content\/uploads\/2018\/09\/dead_sea_salt_product_d113_114.jpg","width":1550,"height":1200},{"@type":"BreadcrumbList","@id":"https:\/\/old.holyland-olivewood.com\/fr\/produit\/mer-morte-mineral-sel-vanille-300g-d114\/#breadcrumb","itemListElement":[{"@type":"ListItem","position":1,"name":"Home","item":"https:\/\/old.holyland-olivewood.com\/fr\/"},{"@type":"ListItem","position":2,"name":"Boutique","item":"https:\/\/old.holyland-olivewood.com\/fr\/boutique\/"},{"@type":"ListItem","position":3,"name":"Sel min\u00e9ral de la mer Morte &#8211; Vanille (300g) #D114"}]},{"@type":"WebSite","@id":"https:\/\/old.holyland-olivewood.com\/fr\/#website","url":"https:\/\/old.holyland-olivewood.com\/fr\/","name":"Holy Land Olive Wood - Bethlehem Olive Wood Factory","description":"Holy Land Olivewood Bethlehem","publisher":{"@id":"https:\/\/old.holyland-olivewood.com\/fr\/#organization"},"potentialAction":[{"@type":"SearchAction","target":{"@type":"EntryPoint","urlTemplate":"https:\/\/old.holyland-olivewood.com\/fr\/?s={search_term_string}"},"query-input":{"@type":"PropertyValueSpecification","valueRequired":true,"valueName":"search_term_string"}}],"inLanguage":"fr-FR"},{"@type":"Organization","@id":"https:\/\/old.holyland-olivewood.com\/fr\/#organization","name":"Holy Land Olivewood","url":"https:\/\/old.holyland-olivewood.com\/fr\/","logo":{"@type":"ImageObject","inLanguage":"fr-FR","@id":"https:\/\/old.holyland-olivewood.com\/fr\/#\/schema\/logo\/image\/","url":"","contentUrl":"","caption":"Holy Land Olivewood"},"image":{"@id":"https:\/\/old.holyland-olivewood.com\/fr\/#\/schema\/logo\/image\/"},"sameAs":["https:\/\/www.facebook.com\/holylandolivewood.bethlehem\/","http:\/\/instagram.com\/holy.land.olive.wood"]}]}},"_links":{"self":[{"href":"https:\/\/old.holyland-olivewood.com\/fr\/wp-json\/wp\/v2\/product\/41880","targetHints":{"allow":["GET"]}}],"collection":[{"href":"https:\/\/old.holyland-olivewood.com\/fr\/wp-json\/wp\/v2\/product"}],"about":[{"href":"https:\/\/old.holyland-olivewood.com\/fr\/wp-json\/wp\/v2\/types\/product"}],"wp:featuredmedia":[{"embeddable":true,"href":"https:\/\/old.holyland-olivewood.com\/fr\/wp-json\/wp\/v2\/media\/51804"}],"wp:attachment":[{"href":"https:\/\/old.holyland-olivewood.com\/fr\/wp-json\/wp\/v2\/media?parent=41880"}],"wp:term":[{"taxonomy":"product_brand","embeddable":true,"href":"https:\/\/old.holyland-olivewood.com\/fr\/wp-json\/wp\/v2\/product_brand?post=41880"},{"taxonomy":"product_cat","embeddable":true,"href":"https:\/\/old.holyland-olivewood.com\/fr\/wp-json\/wp\/v2\/product_cat?post=41880"},{"taxonomy":"product_tag","embeddable":true,"href":"https:\/\/old.holyland-olivewood.com\/fr\/wp-json\/wp\/v2\/product_tag?post=41880"}],"curies":[{"name":"wp","href":"https:\/\/api.w.org\/{rel}","templated":true}]}}