{"id":41859,"date":"2018-09-06T13:23:23","date_gmt":"2022-02-09T05:41:20","guid":{"rendered":"https:\/\/old.holyland-olivewood.com\/product\/d120-hydratante-mer-morte-50ml\/"},"modified":"2022-02-09T05:41:20","modified_gmt":"2022-02-09T05:41:20","slug":"mer-morte-hydratant-50ml-d120","status":"publish","type":"product","link":"https:\/\/old.holyland-olivewood.com\/fr\/produit\/mer-morte-hydratant-50ml-d120\/","title":{"rendered":"#D120 hydratante mer Morte (50ml)"},"content":{"rendered":"<p>Hydratant de la mer Morte<\/p>\n","protected":false},"excerpt":{"rendered":"<p><strong>Cr\u00e8me hydratante mer Morte (50ml)<\/strong><br \/>\n<strong>Avec des min\u00e9raux de la mer Morte et de l\u2019huile de macadamia<\/strong><\/p>\n<p>Cette cr\u00e8me pour la peau enti\u00e8rement naturelle contient une fusion de sel de la mer Morte et d\u2019huile de macadamia. Cette puissante combinaison hydrate la peau s\u00e8che et r\u00e9pare les fissures et les taches de vieillesse caus\u00e9es par des ann\u00e9es d\u2019exposition aux rayons ultraviolets du soleil. L\u2019utilisation quotidienne de cette cr\u00e8me maintient la peau douce et flexible, tout en contribuant \u00e0 un teint plus uniforme et sans taches.<\/p>\n","protected":false},"featured_media":51744,"template":"","meta":[],"product_brand":[],"product_cat":[1744,2670],"product_tag":[2672,2678,2680,2682,2674,2676],"class_list":{"0":"post-41859","1":"product","2":"type-product","3":"status-publish","4":"has-post-thumbnail","6":"product_cat-divers","7":"product_cat-produits-de-la-mer-morte","8":"product_tag-boue-de-la-mer-morte","9":"product_tag-creme","10":"product_tag-gommage-corporel-de-la-mer-morte","11":"product_tag-sel-mineral","12":"product_tag-sel-mineral-de-la-mer-morte","13":"product_tag-soab-de-boue-noire","15":"first","16":"outofstock","17":"shipping-taxable","18":"purchasable","19":"product-type-simple"},"yoast_head":"<!-- This site is optimized with the Yoast SEO plugin v24.8.1 - https:\/\/yoast.com\/wordpress\/plugins\/seo\/ -->\n<title>#D120 hydratante mer Morte (50ml) - Holy Land Olive Wood - Bethlehem Olive Wood Factory<\/title>\n<meta name=\"description\" content=\"Hydratant de la mer Morte ( boue de la mer Morte, sel min\u00e9ral de la mer Morte ) Soab de boue noire, cr\u00e8me, gommage corporel de la mer Morte, boue, sel min\u00e9ral, de bois d\u2019olivier de Terre Sainte.\" \/>\n<meta name=\"robots\" content=\"index, follow, max-snippet:-1, max-image-preview:large, max-video-preview:-1\" \/>\n<link rel=\"canonical\" href=\"https:\/\/old.holyland-olivewood.com\/fr\/produit\/mer-morte-hydratant-50ml-d120\/\" \/>\n<meta property=\"og:locale\" content=\"fr_FR\" \/>\n<meta property=\"og:type\" content=\"article\" \/>\n<meta property=\"og:title\" content=\"#D120 hydratante mer Morte (50ml) - Holy Land Olive Wood - Bethlehem Olive Wood Factory\" \/>\n<meta property=\"og:description\" content=\"Hydratant de la mer Morte ( boue de la mer Morte, sel min\u00e9ral de la mer Morte ) Soab de boue noire, cr\u00e8me, gommage corporel de la mer Morte, boue, sel min\u00e9ral, de bois d\u2019olivier de Terre Sainte.\" \/>\n<meta property=\"og:url\" content=\"https:\/\/old.holyland-olivewood.com\/fr\/produit\/mer-morte-hydratant-50ml-d120\/\" \/>\n<meta property=\"og:site_name\" content=\"Holy Land Olive Wood - Bethlehem Olive Wood Factory\" \/>\n<meta property=\"article:publisher\" content=\"https:\/\/www.facebook.com\/holylandolivewood.bethlehem\/\" \/>\n<meta property=\"og:image\" content=\"https:\/\/old.holyland-olivewood.com\/wp-content\/uploads\/2018\/09\/dead_sea_product_d120.jpg\" \/>\n\t<meta property=\"og:image:width\" content=\"1550\" \/>\n\t<meta property=\"og:image:height\" content=\"1200\" \/>\n\t<meta property=\"og:image:type\" content=\"image\/jpeg\" \/>\n<meta name=\"twitter:card\" content=\"summary_large_image\" \/>\n<script type=\"application\/ld+json\" class=\"yoast-schema-graph\">{\"@context\":\"https:\/\/schema.org\",\"@graph\":[{\"@type\":\"WebPage\",\"@id\":\"https:\/\/old.holyland-olivewood.com\/fr\/produit\/mer-morte-hydratant-50ml-d120\/\",\"url\":\"https:\/\/old.holyland-olivewood.com\/fr\/produit\/mer-morte-hydratant-50ml-d120\/\",\"name\":\"#D120 hydratante mer Morte (50ml) - Holy Land Olive Wood - Bethlehem Olive Wood Factory\",\"isPartOf\":{\"@id\":\"https:\/\/old.holyland-olivewood.com\/fr\/#website\"},\"primaryImageOfPage\":{\"@id\":\"https:\/\/old.holyland-olivewood.com\/fr\/produit\/mer-morte-hydratant-50ml-d120\/#primaryimage\"},\"image\":{\"@id\":\"https:\/\/old.holyland-olivewood.com\/fr\/produit\/mer-morte-hydratant-50ml-d120\/#primaryimage\"},\"thumbnailUrl\":\"https:\/\/old.holyland-olivewood.com\/wp-content\/uploads\/2018\/09\/dead_sea_product_d120.jpg\",\"datePublished\":\"2022-02-09T05:41:20+00:00\",\"description\":\"Hydratant de la mer Morte ( boue de la mer Morte, sel min\u00e9ral de la mer Morte ) Soab de boue noire, cr\u00e8me, gommage corporel de la mer Morte, boue, sel min\u00e9ral, de bois d\u2019olivier de Terre Sainte.\",\"breadcrumb\":{\"@id\":\"https:\/\/old.holyland-olivewood.com\/fr\/produit\/mer-morte-hydratant-50ml-d120\/#breadcrumb\"},\"inLanguage\":\"fr-FR\",\"potentialAction\":[{\"@type\":\"ReadAction\",\"target\":[\"https:\/\/old.holyland-olivewood.com\/fr\/produit\/mer-morte-hydratant-50ml-d120\/\"]}]},{\"@type\":\"ImageObject\",\"inLanguage\":\"fr-FR\",\"@id\":\"https:\/\/old.holyland-olivewood.com\/fr\/produit\/mer-morte-hydratant-50ml-d120\/#primaryimage\",\"url\":\"https:\/\/old.holyland-olivewood.com\/wp-content\/uploads\/2018\/09\/dead_sea_product_d120.jpg\",\"contentUrl\":\"https:\/\/old.holyland-olivewood.com\/wp-content\/uploads\/2018\/09\/dead_sea_product_d120.jpg\",\"width\":1550,\"height\":1200},{\"@type\":\"BreadcrumbList\",\"@id\":\"https:\/\/old.holyland-olivewood.com\/fr\/produit\/mer-morte-hydratant-50ml-d120\/#breadcrumb\",\"itemListElement\":[{\"@type\":\"ListItem\",\"position\":1,\"name\":\"Home\",\"item\":\"https:\/\/old.holyland-olivewood.com\/fr\/\"},{\"@type\":\"ListItem\",\"position\":2,\"name\":\"Boutique\",\"item\":\"https:\/\/old.holyland-olivewood.com\/fr\/boutique\/\"},{\"@type\":\"ListItem\",\"position\":3,\"name\":\"#D120 hydratante mer Morte (50ml)\"}]},{\"@type\":\"WebSite\",\"@id\":\"https:\/\/old.holyland-olivewood.com\/fr\/#website\",\"url\":\"https:\/\/old.holyland-olivewood.com\/fr\/\",\"name\":\"Holy Land Olive Wood - Bethlehem Olive Wood Factory\",\"description\":\"Holy Land Olivewood Bethlehem\",\"publisher\":{\"@id\":\"https:\/\/old.holyland-olivewood.com\/fr\/#organization\"},\"potentialAction\":[{\"@type\":\"SearchAction\",\"target\":{\"@type\":\"EntryPoint\",\"urlTemplate\":\"https:\/\/old.holyland-olivewood.com\/fr\/?s={search_term_string}\"},\"query-input\":{\"@type\":\"PropertyValueSpecification\",\"valueRequired\":true,\"valueName\":\"search_term_string\"}}],\"inLanguage\":\"fr-FR\"},{\"@type\":\"Organization\",\"@id\":\"https:\/\/old.holyland-olivewood.com\/fr\/#organization\",\"name\":\"Holy Land Olivewood\",\"url\":\"https:\/\/old.holyland-olivewood.com\/fr\/\",\"logo\":{\"@type\":\"ImageObject\",\"inLanguage\":\"fr-FR\",\"@id\":\"https:\/\/old.holyland-olivewood.com\/fr\/#\/schema\/logo\/image\/\",\"url\":\"\",\"contentUrl\":\"\",\"caption\":\"Holy Land Olivewood\"},\"image\":{\"@id\":\"https:\/\/old.holyland-olivewood.com\/fr\/#\/schema\/logo\/image\/\"},\"sameAs\":[\"https:\/\/www.facebook.com\/holylandolivewood.bethlehem\/\",\"http:\/\/instagram.com\/holy.land.olive.wood\"]}]}<\/script>\n<!-- \/ Yoast SEO plugin. -->","yoast_head_json":{"title":"#D120 hydratante mer Morte (50ml) - Holy Land Olive Wood - Bethlehem Olive Wood Factory","description":"Hydratant de la mer Morte ( boue de la mer Morte, sel min\u00e9ral de la mer Morte ) Soab de boue noire, cr\u00e8me, gommage corporel de la mer Morte, boue, sel min\u00e9ral, de bois d\u2019olivier de Terre Sainte.","robots":{"index":"index","follow":"follow","max-snippet":"max-snippet:-1","max-image-preview":"max-image-preview:large","max-video-preview":"max-video-preview:-1"},"canonical":"https:\/\/old.holyland-olivewood.com\/fr\/produit\/mer-morte-hydratant-50ml-d120\/","og_locale":"fr_FR","og_type":"article","og_title":"#D120 hydratante mer Morte (50ml) - Holy Land Olive Wood - Bethlehem Olive Wood Factory","og_description":"Hydratant de la mer Morte ( boue de la mer Morte, sel min\u00e9ral de la mer Morte ) Soab de boue noire, cr\u00e8me, gommage corporel de la mer Morte, boue, sel min\u00e9ral, de bois d\u2019olivier de Terre Sainte.","og_url":"https:\/\/old.holyland-olivewood.com\/fr\/produit\/mer-morte-hydratant-50ml-d120\/","og_site_name":"Holy Land Olive Wood - Bethlehem Olive Wood Factory","article_publisher":"https:\/\/www.facebook.com\/holylandolivewood.bethlehem\/","og_image":[{"width":1550,"height":1200,"url":"https:\/\/old.holyland-olivewood.com\/wp-content\/uploads\/2018\/09\/dead_sea_product_d120.jpg","type":"image\/jpeg"}],"twitter_card":"summary_large_image","schema":{"@context":"https:\/\/schema.org","@graph":[{"@type":"WebPage","@id":"https:\/\/old.holyland-olivewood.com\/fr\/produit\/mer-morte-hydratant-50ml-d120\/","url":"https:\/\/old.holyland-olivewood.com\/fr\/produit\/mer-morte-hydratant-50ml-d120\/","name":"#D120 hydratante mer Morte (50ml) - Holy Land Olive Wood - Bethlehem Olive Wood Factory","isPartOf":{"@id":"https:\/\/old.holyland-olivewood.com\/fr\/#website"},"primaryImageOfPage":{"@id":"https:\/\/old.holyland-olivewood.com\/fr\/produit\/mer-morte-hydratant-50ml-d120\/#primaryimage"},"image":{"@id":"https:\/\/old.holyland-olivewood.com\/fr\/produit\/mer-morte-hydratant-50ml-d120\/#primaryimage"},"thumbnailUrl":"https:\/\/old.holyland-olivewood.com\/wp-content\/uploads\/2018\/09\/dead_sea_product_d120.jpg","datePublished":"2022-02-09T05:41:20+00:00","description":"Hydratant de la mer Morte ( boue de la mer Morte, sel min\u00e9ral de la mer Morte ) Soab de boue noire, cr\u00e8me, gommage corporel de la mer Morte, boue, sel min\u00e9ral, de bois d\u2019olivier de Terre Sainte.","breadcrumb":{"@id":"https:\/\/old.holyland-olivewood.com\/fr\/produit\/mer-morte-hydratant-50ml-d120\/#breadcrumb"},"inLanguage":"fr-FR","potentialAction":[{"@type":"ReadAction","target":["https:\/\/old.holyland-olivewood.com\/fr\/produit\/mer-morte-hydratant-50ml-d120\/"]}]},{"@type":"ImageObject","inLanguage":"fr-FR","@id":"https:\/\/old.holyland-olivewood.com\/fr\/produit\/mer-morte-hydratant-50ml-d120\/#primaryimage","url":"https:\/\/old.holyland-olivewood.com\/wp-content\/uploads\/2018\/09\/dead_sea_product_d120.jpg","contentUrl":"https:\/\/old.holyland-olivewood.com\/wp-content\/uploads\/2018\/09\/dead_sea_product_d120.jpg","width":1550,"height":1200},{"@type":"BreadcrumbList","@id":"https:\/\/old.holyland-olivewood.com\/fr\/produit\/mer-morte-hydratant-50ml-d120\/#breadcrumb","itemListElement":[{"@type":"ListItem","position":1,"name":"Home","item":"https:\/\/old.holyland-olivewood.com\/fr\/"},{"@type":"ListItem","position":2,"name":"Boutique","item":"https:\/\/old.holyland-olivewood.com\/fr\/boutique\/"},{"@type":"ListItem","position":3,"name":"#D120 hydratante mer Morte (50ml)"}]},{"@type":"WebSite","@id":"https:\/\/old.holyland-olivewood.com\/fr\/#website","url":"https:\/\/old.holyland-olivewood.com\/fr\/","name":"Holy Land Olive Wood - Bethlehem Olive Wood Factory","description":"Holy Land Olivewood Bethlehem","publisher":{"@id":"https:\/\/old.holyland-olivewood.com\/fr\/#organization"},"potentialAction":[{"@type":"SearchAction","target":{"@type":"EntryPoint","urlTemplate":"https:\/\/old.holyland-olivewood.com\/fr\/?s={search_term_string}"},"query-input":{"@type":"PropertyValueSpecification","valueRequired":true,"valueName":"search_term_string"}}],"inLanguage":"fr-FR"},{"@type":"Organization","@id":"https:\/\/old.holyland-olivewood.com\/fr\/#organization","name":"Holy Land Olivewood","url":"https:\/\/old.holyland-olivewood.com\/fr\/","logo":{"@type":"ImageObject","inLanguage":"fr-FR","@id":"https:\/\/old.holyland-olivewood.com\/fr\/#\/schema\/logo\/image\/","url":"","contentUrl":"","caption":"Holy Land Olivewood"},"image":{"@id":"https:\/\/old.holyland-olivewood.com\/fr\/#\/schema\/logo\/image\/"},"sameAs":["https:\/\/www.facebook.com\/holylandolivewood.bethlehem\/","http:\/\/instagram.com\/holy.land.olive.wood"]}]}},"_links":{"self":[{"href":"https:\/\/old.holyland-olivewood.com\/fr\/wp-json\/wp\/v2\/product\/41859","targetHints":{"allow":["GET"]}}],"collection":[{"href":"https:\/\/old.holyland-olivewood.com\/fr\/wp-json\/wp\/v2\/product"}],"about":[{"href":"https:\/\/old.holyland-olivewood.com\/fr\/wp-json\/wp\/v2\/types\/product"}],"wp:featuredmedia":[{"embeddable":true,"href":"https:\/\/old.holyland-olivewood.com\/fr\/wp-json\/wp\/v2\/media\/51744"}],"wp:attachment":[{"href":"https:\/\/old.holyland-olivewood.com\/fr\/wp-json\/wp\/v2\/media?parent=41859"}],"wp:term":[{"taxonomy":"product_brand","embeddable":true,"href":"https:\/\/old.holyland-olivewood.com\/fr\/wp-json\/wp\/v2\/product_brand?post=41859"},{"taxonomy":"product_cat","embeddable":true,"href":"https:\/\/old.holyland-olivewood.com\/fr\/wp-json\/wp\/v2\/product_cat?post=41859"},{"taxonomy":"product_tag","embeddable":true,"href":"https:\/\/old.holyland-olivewood.com\/fr\/wp-json\/wp\/v2\/product_tag?post=41859"}],"curies":[{"name":"wp","href":"https:\/\/api.w.org\/{rel}","templated":true}]}}