{"id":41071,"date":"2020-06-20T19:09:50","date_gmt":"2022-02-07T06:39:53","guid":{"rendered":"https:\/\/old.holyland-olivewood.com\/product\/stylo-executif-en-bois-dolivier-de-bethleem-fabrique-a-la-main-avec-chrome-pe124\/"},"modified":"2022-02-07T06:39:53","modified_gmt":"2022-02-07T06:39:53","slug":"artisanal-bethleem-bois-dolivier-executif-stylo-w-chrome-pe124","status":"publish","type":"product","link":"https:\/\/old.holyland-olivewood.com\/fr\/produit\/artisanal-bethleem-bois-dolivier-executif-stylo-w-chrome-pe124\/","title":{"rendered":"Stylo ex\u00e9cutif en bois d\u2019olivier de Bethl\u00e9em fabriqu\u00e9 \u00e0 la main avec chrome #PE124"},"content":{"rendered":"","protected":false},"excerpt":{"rendered":"<p>Ce stylo souvenir tourn\u00e9 \u00e0 la main durera toute une vie et constitue un excellent cadeau pour tous ceux qui appr\u00e9cient l\u2019artisanat et la beaut\u00e9 brute des mat\u00e9riaux naturels. La poign\u00e9e de ce stylo est faite de bois d\u2019olivier de Bethl\u00e9em authentique r\u00e9colt\u00e9 de mani\u00e8re durable.<\/p>\n<p>Ce mat\u00e9riau exotique a une finition plus lisse que presque n\u2019importe quel autre bois, et son motif de grain contrast\u00e9 ne manque jamais d\u2019impressionner<\/p>\n<p>Chaque stylo est livr\u00e9 avec une vitrine et un certificat d\u2019authenticit\u00e9, v\u00e9rifiant les mat\u00e9riaux et les techniques utilis\u00e9s pour fabriquer ce produit.<\/p>\n<p><strong>Mod\u00e8le:<\/strong> PSI Executive \u00ab&nbsp;Twist Pen&nbsp;\u00bb<br \/>\n<strong>Type:<\/strong> Recharge de style Parker\u00ae<br \/>\n<strong>Couleur:<\/strong> Noir<br \/>\n<strong>Rechargeables:<\/strong> Oui<br \/>\n<strong>Poign\u00e9e:<\/strong> Bois d\u2019olivier de Bethl\u00e9em<br \/>\n<strong>Appareils:<\/strong> Chrome<br \/>\n<strong>Finir:<\/strong> Laque peu brillante<br \/>\n<strong>Taille:<\/strong> 1,3 cm x 13 cm (1\/2 &#8221; x 5-1\/8 \u00ab&nbsp;)<\/p>\n","protected":false},"featured_media":37346,"template":"","meta":[],"product_brand":[],"product_cat":[1047,2408],"product_tag":[1050,1078,1528,2413],"class_list":{"0":"post-41071","1":"product","2":"type-product","3":"status-publish","4":"has-post-thumbnail","6":"product_cat-kunsthaandvaerk-fr","7":"product_cat-stylos-et-articles-de-bureau","8":"product_tag-betlehem-fr","9":"product_tag-oliventrae-fr","10":"product_tag-stylo","11":"product_tag-stylos","13":"first","14":"outofstock","15":"shipping-taxable","16":"purchasable","17":"product-type-simple"},"yoast_head":"<!-- This site is optimized with the Yoast SEO plugin v24.8.1 - https:\/\/yoast.com\/wordpress\/plugins\/seo\/ -->\n<title>Stylo ex\u00e9cutif en bois d\u2019olivier de Bethl\u00e9em fabriqu\u00e9 \u00e0 la main avec chrome #PE124 - Holy Land Olive Wood - Bethlehem Olive Wood Factory<\/title>\n<meta name=\"description\" content=\"Stylos en bois d\u2019olivier de Bethl\u00e9em et vaisselle de bureau (c\u2019est-\u00e0-dire porte-stylo, bo\u00eetes \u00e0 stylos), blancs, sculptures et plus encore de la Terre Sainte et stock brut dans les dimensions standard et personnalis\u00e9es.\" \/>\n<meta name=\"robots\" content=\"index, follow, max-snippet:-1, max-image-preview:large, max-video-preview:-1\" \/>\n<link rel=\"canonical\" href=\"https:\/\/old.holyland-olivewood.com\/fr\/produit\/artisanal-bethleem-bois-dolivier-executif-stylo-w-chrome-pe124\/\" \/>\n<meta property=\"og:locale\" content=\"fr_FR\" \/>\n<meta property=\"og:type\" content=\"article\" \/>\n<meta property=\"og:title\" content=\"Stylo ex\u00e9cutif en bois d\u2019olivier de Bethl\u00e9em fabriqu\u00e9 \u00e0 la main avec chrome #PE124 - Holy Land Olive Wood - Bethlehem Olive Wood Factory\" \/>\n<meta property=\"og:description\" content=\"Stylos en bois d\u2019olivier de Bethl\u00e9em et vaisselle de bureau (c\u2019est-\u00e0-dire porte-stylo, bo\u00eetes \u00e0 stylos), blancs, sculptures et plus encore de la Terre Sainte et stock brut dans les dimensions standard et personnalis\u00e9es.\" \/>\n<meta property=\"og:url\" content=\"https:\/\/old.holyland-olivewood.com\/fr\/produit\/artisanal-bethleem-bois-dolivier-executif-stylo-w-chrome-pe124\/\" \/>\n<meta property=\"og:site_name\" content=\"Holy Land Olive Wood - Bethlehem Olive Wood Factory\" \/>\n<meta property=\"article:publisher\" content=\"https:\/\/www.facebook.com\/holylandolivewood.bethlehem\/\" \/>\n<meta property=\"og:image\" content=\"https:\/\/old.holyland-olivewood.com\/wp-content\/uploads\/2018\/01\/pen_holy_land_olive_wood_bethlehem_pe124_1.jpg\" \/>\n\t<meta property=\"og:image:width\" content=\"1550\" \/>\n\t<meta property=\"og:image:height\" content=\"1200\" \/>\n\t<meta property=\"og:image:type\" content=\"image\/jpeg\" \/>\n<meta name=\"twitter:card\" content=\"summary_large_image\" \/>\n<script type=\"application\/ld+json\" class=\"yoast-schema-graph\">{\"@context\":\"https:\/\/schema.org\",\"@graph\":[{\"@type\":\"WebPage\",\"@id\":\"https:\/\/old.holyland-olivewood.com\/fr\/produit\/artisanal-bethleem-bois-dolivier-executif-stylo-w-chrome-pe124\/\",\"url\":\"https:\/\/old.holyland-olivewood.com\/fr\/produit\/artisanal-bethleem-bois-dolivier-executif-stylo-w-chrome-pe124\/\",\"name\":\"Stylo ex\u00e9cutif en bois d\u2019olivier de Bethl\u00e9em fabriqu\u00e9 \u00e0 la main avec chrome #PE124 - Holy Land Olive Wood - Bethlehem Olive Wood Factory\",\"isPartOf\":{\"@id\":\"https:\/\/old.holyland-olivewood.com\/fr\/#website\"},\"primaryImageOfPage\":{\"@id\":\"https:\/\/old.holyland-olivewood.com\/fr\/produit\/artisanal-bethleem-bois-dolivier-executif-stylo-w-chrome-pe124\/#primaryimage\"},\"image\":{\"@id\":\"https:\/\/old.holyland-olivewood.com\/fr\/produit\/artisanal-bethleem-bois-dolivier-executif-stylo-w-chrome-pe124\/#primaryimage\"},\"thumbnailUrl\":\"https:\/\/old.holyland-olivewood.com\/wp-content\/uploads\/2018\/01\/pen_holy_land_olive_wood_bethlehem_pe124_1.jpg\",\"datePublished\":\"2022-02-07T06:39:53+00:00\",\"description\":\"Stylos en bois d\u2019olivier de Bethl\u00e9em et vaisselle de bureau (c\u2019est-\u00e0-dire porte-stylo, bo\u00eetes \u00e0 stylos), blancs, sculptures et plus encore de la Terre Sainte et stock brut dans les dimensions standard et personnalis\u00e9es.\",\"breadcrumb\":{\"@id\":\"https:\/\/old.holyland-olivewood.com\/fr\/produit\/artisanal-bethleem-bois-dolivier-executif-stylo-w-chrome-pe124\/#breadcrumb\"},\"inLanguage\":\"fr-FR\",\"potentialAction\":[{\"@type\":\"ReadAction\",\"target\":[\"https:\/\/old.holyland-olivewood.com\/fr\/produit\/artisanal-bethleem-bois-dolivier-executif-stylo-w-chrome-pe124\/\"]}]},{\"@type\":\"ImageObject\",\"inLanguage\":\"fr-FR\",\"@id\":\"https:\/\/old.holyland-olivewood.com\/fr\/produit\/artisanal-bethleem-bois-dolivier-executif-stylo-w-chrome-pe124\/#primaryimage\",\"url\":\"https:\/\/old.holyland-olivewood.com\/wp-content\/uploads\/2018\/01\/pen_holy_land_olive_wood_bethlehem_pe124_1.jpg\",\"contentUrl\":\"https:\/\/old.holyland-olivewood.com\/wp-content\/uploads\/2018\/01\/pen_holy_land_olive_wood_bethlehem_pe124_1.jpg\",\"width\":1550,\"height\":1200},{\"@type\":\"BreadcrumbList\",\"@id\":\"https:\/\/old.holyland-olivewood.com\/fr\/produit\/artisanal-bethleem-bois-dolivier-executif-stylo-w-chrome-pe124\/#breadcrumb\",\"itemListElement\":[{\"@type\":\"ListItem\",\"position\":1,\"name\":\"Home\",\"item\":\"https:\/\/old.holyland-olivewood.com\/fr\/\"},{\"@type\":\"ListItem\",\"position\":2,\"name\":\"Boutique\",\"item\":\"https:\/\/old.holyland-olivewood.com\/fr\/boutique\/\"},{\"@type\":\"ListItem\",\"position\":3,\"name\":\"Stylo ex\u00e9cutif en bois d\u2019olivier de Bethl\u00e9em fabriqu\u00e9 \u00e0 la main avec chrome #PE124\"}]},{\"@type\":\"WebSite\",\"@id\":\"https:\/\/old.holyland-olivewood.com\/fr\/#website\",\"url\":\"https:\/\/old.holyland-olivewood.com\/fr\/\",\"name\":\"Holy Land Olive Wood - Bethlehem Olive Wood Factory\",\"description\":\"Holy Land Olivewood Bethlehem\",\"publisher\":{\"@id\":\"https:\/\/old.holyland-olivewood.com\/fr\/#organization\"},\"potentialAction\":[{\"@type\":\"SearchAction\",\"target\":{\"@type\":\"EntryPoint\",\"urlTemplate\":\"https:\/\/old.holyland-olivewood.com\/fr\/?s={search_term_string}\"},\"query-input\":{\"@type\":\"PropertyValueSpecification\",\"valueRequired\":true,\"valueName\":\"search_term_string\"}}],\"inLanguage\":\"fr-FR\"},{\"@type\":\"Organization\",\"@id\":\"https:\/\/old.holyland-olivewood.com\/fr\/#organization\",\"name\":\"Holy Land Olivewood\",\"url\":\"https:\/\/old.holyland-olivewood.com\/fr\/\",\"logo\":{\"@type\":\"ImageObject\",\"inLanguage\":\"fr-FR\",\"@id\":\"https:\/\/old.holyland-olivewood.com\/fr\/#\/schema\/logo\/image\/\",\"url\":\"\",\"contentUrl\":\"\",\"caption\":\"Holy Land Olivewood\"},\"image\":{\"@id\":\"https:\/\/old.holyland-olivewood.com\/fr\/#\/schema\/logo\/image\/\"},\"sameAs\":[\"https:\/\/www.facebook.com\/holylandolivewood.bethlehem\/\",\"http:\/\/instagram.com\/holy.land.olive.wood\"]}]}<\/script>\n<!-- \/ Yoast SEO plugin. -->","yoast_head_json":{"title":"Stylo ex\u00e9cutif en bois d\u2019olivier de Bethl\u00e9em fabriqu\u00e9 \u00e0 la main avec chrome #PE124 - Holy Land Olive Wood - Bethlehem Olive Wood Factory","description":"Stylos en bois d\u2019olivier de Bethl\u00e9em et vaisselle de bureau (c\u2019est-\u00e0-dire porte-stylo, bo\u00eetes \u00e0 stylos), blancs, sculptures et plus encore de la Terre Sainte et stock brut dans les dimensions standard et personnalis\u00e9es.","robots":{"index":"index","follow":"follow","max-snippet":"max-snippet:-1","max-image-preview":"max-image-preview:large","max-video-preview":"max-video-preview:-1"},"canonical":"https:\/\/old.holyland-olivewood.com\/fr\/produit\/artisanal-bethleem-bois-dolivier-executif-stylo-w-chrome-pe124\/","og_locale":"fr_FR","og_type":"article","og_title":"Stylo ex\u00e9cutif en bois d\u2019olivier de Bethl\u00e9em fabriqu\u00e9 \u00e0 la main avec chrome #PE124 - Holy Land Olive Wood - Bethlehem Olive Wood Factory","og_description":"Stylos en bois d\u2019olivier de Bethl\u00e9em et vaisselle de bureau (c\u2019est-\u00e0-dire porte-stylo, bo\u00eetes \u00e0 stylos), blancs, sculptures et plus encore de la Terre Sainte et stock brut dans les dimensions standard et personnalis\u00e9es.","og_url":"https:\/\/old.holyland-olivewood.com\/fr\/produit\/artisanal-bethleem-bois-dolivier-executif-stylo-w-chrome-pe124\/","og_site_name":"Holy Land Olive Wood - Bethlehem Olive Wood Factory","article_publisher":"https:\/\/www.facebook.com\/holylandolivewood.bethlehem\/","og_image":[{"width":1550,"height":1200,"url":"https:\/\/old.holyland-olivewood.com\/wp-content\/uploads\/2018\/01\/pen_holy_land_olive_wood_bethlehem_pe124_1.jpg","type":"image\/jpeg"}],"twitter_card":"summary_large_image","schema":{"@context":"https:\/\/schema.org","@graph":[{"@type":"WebPage","@id":"https:\/\/old.holyland-olivewood.com\/fr\/produit\/artisanal-bethleem-bois-dolivier-executif-stylo-w-chrome-pe124\/","url":"https:\/\/old.holyland-olivewood.com\/fr\/produit\/artisanal-bethleem-bois-dolivier-executif-stylo-w-chrome-pe124\/","name":"Stylo ex\u00e9cutif en bois d\u2019olivier de Bethl\u00e9em fabriqu\u00e9 \u00e0 la main avec chrome #PE124 - Holy Land Olive Wood - Bethlehem Olive Wood Factory","isPartOf":{"@id":"https:\/\/old.holyland-olivewood.com\/fr\/#website"},"primaryImageOfPage":{"@id":"https:\/\/old.holyland-olivewood.com\/fr\/produit\/artisanal-bethleem-bois-dolivier-executif-stylo-w-chrome-pe124\/#primaryimage"},"image":{"@id":"https:\/\/old.holyland-olivewood.com\/fr\/produit\/artisanal-bethleem-bois-dolivier-executif-stylo-w-chrome-pe124\/#primaryimage"},"thumbnailUrl":"https:\/\/old.holyland-olivewood.com\/wp-content\/uploads\/2018\/01\/pen_holy_land_olive_wood_bethlehem_pe124_1.jpg","datePublished":"2022-02-07T06:39:53+00:00","description":"Stylos en bois d\u2019olivier de Bethl\u00e9em et vaisselle de bureau (c\u2019est-\u00e0-dire porte-stylo, bo\u00eetes \u00e0 stylos), blancs, sculptures et plus encore de la Terre Sainte et stock brut dans les dimensions standard et personnalis\u00e9es.","breadcrumb":{"@id":"https:\/\/old.holyland-olivewood.com\/fr\/produit\/artisanal-bethleem-bois-dolivier-executif-stylo-w-chrome-pe124\/#breadcrumb"},"inLanguage":"fr-FR","potentialAction":[{"@type":"ReadAction","target":["https:\/\/old.holyland-olivewood.com\/fr\/produit\/artisanal-bethleem-bois-dolivier-executif-stylo-w-chrome-pe124\/"]}]},{"@type":"ImageObject","inLanguage":"fr-FR","@id":"https:\/\/old.holyland-olivewood.com\/fr\/produit\/artisanal-bethleem-bois-dolivier-executif-stylo-w-chrome-pe124\/#primaryimage","url":"https:\/\/old.holyland-olivewood.com\/wp-content\/uploads\/2018\/01\/pen_holy_land_olive_wood_bethlehem_pe124_1.jpg","contentUrl":"https:\/\/old.holyland-olivewood.com\/wp-content\/uploads\/2018\/01\/pen_holy_land_olive_wood_bethlehem_pe124_1.jpg","width":1550,"height":1200},{"@type":"BreadcrumbList","@id":"https:\/\/old.holyland-olivewood.com\/fr\/produit\/artisanal-bethleem-bois-dolivier-executif-stylo-w-chrome-pe124\/#breadcrumb","itemListElement":[{"@type":"ListItem","position":1,"name":"Home","item":"https:\/\/old.holyland-olivewood.com\/fr\/"},{"@type":"ListItem","position":2,"name":"Boutique","item":"https:\/\/old.holyland-olivewood.com\/fr\/boutique\/"},{"@type":"ListItem","position":3,"name":"Stylo ex\u00e9cutif en bois d\u2019olivier de Bethl\u00e9em fabriqu\u00e9 \u00e0 la main avec chrome #PE124"}]},{"@type":"WebSite","@id":"https:\/\/old.holyland-olivewood.com\/fr\/#website","url":"https:\/\/old.holyland-olivewood.com\/fr\/","name":"Holy Land Olive Wood - Bethlehem Olive Wood Factory","description":"Holy Land Olivewood Bethlehem","publisher":{"@id":"https:\/\/old.holyland-olivewood.com\/fr\/#organization"},"potentialAction":[{"@type":"SearchAction","target":{"@type":"EntryPoint","urlTemplate":"https:\/\/old.holyland-olivewood.com\/fr\/?s={search_term_string}"},"query-input":{"@type":"PropertyValueSpecification","valueRequired":true,"valueName":"search_term_string"}}],"inLanguage":"fr-FR"},{"@type":"Organization","@id":"https:\/\/old.holyland-olivewood.com\/fr\/#organization","name":"Holy Land Olivewood","url":"https:\/\/old.holyland-olivewood.com\/fr\/","logo":{"@type":"ImageObject","inLanguage":"fr-FR","@id":"https:\/\/old.holyland-olivewood.com\/fr\/#\/schema\/logo\/image\/","url":"","contentUrl":"","caption":"Holy Land Olivewood"},"image":{"@id":"https:\/\/old.holyland-olivewood.com\/fr\/#\/schema\/logo\/image\/"},"sameAs":["https:\/\/www.facebook.com\/holylandolivewood.bethlehem\/","http:\/\/instagram.com\/holy.land.olive.wood"]}]}},"_links":{"self":[{"href":"https:\/\/old.holyland-olivewood.com\/fr\/wp-json\/wp\/v2\/product\/41071","targetHints":{"allow":["GET"]}}],"collection":[{"href":"https:\/\/old.holyland-olivewood.com\/fr\/wp-json\/wp\/v2\/product"}],"about":[{"href":"https:\/\/old.holyland-olivewood.com\/fr\/wp-json\/wp\/v2\/types\/product"}],"wp:featuredmedia":[{"embeddable":true,"href":"https:\/\/old.holyland-olivewood.com\/fr\/wp-json\/wp\/v2\/media\/37346"}],"wp:attachment":[{"href":"https:\/\/old.holyland-olivewood.com\/fr\/wp-json\/wp\/v2\/media?parent=41071"}],"wp:term":[{"taxonomy":"product_brand","embeddable":true,"href":"https:\/\/old.holyland-olivewood.com\/fr\/wp-json\/wp\/v2\/product_brand?post=41071"},{"taxonomy":"product_cat","embeddable":true,"href":"https:\/\/old.holyland-olivewood.com\/fr\/wp-json\/wp\/v2\/product_cat?post=41071"},{"taxonomy":"product_tag","embeddable":true,"href":"https:\/\/old.holyland-olivewood.com\/fr\/wp-json\/wp\/v2\/product_tag?post=41071"}],"curies":[{"name":"wp","href":"https:\/\/api.w.org\/{rel}","templated":true}]}}