{"id":40620,"date":"2020-10-20T11:37:30","date_gmt":"2022-02-06T13:43:38","guid":{"rendered":"https:\/\/old.holyland-olivewood.com\/product\/benedictions-de-lhuile-donction-de-jerusalem-10-ml-nard-ot115\/"},"modified":"2022-02-06T13:43:38","modified_gmt":"2022-02-06T13:43:38","slug":"benedictions-de-jerusalem-onction-huiles-10-ml-nard-ot115","status":"publish","type":"product","link":"https:\/\/old.holyland-olivewood.com\/fr\/produit\/benedictions-de-jerusalem-onction-huiles-10-ml-nard-ot115\/","title":{"rendered":"B\u00e9n\u00e9dictions de l\u2019huile d\u2019onction de J\u00e9rusalem 10 ml \u00ab&nbsp;Nard&nbsp;\u00bb #OT115"},"content":{"rendered":"","protected":false},"excerpt":{"rendered":"<p>Cette huile d\u2019onction est fabriqu\u00e9e en Terre Sainte, la terre que J\u00e9sus a parcourue. En utilisant des huiles d\u2019olive vierges naturelles et pures de Galil\u00e9e et de J\u00e9rusalem, ces \u00e9l\u00e9ments sont ensuite parfum\u00e9s avec de la cassia, de l\u2019encens, de la myrrhe et des fleurs bibliques \u00e0 l\u2019essence d\u2019herbe caract\u00e9ristique de la Terre Sainte.<br \/>\nLe but premier de l\u2019onction avec la sainte huile d\u2019onction est de sanctifier, de \u00ab mettre \u00e0 part \u00bb la personne ointe pour le travail de minist\u00e8re et guid\u00e9e par SON Saint-Esprit.<br \/>\nL\u2019onction d\u2019huile sous la direction du Saint-Esprit, ainsi que le repentir, conduisent \u00e0 une \u00ab mise \u00e0 part \u00bb du croyant pour les desseins de Dieu.<\/p>\n<p>Taille: 10 ml.<br \/>\nHuile de pri\u00e8re sacr\u00e9e.<\/p>\n","protected":false},"featured_media":38149,"template":"","meta":[],"product_brand":[],"product_cat":[1744,1747],"product_tag":[1165,1777,1772,1050,1193,1757,1760,1775,1117,1753,1768,1776,1749,1151,1101,1121,1090,1779,1100,1088,1096,1764,1115,1174,1147,1134,1129,1125,1070,1078,1778,1176,1195,1073,1084],"class_list":{"0":"post-40620","1":"product","2":"type-product","3":"status-publish","4":"has-post-thumbnail","6":"product_cat-divers","7":"product_cat-autres-articles","8":"product_tag-af-fr","9":"product_tag-authentique","10":"product_tag-benediction","11":"product_tag-betlehem-fr","12":"product_tag-cadeaux","13":"product_tag-christ-fr","14":"product_tag-coeur","15":"product_tag-couronne","16":"product_tag-donnerent","17":"product_tag-eau","18":"product_tag-encens","19":"product_tag-epines","20":"product_tag-fleuve","21":"product_tag-foedselskirken-fr","22":"product_tag-haandlavet-fr","23":"product_tag-haandvaerk-fr","24":"product_tag-hellig-fr","25":"product_tag-huile","26":"product_tag-jerusalem-fr","27":"product_tag-jesus-fr","28":"product_tag-jord-fr","29":"product_tag-jordanie-fr","30":"product_tag-juil","31":"product_tag-katolsk-fr","32":"product_tag-kirke-fr","33":"product_tag-kors-fr","34":"product_tag-kristen-fr","35":"product_tag-kunsthaandvaerk-fr","36":"product_tag-oliven-fr","37":"product_tag-oliventrae-fr","38":"product_tag-onction","39":"product_tag-ortodoks-fr","40":"product_tag-poser","41":"product_tag-trae-fr","42":"product_tag-udskaering-fr","44":"first","45":"instock","46":"shipping-taxable","47":"purchasable","48":"product-type-simple"},"yoast_head":"<!-- This site is optimized with the Yoast SEO plugin v24.8.1 - https:\/\/yoast.com\/wordpress\/plugins\/seo\/ -->\n<title>B\u00e9n\u00e9dictions de l\u2019huile d\u2019onction de J\u00e9rusalem 10 ml \u00ab&nbsp;Nard&nbsp;\u00bb #OT115 - Holy Land Olive Wood - Bethlehem Olive Wood Factory<\/title>\n<meta name=\"description\" content=\"Artisanat en bois d\u2019olivier de Bethl\u00e9em (c\u2019est-\u00e0-dire savon \u00e0 l\u2019huile d\u2019olive, eau, c\u0153ur), sculptures \u00e0 blanc de stylo, bois d\u2019olivier, et stock brut dans les dimensions standard et personnalis\u00e9es\" \/>\n<meta name=\"robots\" content=\"index, follow, max-snippet:-1, max-image-preview:large, max-video-preview:-1\" \/>\n<link rel=\"canonical\" href=\"https:\/\/old.holyland-olivewood.com\/fr\/produit\/benedictions-de-jerusalem-onction-huiles-10-ml-nard-ot115\/\" \/>\n<meta property=\"og:locale\" content=\"fr_FR\" \/>\n<meta property=\"og:type\" content=\"article\" \/>\n<meta property=\"og:title\" content=\"B\u00e9n\u00e9dictions de l\u2019huile d\u2019onction de J\u00e9rusalem 10 ml \u00ab&nbsp;Nard&nbsp;\u00bb #OT115 - Holy Land Olive Wood - Bethlehem Olive Wood Factory\" \/>\n<meta property=\"og:description\" content=\"Artisanat en bois d\u2019olivier de Bethl\u00e9em (c\u2019est-\u00e0-dire savon \u00e0 l\u2019huile d\u2019olive, eau, c\u0153ur), sculptures \u00e0 blanc de stylo, bois d\u2019olivier, et stock brut dans les dimensions standard et personnalis\u00e9es\" \/>\n<meta property=\"og:url\" content=\"https:\/\/old.holyland-olivewood.com\/fr\/produit\/benedictions-de-jerusalem-onction-huiles-10-ml-nard-ot115\/\" \/>\n<meta property=\"og:site_name\" content=\"Holy Land Olive Wood - Bethlehem Olive Wood Factory\" \/>\n<meta property=\"article:publisher\" content=\"https:\/\/www.facebook.com\/holylandolivewood.bethlehem\/\" \/>\n<meta property=\"og:image\" content=\"https:\/\/old.holyland-olivewood.com\/wp-content\/uploads\/2020\/10\/anointing_oil_jerusalem_holy_land_ot115.jpg\" \/>\n\t<meta property=\"og:image:width\" content=\"1550\" \/>\n\t<meta property=\"og:image:height\" content=\"1200\" \/>\n\t<meta property=\"og:image:type\" content=\"image\/jpeg\" \/>\n<meta name=\"twitter:card\" content=\"summary_large_image\" \/>\n<script type=\"application\/ld+json\" class=\"yoast-schema-graph\">{\"@context\":\"https:\/\/schema.org\",\"@graph\":[{\"@type\":\"WebPage\",\"@id\":\"https:\/\/old.holyland-olivewood.com\/fr\/produit\/benedictions-de-jerusalem-onction-huiles-10-ml-nard-ot115\/\",\"url\":\"https:\/\/old.holyland-olivewood.com\/fr\/produit\/benedictions-de-jerusalem-onction-huiles-10-ml-nard-ot115\/\",\"name\":\"B\u00e9n\u00e9dictions de l\u2019huile d\u2019onction de J\u00e9rusalem 10 ml \u00ab&nbsp;Nard&nbsp;\u00bb #OT115 - Holy Land Olive Wood - Bethlehem Olive Wood Factory\",\"isPartOf\":{\"@id\":\"https:\/\/old.holyland-olivewood.com\/fr\/#website\"},\"primaryImageOfPage\":{\"@id\":\"https:\/\/old.holyland-olivewood.com\/fr\/produit\/benedictions-de-jerusalem-onction-huiles-10-ml-nard-ot115\/#primaryimage\"},\"image\":{\"@id\":\"https:\/\/old.holyland-olivewood.com\/fr\/produit\/benedictions-de-jerusalem-onction-huiles-10-ml-nard-ot115\/#primaryimage\"},\"thumbnailUrl\":\"https:\/\/old.holyland-olivewood.com\/wp-content\/uploads\/2020\/10\/anointing_oil_jerusalem_holy_land_ot115.jpg\",\"datePublished\":\"2022-02-06T13:43:38+00:00\",\"description\":\"Artisanat en bois d\u2019olivier de Bethl\u00e9em (c\u2019est-\u00e0-dire savon \u00e0 l\u2019huile d\u2019olive, eau, c\u0153ur), sculptures \u00e0 blanc de stylo, bois d\u2019olivier, et stock brut dans les dimensions standard et personnalis\u00e9es\",\"breadcrumb\":{\"@id\":\"https:\/\/old.holyland-olivewood.com\/fr\/produit\/benedictions-de-jerusalem-onction-huiles-10-ml-nard-ot115\/#breadcrumb\"},\"inLanguage\":\"fr-FR\",\"potentialAction\":[{\"@type\":\"ReadAction\",\"target\":[\"https:\/\/old.holyland-olivewood.com\/fr\/produit\/benedictions-de-jerusalem-onction-huiles-10-ml-nard-ot115\/\"]}]},{\"@type\":\"ImageObject\",\"inLanguage\":\"fr-FR\",\"@id\":\"https:\/\/old.holyland-olivewood.com\/fr\/produit\/benedictions-de-jerusalem-onction-huiles-10-ml-nard-ot115\/#primaryimage\",\"url\":\"https:\/\/old.holyland-olivewood.com\/wp-content\/uploads\/2020\/10\/anointing_oil_jerusalem_holy_land_ot115.jpg\",\"contentUrl\":\"https:\/\/old.holyland-olivewood.com\/wp-content\/uploads\/2020\/10\/anointing_oil_jerusalem_holy_land_ot115.jpg\",\"width\":1550,\"height\":1200},{\"@type\":\"BreadcrumbList\",\"@id\":\"https:\/\/old.holyland-olivewood.com\/fr\/produit\/benedictions-de-jerusalem-onction-huiles-10-ml-nard-ot115\/#breadcrumb\",\"itemListElement\":[{\"@type\":\"ListItem\",\"position\":1,\"name\":\"Home\",\"item\":\"https:\/\/old.holyland-olivewood.com\/fr\/\"},{\"@type\":\"ListItem\",\"position\":2,\"name\":\"Boutique\",\"item\":\"https:\/\/old.holyland-olivewood.com\/fr\/boutique\/\"},{\"@type\":\"ListItem\",\"position\":3,\"name\":\"B\u00e9n\u00e9dictions de l\u2019huile d\u2019onction de J\u00e9rusalem 10 ml \u00ab&nbsp;Nard&nbsp;\u00bb #OT115\"}]},{\"@type\":\"WebSite\",\"@id\":\"https:\/\/old.holyland-olivewood.com\/fr\/#website\",\"url\":\"https:\/\/old.holyland-olivewood.com\/fr\/\",\"name\":\"Holy Land Olive Wood - Bethlehem Olive Wood Factory\",\"description\":\"Holy Land Olivewood Bethlehem\",\"publisher\":{\"@id\":\"https:\/\/old.holyland-olivewood.com\/fr\/#organization\"},\"potentialAction\":[{\"@type\":\"SearchAction\",\"target\":{\"@type\":\"EntryPoint\",\"urlTemplate\":\"https:\/\/old.holyland-olivewood.com\/fr\/?s={search_term_string}\"},\"query-input\":{\"@type\":\"PropertyValueSpecification\",\"valueRequired\":true,\"valueName\":\"search_term_string\"}}],\"inLanguage\":\"fr-FR\"},{\"@type\":\"Organization\",\"@id\":\"https:\/\/old.holyland-olivewood.com\/fr\/#organization\",\"name\":\"Holy Land Olivewood\",\"url\":\"https:\/\/old.holyland-olivewood.com\/fr\/\",\"logo\":{\"@type\":\"ImageObject\",\"inLanguage\":\"fr-FR\",\"@id\":\"https:\/\/old.holyland-olivewood.com\/fr\/#\/schema\/logo\/image\/\",\"url\":\"\",\"contentUrl\":\"\",\"caption\":\"Holy Land Olivewood\"},\"image\":{\"@id\":\"https:\/\/old.holyland-olivewood.com\/fr\/#\/schema\/logo\/image\/\"},\"sameAs\":[\"https:\/\/www.facebook.com\/holylandolivewood.bethlehem\/\",\"http:\/\/instagram.com\/holy.land.olive.wood\"]}]}<\/script>\n<!-- \/ Yoast SEO plugin. -->","yoast_head_json":{"title":"B\u00e9n\u00e9dictions de l\u2019huile d\u2019onction de J\u00e9rusalem 10 ml \u00ab&nbsp;Nard&nbsp;\u00bb #OT115 - Holy Land Olive Wood - Bethlehem Olive Wood Factory","description":"Artisanat en bois d\u2019olivier de Bethl\u00e9em (c\u2019est-\u00e0-dire savon \u00e0 l\u2019huile d\u2019olive, eau, c\u0153ur), sculptures \u00e0 blanc de stylo, bois d\u2019olivier, et stock brut dans les dimensions standard et personnalis\u00e9es","robots":{"index":"index","follow":"follow","max-snippet":"max-snippet:-1","max-image-preview":"max-image-preview:large","max-video-preview":"max-video-preview:-1"},"canonical":"https:\/\/old.holyland-olivewood.com\/fr\/produit\/benedictions-de-jerusalem-onction-huiles-10-ml-nard-ot115\/","og_locale":"fr_FR","og_type":"article","og_title":"B\u00e9n\u00e9dictions de l\u2019huile d\u2019onction de J\u00e9rusalem 10 ml \u00ab&nbsp;Nard&nbsp;\u00bb #OT115 - Holy Land Olive Wood - Bethlehem Olive Wood Factory","og_description":"Artisanat en bois d\u2019olivier de Bethl\u00e9em (c\u2019est-\u00e0-dire savon \u00e0 l\u2019huile d\u2019olive, eau, c\u0153ur), sculptures \u00e0 blanc de stylo, bois d\u2019olivier, et stock brut dans les dimensions standard et personnalis\u00e9es","og_url":"https:\/\/old.holyland-olivewood.com\/fr\/produit\/benedictions-de-jerusalem-onction-huiles-10-ml-nard-ot115\/","og_site_name":"Holy Land Olive Wood - Bethlehem Olive Wood Factory","article_publisher":"https:\/\/www.facebook.com\/holylandolivewood.bethlehem\/","og_image":[{"width":1550,"height":1200,"url":"https:\/\/old.holyland-olivewood.com\/wp-content\/uploads\/2020\/10\/anointing_oil_jerusalem_holy_land_ot115.jpg","type":"image\/jpeg"}],"twitter_card":"summary_large_image","schema":{"@context":"https:\/\/schema.org","@graph":[{"@type":"WebPage","@id":"https:\/\/old.holyland-olivewood.com\/fr\/produit\/benedictions-de-jerusalem-onction-huiles-10-ml-nard-ot115\/","url":"https:\/\/old.holyland-olivewood.com\/fr\/produit\/benedictions-de-jerusalem-onction-huiles-10-ml-nard-ot115\/","name":"B\u00e9n\u00e9dictions de l\u2019huile d\u2019onction de J\u00e9rusalem 10 ml \u00ab&nbsp;Nard&nbsp;\u00bb #OT115 - Holy Land Olive Wood - Bethlehem Olive Wood Factory","isPartOf":{"@id":"https:\/\/old.holyland-olivewood.com\/fr\/#website"},"primaryImageOfPage":{"@id":"https:\/\/old.holyland-olivewood.com\/fr\/produit\/benedictions-de-jerusalem-onction-huiles-10-ml-nard-ot115\/#primaryimage"},"image":{"@id":"https:\/\/old.holyland-olivewood.com\/fr\/produit\/benedictions-de-jerusalem-onction-huiles-10-ml-nard-ot115\/#primaryimage"},"thumbnailUrl":"https:\/\/old.holyland-olivewood.com\/wp-content\/uploads\/2020\/10\/anointing_oil_jerusalem_holy_land_ot115.jpg","datePublished":"2022-02-06T13:43:38+00:00","description":"Artisanat en bois d\u2019olivier de Bethl\u00e9em (c\u2019est-\u00e0-dire savon \u00e0 l\u2019huile d\u2019olive, eau, c\u0153ur), sculptures \u00e0 blanc de stylo, bois d\u2019olivier, et stock brut dans les dimensions standard et personnalis\u00e9es","breadcrumb":{"@id":"https:\/\/old.holyland-olivewood.com\/fr\/produit\/benedictions-de-jerusalem-onction-huiles-10-ml-nard-ot115\/#breadcrumb"},"inLanguage":"fr-FR","potentialAction":[{"@type":"ReadAction","target":["https:\/\/old.holyland-olivewood.com\/fr\/produit\/benedictions-de-jerusalem-onction-huiles-10-ml-nard-ot115\/"]}]},{"@type":"ImageObject","inLanguage":"fr-FR","@id":"https:\/\/old.holyland-olivewood.com\/fr\/produit\/benedictions-de-jerusalem-onction-huiles-10-ml-nard-ot115\/#primaryimage","url":"https:\/\/old.holyland-olivewood.com\/wp-content\/uploads\/2020\/10\/anointing_oil_jerusalem_holy_land_ot115.jpg","contentUrl":"https:\/\/old.holyland-olivewood.com\/wp-content\/uploads\/2020\/10\/anointing_oil_jerusalem_holy_land_ot115.jpg","width":1550,"height":1200},{"@type":"BreadcrumbList","@id":"https:\/\/old.holyland-olivewood.com\/fr\/produit\/benedictions-de-jerusalem-onction-huiles-10-ml-nard-ot115\/#breadcrumb","itemListElement":[{"@type":"ListItem","position":1,"name":"Home","item":"https:\/\/old.holyland-olivewood.com\/fr\/"},{"@type":"ListItem","position":2,"name":"Boutique","item":"https:\/\/old.holyland-olivewood.com\/fr\/boutique\/"},{"@type":"ListItem","position":3,"name":"B\u00e9n\u00e9dictions de l\u2019huile d\u2019onction de J\u00e9rusalem 10 ml \u00ab&nbsp;Nard&nbsp;\u00bb #OT115"}]},{"@type":"WebSite","@id":"https:\/\/old.holyland-olivewood.com\/fr\/#website","url":"https:\/\/old.holyland-olivewood.com\/fr\/","name":"Holy Land Olive Wood - Bethlehem Olive Wood Factory","description":"Holy Land Olivewood Bethlehem","publisher":{"@id":"https:\/\/old.holyland-olivewood.com\/fr\/#organization"},"potentialAction":[{"@type":"SearchAction","target":{"@type":"EntryPoint","urlTemplate":"https:\/\/old.holyland-olivewood.com\/fr\/?s={search_term_string}"},"query-input":{"@type":"PropertyValueSpecification","valueRequired":true,"valueName":"search_term_string"}}],"inLanguage":"fr-FR"},{"@type":"Organization","@id":"https:\/\/old.holyland-olivewood.com\/fr\/#organization","name":"Holy Land Olivewood","url":"https:\/\/old.holyland-olivewood.com\/fr\/","logo":{"@type":"ImageObject","inLanguage":"fr-FR","@id":"https:\/\/old.holyland-olivewood.com\/fr\/#\/schema\/logo\/image\/","url":"","contentUrl":"","caption":"Holy Land Olivewood"},"image":{"@id":"https:\/\/old.holyland-olivewood.com\/fr\/#\/schema\/logo\/image\/"},"sameAs":["https:\/\/www.facebook.com\/holylandolivewood.bethlehem\/","http:\/\/instagram.com\/holy.land.olive.wood"]}]}},"_links":{"self":[{"href":"https:\/\/old.holyland-olivewood.com\/fr\/wp-json\/wp\/v2\/product\/40620","targetHints":{"allow":["GET"]}}],"collection":[{"href":"https:\/\/old.holyland-olivewood.com\/fr\/wp-json\/wp\/v2\/product"}],"about":[{"href":"https:\/\/old.holyland-olivewood.com\/fr\/wp-json\/wp\/v2\/types\/product"}],"wp:featuredmedia":[{"embeddable":true,"href":"https:\/\/old.holyland-olivewood.com\/fr\/wp-json\/wp\/v2\/media\/38149"}],"wp:attachment":[{"href":"https:\/\/old.holyland-olivewood.com\/fr\/wp-json\/wp\/v2\/media?parent=40620"}],"wp:term":[{"taxonomy":"product_brand","embeddable":true,"href":"https:\/\/old.holyland-olivewood.com\/fr\/wp-json\/wp\/v2\/product_brand?post=40620"},{"taxonomy":"product_cat","embeddable":true,"href":"https:\/\/old.holyland-olivewood.com\/fr\/wp-json\/wp\/v2\/product_cat?post=40620"},{"taxonomy":"product_tag","embeddable":true,"href":"https:\/\/old.holyland-olivewood.com\/fr\/wp-json\/wp\/v2\/product_tag?post=40620"}],"curies":[{"name":"wp","href":"https:\/\/api.w.org\/{rel}","templated":true}]}}