{"id":39741,"date":"2021-08-17T15:20:52","date_gmt":"2021-08-17T15:20:52","guid":{"rendered":"https:\/\/old.holyland-olivewood.com\/privacy-policy\/"},"modified":"2022-02-06T08:50:41","modified_gmt":"2022-02-06T08:50:41","slug":"privacy-policy","status":"publish","type":"page","link":"https:\/\/old.holyland-olivewood.com\/fr\/privacy-policy\/","title":{"rendered":"Politique de confidentialit\u00e9"},"content":{"rendered":"<p>[spb_row element_name=&#8221;Row&#8221; wrap_type=&#8221;content-width&#8221; row_bg_type=&#8221;color&#8221; row_bg_color=&#8221;#ffffff&#8221; color_row_height=&#8221;content-height&#8221; bg_type=&#8221;cover&#8221; parallax_image_height=&#8221;content-height&#8221; parallax_image_movement=&#8221;fixed&#8221; parallax_image_speed=&#8221;0.5&#8243; bg_video_loop=&#8221;yes&#8221; parallax_video_height=&#8221;window-height&#8221; row_top_style=&#8221;none&#8221; row_bottom_style=&#8221;none&#8221; parallax_video_overlay=&#8221;none&#8221; row_overlay_opacity=&#8221;0&#8243; remove_element_spacing=&#8221;yes&#8221; row_col_pos=&#8221;default&#8221; row_expanding=&#8221;no&#8221; row_animation=&#8221;none&#8221; row_animation_delay=&#8221;0&#8243; minimize_row=&#8221;no&#8221; width=&#8221;1\/1&#8243; el_position=&#8221;first last&#8221;] [spb_blank_spacer height=&#8221;30px&#8221; width=&#8221;1\/6&#8243; el_position=&#8221;first&#8221;] [spb_text_block title=&#8221;POLITIQUE DE CONFIDENTIALIT\u00c9&#8221; animation=&#8221;none&#8221; animation_delay=&#8221;200&#8243; simplified_controls=&#8221;yes&#8221; custom_css_percentage=&#8221;no&#8221; padding_vertical=&#8221;12&#8243; padding_horizontal=&#8221;0&#8243; margin_vertical=&#8221;0&#8243; custom_css=&#8221;margin-top: 0px;margin-bottom: 0px;padding-top: 12px;padding-bottom: 12px;&#8221; border_size=&#8221;0&#8243; border_styling_global=&#8221;default&#8221; el_class=&#8221;pb0&#8243; width=&#8221;2\/3&#8243;]<\/p>\n<p>Holy Land Olive Wood s\u2019engage \u00e0 prot\u00e9ger et \u00e0 respecter votre vie priv\u00e9e en ligne. Cette page a \u00e9t\u00e9 cr\u00e9\u00e9e pour vous, notre pr\u00e9cieux client, afin de mieux comprendre quelles informations sont collect\u00e9es, pourquoi nous les recueillons et comment nous les utilisons et les prot\u00e9geons.<\/p>\n<p><strong>Informations que nous recueillons<\/strong><br \/>\nLorsque nous utilisons nos sites Web pour naviguer, cr\u00e9er un compte ou passer une commande, nous pouvons recueillir les renseignements personnels suivants aupr\u00e8s de vous :<\/p>\n<ul>\n<li>Informations d\u2019identification : y compris le pr\u00e9nom et le nom, les adresses postales, d\u2019exp\u00e9dition et de facturation, l\u2019adresse e-mail, les num\u00e9ros de t\u00e9l\u00e9phone et les adresses IP<\/li>\n<li>Informations de carte de cr\u00e9dit : y compris le num\u00e9ro de carte de cr\u00e9dit, le code de s\u00e9curit\u00e9 et la date d\u2019expiration. Ces informations sont utilis\u00e9es pour effectuer des transactions d\u2019achat. Les num\u00e9ros de carte et les codes de s\u00e9curit\u00e9 ne sont pas stock\u00e9s dans nos bases de donn\u00e9es ou serveurs<\/li>\n<li>Informations commerciales: Y compris l\u2019historique des achats, les informations de retour et d\u2019\u00e9change, le registre des produits et les listes de souhaits<\/li>\n<li>Informations sur l\u2019activit\u00e9 Internet : y compris les pages consult\u00e9es, les termes de recherche utilis\u00e9s et les temps d\u2019acc\u00e8s au Web<\/li>\n<li>Informations sur l\u2019appareil : y compris le num\u00e9ro de l\u2019appareil, le mod\u00e8le de l\u2019appareil, le syst\u00e8me d\u2019exploitation et la version, la date et l\u2019heure de l\u2019appareil, les identifiants uniques de l\u2019appareil. Ceci est utilis\u00e9 pour nous aider \u00e0 comprendre les donn\u00e9es d\u00e9mographiques, \u00e0 corriger les erreurs du site Web et \u00e0 surveiller et pr\u00e9venir la fraude.<\/li>\n<\/ul>\n<p>Ces informations sont n\u00e9cessaires pour traiter et ex\u00e9cuter vos commandes et vous informer de l\u2019\u00e9tat de la commande. Cela nous aide \u00e9galement \u00e0 d\u00e9couvrir et \u00e0 combattre la fraude.<\/p>\n<p><strong>Comment les renseignements sont recueillis<\/strong><br \/>\nHoly Land Olive Wood recueille des donn\u00e9es pour fonctionner efficacement et vous fournir la meilleure exp\u00e9rience possible lors de l\u2019utilisation de notre site Web. Ces donn\u00e9es sont collect\u00e9es de plusieurs fa\u00e7ons. Vous nous fournissez des informations personnelles lorsque vous cr\u00e9ez un compte sur nos sites Web, passez une commande, correspondez avec nous par e-mail, t\u00e9l\u00e9phone ou WhatsApp. En outre, nous collectons automatiquement des donn\u00e9es en fonction de la fa\u00e7on dont vous utilisez nos sites Web, des produits que vous recherchez, de la fa\u00e7on dont vous \u00eates arriv\u00e9 sur notre site Web et d\u2019autres mesures du comportement des utilisateurs \u00e0 l\u2019aide d\u2019analyses et de cookies.<\/p>\n<p><strong>Cookies et technologies similaires<\/strong><br \/>\nLes cookies sont de petits fichiers stock\u00e9s sur vos appareils qui indiquent aux sites Web qui vous \u00eates. Holy Land Olive Wood utilise des cookies pour suivre la fa\u00e7on dont vous utilisez notre site afin de cr\u00e9er des exp\u00e9riences personnalis\u00e9es. Par exemple, ils se souviennent des articles que vous avez ajout\u00e9s \u00e0 votre panier. Si vous pr\u00e9f\u00e9rez ne pas utiliser de cookies, vous pouvez les d\u00e9sactiver en modifiant le param\u00e8tre appropri\u00e9 dans votre navigateur. Sans cookies, cependant, nous ne pouvons pas accomplir de nombreuses fonctions de base n\u00e9cessaires pour cr\u00e9er et traiter une commande sur notre site Web. Nous vous recommandons de garder les cookies activ\u00e9s.<\/p>\n<p>De plus, Holy Land Olive Wood utilise des cookies tiers pour am\u00e9liorer votre exp\u00e9rience. Par exemple, Google Analytics nous permet de savoir quelles pages de notre site Web se chargent lentement ou ne sont pas optimis\u00e9es pour une utilisation mobile. Nous utilisons ces informations pour am\u00e9liorer notre exp\u00e9rience utilisateur.<\/p>\n<p><strong>Divulgation d\u2019informations aux 3\u00e8mes parties<\/strong><br \/>\nHoly Land Olive Wood ne vend ni ne loue vos informations personnelles \u00e0 des tiers. Cependant, nous pouvons divulguer vos informations personnelles \u00e0 nos fournisseurs de services et \u00e0 des processeurs tiers \u00e0 des fins commerciales. Nous ne fournissons pas \u00e0 ces 3\u00e8mes parties plus d\u2019informations que ce qui est n\u00e9cessaire pour remplir leur fonction. Les types de fournisseurs de services que nous utilisons comprennent les soci\u00e9t\u00e9s de traitement des cartes de cr\u00e9dit et les transporteurs maritimes, ainsi que les services d\u2019analyse.<\/p>\n<p><strong>Comme l\u2019exige la loi<\/strong><br \/>\nNous pouvons \u00eatre tenus de divulguer des informations afin de nous conformer \u00e0 la loi. En cas d\u2019assignation \u00e0 compara\u00eetre ou d\u2019obligation l\u00e9gale, nous transmettrons toute information personnelle pertinente dans la mesure requise par la loi.<\/p>\n<p><strong>Comment l\u2019information est prot\u00e9g\u00e9e<\/strong><br \/>\nLa s\u00e9curit\u00e9 de vos informations est aussi importante pour nous que pour vous. Nous voulons que vous vous sentiez en s\u00e9curit\u00e9 en nous fournissant des num\u00e9ros de carte de cr\u00e9dit, des num\u00e9ros de t\u00e9l\u00e9phone et des adresses personnelles. Nous maintenons les mesures de protection physiques, \u00e9lectroniques et proc\u00e9durales n\u00e9cessaires pour assurer raisonnablement la protection de vos renseignements personnels contre la perte, l\u2019utilisation abusive, la divulgation et l\u2019alt\u00e9ration.<\/p>\n<p>Les employ\u00e9s sont inform\u00e9s des protocoles de s\u00e9curit\u00e9 pour assurer le traitement s\u00fbr et appropri\u00e9 de vos informations personnelles. Seuls les employ\u00e9s autoris\u00e9s sont autoris\u00e9s \u00e0 acc\u00e9der aux informations personnelles stock\u00e9es, et uniquement pour les utilisations explicites d\u00e9crites dans la pr\u00e9sente politique de confidentialit\u00e9. Les informations de paiement sont crypt\u00e9es et transmises sur un r\u00e9seau s\u00e9curis\u00e9 (SSL); nous ne stockons pas vos num\u00e9ros de carte de cr\u00e9dit dans notre base de donn\u00e9es ou sur nos serveurs. Les num\u00e9ros de carte de cr\u00e9dit sont trait\u00e9s et tokenis\u00e9s par une soci\u00e9t\u00e9 de traitement de carte de cr\u00e9dit s\u00e9curis\u00e9e.<\/p>\n<p>Bien que nous fassions de notre mieux pour prot\u00e9ger vos informations personnelles, nous ne pouvons pas garantir la s\u00e9curit\u00e9 des informations personnelles transmises \u00e0 notre site Web. Veuillez faire votre part dans la protection de tout autre renseignement personnel contre toute utilisation non autoris\u00e9e. Gardez votre mot de passe s\u00fbr et confidentiel, et assurez-vous de vous d\u00e9connecter lorsque vous avez fini d\u2019utiliser un ordinateur partag\u00e9. Analysez \u00e9galement r\u00e9guli\u00e8rement votre ordinateur \u00e0 la recherche de virus, de logiciels malveillants et de logiciels espions.<\/p>\n<p><strong>Comment l\u2019information est utilis\u00e9e<\/strong><br \/>\nNous utilisons vos informations collect\u00e9es \u00e0 des fins commerciales telles que l\u2019ex\u00e9cution de vos commandes, le suivi des commandes, le traitement de vos demandes et la pr\u00e9vention de la fraude.<\/p>\n<p><strong>Liens vers d\u2019autres sites et fonctionnalit\u00e9s de partage social<\/strong><br \/>\nNotre site Web peut contenir des liens vers d\u2019autres sites que nous n\u2019exploitons pas. Si vous cliquez sur un lien vers un site tiers, vous serez dirig\u00e9 vers leur site. Nous n\u2019avons aucun contr\u00f4le sur ces sites et ne pouvons pas y prot\u00e9ger vos donn\u00e9es personnelles. Nous vous conseillons fortement de consulter la politique de confidentialit\u00e9 de chaque site que vous visitez. Par exemple, notre site Web contient des liens vers nos pages de m\u00e9dias sociaux (c.-\u00e0-d. Facebook et Instagram). Pour plus d\u2019informations sur ces plateformes de m\u00e9dias sociaux, veuillez consulter la politique de confidentialit\u00e9 de l\u2019entit\u00e9 respective.<\/p>\n<p><strong>Modifications apport\u00e9es \u00e0 la pr\u00e9sente politique de confidentialit\u00e9<\/strong><br \/>\nNous pouvons mettre \u00e0 jour notre politique de confidentialit\u00e9 de temps \u00e0 autre. Les modifications seront publi\u00e9es sur cette page Web afin que les clients soient toujours au courant des informations que nous recueillons et de la fa\u00e7on dont nous les utilisons. Les modifications apport\u00e9es \u00e0 cette politique de confidentialit\u00e9 entrent en vigueur lorsqu\u2019elles sont publi\u00e9es sur cette page.<\/p>\n<p><strong>Coordonn\u00e9es<\/strong><br \/>\nSi vous avez des questions ou des pr\u00e9occupations concernant cette politique de confidentialit\u00e9, vous pouvez nous contacter \u00e0 <a href=\"mailto:service@woodturnerscatalog.com\">info@old.holyland-olivewood.com<\/a>.<\/p>\n<p>&nbsp;<\/p>\n<p>&nbsp;<\/p>\n<p>[\/spb_text_block] [spb_blank_spacer height=&#8221;30px&#8221; width=&#8221;1\/6&#8243; el_position=&#8221;last&#8221;] [\/spb_row]<\/p>\n","protected":false},"excerpt":{"rendered":"<p>[spb_row element_name=&#8221;Row&#8221; wrap_type=&#8221;content-width&#8221; row_bg_type=&#8221;color&#8221; row_bg_color=&#8221;#ffffff&#8221; color_row_height=&#8221;content-height&#8221; bg_type=&#8221;cover&#8221; parallax_image_height=&#8221;content-height&#8221; parallax_image_movement=&#8221;fixed&#8221; parallax_image_speed=&#8221;0.5&#8243; bg_video_loop=&#8221;yes&#8221; parallax_video_height=&#8221;window-height&#8221; row_top_style=&#8221;none&#8221; row_bottom_style=&#8221;none&#8221; parallax_video_overlay=&#8221;none&#8221; row_overlay_opacity=&#8221;0&#8243; remove_element_spacing=&#8221;yes&#8221; row_col_pos=&#8221;default&#8221; row_expanding=&#8221;no&#8221; row_animation=&#8221;none&#8221; row_animation_delay=&#8221;0&#8243; minimize_row=&#8221;no&#8221; width=&#8221;1\/1&#8243; el_position=&#8221;first last&#8221;] [spb_blank_spacer height=&#8221;30px&#8221; width=&#8221;1\/6&#8243; el_position=&#8221;first&#8221;] [spb_text_block title=&#8221;POLITIQUE DE CONFIDENTIALIT\u00c9&#8221; animation=&#8221;none&#8221; animation_delay=&#8221;200&#8243; simplified_controls=&#8221;yes&#8221; custom_css_percentage=&#8221;no&#8221; padding_vertical=&#8221;12&#8243; padding_horizontal=&#8221;0&#8243; margin_vertical=&#8221;0&#8243; custom_css=&#8221;margin-top: 0px;margin-bottom: 0px;padding-top: 12px;padding-bottom: 12px;&#8221; border_size=&#8221;0&#8243; border_styling_global=&#8221;default&#8221; el_class=&#8221;pb0&#8243; width=&#8221;2\/3&#8243;] Holy Land Olive Wood s\u2019engage \u00e0 prot\u00e9ger et \u00e0 respecter votre [&hellip;]<\/p>\n","protected":false},"author":250,"featured_media":0,"parent":0,"menu_order":0,"comment_status":"open","ping_status":"closed","template":"","meta":{"footnotes":""},"class_list":["post-39741","page","type-page","status-publish","hentry"],"yoast_head":"<!-- This site is optimized with the Yoast SEO plugin v24.8.1 - https:\/\/yoast.com\/wordpress\/plugins\/seo\/ -->\n<title>Politique de confidentialit\u00e9 - Holy Land Olive Wood - Bethlehem Olive Wood Factory<\/title>\n<meta name=\"description\" content=\"Artisanat en bois d\u2019olivier de Bethl\u00e9em (c\u2019est-\u00e0-dire chapelets, ustensiles de cuisine, nativit\u00e9, ensembles, perles), sculptures \u00e0 l\u2019\u00e9trier, dalles, blocs et stock brut dans les dimensions standard et personnalis\u00e9es.\" \/>\n<meta name=\"robots\" content=\"index, follow, max-snippet:-1, max-image-preview:large, max-video-preview:-1\" \/>\n<link rel=\"canonical\" href=\"https:\/\/old.holyland-olivewood.com\/fr\/privacy-policy\/\" \/>\n<meta property=\"og:locale\" content=\"fr_FR\" \/>\n<meta property=\"og:type\" content=\"article\" \/>\n<meta property=\"og:title\" content=\"Politique de confidentialit\u00e9 - Holy Land Olive Wood - Bethlehem Olive Wood Factory\" \/>\n<meta property=\"og:description\" content=\"Artisanat en bois d\u2019olivier de Bethl\u00e9em (c\u2019est-\u00e0-dire chapelets, ustensiles de cuisine, nativit\u00e9, ensembles, perles), sculptures \u00e0 l\u2019\u00e9trier, dalles, blocs et stock brut dans les dimensions standard et personnalis\u00e9es.\" \/>\n<meta property=\"og:url\" content=\"https:\/\/old.holyland-olivewood.com\/fr\/privacy-policy\/\" \/>\n<meta property=\"og:site_name\" content=\"Holy Land Olive Wood - Bethlehem Olive Wood Factory\" \/>\n<meta property=\"article:publisher\" content=\"https:\/\/www.facebook.com\/holylandolivewood.bethlehem\/\" \/>\n<meta property=\"article:modified_time\" content=\"2022-02-06T08:50:41+00:00\" \/>\n<meta name=\"twitter:card\" content=\"summary_large_image\" \/>\n<meta name=\"twitter:label1\" content=\"Dur\u00e9e de lecture estim\u00e9e\" \/>\n\t<meta name=\"twitter:data1\" content=\"5 minutes\" \/>\n<script type=\"application\/ld+json\" class=\"yoast-schema-graph\">{\"@context\":\"https:\/\/schema.org\",\"@graph\":[{\"@type\":\"WebPage\",\"@id\":\"https:\/\/old.holyland-olivewood.com\/fr\/privacy-policy\/\",\"url\":\"https:\/\/old.holyland-olivewood.com\/fr\/privacy-policy\/\",\"name\":\"Politique de confidentialit\u00e9 - Holy Land Olive Wood - Bethlehem Olive Wood Factory\",\"isPartOf\":{\"@id\":\"https:\/\/old.holyland-olivewood.com\/fr\/#website\"},\"datePublished\":\"2021-08-17T15:20:52+00:00\",\"dateModified\":\"2022-02-06T08:50:41+00:00\",\"description\":\"Artisanat en bois d\u2019olivier de Bethl\u00e9em (c\u2019est-\u00e0-dire chapelets, ustensiles de cuisine, nativit\u00e9, ensembles, perles), sculptures \u00e0 l\u2019\u00e9trier, dalles, blocs et stock brut dans les dimensions standard et personnalis\u00e9es.\",\"breadcrumb\":{\"@id\":\"https:\/\/old.holyland-olivewood.com\/fr\/privacy-policy\/#breadcrumb\"},\"inLanguage\":\"fr-FR\",\"potentialAction\":[{\"@type\":\"ReadAction\",\"target\":[\"https:\/\/old.holyland-olivewood.com\/fr\/privacy-policy\/\"]}]},{\"@type\":\"BreadcrumbList\",\"@id\":\"https:\/\/old.holyland-olivewood.com\/fr\/privacy-policy\/#breadcrumb\",\"itemListElement\":[{\"@type\":\"ListItem\",\"position\":1,\"name\":\"Home\",\"item\":\"https:\/\/old.holyland-olivewood.com\/fr\/\"},{\"@type\":\"ListItem\",\"position\":2,\"name\":\"Politique de confidentialit\u00e9\"}]},{\"@type\":\"WebSite\",\"@id\":\"https:\/\/old.holyland-olivewood.com\/fr\/#website\",\"url\":\"https:\/\/old.holyland-olivewood.com\/fr\/\",\"name\":\"Holy Land Olive Wood - Bethlehem Olive Wood Factory\",\"description\":\"Holy Land Olivewood Bethlehem\",\"publisher\":{\"@id\":\"https:\/\/old.holyland-olivewood.com\/fr\/#organization\"},\"potentialAction\":[{\"@type\":\"SearchAction\",\"target\":{\"@type\":\"EntryPoint\",\"urlTemplate\":\"https:\/\/old.holyland-olivewood.com\/fr\/?s={search_term_string}\"},\"query-input\":{\"@type\":\"PropertyValueSpecification\",\"valueRequired\":true,\"valueName\":\"search_term_string\"}}],\"inLanguage\":\"fr-FR\"},{\"@type\":\"Organization\",\"@id\":\"https:\/\/old.holyland-olivewood.com\/fr\/#organization\",\"name\":\"Holy Land Olivewood\",\"url\":\"https:\/\/old.holyland-olivewood.com\/fr\/\",\"logo\":{\"@type\":\"ImageObject\",\"inLanguage\":\"fr-FR\",\"@id\":\"https:\/\/old.holyland-olivewood.com\/fr\/#\/schema\/logo\/image\/\",\"url\":\"\",\"contentUrl\":\"\",\"caption\":\"Holy Land Olivewood\"},\"image\":{\"@id\":\"https:\/\/old.holyland-olivewood.com\/fr\/#\/schema\/logo\/image\/\"},\"sameAs\":[\"https:\/\/www.facebook.com\/holylandolivewood.bethlehem\/\",\"http:\/\/instagram.com\/holy.land.olive.wood\"]}]}<\/script>\n<!-- \/ Yoast SEO plugin. -->","yoast_head_json":{"title":"Politique de confidentialit\u00e9 - Holy Land Olive Wood - Bethlehem Olive Wood Factory","description":"Artisanat en bois d\u2019olivier de Bethl\u00e9em (c\u2019est-\u00e0-dire chapelets, ustensiles de cuisine, nativit\u00e9, ensembles, perles), sculptures \u00e0 l\u2019\u00e9trier, dalles, blocs et stock brut dans les dimensions standard et personnalis\u00e9es.","robots":{"index":"index","follow":"follow","max-snippet":"max-snippet:-1","max-image-preview":"max-image-preview:large","max-video-preview":"max-video-preview:-1"},"canonical":"https:\/\/old.holyland-olivewood.com\/fr\/privacy-policy\/","og_locale":"fr_FR","og_type":"article","og_title":"Politique de confidentialit\u00e9 - Holy Land Olive Wood - Bethlehem Olive Wood Factory","og_description":"Artisanat en bois d\u2019olivier de Bethl\u00e9em (c\u2019est-\u00e0-dire chapelets, ustensiles de cuisine, nativit\u00e9, ensembles, perles), sculptures \u00e0 l\u2019\u00e9trier, dalles, blocs et stock brut dans les dimensions standard et personnalis\u00e9es.","og_url":"https:\/\/old.holyland-olivewood.com\/fr\/privacy-policy\/","og_site_name":"Holy Land Olive Wood - Bethlehem Olive Wood Factory","article_publisher":"https:\/\/www.facebook.com\/holylandolivewood.bethlehem\/","article_modified_time":"2022-02-06T08:50:41+00:00","twitter_card":"summary_large_image","twitter_misc":{"Dur\u00e9e de lecture estim\u00e9e":"5 minutes"},"schema":{"@context":"https:\/\/schema.org","@graph":[{"@type":"WebPage","@id":"https:\/\/old.holyland-olivewood.com\/fr\/privacy-policy\/","url":"https:\/\/old.holyland-olivewood.com\/fr\/privacy-policy\/","name":"Politique de confidentialit\u00e9 - Holy Land Olive Wood - Bethlehem Olive Wood Factory","isPartOf":{"@id":"https:\/\/old.holyland-olivewood.com\/fr\/#website"},"datePublished":"2021-08-17T15:20:52+00:00","dateModified":"2022-02-06T08:50:41+00:00","description":"Artisanat en bois d\u2019olivier de Bethl\u00e9em (c\u2019est-\u00e0-dire chapelets, ustensiles de cuisine, nativit\u00e9, ensembles, perles), sculptures \u00e0 l\u2019\u00e9trier, dalles, blocs et stock brut dans les dimensions standard et personnalis\u00e9es.","breadcrumb":{"@id":"https:\/\/old.holyland-olivewood.com\/fr\/privacy-policy\/#breadcrumb"},"inLanguage":"fr-FR","potentialAction":[{"@type":"ReadAction","target":["https:\/\/old.holyland-olivewood.com\/fr\/privacy-policy\/"]}]},{"@type":"BreadcrumbList","@id":"https:\/\/old.holyland-olivewood.com\/fr\/privacy-policy\/#breadcrumb","itemListElement":[{"@type":"ListItem","position":1,"name":"Home","item":"https:\/\/old.holyland-olivewood.com\/fr\/"},{"@type":"ListItem","position":2,"name":"Politique de confidentialit\u00e9"}]},{"@type":"WebSite","@id":"https:\/\/old.holyland-olivewood.com\/fr\/#website","url":"https:\/\/old.holyland-olivewood.com\/fr\/","name":"Holy Land Olive Wood - Bethlehem Olive Wood Factory","description":"Holy Land Olivewood Bethlehem","publisher":{"@id":"https:\/\/old.holyland-olivewood.com\/fr\/#organization"},"potentialAction":[{"@type":"SearchAction","target":{"@type":"EntryPoint","urlTemplate":"https:\/\/old.holyland-olivewood.com\/fr\/?s={search_term_string}"},"query-input":{"@type":"PropertyValueSpecification","valueRequired":true,"valueName":"search_term_string"}}],"inLanguage":"fr-FR"},{"@type":"Organization","@id":"https:\/\/old.holyland-olivewood.com\/fr\/#organization","name":"Holy Land Olivewood","url":"https:\/\/old.holyland-olivewood.com\/fr\/","logo":{"@type":"ImageObject","inLanguage":"fr-FR","@id":"https:\/\/old.holyland-olivewood.com\/fr\/#\/schema\/logo\/image\/","url":"","contentUrl":"","caption":"Holy Land Olivewood"},"image":{"@id":"https:\/\/old.holyland-olivewood.com\/fr\/#\/schema\/logo\/image\/"},"sameAs":["https:\/\/www.facebook.com\/holylandolivewood.bethlehem\/","http:\/\/instagram.com\/holy.land.olive.wood"]}]}},"_links":{"self":[{"href":"https:\/\/old.holyland-olivewood.com\/fr\/wp-json\/wp\/v2\/pages\/39741","targetHints":{"allow":["GET"]}}],"collection":[{"href":"https:\/\/old.holyland-olivewood.com\/fr\/wp-json\/wp\/v2\/pages"}],"about":[{"href":"https:\/\/old.holyland-olivewood.com\/fr\/wp-json\/wp\/v2\/types\/page"}],"author":[{"embeddable":true,"href":"https:\/\/old.holyland-olivewood.com\/fr\/wp-json\/wp\/v2\/users\/250"}],"replies":[{"embeddable":true,"href":"https:\/\/old.holyland-olivewood.com\/fr\/wp-json\/wp\/v2\/comments?post=39741"}],"version-history":[{"count":0,"href":"https:\/\/old.holyland-olivewood.com\/fr\/wp-json\/wp\/v2\/pages\/39741\/revisions"}],"wp:attachment":[{"href":"https:\/\/old.holyland-olivewood.com\/fr\/wp-json\/wp\/v2\/media?parent=39741"}],"curies":[{"name":"wp","href":"https:\/\/api.w.org\/{rel}","templated":true}]}}