{"id":56500,"date":"2023-11-06T18:21:46","date_gmt":"2024-10-18T14:24:12","guid":{"rendered":"https:\/\/old.holyland-olivewood.com\/product\/jeesus-kantaa-ristia-puinen-veistos-fi128\/"},"modified":"2024-10-18T14:24:12","modified_gmt":"2024-10-18T14:24:12","slug":"jeesus-kantaa-ristia-puinen-veistos-fi128","status":"publish","type":"product","link":"https:\/\/old.holyland-olivewood.com\/fi\/tuote\/jeesus-kantaa-ristia-puinen-veistos-fi128\/","title":{"rendered":"Jeesus kantaa risti\u00e4 puinen veistos #FI128"},"content":{"rendered":"","protected":false},"excerpt":{"rendered":"<p>T\u00e4m\u00e4 kaunis Jeesus kantaa risti\u00e4 on veistetty k\u00e4sin Pyh\u00e4ss\u00e4 maassa kest\u00e4v\u00e4sti ker\u00e4tyst\u00e4, aidosta Betlehemin oliivipuusta. T\u00e4m\u00e4 ihastuttava patsas Jeesuksesta, joka kantaa risti\u00e4, on valmistettu k\u00e4sin oliivipuusta, joka on per\u00e4isin puusta, joka on kasvanut Pyh\u00e4ss\u00e4 maassa satojen vuosien ajan.  Merkityksellinen esine, koska se on per\u00e4isin suoraan Pyh\u00e4lt\u00e4 maalta.<\/p>\n<p>T\u00e4m\u00e4 tuote sis\u00e4lt\u00e4\u00e4 aitoustodistuksen, joka vahvistaa t\u00e4m\u00e4n tuotteen valmistuksessa k\u00e4ytetyt materiaalit ja tekniikat.<\/p>\n<p>Koko: 14,5 cm x 22 cm x 33 cm (5,75&#8243; x 8,75&#8243; x 13&#8243;).<\/p>\n","protected":false},"featured_media":56501,"template":"","meta":[],"product_brand":[],"product_cat":[786,1677],"product_tag":[],"class_list":{"0":"post-56500","1":"product","2":"type-product","3":"status-publish","4":"has-post-thumbnail","6":"product_cat-kunsthaandvaerk-fi","7":"product_cat-hahmoja","9":"first","10":"instock","11":"shipping-taxable","12":"purchasable","13":"product-type-simple"},"yoast_head":"<!-- This site is optimized with the Yoast SEO plugin v24.8.1 - https:\/\/yoast.com\/wordpress\/plugins\/seo\/ -->\n<title>Jeesus kantaa risti\u00e4 puinen veistos #FI128 - Holy Land Olive Wood - Bethlehem Olive Wood Factory<\/title>\n<meta name=\"description\" content=\"Puinen veistos Jeesus kantaa risti\u00e4 patsas Betlehem oliivipuusta k\u00e4sity\u00f6t (esim. figuurit, syntym\u00e4asetit, patsaat, veistokset)\" \/>\n<meta name=\"robots\" content=\"index, follow, max-snippet:-1, max-image-preview:large, max-video-preview:-1\" \/>\n<link rel=\"canonical\" href=\"https:\/\/old.holyland-olivewood.com\/fi\/tuote\/jeesus-kantaa-ristia-puinen-veistos-fi128\/\" \/>\n<meta property=\"og:locale\" content=\"fi_FI\" \/>\n<meta property=\"og:type\" content=\"article\" \/>\n<meta property=\"og:title\" content=\"Jeesus kantaa risti\u00e4 puinen veistos #FI128 - Holy Land Olive Wood - Bethlehem Olive Wood Factory\" \/>\n<meta property=\"og:description\" content=\"Puinen veistos Jeesus kantaa risti\u00e4 patsas Betlehem oliivipuusta k\u00e4sity\u00f6t (esim. figuurit, syntym\u00e4asetit, patsaat, veistokset)\" \/>\n<meta property=\"og:url\" content=\"https:\/\/old.holyland-olivewood.com\/fi\/tuote\/jeesus-kantaa-ristia-puinen-veistos-fi128\/\" \/>\n<meta property=\"og:site_name\" content=\"Holy Land Olive Wood - Bethlehem Olive Wood Factory\" \/>\n<meta property=\"article:publisher\" content=\"https:\/\/www.facebook.com\/holylandolivewood.bethlehem\/\" \/>\n<meta property=\"og:image\" content=\"https:\/\/old.holyland-olivewood.com\/wp-content\/uploads\/2023\/11\/jesus_carrying_the_cross_wooden_sculpture_fi128_1.jpg\" \/>\n\t<meta property=\"og:image:width\" content=\"1550\" \/>\n\t<meta property=\"og:image:height\" content=\"1200\" \/>\n\t<meta property=\"og:image:type\" content=\"image\/jpeg\" \/>\n<meta name=\"twitter:card\" content=\"summary_large_image\" \/>\n<script type=\"application\/ld+json\" class=\"yoast-schema-graph\">{\"@context\":\"https:\/\/schema.org\",\"@graph\":[{\"@type\":\"WebPage\",\"@id\":\"https:\/\/old.holyland-olivewood.com\/fi\/tuote\/jeesus-kantaa-ristia-puinen-veistos-fi128\/\",\"url\":\"https:\/\/old.holyland-olivewood.com\/fi\/tuote\/jeesus-kantaa-ristia-puinen-veistos-fi128\/\",\"name\":\"Jeesus kantaa risti\u00e4 puinen veistos #FI128 - Holy Land Olive Wood - Bethlehem Olive Wood Factory\",\"isPartOf\":{\"@id\":\"https:\/\/old.holyland-olivewood.com\/fi\/#website\"},\"primaryImageOfPage\":{\"@id\":\"https:\/\/old.holyland-olivewood.com\/fi\/tuote\/jeesus-kantaa-ristia-puinen-veistos-fi128\/#primaryimage\"},\"image\":{\"@id\":\"https:\/\/old.holyland-olivewood.com\/fi\/tuote\/jeesus-kantaa-ristia-puinen-veistos-fi128\/#primaryimage\"},\"thumbnailUrl\":\"https:\/\/old.holyland-olivewood.com\/wp-content\/uploads\/2023\/11\/jesus_carrying_the_cross_wooden_sculpture_fi128_1.jpg\",\"datePublished\":\"2024-10-18T14:24:12+00:00\",\"description\":\"Puinen veistos Jeesus kantaa risti\u00e4 patsas Betlehem oliivipuusta k\u00e4sity\u00f6t (esim. figuurit, syntym\u00e4asetit, patsaat, veistokset)\",\"breadcrumb\":{\"@id\":\"https:\/\/old.holyland-olivewood.com\/fi\/tuote\/jeesus-kantaa-ristia-puinen-veistos-fi128\/#breadcrumb\"},\"inLanguage\":\"fi\",\"potentialAction\":[{\"@type\":\"ReadAction\",\"target\":[\"https:\/\/old.holyland-olivewood.com\/fi\/tuote\/jeesus-kantaa-ristia-puinen-veistos-fi128\/\"]}]},{\"@type\":\"ImageObject\",\"inLanguage\":\"fi\",\"@id\":\"https:\/\/old.holyland-olivewood.com\/fi\/tuote\/jeesus-kantaa-ristia-puinen-veistos-fi128\/#primaryimage\",\"url\":\"https:\/\/old.holyland-olivewood.com\/wp-content\/uploads\/2023\/11\/jesus_carrying_the_cross_wooden_sculpture_fi128_1.jpg\",\"contentUrl\":\"https:\/\/old.holyland-olivewood.com\/wp-content\/uploads\/2023\/11\/jesus_carrying_the_cross_wooden_sculpture_fi128_1.jpg\",\"width\":1550,\"height\":1200},{\"@type\":\"BreadcrumbList\",\"@id\":\"https:\/\/old.holyland-olivewood.com\/fi\/tuote\/jeesus-kantaa-ristia-puinen-veistos-fi128\/#breadcrumb\",\"itemListElement\":[{\"@type\":\"ListItem\",\"position\":1,\"name\":\"Home\",\"item\":\"https:\/\/old.holyland-olivewood.com\/fi\/\"},{\"@type\":\"ListItem\",\"position\":2,\"name\":\"Shop\",\"item\":\"https:\/\/old.holyland-olivewood.com\/fi\/shop\/\"},{\"@type\":\"ListItem\",\"position\":3,\"name\":\"Jeesus kantaa risti\u00e4 puinen veistos #FI128\"}]},{\"@type\":\"WebSite\",\"@id\":\"https:\/\/old.holyland-olivewood.com\/fi\/#website\",\"url\":\"https:\/\/old.holyland-olivewood.com\/fi\/\",\"name\":\"Holy Land Olive Wood - Bethlehem Olive Wood Factory\",\"description\":\"Holy Land Olivewood Bethlehem\",\"publisher\":{\"@id\":\"https:\/\/old.holyland-olivewood.com\/fi\/#organization\"},\"potentialAction\":[{\"@type\":\"SearchAction\",\"target\":{\"@type\":\"EntryPoint\",\"urlTemplate\":\"https:\/\/old.holyland-olivewood.com\/fi\/?s={search_term_string}\"},\"query-input\":{\"@type\":\"PropertyValueSpecification\",\"valueRequired\":true,\"valueName\":\"search_term_string\"}}],\"inLanguage\":\"fi\"},{\"@type\":\"Organization\",\"@id\":\"https:\/\/old.holyland-olivewood.com\/fi\/#organization\",\"name\":\"Holy Land Olivewood\",\"url\":\"https:\/\/old.holyland-olivewood.com\/fi\/\",\"logo\":{\"@type\":\"ImageObject\",\"inLanguage\":\"fi\",\"@id\":\"https:\/\/old.holyland-olivewood.com\/fi\/#\/schema\/logo\/image\/\",\"url\":\"\",\"contentUrl\":\"\",\"caption\":\"Holy Land Olivewood\"},\"image\":{\"@id\":\"https:\/\/old.holyland-olivewood.com\/fi\/#\/schema\/logo\/image\/\"},\"sameAs\":[\"https:\/\/www.facebook.com\/holylandolivewood.bethlehem\/\",\"http:\/\/instagram.com\/holy.land.olive.wood\"]}]}<\/script>\n<!-- \/ Yoast SEO plugin. -->","yoast_head_json":{"title":"Jeesus kantaa risti\u00e4 puinen veistos #FI128 - Holy Land Olive Wood - Bethlehem Olive Wood Factory","description":"Puinen veistos Jeesus kantaa risti\u00e4 patsas Betlehem oliivipuusta k\u00e4sity\u00f6t (esim. figuurit, syntym\u00e4asetit, patsaat, veistokset)","robots":{"index":"index","follow":"follow","max-snippet":"max-snippet:-1","max-image-preview":"max-image-preview:large","max-video-preview":"max-video-preview:-1"},"canonical":"https:\/\/old.holyland-olivewood.com\/fi\/tuote\/jeesus-kantaa-ristia-puinen-veistos-fi128\/","og_locale":"fi_FI","og_type":"article","og_title":"Jeesus kantaa risti\u00e4 puinen veistos #FI128 - Holy Land Olive Wood - Bethlehem Olive Wood Factory","og_description":"Puinen veistos Jeesus kantaa risti\u00e4 patsas Betlehem oliivipuusta k\u00e4sity\u00f6t (esim. figuurit, syntym\u00e4asetit, patsaat, veistokset)","og_url":"https:\/\/old.holyland-olivewood.com\/fi\/tuote\/jeesus-kantaa-ristia-puinen-veistos-fi128\/","og_site_name":"Holy Land Olive Wood - Bethlehem Olive Wood Factory","article_publisher":"https:\/\/www.facebook.com\/holylandolivewood.bethlehem\/","og_image":[{"width":1550,"height":1200,"url":"https:\/\/old.holyland-olivewood.com\/wp-content\/uploads\/2023\/11\/jesus_carrying_the_cross_wooden_sculpture_fi128_1.jpg","type":"image\/jpeg"}],"twitter_card":"summary_large_image","schema":{"@context":"https:\/\/schema.org","@graph":[{"@type":"WebPage","@id":"https:\/\/old.holyland-olivewood.com\/fi\/tuote\/jeesus-kantaa-ristia-puinen-veistos-fi128\/","url":"https:\/\/old.holyland-olivewood.com\/fi\/tuote\/jeesus-kantaa-ristia-puinen-veistos-fi128\/","name":"Jeesus kantaa risti\u00e4 puinen veistos #FI128 - Holy Land Olive Wood - Bethlehem Olive Wood Factory","isPartOf":{"@id":"https:\/\/old.holyland-olivewood.com\/fi\/#website"},"primaryImageOfPage":{"@id":"https:\/\/old.holyland-olivewood.com\/fi\/tuote\/jeesus-kantaa-ristia-puinen-veistos-fi128\/#primaryimage"},"image":{"@id":"https:\/\/old.holyland-olivewood.com\/fi\/tuote\/jeesus-kantaa-ristia-puinen-veistos-fi128\/#primaryimage"},"thumbnailUrl":"https:\/\/old.holyland-olivewood.com\/wp-content\/uploads\/2023\/11\/jesus_carrying_the_cross_wooden_sculpture_fi128_1.jpg","datePublished":"2024-10-18T14:24:12+00:00","description":"Puinen veistos Jeesus kantaa risti\u00e4 patsas Betlehem oliivipuusta k\u00e4sity\u00f6t (esim. figuurit, syntym\u00e4asetit, patsaat, veistokset)","breadcrumb":{"@id":"https:\/\/old.holyland-olivewood.com\/fi\/tuote\/jeesus-kantaa-ristia-puinen-veistos-fi128\/#breadcrumb"},"inLanguage":"fi","potentialAction":[{"@type":"ReadAction","target":["https:\/\/old.holyland-olivewood.com\/fi\/tuote\/jeesus-kantaa-ristia-puinen-veistos-fi128\/"]}]},{"@type":"ImageObject","inLanguage":"fi","@id":"https:\/\/old.holyland-olivewood.com\/fi\/tuote\/jeesus-kantaa-ristia-puinen-veistos-fi128\/#primaryimage","url":"https:\/\/old.holyland-olivewood.com\/wp-content\/uploads\/2023\/11\/jesus_carrying_the_cross_wooden_sculpture_fi128_1.jpg","contentUrl":"https:\/\/old.holyland-olivewood.com\/wp-content\/uploads\/2023\/11\/jesus_carrying_the_cross_wooden_sculpture_fi128_1.jpg","width":1550,"height":1200},{"@type":"BreadcrumbList","@id":"https:\/\/old.holyland-olivewood.com\/fi\/tuote\/jeesus-kantaa-ristia-puinen-veistos-fi128\/#breadcrumb","itemListElement":[{"@type":"ListItem","position":1,"name":"Home","item":"https:\/\/old.holyland-olivewood.com\/fi\/"},{"@type":"ListItem","position":2,"name":"Shop","item":"https:\/\/old.holyland-olivewood.com\/fi\/shop\/"},{"@type":"ListItem","position":3,"name":"Jeesus kantaa risti\u00e4 puinen veistos #FI128"}]},{"@type":"WebSite","@id":"https:\/\/old.holyland-olivewood.com\/fi\/#website","url":"https:\/\/old.holyland-olivewood.com\/fi\/","name":"Holy Land Olive Wood - Bethlehem Olive Wood Factory","description":"Holy Land Olivewood Bethlehem","publisher":{"@id":"https:\/\/old.holyland-olivewood.com\/fi\/#organization"},"potentialAction":[{"@type":"SearchAction","target":{"@type":"EntryPoint","urlTemplate":"https:\/\/old.holyland-olivewood.com\/fi\/?s={search_term_string}"},"query-input":{"@type":"PropertyValueSpecification","valueRequired":true,"valueName":"search_term_string"}}],"inLanguage":"fi"},{"@type":"Organization","@id":"https:\/\/old.holyland-olivewood.com\/fi\/#organization","name":"Holy Land Olivewood","url":"https:\/\/old.holyland-olivewood.com\/fi\/","logo":{"@type":"ImageObject","inLanguage":"fi","@id":"https:\/\/old.holyland-olivewood.com\/fi\/#\/schema\/logo\/image\/","url":"","contentUrl":"","caption":"Holy Land Olivewood"},"image":{"@id":"https:\/\/old.holyland-olivewood.com\/fi\/#\/schema\/logo\/image\/"},"sameAs":["https:\/\/www.facebook.com\/holylandolivewood.bethlehem\/","http:\/\/instagram.com\/holy.land.olive.wood"]}]}},"_links":{"self":[{"href":"https:\/\/old.holyland-olivewood.com\/fi\/wp-json\/wp\/v2\/product\/56500","targetHints":{"allow":["GET"]}}],"collection":[{"href":"https:\/\/old.holyland-olivewood.com\/fi\/wp-json\/wp\/v2\/product"}],"about":[{"href":"https:\/\/old.holyland-olivewood.com\/fi\/wp-json\/wp\/v2\/types\/product"}],"wp:featuredmedia":[{"embeddable":true,"href":"https:\/\/old.holyland-olivewood.com\/fi\/wp-json\/wp\/v2\/media\/56501"}],"wp:attachment":[{"href":"https:\/\/old.holyland-olivewood.com\/fi\/wp-json\/wp\/v2\/media?parent=56500"}],"wp:term":[{"taxonomy":"product_brand","embeddable":true,"href":"https:\/\/old.holyland-olivewood.com\/fi\/wp-json\/wp\/v2\/product_brand?post=56500"},{"taxonomy":"product_cat","embeddable":true,"href":"https:\/\/old.holyland-olivewood.com\/fi\/wp-json\/wp\/v2\/product_cat?post=56500"},{"taxonomy":"product_tag","embeddable":true,"href":"https:\/\/old.holyland-olivewood.com\/fi\/wp-json\/wp\/v2\/product_tag?post=56500"}],"curies":[{"name":"wp","href":"https:\/\/api.w.org\/{rel}","templated":true}]}}