{"id":55838,"date":"2024-10-17T08:57:13","date_gmt":"2024-10-18T12:16:15","guid":{"rendered":"https:\/\/old.holyland-olivewood.com\/product\/oliivipuinen-roikkuva-sydan-joulukoristeet-6-kpl-or122\/"},"modified":"2024-10-18T12:16:15","modified_gmt":"2024-10-18T12:16:15","slug":"oliivipuinen-roikkuva-sydan-joulukoristeet-6-kpl-or122","status":"publish","type":"product","link":"https:\/\/old.holyland-olivewood.com\/fi\/tuote\/oliivipuinen-roikkuva-sydan-joulukoristeet-6-kpl-or122\/","title":{"rendered":"Oliivipuinen roikkuva syd\u00e4n joulukoristeet &#8211; 6 kpl #OR122"},"content":{"rendered":"","protected":false},"excerpt":{"rendered":"<p>T\u00e4m\u00e4 kaunis 6 syd\u00e4menmuotoisen joulukoristeen setti on valmistettu k\u00e4sity\u00f6n\u00e4 Pyh\u00e4ss\u00e4 maassa kest\u00e4v\u00e4sti ker\u00e4tyst\u00e4, aidosta Betlehemin oliivipuusta. Jokainen koriste kuvastaa joulun l\u00e4mp\u00f6\u00e4 ja rakkautta, mik\u00e4 tekee siit\u00e4 t\u00e4ydellisen lis\u00e4n joulukoristeeseesi. <\/p>\n<p>T\u00e4m\u00e4 tuote sis\u00e4lt\u00e4\u00e4 aitoustodistuksen, joka vahvistaa t\u00e4m\u00e4n tuotteen valmistuksessa k\u00e4ytetyt materiaalit ja tekniikat.<\/p>\n<p>Koko: 5 cm (2&#8243;)<\/p>\n","protected":false},"featured_media":55839,"template":"","meta":[],"product_brand":[],"product_cat":[786,2608],"product_tag":[791,892,2616,934,940,921,4113,2611,4114,1698],"class_list":{"0":"post-55838","1":"product","2":"type-product","3":"status-publish","4":"has-post-thumbnail","6":"product_cat-kunsthaandvaerk-fi","7":"product_cat-koriste","8":"product_tag-betlehem-fi","9":"product_tag-heinaekuu","10":"product_tag-koriste","11":"product_tag-kors-fi","12":"product_tag-krucifiks-fi","13":"product_tag-kunsthaandvaerk-fi","14":"product_tag-oliivipuu","15":"product_tag-ornamentti","16":"product_tag-risti-kadessa","17":"product_tag-sydan","19":"first","20":"instock","21":"shipping-taxable","22":"purchasable","23":"product-type-simple"},"yoast_head":"<!-- This site is optimized with the Yoast SEO plugin v24.8.1 - https:\/\/yoast.com\/wordpress\/plugins\/seo\/ -->\n<title>Oliivipuinen roikkuva syd\u00e4n joulukoristeet - 6 kpl #OR122 - Holy Land Olive Wood - Bethlehem Olive Wood Factory<\/title>\n<meta name=\"description\" content=\"K\u00e4sinveistetyt oliivipuiset roikkuvat syd\u00e4men joulukoristeet Betlehemist\u00e4. Kauniisti muotoiltu, t\u00e4ydellinen lis\u00e4\u00e4m\u00e4\u00e4n merkityksellisen kosketuksen joulun sisustukseen.\" \/>\n<meta name=\"robots\" content=\"index, follow, max-snippet:-1, max-image-preview:large, max-video-preview:-1\" \/>\n<link rel=\"canonical\" href=\"https:\/\/old.holyland-olivewood.com\/fi\/tuote\/oliivipuinen-roikkuva-sydan-joulukoristeet-6-kpl-or122\/\" \/>\n<meta property=\"og:locale\" content=\"fi_FI\" \/>\n<meta property=\"og:type\" content=\"article\" \/>\n<meta property=\"og:title\" content=\"Oliivipuinen roikkuva syd\u00e4n joulukoristeet - 6 kpl #OR122 - Holy Land Olive Wood - Bethlehem Olive Wood Factory\" \/>\n<meta property=\"og:description\" content=\"K\u00e4sinveistetyt oliivipuiset roikkuvat syd\u00e4men joulukoristeet Betlehemist\u00e4. Kauniisti muotoiltu, t\u00e4ydellinen lis\u00e4\u00e4m\u00e4\u00e4n merkityksellisen kosketuksen joulun sisustukseen.\" \/>\n<meta property=\"og:url\" content=\"https:\/\/old.holyland-olivewood.com\/fi\/tuote\/oliivipuinen-roikkuva-sydan-joulukoristeet-6-kpl-or122\/\" \/>\n<meta property=\"og:site_name\" content=\"Holy Land Olive Wood - Bethlehem Olive Wood Factory\" \/>\n<meta property=\"article:publisher\" content=\"https:\/\/www.facebook.com\/holylandolivewood.bethlehem\/\" \/>\n<meta property=\"og:image\" content=\"https:\/\/old.holyland-olivewood.com\/wp-content\/uploads\/2024\/10\/olive-wood-hanging-heart-christmas-ornament-or122-1.jpg\" \/>\n\t<meta property=\"og:image:width\" content=\"1550\" \/>\n\t<meta property=\"og:image:height\" content=\"1200\" \/>\n\t<meta property=\"og:image:type\" content=\"image\/jpeg\" \/>\n<meta name=\"twitter:card\" content=\"summary_large_image\" \/>\n<script type=\"application\/ld+json\" class=\"yoast-schema-graph\">{\"@context\":\"https:\/\/schema.org\",\"@graph\":[{\"@type\":\"WebPage\",\"@id\":\"https:\/\/old.holyland-olivewood.com\/fi\/tuote\/oliivipuinen-roikkuva-sydan-joulukoristeet-6-kpl-or122\/\",\"url\":\"https:\/\/old.holyland-olivewood.com\/fi\/tuote\/oliivipuinen-roikkuva-sydan-joulukoristeet-6-kpl-or122\/\",\"name\":\"Oliivipuinen roikkuva syd\u00e4n joulukoristeet - 6 kpl #OR122 - Holy Land Olive Wood - Bethlehem Olive Wood Factory\",\"isPartOf\":{\"@id\":\"https:\/\/old.holyland-olivewood.com\/fi\/#website\"},\"primaryImageOfPage\":{\"@id\":\"https:\/\/old.holyland-olivewood.com\/fi\/tuote\/oliivipuinen-roikkuva-sydan-joulukoristeet-6-kpl-or122\/#primaryimage\"},\"image\":{\"@id\":\"https:\/\/old.holyland-olivewood.com\/fi\/tuote\/oliivipuinen-roikkuva-sydan-joulukoristeet-6-kpl-or122\/#primaryimage\"},\"thumbnailUrl\":\"https:\/\/old.holyland-olivewood.com\/wp-content\/uploads\/2024\/10\/olive-wood-hanging-heart-christmas-ornament-or122-1.jpg\",\"datePublished\":\"2024-10-18T12:16:15+00:00\",\"description\":\"K\u00e4sinveistetyt oliivipuiset roikkuvat syd\u00e4men joulukoristeet Betlehemist\u00e4. Kauniisti muotoiltu, t\u00e4ydellinen lis\u00e4\u00e4m\u00e4\u00e4n merkityksellisen kosketuksen joulun sisustukseen.\",\"breadcrumb\":{\"@id\":\"https:\/\/old.holyland-olivewood.com\/fi\/tuote\/oliivipuinen-roikkuva-sydan-joulukoristeet-6-kpl-or122\/#breadcrumb\"},\"inLanguage\":\"fi\",\"potentialAction\":[{\"@type\":\"ReadAction\",\"target\":[\"https:\/\/old.holyland-olivewood.com\/fi\/tuote\/oliivipuinen-roikkuva-sydan-joulukoristeet-6-kpl-or122\/\"]}]},{\"@type\":\"ImageObject\",\"inLanguage\":\"fi\",\"@id\":\"https:\/\/old.holyland-olivewood.com\/fi\/tuote\/oliivipuinen-roikkuva-sydan-joulukoristeet-6-kpl-or122\/#primaryimage\",\"url\":\"https:\/\/old.holyland-olivewood.com\/wp-content\/uploads\/2024\/10\/olive-wood-hanging-heart-christmas-ornament-or122-1.jpg\",\"contentUrl\":\"https:\/\/old.holyland-olivewood.com\/wp-content\/uploads\/2024\/10\/olive-wood-hanging-heart-christmas-ornament-or122-1.jpg\",\"width\":1550,\"height\":1200},{\"@type\":\"BreadcrumbList\",\"@id\":\"https:\/\/old.holyland-olivewood.com\/fi\/tuote\/oliivipuinen-roikkuva-sydan-joulukoristeet-6-kpl-or122\/#breadcrumb\",\"itemListElement\":[{\"@type\":\"ListItem\",\"position\":1,\"name\":\"Home\",\"item\":\"https:\/\/old.holyland-olivewood.com\/fi\/\"},{\"@type\":\"ListItem\",\"position\":2,\"name\":\"Shop\",\"item\":\"https:\/\/old.holyland-olivewood.com\/fi\/shop\/\"},{\"@type\":\"ListItem\",\"position\":3,\"name\":\"Oliivipuinen roikkuva syd\u00e4n joulukoristeet &#8211; 6 kpl #OR122\"}]},{\"@type\":\"WebSite\",\"@id\":\"https:\/\/old.holyland-olivewood.com\/fi\/#website\",\"url\":\"https:\/\/old.holyland-olivewood.com\/fi\/\",\"name\":\"Holy Land Olive Wood - Bethlehem Olive Wood Factory\",\"description\":\"Holy Land Olivewood Bethlehem\",\"publisher\":{\"@id\":\"https:\/\/old.holyland-olivewood.com\/fi\/#organization\"},\"potentialAction\":[{\"@type\":\"SearchAction\",\"target\":{\"@type\":\"EntryPoint\",\"urlTemplate\":\"https:\/\/old.holyland-olivewood.com\/fi\/?s={search_term_string}\"},\"query-input\":{\"@type\":\"PropertyValueSpecification\",\"valueRequired\":true,\"valueName\":\"search_term_string\"}}],\"inLanguage\":\"fi\"},{\"@type\":\"Organization\",\"@id\":\"https:\/\/old.holyland-olivewood.com\/fi\/#organization\",\"name\":\"Holy Land Olivewood\",\"url\":\"https:\/\/old.holyland-olivewood.com\/fi\/\",\"logo\":{\"@type\":\"ImageObject\",\"inLanguage\":\"fi\",\"@id\":\"https:\/\/old.holyland-olivewood.com\/fi\/#\/schema\/logo\/image\/\",\"url\":\"\",\"contentUrl\":\"\",\"caption\":\"Holy Land Olivewood\"},\"image\":{\"@id\":\"https:\/\/old.holyland-olivewood.com\/fi\/#\/schema\/logo\/image\/\"},\"sameAs\":[\"https:\/\/www.facebook.com\/holylandolivewood.bethlehem\/\",\"http:\/\/instagram.com\/holy.land.olive.wood\"]}]}<\/script>\n<!-- \/ Yoast SEO plugin. -->","yoast_head_json":{"title":"Oliivipuinen roikkuva syd\u00e4n joulukoristeet - 6 kpl #OR122 - Holy Land Olive Wood - Bethlehem Olive Wood Factory","description":"K\u00e4sinveistetyt oliivipuiset roikkuvat syd\u00e4men joulukoristeet Betlehemist\u00e4. Kauniisti muotoiltu, t\u00e4ydellinen lis\u00e4\u00e4m\u00e4\u00e4n merkityksellisen kosketuksen joulun sisustukseen.","robots":{"index":"index","follow":"follow","max-snippet":"max-snippet:-1","max-image-preview":"max-image-preview:large","max-video-preview":"max-video-preview:-1"},"canonical":"https:\/\/old.holyland-olivewood.com\/fi\/tuote\/oliivipuinen-roikkuva-sydan-joulukoristeet-6-kpl-or122\/","og_locale":"fi_FI","og_type":"article","og_title":"Oliivipuinen roikkuva syd\u00e4n joulukoristeet - 6 kpl #OR122 - Holy Land Olive Wood - Bethlehem Olive Wood Factory","og_description":"K\u00e4sinveistetyt oliivipuiset roikkuvat syd\u00e4men joulukoristeet Betlehemist\u00e4. Kauniisti muotoiltu, t\u00e4ydellinen lis\u00e4\u00e4m\u00e4\u00e4n merkityksellisen kosketuksen joulun sisustukseen.","og_url":"https:\/\/old.holyland-olivewood.com\/fi\/tuote\/oliivipuinen-roikkuva-sydan-joulukoristeet-6-kpl-or122\/","og_site_name":"Holy Land Olive Wood - Bethlehem Olive Wood Factory","article_publisher":"https:\/\/www.facebook.com\/holylandolivewood.bethlehem\/","og_image":[{"width":1550,"height":1200,"url":"https:\/\/old.holyland-olivewood.com\/wp-content\/uploads\/2024\/10\/olive-wood-hanging-heart-christmas-ornament-or122-1.jpg","type":"image\/jpeg"}],"twitter_card":"summary_large_image","schema":{"@context":"https:\/\/schema.org","@graph":[{"@type":"WebPage","@id":"https:\/\/old.holyland-olivewood.com\/fi\/tuote\/oliivipuinen-roikkuva-sydan-joulukoristeet-6-kpl-or122\/","url":"https:\/\/old.holyland-olivewood.com\/fi\/tuote\/oliivipuinen-roikkuva-sydan-joulukoristeet-6-kpl-or122\/","name":"Oliivipuinen roikkuva syd\u00e4n joulukoristeet - 6 kpl #OR122 - Holy Land Olive Wood - Bethlehem Olive Wood Factory","isPartOf":{"@id":"https:\/\/old.holyland-olivewood.com\/fi\/#website"},"primaryImageOfPage":{"@id":"https:\/\/old.holyland-olivewood.com\/fi\/tuote\/oliivipuinen-roikkuva-sydan-joulukoristeet-6-kpl-or122\/#primaryimage"},"image":{"@id":"https:\/\/old.holyland-olivewood.com\/fi\/tuote\/oliivipuinen-roikkuva-sydan-joulukoristeet-6-kpl-or122\/#primaryimage"},"thumbnailUrl":"https:\/\/old.holyland-olivewood.com\/wp-content\/uploads\/2024\/10\/olive-wood-hanging-heart-christmas-ornament-or122-1.jpg","datePublished":"2024-10-18T12:16:15+00:00","description":"K\u00e4sinveistetyt oliivipuiset roikkuvat syd\u00e4men joulukoristeet Betlehemist\u00e4. Kauniisti muotoiltu, t\u00e4ydellinen lis\u00e4\u00e4m\u00e4\u00e4n merkityksellisen kosketuksen joulun sisustukseen.","breadcrumb":{"@id":"https:\/\/old.holyland-olivewood.com\/fi\/tuote\/oliivipuinen-roikkuva-sydan-joulukoristeet-6-kpl-or122\/#breadcrumb"},"inLanguage":"fi","potentialAction":[{"@type":"ReadAction","target":["https:\/\/old.holyland-olivewood.com\/fi\/tuote\/oliivipuinen-roikkuva-sydan-joulukoristeet-6-kpl-or122\/"]}]},{"@type":"ImageObject","inLanguage":"fi","@id":"https:\/\/old.holyland-olivewood.com\/fi\/tuote\/oliivipuinen-roikkuva-sydan-joulukoristeet-6-kpl-or122\/#primaryimage","url":"https:\/\/old.holyland-olivewood.com\/wp-content\/uploads\/2024\/10\/olive-wood-hanging-heart-christmas-ornament-or122-1.jpg","contentUrl":"https:\/\/old.holyland-olivewood.com\/wp-content\/uploads\/2024\/10\/olive-wood-hanging-heart-christmas-ornament-or122-1.jpg","width":1550,"height":1200},{"@type":"BreadcrumbList","@id":"https:\/\/old.holyland-olivewood.com\/fi\/tuote\/oliivipuinen-roikkuva-sydan-joulukoristeet-6-kpl-or122\/#breadcrumb","itemListElement":[{"@type":"ListItem","position":1,"name":"Home","item":"https:\/\/old.holyland-olivewood.com\/fi\/"},{"@type":"ListItem","position":2,"name":"Shop","item":"https:\/\/old.holyland-olivewood.com\/fi\/shop\/"},{"@type":"ListItem","position":3,"name":"Oliivipuinen roikkuva syd\u00e4n joulukoristeet &#8211; 6 kpl #OR122"}]},{"@type":"WebSite","@id":"https:\/\/old.holyland-olivewood.com\/fi\/#website","url":"https:\/\/old.holyland-olivewood.com\/fi\/","name":"Holy Land Olive Wood - Bethlehem Olive Wood Factory","description":"Holy Land Olivewood Bethlehem","publisher":{"@id":"https:\/\/old.holyland-olivewood.com\/fi\/#organization"},"potentialAction":[{"@type":"SearchAction","target":{"@type":"EntryPoint","urlTemplate":"https:\/\/old.holyland-olivewood.com\/fi\/?s={search_term_string}"},"query-input":{"@type":"PropertyValueSpecification","valueRequired":true,"valueName":"search_term_string"}}],"inLanguage":"fi"},{"@type":"Organization","@id":"https:\/\/old.holyland-olivewood.com\/fi\/#organization","name":"Holy Land Olivewood","url":"https:\/\/old.holyland-olivewood.com\/fi\/","logo":{"@type":"ImageObject","inLanguage":"fi","@id":"https:\/\/old.holyland-olivewood.com\/fi\/#\/schema\/logo\/image\/","url":"","contentUrl":"","caption":"Holy Land Olivewood"},"image":{"@id":"https:\/\/old.holyland-olivewood.com\/fi\/#\/schema\/logo\/image\/"},"sameAs":["https:\/\/www.facebook.com\/holylandolivewood.bethlehem\/","http:\/\/instagram.com\/holy.land.olive.wood"]}]}},"_links":{"self":[{"href":"https:\/\/old.holyland-olivewood.com\/fi\/wp-json\/wp\/v2\/product\/55838","targetHints":{"allow":["GET"]}}],"collection":[{"href":"https:\/\/old.holyland-olivewood.com\/fi\/wp-json\/wp\/v2\/product"}],"about":[{"href":"https:\/\/old.holyland-olivewood.com\/fi\/wp-json\/wp\/v2\/types\/product"}],"wp:featuredmedia":[{"embeddable":true,"href":"https:\/\/old.holyland-olivewood.com\/fi\/wp-json\/wp\/v2\/media\/55839"}],"wp:attachment":[{"href":"https:\/\/old.holyland-olivewood.com\/fi\/wp-json\/wp\/v2\/media?parent=55838"}],"wp:term":[{"taxonomy":"product_brand","embeddable":true,"href":"https:\/\/old.holyland-olivewood.com\/fi\/wp-json\/wp\/v2\/product_brand?post=55838"},{"taxonomy":"product_cat","embeddable":true,"href":"https:\/\/old.holyland-olivewood.com\/fi\/wp-json\/wp\/v2\/product_cat?post=55838"},{"taxonomy":"product_tag","embeddable":true,"href":"https:\/\/old.holyland-olivewood.com\/fi\/wp-json\/wp\/v2\/product_tag?post=55838"}],"curies":[{"name":"wp","href":"https:\/\/api.w.org\/{rel}","templated":true}]}}