{"id":55794,"date":"2024-10-17T09:37:25","date_gmt":"2024-10-18T12:09:25","guid":{"rendered":"https:\/\/old.holyland-olivewood.com\/product\/kasin-veistetty-oliivipuun-sydan-avaimenpera-ke114\/"},"modified":"2024-10-18T12:09:25","modified_gmt":"2024-10-18T12:09:25","slug":"kasin-veistetty-oliivipuun-sydan-avaimenpera-ke114","status":"publish","type":"product","link":"https:\/\/old.holyland-olivewood.com\/fi\/tuote\/kasin-veistetty-oliivipuun-sydan-avaimenpera-ke114\/","title":{"rendered":"K\u00e4sin veistetty oliivipuun syd\u00e4n avaimenper\u00e4 #KE114"},"content":{"rendered":"","protected":false},"excerpt":{"rendered":"<p>T\u00e4m\u00e4 kaunis syd\u00e4menmuotoinen avaimenper\u00e4 on valmistettu k\u00e4sity\u00f6n\u00e4 Pyh\u00e4ss\u00e4 maassa kest\u00e4v\u00e4sti ker\u00e4tyst\u00e4, aidosta Betlehemin oliivipuusta. Tyylik\u00e4s ja ainutlaatuinen, k\u00e4sin kaiverrettu avaimenper\u00e4 on valmistettu Pyh\u00e4n maan oliivipuiden hienoimmista oliivipuukarsinnoista. Sen sile\u00e4 muotoilu sopii mukavasti k\u00e4mmenelle, mik\u00e4 tekee siit\u00e4 paitsi tyylikk\u00e4\u00e4n asusteen my\u00f6s mielekk\u00e4\u00e4n apuv\u00e4lineen rukoukseen tai meditaatioon.  <\/p>\n<p>T\u00e4m\u00e4 tuote sis\u00e4lt\u00e4\u00e4 aitoustodistuksen, joka vahvistaa t\u00e4m\u00e4n tuotteen valmistuksessa k\u00e4ytetyt materiaalit ja tekniikat.<\/p>\n<p>Koko: 5 cm (2&#8243;)<\/p>\n","protected":false},"featured_media":55795,"template":"","meta":[],"product_brand":[],"product_cat":[1678,2524],"product_tag":[4161,3753,3752,791,892,2616,934,940,921,4113,2611,4114,1698],"class_list":{"0":"post-55794","1":"product","2":"type-product","3":"status-publish","4":"has-post-thumbnail","6":"product_cat-sekalainen","7":"product_cat-avainnippuja","8":"product_tag-avaimenpera","9":"product_tag-avaimenperat","10":"product_tag-avainnippu","11":"product_tag-betlehem-fi","12":"product_tag-heinaekuu","13":"product_tag-koriste","14":"product_tag-kors-fi","15":"product_tag-krucifiks-fi","16":"product_tag-kunsthaandvaerk-fi","17":"product_tag-oliivipuu","18":"product_tag-ornamentti","19":"product_tag-risti-kadessa","20":"product_tag-sydan","22":"first","23":"instock","24":"shipping-taxable","25":"purchasable","26":"product-type-simple"},"yoast_head":"<!-- This site is optimized with the Yoast SEO plugin v24.8.1 - https:\/\/yoast.com\/wordpress\/plugins\/seo\/ -->\n<title>K\u00e4sin veistetty oliivipuun syd\u00e4n avaimenper\u00e4 #KE114 - Holy Land Olive Wood - Bethlehem Olive Wood Factory<\/title>\n<meta name=\"description\" content=\"K\u00e4sinveistetty oliivipuun syd\u00e4navaimenper\u00e4 Betlehemist\u00e4. Valmistettu aidosta oliivipuusta, kaunis ja merkityksellinen lis\u00e4varuste tai lahja mihin tahansa tilaisuuteen.\" \/>\n<meta name=\"robots\" content=\"index, follow, max-snippet:-1, max-image-preview:large, max-video-preview:-1\" \/>\n<link rel=\"canonical\" href=\"https:\/\/old.holyland-olivewood.com\/fi\/tuote\/kasin-veistetty-oliivipuun-sydan-avaimenpera-ke114\/\" \/>\n<meta property=\"og:locale\" content=\"fi_FI\" \/>\n<meta property=\"og:type\" content=\"article\" \/>\n<meta property=\"og:title\" content=\"K\u00e4sin veistetty oliivipuun syd\u00e4n avaimenper\u00e4 #KE114 - Holy Land Olive Wood - Bethlehem Olive Wood Factory\" \/>\n<meta property=\"og:description\" content=\"K\u00e4sinveistetty oliivipuun syd\u00e4navaimenper\u00e4 Betlehemist\u00e4. Valmistettu aidosta oliivipuusta, kaunis ja merkityksellinen lis\u00e4varuste tai lahja mihin tahansa tilaisuuteen.\" \/>\n<meta property=\"og:url\" content=\"https:\/\/old.holyland-olivewood.com\/fi\/tuote\/kasin-veistetty-oliivipuun-sydan-avaimenpera-ke114\/\" \/>\n<meta property=\"og:site_name\" content=\"Holy Land Olive Wood - Bethlehem Olive Wood Factory\" \/>\n<meta property=\"article:publisher\" content=\"https:\/\/www.facebook.com\/holylandolivewood.bethlehem\/\" \/>\n<meta property=\"og:image\" content=\"https:\/\/old.holyland-olivewood.com\/wp-content\/uploads\/2024\/10\/olive-wood-heart-keychain-bethlehem-ke114.jpg\" \/>\n\t<meta property=\"og:image:width\" content=\"1550\" \/>\n\t<meta property=\"og:image:height\" content=\"1200\" \/>\n\t<meta property=\"og:image:type\" content=\"image\/jpeg\" \/>\n<meta name=\"twitter:card\" content=\"summary_large_image\" \/>\n<script type=\"application\/ld+json\" class=\"yoast-schema-graph\">{\"@context\":\"https:\/\/schema.org\",\"@graph\":[{\"@type\":\"WebPage\",\"@id\":\"https:\/\/old.holyland-olivewood.com\/fi\/tuote\/kasin-veistetty-oliivipuun-sydan-avaimenpera-ke114\/\",\"url\":\"https:\/\/old.holyland-olivewood.com\/fi\/tuote\/kasin-veistetty-oliivipuun-sydan-avaimenpera-ke114\/\",\"name\":\"K\u00e4sin veistetty oliivipuun syd\u00e4n avaimenper\u00e4 #KE114 - Holy Land Olive Wood - Bethlehem Olive Wood Factory\",\"isPartOf\":{\"@id\":\"https:\/\/old.holyland-olivewood.com\/fi\/#website\"},\"primaryImageOfPage\":{\"@id\":\"https:\/\/old.holyland-olivewood.com\/fi\/tuote\/kasin-veistetty-oliivipuun-sydan-avaimenpera-ke114\/#primaryimage\"},\"image\":{\"@id\":\"https:\/\/old.holyland-olivewood.com\/fi\/tuote\/kasin-veistetty-oliivipuun-sydan-avaimenpera-ke114\/#primaryimage\"},\"thumbnailUrl\":\"https:\/\/old.holyland-olivewood.com\/wp-content\/uploads\/2024\/10\/olive-wood-heart-keychain-bethlehem-ke114.jpg\",\"datePublished\":\"2024-10-18T12:09:25+00:00\",\"description\":\"K\u00e4sinveistetty oliivipuun syd\u00e4navaimenper\u00e4 Betlehemist\u00e4. Valmistettu aidosta oliivipuusta, kaunis ja merkityksellinen lis\u00e4varuste tai lahja mihin tahansa tilaisuuteen.\",\"breadcrumb\":{\"@id\":\"https:\/\/old.holyland-olivewood.com\/fi\/tuote\/kasin-veistetty-oliivipuun-sydan-avaimenpera-ke114\/#breadcrumb\"},\"inLanguage\":\"fi\",\"potentialAction\":[{\"@type\":\"ReadAction\",\"target\":[\"https:\/\/old.holyland-olivewood.com\/fi\/tuote\/kasin-veistetty-oliivipuun-sydan-avaimenpera-ke114\/\"]}]},{\"@type\":\"ImageObject\",\"inLanguage\":\"fi\",\"@id\":\"https:\/\/old.holyland-olivewood.com\/fi\/tuote\/kasin-veistetty-oliivipuun-sydan-avaimenpera-ke114\/#primaryimage\",\"url\":\"https:\/\/old.holyland-olivewood.com\/wp-content\/uploads\/2024\/10\/olive-wood-heart-keychain-bethlehem-ke114.jpg\",\"contentUrl\":\"https:\/\/old.holyland-olivewood.com\/wp-content\/uploads\/2024\/10\/olive-wood-heart-keychain-bethlehem-ke114.jpg\",\"width\":1550,\"height\":1200},{\"@type\":\"BreadcrumbList\",\"@id\":\"https:\/\/old.holyland-olivewood.com\/fi\/tuote\/kasin-veistetty-oliivipuun-sydan-avaimenpera-ke114\/#breadcrumb\",\"itemListElement\":[{\"@type\":\"ListItem\",\"position\":1,\"name\":\"Home\",\"item\":\"https:\/\/old.holyland-olivewood.com\/fi\/\"},{\"@type\":\"ListItem\",\"position\":2,\"name\":\"Shop\",\"item\":\"https:\/\/old.holyland-olivewood.com\/fi\/shop\/\"},{\"@type\":\"ListItem\",\"position\":3,\"name\":\"K\u00e4sin veistetty oliivipuun syd\u00e4n avaimenper\u00e4 #KE114\"}]},{\"@type\":\"WebSite\",\"@id\":\"https:\/\/old.holyland-olivewood.com\/fi\/#website\",\"url\":\"https:\/\/old.holyland-olivewood.com\/fi\/\",\"name\":\"Holy Land Olive Wood - Bethlehem Olive Wood Factory\",\"description\":\"Holy Land Olivewood Bethlehem\",\"publisher\":{\"@id\":\"https:\/\/old.holyland-olivewood.com\/fi\/#organization\"},\"potentialAction\":[{\"@type\":\"SearchAction\",\"target\":{\"@type\":\"EntryPoint\",\"urlTemplate\":\"https:\/\/old.holyland-olivewood.com\/fi\/?s={search_term_string}\"},\"query-input\":{\"@type\":\"PropertyValueSpecification\",\"valueRequired\":true,\"valueName\":\"search_term_string\"}}],\"inLanguage\":\"fi\"},{\"@type\":\"Organization\",\"@id\":\"https:\/\/old.holyland-olivewood.com\/fi\/#organization\",\"name\":\"Holy Land Olivewood\",\"url\":\"https:\/\/old.holyland-olivewood.com\/fi\/\",\"logo\":{\"@type\":\"ImageObject\",\"inLanguage\":\"fi\",\"@id\":\"https:\/\/old.holyland-olivewood.com\/fi\/#\/schema\/logo\/image\/\",\"url\":\"\",\"contentUrl\":\"\",\"caption\":\"Holy Land Olivewood\"},\"image\":{\"@id\":\"https:\/\/old.holyland-olivewood.com\/fi\/#\/schema\/logo\/image\/\"},\"sameAs\":[\"https:\/\/www.facebook.com\/holylandolivewood.bethlehem\/\",\"http:\/\/instagram.com\/holy.land.olive.wood\"]}]}<\/script>\n<!-- \/ Yoast SEO plugin. -->","yoast_head_json":{"title":"K\u00e4sin veistetty oliivipuun syd\u00e4n avaimenper\u00e4 #KE114 - Holy Land Olive Wood - Bethlehem Olive Wood Factory","description":"K\u00e4sinveistetty oliivipuun syd\u00e4navaimenper\u00e4 Betlehemist\u00e4. Valmistettu aidosta oliivipuusta, kaunis ja merkityksellinen lis\u00e4varuste tai lahja mihin tahansa tilaisuuteen.","robots":{"index":"index","follow":"follow","max-snippet":"max-snippet:-1","max-image-preview":"max-image-preview:large","max-video-preview":"max-video-preview:-1"},"canonical":"https:\/\/old.holyland-olivewood.com\/fi\/tuote\/kasin-veistetty-oliivipuun-sydan-avaimenpera-ke114\/","og_locale":"fi_FI","og_type":"article","og_title":"K\u00e4sin veistetty oliivipuun syd\u00e4n avaimenper\u00e4 #KE114 - Holy Land Olive Wood - Bethlehem Olive Wood Factory","og_description":"K\u00e4sinveistetty oliivipuun syd\u00e4navaimenper\u00e4 Betlehemist\u00e4. Valmistettu aidosta oliivipuusta, kaunis ja merkityksellinen lis\u00e4varuste tai lahja mihin tahansa tilaisuuteen.","og_url":"https:\/\/old.holyland-olivewood.com\/fi\/tuote\/kasin-veistetty-oliivipuun-sydan-avaimenpera-ke114\/","og_site_name":"Holy Land Olive Wood - Bethlehem Olive Wood Factory","article_publisher":"https:\/\/www.facebook.com\/holylandolivewood.bethlehem\/","og_image":[{"width":1550,"height":1200,"url":"https:\/\/old.holyland-olivewood.com\/wp-content\/uploads\/2024\/10\/olive-wood-heart-keychain-bethlehem-ke114.jpg","type":"image\/jpeg"}],"twitter_card":"summary_large_image","schema":{"@context":"https:\/\/schema.org","@graph":[{"@type":"WebPage","@id":"https:\/\/old.holyland-olivewood.com\/fi\/tuote\/kasin-veistetty-oliivipuun-sydan-avaimenpera-ke114\/","url":"https:\/\/old.holyland-olivewood.com\/fi\/tuote\/kasin-veistetty-oliivipuun-sydan-avaimenpera-ke114\/","name":"K\u00e4sin veistetty oliivipuun syd\u00e4n avaimenper\u00e4 #KE114 - Holy Land Olive Wood - Bethlehem Olive Wood Factory","isPartOf":{"@id":"https:\/\/old.holyland-olivewood.com\/fi\/#website"},"primaryImageOfPage":{"@id":"https:\/\/old.holyland-olivewood.com\/fi\/tuote\/kasin-veistetty-oliivipuun-sydan-avaimenpera-ke114\/#primaryimage"},"image":{"@id":"https:\/\/old.holyland-olivewood.com\/fi\/tuote\/kasin-veistetty-oliivipuun-sydan-avaimenpera-ke114\/#primaryimage"},"thumbnailUrl":"https:\/\/old.holyland-olivewood.com\/wp-content\/uploads\/2024\/10\/olive-wood-heart-keychain-bethlehem-ke114.jpg","datePublished":"2024-10-18T12:09:25+00:00","description":"K\u00e4sinveistetty oliivipuun syd\u00e4navaimenper\u00e4 Betlehemist\u00e4. Valmistettu aidosta oliivipuusta, kaunis ja merkityksellinen lis\u00e4varuste tai lahja mihin tahansa tilaisuuteen.","breadcrumb":{"@id":"https:\/\/old.holyland-olivewood.com\/fi\/tuote\/kasin-veistetty-oliivipuun-sydan-avaimenpera-ke114\/#breadcrumb"},"inLanguage":"fi","potentialAction":[{"@type":"ReadAction","target":["https:\/\/old.holyland-olivewood.com\/fi\/tuote\/kasin-veistetty-oliivipuun-sydan-avaimenpera-ke114\/"]}]},{"@type":"ImageObject","inLanguage":"fi","@id":"https:\/\/old.holyland-olivewood.com\/fi\/tuote\/kasin-veistetty-oliivipuun-sydan-avaimenpera-ke114\/#primaryimage","url":"https:\/\/old.holyland-olivewood.com\/wp-content\/uploads\/2024\/10\/olive-wood-heart-keychain-bethlehem-ke114.jpg","contentUrl":"https:\/\/old.holyland-olivewood.com\/wp-content\/uploads\/2024\/10\/olive-wood-heart-keychain-bethlehem-ke114.jpg","width":1550,"height":1200},{"@type":"BreadcrumbList","@id":"https:\/\/old.holyland-olivewood.com\/fi\/tuote\/kasin-veistetty-oliivipuun-sydan-avaimenpera-ke114\/#breadcrumb","itemListElement":[{"@type":"ListItem","position":1,"name":"Home","item":"https:\/\/old.holyland-olivewood.com\/fi\/"},{"@type":"ListItem","position":2,"name":"Shop","item":"https:\/\/old.holyland-olivewood.com\/fi\/shop\/"},{"@type":"ListItem","position":3,"name":"K\u00e4sin veistetty oliivipuun syd\u00e4n avaimenper\u00e4 #KE114"}]},{"@type":"WebSite","@id":"https:\/\/old.holyland-olivewood.com\/fi\/#website","url":"https:\/\/old.holyland-olivewood.com\/fi\/","name":"Holy Land Olive Wood - Bethlehem Olive Wood Factory","description":"Holy Land Olivewood Bethlehem","publisher":{"@id":"https:\/\/old.holyland-olivewood.com\/fi\/#organization"},"potentialAction":[{"@type":"SearchAction","target":{"@type":"EntryPoint","urlTemplate":"https:\/\/old.holyland-olivewood.com\/fi\/?s={search_term_string}"},"query-input":{"@type":"PropertyValueSpecification","valueRequired":true,"valueName":"search_term_string"}}],"inLanguage":"fi"},{"@type":"Organization","@id":"https:\/\/old.holyland-olivewood.com\/fi\/#organization","name":"Holy Land Olivewood","url":"https:\/\/old.holyland-olivewood.com\/fi\/","logo":{"@type":"ImageObject","inLanguage":"fi","@id":"https:\/\/old.holyland-olivewood.com\/fi\/#\/schema\/logo\/image\/","url":"","contentUrl":"","caption":"Holy Land Olivewood"},"image":{"@id":"https:\/\/old.holyland-olivewood.com\/fi\/#\/schema\/logo\/image\/"},"sameAs":["https:\/\/www.facebook.com\/holylandolivewood.bethlehem\/","http:\/\/instagram.com\/holy.land.olive.wood"]}]}},"_links":{"self":[{"href":"https:\/\/old.holyland-olivewood.com\/fi\/wp-json\/wp\/v2\/product\/55794","targetHints":{"allow":["GET"]}}],"collection":[{"href":"https:\/\/old.holyland-olivewood.com\/fi\/wp-json\/wp\/v2\/product"}],"about":[{"href":"https:\/\/old.holyland-olivewood.com\/fi\/wp-json\/wp\/v2\/types\/product"}],"wp:featuredmedia":[{"embeddable":true,"href":"https:\/\/old.holyland-olivewood.com\/fi\/wp-json\/wp\/v2\/media\/55795"}],"wp:attachment":[{"href":"https:\/\/old.holyland-olivewood.com\/fi\/wp-json\/wp\/v2\/media?parent=55794"}],"wp:term":[{"taxonomy":"product_brand","embeddable":true,"href":"https:\/\/old.holyland-olivewood.com\/fi\/wp-json\/wp\/v2\/product_brand?post=55794"},{"taxonomy":"product_cat","embeddable":true,"href":"https:\/\/old.holyland-olivewood.com\/fi\/wp-json\/wp\/v2\/product_cat?post=55794"},{"taxonomy":"product_tag","embeddable":true,"href":"https:\/\/old.holyland-olivewood.com\/fi\/wp-json\/wp\/v2\/product_tag?post=55794"}],"curies":[{"name":"wp","href":"https:\/\/api.w.org\/{rel}","templated":true}]}}