{"id":52648,"date":"2022-09-29T15:41:16","date_gmt":"2022-09-29T20:32:27","guid":{"rendered":"https:\/\/old.holyland-olivewood.com\/product\/oliivipuinen-syntymaluolasetti-na143\/"},"modified":"2022-09-29T20:32:27","modified_gmt":"2022-09-29T20:32:27","slug":"oliivipuu-nativity-grotto-set-na143","status":"publish","type":"product","link":"https:\/\/old.holyland-olivewood.com\/fi\/tuote\/oliivipuu-nativity-grotto-set-na143\/","title":{"rendered":"Oliivipuinen syntym\u00e4luolasetti #NA143"},"content":{"rendered":"","protected":false},"excerpt":{"rendered":"<p>T\u00e4m\u00e4 kaunis, ainutlaatuisella talliosalla varustettu joulupuu on valmistettu k\u00e4sity\u00f6n\u00e4 Pyh\u00e4ss\u00e4 maassa kest\u00e4v\u00e4sti ker\u00e4tyst\u00e4, aidosta Betlehemin oliivipuusta. T\u00e4ss\u00e4 k\u00e4sintehtyyn kappaleeseen on k\u00e4ytetty ainoastaan Pyh\u00e4lt\u00e4 maalta per\u00e4isin olevia, ei-tuotannollisia oliivipuita, ja se paljastaa raa&#8217;an oliivipuun upeat raekuviot ilman lis\u00e4aineita tai tiivistysaineita. Hahmoihin kuuluvat Maria ja Joosef sek\u00e4 Jeesus, kolme tiet\u00e4j\u00e4\u00e4 ja pieni paimenpoika. El\u00e4imiin kuuluvat aasi, lehm\u00e4, kaksi karitsaa ja kolme kamelia. Se on kauniisti muotoiltu, ja se sopii erinomaisesti joulun juhlan keskeiseksi teemaksi.<\/p>\n<p>T\u00e4m\u00e4 Nativity Stable voi vaihdella kooltaan, muodoltaan ja ulkon\u00e4\u00f6lt\u00e4\u00e4n, koska oliivipuun jyv\u00e4n erilaiset kuviot ja se, ett\u00e4 se on k\u00e4sintehty, joten jokainen pala on ainutlaatuinen.<\/p>\n<p>T\u00e4m\u00e4 tuote sis\u00e4lt\u00e4\u00e4 aitoustodistuksen, joka vahvistaa t\u00e4m\u00e4n tuotteen valmistuksessa k\u00e4ytetyt materiaalit ja tekniikat.<\/p>\n<p>Koko: 23 cm x 35,5 cm x 39 cm (9&#8243; x 14&#8243; x 15,5&#8243;).<\/p>\n","protected":false},"featured_media":56809,"template":"","meta":[],"product_brand":[],"product_cat":[786,1319],"product_tag":[],"class_list":{"0":"post-52648","1":"product","2":"type-product","3":"status-publish","4":"has-post-thumbnail","6":"product_cat-kunsthaandvaerk-fi","7":"product_cat-syntymasarjat","9":"first","10":"instock","11":"shipping-taxable","12":"purchasable","13":"product-type-simple"},"yoast_head":"<!-- This site is optimized with the Yoast SEO plugin v24.8.1 - https:\/\/yoast.com\/wordpress\/plugins\/seo\/ -->\n<title>Oliivipuinen syntym\u00e4luolasetti #NA143 - Holy Land Olive Wood - Bethlehem Olive Wood Factory<\/title>\n<meta name=\"robots\" content=\"index, follow, max-snippet:-1, max-image-preview:large, max-video-preview:-1\" \/>\n<link rel=\"canonical\" href=\"https:\/\/old.holyland-olivewood.com\/fi\/tuote\/oliivipuu-nativity-grotto-set-na143\/\" \/>\n<meta property=\"og:locale\" content=\"fi_FI\" \/>\n<meta property=\"og:type\" content=\"article\" \/>\n<meta property=\"og:title\" content=\"Oliivipuinen syntym\u00e4luolasetti #NA143 - Holy Land Olive Wood - Bethlehem Olive Wood Factory\" \/>\n<meta property=\"og:description\" content=\"T\u00e4m\u00e4 kaunis, ainutlaatuisella talliosalla varustettu joulupuu on valmistettu k\u00e4sity\u00f6n\u00e4 Pyh\u00e4ss\u00e4 maassa kest\u00e4v\u00e4sti ker\u00e4tyst\u00e4, aidosta Betlehemin oliivipuusta. T\u00e4ss\u00e4 k\u00e4sintehtyyn kappaleeseen on k\u00e4ytetty ainoastaan Pyh\u00e4lt\u00e4 maalta per\u00e4isin olevia, ei-tuotannollisia oliivipuita, ja se paljastaa raa&#039;an oliivipuun upeat raekuviot ilman lis\u00e4aineita tai tiivistysaineita. Hahmoihin kuuluvat Maria ja Joosef sek\u00e4 Jeesus, kolme tiet\u00e4j\u00e4\u00e4 ja pieni paimenpoika. El\u00e4imiin kuuluvat aasi, lehm\u00e4, kaksi karitsaa ja kolme kamelia. Se on kauniisti muotoiltu, ja se sopii erinomaisesti joulun juhlan keskeiseksi teemaksi. T\u00e4m\u00e4 Nativity Stable voi vaihdella kooltaan, muodoltaan ja ulkon\u00e4\u00f6lt\u00e4\u00e4n, koska oliivipuun jyv\u00e4n erilaiset kuviot ja se, ett\u00e4 se on k\u00e4sintehty, joten jokainen pala on ainutlaatuinen. T\u00e4m\u00e4 tuote sis\u00e4lt\u00e4\u00e4 aitoustodistuksen, joka vahvistaa t\u00e4m\u00e4n tuotteen valmistuksessa k\u00e4ytetyt materiaalit ja tekniikat. Koko: 23 cm x 35,5 cm x 39 cm (9&quot; x 14&quot; x 15,5&quot;).\" \/>\n<meta property=\"og:url\" content=\"https:\/\/old.holyland-olivewood.com\/fi\/tuote\/oliivipuu-nativity-grotto-set-na143\/\" \/>\n<meta property=\"og:site_name\" content=\"Holy Land Olive Wood - Bethlehem Olive Wood Factory\" \/>\n<meta property=\"article:publisher\" content=\"https:\/\/www.facebook.com\/holylandolivewood.bethlehem\/\" \/>\n<meta property=\"og:image\" content=\"https:\/\/old.holyland-olivewood.com\/wp-content\/uploads\/2021\/08\/holy-land_olive_wood_nativity_set_bethlehem_na143-1.jpg\" \/>\n\t<meta property=\"og:image:width\" content=\"1550\" \/>\n\t<meta property=\"og:image:height\" content=\"1200\" \/>\n\t<meta property=\"og:image:type\" content=\"image\/jpeg\" \/>\n<meta name=\"twitter:card\" content=\"summary_large_image\" \/>\n<script type=\"application\/ld+json\" class=\"yoast-schema-graph\">{\"@context\":\"https:\/\/schema.org\",\"@graph\":[{\"@type\":\"WebPage\",\"@id\":\"https:\/\/old.holyland-olivewood.com\/fi\/tuote\/oliivipuu-nativity-grotto-set-na143\/\",\"url\":\"https:\/\/old.holyland-olivewood.com\/fi\/tuote\/oliivipuu-nativity-grotto-set-na143\/\",\"name\":\"Oliivipuinen syntym\u00e4luolasetti #NA143 - Holy Land Olive Wood - Bethlehem Olive Wood Factory\",\"isPartOf\":{\"@id\":\"https:\/\/old.holyland-olivewood.com\/fi\/#website\"},\"primaryImageOfPage\":{\"@id\":\"https:\/\/old.holyland-olivewood.com\/fi\/tuote\/oliivipuu-nativity-grotto-set-na143\/#primaryimage\"},\"image\":{\"@id\":\"https:\/\/old.holyland-olivewood.com\/fi\/tuote\/oliivipuu-nativity-grotto-set-na143\/#primaryimage\"},\"thumbnailUrl\":\"https:\/\/old.holyland-olivewood.com\/wp-content\/uploads\/2021\/08\/holy-land_olive_wood_nativity_set_bethlehem_na143-1.jpg\",\"datePublished\":\"2022-09-29T20:32:27+00:00\",\"breadcrumb\":{\"@id\":\"https:\/\/old.holyland-olivewood.com\/fi\/tuote\/oliivipuu-nativity-grotto-set-na143\/#breadcrumb\"},\"inLanguage\":\"fi\",\"potentialAction\":[{\"@type\":\"ReadAction\",\"target\":[\"https:\/\/old.holyland-olivewood.com\/fi\/tuote\/oliivipuu-nativity-grotto-set-na143\/\"]}]},{\"@type\":\"ImageObject\",\"inLanguage\":\"fi\",\"@id\":\"https:\/\/old.holyland-olivewood.com\/fi\/tuote\/oliivipuu-nativity-grotto-set-na143\/#primaryimage\",\"url\":\"https:\/\/old.holyland-olivewood.com\/wp-content\/uploads\/2021\/08\/holy-land_olive_wood_nativity_set_bethlehem_na143-1.jpg\",\"contentUrl\":\"https:\/\/old.holyland-olivewood.com\/wp-content\/uploads\/2021\/08\/holy-land_olive_wood_nativity_set_bethlehem_na143-1.jpg\",\"width\":1550,\"height\":1200},{\"@type\":\"BreadcrumbList\",\"@id\":\"https:\/\/old.holyland-olivewood.com\/fi\/tuote\/oliivipuu-nativity-grotto-set-na143\/#breadcrumb\",\"itemListElement\":[{\"@type\":\"ListItem\",\"position\":1,\"name\":\"Home\",\"item\":\"https:\/\/old.holyland-olivewood.com\/fi\/\"},{\"@type\":\"ListItem\",\"position\":2,\"name\":\"Shop\",\"item\":\"https:\/\/old.holyland-olivewood.com\/fi\/shop\/\"},{\"@type\":\"ListItem\",\"position\":3,\"name\":\"Oliivipuinen syntym\u00e4luolasetti #NA143\"}]},{\"@type\":\"WebSite\",\"@id\":\"https:\/\/old.holyland-olivewood.com\/fi\/#website\",\"url\":\"https:\/\/old.holyland-olivewood.com\/fi\/\",\"name\":\"Holy Land Olive Wood - Bethlehem Olive Wood Factory\",\"description\":\"Holy Land Olivewood Bethlehem\",\"publisher\":{\"@id\":\"https:\/\/old.holyland-olivewood.com\/fi\/#organization\"},\"potentialAction\":[{\"@type\":\"SearchAction\",\"target\":{\"@type\":\"EntryPoint\",\"urlTemplate\":\"https:\/\/old.holyland-olivewood.com\/fi\/?s={search_term_string}\"},\"query-input\":{\"@type\":\"PropertyValueSpecification\",\"valueRequired\":true,\"valueName\":\"search_term_string\"}}],\"inLanguage\":\"fi\"},{\"@type\":\"Organization\",\"@id\":\"https:\/\/old.holyland-olivewood.com\/fi\/#organization\",\"name\":\"Holy Land Olivewood\",\"url\":\"https:\/\/old.holyland-olivewood.com\/fi\/\",\"logo\":{\"@type\":\"ImageObject\",\"inLanguage\":\"fi\",\"@id\":\"https:\/\/old.holyland-olivewood.com\/fi\/#\/schema\/logo\/image\/\",\"url\":\"\",\"contentUrl\":\"\",\"caption\":\"Holy Land Olivewood\"},\"image\":{\"@id\":\"https:\/\/old.holyland-olivewood.com\/fi\/#\/schema\/logo\/image\/\"},\"sameAs\":[\"https:\/\/www.facebook.com\/holylandolivewood.bethlehem\/\",\"http:\/\/instagram.com\/holy.land.olive.wood\"]}]}<\/script>\n<!-- \/ Yoast SEO plugin. -->","yoast_head_json":{"title":"Oliivipuinen syntym\u00e4luolasetti #NA143 - Holy Land Olive Wood - Bethlehem Olive Wood Factory","robots":{"index":"index","follow":"follow","max-snippet":"max-snippet:-1","max-image-preview":"max-image-preview:large","max-video-preview":"max-video-preview:-1"},"canonical":"https:\/\/old.holyland-olivewood.com\/fi\/tuote\/oliivipuu-nativity-grotto-set-na143\/","og_locale":"fi_FI","og_type":"article","og_title":"Oliivipuinen syntym\u00e4luolasetti #NA143 - Holy Land Olive Wood - Bethlehem Olive Wood Factory","og_description":"T\u00e4m\u00e4 kaunis, ainutlaatuisella talliosalla varustettu joulupuu on valmistettu k\u00e4sity\u00f6n\u00e4 Pyh\u00e4ss\u00e4 maassa kest\u00e4v\u00e4sti ker\u00e4tyst\u00e4, aidosta Betlehemin oliivipuusta. T\u00e4ss\u00e4 k\u00e4sintehtyyn kappaleeseen on k\u00e4ytetty ainoastaan Pyh\u00e4lt\u00e4 maalta per\u00e4isin olevia, ei-tuotannollisia oliivipuita, ja se paljastaa raa'an oliivipuun upeat raekuviot ilman lis\u00e4aineita tai tiivistysaineita. Hahmoihin kuuluvat Maria ja Joosef sek\u00e4 Jeesus, kolme tiet\u00e4j\u00e4\u00e4 ja pieni paimenpoika. El\u00e4imiin kuuluvat aasi, lehm\u00e4, kaksi karitsaa ja kolme kamelia. Se on kauniisti muotoiltu, ja se sopii erinomaisesti joulun juhlan keskeiseksi teemaksi. T\u00e4m\u00e4 Nativity Stable voi vaihdella kooltaan, muodoltaan ja ulkon\u00e4\u00f6lt\u00e4\u00e4n, koska oliivipuun jyv\u00e4n erilaiset kuviot ja se, ett\u00e4 se on k\u00e4sintehty, joten jokainen pala on ainutlaatuinen. T\u00e4m\u00e4 tuote sis\u00e4lt\u00e4\u00e4 aitoustodistuksen, joka vahvistaa t\u00e4m\u00e4n tuotteen valmistuksessa k\u00e4ytetyt materiaalit ja tekniikat. Koko: 23 cm x 35,5 cm x 39 cm (9\" x 14\" x 15,5\").","og_url":"https:\/\/old.holyland-olivewood.com\/fi\/tuote\/oliivipuu-nativity-grotto-set-na143\/","og_site_name":"Holy Land Olive Wood - Bethlehem Olive Wood Factory","article_publisher":"https:\/\/www.facebook.com\/holylandolivewood.bethlehem\/","og_image":[{"width":1550,"height":1200,"url":"https:\/\/old.holyland-olivewood.com\/wp-content\/uploads\/2021\/08\/holy-land_olive_wood_nativity_set_bethlehem_na143-1.jpg","type":"image\/jpeg"}],"twitter_card":"summary_large_image","schema":{"@context":"https:\/\/schema.org","@graph":[{"@type":"WebPage","@id":"https:\/\/old.holyland-olivewood.com\/fi\/tuote\/oliivipuu-nativity-grotto-set-na143\/","url":"https:\/\/old.holyland-olivewood.com\/fi\/tuote\/oliivipuu-nativity-grotto-set-na143\/","name":"Oliivipuinen syntym\u00e4luolasetti #NA143 - Holy Land Olive Wood - Bethlehem Olive Wood Factory","isPartOf":{"@id":"https:\/\/old.holyland-olivewood.com\/fi\/#website"},"primaryImageOfPage":{"@id":"https:\/\/old.holyland-olivewood.com\/fi\/tuote\/oliivipuu-nativity-grotto-set-na143\/#primaryimage"},"image":{"@id":"https:\/\/old.holyland-olivewood.com\/fi\/tuote\/oliivipuu-nativity-grotto-set-na143\/#primaryimage"},"thumbnailUrl":"https:\/\/old.holyland-olivewood.com\/wp-content\/uploads\/2021\/08\/holy-land_olive_wood_nativity_set_bethlehem_na143-1.jpg","datePublished":"2022-09-29T20:32:27+00:00","breadcrumb":{"@id":"https:\/\/old.holyland-olivewood.com\/fi\/tuote\/oliivipuu-nativity-grotto-set-na143\/#breadcrumb"},"inLanguage":"fi","potentialAction":[{"@type":"ReadAction","target":["https:\/\/old.holyland-olivewood.com\/fi\/tuote\/oliivipuu-nativity-grotto-set-na143\/"]}]},{"@type":"ImageObject","inLanguage":"fi","@id":"https:\/\/old.holyland-olivewood.com\/fi\/tuote\/oliivipuu-nativity-grotto-set-na143\/#primaryimage","url":"https:\/\/old.holyland-olivewood.com\/wp-content\/uploads\/2021\/08\/holy-land_olive_wood_nativity_set_bethlehem_na143-1.jpg","contentUrl":"https:\/\/old.holyland-olivewood.com\/wp-content\/uploads\/2021\/08\/holy-land_olive_wood_nativity_set_bethlehem_na143-1.jpg","width":1550,"height":1200},{"@type":"BreadcrumbList","@id":"https:\/\/old.holyland-olivewood.com\/fi\/tuote\/oliivipuu-nativity-grotto-set-na143\/#breadcrumb","itemListElement":[{"@type":"ListItem","position":1,"name":"Home","item":"https:\/\/old.holyland-olivewood.com\/fi\/"},{"@type":"ListItem","position":2,"name":"Shop","item":"https:\/\/old.holyland-olivewood.com\/fi\/shop\/"},{"@type":"ListItem","position":3,"name":"Oliivipuinen syntym\u00e4luolasetti #NA143"}]},{"@type":"WebSite","@id":"https:\/\/old.holyland-olivewood.com\/fi\/#website","url":"https:\/\/old.holyland-olivewood.com\/fi\/","name":"Holy Land Olive Wood - Bethlehem Olive Wood Factory","description":"Holy Land Olivewood Bethlehem","publisher":{"@id":"https:\/\/old.holyland-olivewood.com\/fi\/#organization"},"potentialAction":[{"@type":"SearchAction","target":{"@type":"EntryPoint","urlTemplate":"https:\/\/old.holyland-olivewood.com\/fi\/?s={search_term_string}"},"query-input":{"@type":"PropertyValueSpecification","valueRequired":true,"valueName":"search_term_string"}}],"inLanguage":"fi"},{"@type":"Organization","@id":"https:\/\/old.holyland-olivewood.com\/fi\/#organization","name":"Holy Land Olivewood","url":"https:\/\/old.holyland-olivewood.com\/fi\/","logo":{"@type":"ImageObject","inLanguage":"fi","@id":"https:\/\/old.holyland-olivewood.com\/fi\/#\/schema\/logo\/image\/","url":"","contentUrl":"","caption":"Holy Land Olivewood"},"image":{"@id":"https:\/\/old.holyland-olivewood.com\/fi\/#\/schema\/logo\/image\/"},"sameAs":["https:\/\/www.facebook.com\/holylandolivewood.bethlehem\/","http:\/\/instagram.com\/holy.land.olive.wood"]}]}},"_links":{"self":[{"href":"https:\/\/old.holyland-olivewood.com\/fi\/wp-json\/wp\/v2\/product\/52648","targetHints":{"allow":["GET"]}}],"collection":[{"href":"https:\/\/old.holyland-olivewood.com\/fi\/wp-json\/wp\/v2\/product"}],"about":[{"href":"https:\/\/old.holyland-olivewood.com\/fi\/wp-json\/wp\/v2\/types\/product"}],"wp:featuredmedia":[{"embeddable":true,"href":"https:\/\/old.holyland-olivewood.com\/fi\/wp-json\/wp\/v2\/media\/56809"}],"wp:attachment":[{"href":"https:\/\/old.holyland-olivewood.com\/fi\/wp-json\/wp\/v2\/media?parent=52648"}],"wp:term":[{"taxonomy":"product_brand","embeddable":true,"href":"https:\/\/old.holyland-olivewood.com\/fi\/wp-json\/wp\/v2\/product_brand?post=52648"},{"taxonomy":"product_cat","embeddable":true,"href":"https:\/\/old.holyland-olivewood.com\/fi\/wp-json\/wp\/v2\/product_cat?post=52648"},{"taxonomy":"product_tag","embeddable":true,"href":"https:\/\/old.holyland-olivewood.com\/fi\/wp-json\/wp\/v2\/product_tag?post=52648"}],"curies":[{"name":"wp","href":"https:\/\/api.w.org\/{rel}","templated":true}]}}