{"id":46491,"date":"2016-05-30T20:08:35","date_gmt":"2022-02-11T18:47:23","guid":{"rendered":"https:\/\/old.holyland-olivewood.com\/product\/katolinen-oliivipuuristi-25-cm-975-cr115\/"},"modified":"2022-02-11T18:47:23","modified_gmt":"2022-02-11T18:47:23","slug":"katolinen-oliivi-puu-risti-25-cm-9-75","status":"publish","type":"product","link":"https:\/\/old.holyland-olivewood.com\/fi\/tuote\/katolinen-oliivi-puu-risti-25-cm-9-75\/","title":{"rendered":"Katolinen oliivipuuristi (25 cm \/ 9,75&#8221;&#8217; #CR115"},"content":{"rendered":"","protected":false},"excerpt":{"rendered":"<p>T\u00e4m\u00e4 perinteinen, puristinen risti on k\u00e4sintehty Pyh\u00e4ss\u00e4 maassa kest\u00e4v\u00e4sti korjatuista, aidoista Betlehem Olivewoodista.<\/p>\n<p>T\u00e4m\u00e4 risti on tarkka kopio ensimm\u00e4isist\u00e4 k\u00e4sintehdyist\u00e4 risteist\u00e4, jotka on tehty Betlehemiss\u00e4. Sen yksinkertainen muotoilu juontaa juurensa vuosisatoja sitten, kun eurooppalaiset ja my\u00f6hemm\u00e4t amerikkalaiset kristityt alkoivat ensin tehd\u00e4 pyhiinvaellusmatkat Betlehemiin ja etsiv\u00e4t matkamuistoja kotiin heid\u00e4n kanssaan. Siksi t\u00e4m\u00e4 teos yhdess\u00e4 k\u00e4sin ripustetusta tavallisesta oliivipuuroppaastamme loi oliivipuun k\u00e4sity\u00f6alan Betlehemiin.<\/p>\n<p>T\u00e4m\u00e4 tuote sis\u00e4lt\u00e4\u00e4 aitoustodistuksen, jossa tarkistetaan t\u00e4m\u00e4n tuotteen valmistuksessa k\u00e4ytetyt materiaalit ja tekniikat.<\/p>\n<p>Koko: 25 cm<\/p>\n","protected":false},"featured_media":27887,"template":"","meta":[],"product_brand":[],"product_cat":[786,777],"product_tag":[1009,977,904,791,946,963,878,913,892,854,867,861,997,1005,955,934,929,940,811,803,921,969,819,834,1000,1013,987,1015,884,797,825,842],"class_list":{"0":"post-46491","1":"product","2":"type-product","3":"status-publish","4":"has-post-thumbnail","6":"product_cat-kunsthaandvaerk-fi","7":"product_cat-kors-og-krucifikser-fi","8":"product_tag-14-fi","9":"product_tag-af-fi","10":"product_tag-antoi","11":"product_tag-betlehem-fi","12":"product_tag-boen-fi","13":"product_tag-foedselskirken-fi","14":"product_tag-haandlavet-fi","15":"product_tag-haandvaerk-fi","16":"product_tag-heinaekuu","17":"product_tag-hellig-fi","18":"product_tag-jerusalem-fi","19":"product_tag-jord-fi","20":"product_tag-katolsk-fi","21":"product_tag-keltisk-fi","22":"product_tag-kirke-fi","23":"product_tag-kors-fi","24":"product_tag-kristen-fi","25":"product_tag-krucifiks-fi","26":"product_tag-krucifikser-fi","27":"product_tag-krydser-fi","28":"product_tag-kunsthaandvaerk-fi","29":"product_tag-mor-fi","30":"product_tag-oliivi","31":"product_tag-oliventrae-fi","32":"product_tag-ortodoks-fi","33":"product_tag-paperikauppias","34":"product_tag-perle-fi","35":"product_tag-pesae","36":"product_tag-rosenkranit","37":"product_tag-rosenkranse-fi","38":"product_tag-trae-fi","39":"product_tag-udskaering-fi","41":"first","42":"instock","43":"shipping-taxable","44":"purchasable","45":"product-type-simple"},"yoast_head":"<!-- This site is optimized with the Yoast SEO plugin v24.8.1 - https:\/\/yoast.com\/wordpress\/plugins\/seo\/ -->\n<title>Katolinen oliivipuuristi (25 cm \/ 9,75&#039;&#039;&#039; #CR115 - Holy Land Olive Wood - Bethlehem Olive Wood Factory<\/title>\n<meta name=\"description\" content=\"Betlehem oliivipuun k\u00e4sity\u00f6t (eli ruusut, maap\u00e4hkin\u00e4t, ristit, krusifiksit, helmet) kyn\u00e4n aihiot, lohkot ja raaka-aine, vakio- ja mittasmitat\" \/>\n<meta name=\"robots\" content=\"index, follow, max-snippet:-1, max-image-preview:large, max-video-preview:-1\" \/>\n<link rel=\"canonical\" href=\"https:\/\/old.holyland-olivewood.com\/fi\/tuote\/katolinen-oliivi-puu-risti-25-cm-9-75\/\" \/>\n<meta property=\"og:locale\" content=\"fi_FI\" \/>\n<meta property=\"og:type\" content=\"article\" \/>\n<meta property=\"og:title\" content=\"Katolinen oliivipuuristi (25 cm \/ 9,75&#039;&#039;&#039; #CR115 - Holy Land Olive Wood - Bethlehem Olive Wood Factory\" \/>\n<meta property=\"og:description\" content=\"Betlehem oliivipuun k\u00e4sity\u00f6t (eli ruusut, maap\u00e4hkin\u00e4t, ristit, krusifiksit, helmet) kyn\u00e4n aihiot, lohkot ja raaka-aine, vakio- ja mittasmitat\" \/>\n<meta property=\"og:url\" content=\"https:\/\/old.holyland-olivewood.com\/fi\/tuote\/katolinen-oliivi-puu-risti-25-cm-9-75\/\" \/>\n<meta property=\"og:site_name\" content=\"Holy Land Olive Wood - Bethlehem Olive Wood Factory\" \/>\n<meta property=\"article:publisher\" content=\"https:\/\/www.facebook.com\/holylandolivewood.bethlehem\/\" \/>\n<meta property=\"og:image\" content=\"https:\/\/old.holyland-olivewood.com\/wp-content\/uploads\/2016\/05\/cross_holy_land_olive_wood_bethlehem_cr114tocr118.jpg\" \/>\n\t<meta property=\"og:image:width\" content=\"1550\" \/>\n\t<meta property=\"og:image:height\" content=\"1200\" \/>\n\t<meta property=\"og:image:type\" content=\"image\/jpeg\" \/>\n<meta name=\"twitter:card\" content=\"summary_large_image\" \/>\n<script type=\"application\/ld+json\" class=\"yoast-schema-graph\">{\"@context\":\"https:\/\/schema.org\",\"@graph\":[{\"@type\":\"WebPage\",\"@id\":\"https:\/\/old.holyland-olivewood.com\/fi\/tuote\/katolinen-oliivi-puu-risti-25-cm-9-75\/\",\"url\":\"https:\/\/old.holyland-olivewood.com\/fi\/tuote\/katolinen-oliivi-puu-risti-25-cm-9-75\/\",\"name\":\"Katolinen oliivipuuristi (25 cm \/ 9,75''' #CR115 - Holy Land Olive Wood - Bethlehem Olive Wood Factory\",\"isPartOf\":{\"@id\":\"https:\/\/old.holyland-olivewood.com\/fi\/#website\"},\"primaryImageOfPage\":{\"@id\":\"https:\/\/old.holyland-olivewood.com\/fi\/tuote\/katolinen-oliivi-puu-risti-25-cm-9-75\/#primaryimage\"},\"image\":{\"@id\":\"https:\/\/old.holyland-olivewood.com\/fi\/tuote\/katolinen-oliivi-puu-risti-25-cm-9-75\/#primaryimage\"},\"thumbnailUrl\":\"https:\/\/old.holyland-olivewood.com\/wp-content\/uploads\/2016\/05\/cross_holy_land_olive_wood_bethlehem_cr114tocr118.jpg\",\"datePublished\":\"2022-02-11T18:47:23+00:00\",\"description\":\"Betlehem oliivipuun k\u00e4sity\u00f6t (eli ruusut, maap\u00e4hkin\u00e4t, ristit, krusifiksit, helmet) kyn\u00e4n aihiot, lohkot ja raaka-aine, vakio- ja mittasmitat\",\"breadcrumb\":{\"@id\":\"https:\/\/old.holyland-olivewood.com\/fi\/tuote\/katolinen-oliivi-puu-risti-25-cm-9-75\/#breadcrumb\"},\"inLanguage\":\"fi\",\"potentialAction\":[{\"@type\":\"ReadAction\",\"target\":[\"https:\/\/old.holyland-olivewood.com\/fi\/tuote\/katolinen-oliivi-puu-risti-25-cm-9-75\/\"]}]},{\"@type\":\"ImageObject\",\"inLanguage\":\"fi\",\"@id\":\"https:\/\/old.holyland-olivewood.com\/fi\/tuote\/katolinen-oliivi-puu-risti-25-cm-9-75\/#primaryimage\",\"url\":\"https:\/\/old.holyland-olivewood.com\/wp-content\/uploads\/2016\/05\/cross_holy_land_olive_wood_bethlehem_cr114tocr118.jpg\",\"contentUrl\":\"https:\/\/old.holyland-olivewood.com\/wp-content\/uploads\/2016\/05\/cross_holy_land_olive_wood_bethlehem_cr114tocr118.jpg\",\"width\":1550,\"height\":1200},{\"@type\":\"BreadcrumbList\",\"@id\":\"https:\/\/old.holyland-olivewood.com\/fi\/tuote\/katolinen-oliivi-puu-risti-25-cm-9-75\/#breadcrumb\",\"itemListElement\":[{\"@type\":\"ListItem\",\"position\":1,\"name\":\"Home\",\"item\":\"https:\/\/old.holyland-olivewood.com\/fi\/\"},{\"@type\":\"ListItem\",\"position\":2,\"name\":\"Shop\",\"item\":\"https:\/\/old.holyland-olivewood.com\/fi\/shop\/\"},{\"@type\":\"ListItem\",\"position\":3,\"name\":\"Katolinen oliivipuuristi (25 cm \/ 9,75&#8221;&#8217; #CR115\"}]},{\"@type\":\"WebSite\",\"@id\":\"https:\/\/old.holyland-olivewood.com\/fi\/#website\",\"url\":\"https:\/\/old.holyland-olivewood.com\/fi\/\",\"name\":\"Holy Land Olive Wood - Bethlehem Olive Wood Factory\",\"description\":\"Holy Land Olivewood Bethlehem\",\"publisher\":{\"@id\":\"https:\/\/old.holyland-olivewood.com\/fi\/#organization\"},\"potentialAction\":[{\"@type\":\"SearchAction\",\"target\":{\"@type\":\"EntryPoint\",\"urlTemplate\":\"https:\/\/old.holyland-olivewood.com\/fi\/?s={search_term_string}\"},\"query-input\":{\"@type\":\"PropertyValueSpecification\",\"valueRequired\":true,\"valueName\":\"search_term_string\"}}],\"inLanguage\":\"fi\"},{\"@type\":\"Organization\",\"@id\":\"https:\/\/old.holyland-olivewood.com\/fi\/#organization\",\"name\":\"Holy Land Olivewood\",\"url\":\"https:\/\/old.holyland-olivewood.com\/fi\/\",\"logo\":{\"@type\":\"ImageObject\",\"inLanguage\":\"fi\",\"@id\":\"https:\/\/old.holyland-olivewood.com\/fi\/#\/schema\/logo\/image\/\",\"url\":\"\",\"contentUrl\":\"\",\"caption\":\"Holy Land Olivewood\"},\"image\":{\"@id\":\"https:\/\/old.holyland-olivewood.com\/fi\/#\/schema\/logo\/image\/\"},\"sameAs\":[\"https:\/\/www.facebook.com\/holylandolivewood.bethlehem\/\",\"http:\/\/instagram.com\/holy.land.olive.wood\"]}]}<\/script>\n<!-- \/ Yoast SEO plugin. -->","yoast_head_json":{"title":"Katolinen oliivipuuristi (25 cm \/ 9,75''' #CR115 - Holy Land Olive Wood - Bethlehem Olive Wood Factory","description":"Betlehem oliivipuun k\u00e4sity\u00f6t (eli ruusut, maap\u00e4hkin\u00e4t, ristit, krusifiksit, helmet) kyn\u00e4n aihiot, lohkot ja raaka-aine, vakio- ja mittasmitat","robots":{"index":"index","follow":"follow","max-snippet":"max-snippet:-1","max-image-preview":"max-image-preview:large","max-video-preview":"max-video-preview:-1"},"canonical":"https:\/\/old.holyland-olivewood.com\/fi\/tuote\/katolinen-oliivi-puu-risti-25-cm-9-75\/","og_locale":"fi_FI","og_type":"article","og_title":"Katolinen oliivipuuristi (25 cm \/ 9,75''' #CR115 - Holy Land Olive Wood - Bethlehem Olive Wood Factory","og_description":"Betlehem oliivipuun k\u00e4sity\u00f6t (eli ruusut, maap\u00e4hkin\u00e4t, ristit, krusifiksit, helmet) kyn\u00e4n aihiot, lohkot ja raaka-aine, vakio- ja mittasmitat","og_url":"https:\/\/old.holyland-olivewood.com\/fi\/tuote\/katolinen-oliivi-puu-risti-25-cm-9-75\/","og_site_name":"Holy Land Olive Wood - Bethlehem Olive Wood Factory","article_publisher":"https:\/\/www.facebook.com\/holylandolivewood.bethlehem\/","og_image":[{"width":1550,"height":1200,"url":"https:\/\/old.holyland-olivewood.com\/wp-content\/uploads\/2016\/05\/cross_holy_land_olive_wood_bethlehem_cr114tocr118.jpg","type":"image\/jpeg"}],"twitter_card":"summary_large_image","schema":{"@context":"https:\/\/schema.org","@graph":[{"@type":"WebPage","@id":"https:\/\/old.holyland-olivewood.com\/fi\/tuote\/katolinen-oliivi-puu-risti-25-cm-9-75\/","url":"https:\/\/old.holyland-olivewood.com\/fi\/tuote\/katolinen-oliivi-puu-risti-25-cm-9-75\/","name":"Katolinen oliivipuuristi (25 cm \/ 9,75''' #CR115 - Holy Land Olive Wood - Bethlehem Olive Wood Factory","isPartOf":{"@id":"https:\/\/old.holyland-olivewood.com\/fi\/#website"},"primaryImageOfPage":{"@id":"https:\/\/old.holyland-olivewood.com\/fi\/tuote\/katolinen-oliivi-puu-risti-25-cm-9-75\/#primaryimage"},"image":{"@id":"https:\/\/old.holyland-olivewood.com\/fi\/tuote\/katolinen-oliivi-puu-risti-25-cm-9-75\/#primaryimage"},"thumbnailUrl":"https:\/\/old.holyland-olivewood.com\/wp-content\/uploads\/2016\/05\/cross_holy_land_olive_wood_bethlehem_cr114tocr118.jpg","datePublished":"2022-02-11T18:47:23+00:00","description":"Betlehem oliivipuun k\u00e4sity\u00f6t (eli ruusut, maap\u00e4hkin\u00e4t, ristit, krusifiksit, helmet) kyn\u00e4n aihiot, lohkot ja raaka-aine, vakio- ja mittasmitat","breadcrumb":{"@id":"https:\/\/old.holyland-olivewood.com\/fi\/tuote\/katolinen-oliivi-puu-risti-25-cm-9-75\/#breadcrumb"},"inLanguage":"fi","potentialAction":[{"@type":"ReadAction","target":["https:\/\/old.holyland-olivewood.com\/fi\/tuote\/katolinen-oliivi-puu-risti-25-cm-9-75\/"]}]},{"@type":"ImageObject","inLanguage":"fi","@id":"https:\/\/old.holyland-olivewood.com\/fi\/tuote\/katolinen-oliivi-puu-risti-25-cm-9-75\/#primaryimage","url":"https:\/\/old.holyland-olivewood.com\/wp-content\/uploads\/2016\/05\/cross_holy_land_olive_wood_bethlehem_cr114tocr118.jpg","contentUrl":"https:\/\/old.holyland-olivewood.com\/wp-content\/uploads\/2016\/05\/cross_holy_land_olive_wood_bethlehem_cr114tocr118.jpg","width":1550,"height":1200},{"@type":"BreadcrumbList","@id":"https:\/\/old.holyland-olivewood.com\/fi\/tuote\/katolinen-oliivi-puu-risti-25-cm-9-75\/#breadcrumb","itemListElement":[{"@type":"ListItem","position":1,"name":"Home","item":"https:\/\/old.holyland-olivewood.com\/fi\/"},{"@type":"ListItem","position":2,"name":"Shop","item":"https:\/\/old.holyland-olivewood.com\/fi\/shop\/"},{"@type":"ListItem","position":3,"name":"Katolinen oliivipuuristi (25 cm \/ 9,75&#8221;&#8217; #CR115"}]},{"@type":"WebSite","@id":"https:\/\/old.holyland-olivewood.com\/fi\/#website","url":"https:\/\/old.holyland-olivewood.com\/fi\/","name":"Holy Land Olive Wood - Bethlehem Olive Wood Factory","description":"Holy Land Olivewood Bethlehem","publisher":{"@id":"https:\/\/old.holyland-olivewood.com\/fi\/#organization"},"potentialAction":[{"@type":"SearchAction","target":{"@type":"EntryPoint","urlTemplate":"https:\/\/old.holyland-olivewood.com\/fi\/?s={search_term_string}"},"query-input":{"@type":"PropertyValueSpecification","valueRequired":true,"valueName":"search_term_string"}}],"inLanguage":"fi"},{"@type":"Organization","@id":"https:\/\/old.holyland-olivewood.com\/fi\/#organization","name":"Holy Land Olivewood","url":"https:\/\/old.holyland-olivewood.com\/fi\/","logo":{"@type":"ImageObject","inLanguage":"fi","@id":"https:\/\/old.holyland-olivewood.com\/fi\/#\/schema\/logo\/image\/","url":"","contentUrl":"","caption":"Holy Land Olivewood"},"image":{"@id":"https:\/\/old.holyland-olivewood.com\/fi\/#\/schema\/logo\/image\/"},"sameAs":["https:\/\/www.facebook.com\/holylandolivewood.bethlehem\/","http:\/\/instagram.com\/holy.land.olive.wood"]}]}},"_links":{"self":[{"href":"https:\/\/old.holyland-olivewood.com\/fi\/wp-json\/wp\/v2\/product\/46491","targetHints":{"allow":["GET"]}}],"collection":[{"href":"https:\/\/old.holyland-olivewood.com\/fi\/wp-json\/wp\/v2\/product"}],"about":[{"href":"https:\/\/old.holyland-olivewood.com\/fi\/wp-json\/wp\/v2\/types\/product"}],"wp:featuredmedia":[{"embeddable":true,"href":"https:\/\/old.holyland-olivewood.com\/fi\/wp-json\/wp\/v2\/media\/27887"}],"wp:attachment":[{"href":"https:\/\/old.holyland-olivewood.com\/fi\/wp-json\/wp\/v2\/media?parent=46491"}],"wp:term":[{"taxonomy":"product_brand","embeddable":true,"href":"https:\/\/old.holyland-olivewood.com\/fi\/wp-json\/wp\/v2\/product_brand?post=46491"},{"taxonomy":"product_cat","embeddable":true,"href":"https:\/\/old.holyland-olivewood.com\/fi\/wp-json\/wp\/v2\/product_cat?post=46491"},{"taxonomy":"product_tag","embeddable":true,"href":"https:\/\/old.holyland-olivewood.com\/fi\/wp-json\/wp\/v2\/product_tag?post=46491"}],"curies":[{"name":"wp","href":"https:\/\/api.w.org\/{rel}","templated":true}]}}