{"id":46094,"date":"2016-05-30T21:20:49","date_gmt":"2022-02-11T13:47:32","guid":{"rendered":"https:\/\/old.holyland-olivewood.com\/product\/avainnipun-ke109\/"},"modified":"2022-02-11T13:47:32","modified_gmt":"2022-02-11T13:47:32","slug":"avainnippu","status":"publish","type":"product","link":"https:\/\/old.holyland-olivewood.com\/fi\/tuote\/avainnippu\/","title":{"rendered":"Avainnipun #KE109"},"content":{"rendered":"","protected":false},"excerpt":{"rendered":"<p>Korkealaatuinen metallinen avaimenper\u00e4, jossa on kuvake, joka avautuu, kauniisti ruusu kukka muotoinen. Betlehemin syntym\u00e4kirkossa siunattu lahja on ihanteellinen lahja rakkaillesi.<\/p>\n","protected":false},"featured_media":28127,"template":"","meta":[],"product_brand":[],"product_cat":[1678,2524],"product_tag":[904,3753,3752,791,963,878,913,892,854,848,867,861,3754,997,955,934,929,1692,921,1328,3751,819,834,1000,3755,1698,825,842],"class_list":{"0":"post-46094","1":"product","2":"type-product","3":"status-publish","4":"has-post-thumbnail","6":"product_cat-sekalainen","7":"product_cat-avainnippuja","8":"product_tag-antoi","9":"product_tag-avaimenperat","10":"product_tag-avainnippu","11":"product_tag-betlehem-fi","12":"product_tag-foedselskirken-fi","13":"product_tag-haandlavet-fi","14":"product_tag-haandvaerk-fi","15":"product_tag-heinaekuu","16":"product_tag-hellig-fi","17":"product_tag-jeesus","18":"product_tag-jerusalem-fi","19":"product_tag-jord-fi","20":"product_tag-kala","21":"product_tag-katolsk-fi","22":"product_tag-kirke-fi","23":"product_tag-kors-fi","24":"product_tag-kristen-fi","25":"product_tag-kristus-fi","26":"product_tag-kunsthaandvaerk-fi","27":"product_tag-lahjaa","28":"product_tag-metalli","29":"product_tag-oliivi","30":"product_tag-oliventrae-fi","31":"product_tag-ortodoks-fi","32":"product_tag-rakkaus","33":"product_tag-sydan","34":"product_tag-trae-fi","35":"product_tag-udskaering-fi","37":"first","38":"outofstock","39":"shipping-taxable","40":"purchasable","41":"product-type-simple"},"yoast_head":"<!-- This site is optimized with the Yoast SEO plugin v24.8.1 - https:\/\/yoast.com\/wordpress\/plugins\/seo\/ -->\n<title>Avainnipun #KE109 - Holy Land Olive Wood - Bethlehem Olive Wood Factory<\/title>\n<meta name=\"description\" content=\"Betlehem oliivipuun k\u00e4sity\u00f6t (eli avaimenper\u00e4t, keitti\u00f6v\u00e4lineet, syntym\u00e4sarjat, helmet)kyn\u00e4-aihiot kaiverrukset, lohkot ja raaka-aine vakio- ja mukautetuissa mitoissa.\" \/>\n<meta name=\"robots\" content=\"index, follow, max-snippet:-1, max-image-preview:large, max-video-preview:-1\" \/>\n<link rel=\"canonical\" href=\"https:\/\/old.holyland-olivewood.com\/fi\/tuote\/avainnippu\/\" \/>\n<meta property=\"og:locale\" content=\"fi_FI\" \/>\n<meta property=\"og:type\" content=\"article\" \/>\n<meta property=\"og:title\" content=\"Avainnipun #KE109 - Holy Land Olive Wood - Bethlehem Olive Wood Factory\" \/>\n<meta property=\"og:description\" content=\"Betlehem oliivipuun k\u00e4sity\u00f6t (eli avaimenper\u00e4t, keitti\u00f6v\u00e4lineet, syntym\u00e4sarjat, helmet)kyn\u00e4-aihiot kaiverrukset, lohkot ja raaka-aine vakio- ja mukautetuissa mitoissa.\" \/>\n<meta property=\"og:url\" content=\"https:\/\/old.holyland-olivewood.com\/fi\/tuote\/avainnippu\/\" \/>\n<meta property=\"og:site_name\" content=\"Holy Land Olive Wood - Bethlehem Olive Wood Factory\" \/>\n<meta property=\"article:publisher\" content=\"https:\/\/www.facebook.com\/holylandolivewood.bethlehem\/\" \/>\n<meta property=\"og:image\" content=\"https:\/\/old.holyland-olivewood.com\/wp-content\/uploads\/2016\/05\/keychains_holy_land_olive_wood_bethlehem_ke109.jpg\" \/>\n\t<meta property=\"og:image:width\" content=\"1550\" \/>\n\t<meta property=\"og:image:height\" content=\"1200\" \/>\n\t<meta property=\"og:image:type\" content=\"image\/jpeg\" \/>\n<meta name=\"twitter:card\" content=\"summary_large_image\" \/>\n<script type=\"application\/ld+json\" class=\"yoast-schema-graph\">{\"@context\":\"https:\/\/schema.org\",\"@graph\":[{\"@type\":\"WebPage\",\"@id\":\"https:\/\/old.holyland-olivewood.com\/fi\/tuote\/avainnippu\/\",\"url\":\"https:\/\/old.holyland-olivewood.com\/fi\/tuote\/avainnippu\/\",\"name\":\"Avainnipun #KE109 - Holy Land Olive Wood - Bethlehem Olive Wood Factory\",\"isPartOf\":{\"@id\":\"https:\/\/old.holyland-olivewood.com\/fi\/#website\"},\"primaryImageOfPage\":{\"@id\":\"https:\/\/old.holyland-olivewood.com\/fi\/tuote\/avainnippu\/#primaryimage\"},\"image\":{\"@id\":\"https:\/\/old.holyland-olivewood.com\/fi\/tuote\/avainnippu\/#primaryimage\"},\"thumbnailUrl\":\"https:\/\/old.holyland-olivewood.com\/wp-content\/uploads\/2016\/05\/keychains_holy_land_olive_wood_bethlehem_ke109.jpg\",\"datePublished\":\"2022-02-11T13:47:32+00:00\",\"description\":\"Betlehem oliivipuun k\u00e4sity\u00f6t (eli avaimenper\u00e4t, keitti\u00f6v\u00e4lineet, syntym\u00e4sarjat, helmet)kyn\u00e4-aihiot kaiverrukset, lohkot ja raaka-aine vakio- ja mukautetuissa mitoissa.\",\"breadcrumb\":{\"@id\":\"https:\/\/old.holyland-olivewood.com\/fi\/tuote\/avainnippu\/#breadcrumb\"},\"inLanguage\":\"fi\",\"potentialAction\":[{\"@type\":\"ReadAction\",\"target\":[\"https:\/\/old.holyland-olivewood.com\/fi\/tuote\/avainnippu\/\"]}]},{\"@type\":\"ImageObject\",\"inLanguage\":\"fi\",\"@id\":\"https:\/\/old.holyland-olivewood.com\/fi\/tuote\/avainnippu\/#primaryimage\",\"url\":\"https:\/\/old.holyland-olivewood.com\/wp-content\/uploads\/2016\/05\/keychains_holy_land_olive_wood_bethlehem_ke109.jpg\",\"contentUrl\":\"https:\/\/old.holyland-olivewood.com\/wp-content\/uploads\/2016\/05\/keychains_holy_land_olive_wood_bethlehem_ke109.jpg\",\"width\":1550,\"height\":1200},{\"@type\":\"BreadcrumbList\",\"@id\":\"https:\/\/old.holyland-olivewood.com\/fi\/tuote\/avainnippu\/#breadcrumb\",\"itemListElement\":[{\"@type\":\"ListItem\",\"position\":1,\"name\":\"Home\",\"item\":\"https:\/\/old.holyland-olivewood.com\/fi\/\"},{\"@type\":\"ListItem\",\"position\":2,\"name\":\"Shop\",\"item\":\"https:\/\/old.holyland-olivewood.com\/fi\/shop\/\"},{\"@type\":\"ListItem\",\"position\":3,\"name\":\"Avainnipun #KE109\"}]},{\"@type\":\"WebSite\",\"@id\":\"https:\/\/old.holyland-olivewood.com\/fi\/#website\",\"url\":\"https:\/\/old.holyland-olivewood.com\/fi\/\",\"name\":\"Holy Land Olive Wood - Bethlehem Olive Wood Factory\",\"description\":\"Holy Land Olivewood Bethlehem\",\"publisher\":{\"@id\":\"https:\/\/old.holyland-olivewood.com\/fi\/#organization\"},\"potentialAction\":[{\"@type\":\"SearchAction\",\"target\":{\"@type\":\"EntryPoint\",\"urlTemplate\":\"https:\/\/old.holyland-olivewood.com\/fi\/?s={search_term_string}\"},\"query-input\":{\"@type\":\"PropertyValueSpecification\",\"valueRequired\":true,\"valueName\":\"search_term_string\"}}],\"inLanguage\":\"fi\"},{\"@type\":\"Organization\",\"@id\":\"https:\/\/old.holyland-olivewood.com\/fi\/#organization\",\"name\":\"Holy Land Olivewood\",\"url\":\"https:\/\/old.holyland-olivewood.com\/fi\/\",\"logo\":{\"@type\":\"ImageObject\",\"inLanguage\":\"fi\",\"@id\":\"https:\/\/old.holyland-olivewood.com\/fi\/#\/schema\/logo\/image\/\",\"url\":\"\",\"contentUrl\":\"\",\"caption\":\"Holy Land Olivewood\"},\"image\":{\"@id\":\"https:\/\/old.holyland-olivewood.com\/fi\/#\/schema\/logo\/image\/\"},\"sameAs\":[\"https:\/\/www.facebook.com\/holylandolivewood.bethlehem\/\",\"http:\/\/instagram.com\/holy.land.olive.wood\"]}]}<\/script>\n<!-- \/ Yoast SEO plugin. -->","yoast_head_json":{"title":"Avainnipun #KE109 - Holy Land Olive Wood - Bethlehem Olive Wood Factory","description":"Betlehem oliivipuun k\u00e4sity\u00f6t (eli avaimenper\u00e4t, keitti\u00f6v\u00e4lineet, syntym\u00e4sarjat, helmet)kyn\u00e4-aihiot kaiverrukset, lohkot ja raaka-aine vakio- ja mukautetuissa mitoissa.","robots":{"index":"index","follow":"follow","max-snippet":"max-snippet:-1","max-image-preview":"max-image-preview:large","max-video-preview":"max-video-preview:-1"},"canonical":"https:\/\/old.holyland-olivewood.com\/fi\/tuote\/avainnippu\/","og_locale":"fi_FI","og_type":"article","og_title":"Avainnipun #KE109 - Holy Land Olive Wood - Bethlehem Olive Wood Factory","og_description":"Betlehem oliivipuun k\u00e4sity\u00f6t (eli avaimenper\u00e4t, keitti\u00f6v\u00e4lineet, syntym\u00e4sarjat, helmet)kyn\u00e4-aihiot kaiverrukset, lohkot ja raaka-aine vakio- ja mukautetuissa mitoissa.","og_url":"https:\/\/old.holyland-olivewood.com\/fi\/tuote\/avainnippu\/","og_site_name":"Holy Land Olive Wood - Bethlehem Olive Wood Factory","article_publisher":"https:\/\/www.facebook.com\/holylandolivewood.bethlehem\/","og_image":[{"width":1550,"height":1200,"url":"https:\/\/old.holyland-olivewood.com\/wp-content\/uploads\/2016\/05\/keychains_holy_land_olive_wood_bethlehem_ke109.jpg","type":"image\/jpeg"}],"twitter_card":"summary_large_image","schema":{"@context":"https:\/\/schema.org","@graph":[{"@type":"WebPage","@id":"https:\/\/old.holyland-olivewood.com\/fi\/tuote\/avainnippu\/","url":"https:\/\/old.holyland-olivewood.com\/fi\/tuote\/avainnippu\/","name":"Avainnipun #KE109 - Holy Land Olive Wood - Bethlehem Olive Wood Factory","isPartOf":{"@id":"https:\/\/old.holyland-olivewood.com\/fi\/#website"},"primaryImageOfPage":{"@id":"https:\/\/old.holyland-olivewood.com\/fi\/tuote\/avainnippu\/#primaryimage"},"image":{"@id":"https:\/\/old.holyland-olivewood.com\/fi\/tuote\/avainnippu\/#primaryimage"},"thumbnailUrl":"https:\/\/old.holyland-olivewood.com\/wp-content\/uploads\/2016\/05\/keychains_holy_land_olive_wood_bethlehem_ke109.jpg","datePublished":"2022-02-11T13:47:32+00:00","description":"Betlehem oliivipuun k\u00e4sity\u00f6t (eli avaimenper\u00e4t, keitti\u00f6v\u00e4lineet, syntym\u00e4sarjat, helmet)kyn\u00e4-aihiot kaiverrukset, lohkot ja raaka-aine vakio- ja mukautetuissa mitoissa.","breadcrumb":{"@id":"https:\/\/old.holyland-olivewood.com\/fi\/tuote\/avainnippu\/#breadcrumb"},"inLanguage":"fi","potentialAction":[{"@type":"ReadAction","target":["https:\/\/old.holyland-olivewood.com\/fi\/tuote\/avainnippu\/"]}]},{"@type":"ImageObject","inLanguage":"fi","@id":"https:\/\/old.holyland-olivewood.com\/fi\/tuote\/avainnippu\/#primaryimage","url":"https:\/\/old.holyland-olivewood.com\/wp-content\/uploads\/2016\/05\/keychains_holy_land_olive_wood_bethlehem_ke109.jpg","contentUrl":"https:\/\/old.holyland-olivewood.com\/wp-content\/uploads\/2016\/05\/keychains_holy_land_olive_wood_bethlehem_ke109.jpg","width":1550,"height":1200},{"@type":"BreadcrumbList","@id":"https:\/\/old.holyland-olivewood.com\/fi\/tuote\/avainnippu\/#breadcrumb","itemListElement":[{"@type":"ListItem","position":1,"name":"Home","item":"https:\/\/old.holyland-olivewood.com\/fi\/"},{"@type":"ListItem","position":2,"name":"Shop","item":"https:\/\/old.holyland-olivewood.com\/fi\/shop\/"},{"@type":"ListItem","position":3,"name":"Avainnipun #KE109"}]},{"@type":"WebSite","@id":"https:\/\/old.holyland-olivewood.com\/fi\/#website","url":"https:\/\/old.holyland-olivewood.com\/fi\/","name":"Holy Land Olive Wood - Bethlehem Olive Wood Factory","description":"Holy Land Olivewood Bethlehem","publisher":{"@id":"https:\/\/old.holyland-olivewood.com\/fi\/#organization"},"potentialAction":[{"@type":"SearchAction","target":{"@type":"EntryPoint","urlTemplate":"https:\/\/old.holyland-olivewood.com\/fi\/?s={search_term_string}"},"query-input":{"@type":"PropertyValueSpecification","valueRequired":true,"valueName":"search_term_string"}}],"inLanguage":"fi"},{"@type":"Organization","@id":"https:\/\/old.holyland-olivewood.com\/fi\/#organization","name":"Holy Land Olivewood","url":"https:\/\/old.holyland-olivewood.com\/fi\/","logo":{"@type":"ImageObject","inLanguage":"fi","@id":"https:\/\/old.holyland-olivewood.com\/fi\/#\/schema\/logo\/image\/","url":"","contentUrl":"","caption":"Holy Land Olivewood"},"image":{"@id":"https:\/\/old.holyland-olivewood.com\/fi\/#\/schema\/logo\/image\/"},"sameAs":["https:\/\/www.facebook.com\/holylandolivewood.bethlehem\/","http:\/\/instagram.com\/holy.land.olive.wood"]}]}},"_links":{"self":[{"href":"https:\/\/old.holyland-olivewood.com\/fi\/wp-json\/wp\/v2\/product\/46094","targetHints":{"allow":["GET"]}}],"collection":[{"href":"https:\/\/old.holyland-olivewood.com\/fi\/wp-json\/wp\/v2\/product"}],"about":[{"href":"https:\/\/old.holyland-olivewood.com\/fi\/wp-json\/wp\/v2\/types\/product"}],"wp:featuredmedia":[{"embeddable":true,"href":"https:\/\/old.holyland-olivewood.com\/fi\/wp-json\/wp\/v2\/media\/28127"}],"wp:attachment":[{"href":"https:\/\/old.holyland-olivewood.com\/fi\/wp-json\/wp\/v2\/media?parent=46094"}],"wp:term":[{"taxonomy":"product_brand","embeddable":true,"href":"https:\/\/old.holyland-olivewood.com\/fi\/wp-json\/wp\/v2\/product_brand?post=46094"},{"taxonomy":"product_cat","embeddable":true,"href":"https:\/\/old.holyland-olivewood.com\/fi\/wp-json\/wp\/v2\/product_cat?post=46094"},{"taxonomy":"product_tag","embeddable":true,"href":"https:\/\/old.holyland-olivewood.com\/fi\/wp-json\/wp\/v2\/product_tag?post=46094"}],"curies":[{"name":"wp","href":"https:\/\/api.w.org\/{rel}","templated":true}]}}