{"id":45382,"date":"2016-05-30T23:19:33","date_gmt":"2022-02-11T08:33:21","guid":{"rendered":"https:\/\/old.holyland-olivewood.com\/product\/pyhan-maan-helmi-rukousnauhan-aiti-r111\/"},"modified":"2022-02-11T08:33:21","modified_gmt":"2022-02-11T08:33:21","slug":"pyha-maa-helmiaiti-rukousnauha","status":"publish","type":"product","link":"https:\/\/old.holyland-olivewood.com\/fi\/tuote\/pyha-maa-helmiaiti-rukousnauha\/","title":{"rendered":"Pyh\u00e4n maan helmi rukousnauhan \u00e4iti #R111"},"content":{"rendered":"","protected":false},"excerpt":{"rendered":"<p>T\u00e4m\u00e4 rukousnauha koostuu 59 kiillotetusta valkoisesta helmest\u00e4, jotka on k\u00e4sintehty Pyh\u00e4ss\u00e4 maassa Helmi\u00e4idilt\u00e4, joka on korjattu V\u00e4limerelt\u00e4. T\u00e4ss\u00e4 rukousnauhassa on my\u00f6s valettu ja kiillotettu metallinen krusifiksi, metalliset kiinnityskohdat, ja se sis\u00e4lt\u00e4\u00e4 lasikapselin, joka sis\u00e4lt\u00e4\u00e4 maaper\u00e4\u00e4 ymp\u00e4r\u00f6ivilt\u00e4 Betlehemin kukkuloilta.<\/p>\n<p>T\u00e4m\u00e4 tuote sis\u00e4lt\u00e4\u00e4 aitoustodistuksen, jossa tarkistetaan t\u00e4m\u00e4n tuotteen valmistuksessa k\u00e4ytetyt materiaalit ja tekniikat.<\/p>\n<p>Koko: 55 cm<\/p>\n","protected":false},"featured_media":28643,"template":"","meta":[],"product_brand":[],"product_cat":[786,2332],"product_tag":[977,904,791,963,878,913,892,854,2354,2352,867,4079,1682,861,2334,997,955,2345,934,929,940,921,1328,969,819,834,1000,2353,987,2349,884,797,1689,2339,2355,2337,825,2343,842,2351],"class_list":{"0":"post-45382","1":"product","2":"type-product","3":"status-publish","4":"has-post-thumbnail","6":"product_cat-kunsthaandvaerk-fi","7":"product_cat-ruusut","8":"product_tag-af-fi","9":"product_tag-antoi","10":"product_tag-betlehem-fi","11":"product_tag-foedselskirken-fi","12":"product_tag-haandlavet-fi","13":"product_tag-haandvaerk-fi","14":"product_tag-heinaekuu","15":"product_tag-hellig-fi","16":"product_tag-hematiitti","17":"product_tag-hopea","18":"product_tag-jerusalem-fi","19":"product_tag-jesus-fi","20":"product_tag-joki","21":"product_tag-jord-fi","22":"product_tag-jumala","23":"product_tag-katolsk-fi","24":"product_tag-kirke-fi","25":"product_tag-koralli","26":"product_tag-kors-fi","27":"product_tag-kristen-fi","28":"product_tag-krucifiks-fi","29":"product_tag-kunsthaandvaerk-fi","30":"product_tag-lahjaa","31":"product_tag-mor-fi","32":"product_tag-oliivi","33":"product_tag-oliventrae-fi","34":"product_tag-ortodoks-fi","35":"product_tag-paallystetty","36":"product_tag-perle-fi","37":"product_tag-punainen","38":"product_tag-rosenkranit","39":"product_tag-rosenkranse-fi","40":"product_tag-rukoileminen","41":"product_tag-seina","42":"product_tag-tasanko","43":"product_tag-teralehti","44":"product_tag-trae-fi","45":"product_tag-turkoosi","46":"product_tag-udskaering-fi","47":"product_tag-vaaleanpunainen","49":"first","50":"instock","51":"shipping-taxable","52":"purchasable","53":"product-type-simple"},"yoast_head":"<!-- This site is optimized with the Yoast SEO plugin v24.8.1 - https:\/\/yoast.com\/wordpress\/plugins\/seo\/ -->\n<title>Pyh\u00e4n maan helmi rukousnauhan \u00e4iti #R111 - Holy Land Olive Wood - Bethlehem Olive Wood Factory<\/title>\n<meta name=\"description\" content=\"Betlehem oliivipuun k\u00e4sity\u00f6t (eli ruusukkeet, koristeet, magneetit, helmet)kyn\u00e4-aihiot kaiverrukset, laatat, lohkot,&amp;raaka-aine vakio- ja mittasaldoina\" \/>\n<meta name=\"robots\" content=\"index, follow, max-snippet:-1, max-image-preview:large, max-video-preview:-1\" \/>\n<link rel=\"canonical\" href=\"https:\/\/old.holyland-olivewood.com\/fi\/tuote\/pyha-maa-helmiaiti-rukousnauha\/\" \/>\n<meta property=\"og:locale\" content=\"fi_FI\" \/>\n<meta property=\"og:type\" content=\"article\" \/>\n<meta property=\"og:title\" content=\"Pyh\u00e4n maan helmi rukousnauhan \u00e4iti #R111 - Holy Land Olive Wood - Bethlehem Olive Wood Factory\" \/>\n<meta property=\"og:description\" content=\"Betlehem oliivipuun k\u00e4sity\u00f6t (eli ruusukkeet, koristeet, magneetit, helmet)kyn\u00e4-aihiot kaiverrukset, laatat, lohkot,&amp;raaka-aine vakio- ja mittasaldoina\" \/>\n<meta property=\"og:url\" content=\"https:\/\/old.holyland-olivewood.com\/fi\/tuote\/pyha-maa-helmiaiti-rukousnauha\/\" \/>\n<meta property=\"og:site_name\" content=\"Holy Land Olive Wood - Bethlehem Olive Wood Factory\" \/>\n<meta property=\"article:publisher\" content=\"https:\/\/www.facebook.com\/holylandolivewood.bethlehem\/\" \/>\n<meta property=\"og:image\" content=\"https:\/\/old.holyland-olivewood.com\/wp-content\/uploads\/2016\/05\/mother_of_pearl_rosary_holy_land_olive_wood_bethlehem_r111.jpg\" \/>\n\t<meta property=\"og:image:width\" content=\"1550\" \/>\n\t<meta property=\"og:image:height\" content=\"1200\" \/>\n\t<meta property=\"og:image:type\" content=\"image\/jpeg\" \/>\n<meta name=\"twitter:card\" content=\"summary_large_image\" \/>\n<script type=\"application\/ld+json\" class=\"yoast-schema-graph\">{\"@context\":\"https:\/\/schema.org\",\"@graph\":[{\"@type\":\"WebPage\",\"@id\":\"https:\/\/old.holyland-olivewood.com\/fi\/tuote\/pyha-maa-helmiaiti-rukousnauha\/\",\"url\":\"https:\/\/old.holyland-olivewood.com\/fi\/tuote\/pyha-maa-helmiaiti-rukousnauha\/\",\"name\":\"Pyh\u00e4n maan helmi rukousnauhan \u00e4iti #R111 - Holy Land Olive Wood - Bethlehem Olive Wood Factory\",\"isPartOf\":{\"@id\":\"https:\/\/old.holyland-olivewood.com\/fi\/#website\"},\"primaryImageOfPage\":{\"@id\":\"https:\/\/old.holyland-olivewood.com\/fi\/tuote\/pyha-maa-helmiaiti-rukousnauha\/#primaryimage\"},\"image\":{\"@id\":\"https:\/\/old.holyland-olivewood.com\/fi\/tuote\/pyha-maa-helmiaiti-rukousnauha\/#primaryimage\"},\"thumbnailUrl\":\"https:\/\/old.holyland-olivewood.com\/wp-content\/uploads\/2016\/05\/mother_of_pearl_rosary_holy_land_olive_wood_bethlehem_r111.jpg\",\"datePublished\":\"2022-02-11T08:33:21+00:00\",\"description\":\"Betlehem oliivipuun k\u00e4sity\u00f6t (eli ruusukkeet, koristeet, magneetit, helmet)kyn\u00e4-aihiot kaiverrukset, laatat, lohkot,&raaka-aine vakio- ja mittasaldoina\",\"breadcrumb\":{\"@id\":\"https:\/\/old.holyland-olivewood.com\/fi\/tuote\/pyha-maa-helmiaiti-rukousnauha\/#breadcrumb\"},\"inLanguage\":\"fi\",\"potentialAction\":[{\"@type\":\"ReadAction\",\"target\":[\"https:\/\/old.holyland-olivewood.com\/fi\/tuote\/pyha-maa-helmiaiti-rukousnauha\/\"]}]},{\"@type\":\"ImageObject\",\"inLanguage\":\"fi\",\"@id\":\"https:\/\/old.holyland-olivewood.com\/fi\/tuote\/pyha-maa-helmiaiti-rukousnauha\/#primaryimage\",\"url\":\"https:\/\/old.holyland-olivewood.com\/wp-content\/uploads\/2016\/05\/mother_of_pearl_rosary_holy_land_olive_wood_bethlehem_r111.jpg\",\"contentUrl\":\"https:\/\/old.holyland-olivewood.com\/wp-content\/uploads\/2016\/05\/mother_of_pearl_rosary_holy_land_olive_wood_bethlehem_r111.jpg\",\"width\":1550,\"height\":1200},{\"@type\":\"BreadcrumbList\",\"@id\":\"https:\/\/old.holyland-olivewood.com\/fi\/tuote\/pyha-maa-helmiaiti-rukousnauha\/#breadcrumb\",\"itemListElement\":[{\"@type\":\"ListItem\",\"position\":1,\"name\":\"Home\",\"item\":\"https:\/\/old.holyland-olivewood.com\/fi\/\"},{\"@type\":\"ListItem\",\"position\":2,\"name\":\"Shop\",\"item\":\"https:\/\/old.holyland-olivewood.com\/fi\/shop\/\"},{\"@type\":\"ListItem\",\"position\":3,\"name\":\"Pyh\u00e4n maan helmi rukousnauhan \u00e4iti #R111\"}]},{\"@type\":\"WebSite\",\"@id\":\"https:\/\/old.holyland-olivewood.com\/fi\/#website\",\"url\":\"https:\/\/old.holyland-olivewood.com\/fi\/\",\"name\":\"Holy Land Olive Wood - Bethlehem Olive Wood Factory\",\"description\":\"Holy Land Olivewood Bethlehem\",\"publisher\":{\"@id\":\"https:\/\/old.holyland-olivewood.com\/fi\/#organization\"},\"potentialAction\":[{\"@type\":\"SearchAction\",\"target\":{\"@type\":\"EntryPoint\",\"urlTemplate\":\"https:\/\/old.holyland-olivewood.com\/fi\/?s={search_term_string}\"},\"query-input\":{\"@type\":\"PropertyValueSpecification\",\"valueRequired\":true,\"valueName\":\"search_term_string\"}}],\"inLanguage\":\"fi\"},{\"@type\":\"Organization\",\"@id\":\"https:\/\/old.holyland-olivewood.com\/fi\/#organization\",\"name\":\"Holy Land Olivewood\",\"url\":\"https:\/\/old.holyland-olivewood.com\/fi\/\",\"logo\":{\"@type\":\"ImageObject\",\"inLanguage\":\"fi\",\"@id\":\"https:\/\/old.holyland-olivewood.com\/fi\/#\/schema\/logo\/image\/\",\"url\":\"\",\"contentUrl\":\"\",\"caption\":\"Holy Land Olivewood\"},\"image\":{\"@id\":\"https:\/\/old.holyland-olivewood.com\/fi\/#\/schema\/logo\/image\/\"},\"sameAs\":[\"https:\/\/www.facebook.com\/holylandolivewood.bethlehem\/\",\"http:\/\/instagram.com\/holy.land.olive.wood\"]}]}<\/script>\n<!-- \/ Yoast SEO plugin. -->","yoast_head_json":{"title":"Pyh\u00e4n maan helmi rukousnauhan \u00e4iti #R111 - Holy Land Olive Wood - Bethlehem Olive Wood Factory","description":"Betlehem oliivipuun k\u00e4sity\u00f6t (eli ruusukkeet, koristeet, magneetit, helmet)kyn\u00e4-aihiot kaiverrukset, laatat, lohkot,&raaka-aine vakio- ja mittasaldoina","robots":{"index":"index","follow":"follow","max-snippet":"max-snippet:-1","max-image-preview":"max-image-preview:large","max-video-preview":"max-video-preview:-1"},"canonical":"https:\/\/old.holyland-olivewood.com\/fi\/tuote\/pyha-maa-helmiaiti-rukousnauha\/","og_locale":"fi_FI","og_type":"article","og_title":"Pyh\u00e4n maan helmi rukousnauhan \u00e4iti #R111 - Holy Land Olive Wood - Bethlehem Olive Wood Factory","og_description":"Betlehem oliivipuun k\u00e4sity\u00f6t (eli ruusukkeet, koristeet, magneetit, helmet)kyn\u00e4-aihiot kaiverrukset, laatat, lohkot,&raaka-aine vakio- ja mittasaldoina","og_url":"https:\/\/old.holyland-olivewood.com\/fi\/tuote\/pyha-maa-helmiaiti-rukousnauha\/","og_site_name":"Holy Land Olive Wood - Bethlehem Olive Wood Factory","article_publisher":"https:\/\/www.facebook.com\/holylandolivewood.bethlehem\/","og_image":[{"width":1550,"height":1200,"url":"https:\/\/old.holyland-olivewood.com\/wp-content\/uploads\/2016\/05\/mother_of_pearl_rosary_holy_land_olive_wood_bethlehem_r111.jpg","type":"image\/jpeg"}],"twitter_card":"summary_large_image","schema":{"@context":"https:\/\/schema.org","@graph":[{"@type":"WebPage","@id":"https:\/\/old.holyland-olivewood.com\/fi\/tuote\/pyha-maa-helmiaiti-rukousnauha\/","url":"https:\/\/old.holyland-olivewood.com\/fi\/tuote\/pyha-maa-helmiaiti-rukousnauha\/","name":"Pyh\u00e4n maan helmi rukousnauhan \u00e4iti #R111 - Holy Land Olive Wood - Bethlehem Olive Wood Factory","isPartOf":{"@id":"https:\/\/old.holyland-olivewood.com\/fi\/#website"},"primaryImageOfPage":{"@id":"https:\/\/old.holyland-olivewood.com\/fi\/tuote\/pyha-maa-helmiaiti-rukousnauha\/#primaryimage"},"image":{"@id":"https:\/\/old.holyland-olivewood.com\/fi\/tuote\/pyha-maa-helmiaiti-rukousnauha\/#primaryimage"},"thumbnailUrl":"https:\/\/old.holyland-olivewood.com\/wp-content\/uploads\/2016\/05\/mother_of_pearl_rosary_holy_land_olive_wood_bethlehem_r111.jpg","datePublished":"2022-02-11T08:33:21+00:00","description":"Betlehem oliivipuun k\u00e4sity\u00f6t (eli ruusukkeet, koristeet, magneetit, helmet)kyn\u00e4-aihiot kaiverrukset, laatat, lohkot,&raaka-aine vakio- ja mittasaldoina","breadcrumb":{"@id":"https:\/\/old.holyland-olivewood.com\/fi\/tuote\/pyha-maa-helmiaiti-rukousnauha\/#breadcrumb"},"inLanguage":"fi","potentialAction":[{"@type":"ReadAction","target":["https:\/\/old.holyland-olivewood.com\/fi\/tuote\/pyha-maa-helmiaiti-rukousnauha\/"]}]},{"@type":"ImageObject","inLanguage":"fi","@id":"https:\/\/old.holyland-olivewood.com\/fi\/tuote\/pyha-maa-helmiaiti-rukousnauha\/#primaryimage","url":"https:\/\/old.holyland-olivewood.com\/wp-content\/uploads\/2016\/05\/mother_of_pearl_rosary_holy_land_olive_wood_bethlehem_r111.jpg","contentUrl":"https:\/\/old.holyland-olivewood.com\/wp-content\/uploads\/2016\/05\/mother_of_pearl_rosary_holy_land_olive_wood_bethlehem_r111.jpg","width":1550,"height":1200},{"@type":"BreadcrumbList","@id":"https:\/\/old.holyland-olivewood.com\/fi\/tuote\/pyha-maa-helmiaiti-rukousnauha\/#breadcrumb","itemListElement":[{"@type":"ListItem","position":1,"name":"Home","item":"https:\/\/old.holyland-olivewood.com\/fi\/"},{"@type":"ListItem","position":2,"name":"Shop","item":"https:\/\/old.holyland-olivewood.com\/fi\/shop\/"},{"@type":"ListItem","position":3,"name":"Pyh\u00e4n maan helmi rukousnauhan \u00e4iti #R111"}]},{"@type":"WebSite","@id":"https:\/\/old.holyland-olivewood.com\/fi\/#website","url":"https:\/\/old.holyland-olivewood.com\/fi\/","name":"Holy Land Olive Wood - Bethlehem Olive Wood Factory","description":"Holy Land Olivewood Bethlehem","publisher":{"@id":"https:\/\/old.holyland-olivewood.com\/fi\/#organization"},"potentialAction":[{"@type":"SearchAction","target":{"@type":"EntryPoint","urlTemplate":"https:\/\/old.holyland-olivewood.com\/fi\/?s={search_term_string}"},"query-input":{"@type":"PropertyValueSpecification","valueRequired":true,"valueName":"search_term_string"}}],"inLanguage":"fi"},{"@type":"Organization","@id":"https:\/\/old.holyland-olivewood.com\/fi\/#organization","name":"Holy Land Olivewood","url":"https:\/\/old.holyland-olivewood.com\/fi\/","logo":{"@type":"ImageObject","inLanguage":"fi","@id":"https:\/\/old.holyland-olivewood.com\/fi\/#\/schema\/logo\/image\/","url":"","contentUrl":"","caption":"Holy Land Olivewood"},"image":{"@id":"https:\/\/old.holyland-olivewood.com\/fi\/#\/schema\/logo\/image\/"},"sameAs":["https:\/\/www.facebook.com\/holylandolivewood.bethlehem\/","http:\/\/instagram.com\/holy.land.olive.wood"]}]}},"_links":{"self":[{"href":"https:\/\/old.holyland-olivewood.com\/fi\/wp-json\/wp\/v2\/product\/45382","targetHints":{"allow":["GET"]}}],"collection":[{"href":"https:\/\/old.holyland-olivewood.com\/fi\/wp-json\/wp\/v2\/product"}],"about":[{"href":"https:\/\/old.holyland-olivewood.com\/fi\/wp-json\/wp\/v2\/types\/product"}],"wp:featuredmedia":[{"embeddable":true,"href":"https:\/\/old.holyland-olivewood.com\/fi\/wp-json\/wp\/v2\/media\/28643"}],"wp:attachment":[{"href":"https:\/\/old.holyland-olivewood.com\/fi\/wp-json\/wp\/v2\/media?parent=45382"}],"wp:term":[{"taxonomy":"product_brand","embeddable":true,"href":"https:\/\/old.holyland-olivewood.com\/fi\/wp-json\/wp\/v2\/product_brand?post=45382"},{"taxonomy":"product_cat","embeddable":true,"href":"https:\/\/old.holyland-olivewood.com\/fi\/wp-json\/wp\/v2\/product_cat?post=45382"},{"taxonomy":"product_tag","embeddable":true,"href":"https:\/\/old.holyland-olivewood.com\/fi\/wp-json\/wp\/v2\/product_tag?post=45382"}],"curies":[{"name":"wp","href":"https:\/\/api.w.org\/{rel}","templated":true}]}}