{"id":44625,"date":"2016-05-31T08:10:08","date_gmt":"2022-02-10T18:40:24","guid":{"rendered":"https:\/\/old.holyland-olivewood.com\/product\/helmi-riipuksen-aiti-j132\/"},"modified":"2022-02-10T18:40:24","modified_gmt":"2022-02-10T18:40:24","slug":"helmi-riipus-2","status":"publish","type":"product","link":"https:\/\/old.holyland-olivewood.com\/fi\/tuote\/helmi-riipus-2\/","title":{"rendered":"Helmi riipuksen \u00e4iti #J132"},"content":{"rendered":"","protected":false},"excerpt":{"rendered":"<p>Pieni ja yksinkertainen, mutta eritt\u00e4in tyylik\u00e4s kelttil\u00e4inen risti, jonka ammattitaitoiset k\u00e4sity\u00f6l\u00e4iset ovat huolellisesti valmistaneet Pyh\u00e4n maan kaupungissa Betlehemiss\u00e4 V\u00e4limeren helmen \u00e4idilt\u00e4. T\u00e4m\u00e4 risti n\u00e4kyy usein Irlannissa ja muissa maissa, joissa kelttil\u00e4iset perinteet muokkasivat yhteiskuntaa.<\/p>\n<p>Koko: 2 cm<\/p>\n","protected":false},"featured_media":29658,"template":"","meta":[],"product_brand":[],"product_cat":[786,2041],"product_tag":[904,791,946,963,878,913,892,854,867,4079,861,1694,997,2073,1005,955,934,2044,2063,2082,929,940,921,2089,819,834,1000,2077,2068,2053,1689,2058,2050,825,842],"class_list":{"0":"post-44625","1":"product","2":"type-product","3":"status-publish","4":"has-post-thumbnail","6":"product_cat-kunsthaandvaerk-fi","7":"product_cat-korut","8":"product_tag-antoi","9":"product_tag-betlehem-fi","10":"product_tag-boen-fi","11":"product_tag-foedselskirken-fi","12":"product_tag-haandlavet-fi","13":"product_tag-haandvaerk-fi","14":"product_tag-heinaekuu","15":"product_tag-hellig-fi","16":"product_tag-jerusalem-fi","17":"product_tag-jesus-fi","18":"product_tag-jord-fi","19":"product_tag-kadet","20":"product_tag-katolsk-fi","21":"product_tag-kaulakoru","22":"product_tag-keltisk-fi","23":"product_tag-kirke-fi","24":"product_tag-kors-fi","25":"product_tag-korut","26":"product_tag-korvakorut","27":"product_tag-koysi","28":"product_tag-kristen-fi","29":"product_tag-krucifiks-fi","30":"product_tag-kunsthaandvaerk-fi","31":"product_tag-merkkijono","32":"product_tag-oliivi","33":"product_tag-oliventrae-fi","34":"product_tag-ortodoks-fi","35":"product_tag-rannerengas","36":"product_tag-riipus","37":"product_tag-rintaneula","38":"product_tag-rukoileminen","39":"product_tag-tappi","40":"product_tag-tau-fi","41":"product_tag-trae-fi","42":"product_tag-udskaering-fi","44":"first","45":"instock","46":"shipping-taxable","47":"purchasable","48":"product-type-simple"},"yoast_head":"<!-- This site is optimized with the Yoast SEO plugin v24.8.1 - https:\/\/yoast.com\/wordpress\/plugins\/seo\/ -->\n<title>Helmi riipuksen \u00e4iti #J132 - Holy Land Olive Wood - Bethlehem Olive Wood Factory<\/title>\n<meta name=\"description\" content=\"Betlehem oliivipuun k\u00e4sity\u00f6t (korut, jerusalem, riipus, korvakorut, helmet) kyn\u00e4-aihiot, rannekoru ja raaka varasto vakio- ja mukautetuissa mitoissa.\" \/>\n<meta name=\"robots\" content=\"index, follow, max-snippet:-1, max-image-preview:large, max-video-preview:-1\" \/>\n<link rel=\"canonical\" href=\"https:\/\/old.holyland-olivewood.com\/fi\/tuote\/helmi-riipus-2\/\" \/>\n<meta property=\"og:locale\" content=\"fi_FI\" \/>\n<meta property=\"og:type\" content=\"article\" \/>\n<meta property=\"og:title\" content=\"Helmi riipuksen \u00e4iti #J132 - Holy Land Olive Wood - Bethlehem Olive Wood Factory\" \/>\n<meta property=\"og:description\" content=\"Betlehem oliivipuun k\u00e4sity\u00f6t (korut, jerusalem, riipus, korvakorut, helmet) kyn\u00e4-aihiot, rannekoru ja raaka varasto vakio- ja mukautetuissa mitoissa.\" \/>\n<meta property=\"og:url\" content=\"https:\/\/old.holyland-olivewood.com\/fi\/tuote\/helmi-riipus-2\/\" \/>\n<meta property=\"og:site_name\" content=\"Holy Land Olive Wood - Bethlehem Olive Wood Factory\" \/>\n<meta property=\"article:publisher\" content=\"https:\/\/www.facebook.com\/holylandolivewood.bethlehem\/\" \/>\n<meta property=\"og:image\" content=\"https:\/\/old.holyland-olivewood.com\/wp-content\/uploads\/2016\/05\/mother_of_pearl_pendant_holy_land_olive_wood_bethlehem_j132.jpg\" \/>\n\t<meta property=\"og:image:width\" content=\"1550\" \/>\n\t<meta property=\"og:image:height\" content=\"1200\" \/>\n\t<meta property=\"og:image:type\" content=\"image\/jpeg\" \/>\n<meta name=\"twitter:card\" content=\"summary_large_image\" \/>\n<script type=\"application\/ld+json\" class=\"yoast-schema-graph\">{\"@context\":\"https:\/\/schema.org\",\"@graph\":[{\"@type\":\"WebPage\",\"@id\":\"https:\/\/old.holyland-olivewood.com\/fi\/tuote\/helmi-riipus-2\/\",\"url\":\"https:\/\/old.holyland-olivewood.com\/fi\/tuote\/helmi-riipus-2\/\",\"name\":\"Helmi riipuksen \u00e4iti #J132 - Holy Land Olive Wood - Bethlehem Olive Wood Factory\",\"isPartOf\":{\"@id\":\"https:\/\/old.holyland-olivewood.com\/fi\/#website\"},\"primaryImageOfPage\":{\"@id\":\"https:\/\/old.holyland-olivewood.com\/fi\/tuote\/helmi-riipus-2\/#primaryimage\"},\"image\":{\"@id\":\"https:\/\/old.holyland-olivewood.com\/fi\/tuote\/helmi-riipus-2\/#primaryimage\"},\"thumbnailUrl\":\"https:\/\/old.holyland-olivewood.com\/wp-content\/uploads\/2016\/05\/mother_of_pearl_pendant_holy_land_olive_wood_bethlehem_j132.jpg\",\"datePublished\":\"2022-02-10T18:40:24+00:00\",\"description\":\"Betlehem oliivipuun k\u00e4sity\u00f6t (korut, jerusalem, riipus, korvakorut, helmet) kyn\u00e4-aihiot, rannekoru ja raaka varasto vakio- ja mukautetuissa mitoissa.\",\"breadcrumb\":{\"@id\":\"https:\/\/old.holyland-olivewood.com\/fi\/tuote\/helmi-riipus-2\/#breadcrumb\"},\"inLanguage\":\"fi\",\"potentialAction\":[{\"@type\":\"ReadAction\",\"target\":[\"https:\/\/old.holyland-olivewood.com\/fi\/tuote\/helmi-riipus-2\/\"]}]},{\"@type\":\"ImageObject\",\"inLanguage\":\"fi\",\"@id\":\"https:\/\/old.holyland-olivewood.com\/fi\/tuote\/helmi-riipus-2\/#primaryimage\",\"url\":\"https:\/\/old.holyland-olivewood.com\/wp-content\/uploads\/2016\/05\/mother_of_pearl_pendant_holy_land_olive_wood_bethlehem_j132.jpg\",\"contentUrl\":\"https:\/\/old.holyland-olivewood.com\/wp-content\/uploads\/2016\/05\/mother_of_pearl_pendant_holy_land_olive_wood_bethlehem_j132.jpg\",\"width\":1550,\"height\":1200},{\"@type\":\"BreadcrumbList\",\"@id\":\"https:\/\/old.holyland-olivewood.com\/fi\/tuote\/helmi-riipus-2\/#breadcrumb\",\"itemListElement\":[{\"@type\":\"ListItem\",\"position\":1,\"name\":\"Home\",\"item\":\"https:\/\/old.holyland-olivewood.com\/fi\/\"},{\"@type\":\"ListItem\",\"position\":2,\"name\":\"Shop\",\"item\":\"https:\/\/old.holyland-olivewood.com\/fi\/shop\/\"},{\"@type\":\"ListItem\",\"position\":3,\"name\":\"Helmi riipuksen \u00e4iti #J132\"}]},{\"@type\":\"WebSite\",\"@id\":\"https:\/\/old.holyland-olivewood.com\/fi\/#website\",\"url\":\"https:\/\/old.holyland-olivewood.com\/fi\/\",\"name\":\"Holy Land Olive Wood - Bethlehem Olive Wood Factory\",\"description\":\"Holy Land Olivewood Bethlehem\",\"publisher\":{\"@id\":\"https:\/\/old.holyland-olivewood.com\/fi\/#organization\"},\"potentialAction\":[{\"@type\":\"SearchAction\",\"target\":{\"@type\":\"EntryPoint\",\"urlTemplate\":\"https:\/\/old.holyland-olivewood.com\/fi\/?s={search_term_string}\"},\"query-input\":{\"@type\":\"PropertyValueSpecification\",\"valueRequired\":true,\"valueName\":\"search_term_string\"}}],\"inLanguage\":\"fi\"},{\"@type\":\"Organization\",\"@id\":\"https:\/\/old.holyland-olivewood.com\/fi\/#organization\",\"name\":\"Holy Land Olivewood\",\"url\":\"https:\/\/old.holyland-olivewood.com\/fi\/\",\"logo\":{\"@type\":\"ImageObject\",\"inLanguage\":\"fi\",\"@id\":\"https:\/\/old.holyland-olivewood.com\/fi\/#\/schema\/logo\/image\/\",\"url\":\"\",\"contentUrl\":\"\",\"caption\":\"Holy Land Olivewood\"},\"image\":{\"@id\":\"https:\/\/old.holyland-olivewood.com\/fi\/#\/schema\/logo\/image\/\"},\"sameAs\":[\"https:\/\/www.facebook.com\/holylandolivewood.bethlehem\/\",\"http:\/\/instagram.com\/holy.land.olive.wood\"]}]}<\/script>\n<!-- \/ Yoast SEO plugin. -->","yoast_head_json":{"title":"Helmi riipuksen \u00e4iti #J132 - Holy Land Olive Wood - Bethlehem Olive Wood Factory","description":"Betlehem oliivipuun k\u00e4sity\u00f6t (korut, jerusalem, riipus, korvakorut, helmet) kyn\u00e4-aihiot, rannekoru ja raaka varasto vakio- ja mukautetuissa mitoissa.","robots":{"index":"index","follow":"follow","max-snippet":"max-snippet:-1","max-image-preview":"max-image-preview:large","max-video-preview":"max-video-preview:-1"},"canonical":"https:\/\/old.holyland-olivewood.com\/fi\/tuote\/helmi-riipus-2\/","og_locale":"fi_FI","og_type":"article","og_title":"Helmi riipuksen \u00e4iti #J132 - Holy Land Olive Wood - Bethlehem Olive Wood Factory","og_description":"Betlehem oliivipuun k\u00e4sity\u00f6t (korut, jerusalem, riipus, korvakorut, helmet) kyn\u00e4-aihiot, rannekoru ja raaka varasto vakio- ja mukautetuissa mitoissa.","og_url":"https:\/\/old.holyland-olivewood.com\/fi\/tuote\/helmi-riipus-2\/","og_site_name":"Holy Land Olive Wood - Bethlehem Olive Wood Factory","article_publisher":"https:\/\/www.facebook.com\/holylandolivewood.bethlehem\/","og_image":[{"width":1550,"height":1200,"url":"https:\/\/old.holyland-olivewood.com\/wp-content\/uploads\/2016\/05\/mother_of_pearl_pendant_holy_land_olive_wood_bethlehem_j132.jpg","type":"image\/jpeg"}],"twitter_card":"summary_large_image","schema":{"@context":"https:\/\/schema.org","@graph":[{"@type":"WebPage","@id":"https:\/\/old.holyland-olivewood.com\/fi\/tuote\/helmi-riipus-2\/","url":"https:\/\/old.holyland-olivewood.com\/fi\/tuote\/helmi-riipus-2\/","name":"Helmi riipuksen \u00e4iti #J132 - Holy Land Olive Wood - Bethlehem Olive Wood Factory","isPartOf":{"@id":"https:\/\/old.holyland-olivewood.com\/fi\/#website"},"primaryImageOfPage":{"@id":"https:\/\/old.holyland-olivewood.com\/fi\/tuote\/helmi-riipus-2\/#primaryimage"},"image":{"@id":"https:\/\/old.holyland-olivewood.com\/fi\/tuote\/helmi-riipus-2\/#primaryimage"},"thumbnailUrl":"https:\/\/old.holyland-olivewood.com\/wp-content\/uploads\/2016\/05\/mother_of_pearl_pendant_holy_land_olive_wood_bethlehem_j132.jpg","datePublished":"2022-02-10T18:40:24+00:00","description":"Betlehem oliivipuun k\u00e4sity\u00f6t (korut, jerusalem, riipus, korvakorut, helmet) kyn\u00e4-aihiot, rannekoru ja raaka varasto vakio- ja mukautetuissa mitoissa.","breadcrumb":{"@id":"https:\/\/old.holyland-olivewood.com\/fi\/tuote\/helmi-riipus-2\/#breadcrumb"},"inLanguage":"fi","potentialAction":[{"@type":"ReadAction","target":["https:\/\/old.holyland-olivewood.com\/fi\/tuote\/helmi-riipus-2\/"]}]},{"@type":"ImageObject","inLanguage":"fi","@id":"https:\/\/old.holyland-olivewood.com\/fi\/tuote\/helmi-riipus-2\/#primaryimage","url":"https:\/\/old.holyland-olivewood.com\/wp-content\/uploads\/2016\/05\/mother_of_pearl_pendant_holy_land_olive_wood_bethlehem_j132.jpg","contentUrl":"https:\/\/old.holyland-olivewood.com\/wp-content\/uploads\/2016\/05\/mother_of_pearl_pendant_holy_land_olive_wood_bethlehem_j132.jpg","width":1550,"height":1200},{"@type":"BreadcrumbList","@id":"https:\/\/old.holyland-olivewood.com\/fi\/tuote\/helmi-riipus-2\/#breadcrumb","itemListElement":[{"@type":"ListItem","position":1,"name":"Home","item":"https:\/\/old.holyland-olivewood.com\/fi\/"},{"@type":"ListItem","position":2,"name":"Shop","item":"https:\/\/old.holyland-olivewood.com\/fi\/shop\/"},{"@type":"ListItem","position":3,"name":"Helmi riipuksen \u00e4iti #J132"}]},{"@type":"WebSite","@id":"https:\/\/old.holyland-olivewood.com\/fi\/#website","url":"https:\/\/old.holyland-olivewood.com\/fi\/","name":"Holy Land Olive Wood - Bethlehem Olive Wood Factory","description":"Holy Land Olivewood Bethlehem","publisher":{"@id":"https:\/\/old.holyland-olivewood.com\/fi\/#organization"},"potentialAction":[{"@type":"SearchAction","target":{"@type":"EntryPoint","urlTemplate":"https:\/\/old.holyland-olivewood.com\/fi\/?s={search_term_string}"},"query-input":{"@type":"PropertyValueSpecification","valueRequired":true,"valueName":"search_term_string"}}],"inLanguage":"fi"},{"@type":"Organization","@id":"https:\/\/old.holyland-olivewood.com\/fi\/#organization","name":"Holy Land Olivewood","url":"https:\/\/old.holyland-olivewood.com\/fi\/","logo":{"@type":"ImageObject","inLanguage":"fi","@id":"https:\/\/old.holyland-olivewood.com\/fi\/#\/schema\/logo\/image\/","url":"","contentUrl":"","caption":"Holy Land Olivewood"},"image":{"@id":"https:\/\/old.holyland-olivewood.com\/fi\/#\/schema\/logo\/image\/"},"sameAs":["https:\/\/www.facebook.com\/holylandolivewood.bethlehem\/","http:\/\/instagram.com\/holy.land.olive.wood"]}]}},"_links":{"self":[{"href":"https:\/\/old.holyland-olivewood.com\/fi\/wp-json\/wp\/v2\/product\/44625","targetHints":{"allow":["GET"]}}],"collection":[{"href":"https:\/\/old.holyland-olivewood.com\/fi\/wp-json\/wp\/v2\/product"}],"about":[{"href":"https:\/\/old.holyland-olivewood.com\/fi\/wp-json\/wp\/v2\/types\/product"}],"wp:featuredmedia":[{"embeddable":true,"href":"https:\/\/old.holyland-olivewood.com\/fi\/wp-json\/wp\/v2\/media\/29658"}],"wp:attachment":[{"href":"https:\/\/old.holyland-olivewood.com\/fi\/wp-json\/wp\/v2\/media?parent=44625"}],"wp:term":[{"taxonomy":"product_brand","embeddable":true,"href":"https:\/\/old.holyland-olivewood.com\/fi\/wp-json\/wp\/v2\/product_brand?post=44625"},{"taxonomy":"product_cat","embeddable":true,"href":"https:\/\/old.holyland-olivewood.com\/fi\/wp-json\/wp\/v2\/product_cat?post=44625"},{"taxonomy":"product_tag","embeddable":true,"href":"https:\/\/old.holyland-olivewood.com\/fi\/wp-json\/wp\/v2\/product_tag?post=44625"}],"curies":[{"name":"wp","href":"https:\/\/api.w.org\/{rel}","templated":true}]}}