{"id":44415,"date":"2016-05-31T08:24:31","date_gmt":"2022-02-10T18:01:46","guid":{"rendered":"https:\/\/old.holyland-olivewood.com\/product\/oliivi-puu-kaulakoru-tau-cross-j136\/"},"modified":"2022-02-10T18:01:46","modified_gmt":"2022-02-10T18:01:46","slug":"oliivi-puu-kaulakoru-tau-cross","status":"publish","type":"product","link":"https:\/\/old.holyland-olivewood.com\/fi\/tuote\/oliivi-puu-kaulakoru-tau-cross\/","title":{"rendered":"Oliivi puu kaulakoru Tau Cross #J136"},"content":{"rendered":"","protected":false},"excerpt":{"rendered":"<p>T\u00e4m\u00e4 kaunis riipus, joka on leikattu Tau-ristin muotoon, on k\u00e4sintehty Pyh\u00e4ss\u00e4 maassa kest\u00e4v\u00e4sti korjatuista, aidoista Betlehem Olivewoodista. Se tulee vahvalla mustalla johdolla, jonka voit s\u00e4\u00e4t\u00e4\u00e4 haluamaasi pituuteen. Se symboloi ristiinnaulitsemisen risti\u00e4. Assisin Pyh\u00e4 Fransiskus piti siit\u00e4 erityisen paljon symbolina.<\/p>\n<p>T\u00e4m\u00e4 tuote sis\u00e4lt\u00e4\u00e4 aitoustodistuksen, jossa tarkistetaan t\u00e4m\u00e4n tuotteen valmistuksessa k\u00e4ytetyt materiaalit ja tekniikat.<\/p>\n<p>Koko: 2.5 cm (1&#8243;)<\/p>\n","protected":false},"featured_media":29717,"template":"","meta":[],"product_brand":[],"product_cat":[786,2041],"product_tag":[904,791,946,963,878,913,892,854,867,861,1694,997,2073,1005,955,934,2044,2063,2082,929,940,921,2089,819,834,1000,2077,2068,2053,1689,2058,2050,825,842],"class_list":{"0":"post-44415","1":"product","2":"type-product","3":"status-publish","4":"has-post-thumbnail","6":"product_cat-kunsthaandvaerk-fi","7":"product_cat-korut","8":"product_tag-antoi","9":"product_tag-betlehem-fi","10":"product_tag-boen-fi","11":"product_tag-foedselskirken-fi","12":"product_tag-haandlavet-fi","13":"product_tag-haandvaerk-fi","14":"product_tag-heinaekuu","15":"product_tag-hellig-fi","16":"product_tag-jerusalem-fi","17":"product_tag-jord-fi","18":"product_tag-kadet","19":"product_tag-katolsk-fi","20":"product_tag-kaulakoru","21":"product_tag-keltisk-fi","22":"product_tag-kirke-fi","23":"product_tag-kors-fi","24":"product_tag-korut","25":"product_tag-korvakorut","26":"product_tag-koysi","27":"product_tag-kristen-fi","28":"product_tag-krucifiks-fi","29":"product_tag-kunsthaandvaerk-fi","30":"product_tag-merkkijono","31":"product_tag-oliivi","32":"product_tag-oliventrae-fi","33":"product_tag-ortodoks-fi","34":"product_tag-rannerengas","35":"product_tag-riipus","36":"product_tag-rintaneula","37":"product_tag-rukoileminen","38":"product_tag-tappi","39":"product_tag-tau-fi","40":"product_tag-trae-fi","41":"product_tag-udskaering-fi","43":"first","44":"instock","45":"shipping-taxable","46":"purchasable","47":"product-type-simple"},"yoast_head":"<!-- This site is optimized with the Yoast SEO plugin v24.8.1 - https:\/\/yoast.com\/wordpress\/plugins\/seo\/ -->\n<title>Oliivi puu kaulakoru Tau Cross #J136 - Holy Land Olive Wood - Bethlehem Olive Wood Factory<\/title>\n<meta name=\"description\" content=\"Betlehem oliivipuun k\u00e4sity\u00f6t (korut, jerusalem, riipus, korvakorut, helmet) kyn\u00e4-aihiot, rannekoru ja raaka varasto vakio- ja mukautetuissa mitoissa.\" \/>\n<meta name=\"robots\" content=\"index, follow, max-snippet:-1, max-image-preview:large, max-video-preview:-1\" \/>\n<link rel=\"canonical\" href=\"https:\/\/old.holyland-olivewood.com\/fi\/tuote\/oliivi-puu-kaulakoru-tau-cross\/\" \/>\n<meta property=\"og:locale\" content=\"fi_FI\" \/>\n<meta property=\"og:type\" content=\"article\" \/>\n<meta property=\"og:title\" content=\"Oliivi puu kaulakoru Tau Cross #J136 - Holy Land Olive Wood - Bethlehem Olive Wood Factory\" \/>\n<meta property=\"og:description\" content=\"Betlehem oliivipuun k\u00e4sity\u00f6t (korut, jerusalem, riipus, korvakorut, helmet) kyn\u00e4-aihiot, rannekoru ja raaka varasto vakio- ja mukautetuissa mitoissa.\" \/>\n<meta property=\"og:url\" content=\"https:\/\/old.holyland-olivewood.com\/fi\/tuote\/oliivi-puu-kaulakoru-tau-cross\/\" \/>\n<meta property=\"og:site_name\" content=\"Holy Land Olive Wood - Bethlehem Olive Wood Factory\" \/>\n<meta property=\"article:publisher\" content=\"https:\/\/www.facebook.com\/holylandolivewood.bethlehem\/\" \/>\n<meta property=\"og:image\" content=\"https:\/\/old.holyland-olivewood.com\/wp-content\/uploads\/2016\/05\/necklace_holy_land_olive_wood_bethlehem_j136.jpg\" \/>\n\t<meta property=\"og:image:width\" content=\"1550\" \/>\n\t<meta property=\"og:image:height\" content=\"1200\" \/>\n\t<meta property=\"og:image:type\" content=\"image\/jpeg\" \/>\n<meta name=\"twitter:card\" content=\"summary_large_image\" \/>\n<script type=\"application\/ld+json\" class=\"yoast-schema-graph\">{\"@context\":\"https:\/\/schema.org\",\"@graph\":[{\"@type\":\"WebPage\",\"@id\":\"https:\/\/old.holyland-olivewood.com\/fi\/tuote\/oliivi-puu-kaulakoru-tau-cross\/\",\"url\":\"https:\/\/old.holyland-olivewood.com\/fi\/tuote\/oliivi-puu-kaulakoru-tau-cross\/\",\"name\":\"Oliivi puu kaulakoru Tau Cross #J136 - Holy Land Olive Wood - Bethlehem Olive Wood Factory\",\"isPartOf\":{\"@id\":\"https:\/\/old.holyland-olivewood.com\/fi\/#website\"},\"primaryImageOfPage\":{\"@id\":\"https:\/\/old.holyland-olivewood.com\/fi\/tuote\/oliivi-puu-kaulakoru-tau-cross\/#primaryimage\"},\"image\":{\"@id\":\"https:\/\/old.holyland-olivewood.com\/fi\/tuote\/oliivi-puu-kaulakoru-tau-cross\/#primaryimage\"},\"thumbnailUrl\":\"https:\/\/old.holyland-olivewood.com\/wp-content\/uploads\/2016\/05\/necklace_holy_land_olive_wood_bethlehem_j136.jpg\",\"datePublished\":\"2022-02-10T18:01:46+00:00\",\"description\":\"Betlehem oliivipuun k\u00e4sity\u00f6t (korut, jerusalem, riipus, korvakorut, helmet) kyn\u00e4-aihiot, rannekoru ja raaka varasto vakio- ja mukautetuissa mitoissa.\",\"breadcrumb\":{\"@id\":\"https:\/\/old.holyland-olivewood.com\/fi\/tuote\/oliivi-puu-kaulakoru-tau-cross\/#breadcrumb\"},\"inLanguage\":\"fi\",\"potentialAction\":[{\"@type\":\"ReadAction\",\"target\":[\"https:\/\/old.holyland-olivewood.com\/fi\/tuote\/oliivi-puu-kaulakoru-tau-cross\/\"]}]},{\"@type\":\"ImageObject\",\"inLanguage\":\"fi\",\"@id\":\"https:\/\/old.holyland-olivewood.com\/fi\/tuote\/oliivi-puu-kaulakoru-tau-cross\/#primaryimage\",\"url\":\"https:\/\/old.holyland-olivewood.com\/wp-content\/uploads\/2016\/05\/necklace_holy_land_olive_wood_bethlehem_j136.jpg\",\"contentUrl\":\"https:\/\/old.holyland-olivewood.com\/wp-content\/uploads\/2016\/05\/necklace_holy_land_olive_wood_bethlehem_j136.jpg\",\"width\":1550,\"height\":1200},{\"@type\":\"BreadcrumbList\",\"@id\":\"https:\/\/old.holyland-olivewood.com\/fi\/tuote\/oliivi-puu-kaulakoru-tau-cross\/#breadcrumb\",\"itemListElement\":[{\"@type\":\"ListItem\",\"position\":1,\"name\":\"Home\",\"item\":\"https:\/\/old.holyland-olivewood.com\/fi\/\"},{\"@type\":\"ListItem\",\"position\":2,\"name\":\"Shop\",\"item\":\"https:\/\/old.holyland-olivewood.com\/fi\/shop\/\"},{\"@type\":\"ListItem\",\"position\":3,\"name\":\"Oliivi puu kaulakoru Tau Cross #J136\"}]},{\"@type\":\"WebSite\",\"@id\":\"https:\/\/old.holyland-olivewood.com\/fi\/#website\",\"url\":\"https:\/\/old.holyland-olivewood.com\/fi\/\",\"name\":\"Holy Land Olive Wood - Bethlehem Olive Wood Factory\",\"description\":\"Holy Land Olivewood Bethlehem\",\"publisher\":{\"@id\":\"https:\/\/old.holyland-olivewood.com\/fi\/#organization\"},\"potentialAction\":[{\"@type\":\"SearchAction\",\"target\":{\"@type\":\"EntryPoint\",\"urlTemplate\":\"https:\/\/old.holyland-olivewood.com\/fi\/?s={search_term_string}\"},\"query-input\":{\"@type\":\"PropertyValueSpecification\",\"valueRequired\":true,\"valueName\":\"search_term_string\"}}],\"inLanguage\":\"fi\"},{\"@type\":\"Organization\",\"@id\":\"https:\/\/old.holyland-olivewood.com\/fi\/#organization\",\"name\":\"Holy Land Olivewood\",\"url\":\"https:\/\/old.holyland-olivewood.com\/fi\/\",\"logo\":{\"@type\":\"ImageObject\",\"inLanguage\":\"fi\",\"@id\":\"https:\/\/old.holyland-olivewood.com\/fi\/#\/schema\/logo\/image\/\",\"url\":\"\",\"contentUrl\":\"\",\"caption\":\"Holy Land Olivewood\"},\"image\":{\"@id\":\"https:\/\/old.holyland-olivewood.com\/fi\/#\/schema\/logo\/image\/\"},\"sameAs\":[\"https:\/\/www.facebook.com\/holylandolivewood.bethlehem\/\",\"http:\/\/instagram.com\/holy.land.olive.wood\"]}]}<\/script>\n<!-- \/ Yoast SEO plugin. -->","yoast_head_json":{"title":"Oliivi puu kaulakoru Tau Cross #J136 - Holy Land Olive Wood - Bethlehem Olive Wood Factory","description":"Betlehem oliivipuun k\u00e4sity\u00f6t (korut, jerusalem, riipus, korvakorut, helmet) kyn\u00e4-aihiot, rannekoru ja raaka varasto vakio- ja mukautetuissa mitoissa.","robots":{"index":"index","follow":"follow","max-snippet":"max-snippet:-1","max-image-preview":"max-image-preview:large","max-video-preview":"max-video-preview:-1"},"canonical":"https:\/\/old.holyland-olivewood.com\/fi\/tuote\/oliivi-puu-kaulakoru-tau-cross\/","og_locale":"fi_FI","og_type":"article","og_title":"Oliivi puu kaulakoru Tau Cross #J136 - Holy Land Olive Wood - Bethlehem Olive Wood Factory","og_description":"Betlehem oliivipuun k\u00e4sity\u00f6t (korut, jerusalem, riipus, korvakorut, helmet) kyn\u00e4-aihiot, rannekoru ja raaka varasto vakio- ja mukautetuissa mitoissa.","og_url":"https:\/\/old.holyland-olivewood.com\/fi\/tuote\/oliivi-puu-kaulakoru-tau-cross\/","og_site_name":"Holy Land Olive Wood - Bethlehem Olive Wood Factory","article_publisher":"https:\/\/www.facebook.com\/holylandolivewood.bethlehem\/","og_image":[{"width":1550,"height":1200,"url":"https:\/\/old.holyland-olivewood.com\/wp-content\/uploads\/2016\/05\/necklace_holy_land_olive_wood_bethlehem_j136.jpg","type":"image\/jpeg"}],"twitter_card":"summary_large_image","schema":{"@context":"https:\/\/schema.org","@graph":[{"@type":"WebPage","@id":"https:\/\/old.holyland-olivewood.com\/fi\/tuote\/oliivi-puu-kaulakoru-tau-cross\/","url":"https:\/\/old.holyland-olivewood.com\/fi\/tuote\/oliivi-puu-kaulakoru-tau-cross\/","name":"Oliivi puu kaulakoru Tau Cross #J136 - Holy Land Olive Wood - Bethlehem Olive Wood Factory","isPartOf":{"@id":"https:\/\/old.holyland-olivewood.com\/fi\/#website"},"primaryImageOfPage":{"@id":"https:\/\/old.holyland-olivewood.com\/fi\/tuote\/oliivi-puu-kaulakoru-tau-cross\/#primaryimage"},"image":{"@id":"https:\/\/old.holyland-olivewood.com\/fi\/tuote\/oliivi-puu-kaulakoru-tau-cross\/#primaryimage"},"thumbnailUrl":"https:\/\/old.holyland-olivewood.com\/wp-content\/uploads\/2016\/05\/necklace_holy_land_olive_wood_bethlehem_j136.jpg","datePublished":"2022-02-10T18:01:46+00:00","description":"Betlehem oliivipuun k\u00e4sity\u00f6t (korut, jerusalem, riipus, korvakorut, helmet) kyn\u00e4-aihiot, rannekoru ja raaka varasto vakio- ja mukautetuissa mitoissa.","breadcrumb":{"@id":"https:\/\/old.holyland-olivewood.com\/fi\/tuote\/oliivi-puu-kaulakoru-tau-cross\/#breadcrumb"},"inLanguage":"fi","potentialAction":[{"@type":"ReadAction","target":["https:\/\/old.holyland-olivewood.com\/fi\/tuote\/oliivi-puu-kaulakoru-tau-cross\/"]}]},{"@type":"ImageObject","inLanguage":"fi","@id":"https:\/\/old.holyland-olivewood.com\/fi\/tuote\/oliivi-puu-kaulakoru-tau-cross\/#primaryimage","url":"https:\/\/old.holyland-olivewood.com\/wp-content\/uploads\/2016\/05\/necklace_holy_land_olive_wood_bethlehem_j136.jpg","contentUrl":"https:\/\/old.holyland-olivewood.com\/wp-content\/uploads\/2016\/05\/necklace_holy_land_olive_wood_bethlehem_j136.jpg","width":1550,"height":1200},{"@type":"BreadcrumbList","@id":"https:\/\/old.holyland-olivewood.com\/fi\/tuote\/oliivi-puu-kaulakoru-tau-cross\/#breadcrumb","itemListElement":[{"@type":"ListItem","position":1,"name":"Home","item":"https:\/\/old.holyland-olivewood.com\/fi\/"},{"@type":"ListItem","position":2,"name":"Shop","item":"https:\/\/old.holyland-olivewood.com\/fi\/shop\/"},{"@type":"ListItem","position":3,"name":"Oliivi puu kaulakoru Tau Cross #J136"}]},{"@type":"WebSite","@id":"https:\/\/old.holyland-olivewood.com\/fi\/#website","url":"https:\/\/old.holyland-olivewood.com\/fi\/","name":"Holy Land Olive Wood - Bethlehem Olive Wood Factory","description":"Holy Land Olivewood Bethlehem","publisher":{"@id":"https:\/\/old.holyland-olivewood.com\/fi\/#organization"},"potentialAction":[{"@type":"SearchAction","target":{"@type":"EntryPoint","urlTemplate":"https:\/\/old.holyland-olivewood.com\/fi\/?s={search_term_string}"},"query-input":{"@type":"PropertyValueSpecification","valueRequired":true,"valueName":"search_term_string"}}],"inLanguage":"fi"},{"@type":"Organization","@id":"https:\/\/old.holyland-olivewood.com\/fi\/#organization","name":"Holy Land Olivewood","url":"https:\/\/old.holyland-olivewood.com\/fi\/","logo":{"@type":"ImageObject","inLanguage":"fi","@id":"https:\/\/old.holyland-olivewood.com\/fi\/#\/schema\/logo\/image\/","url":"","contentUrl":"","caption":"Holy Land Olivewood"},"image":{"@id":"https:\/\/old.holyland-olivewood.com\/fi\/#\/schema\/logo\/image\/"},"sameAs":["https:\/\/www.facebook.com\/holylandolivewood.bethlehem\/","http:\/\/instagram.com\/holy.land.olive.wood"]}]}},"_links":{"self":[{"href":"https:\/\/old.holyland-olivewood.com\/fi\/wp-json\/wp\/v2\/product\/44415","targetHints":{"allow":["GET"]}}],"collection":[{"href":"https:\/\/old.holyland-olivewood.com\/fi\/wp-json\/wp\/v2\/product"}],"about":[{"href":"https:\/\/old.holyland-olivewood.com\/fi\/wp-json\/wp\/v2\/types\/product"}],"wp:featuredmedia":[{"embeddable":true,"href":"https:\/\/old.holyland-olivewood.com\/fi\/wp-json\/wp\/v2\/media\/29717"}],"wp:attachment":[{"href":"https:\/\/old.holyland-olivewood.com\/fi\/wp-json\/wp\/v2\/media?parent=44415"}],"wp:term":[{"taxonomy":"product_brand","embeddable":true,"href":"https:\/\/old.holyland-olivewood.com\/fi\/wp-json\/wp\/v2\/product_brand?post=44415"},{"taxonomy":"product_cat","embeddable":true,"href":"https:\/\/old.holyland-olivewood.com\/fi\/wp-json\/wp\/v2\/product_cat?post=44415"},{"taxonomy":"product_tag","embeddable":true,"href":"https:\/\/old.holyland-olivewood.com\/fi\/wp-json\/wp\/v2\/product_tag?post=44415"}],"curies":[{"name":"wp","href":"https:\/\/api.w.org\/{rel}","templated":true}]}}