{"id":44108,"date":"2016-05-31T11:04:24","date_gmt":"2022-02-10T15:16:17","guid":{"rendered":"https:\/\/old.holyland-olivewood.com\/product\/oliivipuun-magneetti-m101\/"},"modified":"2022-02-10T15:16:17","modified_gmt":"2022-02-10T15:16:17","slug":"oliivi-puu-magneetti-10","status":"publish","type":"product","link":"https:\/\/old.holyland-olivewood.com\/fi\/tuote\/oliivi-puu-magneetti-10\/","title":{"rendered":"Oliivipuun magneetti #M101"},"content":{"rendered":"","protected":false},"excerpt":{"rendered":"<p>T\u00e4m\u00e4 erityinen magneetti, jossa on kuvake, on k\u00e4sintehty Pyh\u00e4ss\u00e4 maassa kest\u00e4v\u00e4sti korjatuista, aidoista Betlehem Olivewoodista.<\/p>\n<p>T\u00e4m\u00e4 tuote sis\u00e4lt\u00e4\u00e4 aitoustodistuksen, jossa tarkistetaan t\u00e4m\u00e4n tuotteen valmistuksessa k\u00e4ytetyt materiaalit ja tekniikat.<\/p>\n<p>Koko: 7 cm x 5 cm<\/p>\n","protected":false},"featured_media":30117,"template":"","meta":[],"product_brand":[],"product_cat":[786,3303],"product_tag":[904,791,963,878,913,892,854,3325,848,867,861,997,955,934,929,940,921,3333,1328,3316,3307,819,834,1000,3338,825,842],"class_list":{"0":"post-44108","1":"product","2":"type-product","3":"status-publish","4":"has-post-thumbnail","6":"product_cat-kunsthaandvaerk-fi","7":"product_cat-magneetit","8":"product_tag-antoi","9":"product_tag-betlehem-fi","10":"product_tag-foedselskirken-fi","11":"product_tag-haandlavet-fi","12":"product_tag-haandvaerk-fi","13":"product_tag-heinaekuu","14":"product_tag-hellig-fi","15":"product_tag-icon-fi","16":"product_tag-jeesus","17":"product_tag-jerusalem-fi","18":"product_tag-jord-fi","19":"product_tag-katolsk-fi","20":"product_tag-kirke-fi","21":"product_tag-kors-fi","22":"product_tag-kristen-fi","23":"product_tag-krucifiks-fi","24":"product_tag-kunsthaandvaerk-fi","25":"product_tag-kuvakkeet","26":"product_tag-lahjaa","27":"product_tag-magneetit","28":"product_tag-magneetti","29":"product_tag-oliivi","30":"product_tag-oliventrae-fi","31":"product_tag-ortodoks-fi","32":"product_tag-pyhimys","33":"product_tag-trae-fi","34":"product_tag-udskaering-fi","36":"first","37":"outofstock","38":"shipping-taxable","39":"purchasable","40":"product-type-simple"},"yoast_head":"<!-- This site is optimized with the Yoast SEO plugin v24.8.1 - https:\/\/yoast.com\/wordpress\/plugins\/seo\/ -->\n<title>Oliivipuun magneetti #M101 - Holy Land Olive Wood - Bethlehem Olive Wood Factory<\/title>\n<meta name=\"description\" content=\"Betlehem oliivipuun k\u00e4sity\u00f6t (eli ruusukkeet, koristeet, magneetit, helmet)kyn\u00e4-aihiot kaiverrukset, laatat, lohkot,&amp;raaka-aine vakio- ja mukautetuissa mitoissa.\" \/>\n<meta name=\"robots\" content=\"index, follow, max-snippet:-1, max-image-preview:large, max-video-preview:-1\" \/>\n<link rel=\"canonical\" href=\"https:\/\/old.holyland-olivewood.com\/fi\/tuote\/oliivi-puu-magneetti-10\/\" \/>\n<meta property=\"og:locale\" content=\"fi_FI\" \/>\n<meta property=\"og:type\" content=\"article\" \/>\n<meta property=\"og:title\" content=\"Oliivipuun magneetti #M101 - Holy Land Olive Wood - Bethlehem Olive Wood Factory\" \/>\n<meta property=\"og:description\" content=\"Betlehem oliivipuun k\u00e4sity\u00f6t (eli ruusukkeet, koristeet, magneetit, helmet)kyn\u00e4-aihiot kaiverrukset, laatat, lohkot,&amp;raaka-aine vakio- ja mukautetuissa mitoissa.\" \/>\n<meta property=\"og:url\" content=\"https:\/\/old.holyland-olivewood.com\/fi\/tuote\/oliivi-puu-magneetti-10\/\" \/>\n<meta property=\"og:site_name\" content=\"Holy Land Olive Wood - Bethlehem Olive Wood Factory\" \/>\n<meta property=\"article:publisher\" content=\"https:\/\/www.facebook.com\/holylandolivewood.bethlehem\/\" \/>\n<meta property=\"og:image\" content=\"https:\/\/old.holyland-olivewood.com\/wp-content\/uploads\/2016\/05\/magnets_holy_land_olive_wood_bethlehem_m101.jpg\" \/>\n\t<meta property=\"og:image:width\" content=\"1550\" \/>\n\t<meta property=\"og:image:height\" content=\"1200\" \/>\n\t<meta property=\"og:image:type\" content=\"image\/jpeg\" \/>\n<meta name=\"twitter:card\" content=\"summary_large_image\" \/>\n<script type=\"application\/ld+json\" class=\"yoast-schema-graph\">{\"@context\":\"https:\/\/schema.org\",\"@graph\":[{\"@type\":\"WebPage\",\"@id\":\"https:\/\/old.holyland-olivewood.com\/fi\/tuote\/oliivi-puu-magneetti-10\/\",\"url\":\"https:\/\/old.holyland-olivewood.com\/fi\/tuote\/oliivi-puu-magneetti-10\/\",\"name\":\"Oliivipuun magneetti #M101 - Holy Land Olive Wood - Bethlehem Olive Wood Factory\",\"isPartOf\":{\"@id\":\"https:\/\/old.holyland-olivewood.com\/fi\/#website\"},\"primaryImageOfPage\":{\"@id\":\"https:\/\/old.holyland-olivewood.com\/fi\/tuote\/oliivi-puu-magneetti-10\/#primaryimage\"},\"image\":{\"@id\":\"https:\/\/old.holyland-olivewood.com\/fi\/tuote\/oliivi-puu-magneetti-10\/#primaryimage\"},\"thumbnailUrl\":\"https:\/\/old.holyland-olivewood.com\/wp-content\/uploads\/2016\/05\/magnets_holy_land_olive_wood_bethlehem_m101.jpg\",\"datePublished\":\"2022-02-10T15:16:17+00:00\",\"description\":\"Betlehem oliivipuun k\u00e4sity\u00f6t (eli ruusukkeet, koristeet, magneetit, helmet)kyn\u00e4-aihiot kaiverrukset, laatat, lohkot,&raaka-aine vakio- ja mukautetuissa mitoissa.\",\"breadcrumb\":{\"@id\":\"https:\/\/old.holyland-olivewood.com\/fi\/tuote\/oliivi-puu-magneetti-10\/#breadcrumb\"},\"inLanguage\":\"fi\",\"potentialAction\":[{\"@type\":\"ReadAction\",\"target\":[\"https:\/\/old.holyland-olivewood.com\/fi\/tuote\/oliivi-puu-magneetti-10\/\"]}]},{\"@type\":\"ImageObject\",\"inLanguage\":\"fi\",\"@id\":\"https:\/\/old.holyland-olivewood.com\/fi\/tuote\/oliivi-puu-magneetti-10\/#primaryimage\",\"url\":\"https:\/\/old.holyland-olivewood.com\/wp-content\/uploads\/2016\/05\/magnets_holy_land_olive_wood_bethlehem_m101.jpg\",\"contentUrl\":\"https:\/\/old.holyland-olivewood.com\/wp-content\/uploads\/2016\/05\/magnets_holy_land_olive_wood_bethlehem_m101.jpg\",\"width\":1550,\"height\":1200},{\"@type\":\"BreadcrumbList\",\"@id\":\"https:\/\/old.holyland-olivewood.com\/fi\/tuote\/oliivi-puu-magneetti-10\/#breadcrumb\",\"itemListElement\":[{\"@type\":\"ListItem\",\"position\":1,\"name\":\"Home\",\"item\":\"https:\/\/old.holyland-olivewood.com\/fi\/\"},{\"@type\":\"ListItem\",\"position\":2,\"name\":\"Shop\",\"item\":\"https:\/\/old.holyland-olivewood.com\/fi\/shop\/\"},{\"@type\":\"ListItem\",\"position\":3,\"name\":\"Oliivipuun magneetti #M101\"}]},{\"@type\":\"WebSite\",\"@id\":\"https:\/\/old.holyland-olivewood.com\/fi\/#website\",\"url\":\"https:\/\/old.holyland-olivewood.com\/fi\/\",\"name\":\"Holy Land Olive Wood - Bethlehem Olive Wood Factory\",\"description\":\"Holy Land Olivewood Bethlehem\",\"publisher\":{\"@id\":\"https:\/\/old.holyland-olivewood.com\/fi\/#organization\"},\"potentialAction\":[{\"@type\":\"SearchAction\",\"target\":{\"@type\":\"EntryPoint\",\"urlTemplate\":\"https:\/\/old.holyland-olivewood.com\/fi\/?s={search_term_string}\"},\"query-input\":{\"@type\":\"PropertyValueSpecification\",\"valueRequired\":true,\"valueName\":\"search_term_string\"}}],\"inLanguage\":\"fi\"},{\"@type\":\"Organization\",\"@id\":\"https:\/\/old.holyland-olivewood.com\/fi\/#organization\",\"name\":\"Holy Land Olivewood\",\"url\":\"https:\/\/old.holyland-olivewood.com\/fi\/\",\"logo\":{\"@type\":\"ImageObject\",\"inLanguage\":\"fi\",\"@id\":\"https:\/\/old.holyland-olivewood.com\/fi\/#\/schema\/logo\/image\/\",\"url\":\"\",\"contentUrl\":\"\",\"caption\":\"Holy Land Olivewood\"},\"image\":{\"@id\":\"https:\/\/old.holyland-olivewood.com\/fi\/#\/schema\/logo\/image\/\"},\"sameAs\":[\"https:\/\/www.facebook.com\/holylandolivewood.bethlehem\/\",\"http:\/\/instagram.com\/holy.land.olive.wood\"]}]}<\/script>\n<!-- \/ Yoast SEO plugin. -->","yoast_head_json":{"title":"Oliivipuun magneetti #M101 - Holy Land Olive Wood - Bethlehem Olive Wood Factory","description":"Betlehem oliivipuun k\u00e4sity\u00f6t (eli ruusukkeet, koristeet, magneetit, helmet)kyn\u00e4-aihiot kaiverrukset, laatat, lohkot,&raaka-aine vakio- ja mukautetuissa mitoissa.","robots":{"index":"index","follow":"follow","max-snippet":"max-snippet:-1","max-image-preview":"max-image-preview:large","max-video-preview":"max-video-preview:-1"},"canonical":"https:\/\/old.holyland-olivewood.com\/fi\/tuote\/oliivi-puu-magneetti-10\/","og_locale":"fi_FI","og_type":"article","og_title":"Oliivipuun magneetti #M101 - Holy Land Olive Wood - Bethlehem Olive Wood Factory","og_description":"Betlehem oliivipuun k\u00e4sity\u00f6t (eli ruusukkeet, koristeet, magneetit, helmet)kyn\u00e4-aihiot kaiverrukset, laatat, lohkot,&raaka-aine vakio- ja mukautetuissa mitoissa.","og_url":"https:\/\/old.holyland-olivewood.com\/fi\/tuote\/oliivi-puu-magneetti-10\/","og_site_name":"Holy Land Olive Wood - Bethlehem Olive Wood Factory","article_publisher":"https:\/\/www.facebook.com\/holylandolivewood.bethlehem\/","og_image":[{"width":1550,"height":1200,"url":"https:\/\/old.holyland-olivewood.com\/wp-content\/uploads\/2016\/05\/magnets_holy_land_olive_wood_bethlehem_m101.jpg","type":"image\/jpeg"}],"twitter_card":"summary_large_image","schema":{"@context":"https:\/\/schema.org","@graph":[{"@type":"WebPage","@id":"https:\/\/old.holyland-olivewood.com\/fi\/tuote\/oliivi-puu-magneetti-10\/","url":"https:\/\/old.holyland-olivewood.com\/fi\/tuote\/oliivi-puu-magneetti-10\/","name":"Oliivipuun magneetti #M101 - Holy Land Olive Wood - Bethlehem Olive Wood Factory","isPartOf":{"@id":"https:\/\/old.holyland-olivewood.com\/fi\/#website"},"primaryImageOfPage":{"@id":"https:\/\/old.holyland-olivewood.com\/fi\/tuote\/oliivi-puu-magneetti-10\/#primaryimage"},"image":{"@id":"https:\/\/old.holyland-olivewood.com\/fi\/tuote\/oliivi-puu-magneetti-10\/#primaryimage"},"thumbnailUrl":"https:\/\/old.holyland-olivewood.com\/wp-content\/uploads\/2016\/05\/magnets_holy_land_olive_wood_bethlehem_m101.jpg","datePublished":"2022-02-10T15:16:17+00:00","description":"Betlehem oliivipuun k\u00e4sity\u00f6t (eli ruusukkeet, koristeet, magneetit, helmet)kyn\u00e4-aihiot kaiverrukset, laatat, lohkot,&raaka-aine vakio- ja mukautetuissa mitoissa.","breadcrumb":{"@id":"https:\/\/old.holyland-olivewood.com\/fi\/tuote\/oliivi-puu-magneetti-10\/#breadcrumb"},"inLanguage":"fi","potentialAction":[{"@type":"ReadAction","target":["https:\/\/old.holyland-olivewood.com\/fi\/tuote\/oliivi-puu-magneetti-10\/"]}]},{"@type":"ImageObject","inLanguage":"fi","@id":"https:\/\/old.holyland-olivewood.com\/fi\/tuote\/oliivi-puu-magneetti-10\/#primaryimage","url":"https:\/\/old.holyland-olivewood.com\/wp-content\/uploads\/2016\/05\/magnets_holy_land_olive_wood_bethlehem_m101.jpg","contentUrl":"https:\/\/old.holyland-olivewood.com\/wp-content\/uploads\/2016\/05\/magnets_holy_land_olive_wood_bethlehem_m101.jpg","width":1550,"height":1200},{"@type":"BreadcrumbList","@id":"https:\/\/old.holyland-olivewood.com\/fi\/tuote\/oliivi-puu-magneetti-10\/#breadcrumb","itemListElement":[{"@type":"ListItem","position":1,"name":"Home","item":"https:\/\/old.holyland-olivewood.com\/fi\/"},{"@type":"ListItem","position":2,"name":"Shop","item":"https:\/\/old.holyland-olivewood.com\/fi\/shop\/"},{"@type":"ListItem","position":3,"name":"Oliivipuun magneetti #M101"}]},{"@type":"WebSite","@id":"https:\/\/old.holyland-olivewood.com\/fi\/#website","url":"https:\/\/old.holyland-olivewood.com\/fi\/","name":"Holy Land Olive Wood - Bethlehem Olive Wood Factory","description":"Holy Land Olivewood Bethlehem","publisher":{"@id":"https:\/\/old.holyland-olivewood.com\/fi\/#organization"},"potentialAction":[{"@type":"SearchAction","target":{"@type":"EntryPoint","urlTemplate":"https:\/\/old.holyland-olivewood.com\/fi\/?s={search_term_string}"},"query-input":{"@type":"PropertyValueSpecification","valueRequired":true,"valueName":"search_term_string"}}],"inLanguage":"fi"},{"@type":"Organization","@id":"https:\/\/old.holyland-olivewood.com\/fi\/#organization","name":"Holy Land Olivewood","url":"https:\/\/old.holyland-olivewood.com\/fi\/","logo":{"@type":"ImageObject","inLanguage":"fi","@id":"https:\/\/old.holyland-olivewood.com\/fi\/#\/schema\/logo\/image\/","url":"","contentUrl":"","caption":"Holy Land Olivewood"},"image":{"@id":"https:\/\/old.holyland-olivewood.com\/fi\/#\/schema\/logo\/image\/"},"sameAs":["https:\/\/www.facebook.com\/holylandolivewood.bethlehem\/","http:\/\/instagram.com\/holy.land.olive.wood"]}]}},"_links":{"self":[{"href":"https:\/\/old.holyland-olivewood.com\/fi\/wp-json\/wp\/v2\/product\/44108","targetHints":{"allow":["GET"]}}],"collection":[{"href":"https:\/\/old.holyland-olivewood.com\/fi\/wp-json\/wp\/v2\/product"}],"about":[{"href":"https:\/\/old.holyland-olivewood.com\/fi\/wp-json\/wp\/v2\/types\/product"}],"wp:featuredmedia":[{"embeddable":true,"href":"https:\/\/old.holyland-olivewood.com\/fi\/wp-json\/wp\/v2\/media\/30117"}],"wp:attachment":[{"href":"https:\/\/old.holyland-olivewood.com\/fi\/wp-json\/wp\/v2\/media?parent=44108"}],"wp:term":[{"taxonomy":"product_brand","embeddable":true,"href":"https:\/\/old.holyland-olivewood.com\/fi\/wp-json\/wp\/v2\/product_brand?post=44108"},{"taxonomy":"product_cat","embeddable":true,"href":"https:\/\/old.holyland-olivewood.com\/fi\/wp-json\/wp\/v2\/product_cat?post=44108"},{"taxonomy":"product_tag","embeddable":true,"href":"https:\/\/old.holyland-olivewood.com\/fi\/wp-json\/wp\/v2\/product_tag?post=44108"}],"curies":[{"name":"wp","href":"https:\/\/api.w.org\/{rel}","templated":true}]}}