{"id":44044,"date":"2016-05-31T12:06:29","date_gmt":"2022-02-10T14:48:52","guid":{"rendered":"https:\/\/old.holyland-olivewood.com\/product\/oliivipuu-lapsi-jumalan-kadessa-fi106\/"},"modified":"2022-02-10T14:48:52","modified_gmt":"2022-02-10T14:48:52","slug":"oliivi-puu-lapsi-jumalan-kadessa","status":"publish","type":"product","link":"https:\/\/old.holyland-olivewood.com\/fi\/tuote\/oliivi-puu-lapsi-jumalan-kadessa\/","title":{"rendered":"Oliivipuu lapsi Jumalan k\u00e4dess\u00e4 FI106"},"content":{"rendered":"","protected":false},"excerpt":{"rendered":"<p>T\u00e4m\u00e4 kaunis Lapsi Jumalan k\u00e4dess\u00e4 on k\u00e4sin kaiverrettu Pyh\u00e4\u00e4n maahan kest\u00e4v\u00e4sti korjatuista, aidoista Betlehem Olivewoodista. Oliivipuun viljan luonnollinen py\u00f6rre ja kontrasti on erilainen ja ainutlaatuinen jokaisessa kappaleessa. Se on hieno lahja antaa kyseiselle erityishenkil\u00f6lle el\u00e4m\u00e4ss\u00e4si tai n\u00e4ytt\u00e4\u00e4 kotonasi.<\/p>\n<p>T\u00e4m\u00e4 tuote sis\u00e4lt\u00e4\u00e4 aitoustodistuksen, jossa tarkistetaan t\u00e4m\u00e4n tuotteen valmistuksessa k\u00e4ytetyt materiaalit ja tekniikat.<\/p>\n<p>Koko: 5 cm x 6,5 cm x 11 cm (2&#8243; x 2,5&#8243; x 4,25 tuumaa<\/p>\n","protected":false},"featured_media":30559,"template":"","meta":[],"product_brand":[],"product_cat":[786,1677],"product_tag":[904,1717,791,946,1722,1724,963,878,913,892,854,867,4079,861,1694,997,1005,955,934,929,940,921,1699,1322,1714,819,834,1000,1704,1685,1709,1720,1689,825,842,1680],"class_list":{"0":"post-44044","1":"product","2":"type-product","3":"status-publish","4":"has-post-thumbnail","6":"product_cat-kunsthaandvaerk-fi","7":"product_cat-hahmoja","8":"product_tag-antoi","9":"product_tag-arkki","10":"product_tag-betlehem-fi","11":"product_tag-boen-fi","12":"product_tag-enkeli","13":"product_tag-enkelit","14":"product_tag-foedselskirken-fi","15":"product_tag-haandlavet-fi","16":"product_tag-haandvaerk-fi","17":"product_tag-heinaekuu","18":"product_tag-hellig-fi","19":"product_tag-jerusalem-fi","20":"product_tag-jesus-fi","21":"product_tag-jord-fi","22":"product_tag-kadet","23":"product_tag-katolsk-fi","24":"product_tag-keltisk-fi","25":"product_tag-kirke-fi","26":"product_tag-kors-fi","27":"product_tag-kristen-fi","28":"product_tag-krucifiks-fi","29":"product_tag-kunsthaandvaerk-fi","30":"product_tag-kuvanveisto","31":"product_tag-maria-fi","32":"product_tag-nooa","33":"product_tag-oliivi","34":"product_tag-oliventrae-fi","35":"product_tag-ortodoks-fi","36":"product_tag-patsaat","37":"product_tag-patsas","38":"product_tag-perhe","39":"product_tag-rintakuva","40":"product_tag-rukoileminen","41":"product_tag-trae-fi","42":"product_tag-udskaering-fi","43":"product_tag-veistoksia","45":"first","46":"instock","47":"shipping-taxable","48":"purchasable","49":"product-type-simple"},"yoast_head":"<!-- This site is optimized with the Yoast SEO plugin v24.8.1 - https:\/\/yoast.com\/wordpress\/plugins\/seo\/ -->\n<title>Oliivipuu lapsi Jumalan k\u00e4dess\u00e4 FI106 - Holy Land Olive Wood - Bethlehem Olive Wood Factory<\/title>\n<meta name=\"description\" content=\"Betlehemin oliivipuun k\u00e4sity\u00f6t (esim. hahmot, syntym\u00e4sarjat, patsaat, veistokset) Lapsi k\u00e4sikyn\u00e4n aihioissa &amp; raaka-aine vakio- ja mittasoissa.\" \/>\n<meta name=\"robots\" content=\"index, follow, max-snippet:-1, max-image-preview:large, max-video-preview:-1\" \/>\n<link rel=\"canonical\" href=\"https:\/\/old.holyland-olivewood.com\/fi\/tuote\/oliivi-puu-lapsi-jumalan-kadessa\/\" \/>\n<meta property=\"og:locale\" content=\"fi_FI\" \/>\n<meta property=\"og:type\" content=\"article\" \/>\n<meta property=\"og:title\" content=\"Oliivipuu lapsi Jumalan k\u00e4dess\u00e4 FI106 - Holy Land Olive Wood - Bethlehem Olive Wood Factory\" \/>\n<meta property=\"og:description\" content=\"Betlehemin oliivipuun k\u00e4sity\u00f6t (esim. hahmot, syntym\u00e4sarjat, patsaat, veistokset) Lapsi k\u00e4sikyn\u00e4n aihioissa &amp; raaka-aine vakio- ja mittasoissa.\" \/>\n<meta property=\"og:url\" content=\"https:\/\/old.holyland-olivewood.com\/fi\/tuote\/oliivi-puu-lapsi-jumalan-kadessa\/\" \/>\n<meta property=\"og:site_name\" content=\"Holy Land Olive Wood - Bethlehem Olive Wood Factory\" \/>\n<meta property=\"article:publisher\" content=\"https:\/\/www.facebook.com\/holylandolivewood.bethlehem\/\" \/>\n<meta property=\"og:image\" content=\"https:\/\/old.holyland-olivewood.com\/wp-content\/uploads\/2016\/05\/angel_holy_land_olive_wood_bethlehem_fi106.jpg\" \/>\n\t<meta property=\"og:image:width\" content=\"1550\" \/>\n\t<meta property=\"og:image:height\" content=\"1200\" \/>\n\t<meta property=\"og:image:type\" content=\"image\/jpeg\" \/>\n<meta name=\"twitter:card\" content=\"summary_large_image\" \/>\n<script type=\"application\/ld+json\" class=\"yoast-schema-graph\">{\"@context\":\"https:\/\/schema.org\",\"@graph\":[{\"@type\":\"WebPage\",\"@id\":\"https:\/\/old.holyland-olivewood.com\/fi\/tuote\/oliivi-puu-lapsi-jumalan-kadessa\/\",\"url\":\"https:\/\/old.holyland-olivewood.com\/fi\/tuote\/oliivi-puu-lapsi-jumalan-kadessa\/\",\"name\":\"Oliivipuu lapsi Jumalan k\u00e4dess\u00e4 FI106 - Holy Land Olive Wood - Bethlehem Olive Wood Factory\",\"isPartOf\":{\"@id\":\"https:\/\/old.holyland-olivewood.com\/fi\/#website\"},\"primaryImageOfPage\":{\"@id\":\"https:\/\/old.holyland-olivewood.com\/fi\/tuote\/oliivi-puu-lapsi-jumalan-kadessa\/#primaryimage\"},\"image\":{\"@id\":\"https:\/\/old.holyland-olivewood.com\/fi\/tuote\/oliivi-puu-lapsi-jumalan-kadessa\/#primaryimage\"},\"thumbnailUrl\":\"https:\/\/old.holyland-olivewood.com\/wp-content\/uploads\/2016\/05\/angel_holy_land_olive_wood_bethlehem_fi106.jpg\",\"datePublished\":\"2022-02-10T14:48:52+00:00\",\"description\":\"Betlehemin oliivipuun k\u00e4sity\u00f6t (esim. hahmot, syntym\u00e4sarjat, patsaat, veistokset) Lapsi k\u00e4sikyn\u00e4n aihioissa & raaka-aine vakio- ja mittasoissa.\",\"breadcrumb\":{\"@id\":\"https:\/\/old.holyland-olivewood.com\/fi\/tuote\/oliivi-puu-lapsi-jumalan-kadessa\/#breadcrumb\"},\"inLanguage\":\"fi\",\"potentialAction\":[{\"@type\":\"ReadAction\",\"target\":[\"https:\/\/old.holyland-olivewood.com\/fi\/tuote\/oliivi-puu-lapsi-jumalan-kadessa\/\"]}]},{\"@type\":\"ImageObject\",\"inLanguage\":\"fi\",\"@id\":\"https:\/\/old.holyland-olivewood.com\/fi\/tuote\/oliivi-puu-lapsi-jumalan-kadessa\/#primaryimage\",\"url\":\"https:\/\/old.holyland-olivewood.com\/wp-content\/uploads\/2016\/05\/angel_holy_land_olive_wood_bethlehem_fi106.jpg\",\"contentUrl\":\"https:\/\/old.holyland-olivewood.com\/wp-content\/uploads\/2016\/05\/angel_holy_land_olive_wood_bethlehem_fi106.jpg\",\"width\":1550,\"height\":1200},{\"@type\":\"BreadcrumbList\",\"@id\":\"https:\/\/old.holyland-olivewood.com\/fi\/tuote\/oliivi-puu-lapsi-jumalan-kadessa\/#breadcrumb\",\"itemListElement\":[{\"@type\":\"ListItem\",\"position\":1,\"name\":\"Home\",\"item\":\"https:\/\/old.holyland-olivewood.com\/fi\/\"},{\"@type\":\"ListItem\",\"position\":2,\"name\":\"Shop\",\"item\":\"https:\/\/old.holyland-olivewood.com\/fi\/shop\/\"},{\"@type\":\"ListItem\",\"position\":3,\"name\":\"Oliivipuu lapsi Jumalan k\u00e4dess\u00e4 FI106\"}]},{\"@type\":\"WebSite\",\"@id\":\"https:\/\/old.holyland-olivewood.com\/fi\/#website\",\"url\":\"https:\/\/old.holyland-olivewood.com\/fi\/\",\"name\":\"Holy Land Olive Wood - Bethlehem Olive Wood Factory\",\"description\":\"Holy Land Olivewood Bethlehem\",\"publisher\":{\"@id\":\"https:\/\/old.holyland-olivewood.com\/fi\/#organization\"},\"potentialAction\":[{\"@type\":\"SearchAction\",\"target\":{\"@type\":\"EntryPoint\",\"urlTemplate\":\"https:\/\/old.holyland-olivewood.com\/fi\/?s={search_term_string}\"},\"query-input\":{\"@type\":\"PropertyValueSpecification\",\"valueRequired\":true,\"valueName\":\"search_term_string\"}}],\"inLanguage\":\"fi\"},{\"@type\":\"Organization\",\"@id\":\"https:\/\/old.holyland-olivewood.com\/fi\/#organization\",\"name\":\"Holy Land Olivewood\",\"url\":\"https:\/\/old.holyland-olivewood.com\/fi\/\",\"logo\":{\"@type\":\"ImageObject\",\"inLanguage\":\"fi\",\"@id\":\"https:\/\/old.holyland-olivewood.com\/fi\/#\/schema\/logo\/image\/\",\"url\":\"\",\"contentUrl\":\"\",\"caption\":\"Holy Land Olivewood\"},\"image\":{\"@id\":\"https:\/\/old.holyland-olivewood.com\/fi\/#\/schema\/logo\/image\/\"},\"sameAs\":[\"https:\/\/www.facebook.com\/holylandolivewood.bethlehem\/\",\"http:\/\/instagram.com\/holy.land.olive.wood\"]}]}<\/script>\n<!-- \/ Yoast SEO plugin. -->","yoast_head_json":{"title":"Oliivipuu lapsi Jumalan k\u00e4dess\u00e4 FI106 - Holy Land Olive Wood - Bethlehem Olive Wood Factory","description":"Betlehemin oliivipuun k\u00e4sity\u00f6t (esim. hahmot, syntym\u00e4sarjat, patsaat, veistokset) Lapsi k\u00e4sikyn\u00e4n aihioissa & raaka-aine vakio- ja mittasoissa.","robots":{"index":"index","follow":"follow","max-snippet":"max-snippet:-1","max-image-preview":"max-image-preview:large","max-video-preview":"max-video-preview:-1"},"canonical":"https:\/\/old.holyland-olivewood.com\/fi\/tuote\/oliivi-puu-lapsi-jumalan-kadessa\/","og_locale":"fi_FI","og_type":"article","og_title":"Oliivipuu lapsi Jumalan k\u00e4dess\u00e4 FI106 - Holy Land Olive Wood - Bethlehem Olive Wood Factory","og_description":"Betlehemin oliivipuun k\u00e4sity\u00f6t (esim. hahmot, syntym\u00e4sarjat, patsaat, veistokset) Lapsi k\u00e4sikyn\u00e4n aihioissa & raaka-aine vakio- ja mittasoissa.","og_url":"https:\/\/old.holyland-olivewood.com\/fi\/tuote\/oliivi-puu-lapsi-jumalan-kadessa\/","og_site_name":"Holy Land Olive Wood - Bethlehem Olive Wood Factory","article_publisher":"https:\/\/www.facebook.com\/holylandolivewood.bethlehem\/","og_image":[{"width":1550,"height":1200,"url":"https:\/\/old.holyland-olivewood.com\/wp-content\/uploads\/2016\/05\/angel_holy_land_olive_wood_bethlehem_fi106.jpg","type":"image\/jpeg"}],"twitter_card":"summary_large_image","schema":{"@context":"https:\/\/schema.org","@graph":[{"@type":"WebPage","@id":"https:\/\/old.holyland-olivewood.com\/fi\/tuote\/oliivi-puu-lapsi-jumalan-kadessa\/","url":"https:\/\/old.holyland-olivewood.com\/fi\/tuote\/oliivi-puu-lapsi-jumalan-kadessa\/","name":"Oliivipuu lapsi Jumalan k\u00e4dess\u00e4 FI106 - Holy Land Olive Wood - Bethlehem Olive Wood Factory","isPartOf":{"@id":"https:\/\/old.holyland-olivewood.com\/fi\/#website"},"primaryImageOfPage":{"@id":"https:\/\/old.holyland-olivewood.com\/fi\/tuote\/oliivi-puu-lapsi-jumalan-kadessa\/#primaryimage"},"image":{"@id":"https:\/\/old.holyland-olivewood.com\/fi\/tuote\/oliivi-puu-lapsi-jumalan-kadessa\/#primaryimage"},"thumbnailUrl":"https:\/\/old.holyland-olivewood.com\/wp-content\/uploads\/2016\/05\/angel_holy_land_olive_wood_bethlehem_fi106.jpg","datePublished":"2022-02-10T14:48:52+00:00","description":"Betlehemin oliivipuun k\u00e4sity\u00f6t (esim. hahmot, syntym\u00e4sarjat, patsaat, veistokset) Lapsi k\u00e4sikyn\u00e4n aihioissa & raaka-aine vakio- ja mittasoissa.","breadcrumb":{"@id":"https:\/\/old.holyland-olivewood.com\/fi\/tuote\/oliivi-puu-lapsi-jumalan-kadessa\/#breadcrumb"},"inLanguage":"fi","potentialAction":[{"@type":"ReadAction","target":["https:\/\/old.holyland-olivewood.com\/fi\/tuote\/oliivi-puu-lapsi-jumalan-kadessa\/"]}]},{"@type":"ImageObject","inLanguage":"fi","@id":"https:\/\/old.holyland-olivewood.com\/fi\/tuote\/oliivi-puu-lapsi-jumalan-kadessa\/#primaryimage","url":"https:\/\/old.holyland-olivewood.com\/wp-content\/uploads\/2016\/05\/angel_holy_land_olive_wood_bethlehem_fi106.jpg","contentUrl":"https:\/\/old.holyland-olivewood.com\/wp-content\/uploads\/2016\/05\/angel_holy_land_olive_wood_bethlehem_fi106.jpg","width":1550,"height":1200},{"@type":"BreadcrumbList","@id":"https:\/\/old.holyland-olivewood.com\/fi\/tuote\/oliivi-puu-lapsi-jumalan-kadessa\/#breadcrumb","itemListElement":[{"@type":"ListItem","position":1,"name":"Home","item":"https:\/\/old.holyland-olivewood.com\/fi\/"},{"@type":"ListItem","position":2,"name":"Shop","item":"https:\/\/old.holyland-olivewood.com\/fi\/shop\/"},{"@type":"ListItem","position":3,"name":"Oliivipuu lapsi Jumalan k\u00e4dess\u00e4 FI106"}]},{"@type":"WebSite","@id":"https:\/\/old.holyland-olivewood.com\/fi\/#website","url":"https:\/\/old.holyland-olivewood.com\/fi\/","name":"Holy Land Olive Wood - Bethlehem Olive Wood Factory","description":"Holy Land Olivewood Bethlehem","publisher":{"@id":"https:\/\/old.holyland-olivewood.com\/fi\/#organization"},"potentialAction":[{"@type":"SearchAction","target":{"@type":"EntryPoint","urlTemplate":"https:\/\/old.holyland-olivewood.com\/fi\/?s={search_term_string}"},"query-input":{"@type":"PropertyValueSpecification","valueRequired":true,"valueName":"search_term_string"}}],"inLanguage":"fi"},{"@type":"Organization","@id":"https:\/\/old.holyland-olivewood.com\/fi\/#organization","name":"Holy Land Olivewood","url":"https:\/\/old.holyland-olivewood.com\/fi\/","logo":{"@type":"ImageObject","inLanguage":"fi","@id":"https:\/\/old.holyland-olivewood.com\/fi\/#\/schema\/logo\/image\/","url":"","contentUrl":"","caption":"Holy Land Olivewood"},"image":{"@id":"https:\/\/old.holyland-olivewood.com\/fi\/#\/schema\/logo\/image\/"},"sameAs":["https:\/\/www.facebook.com\/holylandolivewood.bethlehem\/","http:\/\/instagram.com\/holy.land.olive.wood"]}]}},"_links":{"self":[{"href":"https:\/\/old.holyland-olivewood.com\/fi\/wp-json\/wp\/v2\/product\/44044","targetHints":{"allow":["GET"]}}],"collection":[{"href":"https:\/\/old.holyland-olivewood.com\/fi\/wp-json\/wp\/v2\/product"}],"about":[{"href":"https:\/\/old.holyland-olivewood.com\/fi\/wp-json\/wp\/v2\/types\/product"}],"wp:featuredmedia":[{"embeddable":true,"href":"https:\/\/old.holyland-olivewood.com\/fi\/wp-json\/wp\/v2\/media\/30559"}],"wp:attachment":[{"href":"https:\/\/old.holyland-olivewood.com\/fi\/wp-json\/wp\/v2\/media?parent=44044"}],"wp:term":[{"taxonomy":"product_brand","embeddable":true,"href":"https:\/\/old.holyland-olivewood.com\/fi\/wp-json\/wp\/v2\/product_brand?post=44044"},{"taxonomy":"product_cat","embeddable":true,"href":"https:\/\/old.holyland-olivewood.com\/fi\/wp-json\/wp\/v2\/product_cat?post=44044"},{"taxonomy":"product_tag","embeddable":true,"href":"https:\/\/old.holyland-olivewood.com\/fi\/wp-json\/wp\/v2\/product_tag?post=44044"}],"curies":[{"name":"wp","href":"https:\/\/api.w.org\/{rel}","templated":true}]}}