{"id":43720,"date":"2016-05-31T13:48:37","date_gmt":"2022-02-10T13:59:20","guid":{"rendered":"https:\/\/old.holyland-olivewood.com\/product\/8-mm-oliivipuun-soikeat-helmet-125-helmia-b126\/"},"modified":"2022-02-10T13:59:20","modified_gmt":"2022-02-10T13:59:20","slug":"8-mm-oliivi-puu-soikea-helmi-125-helmet","status":"publish","type":"product","link":"https:\/\/old.holyland-olivewood.com\/fi\/tuote\/8-mm-oliivi-puu-soikea-helmi-125-helmet\/","title":{"rendered":"8 mm oliivipuun soikeat helmet (125 helmi\u00e4) #B126"},"content":{"rendered":"","protected":false},"excerpt":{"rendered":"<p>N\u00e4m\u00e4 korkealaatuiset oliivipuun rukousnauhat on k\u00e4sintehty Pyh\u00e4ss\u00e4 maassa kest\u00e4v\u00e4sti korjatuista, aidoista Betlehem Olivewoodista. Kaikki helmet puhdistetaan, kuivataan ja tarkastetaan v\u00e4rin ja viljan varalta ilman vikoja ja halkeamia. N\u00e4m\u00e4 oliivipuuhelmet sopivat erinomaisesti ruusujen ja kaikenlaisten korujen valmistukseen. Oliivipuu on eritt\u00e4in kovaa, kest\u00e4v\u00e4\u00e4 ja kaunista. K\u00e4pristyneen viljan kaunis kontrastinen vaalea ja ruskea yhdistettyn\u00e4 sen kest\u00e4vyyteen tekee oliivipuusta erityisen ihanteellisen rukousnauhahelmist\u00e4.<br \/>\nVoimme my\u00f6s toimittaa sinulle korkealaatuisia rukousnauhaosia, kuten keskikappaleita ja krusifiksit.<\/p>\n<p>T\u00e4m\u00e4 tuote sis\u00e4lt\u00e4\u00e4 aitoustodistuksen, jossa tarkistetaan t\u00e4m\u00e4n tuotteen valmistuksessa k\u00e4ytetyt materiaalit ja tekniikat.<\/p>\n<p>Koko: ( 8 mm )<\/p>\n","protected":false},"featured_media":30775,"template":"","meta":[],"product_brand":[],"product_cat":[1678,2158],"product_tag":[904,791,2188,963,878,913,892,854,2160,867,4079,861,997,2183,955,934,929,921,1328,2181,2178,969,2175,819,834,1000,2172,2166,884,797,2163,825,842,2168,1687],"class_list":{"0":"post-43720","1":"product","2":"type-product","3":"status-publish","4":"has-post-thumbnail","6":"product_cat-sekalainen","7":"product_cat-helmet-ja-rukousnauhat","8":"product_tag-antoi","9":"product_tag-betlehem-fi","10":"product_tag-centerpieces-fi","11":"product_tag-foedselskirken-fi","12":"product_tag-haandlavet-fi","13":"product_tag-haandvaerk-fi","14":"product_tag-heinaekuu","15":"product_tag-hellig-fi","16":"product_tag-helmia","17":"product_tag-jerusalem-fi","18":"product_tag-jesus-fi","19":"product_tag-jord-fi","20":"product_tag-katolsk-fi","21":"product_tag-keskipiste","22":"product_tag-kirke-fi","23":"product_tag-kors-fi","24":"product_tag-kristen-fi","25":"product_tag-kunsthaandvaerk-fi","26":"product_tag-lahjaa","27":"product_tag-laitteisto","28":"product_tag-lapsi","29":"product_tag-mor-fi","30":"product_tag-nyori","31":"product_tag-oliivi","32":"product_tag-oliventrae-fi","33":"product_tag-ortodoks-fi","34":"product_tag-punoa","35":"product_tag-pyorea","36":"product_tag-rosenkranit","37":"product_tag-rosenkranse-fi","38":"product_tag-soikea","39":"product_tag-trae-fi","40":"product_tag-udskaering-fi","41":"product_tag-veistetty","42":"product_tag-vesi","44":"first","45":"instock","46":"shipping-taxable","47":"purchasable","48":"product-type-simple"},"yoast_head":"<!-- This site is optimized with the Yoast SEO plugin v24.8.1 - https:\/\/yoast.com\/wordpress\/plugins\/seo\/ -->\n<title>8 mm oliivipuun soikeat helmet (125 helmi\u00e4) #B126 - Holy Land Olive Wood - Bethlehem Olive Wood Factory<\/title>\n<meta name=\"description\" content=\"Betlehem oliivipuun k\u00e4sity\u00f6t (eli ruusut, soikea, veistetty, py\u00f6re\u00e4t,helmet) kaiverrukset, keskiosat,&amp;raaka-aine vakio- ja mukautetuissa mitoissa.\" \/>\n<meta name=\"robots\" content=\"index, follow, max-snippet:-1, max-image-preview:large, max-video-preview:-1\" \/>\n<link rel=\"canonical\" href=\"https:\/\/old.holyland-olivewood.com\/fi\/tuote\/8-mm-oliivi-puu-soikea-helmi-125-helmet\/\" \/>\n<meta property=\"og:locale\" content=\"fi_FI\" \/>\n<meta property=\"og:type\" content=\"article\" \/>\n<meta property=\"og:title\" content=\"8 mm oliivipuun soikeat helmet (125 helmi\u00e4) #B126 - Holy Land Olive Wood - Bethlehem Olive Wood Factory\" \/>\n<meta property=\"og:description\" content=\"Betlehem oliivipuun k\u00e4sity\u00f6t (eli ruusut, soikea, veistetty, py\u00f6re\u00e4t,helmet) kaiverrukset, keskiosat,&amp;raaka-aine vakio- ja mukautetuissa mitoissa.\" \/>\n<meta property=\"og:url\" content=\"https:\/\/old.holyland-olivewood.com\/fi\/tuote\/8-mm-oliivi-puu-soikea-helmi-125-helmet\/\" \/>\n<meta property=\"og:site_name\" content=\"Holy Land Olive Wood - Bethlehem Olive Wood Factory\" \/>\n<meta property=\"article:publisher\" content=\"https:\/\/www.facebook.com\/holylandolivewood.bethlehem\/\" \/>\n<meta property=\"og:image\" content=\"https:\/\/old.holyland-olivewood.com\/wp-content\/uploads\/2016\/05\/oval_beads_holy_land_olive_wood_bethlehem.jpg\" \/>\n\t<meta property=\"og:image:width\" content=\"1550\" \/>\n\t<meta property=\"og:image:height\" content=\"1200\" \/>\n\t<meta property=\"og:image:type\" content=\"image\/jpeg\" \/>\n<meta name=\"twitter:card\" content=\"summary_large_image\" \/>\n<script type=\"application\/ld+json\" class=\"yoast-schema-graph\">{\"@context\":\"https:\/\/schema.org\",\"@graph\":[{\"@type\":\"WebPage\",\"@id\":\"https:\/\/old.holyland-olivewood.com\/fi\/tuote\/8-mm-oliivi-puu-soikea-helmi-125-helmet\/\",\"url\":\"https:\/\/old.holyland-olivewood.com\/fi\/tuote\/8-mm-oliivi-puu-soikea-helmi-125-helmet\/\",\"name\":\"8 mm oliivipuun soikeat helmet (125 helmi\u00e4) #B126 - Holy Land Olive Wood - Bethlehem Olive Wood Factory\",\"isPartOf\":{\"@id\":\"https:\/\/old.holyland-olivewood.com\/fi\/#website\"},\"primaryImageOfPage\":{\"@id\":\"https:\/\/old.holyland-olivewood.com\/fi\/tuote\/8-mm-oliivi-puu-soikea-helmi-125-helmet\/#primaryimage\"},\"image\":{\"@id\":\"https:\/\/old.holyland-olivewood.com\/fi\/tuote\/8-mm-oliivi-puu-soikea-helmi-125-helmet\/#primaryimage\"},\"thumbnailUrl\":\"https:\/\/old.holyland-olivewood.com\/wp-content\/uploads\/2016\/05\/oval_beads_holy_land_olive_wood_bethlehem.jpg\",\"datePublished\":\"2022-02-10T13:59:20+00:00\",\"description\":\"Betlehem oliivipuun k\u00e4sity\u00f6t (eli ruusut, soikea, veistetty, py\u00f6re\u00e4t,helmet) kaiverrukset, keskiosat,&raaka-aine vakio- ja mukautetuissa mitoissa.\",\"breadcrumb\":{\"@id\":\"https:\/\/old.holyland-olivewood.com\/fi\/tuote\/8-mm-oliivi-puu-soikea-helmi-125-helmet\/#breadcrumb\"},\"inLanguage\":\"fi\",\"potentialAction\":[{\"@type\":\"ReadAction\",\"target\":[\"https:\/\/old.holyland-olivewood.com\/fi\/tuote\/8-mm-oliivi-puu-soikea-helmi-125-helmet\/\"]}]},{\"@type\":\"ImageObject\",\"inLanguage\":\"fi\",\"@id\":\"https:\/\/old.holyland-olivewood.com\/fi\/tuote\/8-mm-oliivi-puu-soikea-helmi-125-helmet\/#primaryimage\",\"url\":\"https:\/\/old.holyland-olivewood.com\/wp-content\/uploads\/2016\/05\/oval_beads_holy_land_olive_wood_bethlehem.jpg\",\"contentUrl\":\"https:\/\/old.holyland-olivewood.com\/wp-content\/uploads\/2016\/05\/oval_beads_holy_land_olive_wood_bethlehem.jpg\",\"width\":1550,\"height\":1200},{\"@type\":\"BreadcrumbList\",\"@id\":\"https:\/\/old.holyland-olivewood.com\/fi\/tuote\/8-mm-oliivi-puu-soikea-helmi-125-helmet\/#breadcrumb\",\"itemListElement\":[{\"@type\":\"ListItem\",\"position\":1,\"name\":\"Home\",\"item\":\"https:\/\/old.holyland-olivewood.com\/fi\/\"},{\"@type\":\"ListItem\",\"position\":2,\"name\":\"Shop\",\"item\":\"https:\/\/old.holyland-olivewood.com\/fi\/shop\/\"},{\"@type\":\"ListItem\",\"position\":3,\"name\":\"8 mm oliivipuun soikeat helmet (125 helmi\u00e4) #B126\"}]},{\"@type\":\"WebSite\",\"@id\":\"https:\/\/old.holyland-olivewood.com\/fi\/#website\",\"url\":\"https:\/\/old.holyland-olivewood.com\/fi\/\",\"name\":\"Holy Land Olive Wood - Bethlehem Olive Wood Factory\",\"description\":\"Holy Land Olivewood Bethlehem\",\"publisher\":{\"@id\":\"https:\/\/old.holyland-olivewood.com\/fi\/#organization\"},\"potentialAction\":[{\"@type\":\"SearchAction\",\"target\":{\"@type\":\"EntryPoint\",\"urlTemplate\":\"https:\/\/old.holyland-olivewood.com\/fi\/?s={search_term_string}\"},\"query-input\":{\"@type\":\"PropertyValueSpecification\",\"valueRequired\":true,\"valueName\":\"search_term_string\"}}],\"inLanguage\":\"fi\"},{\"@type\":\"Organization\",\"@id\":\"https:\/\/old.holyland-olivewood.com\/fi\/#organization\",\"name\":\"Holy Land Olivewood\",\"url\":\"https:\/\/old.holyland-olivewood.com\/fi\/\",\"logo\":{\"@type\":\"ImageObject\",\"inLanguage\":\"fi\",\"@id\":\"https:\/\/old.holyland-olivewood.com\/fi\/#\/schema\/logo\/image\/\",\"url\":\"\",\"contentUrl\":\"\",\"caption\":\"Holy Land Olivewood\"},\"image\":{\"@id\":\"https:\/\/old.holyland-olivewood.com\/fi\/#\/schema\/logo\/image\/\"},\"sameAs\":[\"https:\/\/www.facebook.com\/holylandolivewood.bethlehem\/\",\"http:\/\/instagram.com\/holy.land.olive.wood\"]}]}<\/script>\n<!-- \/ Yoast SEO plugin. -->","yoast_head_json":{"title":"8 mm oliivipuun soikeat helmet (125 helmi\u00e4) #B126 - Holy Land Olive Wood - Bethlehem Olive Wood Factory","description":"Betlehem oliivipuun k\u00e4sity\u00f6t (eli ruusut, soikea, veistetty, py\u00f6re\u00e4t,helmet) kaiverrukset, keskiosat,&raaka-aine vakio- ja mukautetuissa mitoissa.","robots":{"index":"index","follow":"follow","max-snippet":"max-snippet:-1","max-image-preview":"max-image-preview:large","max-video-preview":"max-video-preview:-1"},"canonical":"https:\/\/old.holyland-olivewood.com\/fi\/tuote\/8-mm-oliivi-puu-soikea-helmi-125-helmet\/","og_locale":"fi_FI","og_type":"article","og_title":"8 mm oliivipuun soikeat helmet (125 helmi\u00e4) #B126 - Holy Land Olive Wood - Bethlehem Olive Wood Factory","og_description":"Betlehem oliivipuun k\u00e4sity\u00f6t (eli ruusut, soikea, veistetty, py\u00f6re\u00e4t,helmet) kaiverrukset, keskiosat,&raaka-aine vakio- ja mukautetuissa mitoissa.","og_url":"https:\/\/old.holyland-olivewood.com\/fi\/tuote\/8-mm-oliivi-puu-soikea-helmi-125-helmet\/","og_site_name":"Holy Land Olive Wood - Bethlehem Olive Wood Factory","article_publisher":"https:\/\/www.facebook.com\/holylandolivewood.bethlehem\/","og_image":[{"width":1550,"height":1200,"url":"https:\/\/old.holyland-olivewood.com\/wp-content\/uploads\/2016\/05\/oval_beads_holy_land_olive_wood_bethlehem.jpg","type":"image\/jpeg"}],"twitter_card":"summary_large_image","schema":{"@context":"https:\/\/schema.org","@graph":[{"@type":"WebPage","@id":"https:\/\/old.holyland-olivewood.com\/fi\/tuote\/8-mm-oliivi-puu-soikea-helmi-125-helmet\/","url":"https:\/\/old.holyland-olivewood.com\/fi\/tuote\/8-mm-oliivi-puu-soikea-helmi-125-helmet\/","name":"8 mm oliivipuun soikeat helmet (125 helmi\u00e4) #B126 - Holy Land Olive Wood - Bethlehem Olive Wood Factory","isPartOf":{"@id":"https:\/\/old.holyland-olivewood.com\/fi\/#website"},"primaryImageOfPage":{"@id":"https:\/\/old.holyland-olivewood.com\/fi\/tuote\/8-mm-oliivi-puu-soikea-helmi-125-helmet\/#primaryimage"},"image":{"@id":"https:\/\/old.holyland-olivewood.com\/fi\/tuote\/8-mm-oliivi-puu-soikea-helmi-125-helmet\/#primaryimage"},"thumbnailUrl":"https:\/\/old.holyland-olivewood.com\/wp-content\/uploads\/2016\/05\/oval_beads_holy_land_olive_wood_bethlehem.jpg","datePublished":"2022-02-10T13:59:20+00:00","description":"Betlehem oliivipuun k\u00e4sity\u00f6t (eli ruusut, soikea, veistetty, py\u00f6re\u00e4t,helmet) kaiverrukset, keskiosat,&raaka-aine vakio- ja mukautetuissa mitoissa.","breadcrumb":{"@id":"https:\/\/old.holyland-olivewood.com\/fi\/tuote\/8-mm-oliivi-puu-soikea-helmi-125-helmet\/#breadcrumb"},"inLanguage":"fi","potentialAction":[{"@type":"ReadAction","target":["https:\/\/old.holyland-olivewood.com\/fi\/tuote\/8-mm-oliivi-puu-soikea-helmi-125-helmet\/"]}]},{"@type":"ImageObject","inLanguage":"fi","@id":"https:\/\/old.holyland-olivewood.com\/fi\/tuote\/8-mm-oliivi-puu-soikea-helmi-125-helmet\/#primaryimage","url":"https:\/\/old.holyland-olivewood.com\/wp-content\/uploads\/2016\/05\/oval_beads_holy_land_olive_wood_bethlehem.jpg","contentUrl":"https:\/\/old.holyland-olivewood.com\/wp-content\/uploads\/2016\/05\/oval_beads_holy_land_olive_wood_bethlehem.jpg","width":1550,"height":1200},{"@type":"BreadcrumbList","@id":"https:\/\/old.holyland-olivewood.com\/fi\/tuote\/8-mm-oliivi-puu-soikea-helmi-125-helmet\/#breadcrumb","itemListElement":[{"@type":"ListItem","position":1,"name":"Home","item":"https:\/\/old.holyland-olivewood.com\/fi\/"},{"@type":"ListItem","position":2,"name":"Shop","item":"https:\/\/old.holyland-olivewood.com\/fi\/shop\/"},{"@type":"ListItem","position":3,"name":"8 mm oliivipuun soikeat helmet (125 helmi\u00e4) #B126"}]},{"@type":"WebSite","@id":"https:\/\/old.holyland-olivewood.com\/fi\/#website","url":"https:\/\/old.holyland-olivewood.com\/fi\/","name":"Holy Land Olive Wood - Bethlehem Olive Wood Factory","description":"Holy Land Olivewood Bethlehem","publisher":{"@id":"https:\/\/old.holyland-olivewood.com\/fi\/#organization"},"potentialAction":[{"@type":"SearchAction","target":{"@type":"EntryPoint","urlTemplate":"https:\/\/old.holyland-olivewood.com\/fi\/?s={search_term_string}"},"query-input":{"@type":"PropertyValueSpecification","valueRequired":true,"valueName":"search_term_string"}}],"inLanguage":"fi"},{"@type":"Organization","@id":"https:\/\/old.holyland-olivewood.com\/fi\/#organization","name":"Holy Land Olivewood","url":"https:\/\/old.holyland-olivewood.com\/fi\/","logo":{"@type":"ImageObject","inLanguage":"fi","@id":"https:\/\/old.holyland-olivewood.com\/fi\/#\/schema\/logo\/image\/","url":"","contentUrl":"","caption":"Holy Land Olivewood"},"image":{"@id":"https:\/\/old.holyland-olivewood.com\/fi\/#\/schema\/logo\/image\/"},"sameAs":["https:\/\/www.facebook.com\/holylandolivewood.bethlehem\/","http:\/\/instagram.com\/holy.land.olive.wood"]}]}},"_links":{"self":[{"href":"https:\/\/old.holyland-olivewood.com\/fi\/wp-json\/wp\/v2\/product\/43720","targetHints":{"allow":["GET"]}}],"collection":[{"href":"https:\/\/old.holyland-olivewood.com\/fi\/wp-json\/wp\/v2\/product"}],"about":[{"href":"https:\/\/old.holyland-olivewood.com\/fi\/wp-json\/wp\/v2\/types\/product"}],"wp:featuredmedia":[{"embeddable":true,"href":"https:\/\/old.holyland-olivewood.com\/fi\/wp-json\/wp\/v2\/media\/30775"}],"wp:attachment":[{"href":"https:\/\/old.holyland-olivewood.com\/fi\/wp-json\/wp\/v2\/media?parent=43720"}],"wp:term":[{"taxonomy":"product_brand","embeddable":true,"href":"https:\/\/old.holyland-olivewood.com\/fi\/wp-json\/wp\/v2\/product_brand?post=43720"},{"taxonomy":"product_cat","embeddable":true,"href":"https:\/\/old.holyland-olivewood.com\/fi\/wp-json\/wp\/v2\/product_cat?post=43720"},{"taxonomy":"product_tag","embeddable":true,"href":"https:\/\/old.holyland-olivewood.com\/fi\/wp-json\/wp\/v2\/product_tag?post=43720"}],"curies":[{"name":"wp","href":"https:\/\/api.w.org\/{rel}","templated":true}]}}