{"id":43368,"date":"2016-06-24T14:50:53","date_gmt":"2022-02-09T13:14:50","guid":{"rendered":"https:\/\/old.holyland-olivewood.com\/product\/puhdas-oliivioljysaippua-so119\/"},"modified":"2022-02-09T13:14:50","modified_gmt":"2022-02-09T13:14:50","slug":"puhdas-oliivioljy-saippua","status":"publish","type":"product","link":"https:\/\/old.holyland-olivewood.com\/fi\/tuote\/puhdas-oliivioljy-saippua\/","title":{"rendered":"Puhdas oliivi\u00f6ljysaippua #SO119"},"content":{"rendered":"","protected":false},"excerpt":{"rendered":"<p><strong>Puhdas oliivi\u00f6ljysaippua<\/strong><\/p>\n<p>Puhdas oliivi\u00f6ljysaippua, joka on perinteisesti valmistettu ja todennettu orgaaniseksi, vegaaniksi, halaliksi ja PSI-laaduksi markkinoilla ymp\u00e4ri maailmaa vuosikymmenist\u00e4 l\u00e4htien.<\/p>\n<p>Nablus-saippuateollisuuden syntyminen voidaan j\u00e4ljitt\u00e4\u00e4 satoihin vuosiin kymmenenteen vuosisadalle. Suurin osa tehtaista sijaitsee vanhassa kaupungissa. 1800-luvun alussa Nablus oli yli 30 saippuatehtaan koti. Suurin osa niist\u00e4 toimii edelleen.<\/p>\n<p>Ei testattu el\u00e4imill\u00e4.<\/p>\n<p>Paino: 125g<\/p>\n","protected":false},"featured_media":38231,"template":"","meta":[],"product_brand":[],"product_cat":[1678,3122],"product_tag":[904,3161,791,3158,878,913,892,854,3126,867,861,3159,934,921,3150,1328,3141,2954,3153,3132,3135,3155,819,834,1725,3148,3171,2627,3138,3167,3129,3146,3123,3143,3165,825,3163,3157,3169],"class_list":{"0":"post-43368","1":"product","2":"type-product","3":"status-publish","4":"has-post-thumbnail","6":"product_cat-sekalainen","7":"product_cat-oliivi-saippua","8":"product_tag-antoi","9":"product_tag-avokado-fi","10":"product_tag-betlehem-fi","11":"product_tag-granaattiomena","12":"product_tag-haandlavet-fi","13":"product_tag-haandvaerk-fi","14":"product_tag-heinaekuu","15":"product_tag-hellig-fi","16":"product_tag-hunaja","17":"product_tag-jerusalem-fi","18":"product_tag-jord-fi","19":"product_tag-kaneli","20":"product_tag-kors-fi","21":"product_tag-kunsthaandvaerk-fi","22":"product_tag-kuollut","23":"product_tag-lahjaa","24":"product_tag-laventeli","25":"product_tag-maito","26":"product_tag-meri","27":"product_tag-minttu","28":"product_tag-musta","29":"product_tag-muta","30":"product_tag-oliivi","31":"product_tag-oliventrae-fi","32":"product_tag-oljy","33":"product_tag-paivamaarille","34":"product_tag-puhdas","35":"product_tag-puu","36":"product_tag-roomankumina","37":"product_tag-sahrami","38":"product_tag-saippua","39":"product_tag-salvia-fi","40":"product_tag-sitruuna","41":"product_tag-tee-fi","42":"product_tag-timjami","43":"product_tag-trae-fi","44":"product_tag-viikuna","45":"product_tag-viinirypale","46":"product_tag-vuohi","48":"first","49":"instock","50":"shipping-taxable","51":"purchasable","52":"product-type-simple"},"yoast_head":"<!-- This site is optimized with the Yoast SEO plugin v24.8.1 - https:\/\/yoast.com\/wordpress\/plugins\/seo\/ -->\n<title>Puhdas oliivi\u00f6ljysaippua #SO119 - Holy Land Olive Wood - Bethlehem Olive Wood Factory<\/title>\n<meta name=\"description\" content=\"Betlehem oliivipuun k\u00e4sity\u00f6t (eli oliivi\u00f6ljysaippua , helmet)kyn\u00e4n aihioiden kaiverrukset, laatat, lohkot,&amp;raaka-aine vakiomitoitus ja mukautetut mitat\" \/>\n<meta name=\"robots\" content=\"index, follow, max-snippet:-1, max-image-preview:large, max-video-preview:-1\" \/>\n<link rel=\"canonical\" href=\"https:\/\/old.holyland-olivewood.com\/fi\/tuote\/puhdas-oliivioljy-saippua\/\" \/>\n<meta property=\"og:locale\" content=\"fi_FI\" \/>\n<meta property=\"og:type\" content=\"article\" \/>\n<meta property=\"og:title\" content=\"Puhdas oliivi\u00f6ljysaippua #SO119 - Holy Land Olive Wood - Bethlehem Olive Wood Factory\" \/>\n<meta property=\"og:description\" content=\"Betlehem oliivipuun k\u00e4sity\u00f6t (eli oliivi\u00f6ljysaippua , helmet)kyn\u00e4n aihioiden kaiverrukset, laatat, lohkot,&amp;raaka-aine vakiomitoitus ja mukautetut mitat\" \/>\n<meta property=\"og:url\" content=\"https:\/\/old.holyland-olivewood.com\/fi\/tuote\/puhdas-oliivioljy-saippua\/\" \/>\n<meta property=\"og:site_name\" content=\"Holy Land Olive Wood - Bethlehem Olive Wood Factory\" \/>\n<meta property=\"article:publisher\" content=\"https:\/\/www.facebook.com\/holylandolivewood.bethlehem\/\" \/>\n<meta property=\"og:image\" content=\"https:\/\/old.holyland-olivewood.com\/wp-content\/uploads\/2016\/06\/olive_soap_holy_land_olive_wood_bethlehem-so119.jpg\" \/>\n\t<meta property=\"og:image:width\" content=\"1550\" \/>\n\t<meta property=\"og:image:height\" content=\"1200\" \/>\n\t<meta property=\"og:image:type\" content=\"image\/jpeg\" \/>\n<meta name=\"twitter:card\" content=\"summary_large_image\" \/>\n<script type=\"application\/ld+json\" class=\"yoast-schema-graph\">{\"@context\":\"https:\/\/schema.org\",\"@graph\":[{\"@type\":\"WebPage\",\"@id\":\"https:\/\/old.holyland-olivewood.com\/fi\/tuote\/puhdas-oliivioljy-saippua\/\",\"url\":\"https:\/\/old.holyland-olivewood.com\/fi\/tuote\/puhdas-oliivioljy-saippua\/\",\"name\":\"Puhdas oliivi\u00f6ljysaippua #SO119 - Holy Land Olive Wood - Bethlehem Olive Wood Factory\",\"isPartOf\":{\"@id\":\"https:\/\/old.holyland-olivewood.com\/fi\/#website\"},\"primaryImageOfPage\":{\"@id\":\"https:\/\/old.holyland-olivewood.com\/fi\/tuote\/puhdas-oliivioljy-saippua\/#primaryimage\"},\"image\":{\"@id\":\"https:\/\/old.holyland-olivewood.com\/fi\/tuote\/puhdas-oliivioljy-saippua\/#primaryimage\"},\"thumbnailUrl\":\"https:\/\/old.holyland-olivewood.com\/wp-content\/uploads\/2016\/06\/olive_soap_holy_land_olive_wood_bethlehem-so119.jpg\",\"datePublished\":\"2022-02-09T13:14:50+00:00\",\"description\":\"Betlehem oliivipuun k\u00e4sity\u00f6t (eli oliivi\u00f6ljysaippua , helmet)kyn\u00e4n aihioiden kaiverrukset, laatat, lohkot,&raaka-aine vakiomitoitus ja mukautetut mitat\",\"breadcrumb\":{\"@id\":\"https:\/\/old.holyland-olivewood.com\/fi\/tuote\/puhdas-oliivioljy-saippua\/#breadcrumb\"},\"inLanguage\":\"fi\",\"potentialAction\":[{\"@type\":\"ReadAction\",\"target\":[\"https:\/\/old.holyland-olivewood.com\/fi\/tuote\/puhdas-oliivioljy-saippua\/\"]}]},{\"@type\":\"ImageObject\",\"inLanguage\":\"fi\",\"@id\":\"https:\/\/old.holyland-olivewood.com\/fi\/tuote\/puhdas-oliivioljy-saippua\/#primaryimage\",\"url\":\"https:\/\/old.holyland-olivewood.com\/wp-content\/uploads\/2016\/06\/olive_soap_holy_land_olive_wood_bethlehem-so119.jpg\",\"contentUrl\":\"https:\/\/old.holyland-olivewood.com\/wp-content\/uploads\/2016\/06\/olive_soap_holy_land_olive_wood_bethlehem-so119.jpg\",\"width\":1550,\"height\":1200},{\"@type\":\"BreadcrumbList\",\"@id\":\"https:\/\/old.holyland-olivewood.com\/fi\/tuote\/puhdas-oliivioljy-saippua\/#breadcrumb\",\"itemListElement\":[{\"@type\":\"ListItem\",\"position\":1,\"name\":\"Home\",\"item\":\"https:\/\/old.holyland-olivewood.com\/fi\/\"},{\"@type\":\"ListItem\",\"position\":2,\"name\":\"Shop\",\"item\":\"https:\/\/old.holyland-olivewood.com\/fi\/shop\/\"},{\"@type\":\"ListItem\",\"position\":3,\"name\":\"Puhdas oliivi\u00f6ljysaippua #SO119\"}]},{\"@type\":\"WebSite\",\"@id\":\"https:\/\/old.holyland-olivewood.com\/fi\/#website\",\"url\":\"https:\/\/old.holyland-olivewood.com\/fi\/\",\"name\":\"Holy Land Olive Wood - Bethlehem Olive Wood Factory\",\"description\":\"Holy Land Olivewood Bethlehem\",\"publisher\":{\"@id\":\"https:\/\/old.holyland-olivewood.com\/fi\/#organization\"},\"potentialAction\":[{\"@type\":\"SearchAction\",\"target\":{\"@type\":\"EntryPoint\",\"urlTemplate\":\"https:\/\/old.holyland-olivewood.com\/fi\/?s={search_term_string}\"},\"query-input\":{\"@type\":\"PropertyValueSpecification\",\"valueRequired\":true,\"valueName\":\"search_term_string\"}}],\"inLanguage\":\"fi\"},{\"@type\":\"Organization\",\"@id\":\"https:\/\/old.holyland-olivewood.com\/fi\/#organization\",\"name\":\"Holy Land Olivewood\",\"url\":\"https:\/\/old.holyland-olivewood.com\/fi\/\",\"logo\":{\"@type\":\"ImageObject\",\"inLanguage\":\"fi\",\"@id\":\"https:\/\/old.holyland-olivewood.com\/fi\/#\/schema\/logo\/image\/\",\"url\":\"\",\"contentUrl\":\"\",\"caption\":\"Holy Land Olivewood\"},\"image\":{\"@id\":\"https:\/\/old.holyland-olivewood.com\/fi\/#\/schema\/logo\/image\/\"},\"sameAs\":[\"https:\/\/www.facebook.com\/holylandolivewood.bethlehem\/\",\"http:\/\/instagram.com\/holy.land.olive.wood\"]}]}<\/script>\n<!-- \/ Yoast SEO plugin. -->","yoast_head_json":{"title":"Puhdas oliivi\u00f6ljysaippua #SO119 - Holy Land Olive Wood - Bethlehem Olive Wood Factory","description":"Betlehem oliivipuun k\u00e4sity\u00f6t (eli oliivi\u00f6ljysaippua , helmet)kyn\u00e4n aihioiden kaiverrukset, laatat, lohkot,&raaka-aine vakiomitoitus ja mukautetut mitat","robots":{"index":"index","follow":"follow","max-snippet":"max-snippet:-1","max-image-preview":"max-image-preview:large","max-video-preview":"max-video-preview:-1"},"canonical":"https:\/\/old.holyland-olivewood.com\/fi\/tuote\/puhdas-oliivioljy-saippua\/","og_locale":"fi_FI","og_type":"article","og_title":"Puhdas oliivi\u00f6ljysaippua #SO119 - Holy Land Olive Wood - Bethlehem Olive Wood Factory","og_description":"Betlehem oliivipuun k\u00e4sity\u00f6t (eli oliivi\u00f6ljysaippua , helmet)kyn\u00e4n aihioiden kaiverrukset, laatat, lohkot,&raaka-aine vakiomitoitus ja mukautetut mitat","og_url":"https:\/\/old.holyland-olivewood.com\/fi\/tuote\/puhdas-oliivioljy-saippua\/","og_site_name":"Holy Land Olive Wood - Bethlehem Olive Wood Factory","article_publisher":"https:\/\/www.facebook.com\/holylandolivewood.bethlehem\/","og_image":[{"width":1550,"height":1200,"url":"https:\/\/old.holyland-olivewood.com\/wp-content\/uploads\/2016\/06\/olive_soap_holy_land_olive_wood_bethlehem-so119.jpg","type":"image\/jpeg"}],"twitter_card":"summary_large_image","schema":{"@context":"https:\/\/schema.org","@graph":[{"@type":"WebPage","@id":"https:\/\/old.holyland-olivewood.com\/fi\/tuote\/puhdas-oliivioljy-saippua\/","url":"https:\/\/old.holyland-olivewood.com\/fi\/tuote\/puhdas-oliivioljy-saippua\/","name":"Puhdas oliivi\u00f6ljysaippua #SO119 - Holy Land Olive Wood - Bethlehem Olive Wood Factory","isPartOf":{"@id":"https:\/\/old.holyland-olivewood.com\/fi\/#website"},"primaryImageOfPage":{"@id":"https:\/\/old.holyland-olivewood.com\/fi\/tuote\/puhdas-oliivioljy-saippua\/#primaryimage"},"image":{"@id":"https:\/\/old.holyland-olivewood.com\/fi\/tuote\/puhdas-oliivioljy-saippua\/#primaryimage"},"thumbnailUrl":"https:\/\/old.holyland-olivewood.com\/wp-content\/uploads\/2016\/06\/olive_soap_holy_land_olive_wood_bethlehem-so119.jpg","datePublished":"2022-02-09T13:14:50+00:00","description":"Betlehem oliivipuun k\u00e4sity\u00f6t (eli oliivi\u00f6ljysaippua , helmet)kyn\u00e4n aihioiden kaiverrukset, laatat, lohkot,&raaka-aine vakiomitoitus ja mukautetut mitat","breadcrumb":{"@id":"https:\/\/old.holyland-olivewood.com\/fi\/tuote\/puhdas-oliivioljy-saippua\/#breadcrumb"},"inLanguage":"fi","potentialAction":[{"@type":"ReadAction","target":["https:\/\/old.holyland-olivewood.com\/fi\/tuote\/puhdas-oliivioljy-saippua\/"]}]},{"@type":"ImageObject","inLanguage":"fi","@id":"https:\/\/old.holyland-olivewood.com\/fi\/tuote\/puhdas-oliivioljy-saippua\/#primaryimage","url":"https:\/\/old.holyland-olivewood.com\/wp-content\/uploads\/2016\/06\/olive_soap_holy_land_olive_wood_bethlehem-so119.jpg","contentUrl":"https:\/\/old.holyland-olivewood.com\/wp-content\/uploads\/2016\/06\/olive_soap_holy_land_olive_wood_bethlehem-so119.jpg","width":1550,"height":1200},{"@type":"BreadcrumbList","@id":"https:\/\/old.holyland-olivewood.com\/fi\/tuote\/puhdas-oliivioljy-saippua\/#breadcrumb","itemListElement":[{"@type":"ListItem","position":1,"name":"Home","item":"https:\/\/old.holyland-olivewood.com\/fi\/"},{"@type":"ListItem","position":2,"name":"Shop","item":"https:\/\/old.holyland-olivewood.com\/fi\/shop\/"},{"@type":"ListItem","position":3,"name":"Puhdas oliivi\u00f6ljysaippua #SO119"}]},{"@type":"WebSite","@id":"https:\/\/old.holyland-olivewood.com\/fi\/#website","url":"https:\/\/old.holyland-olivewood.com\/fi\/","name":"Holy Land Olive Wood - Bethlehem Olive Wood Factory","description":"Holy Land Olivewood Bethlehem","publisher":{"@id":"https:\/\/old.holyland-olivewood.com\/fi\/#organization"},"potentialAction":[{"@type":"SearchAction","target":{"@type":"EntryPoint","urlTemplate":"https:\/\/old.holyland-olivewood.com\/fi\/?s={search_term_string}"},"query-input":{"@type":"PropertyValueSpecification","valueRequired":true,"valueName":"search_term_string"}}],"inLanguage":"fi"},{"@type":"Organization","@id":"https:\/\/old.holyland-olivewood.com\/fi\/#organization","name":"Holy Land Olivewood","url":"https:\/\/old.holyland-olivewood.com\/fi\/","logo":{"@type":"ImageObject","inLanguage":"fi","@id":"https:\/\/old.holyland-olivewood.com\/fi\/#\/schema\/logo\/image\/","url":"","contentUrl":"","caption":"Holy Land Olivewood"},"image":{"@id":"https:\/\/old.holyland-olivewood.com\/fi\/#\/schema\/logo\/image\/"},"sameAs":["https:\/\/www.facebook.com\/holylandolivewood.bethlehem\/","http:\/\/instagram.com\/holy.land.olive.wood"]}]}},"_links":{"self":[{"href":"https:\/\/old.holyland-olivewood.com\/fi\/wp-json\/wp\/v2\/product\/43368","targetHints":{"allow":["GET"]}}],"collection":[{"href":"https:\/\/old.holyland-olivewood.com\/fi\/wp-json\/wp\/v2\/product"}],"about":[{"href":"https:\/\/old.holyland-olivewood.com\/fi\/wp-json\/wp\/v2\/types\/product"}],"wp:featuredmedia":[{"embeddable":true,"href":"https:\/\/old.holyland-olivewood.com\/fi\/wp-json\/wp\/v2\/media\/38231"}],"wp:attachment":[{"href":"https:\/\/old.holyland-olivewood.com\/fi\/wp-json\/wp\/v2\/media?parent=43368"}],"wp:term":[{"taxonomy":"product_brand","embeddable":true,"href":"https:\/\/old.holyland-olivewood.com\/fi\/wp-json\/wp\/v2\/product_brand?post=43368"},{"taxonomy":"product_cat","embeddable":true,"href":"https:\/\/old.holyland-olivewood.com\/fi\/wp-json\/wp\/v2\/product_cat?post=43368"},{"taxonomy":"product_tag","embeddable":true,"href":"https:\/\/old.holyland-olivewood.com\/fi\/wp-json\/wp\/v2\/product_tag?post=43368"}],"curies":[{"name":"wp","href":"https:\/\/api.w.org\/{rel}","templated":true}]}}