{"id":43131,"date":"2016-12-14T15:05:11","date_gmt":"2022-02-09T09:37:39","guid":{"rendered":"https:\/\/old.holyland-olivewood.com\/product\/oliivipuun-leikkuulauta-keskikokoinen-ki121\/"},"modified":"2022-02-09T09:37:39","modified_gmt":"2022-02-09T09:37:39","slug":"oliivi-puun-leikkuulauta-keskikokoinen","status":"publish","type":"product","link":"https:\/\/old.holyland-olivewood.com\/fi\/tuote\/oliivi-puun-leikkuulauta-keskikokoinen\/","title":{"rendered":"Oliivipuun leikkuulauta keskikokoinen #KI121"},"content":{"rendered":"","protected":false},"excerpt":{"rendered":"<p>T\u00e4m\u00e4 tyylik\u00e4s leikkuulauta on k\u00e4sintehty Betlehemin pyh\u00e4n maan oliivipuusta. Se on t\u00e4ydellinen lis\u00e4 mihin tahansa keitti\u00f6\u00f6n tai ruokasaliin. Kauniissa vaaleassa puussa on tummemmat viivoita viljasta, joka py\u00f6rii jokaisen astian pituudelta. Valmistettu yli 100 vuotta vanhoista oliivipuista, jotka eiv\u00e4t en\u00e4\u00e4 tuota hedelm\u00e4\u00e4, nauttivat t\u00e4m\u00e4n hienorakeisen kovan puun kauneudesta ja historiasta, joka on tehty hy\u00f6dyllisiksi keitti\u00f6ty\u00f6kaluiksi ja tarjoiluv\u00e4lineiksi. Sen oliivi\u00f6ljyn viimeistely pit\u00e4\u00e4 puun kosteutettuna luonnollisella tavalla. Leikkuulauta on k\u00e4sin veistetty, hiottu ja viimeistelty kulinaariseen k\u00e4ytt\u00f6\u00f6n.<\/p>\n<p>Jotta voit nauttia t\u00e4st\u00e4 tuotteesta ja puun luonteesta s\u00e4ilytt\u00e4\u00e4 mahdollisimman pitk\u00e4\u00e4n pesem\u00e4ll\u00e4 levy varovasti k\u00e4yt\u00f6n j\u00e4lkeen, vain k\u00e4ytt\u00e4m\u00e4ll\u00e4 haaleaa vett\u00e4 ja astianpesuainetta, kuivaa v\u00e4litt\u00f6m\u00e4sti! \u00c4l\u00e4 aseta j\u00e4\u00e4hdyttimeen, l\u00e4mpimiin alueisiin tai kuumiin paikkoihin. Parhaan mahdollisen hoidon vuoksi hierot puista leikkuulautaa s\u00e4\u00e4nn\u00f6llisesti oliivi\u00f6ljyll\u00e4 tai ruoka\u00f6ljyll\u00e4 ja pyyhit sen sitten kuivalla liinalla. Laudan hoidon lis\u00e4ksi puunjyv\u00e4 tulee parhaaseen tulokseen!<br \/>\nEi tiskikoneen turvallinen!<\/p>\n<p>Koko: 12,5 cm x 32 cm<\/p>\n","protected":false},"featured_media":32096,"template":"","meta":[],"product_brand":[],"product_cat":[786,2893],"product_tag":[],"class_list":{"0":"post-43131","1":"product","2":"type-product","3":"status-publish","4":"has-post-thumbnail","6":"product_cat-kunsthaandvaerk-fi","7":"product_cat-keittiovalineet","9":"first","10":"instock","11":"shipping-taxable","12":"purchasable","13":"product-type-simple"},"yoast_head":"<!-- This site is optimized with the Yoast SEO plugin v24.8.1 - https:\/\/yoast.com\/wordpress\/plugins\/seo\/ -->\n<title>Oliivipuun leikkuulauta keskikokoinen #KI121 - Holy Land Olive Wood - Bethlehem Olive Wood Factory<\/title>\n<meta name=\"robots\" content=\"index, follow, max-snippet:-1, max-image-preview:large, max-video-preview:-1\" \/>\n<link rel=\"canonical\" href=\"https:\/\/old.holyland-olivewood.com\/fi\/tuote\/oliivi-puun-leikkuulauta-keskikokoinen\/\" \/>\n<meta property=\"og:locale\" content=\"fi_FI\" \/>\n<meta property=\"og:type\" content=\"article\" \/>\n<meta property=\"og:title\" content=\"Oliivipuun leikkuulauta keskikokoinen #KI121 - Holy Land Olive Wood - Bethlehem Olive Wood Factory\" \/>\n<meta property=\"og:description\" content=\"T\u00e4m\u00e4 tyylik\u00e4s leikkuulauta on k\u00e4sintehty Betlehemin pyh\u00e4n maan oliivipuusta. Se on t\u00e4ydellinen lis\u00e4 mihin tahansa keitti\u00f6\u00f6n tai ruokasaliin. Kauniissa vaaleassa puussa on tummemmat viivoita viljasta, joka py\u00f6rii jokaisen astian pituudelta. Valmistettu yli 100 vuotta vanhoista oliivipuista, jotka eiv\u00e4t en\u00e4\u00e4 tuota hedelm\u00e4\u00e4, nauttivat t\u00e4m\u00e4n hienorakeisen kovan puun kauneudesta ja historiasta, joka on tehty hy\u00f6dyllisiksi keitti\u00f6ty\u00f6kaluiksi ja tarjoiluv\u00e4lineiksi. Sen oliivi\u00f6ljyn viimeistely pit\u00e4\u00e4 puun kosteutettuna luonnollisella tavalla. Leikkuulauta on k\u00e4sin veistetty, hiottu ja viimeistelty kulinaariseen k\u00e4ytt\u00f6\u00f6n. Jotta voit nauttia t\u00e4st\u00e4 tuotteesta ja puun luonteesta s\u00e4ilytt\u00e4\u00e4 mahdollisimman pitk\u00e4\u00e4n pesem\u00e4ll\u00e4 levy varovasti k\u00e4yt\u00f6n j\u00e4lkeen, vain k\u00e4ytt\u00e4m\u00e4ll\u00e4 haaleaa vett\u00e4 ja astianpesuainetta, kuivaa v\u00e4litt\u00f6m\u00e4sti! \u00c4l\u00e4 aseta j\u00e4\u00e4hdyttimeen, l\u00e4mpimiin alueisiin tai kuumiin paikkoihin. Parhaan mahdollisen hoidon vuoksi hierot puista leikkuulautaa s\u00e4\u00e4nn\u00f6llisesti oliivi\u00f6ljyll\u00e4 tai ruoka\u00f6ljyll\u00e4 ja pyyhit sen sitten kuivalla liinalla. Laudan hoidon lis\u00e4ksi puunjyv\u00e4 tulee parhaaseen tulokseen! Ei tiskikoneen turvallinen! Koko: 12,5 cm x 32 cm\" \/>\n<meta property=\"og:url\" content=\"https:\/\/old.holyland-olivewood.com\/fi\/tuote\/oliivi-puun-leikkuulauta-keskikokoinen\/\" \/>\n<meta property=\"og:site_name\" content=\"Holy Land Olive Wood - Bethlehem Olive Wood Factory\" \/>\n<meta property=\"article:publisher\" content=\"https:\/\/www.facebook.com\/holylandolivewood.bethlehem\/\" \/>\n<meta property=\"og:image\" content=\"https:\/\/old.holyland-olivewood.com\/wp-content\/uploads\/2016\/12\/kitchenware_holy_land_olive_wood_bethlehem_ki121_1.jpg\" \/>\n\t<meta property=\"og:image:width\" content=\"1550\" \/>\n\t<meta property=\"og:image:height\" content=\"1200\" \/>\n\t<meta property=\"og:image:type\" content=\"image\/jpeg\" \/>\n<meta name=\"twitter:card\" content=\"summary_large_image\" \/>\n<script type=\"application\/ld+json\" class=\"yoast-schema-graph\">{\"@context\":\"https:\/\/schema.org\",\"@graph\":[{\"@type\":\"WebPage\",\"@id\":\"https:\/\/old.holyland-olivewood.com\/fi\/tuote\/oliivi-puun-leikkuulauta-keskikokoinen\/\",\"url\":\"https:\/\/old.holyland-olivewood.com\/fi\/tuote\/oliivi-puun-leikkuulauta-keskikokoinen\/\",\"name\":\"Oliivipuun leikkuulauta keskikokoinen #KI121 - Holy Land Olive Wood - Bethlehem Olive Wood Factory\",\"isPartOf\":{\"@id\":\"https:\/\/old.holyland-olivewood.com\/fi\/#website\"},\"primaryImageOfPage\":{\"@id\":\"https:\/\/old.holyland-olivewood.com\/fi\/tuote\/oliivi-puun-leikkuulauta-keskikokoinen\/#primaryimage\"},\"image\":{\"@id\":\"https:\/\/old.holyland-olivewood.com\/fi\/tuote\/oliivi-puun-leikkuulauta-keskikokoinen\/#primaryimage\"},\"thumbnailUrl\":\"https:\/\/old.holyland-olivewood.com\/wp-content\/uploads\/2016\/12\/kitchenware_holy_land_olive_wood_bethlehem_ki121_1.jpg\",\"datePublished\":\"2022-02-09T09:37:39+00:00\",\"breadcrumb\":{\"@id\":\"https:\/\/old.holyland-olivewood.com\/fi\/tuote\/oliivi-puun-leikkuulauta-keskikokoinen\/#breadcrumb\"},\"inLanguage\":\"fi\",\"potentialAction\":[{\"@type\":\"ReadAction\",\"target\":[\"https:\/\/old.holyland-olivewood.com\/fi\/tuote\/oliivi-puun-leikkuulauta-keskikokoinen\/\"]}]},{\"@type\":\"ImageObject\",\"inLanguage\":\"fi\",\"@id\":\"https:\/\/old.holyland-olivewood.com\/fi\/tuote\/oliivi-puun-leikkuulauta-keskikokoinen\/#primaryimage\",\"url\":\"https:\/\/old.holyland-olivewood.com\/wp-content\/uploads\/2016\/12\/kitchenware_holy_land_olive_wood_bethlehem_ki121_1.jpg\",\"contentUrl\":\"https:\/\/old.holyland-olivewood.com\/wp-content\/uploads\/2016\/12\/kitchenware_holy_land_olive_wood_bethlehem_ki121_1.jpg\",\"width\":1550,\"height\":1200},{\"@type\":\"BreadcrumbList\",\"@id\":\"https:\/\/old.holyland-olivewood.com\/fi\/tuote\/oliivi-puun-leikkuulauta-keskikokoinen\/#breadcrumb\",\"itemListElement\":[{\"@type\":\"ListItem\",\"position\":1,\"name\":\"Home\",\"item\":\"https:\/\/old.holyland-olivewood.com\/fi\/\"},{\"@type\":\"ListItem\",\"position\":2,\"name\":\"Shop\",\"item\":\"https:\/\/old.holyland-olivewood.com\/fi\/shop\/\"},{\"@type\":\"ListItem\",\"position\":3,\"name\":\"Oliivipuun leikkuulauta keskikokoinen #KI121\"}]},{\"@type\":\"WebSite\",\"@id\":\"https:\/\/old.holyland-olivewood.com\/fi\/#website\",\"url\":\"https:\/\/old.holyland-olivewood.com\/fi\/\",\"name\":\"Holy Land Olive Wood - Bethlehem Olive Wood Factory\",\"description\":\"Holy Land Olivewood Bethlehem\",\"publisher\":{\"@id\":\"https:\/\/old.holyland-olivewood.com\/fi\/#organization\"},\"potentialAction\":[{\"@type\":\"SearchAction\",\"target\":{\"@type\":\"EntryPoint\",\"urlTemplate\":\"https:\/\/old.holyland-olivewood.com\/fi\/?s={search_term_string}\"},\"query-input\":{\"@type\":\"PropertyValueSpecification\",\"valueRequired\":true,\"valueName\":\"search_term_string\"}}],\"inLanguage\":\"fi\"},{\"@type\":\"Organization\",\"@id\":\"https:\/\/old.holyland-olivewood.com\/fi\/#organization\",\"name\":\"Holy Land Olivewood\",\"url\":\"https:\/\/old.holyland-olivewood.com\/fi\/\",\"logo\":{\"@type\":\"ImageObject\",\"inLanguage\":\"fi\",\"@id\":\"https:\/\/old.holyland-olivewood.com\/fi\/#\/schema\/logo\/image\/\",\"url\":\"\",\"contentUrl\":\"\",\"caption\":\"Holy Land Olivewood\"},\"image\":{\"@id\":\"https:\/\/old.holyland-olivewood.com\/fi\/#\/schema\/logo\/image\/\"},\"sameAs\":[\"https:\/\/www.facebook.com\/holylandolivewood.bethlehem\/\",\"http:\/\/instagram.com\/holy.land.olive.wood\"]}]}<\/script>\n<!-- \/ Yoast SEO plugin. -->","yoast_head_json":{"title":"Oliivipuun leikkuulauta keskikokoinen #KI121 - Holy Land Olive Wood - Bethlehem Olive Wood Factory","robots":{"index":"index","follow":"follow","max-snippet":"max-snippet:-1","max-image-preview":"max-image-preview:large","max-video-preview":"max-video-preview:-1"},"canonical":"https:\/\/old.holyland-olivewood.com\/fi\/tuote\/oliivi-puun-leikkuulauta-keskikokoinen\/","og_locale":"fi_FI","og_type":"article","og_title":"Oliivipuun leikkuulauta keskikokoinen #KI121 - Holy Land Olive Wood - Bethlehem Olive Wood Factory","og_description":"T\u00e4m\u00e4 tyylik\u00e4s leikkuulauta on k\u00e4sintehty Betlehemin pyh\u00e4n maan oliivipuusta. Se on t\u00e4ydellinen lis\u00e4 mihin tahansa keitti\u00f6\u00f6n tai ruokasaliin. Kauniissa vaaleassa puussa on tummemmat viivoita viljasta, joka py\u00f6rii jokaisen astian pituudelta. Valmistettu yli 100 vuotta vanhoista oliivipuista, jotka eiv\u00e4t en\u00e4\u00e4 tuota hedelm\u00e4\u00e4, nauttivat t\u00e4m\u00e4n hienorakeisen kovan puun kauneudesta ja historiasta, joka on tehty hy\u00f6dyllisiksi keitti\u00f6ty\u00f6kaluiksi ja tarjoiluv\u00e4lineiksi. Sen oliivi\u00f6ljyn viimeistely pit\u00e4\u00e4 puun kosteutettuna luonnollisella tavalla. Leikkuulauta on k\u00e4sin veistetty, hiottu ja viimeistelty kulinaariseen k\u00e4ytt\u00f6\u00f6n. Jotta voit nauttia t\u00e4st\u00e4 tuotteesta ja puun luonteesta s\u00e4ilytt\u00e4\u00e4 mahdollisimman pitk\u00e4\u00e4n pesem\u00e4ll\u00e4 levy varovasti k\u00e4yt\u00f6n j\u00e4lkeen, vain k\u00e4ytt\u00e4m\u00e4ll\u00e4 haaleaa vett\u00e4 ja astianpesuainetta, kuivaa v\u00e4litt\u00f6m\u00e4sti! \u00c4l\u00e4 aseta j\u00e4\u00e4hdyttimeen, l\u00e4mpimiin alueisiin tai kuumiin paikkoihin. Parhaan mahdollisen hoidon vuoksi hierot puista leikkuulautaa s\u00e4\u00e4nn\u00f6llisesti oliivi\u00f6ljyll\u00e4 tai ruoka\u00f6ljyll\u00e4 ja pyyhit sen sitten kuivalla liinalla. Laudan hoidon lis\u00e4ksi puunjyv\u00e4 tulee parhaaseen tulokseen! Ei tiskikoneen turvallinen! Koko: 12,5 cm x 32 cm","og_url":"https:\/\/old.holyland-olivewood.com\/fi\/tuote\/oliivi-puun-leikkuulauta-keskikokoinen\/","og_site_name":"Holy Land Olive Wood - Bethlehem Olive Wood Factory","article_publisher":"https:\/\/www.facebook.com\/holylandolivewood.bethlehem\/","og_image":[{"width":1550,"height":1200,"url":"https:\/\/old.holyland-olivewood.com\/wp-content\/uploads\/2016\/12\/kitchenware_holy_land_olive_wood_bethlehem_ki121_1.jpg","type":"image\/jpeg"}],"twitter_card":"summary_large_image","schema":{"@context":"https:\/\/schema.org","@graph":[{"@type":"WebPage","@id":"https:\/\/old.holyland-olivewood.com\/fi\/tuote\/oliivi-puun-leikkuulauta-keskikokoinen\/","url":"https:\/\/old.holyland-olivewood.com\/fi\/tuote\/oliivi-puun-leikkuulauta-keskikokoinen\/","name":"Oliivipuun leikkuulauta keskikokoinen #KI121 - Holy Land Olive Wood - Bethlehem Olive Wood Factory","isPartOf":{"@id":"https:\/\/old.holyland-olivewood.com\/fi\/#website"},"primaryImageOfPage":{"@id":"https:\/\/old.holyland-olivewood.com\/fi\/tuote\/oliivi-puun-leikkuulauta-keskikokoinen\/#primaryimage"},"image":{"@id":"https:\/\/old.holyland-olivewood.com\/fi\/tuote\/oliivi-puun-leikkuulauta-keskikokoinen\/#primaryimage"},"thumbnailUrl":"https:\/\/old.holyland-olivewood.com\/wp-content\/uploads\/2016\/12\/kitchenware_holy_land_olive_wood_bethlehem_ki121_1.jpg","datePublished":"2022-02-09T09:37:39+00:00","breadcrumb":{"@id":"https:\/\/old.holyland-olivewood.com\/fi\/tuote\/oliivi-puun-leikkuulauta-keskikokoinen\/#breadcrumb"},"inLanguage":"fi","potentialAction":[{"@type":"ReadAction","target":["https:\/\/old.holyland-olivewood.com\/fi\/tuote\/oliivi-puun-leikkuulauta-keskikokoinen\/"]}]},{"@type":"ImageObject","inLanguage":"fi","@id":"https:\/\/old.holyland-olivewood.com\/fi\/tuote\/oliivi-puun-leikkuulauta-keskikokoinen\/#primaryimage","url":"https:\/\/old.holyland-olivewood.com\/wp-content\/uploads\/2016\/12\/kitchenware_holy_land_olive_wood_bethlehem_ki121_1.jpg","contentUrl":"https:\/\/old.holyland-olivewood.com\/wp-content\/uploads\/2016\/12\/kitchenware_holy_land_olive_wood_bethlehem_ki121_1.jpg","width":1550,"height":1200},{"@type":"BreadcrumbList","@id":"https:\/\/old.holyland-olivewood.com\/fi\/tuote\/oliivi-puun-leikkuulauta-keskikokoinen\/#breadcrumb","itemListElement":[{"@type":"ListItem","position":1,"name":"Home","item":"https:\/\/old.holyland-olivewood.com\/fi\/"},{"@type":"ListItem","position":2,"name":"Shop","item":"https:\/\/old.holyland-olivewood.com\/fi\/shop\/"},{"@type":"ListItem","position":3,"name":"Oliivipuun leikkuulauta keskikokoinen #KI121"}]},{"@type":"WebSite","@id":"https:\/\/old.holyland-olivewood.com\/fi\/#website","url":"https:\/\/old.holyland-olivewood.com\/fi\/","name":"Holy Land Olive Wood - Bethlehem Olive Wood Factory","description":"Holy Land Olivewood Bethlehem","publisher":{"@id":"https:\/\/old.holyland-olivewood.com\/fi\/#organization"},"potentialAction":[{"@type":"SearchAction","target":{"@type":"EntryPoint","urlTemplate":"https:\/\/old.holyland-olivewood.com\/fi\/?s={search_term_string}"},"query-input":{"@type":"PropertyValueSpecification","valueRequired":true,"valueName":"search_term_string"}}],"inLanguage":"fi"},{"@type":"Organization","@id":"https:\/\/old.holyland-olivewood.com\/fi\/#organization","name":"Holy Land Olivewood","url":"https:\/\/old.holyland-olivewood.com\/fi\/","logo":{"@type":"ImageObject","inLanguage":"fi","@id":"https:\/\/old.holyland-olivewood.com\/fi\/#\/schema\/logo\/image\/","url":"","contentUrl":"","caption":"Holy Land Olivewood"},"image":{"@id":"https:\/\/old.holyland-olivewood.com\/fi\/#\/schema\/logo\/image\/"},"sameAs":["https:\/\/www.facebook.com\/holylandolivewood.bethlehem\/","http:\/\/instagram.com\/holy.land.olive.wood"]}]}},"_links":{"self":[{"href":"https:\/\/old.holyland-olivewood.com\/fi\/wp-json\/wp\/v2\/product\/43131","targetHints":{"allow":["GET"]}}],"collection":[{"href":"https:\/\/old.holyland-olivewood.com\/fi\/wp-json\/wp\/v2\/product"}],"about":[{"href":"https:\/\/old.holyland-olivewood.com\/fi\/wp-json\/wp\/v2\/types\/product"}],"wp:featuredmedia":[{"embeddable":true,"href":"https:\/\/old.holyland-olivewood.com\/fi\/wp-json\/wp\/v2\/media\/32096"}],"wp:attachment":[{"href":"https:\/\/old.holyland-olivewood.com\/fi\/wp-json\/wp\/v2\/media?parent=43131"}],"wp:term":[{"taxonomy":"product_brand","embeddable":true,"href":"https:\/\/old.holyland-olivewood.com\/fi\/wp-json\/wp\/v2\/product_brand?post=43131"},{"taxonomy":"product_cat","embeddable":true,"href":"https:\/\/old.holyland-olivewood.com\/fi\/wp-json\/wp\/v2\/product_cat?post=43131"},{"taxonomy":"product_tag","embeddable":true,"href":"https:\/\/old.holyland-olivewood.com\/fi\/wp-json\/wp\/v2\/product_tag?post=43131"}],"curies":[{"name":"wp","href":"https:\/\/api.w.org\/{rel}","templated":true}]}}