{"id":42913,"date":"2018-01-19T15:25:02","date_gmt":"2022-02-09T08:26:30","guid":{"rendered":"https:\/\/old.holyland-olivewood.com\/product\/kasintehty-betlehem-olivewood-perhokalastus-kierre-kyna-kanssa-antiikki-pewter-pe107\/"},"modified":"2022-02-09T08:26:30","modified_gmt":"2022-02-09T08:26:30","slug":"executive-kasityo-24k-kullattu-betlehem-oliivipuu-kierre-kyna-pe107","status":"publish","type":"product","link":"https:\/\/old.holyland-olivewood.com\/fi\/tuote\/executive-kasityo-24k-kullattu-betlehem-oliivipuu-kierre-kyna-pe107\/","title":{"rendered":"K\u00e4sintehty Betlehem Olivewood Perhokalastus Kierre kyn\u00e4 kanssa antiikki pewter #PE107"},"content":{"rendered":"","protected":false},"excerpt":{"rendered":"<p>T\u00e4m\u00e4 k\u00e4sin k\u00e4\u00e4nnetty muistokyn\u00e4 kest\u00e4\u00e4 elini\u00e4n ja on loistava lahja kaikille, jotka arvostavat k\u00e4sity\u00f6taitoa ja luonnonmateriaalien raakaa kauneutta. Kyn\u00e4n ote on valmistettu kest\u00e4v\u00e4sti korjatusta, aidosta Betlehem Olivewoodista.<\/p>\n<p>T\u00e4m\u00e4n eksoottisen materiaalin viimeistely on tasaisempi kuin l\u00e4hes mill\u00e4\u00e4n muulla puulla, ja sen jyrk\u00e4sti kontrastinen viljakuvio ei koskaan j\u00e4t\u00e4 vaikutusta<\/p>\n<p>Jokaisessa kyn\u00e4ss\u00e4 on n\u00e4ytt\u00f6kotelo ja aitoustodistus, joka tarkistaa t\u00e4m\u00e4n tuotteen valmistuksessa k\u00e4ytetyt materiaalit ja tekniikat.<\/p>\n<p><strong>Malli:<\/strong> Perhokalastus &#8221; Twist Pen&#8221;<br \/>\n<strong>Tyyppi:<\/strong> Parker-tyylinen\u00ae t\u00e4ytt\u00f6<br \/>\n<strong>V\u00e4ri:<\/strong> Musta<br \/>\n<strong>Uudelleen t\u00e4ytett\u00e4v\u00e4:<\/strong> Kyll\u00e4<br \/>\n<strong>Tarttua:<\/strong> Betlehem Olivewood<br \/>\n<strong>Kalusteet:<\/strong> Antiikkinen Pewter<br \/>\n<strong>Lopettaa:<\/strong> Kiilt\u00e4v\u00e4 lakka<br \/>\n<strong>Koko:<\/strong> 1,3 cm x 13,5 cm<\/p>\n","protected":false},"featured_media":37321,"template":"","meta":[],"product_brand":[],"product_cat":[786,2410],"product_tag":[791,1492,2415,834],"class_list":{"0":"post-42913","1":"product","2":"type-product","3":"status-publish","4":"has-post-thumbnail","6":"product_cat-kunsthaandvaerk-fi","7":"product_cat-kynat-ja-poytaohjelmat","8":"product_tag-betlehem-fi","9":"product_tag-kyna","10":"product_tag-kynat","11":"product_tag-oliventrae-fi","13":"first","14":"outofstock","15":"shipping-taxable","16":"purchasable","17":"product-type-simple"},"yoast_head":"<!-- This site is optimized with the Yoast SEO plugin v24.8.1 - https:\/\/yoast.com\/wordpress\/plugins\/seo\/ -->\n<title>K\u00e4sintehty Betlehem Olivewood Perhokalastus Kierre kyn\u00e4 kanssa antiikki pewter #PE107 - Holy Land Olive Wood - Bethlehem Olive Wood Factory<\/title>\n<meta name=\"description\" content=\"Betlehem oliivipuukyn\u00e4t ja p\u00f6yt\u00e4tarvikkeet (esim. kyn\u00e4npidin, kyn\u00e4laatikot) aihiot, kaiverrukset ja enemm\u00e4n pyh\u00e4st\u00e4 maasta &gt; raaka-aine vakiomitoissa ja mukautetuissa mitoissa.\" \/>\n<meta name=\"robots\" content=\"index, follow, max-snippet:-1, max-image-preview:large, max-video-preview:-1\" \/>\n<link rel=\"canonical\" href=\"https:\/\/old.holyland-olivewood.com\/fi\/tuote\/executive-kasityo-24k-kullattu-betlehem-oliivipuu-kierre-kyna-pe107\/\" \/>\n<meta property=\"og:locale\" content=\"fi_FI\" \/>\n<meta property=\"og:type\" content=\"article\" \/>\n<meta property=\"og:title\" content=\"K\u00e4sintehty Betlehem Olivewood Perhokalastus Kierre kyn\u00e4 kanssa antiikki pewter #PE107 - Holy Land Olive Wood - Bethlehem Olive Wood Factory\" \/>\n<meta property=\"og:description\" content=\"Betlehem oliivipuukyn\u00e4t ja p\u00f6yt\u00e4tarvikkeet (esim. kyn\u00e4npidin, kyn\u00e4laatikot) aihiot, kaiverrukset ja enemm\u00e4n pyh\u00e4st\u00e4 maasta &gt; raaka-aine vakiomitoissa ja mukautetuissa mitoissa.\" \/>\n<meta property=\"og:url\" content=\"https:\/\/old.holyland-olivewood.com\/fi\/tuote\/executive-kasityo-24k-kullattu-betlehem-oliivipuu-kierre-kyna-pe107\/\" \/>\n<meta property=\"og:site_name\" content=\"Holy Land Olive Wood - Bethlehem Olive Wood Factory\" \/>\n<meta property=\"article:publisher\" content=\"https:\/\/www.facebook.com\/holylandolivewood.bethlehem\/\" \/>\n<meta property=\"og:image\" content=\"https:\/\/old.holyland-olivewood.com\/wp-content\/uploads\/2018\/01\/pen_holy_land_olive_wood_bethlehem_pe107_1-1.jpg\" \/>\n\t<meta property=\"og:image:width\" content=\"1550\" \/>\n\t<meta property=\"og:image:height\" content=\"1200\" \/>\n\t<meta property=\"og:image:type\" content=\"image\/jpeg\" \/>\n<meta name=\"twitter:card\" content=\"summary_large_image\" \/>\n<script type=\"application\/ld+json\" class=\"yoast-schema-graph\">{\"@context\":\"https:\/\/schema.org\",\"@graph\":[{\"@type\":\"WebPage\",\"@id\":\"https:\/\/old.holyland-olivewood.com\/fi\/tuote\/executive-kasityo-24k-kullattu-betlehem-oliivipuu-kierre-kyna-pe107\/\",\"url\":\"https:\/\/old.holyland-olivewood.com\/fi\/tuote\/executive-kasityo-24k-kullattu-betlehem-oliivipuu-kierre-kyna-pe107\/\",\"name\":\"K\u00e4sintehty Betlehem Olivewood Perhokalastus Kierre kyn\u00e4 kanssa antiikki pewter #PE107 - Holy Land Olive Wood - Bethlehem Olive Wood Factory\",\"isPartOf\":{\"@id\":\"https:\/\/old.holyland-olivewood.com\/fi\/#website\"},\"primaryImageOfPage\":{\"@id\":\"https:\/\/old.holyland-olivewood.com\/fi\/tuote\/executive-kasityo-24k-kullattu-betlehem-oliivipuu-kierre-kyna-pe107\/#primaryimage\"},\"image\":{\"@id\":\"https:\/\/old.holyland-olivewood.com\/fi\/tuote\/executive-kasityo-24k-kullattu-betlehem-oliivipuu-kierre-kyna-pe107\/#primaryimage\"},\"thumbnailUrl\":\"https:\/\/old.holyland-olivewood.com\/wp-content\/uploads\/2018\/01\/pen_holy_land_olive_wood_bethlehem_pe107_1-1.jpg\",\"datePublished\":\"2022-02-09T08:26:30+00:00\",\"description\":\"Betlehem oliivipuukyn\u00e4t ja p\u00f6yt\u00e4tarvikkeet (esim. kyn\u00e4npidin, kyn\u00e4laatikot) aihiot, kaiverrukset ja enemm\u00e4n pyh\u00e4st\u00e4 maasta > raaka-aine vakiomitoissa ja mukautetuissa mitoissa.\",\"breadcrumb\":{\"@id\":\"https:\/\/old.holyland-olivewood.com\/fi\/tuote\/executive-kasityo-24k-kullattu-betlehem-oliivipuu-kierre-kyna-pe107\/#breadcrumb\"},\"inLanguage\":\"fi\",\"potentialAction\":[{\"@type\":\"ReadAction\",\"target\":[\"https:\/\/old.holyland-olivewood.com\/fi\/tuote\/executive-kasityo-24k-kullattu-betlehem-oliivipuu-kierre-kyna-pe107\/\"]}]},{\"@type\":\"ImageObject\",\"inLanguage\":\"fi\",\"@id\":\"https:\/\/old.holyland-olivewood.com\/fi\/tuote\/executive-kasityo-24k-kullattu-betlehem-oliivipuu-kierre-kyna-pe107\/#primaryimage\",\"url\":\"https:\/\/old.holyland-olivewood.com\/wp-content\/uploads\/2018\/01\/pen_holy_land_olive_wood_bethlehem_pe107_1-1.jpg\",\"contentUrl\":\"https:\/\/old.holyland-olivewood.com\/wp-content\/uploads\/2018\/01\/pen_holy_land_olive_wood_bethlehem_pe107_1-1.jpg\",\"width\":1550,\"height\":1200},{\"@type\":\"BreadcrumbList\",\"@id\":\"https:\/\/old.holyland-olivewood.com\/fi\/tuote\/executive-kasityo-24k-kullattu-betlehem-oliivipuu-kierre-kyna-pe107\/#breadcrumb\",\"itemListElement\":[{\"@type\":\"ListItem\",\"position\":1,\"name\":\"Home\",\"item\":\"https:\/\/old.holyland-olivewood.com\/fi\/\"},{\"@type\":\"ListItem\",\"position\":2,\"name\":\"Shop\",\"item\":\"https:\/\/old.holyland-olivewood.com\/fi\/shop\/\"},{\"@type\":\"ListItem\",\"position\":3,\"name\":\"K\u00e4sintehty Betlehem Olivewood Perhokalastus Kierre kyn\u00e4 kanssa antiikki pewter #PE107\"}]},{\"@type\":\"WebSite\",\"@id\":\"https:\/\/old.holyland-olivewood.com\/fi\/#website\",\"url\":\"https:\/\/old.holyland-olivewood.com\/fi\/\",\"name\":\"Holy Land Olive Wood - Bethlehem Olive Wood Factory\",\"description\":\"Holy Land Olivewood Bethlehem\",\"publisher\":{\"@id\":\"https:\/\/old.holyland-olivewood.com\/fi\/#organization\"},\"potentialAction\":[{\"@type\":\"SearchAction\",\"target\":{\"@type\":\"EntryPoint\",\"urlTemplate\":\"https:\/\/old.holyland-olivewood.com\/fi\/?s={search_term_string}\"},\"query-input\":{\"@type\":\"PropertyValueSpecification\",\"valueRequired\":true,\"valueName\":\"search_term_string\"}}],\"inLanguage\":\"fi\"},{\"@type\":\"Organization\",\"@id\":\"https:\/\/old.holyland-olivewood.com\/fi\/#organization\",\"name\":\"Holy Land Olivewood\",\"url\":\"https:\/\/old.holyland-olivewood.com\/fi\/\",\"logo\":{\"@type\":\"ImageObject\",\"inLanguage\":\"fi\",\"@id\":\"https:\/\/old.holyland-olivewood.com\/fi\/#\/schema\/logo\/image\/\",\"url\":\"\",\"contentUrl\":\"\",\"caption\":\"Holy Land Olivewood\"},\"image\":{\"@id\":\"https:\/\/old.holyland-olivewood.com\/fi\/#\/schema\/logo\/image\/\"},\"sameAs\":[\"https:\/\/www.facebook.com\/holylandolivewood.bethlehem\/\",\"http:\/\/instagram.com\/holy.land.olive.wood\"]}]}<\/script>\n<!-- \/ Yoast SEO plugin. -->","yoast_head_json":{"title":"K\u00e4sintehty Betlehem Olivewood Perhokalastus Kierre kyn\u00e4 kanssa antiikki pewter #PE107 - Holy Land Olive Wood - Bethlehem Olive Wood Factory","description":"Betlehem oliivipuukyn\u00e4t ja p\u00f6yt\u00e4tarvikkeet (esim. kyn\u00e4npidin, kyn\u00e4laatikot) aihiot, kaiverrukset ja enemm\u00e4n pyh\u00e4st\u00e4 maasta > raaka-aine vakiomitoissa ja mukautetuissa mitoissa.","robots":{"index":"index","follow":"follow","max-snippet":"max-snippet:-1","max-image-preview":"max-image-preview:large","max-video-preview":"max-video-preview:-1"},"canonical":"https:\/\/old.holyland-olivewood.com\/fi\/tuote\/executive-kasityo-24k-kullattu-betlehem-oliivipuu-kierre-kyna-pe107\/","og_locale":"fi_FI","og_type":"article","og_title":"K\u00e4sintehty Betlehem Olivewood Perhokalastus Kierre kyn\u00e4 kanssa antiikki pewter #PE107 - Holy Land Olive Wood - Bethlehem Olive Wood Factory","og_description":"Betlehem oliivipuukyn\u00e4t ja p\u00f6yt\u00e4tarvikkeet (esim. kyn\u00e4npidin, kyn\u00e4laatikot) aihiot, kaiverrukset ja enemm\u00e4n pyh\u00e4st\u00e4 maasta > raaka-aine vakiomitoissa ja mukautetuissa mitoissa.","og_url":"https:\/\/old.holyland-olivewood.com\/fi\/tuote\/executive-kasityo-24k-kullattu-betlehem-oliivipuu-kierre-kyna-pe107\/","og_site_name":"Holy Land Olive Wood - Bethlehem Olive Wood Factory","article_publisher":"https:\/\/www.facebook.com\/holylandolivewood.bethlehem\/","og_image":[{"width":1550,"height":1200,"url":"https:\/\/old.holyland-olivewood.com\/wp-content\/uploads\/2018\/01\/pen_holy_land_olive_wood_bethlehem_pe107_1-1.jpg","type":"image\/jpeg"}],"twitter_card":"summary_large_image","schema":{"@context":"https:\/\/schema.org","@graph":[{"@type":"WebPage","@id":"https:\/\/old.holyland-olivewood.com\/fi\/tuote\/executive-kasityo-24k-kullattu-betlehem-oliivipuu-kierre-kyna-pe107\/","url":"https:\/\/old.holyland-olivewood.com\/fi\/tuote\/executive-kasityo-24k-kullattu-betlehem-oliivipuu-kierre-kyna-pe107\/","name":"K\u00e4sintehty Betlehem Olivewood Perhokalastus Kierre kyn\u00e4 kanssa antiikki pewter #PE107 - Holy Land Olive Wood - Bethlehem Olive Wood Factory","isPartOf":{"@id":"https:\/\/old.holyland-olivewood.com\/fi\/#website"},"primaryImageOfPage":{"@id":"https:\/\/old.holyland-olivewood.com\/fi\/tuote\/executive-kasityo-24k-kullattu-betlehem-oliivipuu-kierre-kyna-pe107\/#primaryimage"},"image":{"@id":"https:\/\/old.holyland-olivewood.com\/fi\/tuote\/executive-kasityo-24k-kullattu-betlehem-oliivipuu-kierre-kyna-pe107\/#primaryimage"},"thumbnailUrl":"https:\/\/old.holyland-olivewood.com\/wp-content\/uploads\/2018\/01\/pen_holy_land_olive_wood_bethlehem_pe107_1-1.jpg","datePublished":"2022-02-09T08:26:30+00:00","description":"Betlehem oliivipuukyn\u00e4t ja p\u00f6yt\u00e4tarvikkeet (esim. kyn\u00e4npidin, kyn\u00e4laatikot) aihiot, kaiverrukset ja enemm\u00e4n pyh\u00e4st\u00e4 maasta > raaka-aine vakiomitoissa ja mukautetuissa mitoissa.","breadcrumb":{"@id":"https:\/\/old.holyland-olivewood.com\/fi\/tuote\/executive-kasityo-24k-kullattu-betlehem-oliivipuu-kierre-kyna-pe107\/#breadcrumb"},"inLanguage":"fi","potentialAction":[{"@type":"ReadAction","target":["https:\/\/old.holyland-olivewood.com\/fi\/tuote\/executive-kasityo-24k-kullattu-betlehem-oliivipuu-kierre-kyna-pe107\/"]}]},{"@type":"ImageObject","inLanguage":"fi","@id":"https:\/\/old.holyland-olivewood.com\/fi\/tuote\/executive-kasityo-24k-kullattu-betlehem-oliivipuu-kierre-kyna-pe107\/#primaryimage","url":"https:\/\/old.holyland-olivewood.com\/wp-content\/uploads\/2018\/01\/pen_holy_land_olive_wood_bethlehem_pe107_1-1.jpg","contentUrl":"https:\/\/old.holyland-olivewood.com\/wp-content\/uploads\/2018\/01\/pen_holy_land_olive_wood_bethlehem_pe107_1-1.jpg","width":1550,"height":1200},{"@type":"BreadcrumbList","@id":"https:\/\/old.holyland-olivewood.com\/fi\/tuote\/executive-kasityo-24k-kullattu-betlehem-oliivipuu-kierre-kyna-pe107\/#breadcrumb","itemListElement":[{"@type":"ListItem","position":1,"name":"Home","item":"https:\/\/old.holyland-olivewood.com\/fi\/"},{"@type":"ListItem","position":2,"name":"Shop","item":"https:\/\/old.holyland-olivewood.com\/fi\/shop\/"},{"@type":"ListItem","position":3,"name":"K\u00e4sintehty Betlehem Olivewood Perhokalastus Kierre kyn\u00e4 kanssa antiikki pewter #PE107"}]},{"@type":"WebSite","@id":"https:\/\/old.holyland-olivewood.com\/fi\/#website","url":"https:\/\/old.holyland-olivewood.com\/fi\/","name":"Holy Land Olive Wood - Bethlehem Olive Wood Factory","description":"Holy Land Olivewood Bethlehem","publisher":{"@id":"https:\/\/old.holyland-olivewood.com\/fi\/#organization"},"potentialAction":[{"@type":"SearchAction","target":{"@type":"EntryPoint","urlTemplate":"https:\/\/old.holyland-olivewood.com\/fi\/?s={search_term_string}"},"query-input":{"@type":"PropertyValueSpecification","valueRequired":true,"valueName":"search_term_string"}}],"inLanguage":"fi"},{"@type":"Organization","@id":"https:\/\/old.holyland-olivewood.com\/fi\/#organization","name":"Holy Land Olivewood","url":"https:\/\/old.holyland-olivewood.com\/fi\/","logo":{"@type":"ImageObject","inLanguage":"fi","@id":"https:\/\/old.holyland-olivewood.com\/fi\/#\/schema\/logo\/image\/","url":"","contentUrl":"","caption":"Holy Land Olivewood"},"image":{"@id":"https:\/\/old.holyland-olivewood.com\/fi\/#\/schema\/logo\/image\/"},"sameAs":["https:\/\/www.facebook.com\/holylandolivewood.bethlehem\/","http:\/\/instagram.com\/holy.land.olive.wood"]}]}},"_links":{"self":[{"href":"https:\/\/old.holyland-olivewood.com\/fi\/wp-json\/wp\/v2\/product\/42913","targetHints":{"allow":["GET"]}}],"collection":[{"href":"https:\/\/old.holyland-olivewood.com\/fi\/wp-json\/wp\/v2\/product"}],"about":[{"href":"https:\/\/old.holyland-olivewood.com\/fi\/wp-json\/wp\/v2\/types\/product"}],"wp:featuredmedia":[{"embeddable":true,"href":"https:\/\/old.holyland-olivewood.com\/fi\/wp-json\/wp\/v2\/media\/37321"}],"wp:attachment":[{"href":"https:\/\/old.holyland-olivewood.com\/fi\/wp-json\/wp\/v2\/media?parent=42913"}],"wp:term":[{"taxonomy":"product_brand","embeddable":true,"href":"https:\/\/old.holyland-olivewood.com\/fi\/wp-json\/wp\/v2\/product_brand?post=42913"},{"taxonomy":"product_cat","embeddable":true,"href":"https:\/\/old.holyland-olivewood.com\/fi\/wp-json\/wp\/v2\/product_cat?post=42913"},{"taxonomy":"product_tag","embeddable":true,"href":"https:\/\/old.holyland-olivewood.com\/fi\/wp-json\/wp\/v2\/product_tag?post=42913"}],"curies":[{"name":"wp","href":"https:\/\/api.w.org\/{rel}","templated":true}]}}