{"id":42774,"date":"2018-01-23T16:38:16","date_gmt":"2022-02-09T08:11:07","guid":{"rendered":"https:\/\/old.holyland-olivewood.com\/product\/yksilohkoinen-oliivipuu-puukko-kahva-tyhjat-05-x-15-x-4-nelja-paria\/"},"modified":"2022-02-09T08:11:07","modified_gmt":"2022-02-09T08:11:07","slug":"yksilohkoinen-oliivipuu-veitsi-kahva-aihiot-0-25-x-1-x-3-4-paria","status":"publish","type":"product","link":"https:\/\/old.holyland-olivewood.com\/fi\/tuote\/yksilohkoinen-oliivipuu-veitsi-kahva-aihiot-0-25-x-1-x-3-4-paria\/","title":{"rendered":"Yksilohkoinen oliivipuu puukko kahva tyhj\u00e4t (0,5&#8243; x 1,5&#8243; x 4&#8243;) Nelj\u00e4 paria"},"content":{"rendered":"","protected":false},"excerpt":{"rendered":"<p>T\u00e4m\u00e4 esine sis\u00e4lt\u00e4\u00e4 nelj\u00e4 paria tarkkuuslekottuja veitsen kahva-aihiot, jotka on valmistettu Pyh\u00e4ss\u00e4 maassa kest\u00e4v\u00e4sti korjatuista, aidoista Betlehem Olivewoodista.<\/p>\n<p>T\u00e4m\u00e4n eksoottisen materiaalin viimeistely on tasaisempi kuin l\u00e4hes mill\u00e4\u00e4n muulla puulla, ja sen jyrk\u00e4sti kontrastinen viljakuvio ei koskaan j\u00e4t\u00e4 vaikutusta, mik\u00e4 tekee siit\u00e4 t\u00e4ydellisen valinnan kaikille ter\u00e4pajille, jotka pyrkiv\u00e4t tekem\u00e4\u00e4n silmiinpist\u00e4vi\u00e4, eritt\u00e4in premium-ruokailuv\u00e4lineit\u00e4.<\/p>\n<p>Koska Betlehem Olivewood on luonnontuote, kaksi kappaletta ei ole identtinen. &#8220;Single Block&#8221; Betlehem Olivewood Knife Handle Blanks on kuitenkin leikattu samasta, yksitt\u00e4isest\u00e4 oliivipuun palasta niin, ett\u00e4 molempien veitsen kahvojen viljakuvio noudattaa samoja \u00e4\u00e4riviivoja ja sopii t\u00e4ydellisesti veitsen kahvan molemmille puolille.<\/p>\n<p>T\u00e4m\u00e4 tuote sis\u00e4lt\u00e4\u00e4 aitoustodistuksen, jossa tarkistetaan t\u00e4m\u00e4n tuotteen valmistuksessa k\u00e4ytetyt materiaalit ja tekniikat.<\/p>\n<p>Koko: 1,3 cm x 4 cm x 10,5 cm (1\/2&#8243; x 1,5&#8243; x 4&#8243;)<\/p>\n","protected":false},"featured_media":33875,"template":"","meta":[],"product_brand":[],"product_cat":[1490,1488],"product_tag":[1501,1494,1521,1507,1514,878,1519,1516,1496,1492,1506,1503,1510,1512,819,1498,1523,1499,825,2943,1518],"class_list":{"0":"post-42774","1":"product","2":"type-product","3":"status-publish","4":"has-post-thumbnail","6":"product_cat-oliivipuu","7":"product_cat-laatat","8":"product_tag-aihio","9":"product_tag-aihiot","10":"product_tag-betlehem-jerusalem-fi","11":"product_tag-block-fi","12":"product_tag-diy-fi","13":"product_tag-haandlavet-fi","14":"product_tag-kasityot","15":"product_tag-kotitekoinen","16":"product_tag-kulho","17":"product_tag-kyna","18":"product_tag-laatat","19":"product_tag-laatta","20":"product_tag-loki","21":"product_tag-lokit","22":"product_tag-oliivi","23":"product_tag-pakkaus","24":"product_tag-pyha-maa","25":"product_tag-sarjat","26":"product_tag-trae-fi","27":"product_tag-veitsen-kahva","28":"product_tag-viekkaus","30":"first","31":"instock","32":"shipping-taxable","33":"purchasable","34":"product-type-simple"},"yoast_head":"<!-- This site is optimized with the Yoast SEO plugin v24.8.1 - https:\/\/yoast.com\/wordpress\/plugins\/seo\/ -->\n<title>Yksilohkoinen oliivipuu puukko kahva tyhj\u00e4t (0,5&quot; x 1,5&quot; x 4&quot;) Nelj\u00e4 paria - Holy Land Olive Wood - Bethlehem Olive Wood Factory<\/title>\n<meta name=\"description\" content=\"Betlehem oliivipuun k\u00e4sity\u00f6t (eli ruusutarhat, keitti\u00f6v\u00e4lineet, syntym\u00e4,sarjat,helmet)kyn\u00e4-aihiot kaiverrukset, laatat, lohkot,&amp;raaka-aine vakio- ja mukautetuissa mitoissa.\" \/>\n<meta name=\"robots\" content=\"index, follow, max-snippet:-1, max-image-preview:large, max-video-preview:-1\" \/>\n<link rel=\"canonical\" href=\"https:\/\/old.holyland-olivewood.com\/fi\/tuote\/yksilohkoinen-oliivipuu-veitsi-kahva-aihiot-0-25-x-1-x-3-4-paria\/\" \/>\n<meta property=\"og:locale\" content=\"fi_FI\" \/>\n<meta property=\"og:type\" content=\"article\" \/>\n<meta property=\"og:title\" content=\"Yksilohkoinen oliivipuu puukko kahva tyhj\u00e4t (0,5&quot; x 1,5&quot; x 4&quot;) Nelj\u00e4 paria - Holy Land Olive Wood - Bethlehem Olive Wood Factory\" \/>\n<meta property=\"og:description\" content=\"Betlehem oliivipuun k\u00e4sity\u00f6t (eli ruusutarhat, keitti\u00f6v\u00e4lineet, syntym\u00e4,sarjat,helmet)kyn\u00e4-aihiot kaiverrukset, laatat, lohkot,&amp;raaka-aine vakio- ja mukautetuissa mitoissa.\" \/>\n<meta property=\"og:url\" content=\"https:\/\/old.holyland-olivewood.com\/fi\/tuote\/yksilohkoinen-oliivipuu-veitsi-kahva-aihiot-0-25-x-1-x-3-4-paria\/\" \/>\n<meta property=\"og:site_name\" content=\"Holy Land Olive Wood - Bethlehem Olive Wood Factory\" \/>\n<meta property=\"article:publisher\" content=\"https:\/\/www.facebook.com\/holylandolivewood.bethlehem\/\" \/>\n<meta property=\"og:image\" content=\"https:\/\/old.holyland-olivewood.com\/wp-content\/uploads\/2018\/01\/knife_handle_holy_land_olive_wood_bethlehem_3.jpg\" \/>\n\t<meta property=\"og:image:width\" content=\"1550\" \/>\n\t<meta property=\"og:image:height\" content=\"1200\" \/>\n\t<meta property=\"og:image:type\" content=\"image\/jpeg\" \/>\n<meta name=\"twitter:card\" content=\"summary_large_image\" \/>\n<script type=\"application\/ld+json\" class=\"yoast-schema-graph\">{\"@context\":\"https:\/\/schema.org\",\"@graph\":[{\"@type\":\"WebPage\",\"@id\":\"https:\/\/old.holyland-olivewood.com\/fi\/tuote\/yksilohkoinen-oliivipuu-veitsi-kahva-aihiot-0-25-x-1-x-3-4-paria\/\",\"url\":\"https:\/\/old.holyland-olivewood.com\/fi\/tuote\/yksilohkoinen-oliivipuu-veitsi-kahva-aihiot-0-25-x-1-x-3-4-paria\/\",\"name\":\"Yksilohkoinen oliivipuu puukko kahva tyhj\u00e4t (0,5\\\" x 1,5\\\" x 4\\\") Nelj\u00e4 paria - Holy Land Olive Wood - Bethlehem Olive Wood Factory\",\"isPartOf\":{\"@id\":\"https:\/\/old.holyland-olivewood.com\/fi\/#website\"},\"primaryImageOfPage\":{\"@id\":\"https:\/\/old.holyland-olivewood.com\/fi\/tuote\/yksilohkoinen-oliivipuu-veitsi-kahva-aihiot-0-25-x-1-x-3-4-paria\/#primaryimage\"},\"image\":{\"@id\":\"https:\/\/old.holyland-olivewood.com\/fi\/tuote\/yksilohkoinen-oliivipuu-veitsi-kahva-aihiot-0-25-x-1-x-3-4-paria\/#primaryimage\"},\"thumbnailUrl\":\"https:\/\/old.holyland-olivewood.com\/wp-content\/uploads\/2018\/01\/knife_handle_holy_land_olive_wood_bethlehem_3.jpg\",\"datePublished\":\"2022-02-09T08:11:07+00:00\",\"description\":\"Betlehem oliivipuun k\u00e4sity\u00f6t (eli ruusutarhat, keitti\u00f6v\u00e4lineet, syntym\u00e4,sarjat,helmet)kyn\u00e4-aihiot kaiverrukset, laatat, lohkot,&raaka-aine vakio- ja mukautetuissa mitoissa.\",\"breadcrumb\":{\"@id\":\"https:\/\/old.holyland-olivewood.com\/fi\/tuote\/yksilohkoinen-oliivipuu-veitsi-kahva-aihiot-0-25-x-1-x-3-4-paria\/#breadcrumb\"},\"inLanguage\":\"fi\",\"potentialAction\":[{\"@type\":\"ReadAction\",\"target\":[\"https:\/\/old.holyland-olivewood.com\/fi\/tuote\/yksilohkoinen-oliivipuu-veitsi-kahva-aihiot-0-25-x-1-x-3-4-paria\/\"]}]},{\"@type\":\"ImageObject\",\"inLanguage\":\"fi\",\"@id\":\"https:\/\/old.holyland-olivewood.com\/fi\/tuote\/yksilohkoinen-oliivipuu-veitsi-kahva-aihiot-0-25-x-1-x-3-4-paria\/#primaryimage\",\"url\":\"https:\/\/old.holyland-olivewood.com\/wp-content\/uploads\/2018\/01\/knife_handle_holy_land_olive_wood_bethlehem_3.jpg\",\"contentUrl\":\"https:\/\/old.holyland-olivewood.com\/wp-content\/uploads\/2018\/01\/knife_handle_holy_land_olive_wood_bethlehem_3.jpg\",\"width\":1550,\"height\":1200},{\"@type\":\"BreadcrumbList\",\"@id\":\"https:\/\/old.holyland-olivewood.com\/fi\/tuote\/yksilohkoinen-oliivipuu-veitsi-kahva-aihiot-0-25-x-1-x-3-4-paria\/#breadcrumb\",\"itemListElement\":[{\"@type\":\"ListItem\",\"position\":1,\"name\":\"Home\",\"item\":\"https:\/\/old.holyland-olivewood.com\/fi\/\"},{\"@type\":\"ListItem\",\"position\":2,\"name\":\"Shop\",\"item\":\"https:\/\/old.holyland-olivewood.com\/fi\/shop\/\"},{\"@type\":\"ListItem\",\"position\":3,\"name\":\"Yksilohkoinen oliivipuu puukko kahva tyhj\u00e4t (0,5&#8243; x 1,5&#8243; x 4&#8243;) Nelj\u00e4 paria\"}]},{\"@type\":\"WebSite\",\"@id\":\"https:\/\/old.holyland-olivewood.com\/fi\/#website\",\"url\":\"https:\/\/old.holyland-olivewood.com\/fi\/\",\"name\":\"Holy Land Olive Wood - Bethlehem Olive Wood Factory\",\"description\":\"Holy Land Olivewood Bethlehem\",\"publisher\":{\"@id\":\"https:\/\/old.holyland-olivewood.com\/fi\/#organization\"},\"potentialAction\":[{\"@type\":\"SearchAction\",\"target\":{\"@type\":\"EntryPoint\",\"urlTemplate\":\"https:\/\/old.holyland-olivewood.com\/fi\/?s={search_term_string}\"},\"query-input\":{\"@type\":\"PropertyValueSpecification\",\"valueRequired\":true,\"valueName\":\"search_term_string\"}}],\"inLanguage\":\"fi\"},{\"@type\":\"Organization\",\"@id\":\"https:\/\/old.holyland-olivewood.com\/fi\/#organization\",\"name\":\"Holy Land Olivewood\",\"url\":\"https:\/\/old.holyland-olivewood.com\/fi\/\",\"logo\":{\"@type\":\"ImageObject\",\"inLanguage\":\"fi\",\"@id\":\"https:\/\/old.holyland-olivewood.com\/fi\/#\/schema\/logo\/image\/\",\"url\":\"\",\"contentUrl\":\"\",\"caption\":\"Holy Land Olivewood\"},\"image\":{\"@id\":\"https:\/\/old.holyland-olivewood.com\/fi\/#\/schema\/logo\/image\/\"},\"sameAs\":[\"https:\/\/www.facebook.com\/holylandolivewood.bethlehem\/\",\"http:\/\/instagram.com\/holy.land.olive.wood\"]}]}<\/script>\n<!-- \/ Yoast SEO plugin. -->","yoast_head_json":{"title":"Yksilohkoinen oliivipuu puukko kahva tyhj\u00e4t (0,5\" x 1,5\" x 4\") Nelj\u00e4 paria - Holy Land Olive Wood - Bethlehem Olive Wood Factory","description":"Betlehem oliivipuun k\u00e4sity\u00f6t (eli ruusutarhat, keitti\u00f6v\u00e4lineet, syntym\u00e4,sarjat,helmet)kyn\u00e4-aihiot kaiverrukset, laatat, lohkot,&raaka-aine vakio- ja mukautetuissa mitoissa.","robots":{"index":"index","follow":"follow","max-snippet":"max-snippet:-1","max-image-preview":"max-image-preview:large","max-video-preview":"max-video-preview:-1"},"canonical":"https:\/\/old.holyland-olivewood.com\/fi\/tuote\/yksilohkoinen-oliivipuu-veitsi-kahva-aihiot-0-25-x-1-x-3-4-paria\/","og_locale":"fi_FI","og_type":"article","og_title":"Yksilohkoinen oliivipuu puukko kahva tyhj\u00e4t (0,5\" x 1,5\" x 4\") Nelj\u00e4 paria - Holy Land Olive Wood - Bethlehem Olive Wood Factory","og_description":"Betlehem oliivipuun k\u00e4sity\u00f6t (eli ruusutarhat, keitti\u00f6v\u00e4lineet, syntym\u00e4,sarjat,helmet)kyn\u00e4-aihiot kaiverrukset, laatat, lohkot,&raaka-aine vakio- ja mukautetuissa mitoissa.","og_url":"https:\/\/old.holyland-olivewood.com\/fi\/tuote\/yksilohkoinen-oliivipuu-veitsi-kahva-aihiot-0-25-x-1-x-3-4-paria\/","og_site_name":"Holy Land Olive Wood - Bethlehem Olive Wood Factory","article_publisher":"https:\/\/www.facebook.com\/holylandolivewood.bethlehem\/","og_image":[{"width":1550,"height":1200,"url":"https:\/\/old.holyland-olivewood.com\/wp-content\/uploads\/2018\/01\/knife_handle_holy_land_olive_wood_bethlehem_3.jpg","type":"image\/jpeg"}],"twitter_card":"summary_large_image","schema":{"@context":"https:\/\/schema.org","@graph":[{"@type":"WebPage","@id":"https:\/\/old.holyland-olivewood.com\/fi\/tuote\/yksilohkoinen-oliivipuu-veitsi-kahva-aihiot-0-25-x-1-x-3-4-paria\/","url":"https:\/\/old.holyland-olivewood.com\/fi\/tuote\/yksilohkoinen-oliivipuu-veitsi-kahva-aihiot-0-25-x-1-x-3-4-paria\/","name":"Yksilohkoinen oliivipuu puukko kahva tyhj\u00e4t (0,5\" x 1,5\" x 4\") Nelj\u00e4 paria - Holy Land Olive Wood - Bethlehem Olive Wood Factory","isPartOf":{"@id":"https:\/\/old.holyland-olivewood.com\/fi\/#website"},"primaryImageOfPage":{"@id":"https:\/\/old.holyland-olivewood.com\/fi\/tuote\/yksilohkoinen-oliivipuu-veitsi-kahva-aihiot-0-25-x-1-x-3-4-paria\/#primaryimage"},"image":{"@id":"https:\/\/old.holyland-olivewood.com\/fi\/tuote\/yksilohkoinen-oliivipuu-veitsi-kahva-aihiot-0-25-x-1-x-3-4-paria\/#primaryimage"},"thumbnailUrl":"https:\/\/old.holyland-olivewood.com\/wp-content\/uploads\/2018\/01\/knife_handle_holy_land_olive_wood_bethlehem_3.jpg","datePublished":"2022-02-09T08:11:07+00:00","description":"Betlehem oliivipuun k\u00e4sity\u00f6t (eli ruusutarhat, keitti\u00f6v\u00e4lineet, syntym\u00e4,sarjat,helmet)kyn\u00e4-aihiot kaiverrukset, laatat, lohkot,&raaka-aine vakio- ja mukautetuissa mitoissa.","breadcrumb":{"@id":"https:\/\/old.holyland-olivewood.com\/fi\/tuote\/yksilohkoinen-oliivipuu-veitsi-kahva-aihiot-0-25-x-1-x-3-4-paria\/#breadcrumb"},"inLanguage":"fi","potentialAction":[{"@type":"ReadAction","target":["https:\/\/old.holyland-olivewood.com\/fi\/tuote\/yksilohkoinen-oliivipuu-veitsi-kahva-aihiot-0-25-x-1-x-3-4-paria\/"]}]},{"@type":"ImageObject","inLanguage":"fi","@id":"https:\/\/old.holyland-olivewood.com\/fi\/tuote\/yksilohkoinen-oliivipuu-veitsi-kahva-aihiot-0-25-x-1-x-3-4-paria\/#primaryimage","url":"https:\/\/old.holyland-olivewood.com\/wp-content\/uploads\/2018\/01\/knife_handle_holy_land_olive_wood_bethlehem_3.jpg","contentUrl":"https:\/\/old.holyland-olivewood.com\/wp-content\/uploads\/2018\/01\/knife_handle_holy_land_olive_wood_bethlehem_3.jpg","width":1550,"height":1200},{"@type":"BreadcrumbList","@id":"https:\/\/old.holyland-olivewood.com\/fi\/tuote\/yksilohkoinen-oliivipuu-veitsi-kahva-aihiot-0-25-x-1-x-3-4-paria\/#breadcrumb","itemListElement":[{"@type":"ListItem","position":1,"name":"Home","item":"https:\/\/old.holyland-olivewood.com\/fi\/"},{"@type":"ListItem","position":2,"name":"Shop","item":"https:\/\/old.holyland-olivewood.com\/fi\/shop\/"},{"@type":"ListItem","position":3,"name":"Yksilohkoinen oliivipuu puukko kahva tyhj\u00e4t (0,5&#8243; x 1,5&#8243; x 4&#8243;) Nelj\u00e4 paria"}]},{"@type":"WebSite","@id":"https:\/\/old.holyland-olivewood.com\/fi\/#website","url":"https:\/\/old.holyland-olivewood.com\/fi\/","name":"Holy Land Olive Wood - Bethlehem Olive Wood Factory","description":"Holy Land Olivewood Bethlehem","publisher":{"@id":"https:\/\/old.holyland-olivewood.com\/fi\/#organization"},"potentialAction":[{"@type":"SearchAction","target":{"@type":"EntryPoint","urlTemplate":"https:\/\/old.holyland-olivewood.com\/fi\/?s={search_term_string}"},"query-input":{"@type":"PropertyValueSpecification","valueRequired":true,"valueName":"search_term_string"}}],"inLanguage":"fi"},{"@type":"Organization","@id":"https:\/\/old.holyland-olivewood.com\/fi\/#organization","name":"Holy Land Olivewood","url":"https:\/\/old.holyland-olivewood.com\/fi\/","logo":{"@type":"ImageObject","inLanguage":"fi","@id":"https:\/\/old.holyland-olivewood.com\/fi\/#\/schema\/logo\/image\/","url":"","contentUrl":"","caption":"Holy Land Olivewood"},"image":{"@id":"https:\/\/old.holyland-olivewood.com\/fi\/#\/schema\/logo\/image\/"},"sameAs":["https:\/\/www.facebook.com\/holylandolivewood.bethlehem\/","http:\/\/instagram.com\/holy.land.olive.wood"]}]}},"_links":{"self":[{"href":"https:\/\/old.holyland-olivewood.com\/fi\/wp-json\/wp\/v2\/product\/42774","targetHints":{"allow":["GET"]}}],"collection":[{"href":"https:\/\/old.holyland-olivewood.com\/fi\/wp-json\/wp\/v2\/product"}],"about":[{"href":"https:\/\/old.holyland-olivewood.com\/fi\/wp-json\/wp\/v2\/types\/product"}],"wp:featuredmedia":[{"embeddable":true,"href":"https:\/\/old.holyland-olivewood.com\/fi\/wp-json\/wp\/v2\/media\/33875"}],"wp:attachment":[{"href":"https:\/\/old.holyland-olivewood.com\/fi\/wp-json\/wp\/v2\/media?parent=42774"}],"wp:term":[{"taxonomy":"product_brand","embeddable":true,"href":"https:\/\/old.holyland-olivewood.com\/fi\/wp-json\/wp\/v2\/product_brand?post=42774"},{"taxonomy":"product_cat","embeddable":true,"href":"https:\/\/old.holyland-olivewood.com\/fi\/wp-json\/wp\/v2\/product_cat?post=42774"},{"taxonomy":"product_tag","embeddable":true,"href":"https:\/\/old.holyland-olivewood.com\/fi\/wp-json\/wp\/v2\/product_tag?post=42774"}],"curies":[{"name":"wp","href":"https:\/\/api.w.org\/{rel}","templated":true}]}}