{"id":42644,"date":"2018-08-05T13:56:57","date_gmt":"2022-02-09T07:52:51","guid":{"rendered":"https:\/\/old.holyland-olivewood.com\/product\/betlehem-olive-wood-majesteettinen-aseenkantaja-kierre-kyna-gunmetal-kulta-swarovski-crystal-finish-pe113\/"},"modified":"2022-02-09T07:52:51","modified_gmt":"2022-02-09T07:52:51","slug":"kasintehty-betlehem-oliivi-puu-psi-majestic-squire-pen-pe113","status":"publish","type":"product","link":"https:\/\/old.holyland-olivewood.com\/fi\/tuote\/kasintehty-betlehem-oliivi-puu-psi-majestic-squire-pen-pe113\/","title":{"rendered":"Betlehem Olive Wood Majesteettinen aseenkantaja kierre kyn\u00e4 gunmetal, kulta &amp; Swarovski Crystal finish #PE113"},"content":{"rendered":"","protected":false},"excerpt":{"rendered":"<p>T\u00e4m\u00e4 k\u00e4sin k\u00e4\u00e4nnetty muistokyn\u00e4 kest\u00e4\u00e4 elini\u00e4n ja on loistava lahja kaikille, jotka arvostavat k\u00e4sity\u00f6taitoa ja luonnonmateriaalien raakaa kauneutta. Kyn\u00e4n ote on valmistettu kest\u00e4v\u00e4sti korjatusta, aidosta Betlehem Olivewoodista.<\/p>\n<p>T\u00e4m\u00e4n eksoottisen materiaalin viimeistely on tasaisempi kuin l\u00e4hes mill\u00e4\u00e4n muulla puulla, ja sen jyrk\u00e4sti kontrastinen viljakuvio ei koskaan j\u00e4t\u00e4 vaikutusta<\/p>\n<p>Jokaisessa kyn\u00e4ss\u00e4 on n\u00e4ytt\u00f6kotelo ja aitoustodistus, joka tarkistaa t\u00e4m\u00e4n tuotteen valmistuksessa k\u00e4ytetyt materiaalit ja tekniikat.<\/p>\n<p><strong>Malli:<\/strong> PSI Majestic Squire Pen &#8221; Twist Pen&#8221;<br \/>\n<strong>Tyyppi:<\/strong> Parker-tyylinen\u00ae t\u00e4ytt\u00f6<br \/>\n<strong>V\u00e4ri:<\/strong> Musta<br \/>\n<strong>Uudelleen t\u00e4ytett\u00e4v\u00e4:<\/strong> Kyll\u00e4<br \/>\n<strong>Tarttua:<\/strong> Betlehem Olivewood<br \/>\n<strong>Kalusteet:<\/strong> Gunmetal \/ Kulta \/ Swarovskin kristalli<br \/>\n<strong>Lopettaa:<\/strong> Kiilt\u00e4v\u00e4 lakka<br \/>\n<strong>Koko:<\/strong> 0,13 cm x 13 cm<\/p>\n","protected":false},"featured_media":34339,"template":"","meta":[],"product_brand":[],"product_cat":[786,2410],"product_tag":[791,1492,2415,834],"class_list":{"0":"post-42644","1":"product","2":"type-product","3":"status-publish","4":"has-post-thumbnail","6":"product_cat-kunsthaandvaerk-fi","7":"product_cat-kynat-ja-poytaohjelmat","8":"product_tag-betlehem-fi","9":"product_tag-kyna","10":"product_tag-kynat","11":"product_tag-oliventrae-fi","13":"first","14":"outofstock","15":"shipping-taxable","16":"purchasable","17":"product-type-simple"},"yoast_head":"<!-- This site is optimized with the Yoast SEO plugin v24.8.1 - https:\/\/yoast.com\/wordpress\/plugins\/seo\/ -->\n<title>Betlehem Olive Wood Majesteettinen aseenkantaja kierre kyn\u00e4 gunmetal, kulta &amp; Swarovski Crystal finish #PE113 - Holy Land Olive Wood - Bethlehem Olive Wood Factory<\/title>\n<meta name=\"description\" content=\"Betlehem oliivipuukyn\u00e4t ja p\u00f6yt\u00e4tarvikkeet (esim. kyn\u00e4npidin, kyn\u00e4laatikot) aihiot, kaiverrukset ja enemm\u00e4n pyh\u00e4st\u00e4 maasta &gt; raaka-aine vakiomitoissa ja mukautetuissa mitoissa.\" \/>\n<meta name=\"robots\" content=\"index, follow, max-snippet:-1, max-image-preview:large, max-video-preview:-1\" \/>\n<link rel=\"canonical\" href=\"https:\/\/old.holyland-olivewood.com\/fi\/tuote\/kasintehty-betlehem-oliivi-puu-psi-majestic-squire-pen-pe113\/\" \/>\n<meta property=\"og:locale\" content=\"fi_FI\" \/>\n<meta property=\"og:type\" content=\"article\" \/>\n<meta property=\"og:title\" content=\"Betlehem Olive Wood Majesteettinen aseenkantaja kierre kyn\u00e4 gunmetal, kulta &amp; Swarovski Crystal finish #PE113 - Holy Land Olive Wood - Bethlehem Olive Wood Factory\" \/>\n<meta property=\"og:description\" content=\"Betlehem oliivipuukyn\u00e4t ja p\u00f6yt\u00e4tarvikkeet (esim. kyn\u00e4npidin, kyn\u00e4laatikot) aihiot, kaiverrukset ja enemm\u00e4n pyh\u00e4st\u00e4 maasta &gt; raaka-aine vakiomitoissa ja mukautetuissa mitoissa.\" \/>\n<meta property=\"og:url\" content=\"https:\/\/old.holyland-olivewood.com\/fi\/tuote\/kasintehty-betlehem-oliivi-puu-psi-majestic-squire-pen-pe113\/\" \/>\n<meta property=\"og:site_name\" content=\"Holy Land Olive Wood - Bethlehem Olive Wood Factory\" \/>\n<meta property=\"article:publisher\" content=\"https:\/\/www.facebook.com\/holylandolivewood.bethlehem\/\" \/>\n<meta property=\"og:image\" content=\"https:\/\/old.holyland-olivewood.com\/wp-content\/uploads\/2018\/08\/pen_holy_land_olive_wood_bethlehem_pe113_1.jpg\" \/>\n\t<meta property=\"og:image:width\" content=\"1550\" \/>\n\t<meta property=\"og:image:height\" content=\"1200\" \/>\n\t<meta property=\"og:image:type\" content=\"image\/jpeg\" \/>\n<meta name=\"twitter:card\" content=\"summary_large_image\" \/>\n<script type=\"application\/ld+json\" class=\"yoast-schema-graph\">{\"@context\":\"https:\/\/schema.org\",\"@graph\":[{\"@type\":\"WebPage\",\"@id\":\"https:\/\/old.holyland-olivewood.com\/fi\/tuote\/kasintehty-betlehem-oliivi-puu-psi-majestic-squire-pen-pe113\/\",\"url\":\"https:\/\/old.holyland-olivewood.com\/fi\/tuote\/kasintehty-betlehem-oliivi-puu-psi-majestic-squire-pen-pe113\/\",\"name\":\"Betlehem Olive Wood Majesteettinen aseenkantaja kierre kyn\u00e4 gunmetal, kulta &amp; Swarovski Crystal finish #PE113 - Holy Land Olive Wood - Bethlehem Olive Wood Factory\",\"isPartOf\":{\"@id\":\"https:\/\/old.holyland-olivewood.com\/fi\/#website\"},\"primaryImageOfPage\":{\"@id\":\"https:\/\/old.holyland-olivewood.com\/fi\/tuote\/kasintehty-betlehem-oliivi-puu-psi-majestic-squire-pen-pe113\/#primaryimage\"},\"image\":{\"@id\":\"https:\/\/old.holyland-olivewood.com\/fi\/tuote\/kasintehty-betlehem-oliivi-puu-psi-majestic-squire-pen-pe113\/#primaryimage\"},\"thumbnailUrl\":\"https:\/\/old.holyland-olivewood.com\/wp-content\/uploads\/2018\/08\/pen_holy_land_olive_wood_bethlehem_pe113_1.jpg\",\"datePublished\":\"2022-02-09T07:52:51+00:00\",\"description\":\"Betlehem oliivipuukyn\u00e4t ja p\u00f6yt\u00e4tarvikkeet (esim. kyn\u00e4npidin, kyn\u00e4laatikot) aihiot, kaiverrukset ja enemm\u00e4n pyh\u00e4st\u00e4 maasta > raaka-aine vakiomitoissa ja mukautetuissa mitoissa.\",\"breadcrumb\":{\"@id\":\"https:\/\/old.holyland-olivewood.com\/fi\/tuote\/kasintehty-betlehem-oliivi-puu-psi-majestic-squire-pen-pe113\/#breadcrumb\"},\"inLanguage\":\"fi\",\"potentialAction\":[{\"@type\":\"ReadAction\",\"target\":[\"https:\/\/old.holyland-olivewood.com\/fi\/tuote\/kasintehty-betlehem-oliivi-puu-psi-majestic-squire-pen-pe113\/\"]}]},{\"@type\":\"ImageObject\",\"inLanguage\":\"fi\",\"@id\":\"https:\/\/old.holyland-olivewood.com\/fi\/tuote\/kasintehty-betlehem-oliivi-puu-psi-majestic-squire-pen-pe113\/#primaryimage\",\"url\":\"https:\/\/old.holyland-olivewood.com\/wp-content\/uploads\/2018\/08\/pen_holy_land_olive_wood_bethlehem_pe113_1.jpg\",\"contentUrl\":\"https:\/\/old.holyland-olivewood.com\/wp-content\/uploads\/2018\/08\/pen_holy_land_olive_wood_bethlehem_pe113_1.jpg\",\"width\":1550,\"height\":1200},{\"@type\":\"BreadcrumbList\",\"@id\":\"https:\/\/old.holyland-olivewood.com\/fi\/tuote\/kasintehty-betlehem-oliivi-puu-psi-majestic-squire-pen-pe113\/#breadcrumb\",\"itemListElement\":[{\"@type\":\"ListItem\",\"position\":1,\"name\":\"Home\",\"item\":\"https:\/\/old.holyland-olivewood.com\/fi\/\"},{\"@type\":\"ListItem\",\"position\":2,\"name\":\"Shop\",\"item\":\"https:\/\/old.holyland-olivewood.com\/fi\/shop\/\"},{\"@type\":\"ListItem\",\"position\":3,\"name\":\"Betlehem Olive Wood Majesteettinen aseenkantaja kierre kyn\u00e4 gunmetal, kulta &amp; Swarovski Crystal finish #PE113\"}]},{\"@type\":\"WebSite\",\"@id\":\"https:\/\/old.holyland-olivewood.com\/fi\/#website\",\"url\":\"https:\/\/old.holyland-olivewood.com\/fi\/\",\"name\":\"Holy Land Olive Wood - Bethlehem Olive Wood Factory\",\"description\":\"Holy Land Olivewood Bethlehem\",\"publisher\":{\"@id\":\"https:\/\/old.holyland-olivewood.com\/fi\/#organization\"},\"potentialAction\":[{\"@type\":\"SearchAction\",\"target\":{\"@type\":\"EntryPoint\",\"urlTemplate\":\"https:\/\/old.holyland-olivewood.com\/fi\/?s={search_term_string}\"},\"query-input\":{\"@type\":\"PropertyValueSpecification\",\"valueRequired\":true,\"valueName\":\"search_term_string\"}}],\"inLanguage\":\"fi\"},{\"@type\":\"Organization\",\"@id\":\"https:\/\/old.holyland-olivewood.com\/fi\/#organization\",\"name\":\"Holy Land Olivewood\",\"url\":\"https:\/\/old.holyland-olivewood.com\/fi\/\",\"logo\":{\"@type\":\"ImageObject\",\"inLanguage\":\"fi\",\"@id\":\"https:\/\/old.holyland-olivewood.com\/fi\/#\/schema\/logo\/image\/\",\"url\":\"\",\"contentUrl\":\"\",\"caption\":\"Holy Land Olivewood\"},\"image\":{\"@id\":\"https:\/\/old.holyland-olivewood.com\/fi\/#\/schema\/logo\/image\/\"},\"sameAs\":[\"https:\/\/www.facebook.com\/holylandolivewood.bethlehem\/\",\"http:\/\/instagram.com\/holy.land.olive.wood\"]}]}<\/script>\n<!-- \/ Yoast SEO plugin. -->","yoast_head_json":{"title":"Betlehem Olive Wood Majesteettinen aseenkantaja kierre kyn\u00e4 gunmetal, kulta &amp; Swarovski Crystal finish #PE113 - Holy Land Olive Wood - Bethlehem Olive Wood Factory","description":"Betlehem oliivipuukyn\u00e4t ja p\u00f6yt\u00e4tarvikkeet (esim. kyn\u00e4npidin, kyn\u00e4laatikot) aihiot, kaiverrukset ja enemm\u00e4n pyh\u00e4st\u00e4 maasta > raaka-aine vakiomitoissa ja mukautetuissa mitoissa.","robots":{"index":"index","follow":"follow","max-snippet":"max-snippet:-1","max-image-preview":"max-image-preview:large","max-video-preview":"max-video-preview:-1"},"canonical":"https:\/\/old.holyland-olivewood.com\/fi\/tuote\/kasintehty-betlehem-oliivi-puu-psi-majestic-squire-pen-pe113\/","og_locale":"fi_FI","og_type":"article","og_title":"Betlehem Olive Wood Majesteettinen aseenkantaja kierre kyn\u00e4 gunmetal, kulta &amp; Swarovski Crystal finish #PE113 - Holy Land Olive Wood - Bethlehem Olive Wood Factory","og_description":"Betlehem oliivipuukyn\u00e4t ja p\u00f6yt\u00e4tarvikkeet (esim. kyn\u00e4npidin, kyn\u00e4laatikot) aihiot, kaiverrukset ja enemm\u00e4n pyh\u00e4st\u00e4 maasta > raaka-aine vakiomitoissa ja mukautetuissa mitoissa.","og_url":"https:\/\/old.holyland-olivewood.com\/fi\/tuote\/kasintehty-betlehem-oliivi-puu-psi-majestic-squire-pen-pe113\/","og_site_name":"Holy Land Olive Wood - Bethlehem Olive Wood Factory","article_publisher":"https:\/\/www.facebook.com\/holylandolivewood.bethlehem\/","og_image":[{"width":1550,"height":1200,"url":"https:\/\/old.holyland-olivewood.com\/wp-content\/uploads\/2018\/08\/pen_holy_land_olive_wood_bethlehem_pe113_1.jpg","type":"image\/jpeg"}],"twitter_card":"summary_large_image","schema":{"@context":"https:\/\/schema.org","@graph":[{"@type":"WebPage","@id":"https:\/\/old.holyland-olivewood.com\/fi\/tuote\/kasintehty-betlehem-oliivi-puu-psi-majestic-squire-pen-pe113\/","url":"https:\/\/old.holyland-olivewood.com\/fi\/tuote\/kasintehty-betlehem-oliivi-puu-psi-majestic-squire-pen-pe113\/","name":"Betlehem Olive Wood Majesteettinen aseenkantaja kierre kyn\u00e4 gunmetal, kulta &amp; Swarovski Crystal finish #PE113 - Holy Land Olive Wood - Bethlehem Olive Wood Factory","isPartOf":{"@id":"https:\/\/old.holyland-olivewood.com\/fi\/#website"},"primaryImageOfPage":{"@id":"https:\/\/old.holyland-olivewood.com\/fi\/tuote\/kasintehty-betlehem-oliivi-puu-psi-majestic-squire-pen-pe113\/#primaryimage"},"image":{"@id":"https:\/\/old.holyland-olivewood.com\/fi\/tuote\/kasintehty-betlehem-oliivi-puu-psi-majestic-squire-pen-pe113\/#primaryimage"},"thumbnailUrl":"https:\/\/old.holyland-olivewood.com\/wp-content\/uploads\/2018\/08\/pen_holy_land_olive_wood_bethlehem_pe113_1.jpg","datePublished":"2022-02-09T07:52:51+00:00","description":"Betlehem oliivipuukyn\u00e4t ja p\u00f6yt\u00e4tarvikkeet (esim. kyn\u00e4npidin, kyn\u00e4laatikot) aihiot, kaiverrukset ja enemm\u00e4n pyh\u00e4st\u00e4 maasta > raaka-aine vakiomitoissa ja mukautetuissa mitoissa.","breadcrumb":{"@id":"https:\/\/old.holyland-olivewood.com\/fi\/tuote\/kasintehty-betlehem-oliivi-puu-psi-majestic-squire-pen-pe113\/#breadcrumb"},"inLanguage":"fi","potentialAction":[{"@type":"ReadAction","target":["https:\/\/old.holyland-olivewood.com\/fi\/tuote\/kasintehty-betlehem-oliivi-puu-psi-majestic-squire-pen-pe113\/"]}]},{"@type":"ImageObject","inLanguage":"fi","@id":"https:\/\/old.holyland-olivewood.com\/fi\/tuote\/kasintehty-betlehem-oliivi-puu-psi-majestic-squire-pen-pe113\/#primaryimage","url":"https:\/\/old.holyland-olivewood.com\/wp-content\/uploads\/2018\/08\/pen_holy_land_olive_wood_bethlehem_pe113_1.jpg","contentUrl":"https:\/\/old.holyland-olivewood.com\/wp-content\/uploads\/2018\/08\/pen_holy_land_olive_wood_bethlehem_pe113_1.jpg","width":1550,"height":1200},{"@type":"BreadcrumbList","@id":"https:\/\/old.holyland-olivewood.com\/fi\/tuote\/kasintehty-betlehem-oliivi-puu-psi-majestic-squire-pen-pe113\/#breadcrumb","itemListElement":[{"@type":"ListItem","position":1,"name":"Home","item":"https:\/\/old.holyland-olivewood.com\/fi\/"},{"@type":"ListItem","position":2,"name":"Shop","item":"https:\/\/old.holyland-olivewood.com\/fi\/shop\/"},{"@type":"ListItem","position":3,"name":"Betlehem Olive Wood Majesteettinen aseenkantaja kierre kyn\u00e4 gunmetal, kulta &amp; Swarovski Crystal finish #PE113"}]},{"@type":"WebSite","@id":"https:\/\/old.holyland-olivewood.com\/fi\/#website","url":"https:\/\/old.holyland-olivewood.com\/fi\/","name":"Holy Land Olive Wood - Bethlehem Olive Wood Factory","description":"Holy Land Olivewood Bethlehem","publisher":{"@id":"https:\/\/old.holyland-olivewood.com\/fi\/#organization"},"potentialAction":[{"@type":"SearchAction","target":{"@type":"EntryPoint","urlTemplate":"https:\/\/old.holyland-olivewood.com\/fi\/?s={search_term_string}"},"query-input":{"@type":"PropertyValueSpecification","valueRequired":true,"valueName":"search_term_string"}}],"inLanguage":"fi"},{"@type":"Organization","@id":"https:\/\/old.holyland-olivewood.com\/fi\/#organization","name":"Holy Land Olivewood","url":"https:\/\/old.holyland-olivewood.com\/fi\/","logo":{"@type":"ImageObject","inLanguage":"fi","@id":"https:\/\/old.holyland-olivewood.com\/fi\/#\/schema\/logo\/image\/","url":"","contentUrl":"","caption":"Holy Land Olivewood"},"image":{"@id":"https:\/\/old.holyland-olivewood.com\/fi\/#\/schema\/logo\/image\/"},"sameAs":["https:\/\/www.facebook.com\/holylandolivewood.bethlehem\/","http:\/\/instagram.com\/holy.land.olive.wood"]}]}},"_links":{"self":[{"href":"https:\/\/old.holyland-olivewood.com\/fi\/wp-json\/wp\/v2\/product\/42644","targetHints":{"allow":["GET"]}}],"collection":[{"href":"https:\/\/old.holyland-olivewood.com\/fi\/wp-json\/wp\/v2\/product"}],"about":[{"href":"https:\/\/old.holyland-olivewood.com\/fi\/wp-json\/wp\/v2\/types\/product"}],"wp:featuredmedia":[{"embeddable":true,"href":"https:\/\/old.holyland-olivewood.com\/fi\/wp-json\/wp\/v2\/media\/34339"}],"wp:attachment":[{"href":"https:\/\/old.holyland-olivewood.com\/fi\/wp-json\/wp\/v2\/media?parent=42644"}],"wp:term":[{"taxonomy":"product_brand","embeddable":true,"href":"https:\/\/old.holyland-olivewood.com\/fi\/wp-json\/wp\/v2\/product_brand?post=42644"},{"taxonomy":"product_cat","embeddable":true,"href":"https:\/\/old.holyland-olivewood.com\/fi\/wp-json\/wp\/v2\/product_cat?post=42644"},{"taxonomy":"product_tag","embeddable":true,"href":"https:\/\/old.holyland-olivewood.com\/fi\/wp-json\/wp\/v2\/product_tag?post=42644"}],"curies":[{"name":"wp","href":"https:\/\/api.w.org\/{rel}","templated":true}]}}