{"id":42631,"date":"2018-08-22T17:55:50","date_gmt":"2022-02-09T07:52:34","guid":{"rendered":"https:\/\/old.holyland-olivewood.com\/product\/betlehem-olivewood-twist-veda-korkkiruuvi-ki136\/"},"modified":"2022-02-09T07:52:34","modified_gmt":"2022-02-09T07:52:34","slug":"betlehem-oliivipuu-kierre-vetaa-korkkiruuvi-ki136","status":"publish","type":"product","link":"https:\/\/old.holyland-olivewood.com\/fi\/tuote\/betlehem-oliivipuu-kierre-vetaa-korkkiruuvi-ki136\/","title":{"rendered":"Betlehem Olivewood Twist &amp; Ved\u00e4 korkkiruuvi #KI136"},"content":{"rendered":"","protected":false},"excerpt":{"rendered":"<p>T\u00e4m\u00e4 k\u00e4sin k\u00e4\u00e4nnetty muistokorkkiruuvi kest\u00e4\u00e4 elini\u00e4n ja on loistava lahja kaikille, jotka arvostavat k\u00e4sity\u00f6taitoa ja luonnonmateriaalien raakaa kauneutta.<\/p>\n<p>Tuntijat huomaavat, ett\u00e4 t\u00e4m\u00e4 tuote on muotoiltu alkuper\u00e4isen viininavaussuunnittelun mukaisesti, jonka pastori Samuel Henshall patentoi vuonna 1795 Oxfordissa, Englannissa.<\/p>\n<p>Koska t\u00e4m\u00e4 tuote palvelee toimintoa, se on valmistettu kest\u00e4vyytt\u00e4 ajatellen varmistaaksesi, ett\u00e4 se on sijoituksesi arvoinen tulevina vuosina. Kahva k\u00e4\u00e4nnettiin yhdest\u00e4 kest\u00e4v\u00e4sti korjatusta, aidosta Betlehem Olivewood -lohkosta, joka porattiin, napautettiin ja ruuvattiin 3,5 tuuman kiillotettuun ruostumattomasta ter\u00e4ksest\u00e4 valmistettuun matoon. T\u00e4m\u00e4n pituuden ansiosta se riitt\u00e4\u00e4 tehokkaasti vet\u00e4m\u00e4\u00e4n ulos mink\u00e4 tahansa tyyppisen korkin, kun taas sen kest\u00e4v\u00e4 1\/4&#8243; halkaisija tekee siit\u00e4 riitt\u00e4v\u00e4n vahvan kiert\u00e4m\u00e4\u00e4n ja pullottamaan itsep\u00e4isimm\u00e4t korkit. Lis\u00e4ksi madon ontto keskipiste mahdollistaa sen tunkeutumisen helposti korkkeihin niiden rakenteellisesta koskemattomuudesta tinkim\u00e4tt\u00e4 &#8211; sallimalla korkkien moninkertaisen k\u00e4yt\u00f6n ja est\u00e4m\u00e4ll\u00e4 roskien p\u00e4\u00e4syn viiniisi.<\/p>\n<p>Betlehem Olivewood on eksoottinen materiaali, jonka viimeistely on sile\u00e4mpi kuin l\u00e4hes mik\u00e4\u00e4n muu lehtipuu, ja sen jyrk\u00e4sti kontrastinen viljakuvio ei koskaan j\u00e4t\u00e4 vaikutusta. Koska Betlehem Olivewood on luonnontuote, jokaisella korkkiruuvilla on kertaluonteinen, yksil\u00f6llinen viljakuvio.<\/p>\n<p>T\u00e4m\u00e4 tuote sis\u00e4lt\u00e4\u00e4 aitoustodistuksen, jossa tarkistetaan t\u00e4m\u00e4n tuotteen valmistuksessa k\u00e4ytetyt materiaalit ja tekniikat.<\/p>\n<p><strong>Koko:<\/strong> 3 cm x 10 cm x 10 cm (1,15&#8243; x 4&#8243; x 4&#8243;)<\/p>\n","protected":false},"featured_media":34435,"template":"","meta":[],"product_brand":[],"product_cat":[786,2893],"product_tag":[791,913,2894,834,2897,2477,2899],"class_list":{"0":"post-42631","1":"product","2":"type-product","3":"status-publish","4":"has-post-thumbnail","6":"product_cat-kunsthaandvaerk-fi","7":"product_cat-keittiovalineet","8":"product_tag-betlehem-fi","9":"product_tag-haandvaerk-fi","10":"product_tag-keittiovalineet","11":"product_tag-oliventrae-fi","12":"product_tag-pullon-tulppa","13":"product_tag-pyha-maa-fi","14":"product_tag-veda-korkkiruuvia","16":"first","17":"outofstock","18":"shipping-taxable","19":"purchasable","20":"product-type-simple"},"yoast_head":"<!-- This site is optimized with the Yoast SEO plugin v24.8.1 - https:\/\/yoast.com\/wordpress\/plugins\/seo\/ -->\n<title>Betlehem Olivewood Twist &amp; Ved\u00e4 korkkiruuvi #KI136 - Holy Land Olive Wood - Bethlehem Olive Wood Factory<\/title>\n<meta name=\"description\" content=\"Betlehem oliivipuun k\u00e4sity\u00f6t (eli keitti\u00f6v\u00e4lineet, pullotulppa) hunajadipper, lasta, haarukka, laasti ja raaka-aine vakio- ja mittasuhtina.\" \/>\n<meta name=\"robots\" content=\"index, follow, max-snippet:-1, max-image-preview:large, max-video-preview:-1\" \/>\n<link rel=\"canonical\" href=\"https:\/\/old.holyland-olivewood.com\/fi\/tuote\/betlehem-oliivipuu-kierre-vetaa-korkkiruuvi-ki136\/\" \/>\n<meta property=\"og:locale\" content=\"fi_FI\" \/>\n<meta property=\"og:type\" content=\"article\" \/>\n<meta property=\"og:title\" content=\"Betlehem Olivewood Twist &amp; Ved\u00e4 korkkiruuvi #KI136 - Holy Land Olive Wood - Bethlehem Olive Wood Factory\" \/>\n<meta property=\"og:description\" content=\"Betlehem oliivipuun k\u00e4sity\u00f6t (eli keitti\u00f6v\u00e4lineet, pullotulppa) hunajadipper, lasta, haarukka, laasti ja raaka-aine vakio- ja mittasuhtina.\" \/>\n<meta property=\"og:url\" content=\"https:\/\/old.holyland-olivewood.com\/fi\/tuote\/betlehem-oliivipuu-kierre-vetaa-korkkiruuvi-ki136\/\" \/>\n<meta property=\"og:site_name\" content=\"Holy Land Olive Wood - Bethlehem Olive Wood Factory\" \/>\n<meta property=\"article:publisher\" content=\"https:\/\/www.facebook.com\/holylandolivewood.bethlehem\/\" \/>\n<meta property=\"og:image\" content=\"https:\/\/old.holyland-olivewood.com\/wp-content\/uploads\/2018\/08\/bethlehem_olive_wood_wine_opener_ki136.jpg\" \/>\n\t<meta property=\"og:image:width\" content=\"1550\" \/>\n\t<meta property=\"og:image:height\" content=\"1200\" \/>\n\t<meta property=\"og:image:type\" content=\"image\/jpeg\" \/>\n<meta name=\"twitter:card\" content=\"summary_large_image\" \/>\n<script type=\"application\/ld+json\" class=\"yoast-schema-graph\">{\"@context\":\"https:\/\/schema.org\",\"@graph\":[{\"@type\":\"WebPage\",\"@id\":\"https:\/\/old.holyland-olivewood.com\/fi\/tuote\/betlehem-oliivipuu-kierre-vetaa-korkkiruuvi-ki136\/\",\"url\":\"https:\/\/old.holyland-olivewood.com\/fi\/tuote\/betlehem-oliivipuu-kierre-vetaa-korkkiruuvi-ki136\/\",\"name\":\"Betlehem Olivewood Twist &amp; Ved\u00e4 korkkiruuvi #KI136 - Holy Land Olive Wood - Bethlehem Olive Wood Factory\",\"isPartOf\":{\"@id\":\"https:\/\/old.holyland-olivewood.com\/fi\/#website\"},\"primaryImageOfPage\":{\"@id\":\"https:\/\/old.holyland-olivewood.com\/fi\/tuote\/betlehem-oliivipuu-kierre-vetaa-korkkiruuvi-ki136\/#primaryimage\"},\"image\":{\"@id\":\"https:\/\/old.holyland-olivewood.com\/fi\/tuote\/betlehem-oliivipuu-kierre-vetaa-korkkiruuvi-ki136\/#primaryimage\"},\"thumbnailUrl\":\"https:\/\/old.holyland-olivewood.com\/wp-content\/uploads\/2018\/08\/bethlehem_olive_wood_wine_opener_ki136.jpg\",\"datePublished\":\"2022-02-09T07:52:34+00:00\",\"description\":\"Betlehem oliivipuun k\u00e4sity\u00f6t (eli keitti\u00f6v\u00e4lineet, pullotulppa) hunajadipper, lasta, haarukka, laasti ja raaka-aine vakio- ja mittasuhtina.\",\"breadcrumb\":{\"@id\":\"https:\/\/old.holyland-olivewood.com\/fi\/tuote\/betlehem-oliivipuu-kierre-vetaa-korkkiruuvi-ki136\/#breadcrumb\"},\"inLanguage\":\"fi\",\"potentialAction\":[{\"@type\":\"ReadAction\",\"target\":[\"https:\/\/old.holyland-olivewood.com\/fi\/tuote\/betlehem-oliivipuu-kierre-vetaa-korkkiruuvi-ki136\/\"]}]},{\"@type\":\"ImageObject\",\"inLanguage\":\"fi\",\"@id\":\"https:\/\/old.holyland-olivewood.com\/fi\/tuote\/betlehem-oliivipuu-kierre-vetaa-korkkiruuvi-ki136\/#primaryimage\",\"url\":\"https:\/\/old.holyland-olivewood.com\/wp-content\/uploads\/2018\/08\/bethlehem_olive_wood_wine_opener_ki136.jpg\",\"contentUrl\":\"https:\/\/old.holyland-olivewood.com\/wp-content\/uploads\/2018\/08\/bethlehem_olive_wood_wine_opener_ki136.jpg\",\"width\":1550,\"height\":1200},{\"@type\":\"BreadcrumbList\",\"@id\":\"https:\/\/old.holyland-olivewood.com\/fi\/tuote\/betlehem-oliivipuu-kierre-vetaa-korkkiruuvi-ki136\/#breadcrumb\",\"itemListElement\":[{\"@type\":\"ListItem\",\"position\":1,\"name\":\"Home\",\"item\":\"https:\/\/old.holyland-olivewood.com\/fi\/\"},{\"@type\":\"ListItem\",\"position\":2,\"name\":\"Shop\",\"item\":\"https:\/\/old.holyland-olivewood.com\/fi\/shop\/\"},{\"@type\":\"ListItem\",\"position\":3,\"name\":\"Betlehem Olivewood Twist &amp; Ved\u00e4 korkkiruuvi #KI136\"}]},{\"@type\":\"WebSite\",\"@id\":\"https:\/\/old.holyland-olivewood.com\/fi\/#website\",\"url\":\"https:\/\/old.holyland-olivewood.com\/fi\/\",\"name\":\"Holy Land Olive Wood - Bethlehem Olive Wood Factory\",\"description\":\"Holy Land Olivewood Bethlehem\",\"publisher\":{\"@id\":\"https:\/\/old.holyland-olivewood.com\/fi\/#organization\"},\"potentialAction\":[{\"@type\":\"SearchAction\",\"target\":{\"@type\":\"EntryPoint\",\"urlTemplate\":\"https:\/\/old.holyland-olivewood.com\/fi\/?s={search_term_string}\"},\"query-input\":{\"@type\":\"PropertyValueSpecification\",\"valueRequired\":true,\"valueName\":\"search_term_string\"}}],\"inLanguage\":\"fi\"},{\"@type\":\"Organization\",\"@id\":\"https:\/\/old.holyland-olivewood.com\/fi\/#organization\",\"name\":\"Holy Land Olivewood\",\"url\":\"https:\/\/old.holyland-olivewood.com\/fi\/\",\"logo\":{\"@type\":\"ImageObject\",\"inLanguage\":\"fi\",\"@id\":\"https:\/\/old.holyland-olivewood.com\/fi\/#\/schema\/logo\/image\/\",\"url\":\"\",\"contentUrl\":\"\",\"caption\":\"Holy Land Olivewood\"},\"image\":{\"@id\":\"https:\/\/old.holyland-olivewood.com\/fi\/#\/schema\/logo\/image\/\"},\"sameAs\":[\"https:\/\/www.facebook.com\/holylandolivewood.bethlehem\/\",\"http:\/\/instagram.com\/holy.land.olive.wood\"]}]}<\/script>\n<!-- \/ Yoast SEO plugin. -->","yoast_head_json":{"title":"Betlehem Olivewood Twist &amp; Ved\u00e4 korkkiruuvi #KI136 - Holy Land Olive Wood - Bethlehem Olive Wood Factory","description":"Betlehem oliivipuun k\u00e4sity\u00f6t (eli keitti\u00f6v\u00e4lineet, pullotulppa) hunajadipper, lasta, haarukka, laasti ja raaka-aine vakio- ja mittasuhtina.","robots":{"index":"index","follow":"follow","max-snippet":"max-snippet:-1","max-image-preview":"max-image-preview:large","max-video-preview":"max-video-preview:-1"},"canonical":"https:\/\/old.holyland-olivewood.com\/fi\/tuote\/betlehem-oliivipuu-kierre-vetaa-korkkiruuvi-ki136\/","og_locale":"fi_FI","og_type":"article","og_title":"Betlehem Olivewood Twist &amp; Ved\u00e4 korkkiruuvi #KI136 - Holy Land Olive Wood - Bethlehem Olive Wood Factory","og_description":"Betlehem oliivipuun k\u00e4sity\u00f6t (eli keitti\u00f6v\u00e4lineet, pullotulppa) hunajadipper, lasta, haarukka, laasti ja raaka-aine vakio- ja mittasuhtina.","og_url":"https:\/\/old.holyland-olivewood.com\/fi\/tuote\/betlehem-oliivipuu-kierre-vetaa-korkkiruuvi-ki136\/","og_site_name":"Holy Land Olive Wood - Bethlehem Olive Wood Factory","article_publisher":"https:\/\/www.facebook.com\/holylandolivewood.bethlehem\/","og_image":[{"width":1550,"height":1200,"url":"https:\/\/old.holyland-olivewood.com\/wp-content\/uploads\/2018\/08\/bethlehem_olive_wood_wine_opener_ki136.jpg","type":"image\/jpeg"}],"twitter_card":"summary_large_image","schema":{"@context":"https:\/\/schema.org","@graph":[{"@type":"WebPage","@id":"https:\/\/old.holyland-olivewood.com\/fi\/tuote\/betlehem-oliivipuu-kierre-vetaa-korkkiruuvi-ki136\/","url":"https:\/\/old.holyland-olivewood.com\/fi\/tuote\/betlehem-oliivipuu-kierre-vetaa-korkkiruuvi-ki136\/","name":"Betlehem Olivewood Twist &amp; Ved\u00e4 korkkiruuvi #KI136 - Holy Land Olive Wood - Bethlehem Olive Wood Factory","isPartOf":{"@id":"https:\/\/old.holyland-olivewood.com\/fi\/#website"},"primaryImageOfPage":{"@id":"https:\/\/old.holyland-olivewood.com\/fi\/tuote\/betlehem-oliivipuu-kierre-vetaa-korkkiruuvi-ki136\/#primaryimage"},"image":{"@id":"https:\/\/old.holyland-olivewood.com\/fi\/tuote\/betlehem-oliivipuu-kierre-vetaa-korkkiruuvi-ki136\/#primaryimage"},"thumbnailUrl":"https:\/\/old.holyland-olivewood.com\/wp-content\/uploads\/2018\/08\/bethlehem_olive_wood_wine_opener_ki136.jpg","datePublished":"2022-02-09T07:52:34+00:00","description":"Betlehem oliivipuun k\u00e4sity\u00f6t (eli keitti\u00f6v\u00e4lineet, pullotulppa) hunajadipper, lasta, haarukka, laasti ja raaka-aine vakio- ja mittasuhtina.","breadcrumb":{"@id":"https:\/\/old.holyland-olivewood.com\/fi\/tuote\/betlehem-oliivipuu-kierre-vetaa-korkkiruuvi-ki136\/#breadcrumb"},"inLanguage":"fi","potentialAction":[{"@type":"ReadAction","target":["https:\/\/old.holyland-olivewood.com\/fi\/tuote\/betlehem-oliivipuu-kierre-vetaa-korkkiruuvi-ki136\/"]}]},{"@type":"ImageObject","inLanguage":"fi","@id":"https:\/\/old.holyland-olivewood.com\/fi\/tuote\/betlehem-oliivipuu-kierre-vetaa-korkkiruuvi-ki136\/#primaryimage","url":"https:\/\/old.holyland-olivewood.com\/wp-content\/uploads\/2018\/08\/bethlehem_olive_wood_wine_opener_ki136.jpg","contentUrl":"https:\/\/old.holyland-olivewood.com\/wp-content\/uploads\/2018\/08\/bethlehem_olive_wood_wine_opener_ki136.jpg","width":1550,"height":1200},{"@type":"BreadcrumbList","@id":"https:\/\/old.holyland-olivewood.com\/fi\/tuote\/betlehem-oliivipuu-kierre-vetaa-korkkiruuvi-ki136\/#breadcrumb","itemListElement":[{"@type":"ListItem","position":1,"name":"Home","item":"https:\/\/old.holyland-olivewood.com\/fi\/"},{"@type":"ListItem","position":2,"name":"Shop","item":"https:\/\/old.holyland-olivewood.com\/fi\/shop\/"},{"@type":"ListItem","position":3,"name":"Betlehem Olivewood Twist &amp; Ved\u00e4 korkkiruuvi #KI136"}]},{"@type":"WebSite","@id":"https:\/\/old.holyland-olivewood.com\/fi\/#website","url":"https:\/\/old.holyland-olivewood.com\/fi\/","name":"Holy Land Olive Wood - Bethlehem Olive Wood Factory","description":"Holy Land Olivewood Bethlehem","publisher":{"@id":"https:\/\/old.holyland-olivewood.com\/fi\/#organization"},"potentialAction":[{"@type":"SearchAction","target":{"@type":"EntryPoint","urlTemplate":"https:\/\/old.holyland-olivewood.com\/fi\/?s={search_term_string}"},"query-input":{"@type":"PropertyValueSpecification","valueRequired":true,"valueName":"search_term_string"}}],"inLanguage":"fi"},{"@type":"Organization","@id":"https:\/\/old.holyland-olivewood.com\/fi\/#organization","name":"Holy Land Olivewood","url":"https:\/\/old.holyland-olivewood.com\/fi\/","logo":{"@type":"ImageObject","inLanguage":"fi","@id":"https:\/\/old.holyland-olivewood.com\/fi\/#\/schema\/logo\/image\/","url":"","contentUrl":"","caption":"Holy Land Olivewood"},"image":{"@id":"https:\/\/old.holyland-olivewood.com\/fi\/#\/schema\/logo\/image\/"},"sameAs":["https:\/\/www.facebook.com\/holylandolivewood.bethlehem\/","http:\/\/instagram.com\/holy.land.olive.wood"]}]}},"_links":{"self":[{"href":"https:\/\/old.holyland-olivewood.com\/fi\/wp-json\/wp\/v2\/product\/42631","targetHints":{"allow":["GET"]}}],"collection":[{"href":"https:\/\/old.holyland-olivewood.com\/fi\/wp-json\/wp\/v2\/product"}],"about":[{"href":"https:\/\/old.holyland-olivewood.com\/fi\/wp-json\/wp\/v2\/types\/product"}],"wp:featuredmedia":[{"embeddable":true,"href":"https:\/\/old.holyland-olivewood.com\/fi\/wp-json\/wp\/v2\/media\/34435"}],"wp:attachment":[{"href":"https:\/\/old.holyland-olivewood.com\/fi\/wp-json\/wp\/v2\/media?parent=42631"}],"wp:term":[{"taxonomy":"product_brand","embeddable":true,"href":"https:\/\/old.holyland-olivewood.com\/fi\/wp-json\/wp\/v2\/product_brand?post=42631"},{"taxonomy":"product_cat","embeddable":true,"href":"https:\/\/old.holyland-olivewood.com\/fi\/wp-json\/wp\/v2\/product_cat?post=42631"},{"taxonomy":"product_tag","embeddable":true,"href":"https:\/\/old.holyland-olivewood.com\/fi\/wp-json\/wp\/v2\/product_tag?post=42631"}],"curies":[{"name":"wp","href":"https:\/\/api.w.org\/{rel}","templated":true}]}}