{"id":42595,"date":"2018-08-23T06:46:42","date_gmt":"2022-02-09T07:50:27","guid":{"rendered":"https:\/\/old.holyland-olivewood.com\/product\/kasintehty-betlehem-olive-wood-pen-box-pe116\/"},"modified":"2022-02-09T07:50:27","modified_gmt":"2022-02-09T07:50:27","slug":"kasintehty-betlehem-oliivi-puu-kyna-laatikko-pe116","status":"publish","type":"product","link":"https:\/\/old.holyland-olivewood.com\/fi\/tuote\/kasintehty-betlehem-oliivi-puu-kyna-laatikko-pe116\/","title":{"rendered":"K\u00e4sintehty Betlehem Olive Wood Pen Box #PE116"},"content":{"rendered":"","protected":false},"excerpt":{"rendered":"<p>T\u00e4m\u00e4 kaunis kyn\u00e4laatikko on k\u00e4sintehty Pyh\u00e4ss\u00e4 maassa yhdest\u00e4 kest\u00e4v\u00e4sti korjatusta, aidosta Betlehem Olive Wood -kappaleesta, jotta laatikon vilja sopii t\u00e4ydellisesti irrotettavaan magneettiseen kanteen. T\u00e4m\u00e4 kappale on eritt\u00e4in kest\u00e4v\u00e4 ja t\u00e4ydellinen paketti kynien lahjaksi tai muistokynien s\u00e4ilytt\u00e4miseen. J\u00e4ljell\u00e4 olevilla pinnoilla on hieno viimeistely, joka on silkinpehme\u00e4 kosketukseen.<\/p>\n<p>Kun pariliit\u00e4t t\u00e4m\u00e4n esineen kyn\u00e4\u00e4n, on t\u00e4rke\u00e4\u00e4 tiet\u00e4\u00e4 kyn\u00e4n halkaisija oikean istuvuuden varmistamiseksi, koska kyn\u00e4n reik\u00e4 on halkaisijaltaan 2 senttimetri\u00e4 ja 14 senttimetri\u00e4 syv\u00e4. Se on yhteensopiva kaikkien kyniemme kanssa lukuun ottamatta Bolt Action Pen -kyn\u00e4\u00e4, jossa on erityisesti t\u00e4t\u00e4 kyn\u00e4\u00e4 varten valmistettu erikoislaatikko.<\/p>\n<p>T\u00e4m\u00e4 tuote sis\u00e4lt\u00e4\u00e4 aitoustodistuksen, jossa tarkistetaan t\u00e4m\u00e4n tuotteen valmistuksessa k\u00e4ytetyt materiaalit ja tekniikat.<\/p>\n<p><strong>Koko:<\/strong> 4 cm x 4 cm x 17 cm (1,1\/2&#8243; x 1,1\\2&#8243; x 6,1\/2&#8243;)<\/p>\n","protected":false},"featured_media":34556,"template":"","meta":[],"product_brand":[],"product_cat":[786,2410],"product_tag":[791,1492,2415,834],"class_list":{"0":"post-42595","1":"product","2":"type-product","3":"status-publish","4":"has-post-thumbnail","6":"product_cat-kunsthaandvaerk-fi","7":"product_cat-kynat-ja-poytaohjelmat","8":"product_tag-betlehem-fi","9":"product_tag-kyna","10":"product_tag-kynat","11":"product_tag-oliventrae-fi","13":"first","14":"instock","15":"shipping-taxable","16":"purchasable","17":"product-type-simple"},"yoast_head":"<!-- This site is optimized with the Yoast SEO plugin v24.8.1 - https:\/\/yoast.com\/wordpress\/plugins\/seo\/ -->\n<title>K\u00e4sintehty Betlehem Olive Wood Pen Box #PE116 - Holy Land Olive Wood - Bethlehem Olive Wood Factory<\/title>\n<meta name=\"description\" content=\"Betlehem oliivipuukyn\u00e4t ja p\u00f6yt\u00e4tarvikkeet (esim. kyn\u00e4npidin, kyn\u00e4laatikot) aihiot, kaiverrukset ja enemm\u00e4n pyh\u00e4st\u00e4 maasta &gt; raaka-aine vakiomitoissa ja mukautetuissa mitoissa.\" \/>\n<meta name=\"robots\" content=\"index, follow, max-snippet:-1, max-image-preview:large, max-video-preview:-1\" \/>\n<link rel=\"canonical\" href=\"https:\/\/old.holyland-olivewood.com\/fi\/tuote\/kasintehty-betlehem-oliivi-puu-kyna-laatikko-pe116\/\" \/>\n<meta property=\"og:locale\" content=\"fi_FI\" \/>\n<meta property=\"og:type\" content=\"article\" \/>\n<meta property=\"og:title\" content=\"K\u00e4sintehty Betlehem Olive Wood Pen Box #PE116 - Holy Land Olive Wood - Bethlehem Olive Wood Factory\" \/>\n<meta property=\"og:description\" content=\"Betlehem oliivipuukyn\u00e4t ja p\u00f6yt\u00e4tarvikkeet (esim. kyn\u00e4npidin, kyn\u00e4laatikot) aihiot, kaiverrukset ja enemm\u00e4n pyh\u00e4st\u00e4 maasta &gt; raaka-aine vakiomitoissa ja mukautetuissa mitoissa.\" \/>\n<meta property=\"og:url\" content=\"https:\/\/old.holyland-olivewood.com\/fi\/tuote\/kasintehty-betlehem-oliivi-puu-kyna-laatikko-pe116\/\" \/>\n<meta property=\"og:site_name\" content=\"Holy Land Olive Wood - Bethlehem Olive Wood Factory\" \/>\n<meta property=\"article:publisher\" content=\"https:\/\/www.facebook.com\/holylandolivewood.bethlehem\/\" \/>\n<meta property=\"og:image\" content=\"https:\/\/old.holyland-olivewood.com\/wp-content\/uploads\/2018\/08\/bethlehem_olive_wood_pen_box_olive_wood_pen_holde_PE116_1.jpg\" \/>\n\t<meta property=\"og:image:width\" content=\"1550\" \/>\n\t<meta property=\"og:image:height\" content=\"1200\" \/>\n\t<meta property=\"og:image:type\" content=\"image\/jpeg\" \/>\n<meta name=\"twitter:card\" content=\"summary_large_image\" \/>\n<script type=\"application\/ld+json\" class=\"yoast-schema-graph\">{\"@context\":\"https:\/\/schema.org\",\"@graph\":[{\"@type\":\"WebPage\",\"@id\":\"https:\/\/old.holyland-olivewood.com\/fi\/tuote\/kasintehty-betlehem-oliivi-puu-kyna-laatikko-pe116\/\",\"url\":\"https:\/\/old.holyland-olivewood.com\/fi\/tuote\/kasintehty-betlehem-oliivi-puu-kyna-laatikko-pe116\/\",\"name\":\"K\u00e4sintehty Betlehem Olive Wood Pen Box #PE116 - Holy Land Olive Wood - Bethlehem Olive Wood Factory\",\"isPartOf\":{\"@id\":\"https:\/\/old.holyland-olivewood.com\/fi\/#website\"},\"primaryImageOfPage\":{\"@id\":\"https:\/\/old.holyland-olivewood.com\/fi\/tuote\/kasintehty-betlehem-oliivi-puu-kyna-laatikko-pe116\/#primaryimage\"},\"image\":{\"@id\":\"https:\/\/old.holyland-olivewood.com\/fi\/tuote\/kasintehty-betlehem-oliivi-puu-kyna-laatikko-pe116\/#primaryimage\"},\"thumbnailUrl\":\"https:\/\/old.holyland-olivewood.com\/wp-content\/uploads\/2018\/08\/bethlehem_olive_wood_pen_box_olive_wood_pen_holde_PE116_1.jpg\",\"datePublished\":\"2022-02-09T07:50:27+00:00\",\"description\":\"Betlehem oliivipuukyn\u00e4t ja p\u00f6yt\u00e4tarvikkeet (esim. kyn\u00e4npidin, kyn\u00e4laatikot) aihiot, kaiverrukset ja enemm\u00e4n pyh\u00e4st\u00e4 maasta > raaka-aine vakiomitoissa ja mukautetuissa mitoissa.\",\"breadcrumb\":{\"@id\":\"https:\/\/old.holyland-olivewood.com\/fi\/tuote\/kasintehty-betlehem-oliivi-puu-kyna-laatikko-pe116\/#breadcrumb\"},\"inLanguage\":\"fi\",\"potentialAction\":[{\"@type\":\"ReadAction\",\"target\":[\"https:\/\/old.holyland-olivewood.com\/fi\/tuote\/kasintehty-betlehem-oliivi-puu-kyna-laatikko-pe116\/\"]}]},{\"@type\":\"ImageObject\",\"inLanguage\":\"fi\",\"@id\":\"https:\/\/old.holyland-olivewood.com\/fi\/tuote\/kasintehty-betlehem-oliivi-puu-kyna-laatikko-pe116\/#primaryimage\",\"url\":\"https:\/\/old.holyland-olivewood.com\/wp-content\/uploads\/2018\/08\/bethlehem_olive_wood_pen_box_olive_wood_pen_holde_PE116_1.jpg\",\"contentUrl\":\"https:\/\/old.holyland-olivewood.com\/wp-content\/uploads\/2018\/08\/bethlehem_olive_wood_pen_box_olive_wood_pen_holde_PE116_1.jpg\",\"width\":1550,\"height\":1200},{\"@type\":\"BreadcrumbList\",\"@id\":\"https:\/\/old.holyland-olivewood.com\/fi\/tuote\/kasintehty-betlehem-oliivi-puu-kyna-laatikko-pe116\/#breadcrumb\",\"itemListElement\":[{\"@type\":\"ListItem\",\"position\":1,\"name\":\"Home\",\"item\":\"https:\/\/old.holyland-olivewood.com\/fi\/\"},{\"@type\":\"ListItem\",\"position\":2,\"name\":\"Shop\",\"item\":\"https:\/\/old.holyland-olivewood.com\/fi\/shop\/\"},{\"@type\":\"ListItem\",\"position\":3,\"name\":\"K\u00e4sintehty Betlehem Olive Wood Pen Box #PE116\"}]},{\"@type\":\"WebSite\",\"@id\":\"https:\/\/old.holyland-olivewood.com\/fi\/#website\",\"url\":\"https:\/\/old.holyland-olivewood.com\/fi\/\",\"name\":\"Holy Land Olive Wood - Bethlehem Olive Wood Factory\",\"description\":\"Holy Land Olivewood Bethlehem\",\"publisher\":{\"@id\":\"https:\/\/old.holyland-olivewood.com\/fi\/#organization\"},\"potentialAction\":[{\"@type\":\"SearchAction\",\"target\":{\"@type\":\"EntryPoint\",\"urlTemplate\":\"https:\/\/old.holyland-olivewood.com\/fi\/?s={search_term_string}\"},\"query-input\":{\"@type\":\"PropertyValueSpecification\",\"valueRequired\":true,\"valueName\":\"search_term_string\"}}],\"inLanguage\":\"fi\"},{\"@type\":\"Organization\",\"@id\":\"https:\/\/old.holyland-olivewood.com\/fi\/#organization\",\"name\":\"Holy Land Olivewood\",\"url\":\"https:\/\/old.holyland-olivewood.com\/fi\/\",\"logo\":{\"@type\":\"ImageObject\",\"inLanguage\":\"fi\",\"@id\":\"https:\/\/old.holyland-olivewood.com\/fi\/#\/schema\/logo\/image\/\",\"url\":\"\",\"contentUrl\":\"\",\"caption\":\"Holy Land Olivewood\"},\"image\":{\"@id\":\"https:\/\/old.holyland-olivewood.com\/fi\/#\/schema\/logo\/image\/\"},\"sameAs\":[\"https:\/\/www.facebook.com\/holylandolivewood.bethlehem\/\",\"http:\/\/instagram.com\/holy.land.olive.wood\"]}]}<\/script>\n<!-- \/ Yoast SEO plugin. -->","yoast_head_json":{"title":"K\u00e4sintehty Betlehem Olive Wood Pen Box #PE116 - Holy Land Olive Wood - Bethlehem Olive Wood Factory","description":"Betlehem oliivipuukyn\u00e4t ja p\u00f6yt\u00e4tarvikkeet (esim. kyn\u00e4npidin, kyn\u00e4laatikot) aihiot, kaiverrukset ja enemm\u00e4n pyh\u00e4st\u00e4 maasta > raaka-aine vakiomitoissa ja mukautetuissa mitoissa.","robots":{"index":"index","follow":"follow","max-snippet":"max-snippet:-1","max-image-preview":"max-image-preview:large","max-video-preview":"max-video-preview:-1"},"canonical":"https:\/\/old.holyland-olivewood.com\/fi\/tuote\/kasintehty-betlehem-oliivi-puu-kyna-laatikko-pe116\/","og_locale":"fi_FI","og_type":"article","og_title":"K\u00e4sintehty Betlehem Olive Wood Pen Box #PE116 - Holy Land Olive Wood - Bethlehem Olive Wood Factory","og_description":"Betlehem oliivipuukyn\u00e4t ja p\u00f6yt\u00e4tarvikkeet (esim. kyn\u00e4npidin, kyn\u00e4laatikot) aihiot, kaiverrukset ja enemm\u00e4n pyh\u00e4st\u00e4 maasta > raaka-aine vakiomitoissa ja mukautetuissa mitoissa.","og_url":"https:\/\/old.holyland-olivewood.com\/fi\/tuote\/kasintehty-betlehem-oliivi-puu-kyna-laatikko-pe116\/","og_site_name":"Holy Land Olive Wood - Bethlehem Olive Wood Factory","article_publisher":"https:\/\/www.facebook.com\/holylandolivewood.bethlehem\/","og_image":[{"width":1550,"height":1200,"url":"https:\/\/old.holyland-olivewood.com\/wp-content\/uploads\/2018\/08\/bethlehem_olive_wood_pen_box_olive_wood_pen_holde_PE116_1.jpg","type":"image\/jpeg"}],"twitter_card":"summary_large_image","schema":{"@context":"https:\/\/schema.org","@graph":[{"@type":"WebPage","@id":"https:\/\/old.holyland-olivewood.com\/fi\/tuote\/kasintehty-betlehem-oliivi-puu-kyna-laatikko-pe116\/","url":"https:\/\/old.holyland-olivewood.com\/fi\/tuote\/kasintehty-betlehem-oliivi-puu-kyna-laatikko-pe116\/","name":"K\u00e4sintehty Betlehem Olive Wood Pen Box #PE116 - Holy Land Olive Wood - Bethlehem Olive Wood Factory","isPartOf":{"@id":"https:\/\/old.holyland-olivewood.com\/fi\/#website"},"primaryImageOfPage":{"@id":"https:\/\/old.holyland-olivewood.com\/fi\/tuote\/kasintehty-betlehem-oliivi-puu-kyna-laatikko-pe116\/#primaryimage"},"image":{"@id":"https:\/\/old.holyland-olivewood.com\/fi\/tuote\/kasintehty-betlehem-oliivi-puu-kyna-laatikko-pe116\/#primaryimage"},"thumbnailUrl":"https:\/\/old.holyland-olivewood.com\/wp-content\/uploads\/2018\/08\/bethlehem_olive_wood_pen_box_olive_wood_pen_holde_PE116_1.jpg","datePublished":"2022-02-09T07:50:27+00:00","description":"Betlehem oliivipuukyn\u00e4t ja p\u00f6yt\u00e4tarvikkeet (esim. kyn\u00e4npidin, kyn\u00e4laatikot) aihiot, kaiverrukset ja enemm\u00e4n pyh\u00e4st\u00e4 maasta > raaka-aine vakiomitoissa ja mukautetuissa mitoissa.","breadcrumb":{"@id":"https:\/\/old.holyland-olivewood.com\/fi\/tuote\/kasintehty-betlehem-oliivi-puu-kyna-laatikko-pe116\/#breadcrumb"},"inLanguage":"fi","potentialAction":[{"@type":"ReadAction","target":["https:\/\/old.holyland-olivewood.com\/fi\/tuote\/kasintehty-betlehem-oliivi-puu-kyna-laatikko-pe116\/"]}]},{"@type":"ImageObject","inLanguage":"fi","@id":"https:\/\/old.holyland-olivewood.com\/fi\/tuote\/kasintehty-betlehem-oliivi-puu-kyna-laatikko-pe116\/#primaryimage","url":"https:\/\/old.holyland-olivewood.com\/wp-content\/uploads\/2018\/08\/bethlehem_olive_wood_pen_box_olive_wood_pen_holde_PE116_1.jpg","contentUrl":"https:\/\/old.holyland-olivewood.com\/wp-content\/uploads\/2018\/08\/bethlehem_olive_wood_pen_box_olive_wood_pen_holde_PE116_1.jpg","width":1550,"height":1200},{"@type":"BreadcrumbList","@id":"https:\/\/old.holyland-olivewood.com\/fi\/tuote\/kasintehty-betlehem-oliivi-puu-kyna-laatikko-pe116\/#breadcrumb","itemListElement":[{"@type":"ListItem","position":1,"name":"Home","item":"https:\/\/old.holyland-olivewood.com\/fi\/"},{"@type":"ListItem","position":2,"name":"Shop","item":"https:\/\/old.holyland-olivewood.com\/fi\/shop\/"},{"@type":"ListItem","position":3,"name":"K\u00e4sintehty Betlehem Olive Wood Pen Box #PE116"}]},{"@type":"WebSite","@id":"https:\/\/old.holyland-olivewood.com\/fi\/#website","url":"https:\/\/old.holyland-olivewood.com\/fi\/","name":"Holy Land Olive Wood - Bethlehem Olive Wood Factory","description":"Holy Land Olivewood Bethlehem","publisher":{"@id":"https:\/\/old.holyland-olivewood.com\/fi\/#organization"},"potentialAction":[{"@type":"SearchAction","target":{"@type":"EntryPoint","urlTemplate":"https:\/\/old.holyland-olivewood.com\/fi\/?s={search_term_string}"},"query-input":{"@type":"PropertyValueSpecification","valueRequired":true,"valueName":"search_term_string"}}],"inLanguage":"fi"},{"@type":"Organization","@id":"https:\/\/old.holyland-olivewood.com\/fi\/#organization","name":"Holy Land Olivewood","url":"https:\/\/old.holyland-olivewood.com\/fi\/","logo":{"@type":"ImageObject","inLanguage":"fi","@id":"https:\/\/old.holyland-olivewood.com\/fi\/#\/schema\/logo\/image\/","url":"","contentUrl":"","caption":"Holy Land Olivewood"},"image":{"@id":"https:\/\/old.holyland-olivewood.com\/fi\/#\/schema\/logo\/image\/"},"sameAs":["https:\/\/www.facebook.com\/holylandolivewood.bethlehem\/","http:\/\/instagram.com\/holy.land.olive.wood"]}]}},"_links":{"self":[{"href":"https:\/\/old.holyland-olivewood.com\/fi\/wp-json\/wp\/v2\/product\/42595","targetHints":{"allow":["GET"]}}],"collection":[{"href":"https:\/\/old.holyland-olivewood.com\/fi\/wp-json\/wp\/v2\/product"}],"about":[{"href":"https:\/\/old.holyland-olivewood.com\/fi\/wp-json\/wp\/v2\/types\/product"}],"wp:featuredmedia":[{"embeddable":true,"href":"https:\/\/old.holyland-olivewood.com\/fi\/wp-json\/wp\/v2\/media\/34556"}],"wp:attachment":[{"href":"https:\/\/old.holyland-olivewood.com\/fi\/wp-json\/wp\/v2\/media?parent=42595"}],"wp:term":[{"taxonomy":"product_brand","embeddable":true,"href":"https:\/\/old.holyland-olivewood.com\/fi\/wp-json\/wp\/v2\/product_brand?post=42595"},{"taxonomy":"product_cat","embeddable":true,"href":"https:\/\/old.holyland-olivewood.com\/fi\/wp-json\/wp\/v2\/product_cat?post=42595"},{"taxonomy":"product_tag","embeddable":true,"href":"https:\/\/old.holyland-olivewood.com\/fi\/wp-json\/wp\/v2\/product_tag?post=42595"}],"curies":[{"name":"wp","href":"https:\/\/api.w.org\/{rel}","templated":true}]}}